{"id":19187,"date":"2025-04-07T06:17:11","date_gmt":"2025-04-07T06:17:11","guid":{"rendered":"https:\/\/www.hydraulic-cylinders.net\/product\/boom-cylinder-for-xcmg-middle-excavator-xe200c\/"},"modified":"2025-04-07T06:17:13","modified_gmt":"2025-04-07T06:17:13","slug":"boom-cylinder-for-xcmg-middle-excavator-xe200c","status":"publish","type":"product","link":"https:\/\/www.hydraulic-cylinders.net\/nb\/produkt\/boom-cylinder-for-xcmg-middle-excavator-xe200c\/","title":{"rendered":"Bomcylinder for XCMG mellomgraver XE200C"},"content":{"rendered":"<h1>Bomcylinder for XCMG mellomgraver XE200C<\/h1>\n<h2>Produktoversikt<\/h2>\n<p>Bom-sylinderen for XCMG mellomstor gravemaskin XE200C er en spesialisert hydraulisk sylinder designet for \u00e5 kontrollere bevegelsen til gravemaskinens bom. Denne viktige komponenten muliggj\u00f8r l\u00f8fting, senking og tilting av bommen, noe som letter effektive materialh\u00e5ndteringsoppgaver i ulike bygge- og graveprosjekter.<\/p>\n<p><img decoding=\"async\" src=\"https:\/\/www.hydraulic-cylinders.net\/wp-content\/uploads\/2025\/04\/songte-company-1.webp\" alt=\"Bilde av bomsylinder\"><\/p>\n<h3>Definisjon og funksjonalitet<\/h3>\n<p>En skuffesylinder er en type hydraulisk sylinder som er spesielt utviklet for \u00e5 kontrollere bevegelsen til skuffer i tunge maskiner som gravemaskiner, traktorgravere og frontlastere. Den spiller en avgj\u00f8rende rolle i hydrauliske systemer ved \u00e5 omdanne hydraulisk energi til mekanisk kraft, slik at skuffen kan l\u00f8ftes, senkes og vippes. Denne funksjonaliteten er viktig for effektiv materialh\u00e5ndtering, slik at operat\u00f8rer kan utf\u00f8re ulike oppgaver med presisjon og letthet.<\/p>\n<h2>Viktige funksjoner<\/h2>\n<ul>\n<li><strong>H\u00f8y styrke og holdbarhet:<\/strong> Disse sylindrene er laget av h\u00f8yfast st\u00e5l eller aluminium, og t\u00e5ler h\u00f8yt trykk og tunge belastninger, noe som gj\u00f8r dem egnet for t\u00f8ffe arbeidsmilj\u00f8er. Designet har slitestyrke og korrosjonsmotstand for \u00e5 forlenge levetiden.<\/li>\n<li><strong>Effektiv hydraulisk drift:<\/strong> Ved \u00e5 utnytte trykket fra hydraulikkoljen gir sylinderen jevn og responsiv forlengelse og tilbaketrekking, og leverer kraftige skyve- og trekkekrefter som er ideelle for h\u00e5ndtering av tunge og komplekse oppgaver.<\/li>\n<li><strong>Ulike typer:<\/strong> Alternativene inkluderer enkeltvirkende (ved bruk av hydraulisk trykk i \u00e9n retning) og dobbeltvirkende (ved bruk av hydraulisk trykk i begge retninger) sylindere for \u00e5 m\u00f8te ulike driftsbehov. Noen modeller er teleskopiske, noe som gir st\u00f8rre forlengelse uten \u00e5 \u00f8ke de ytre m\u00e5lene, perfekt for bruksomr\u00e5der med begrenset plass.<\/li>\n<\/ul>\n<h3>Produksjonskapasitet<\/h3>\n<p>Vi er i stand til \u00e5 produsere dette produktet, og tilbudene v\u00e5re kan erstatte disse hydrauliske sylindrene perfekt.<\/p>\n<p><img decoding=\"async\" src=\"https:\/\/www.hydraulic-cylinders.net\/wp-content\/uploads\/2025\/04\/songte-cylinder-head-with-all-kinds-excavator-models.webp\" alt=\"Gravemaskin sylindermodeller\"><\/p>\n<h2>Bruksomr\u00e5der<\/h2>\n<h3>Anleggsutstyr<\/h3>\n<p>I gravemaskiner er bomsylindere avgj\u00f8rende for graving, lasting og flytting av jord eller rusk. De gj\u00f8r det mulig for f\u00f8reren \u00e5 kontrollere skuffens posisjon, noe som muliggj\u00f8r effektiv graving og materialh\u00e5ndtering. I gravemaskin hjelper skuffesylinderen ikke bare med graving, men ogs\u00e5 med l\u00f8fteoppgaver, noe som forbedrer den generelle produktiviteten.<\/p>\n<h3>Landbruksmaskiner<\/h3>\n<p>Skuffesylindere, som brukes i frontlastere, er viktige for \u00e5 ut\u00f8pe, l\u00f8fte og transportere jord, h\u00f8y og andre materialer. Designet deres gir enkel man\u00f8vrering og kontroll, noe som forbedrer effektiviteten i landbruksdriften betydelig.<\/p>\n<h3>Gravemaskiner<\/h3>\n<p>Skuffesylinderen gj\u00f8r at skuffen kan trenge ned i jorden for effektiv graving. Funksjonaliteten er viktig i ulike graveoppgaver, slik at operat\u00f8rer effektivt kan h\u00e5ndtere ulike materialer gjennom hele graveprosessen.<\/p>\n<h3>Lastere<\/h3>\n<p>I frontlastere forenkler bomsylindrene effektiv l\u00f8fting og lossing av last. Deres p\u00e5litelige ytelse sikrer at materialer kan transporteres og deponeres uten forsinkelser, noe som bidrar til problemfri drift av anleggs- og landskapsarbeid.<\/p>\n<h2>Designhensyn<\/h2>\n<ul>\n<li><strong>Lastekapasitet:<\/strong> Designet m\u00e5 ta hensyn til sylinderens lastekapasitet for \u00e5 sikre sikker og effektiv drift. Dette inneb\u00e6rer \u00e5 velge materialer og dimensjoner som er i stand til \u00e5 h\u00e5ndtere de forventede belastningene uten feil.<\/li>\n<li><strong>Tetting:<\/strong> Effektiv tetting er avgj\u00f8rende for \u00e5 forhindre lekkasje av hydraulisk v\u00e6ske, noe som kan g\u00e5 ut over ytelse og sikkerhet. H\u00f8ykvalitets tetninger laget av slitesterke materialer er avgj\u00f8rende for \u00e5 opprettholde systemets integritet.<\/li>\n<li><strong>Varighet:<\/strong> Sylinderens konstruksjon m\u00e5 t\u00e5le slitasje fra regelmessig bruk i krevende milj\u00f8er. Dette inkluderer bruk av materialer som motst\u00e5r korrosjon og slitasje.<\/li>\n<li><strong>Sikkerhet:<\/strong> Sikkerhetsfunksjoner, som trykkavlastningsventiler og robuste monteringspunkter, er n\u00f8dvendige for \u00e5 forhindre ulykker og skade p\u00e5 utstyr under drift.<\/li>\n<li><strong>Vedlikehold:<\/strong> Designet b\u00f8r tillate enkelt vedlikehold og reparasjon, slik at sylinderen kan vedlikeholdes uten omfattende demontering.<\/li>\n<\/ul>\n<p><img decoding=\"async\" src=\"https:\/\/www.hydraulic-cylinders.net\/wp-content\/uploads\/2025\/04\/songte-oil-pipes-and-spare-parts.webp\" alt=\"Oljer\u00f8r og reservedeler\"><\/p>\n<h2>Tetting og sm\u00f8ring<\/h2>\n<p>Effektiv tetting og sm\u00f8ring er avgj\u00f8rende for driften av hydrauliske sylindere. Ulike tetningskomponenter som stempeltetninger og stangtetninger brukes for \u00e5 forhindre v\u00e6skelekkasje. Tetninger laget av slitesterke materialer som polyuretan og nitrilgummi forbedrer holdbarheten. I tillegg gjennomg\u00e5r sylinderhuset og gjengede ender presis maskinering for \u00e5 forbedre slitestyrken. Regelmessig sm\u00f8ring med hydraulikkolje er n\u00f8dvendig for \u00e5 minimere friksjon og slitasje, noe som sikrer jevn drift.<\/p>\n<h2>Regelmessig inspeksjon og forebyggende vedlikehold<\/h2>\n<ul>\n<li><strong>Regelmessige kontroller:<\/strong> Regelmessige inspeksjoner for tegn p\u00e5 slitasje, lekkasje eller skade bidrar til \u00e5 identifisere problemer tidlig og forhindre mer alvorlige problemer.<\/li>\n<li><strong>Riktig sm\u00f8ring:<\/strong> \u00c5 s\u00f8rge for tilstrekkelig sm\u00f8ring av bevegelige deler reduserer friksjon og forlenger sylinderens levetid.<\/li>\n<li><strong>Utskifting av tetning:<\/strong> Regelmessig utskifting av pakninger forhindrer v\u00e6skelekkasje og opprettholder systemtrykket, noe som er viktig for optimal drift.<\/li>\n<\/ul>\n<h2>Installasjonsretningslinjer<\/h2>\n<p>Riktig montering av bomsylinderen er avgj\u00f8rende for dens ytelse. Begynn med \u00e5 s\u00f8rge for at sylinderen er riktig justert med monteringspunktene for \u00e5 unng\u00e5 un\u00f8dig belastning. Bruk passende monteringsbraketter for \u00e5 feste sylinderen p\u00e5 plass. S\u00f8rg for \u00e5 stramme alle bolter i henhold til produsentens spesifikasjoner. Etter montering, test sylinderen for riktig drift og juster etter behov. Regelmessige kontroller etter montering er viktige for \u00e5 sikre at alt forblir sikkert og fungerer som det skal.<\/p>\n<p><img decoding=\"async\" src=\"https:\/\/www.hydraulic-cylinders.net\/wp-content\/uploads\/2025\/04\/songte-chushion-collar.webp\" alt=\"Putekrage\"><\/p>\n<h2>Vedlikeholdsoppgaver<\/h2>\n<ul>\n<li><strong>Regelmessig inspeksjon:<\/strong> Rutinemessige inspeksjoner gj\u00f8r det mulig \u00e5 oppdage potensielle problemer tidlig, og sikre at sylinderen fungerer problemfritt.<\/li>\n<li><strong>Passende sm\u00f8ring:<\/strong> Tilstrekkelig sm\u00f8ring er viktig for \u00e5 redusere friksjon mellom bevegelige deler, noe som forlenger sylinderens levetid.<\/li>\n<li><strong>Utskifting av tetning:<\/strong> Rettidig utskifting av tetninger forhindrer lekkasjer og opprettholder hydraulisk trykk, noe som er avgj\u00f8rende for effektiv drift.<\/li>\n<\/ul>\n<h2>Sikkerhetshensyn og milj\u00f8faktorer<\/h2>\n<p>Sikkerhetstiltak er avgj\u00f8rende ved bruk av hydrauliske sylindere. Riktig oppl\u00e6ring av operat\u00f8rer og overholdelse av sikkerhetsprotokoller kan forhindre ulykker. I tillegg m\u00e5 milj\u00f8faktorer tas i betraktning, da lekkasjer av hydraulisk v\u00e6ske kan ha skadelige effekter. Regelmessig vedlikehold og inspeksjoner bidrar til \u00e5 minimere disse risikoene og sikrer sikker og ansvarlig drift.<\/p>\n<h2>Feils\u00f8king av vanlige problemer<\/h2>\n<ul>\n<li><strong>Lekkasje:<\/strong> Hvis det lekker v\u00e6ske fra sylinderen, sjekk om pakningene er skadet og skift dem ut etter behov.<\/li>\n<li><strong>Utilstrekkelig str\u00f8m:<\/strong> Hvis sylinderen ikke fungerer med full styrke, sjekk for lave hydraulikkv\u00e6skeniv\u00e5er eller luft i systemet, og utbedre disse problemene deretter.<\/li>\n<li><strong>St\u00f8yende drift:<\/strong> Uvanlige lyder kan tyde p\u00e5 slitasje eller skade; kontroller sylinderen for n\u00f8dvendige reparasjoner eller utskiftinger.<\/li>\n<\/ul>\n<h2>Forebyggende tiltak<\/h2>\n<p>For \u00e5 minimere potensielle problemer er regelmessig vedlikehold og rettidige reparasjoner avgj\u00f8rende. \u00c5 holde hydraulikkv\u00e6sken p\u00e5 tilstrekkelige niv\u00e5er og s\u00f8rge for at alle komponenter er i god stand kan bidra til \u00e5 forhindre problemer f\u00f8r de eskalerer. Riktig oppl\u00e6ring for operat\u00f8rer vil ogs\u00e5 bidra til ansvarlig bruk av maskiner, noe som ytterligere reduserer potensialet for ulykker eller utstyrsfeil.<\/p>\n<p><img decoding=\"async\" src=\"https:\/\/www.hydraulic-cylinders.net\/wp-content\/uploads\/2025\/04\/songte-bushings-with-all-kinds-of-excavator-models.webp\" alt=\"Foringer med gravemaskinmodeller\"><\/p>\n<h2>Om selskapet v\u00e5rt<\/h2>\n<p>Vi er en ledende produsent og grossistdistribut\u00f8r av hydrauliske sylindere for utskifting, anerkjent i b\u00e5de innenlandske og internasjonale markeder. V\u00e5r forpliktelse til kvalitet er forankret i v\u00e5re raffinerte produksjonsstrategier og toppmoderne produksjonsanlegg. Ved kontinuerlig \u00e5 forbedre v\u00e5re produksjonsplattformer gjennom dyktig personell, avansert digitalt produksjonsutstyr og profesjonelle testsystemer, sikrer vi den h\u00f8yeste produktkvaliteten. V\u00e5re evner lar oss m\u00f8te ulike kundebehov med h\u00f8y effektivitet, presisjon og kvalitet.<\/p>\n<p><img decoding=\"async\" src=\"https:\/\/www.hydraulic-cylinders.net\/wp-content\/uploads\/2025\/04\/songte-company-4.webp\" alt=\"Selskapsoversikt\"><br \/>\n<img decoding=\"async\" src=\"https:\/\/www.hydraulic-cylinders.net\/wp-content\/uploads\/2025\/04\/songte-company-3.webp\" alt=\"Selskapets anlegg\"><\/p>\n<p>Forfatter: lyl<\/p>","protected":false},"excerpt":{"rendered":"<p>Boom Cylinder For XCMG Middle Excavator XE200C Product Overview The Boom Cylinder for XCMG Middle Excavator XE200C is a specialized hydraulic cylinder designed for controlling the movement of the excavator&#8217;s boom. This essential component allows for the lifting, lowering, and tilting of the boom, facilitating efficient material handling tasks in various construction and excavation projects. [&hellip;]<\/p>","protected":false},"featured_media":17873,"comment_status":"open","ping_status":"closed","template":"","meta":{"_et_pb_use_builder":"","_et_pb_old_content":"","_et_gb_content_width":""},"product_brand":[],"product_cat":[1546],"product_tag":[1547,1496],"class_list":{"0":"post-19187","1":"product","2":"type-product","3":"status-publish","4":"has-post-thumbnail","6":"product_cat-boom-cylinders","7":"product_tag-boom-cylinders","8":"product_tag-hydraulic-cylinders","10":"first","11":"instock","12":"shipping-taxable","13":"product-type-simple"},"amp_enabled":true,"_links":{"self":[{"href":"https:\/\/www.hydraulic-cylinders.net\/nb\/wp-json\/wp\/v2\/product\/19187","targetHints":{"allow":["GET"]}}],"collection":[{"href":"https:\/\/www.hydraulic-cylinders.net\/nb\/wp-json\/wp\/v2\/product"}],"about":[{"href":"https:\/\/www.hydraulic-cylinders.net\/nb\/wp-json\/wp\/v2\/types\/product"}],"replies":[{"embeddable":true,"href":"https:\/\/www.hydraulic-cylinders.net\/nb\/wp-json\/wp\/v2\/comments?post=19187"}],"wp:featuredmedia":[{"embeddable":true,"href":"https:\/\/www.hydraulic-cylinders.net\/nb\/wp-json\/wp\/v2\/media\/17873"}],"wp:attachment":[{"href":"https:\/\/www.hydraulic-cylinders.net\/nb\/wp-json\/wp\/v2\/media?parent=19187"}],"wp:term":[{"taxonomy":"product_brand","embeddable":true,"href":"https:\/\/www.hydraulic-cylinders.net\/nb\/wp-json\/wp\/v2\/product_brand?post=19187"},{"taxonomy":"product_cat","embeddable":true,"href":"https:\/\/www.hydraulic-cylinders.net\/nb\/wp-json\/wp\/v2\/product_cat?post=19187"},{"taxonomy":"product_tag","embeddable":true,"href":"https:\/\/www.hydraulic-cylinders.net\/nb\/wp-json\/wp\/v2\/product_tag?post=19187"}],"curies":[{"name":"wp","href":"https:\/\/api.w.org\/{rel}","templated":true}]}}