{"id":1919,"date":"2023-10-20T02:18:26","date_gmt":"2023-10-20T02:18:26","guid":{"rendered":"https:\/\/hydraulic-cylinders.net\/?post_type=product&#038;p=1919"},"modified":"2023-10-20T02:30:27","modified_gmt":"2023-10-20T02:30:27","slug":"hp5v-series-axial-piston-variable-displacement-hydraulic-pump","status":"publish","type":"product","link":"https:\/\/www.hydraulic-cylinders.net\/nb\/produkt\/hp5v-series-axial-piston-variable-displacement-hydraulic-pump\/","title":{"rendered":"HP5V-serien aksialstempel hydraulisk pumpe med variabel forskyvning"},"content":{"rendered":"<h1 style=\"text-align: center;\"><strong>HP5V-serien aksialstempel hydraulisk pumpe med variabel forskyvning<\/strong><\/h1>\n<p><img loading=\"lazy\" decoding=\"async\" class=\"aligncenter wp-image-1927\" src=\"https:\/\/hydraulic-cylinders.net\/wp-content\/uploads\/2023\/10\/hp5v-series-axial-piston-variable-displacement-hydraulic-pump-1-300x300.webp\" alt=\"\" width=\"400\" height=\"400\" \/><\/p>\n<p>HP5V-seriens aksialstempel-hydrauliske pumpe med variabelt fortrengning er en banebrytende hydraulisk komponent som tilbyr uovertruffen effektivitet og ytelse i ulike industrielle applikasjoner. Denne pumpen er designet med presisjonsteknikk og avansert teknologi, og leverer p\u00e5litelig og presis hydraulisk kraft, noe som gj\u00f8r den til et viktig valg for krevende hydrauliske systemer. Denne omfattende artikkelen vil fordype seg i de viktigste egenskapene, bruksmetodene og vedlikeholdsretningslinjene for HP5V-seriens aksialstempel-hydrauliske pumpe med variabelt fortrengning.<\/p>\n<p>HP5V-seriens aksialstempelhydraulikkpumpe med variabelt fortrengning er en h\u00f8ytytende og effektiv l\u00f8sning for hydrauliske systemer. Med sin variable fortrengningsteknologi, kompakte design og stilleg\u00e5ende drift leverer denne pumpen p\u00e5litelig og presis hydraulisk kraft. Ved \u00e5 f\u00f8lge de anbefalte bruksmetodene og regelmessige vedlikeholdspraksiser, vil HP5V-seriens pumper fortsette \u00e5 gi eksepsjonell ytelse, noe som bidrar til suksessen til et bredt spekter av industrielle applikasjoner. Omfavn effektiviteten og ytelsen til hp5v-seriens aksialstempelhydraulikkpumpe med variabelt fortrengning og frigj\u00f8r det fulle potensialet til ditt hydrauliske system.<\/p>\n<p>HP5V-serien aksialstempelpumpe med variabelt slagvolum Viktige egenskaper:<\/p>\n<ul>\n<li>Variabel fortrengningsteknologi: HP5V-seriens pumper har variabel fortrengningsteknologi, som gj\u00f8r at de kan justere utgangsvolumet basert p\u00e5 systemkrav. Denne funksjonen maksimerer energieffektiviteten, reduserer varmeutviklingen og optimaliserer den generelle systemytelsen.<\/li>\n<li>H\u00f8y effektivitet og ytelse: HP5V-serien av pumper leverer eksepsjonell effektivitet og ytelse med sin avanserte aksiale stempeldesign. Den gir presis og p\u00e5litelig hydraulisk kraft, noe som sikrer jevn drift og enkel h\u00e5ndtering av h\u00f8ytrykksapplikasjoner.<\/li>\n<li>Kompakt og plassbesparende design: Pumpens kompakte design optimaliserer plassutnyttelsen i hydrauliske systemer. Den lille st\u00f8rrelsen muliggj\u00f8r enkel integrering, selv p\u00e5 trange steder, samtidig som den opprettholder utmerket ytelse og funksjonalitet.<\/li>\n<li>Stille drift: HP5V-seriens pumper er konstruert med st\u00f8yreduserende funksjoner, noe som sikrer stille drift i ulike industrielle milj\u00f8er. Denne egenskapen er verdifull i applikasjoner som krever lave st\u00f8yniv\u00e5er, og fremmer et komfortabelt og produktivt arbeidsmilj\u00f8.<\/li>\n<\/ul>\n<h2><strong>HP5V-serien aksialstempel variabel forskyvning hydraulisk pumpe Parameter:<\/strong><\/h2>\n<table class=\"table table-bordered table-hover table-colored\" data-sort=\"sortDisabled\">\n<tbody>\n<tr class=\"firstRow\">\n<td colspan=\"2\" align=\"left\" valign=\"middle\">St\u00f8rrelse<\/td>\n<td align=\"center\" valign=\"middle\">HP5VS28<\/td>\n<td align=\"center\" valign=\"middle\">HP5V28<\/td>\n<td align=\"center\" valign=\"middle\">HP5V45<\/td>\n<td align=\"center\" valign=\"middle\">HP5V60<\/td>\n<td align=\"center\" valign=\"middle\">HP5V76<\/td>\n<td align=\"center\" valign=\"middle\">HP5V85<\/td>\n<td align=\"center\" valign=\"middle\">HP5V105<\/td>\n<\/tr>\n<tr>\n<td colspan=\"2\" align=\"left\" valign=\"middle\">Slagvolum (cc\/omdreining)<\/td>\n<td align=\"center\" valign=\"middle\">28<\/td>\n<td align=\"center\" valign=\"middle\">28<\/td>\n<td align=\"center\" valign=\"middle\">45<\/td>\n<td align=\"center\" valign=\"middle\">60<\/td>\n<td align=\"center\" valign=\"middle\">76<\/td>\n<td align=\"center\" valign=\"middle\">85<\/td>\n<td align=\"center\" valign=\"middle\">104.3<\/td>\n<\/tr>\n<tr>\n<td rowspan=\"2\" align=\"left\" valign=\"middle\">Trykk<\/td>\n<td align=\"center\" valign=\"middle\">Nominelt trykk (bar)<\/td>\n<td align=\"center\" valign=\"middle\">250<\/td>\n<td align=\"center\" valign=\"middle\">320<\/td>\n<td align=\"center\" valign=\"middle\">320<\/td>\n<td align=\"center\" valign=\"middle\">250<\/td>\n<td align=\"center\" valign=\"middle\">320<\/td>\n<td align=\"center\" valign=\"middle\">280<\/td>\n<td align=\"center\" valign=\"middle\">350<\/td>\n<\/tr>\n<tr>\n<td align=\"left\" valign=\"middle\">Topptrykk (bar)<\/td>\n<td align=\"center\" valign=\"middle\">315<\/td>\n<td align=\"center\" valign=\"middle\">350<\/td>\n<td align=\"center\" valign=\"middle\">350<\/td>\n<td align=\"center\" valign=\"middle\">280<\/td>\n<td align=\"center\" valign=\"middle\">350<\/td>\n<td align=\"center\" valign=\"middle\">320<\/td>\n<td align=\"center\" valign=\"middle\">400<\/td>\n<\/tr>\n<tr>\n<td rowspan=\"2\" align=\"left\" valign=\"middle\">Rotasjonshastighet o\/min<\/td>\n<td align=\"center\" valign=\"middle\">Maks for selvsugende\u00a0<sup>*1<\/sup>\u00a0(bar)<\/td>\n<td align=\"center\" valign=\"middle\">3000<\/td>\n<td align=\"center\" valign=\"middle\">3000<\/td>\n<td align=\"center\" valign=\"middle\">2700<\/td>\n<td align=\"center\" valign=\"middle\">2400<\/td>\n<td align=\"center\" valign=\"middle\">2400<\/td>\n<td align=\"center\" valign=\"middle\">2400<\/td>\n<td align=\"center\" valign=\"middle\">2200<\/td>\n<\/tr>\n<tr>\n<td align=\"center\" valign=\"middle\">Maks<sup>*2\u00a0<\/sup>\u00a0(bar)<\/td>\n<td align=\"center\" valign=\"middle\">3600<\/td>\n<td align=\"center\" valign=\"middle\">3600<\/td>\n<td align=\"center\" valign=\"middle\">3250<\/td>\n<td align=\"center\" valign=\"middle\">3000<\/td>\n<td align=\"center\" valign=\"middle\">3000<\/td>\n<td align=\"center\" valign=\"middle\">3000<\/td>\n<td align=\"center\" valign=\"middle\">2600<\/td>\n<\/tr>\n<tr>\n<td colspan=\"2\" align=\"left\" valign=\"middle\">Vekt (kg)<\/td>\n<td align=\"center\" valign=\"middle\">17.2<\/td>\n<td align=\"center\" valign=\"middle\">20<\/td>\n<td align=\"center\" valign=\"middle\">24<\/td>\n<td align=\"center\" valign=\"middle\">24<\/td>\n<td align=\"center\" valign=\"middle\">28<\/td>\n<td align=\"center\" valign=\"middle\">28<\/td>\n<td align=\"center\" valign=\"middle\">45<\/td>\n<\/tr>\n<tr>\n<td colspan=\"2\" align=\"left\" valign=\"middle\">Mengde olje som skal fylles i pumpehuset (L)<\/td>\n<td align=\"center\" valign=\"middle\">0.55<\/td>\n<td align=\"center\" valign=\"middle\">0.6<\/td>\n<td align=\"center\" valign=\"middle\">0.6<\/td>\n<td align=\"center\" valign=\"middle\">0.6<\/td>\n<td align=\"center\" valign=\"middle\">0.8<\/td>\n<td align=\"center\" valign=\"middle\">0.8<\/td>\n<td align=\"center\" valign=\"middle\">1<\/td>\n<\/tr>\n<tr>\n<td colspan=\"2\" align=\"left\" valign=\"middle\">Temperaturomr\u00e5de (\u2103)<\/td>\n<td colspan=\"7\" align=\"center\" valign=\"middle\">-20~95<\/td>\n<\/tr>\n<tr>\n<td colspan=\"2\" rowspan=\"1\" align=\"left\" valign=\"middle\">Temperaturomr\u00e5de (mm<sup>2<\/sup>\/s)<\/td>\n<td colspan=\"7\" align=\"center\" valign=\"middle\">10-1000<sup>*3<\/sup>(Den beste bruken av viskositetsomr\u00e5det 16~36 mm<sup>2<\/sup>\/s)<\/td>\n<\/tr>\n<\/tbody>\n<\/table>\n<h2><strong>Fordeler med HP5V-serien aksialstempel-hydraulisk variabel forskyvningspumpe:<\/strong><\/h2>\n<p>\u2022 Variabel pumpe i svingplateutf\u00f8relse for \u00e5pen krets.<br \/>\n\u2022 Sammenlignet med produkter p\u00e5 det eksisterende markedet, brukes forsterkede drivaksler og h\u00f8yfast sylindermateriale, noe som f\u00f8rer til ytelse ved kontinuerlig trykk p\u00e5 mer enn 320 bar.<br \/>\n\u2022 Kraftige lagre som sylindriske ruller er brukt for \u00e5 forbedre lastekapasiteten og lang levetid.<br \/>\n\u2022 H\u00f8yt effekt-til-vekt-forhold.<br \/>\n\u2022 Tilgjengelig med amerikanske (SAE) og japanske (JIS) monteringsflenser og aksler.<br \/>\n\u2022 Utmerket p\u00e5litelighet og lang levetid.<br \/>\n\u2022 Ulike kontrollalternativer.<br \/>\n\u2022 Valgfritt gjennomg\u00e5ende drivverk.<br \/>\n\u2022 Rask kontrollrespons.<br \/>\n\u2022 Lavtrykkspulsering og lav st\u00f8y.<br \/>\n\u2022 Utviklet for ingeni\u00f8rarbeid, mobile kj\u00f8ret\u00f8y, industri, andre industrielle applikasjoner og landbruksmaskiner.<\/p>\n<h2><strong>HP5V-serien aksialstempel hydraulisk pumpe med variabel forskyvning <\/strong><strong>S\u00f8knad:<\/strong><\/h2>\n<p><img loading=\"lazy\" decoding=\"async\" class=\"alignnone wp-image-1930 size-full\" src=\"https:\/\/hydraulic-cylinders.net\/wp-content\/uploads\/2023\/10\/hp5v-series-axial-piston-variable-displacement-hydraulic-pump-2.webp\" alt=\"\" width=\"1147\" height=\"586\" srcset=\"https:\/\/hydraulic-cylinders.net\/wp-content\/uploads\/2023\/10\/hp5v-series-axial-piston-variable-displacement-hydraulic-pump-2.webp 1147w, https:\/\/hydraulic-cylinders.net\/wp-content\/uploads\/2023\/10\/hp5v-series-axial-piston-variable-displacement-hydraulic-pump-2-980x501.webp 980w, https:\/\/hydraulic-cylinders.net\/wp-content\/uploads\/2023\/10\/hp5v-series-axial-piston-variable-displacement-hydraulic-pump-2-480x245.webp 480w\" sizes=\"(min-width: 0px) and (max-width: 480px) 480px, (min-width: 481px) and (max-width: 980px) 980px, (min-width: 981px) 1147px, 100vw\" \/><\/p>\n<h2><strong>Bruksmetode for <\/strong><strong>HP5V-serien aksialstempel hydraulisk pumpe med variabel forskyvning<\/strong><strong>:<\/strong><\/h2>\n<ul>\n<li><strong>Pumpeinstallasjon:<\/strong>\u00a0 Installer HP5V-seriens aksialstempelhydraulikkpumpe med variabelt fortrengning p\u00e5 det angitte stedet i det hydrauliske systemet. Se produsentens retningslinjer og spesifikasjoner for riktig justering og sikkert feste til systemets struktur ved hjelp av passende monteringsbraketter eller tilbeh\u00f8r.<\/li>\n<li><strong>Integrering av hydraulisk system:<\/strong> Koble pumpen til det hydrauliske systemet med kompatible slanger, koblinger og ventiler. S\u00f8rg for at alle koblinger er sikre, lekkasjefrie og riktig strammet for \u00e5 garantere optimal hydraulisk ytelse.<\/li>\n<li><strong>V\u00e6skekompatibilitet:<\/strong> Kontroller at hydraulikkv\u00e6sken som brukes i systemet er kompatibel med HP5V-serien av pumper. Se produsentens anbefalinger for riktig v\u00e6sketype, viskositet og temperaturomr\u00e5de. Overv\u00e5k og vedlikehold hydraulikkv\u00e6sken regelmessig for \u00e5 sikre riktig drift og levetid for pumpen.<\/li>\n<li><strong>Driftsparametere:<\/strong> Gj\u00f8r deg kjent med pumpens kontrollalternativer og juster driftsparametrene i henhold til de spesifikke kravene til det hydrauliske systemet. Overv\u00e5k og juster pumpens fortrengningsinnstillinger for \u00e5 optimalisere ytelse og energieffektivitet.<\/li>\n<\/ul>\n<h2><strong>Hvordan bytte tetning p\u00e5 hydraulisk sylinder?<\/strong><\/h2>\n<p>\u00c5 bytte en tetning p\u00e5 en hydraulisk sylinder krever n\u00f8ye oppmerksomhet p\u00e5 detaljer og \u00e5 f\u00f8lge riktige prosedyrer. Her er en trinnvis veiledning som hjelper deg gjennom prosessen:<\/p>\n<ol>\n<li><strong>Forberedelse og sikkerhet:<\/strong>\n<ul>\n<li>S\u00f8rg for at den hydrauliske sylinderen er trykkavlastet og frakoblet systemet.<\/li>\n<li>Rengj\u00f8r utsiden av sylinderen for \u00e5 forhindre at smuss eller rusk kommer inn under prosessen.<\/li>\n<li>Plasser sylinderen p\u00e5 en stabil arbeidsflate og fest den med klemmer eller en skrustikke.<\/li>\n<\/ul>\n<\/li>\n<li><strong>Identifiser seglet:<\/strong>\n<ul>\n<li>Bestem hvilken type tetning som m\u00e5 skiftes ut (f.eks. stangtetning, stempeltetning, vindusviskertetning).<\/li>\n<li>Se sylinderens tekniske dokumentasjon eller kontakt produsenten for \u00e5 f\u00e5 de riktige tetningsspesifikasjonene.<\/li>\n<\/ul>\n<\/li>\n<li><strong>Demontering:<\/strong>\n<ul>\n<li>Fjern eventuelle festekomponenter som bolter, l\u00e5seringer eller l\u00e5seringer som fester sylinderhodet eller hetten.<\/li>\n<li>Fjern forsiktig sylinderhodet eller hetten, slik at stempelet, stangen og den gamle tetningen blir tilgjengelig.<\/li>\n<\/ul>\n<\/li>\n<li><strong>Fjern den gamle forseglingen:<\/strong>\n<ul>\n<li>Bruk et passende verkt\u00f8y som en tetningsplugg, krok eller liten skrutrekker til \u00e5 lirke ut den gamle tetningen forsiktig.<\/li>\n<li>Pass p\u00e5 at du ikke skader sylinderoverflatene under denne prosessen.<\/li>\n<li>Inspiser sylinderboringen og sylinderstangen for tegn p\u00e5 skade eller slitasje. Vurder en profesjonell inspeksjon eller \u00e5 bytte ut hele sylinderen hvis det er betydelig skade.<\/li>\n<\/ul>\n<\/li>\n<li><strong>Rengj\u00f8r og sm\u00f8r:<\/strong>\n<ul>\n<li>Rengj\u00f8r sylinderboringen, stangen og omkringliggende komponenter grundig med en lofri klut eller et egnet l\u00f8semiddel.<\/li>\n<li>P\u00e5f\u00f8r et tynt lag med hydraulisk olje eller tetningssm\u00f8remiddel p\u00e5 den nye tetningen for \u00e5 gj\u00f8re installasjonen enklere og sikre riktig tetting.<\/li>\n<\/ul>\n<\/li>\n<li><strong>Installer den nye tetningen:<\/strong>\n<ul>\n<li>Plasser den nye tetningen forsiktig i sporet, og s\u00f8rg for at den er riktig orientert.<\/li>\n<li>Bruk et tetningsinstallasjonsverkt\u00f8y eller en myk klubbe til \u00e5 forsiktig trykke tetningen p\u00e5 plass, og legg jevnt trykk rundt omkretsen.<\/li>\n<li>S\u00f8rg for at tetningen sitter ordentlig p\u00e5 plass og er helt innf\u00f8rt i sporet.<\/li>\n<\/ul>\n<\/li>\n<li><strong>Montering:<\/strong>\n<ul>\n<li>Monter eventuelle gjenv\u00e6rende komponenter som ble fjernet under demonteringen, for eksempel bolter, l\u00e5seringer eller festeringer.<\/li>\n<li>F\u00f8lg produsentens spesifikasjoner for momentverdier og tiltrekkingsrekkef\u00f8lge for \u00e5 sikre riktig tetting og justering.<\/li>\n<\/ul>\n<\/li>\n<li><strong>Testing og inspeksjon:<\/strong>\n<ul>\n<li>Koble den hydrauliske sylinderen til systemet igjen og s\u00f8rg for at alle tilkoblinger er sikre.<\/li>\n<li>Gjenopprett systemtrykket gradvis og sjekk for lekkasjer eller unormal oppf\u00f8rsel.<\/li>\n<li>Kj\u00f8r den hydrauliske sylinderen gjennom hele bevegelsesomr\u00e5det for \u00e5 kontrollere at tetningen fungerer som den skal.<\/li>\n<\/ul>\n<\/li>\n<\/ol>\n<h2><strong>Fabrikkens kapasitet og kapasitet:<\/strong><\/h2>\n<h3>(1) Montering<\/h3>\n<p>Vi har en f\u00f8rsteklasses uavhengig forsknings- og utviklingsplattform for montering. Verkstedet for produksjon av hydrauliske sylindere har fire halvautomatiske monteringslinjer for l\u00f8ftesylindere og \u00e9n automatisk monteringslinje for vippesylindere, med en \u00e5rlig produksjonskapasitet p\u00e5 1 million enheter. Spesialsylinderverkstedet er utstyrt med ulike spesifikasjoner for et halvautomatisk rengj\u00f8ringsmonteringssystem med en \u00e5rlig produksjonskapasitet p\u00e5 200 000 enheter, og er utstyrt med kjent CNC-maskineringsutstyr, et maskineringssenter, spesialutstyr for h\u00f8ypresisjons sylinderbehandling, en robotsveisemaskin, en automatisk rengj\u00f8ringsmaskin, en automatisk sylindermonteringsmaskin og en automatisk produksjonslinje for lakkering. Vi har mer enn 300 sett (sett) av kritisk utstyr. Optimal allokering og effektiv bruk av utstyrsressurser sikrer n\u00f8yaktighetskravene til produktene og oppfyller produktenes h\u00f8ye kvalitetsbehov.<\/p>\n<p><img loading=\"lazy\" decoding=\"async\" class=\"alignnone wp-image-626\" src=\"https:\/\/hydraulic-cylinders.net\/wp-content\/uploads\/2023\/08\/hydraulic-cylinder-product-1-300x158.webp\" alt=\"\" width=\"495\" height=\"260\" srcset=\"https:\/\/hydraulic-cylinders.net\/wp-content\/uploads\/2023\/08\/hydraulic-cylinder-product-1-300x158.webp 495w, https:\/\/hydraulic-cylinders.net\/wp-content\/uploads\/2023\/08\/hydraulic-cylinder-product-1-480x252.webp 480w\" sizes=\"(min-width: 0px) and (max-width: 480px) 480px, (min-width: 481px) 495px, 100vw\" \/> <img loading=\"lazy\" decoding=\"async\" class=\"alignnone wp-image-627\" src=\"https:\/\/hydraulic-cylinders.net\/wp-content\/uploads\/2023\/08\/hydraulic-cylinder-product-2-300x189.webp\" alt=\"\" width=\"413\" height=\"260\" \/><\/p>\n<h3>(2) Maskinering<\/h3>\n<p>Maskineringsverkstedet er utstyrt med et spesialtilpasset dreiesenter for skr\u00e5 skinner, maskineringssenter, h\u00f8yhastighets honemaskin, sveiserobot og annet relatert utstyr, som kan h\u00e5ndtere bearbeiding av sylinderr\u00f8r med en maksimal indre diameter p\u00e5 400 mm og en maksimal lengde p\u00e5 6 meter.<\/p>\n<p><img loading=\"lazy\" decoding=\"async\" class=\"alignnone wp-image-628 size-large\" src=\"https:\/\/hydraulic-cylinders.net\/wp-content\/uploads\/2023\/08\/hydraulic-cylinder-product-3-1024x391.webp\" alt=\"\" width=\"1024\" height=\"391\" srcset=\"https:\/\/hydraulic-cylinders.net\/wp-content\/uploads\/2023\/08\/hydraulic-cylinder-product-3-980x374.webp 980w, https:\/\/hydraulic-cylinders.net\/wp-content\/uploads\/2023\/08\/hydraulic-cylinder-product-3-480x183.webp 480w\" sizes=\"(min-width: 0px) and (max-width: 480px) 480px, (min-width: 481px) and (max-width: 980px) 980px, (min-width: 981px) 1024px, 100vw\" \/><\/p>\n<h3>(3) Sveising<\/h3>\n<p><img loading=\"lazy\" decoding=\"async\" class=\"alignnone wp-image-629 size-large\" src=\"https:\/\/hydraulic-cylinders.net\/wp-content\/uploads\/2023\/08\/hydraulic-cylinder-product-4-1024x510.webp\" alt=\"\" width=\"1024\" height=\"510\" srcset=\"https:\/\/hydraulic-cylinders.net\/wp-content\/uploads\/2023\/08\/hydraulic-cylinder-product-4-980x488.webp 980w, https:\/\/hydraulic-cylinders.net\/wp-content\/uploads\/2023\/08\/hydraulic-cylinder-product-4-480x239.webp 480w\" sizes=\"(min-width: 0px) and (max-width: 480px) 480px, (min-width: 481px) and (max-width: 980px) 980px, (min-width: 981px) 1024px, 100vw\" \/><\/p>\n<h3>(4) Maling og belegg<\/h3>\n<p>Med sm\u00e5 og mellomstore sylinderautomatiske vannbaserte malingsbeleggslinjer, for \u00e5 oppn\u00e5 automatisk robotlasting og -lossing og automatisk spr\u00f8yting, er den designede kapasiteten 4000 stykker per skift;<br \/>\nVi har ogs\u00e5 en halvautomatisk produksjonslinje for maling for store sylindere drevet av en kabelkjede, med en designkapasitet p\u00e5 60 kasser per skift.<\/p>\n<p><img loading=\"lazy\" decoding=\"async\" class=\"alignnone wp-image-630\" src=\"https:\/\/hydraulic-cylinders.net\/wp-content\/uploads\/2023\/08\/hydraulic-cylinder-product-5-300x213.webp\" alt=\"\" width=\"366\" height=\"260\" \/> <img loading=\"lazy\" decoding=\"async\" class=\"alignnone wp-image-631\" src=\"https:\/\/hydraulic-cylinders.net\/wp-content\/uploads\/2023\/08\/hydraulic-cylinder-product-6-300x225.webp\" alt=\"\" width=\"347\" height=\"260\" \/><\/p>\n<h3>(5) Testing<\/h3>\n<p>Vi har f\u00f8rsteklasses inspeksjonsfasiliteter og testbenker for \u00e5 sikre at sylinderens ytelse oppfyller kravene.<\/p>\n<p><img loading=\"lazy\" decoding=\"async\" class=\"alignnone wp-image-632\" src=\"https:\/\/hydraulic-cylinders.net\/wp-content\/uploads\/2023\/08\/hydraulic-cylinder-product-8-300x200.webp\" alt=\"\" width=\"389\" height=\"260\" \/><\/p>\n<p>&nbsp;<\/p>\n<p>&nbsp;<\/p>\n<p>Vi er en av de beste produsentene av hydrauliske sylindere. Vi kan tilby et omfattende utvalg av hydrauliske sylindere. Vi tilbyr ogs\u00e5 tilsvarende <a href=\"https:\/\/hzpt.com\/agricultural-pto-gearbox\/\" target=\"_blank\" rel=\"noopener\">landbruksgirkasser<\/a>Vi har eksportert produktene v\u00e5re til kunder over hele verden og opparbeidet oss et godt rykte p\u00e5 grunn av v\u00e5r overlegne produktkvalitet og ettersalgsservice. Vi \u00f8nsker kunder i inn- og utland velkommen til \u00e5 kontakte oss for \u00e5 forhandle om forretninger, utveksle informasjon og <a href=\"https:\/\/www.hydraulic-cylinders.net\/nb\/contact-us\/\">samarbeide med oss<\/a>!<\/p>\n<p>&nbsp;<\/p>","protected":false},"excerpt":{"rendered":"<p>HP5V Series Axial Piston Variable Displacement Hydraulic Pump The HP5V series axial piston variable displacement hydraulic pump is a cutting-edge hydraulic component that offers unmatched efficiency and performance in various industrial applications. Designed with precision engineering and advanced technology, this pump delivers reliable and precise hydraulic power, making it an essential choice for demanding hydraulic [&hellip;]<\/p>","protected":false},"featured_media":1928,"comment_status":"open","ping_status":"closed","template":"","meta":{"_et_pb_use_builder":"","_et_pb_old_content":"","_et_gb_content_width":""},"product_brand":[],"product_cat":[1425],"product_tag":[1380],"class_list":{"0":"post-1919","1":"product","2":"type-product","3":"status-publish","4":"has-post-thumbnail","6":"product_cat-piston-pump","7":"product_tag-hydraulic-cylinder","9":"first","10":"instock","11":"shipping-taxable","12":"product-type-simple"},"amp_enabled":true,"_links":{"self":[{"href":"https:\/\/www.hydraulic-cylinders.net\/nb\/wp-json\/wp\/v2\/product\/1919","targetHints":{"allow":["GET"]}}],"collection":[{"href":"https:\/\/www.hydraulic-cylinders.net\/nb\/wp-json\/wp\/v2\/product"}],"about":[{"href":"https:\/\/www.hydraulic-cylinders.net\/nb\/wp-json\/wp\/v2\/types\/product"}],"replies":[{"embeddable":true,"href":"https:\/\/www.hydraulic-cylinders.net\/nb\/wp-json\/wp\/v2\/comments?post=1919"}],"wp:featuredmedia":[{"embeddable":true,"href":"https:\/\/www.hydraulic-cylinders.net\/nb\/wp-json\/wp\/v2\/media\/1928"}],"wp:attachment":[{"href":"https:\/\/www.hydraulic-cylinders.net\/nb\/wp-json\/wp\/v2\/media?parent=1919"}],"wp:term":[{"taxonomy":"product_brand","embeddable":true,"href":"https:\/\/www.hydraulic-cylinders.net\/nb\/wp-json\/wp\/v2\/product_brand?post=1919"},{"taxonomy":"product_cat","embeddable":true,"href":"https:\/\/www.hydraulic-cylinders.net\/nb\/wp-json\/wp\/v2\/product_cat?post=1919"},{"taxonomy":"product_tag","embeddable":true,"href":"https:\/\/www.hydraulic-cylinders.net\/nb\/wp-json\/wp\/v2\/product_tag?post=1919"}],"curies":[{"name":"wp","href":"https:\/\/api.w.org\/{rel}","templated":true}]}}