{"id":19194,"date":"2025-04-07T06:17:29","date_gmt":"2025-04-07T06:17:29","guid":{"rendered":"https:\/\/www.hydraulic-cylinders.net\/product\/boom-cylinder-for-xcmg-middle-excavator-xe235c\/"},"modified":"2025-04-07T06:17:31","modified_gmt":"2025-04-07T06:17:31","slug":"boom-cylinder-for-xcmg-middle-excavator-xe235c","status":"publish","type":"product","link":"https:\/\/www.hydraulic-cylinders.net\/nb\/produkt\/boom-cylinder-for-xcmg-middle-excavator-xe235c\/","title":{"rendered":"Bomcylinder for XCMG mellomgraver XE235C"},"content":{"rendered":"<h1>Bomcylinder for XCMG mellomgraver XE235C<\/h1>\n<h2>Introduksjon til bomsylinder<\/h2>\n<p>Bom-sylinderen er en viktig hydraulisk komponent som er spesielt utviklet for \u00e5 kontrollere bevegelsen til skuffen i tunge maskiner som gravemaskiner, traktorgravere og frontlastere. Den gj\u00f8r det mulig \u00e5 l\u00f8fte, senke og tilte skuffen, noe som muliggj\u00f8r effektive materialh\u00e5ndteringsoppgaver. I hydrauliske systemer spiller bom-sylindere en viktig rolle ved \u00e5 konvertere hydraulisk trykk til mekanisk kraft, noe som er n\u00f8dvendig for \u00e5 utf\u00f8re ulike operasjoner innen bygg og anlegg og industri. Disse sylindrene er designet for \u00e5 t\u00e5le h\u00f8yt trykk og tunge belastninger, noe som gj\u00f8r dem uunnv\u00e6rlige i en rekke maskinapplikasjoner.<\/p>\n<p><img decoding=\"async\" src=\"https:\/\/www.hydraulic-cylinders.net\/wp-content\/uploads\/2025\/04\/songte-company-1.webp\" alt=\"Bom-sylinder\"><\/p>\n<h2>Viktige funksjoner p\u00e5 bomsylinderen<\/h2>\n<ul>\n<li><strong>H\u00f8y styrke og holdbarhet:<\/strong> Bom-sylinderen er vanligvis laget av h\u00f8yfast st\u00e5l eller aluminium, og t\u00e5ler h\u00f8yt trykk og tunge belastninger. Utformingen tar hensyn til slitestyrke og korrosjonsbestandighet, noe som sikrer lang levetid.<\/li>\n<li><strong>Effektiv hydraulisk drift:<\/strong> Sylinderen bruker hydraulisk oljetrykk for jevn forlengelse og tilbaketrekking, noe som gir rask respons p\u00e5 kontrollkommandoer samtidig som den gir kraftig trekk- og skyvekraft, ideell for tunge og komplekse operasjoner.<\/li>\n<li><strong>Ulike typer:<\/strong> Det finnes alternativer for enkeltvirkende (hydraulisk virkning i \u00e9n retning) eller dobbeltvirkende (hydraulisk virkning i begge retninger) sylindere for \u00e5 dekke ulike driftsbehov. Noen modeller er teleskopiske, noe som gir st\u00f8rre forlengelse uten \u00e5 \u00f8ke de ytre m\u00e5lene, egnet for plassbegrensede applikasjoner.<\/li>\n<li><strong>Kompatibilitet:<\/strong> Produktene v\u00e5re er utviklet for \u00e5 erstatte ulike hydrauliske sylindere p\u00e5 en perfekt m\u00e5te, og sikrer s\u00f8ml\u00f8s integrering med eksisterende maskineri.<\/li>\n<li><strong>Tilpassede l\u00f8sninger:<\/strong> Vi tilbyr skreddersydde l\u00f8sninger basert p\u00e5 spesifikke driftskrav, og sikrer at vi finner den rette l\u00f8sningen for hver applikasjon.<\/li>\n<\/ul>\n<p><img decoding=\"async\" src=\"https:\/\/www.hydraulic-cylinders.net\/wp-content\/uploads\/2025\/04\/songte-cylinder-head-with-all-kinds-excavator-models.webp\" alt=\"Kompatibilitet med bomsylinder\"><\/p>\n<h2>S\u00f8knadsscenarier<\/h2>\n<h3>Anleggsutstyr<\/h3>\n<p>I gravemaskiner er bomsylinderen avgj\u00f8rende for graving, lasting og flytting av jord eller rusk. Den gir den n\u00f8dvendige kraften for at skuffen skal trenge effektivt ned i bakken, noe som gj\u00f8r den til en viktig komponent for graveoppgaver. N\u00e5r den brukes i gravemaskiner, bidrar bomsylinderen til b\u00e5de grave- og l\u00f8fteoperasjoner, noe som forbedrer maskinens allsidighet.<\/p>\n<h3>Landbruksmaskiner<\/h3>\n<p>I frontlastere brukes bomsylindre til \u00e5 utarbeide, l\u00f8fte og transportere jord, h\u00f8y og andre materialer. Deres evne til \u00e5 h\u00e5ndtere tunge lass og utf\u00f8re forskjellige man\u00f8vrer gj\u00f8r dem uvurderlige i landbruksmilj\u00f8er, og effektiviserer oppgaver som lasting og lossing av materiale.<\/p>\n<h3>Gravemaskiner<\/h3>\n<p>Bom-sylinderen gj\u00f8r at skuffen kan trenge effektivt ned i jorden, noe som forenkler gravearbeidet som er avgj\u00f8rende for ulike bygge- og landskapsprosjekter. Effektiviteten p\u00e5virker direkte produktiviteten og driftssuksessen i graveoppgaver.<\/p>\n<h3>Lastere<\/h3>\n<p>I frontlastere hjelper bomsylindre med \u00e5 l\u00f8fte og dumpe materialer effektivt. De gj\u00f8r det mulig for lasteren \u00e5 h\u00e5ndtere tunge lass, noe som gj\u00f8r dem essensielle for oppgaver som transport av tilslag, jord og andre tunge materialer.<\/p>\n<h2>Designhensyn og utvalgsstandarder<\/h2>\n<h3>Lastekapasitet<\/h3>\n<p>N\u00e5r man designer en bomsylinder, er lastekapasiteten avgj\u00f8rende. Den m\u00e5 kunne h\u00e5ndtere den maksimale forventede belastningen under drift uten \u00e5 svikte. Dette inkluderer \u00e5 ta hensyn til faktorer som vekten p\u00e5 materialene som h\u00e5ndteres og driftsmilj\u00f8et.<\/p>\n<h3>Tetting<\/h3>\n<p>Effektiv tetting er avgj\u00f8rende for \u00e5 forhindre lekkasje av hydraulisk v\u00e6ske, noe som kan g\u00e5 ut over ytelse og sikkerhet. Integriteten til tetninger, som stempeltetninger og stangtetninger, sikrer optimal drift og forlenger sylinderens levetid.<\/p>\n<h3>Varighet<\/h3>\n<p>Holdbarhet er avgj\u00f8rende for bomsylindere som opererer i t\u00f8ffe milj\u00f8er. Materialer og belegg som brukes b\u00f8r motst\u00e5 slitasje og korrosjon for \u00e5 forlenge sylinderens levetid, spesielt i utend\u00f8rs bruk som er utsatt for elementene.<\/p>\n<h3>Sikkerhet<\/h3>\n<p>Sikkerhet er en viktig faktor ved design av bomsylindere. Tilstrekkelige sikkerhetsfunksjoner m\u00e5 integreres for \u00e5 beskytte b\u00e5de operat\u00f8rer og maskineri. Dette inkluderer trykkavlastningsventiler og n\u00f8dstoppmekanismer for \u00e5 forhindre ulykker under drift.<\/p>\n<h3>Vedlikehold<\/h3>\n<p>Det er viktig \u00e5 designe for enkelt vedlikehold for \u00e5 sikre at sylindere kan vedlikeholdes uten omfattende nedetid. Dette inkluderer funksjoner som gir enkel tilgang til interne komponenter for reparasjoner eller utskiftinger.<\/p>\n<p><img decoding=\"async\" src=\"https:\/\/www.hydraulic-cylinders.net\/wp-content\/uploads\/2025\/04\/songte-oil-pipes-and-spare-parts.webp\" alt=\"Hydrauliske sylinderkomponenter\"><\/p>\n<h2>Tetting og sm\u00f8ring av bomsylindere<\/h2>\n<p>Riktig tetting og sm\u00f8ring er avgj\u00f8rende for ytelsen og levetiden til bomsylindre. Ulike tetninger, som stempeltetninger og stangtetninger, brukes for \u00e5 forhindre lekkasje av hydraulisk v\u00e6ske. Tetninger laget av slitesterke materialer som polyuretan og nitrilgummi er foretrukket p\u00e5 grunn av holdbarheten.<\/p>\n<p>Sylinderhuset og gjengede ender er fint bearbeidet for \u00e5 forbedre slitestyrken, slik at de t\u00e5ler p\u00e5kjenningene ved drift. Regelmessig etterfylling av hydraulisk olje for sm\u00f8ring er n\u00f8dvendig for \u00e5 opprettholde jevn drift og forhindre for tidlig slitasje av interne komponenter.<\/p>\n<h2>Forebyggende vedlikeholdstiltak<\/h2>\n<ul>\n<li><strong>Regelmessige inspeksjoner:<\/strong> Utf\u00f8r regelmessige kontroller for \u00e5 identifisere tegn p\u00e5 slitasje eller skade. Denne proaktive tiln\u00e6rmingen kan bidra til \u00e5 h\u00e5ndtere problemer f\u00f8r de f\u00f8rer til st\u00f8rre feil.<\/li>\n<li><strong>Riktig sm\u00f8ring:<\/strong> S\u00f8rg for at hydraulikkolje tilsettes jevnlig i sylinderen for \u00e5 opprettholde sm\u00f8ringen, forhindre slitasje og opprettholde effektiviteten.<\/li>\n<li><strong>Utskifting av tetning:<\/strong> Sjekk og skift pakninger regelmessig etter behov for \u00e5 forhindre lekkasjer og opprettholde hydraulisk trykk.<\/li>\n<\/ul>\n<h2>Installasjonsretningslinjer<\/h2>\n<p>Installasjon av en bomsylinder krever n\u00f8ye oppmerksomhet for \u00e5 sikre optimal ytelse. Her er trinnene for riktig installasjon:<\/p>\n<ol>\n<li><strong>Preparat:<\/strong> S\u00f8rg for at alle monteringsbraketter og maskinvare er i god stand f\u00f8r installasjon.<\/li>\n<li><strong>Justering:<\/strong> Juster sylinderen riktig med festepunktene for \u00e5 unng\u00e5 belastning p\u00e5 pakningene og forhindre for tidlig slitasje.<\/li>\n<li><strong>Sikker montering:<\/strong> Bruk passende monteringsbraketter for \u00e5 feste sylinderen godt p\u00e5 plass, slik at den er stabil under drift.<\/li>\n<li><strong>Hydrauliske tilkoblinger:<\/strong> Koble hydraulikkslangene til sylinderen, og s\u00f8rg for at alle koblinger er tette og lekkasjefrie.<\/li>\n<li><strong>Testing:<\/strong> Etter installasjon, test sylinderen under normale driftsforhold for \u00e5 bekrefte ytelsen og se etter eventuelle lekkasjer.<\/li>\n<\/ol>\n<h2>Vanlige vedlikeholdsoppgaver<\/h2>\n<ul>\n<li><strong>Regelmessige inspeksjoner:<\/strong> Hyppige kontroller for tegn p\u00e5 slitasje eller potensielle problemer er avgj\u00f8rende for \u00e5 opprettholde sylinderens ytelse.<\/li>\n<li><strong>Riktig sm\u00f8ring:<\/strong> \u00c5 s\u00f8rge for tilstrekkelig sm\u00f8ring er avgj\u00f8rende for \u00e5 minimere friksjon og slitasje p\u00e5 interne komponenter, og dermed forlenge sylinderens levetid.<\/li>\n<li><strong>Utskifting og kalibrering av tetninger:<\/strong> Skift pakninger regelmessig etter behov og utf\u00f8r kalibreringskontroller for \u00e5 sikre at det hydrauliske systemet fungerer som det skal.<\/li>\n<\/ul>\n<h2>Sikkerhetshensyn og milj\u00f8faktorer<\/h2>\n<p>N\u00e5r man arbeider med bomsylindere, er det avgj\u00f8rende \u00e5 implementere sikkerhetstiltak. Operat\u00f8rer b\u00f8r v\u00e6re klar over potensielle farer forbundet med hydrauliske systemer, som trykkbrudd eller v\u00e6skelekkasjer. \u00c5 sikre riktig oppl\u00e6ring og overholdelse av sikkerhetsprotokoller bidrar til \u00e5 redusere risikoer. I tillegg er det viktig \u00e5 ta hensyn til milj\u00f8faktorer under drift, som v\u00e6rforhold og terreng, for sikker h\u00e5ndtering og bruk av maskineri.<\/p>\n<h2>Feildiagnose og vanlige problemer<\/h2>\n<ul>\n<li><strong>Lekkasje av tetninger:<\/strong> Et vanlig problem er lekkasje av hydraulisk v\u00e6ske, ofte for\u00e5rsaket av slitte eller skadede pakninger. Regelmessig inspeksjon kan bidra til \u00e5 oppdage dette tidlig.<\/li>\n<li><strong>Redusert ytelse:<\/strong> En reduksjon i sylinderens respons kan indikere intern slitasje eller forurensning i hydraulikkv\u00e6sken.<\/li>\n<li><strong>Merkelige lyder:<\/strong> Uvanlige lyder under drift kan v\u00e6re tegn p\u00e5 mekaniske problemer eller feil sm\u00f8ring.<\/li>\n<\/ul>\n<h2>Feils\u00f8kingstips<\/h2>\n<p>For \u00e5 effektivt diagnostisere og h\u00e5ndtere problemer med bomsylinderen:<\/p>\n<ul>\n<li>Utf\u00f8r regelmessige inspeksjoner for \u00e5 oppdage potensielle problemer tidlig.<\/li>\n<li>Hold det hydrauliske systemet rent for \u00e5 forhindre forurensning.<\/li>\n<li>S\u00f8rg for at alle tilkoblinger og beslag er tette og sikre.<\/li>\n<\/ul>\n<p>Implementering av forebyggende tiltak kan redusere sannsynligheten for st\u00f8rre problemer betydelig, sikre problemfri drift og forlenge levetiden til utstyret.<\/p>\n<p><img decoding=\"async\" src=\"https:\/\/www.hydraulic-cylinders.net\/wp-content\/uploads\/2025\/04\/songte-bushings-with-all-kinds-of-excavator-models.webp\" alt=\"Komponenter for bomsylinder\"><\/p>\n<h2>Om selskapet v\u00e5rt<\/h2>\n<p>Vi er en ledende produsent og grossist av hydrauliske sylindere, og spesialiserer oss p\u00e5 utskiftingsalternativer. V\u00e5rt omfattende produktsortiment posisjonerer oss som en av de ledende produsentene i b\u00e5de innenlandske og internasjonale markeder. Vi f\u00f8lger prinsippene for kvalitetssikring, st\u00f8ttet av en raffinert produksjonsstrategi som vektlegger industriell produksjonsstyring.<\/p>\n<p>V\u00e5re toppmoderne produksjonsanlegg benytter dyktige teknikere, avansert digitalt utstyr og profesjonelle inspeksjonssystemer for \u00e5 forbedre produksjonskapasiteten v\u00e5r. Vi er forpliktet til kontinuerlig \u00e5 forbedre produksjonsplattformen v\u00e5r og finpusse produksjonsruten for \u00e5 sikre produkter av h\u00f8y kvalitet som m\u00f8ter ulike kundebehov.<\/p>\n<p>V\u00e5r vekt p\u00e5 profesjonalitet, internasjonale sertifiseringer, tilpasningstjenester, avansert produksjonsutstyr og eksepsjonell ettersalgsservice skiller oss fra andre i bransjen.<\/p>\n<p><img decoding=\"async\" src=\"https:\/\/www.hydraulic-cylinders.net\/wp-content\/uploads\/2025\/04\/songte-company-4.webp\" alt=\"Selskapsoversikt\"><br \/>\n<img decoding=\"async\" src=\"https:\/\/www.hydraulic-cylinders.net\/wp-content\/uploads\/2025\/04\/songte-company-3.webp\" alt=\"Bedriftsinfrastruktur\"><\/p>\n<p>Forfatter: lyl<\/p>","protected":false},"excerpt":{"rendered":"<p>Boom Cylinder For XCMG Middle Excavator XE235C Introduction to Boom Cylinder The Boom Cylinder is an essential hydraulic component specifically designed for controlling the motion of the bucket in heavy machinery like excavators, backhoes, and front loaders. It enables the bucket to lift, lower, and tilt, facilitating efficient material handling tasks. In hydraulic systems, boom [&hellip;]<\/p>","protected":false},"featured_media":17880,"comment_status":"open","ping_status":"closed","template":"","meta":{"_et_pb_use_builder":"","_et_pb_old_content":"","_et_gb_content_width":""},"product_brand":[],"product_cat":[1546],"product_tag":[1547,1496],"class_list":{"0":"post-19194","1":"product","2":"type-product","3":"status-publish","4":"has-post-thumbnail","6":"product_cat-boom-cylinders","7":"product_tag-boom-cylinders","8":"product_tag-hydraulic-cylinders","10":"first","11":"instock","12":"shipping-taxable","13":"product-type-simple"},"amp_enabled":true,"_links":{"self":[{"href":"https:\/\/www.hydraulic-cylinders.net\/nb\/wp-json\/wp\/v2\/product\/19194","targetHints":{"allow":["GET"]}}],"collection":[{"href":"https:\/\/www.hydraulic-cylinders.net\/nb\/wp-json\/wp\/v2\/product"}],"about":[{"href":"https:\/\/www.hydraulic-cylinders.net\/nb\/wp-json\/wp\/v2\/types\/product"}],"replies":[{"embeddable":true,"href":"https:\/\/www.hydraulic-cylinders.net\/nb\/wp-json\/wp\/v2\/comments?post=19194"}],"wp:featuredmedia":[{"embeddable":true,"href":"https:\/\/www.hydraulic-cylinders.net\/nb\/wp-json\/wp\/v2\/media\/17880"}],"wp:attachment":[{"href":"https:\/\/www.hydraulic-cylinders.net\/nb\/wp-json\/wp\/v2\/media?parent=19194"}],"wp:term":[{"taxonomy":"product_brand","embeddable":true,"href":"https:\/\/www.hydraulic-cylinders.net\/nb\/wp-json\/wp\/v2\/product_brand?post=19194"},{"taxonomy":"product_cat","embeddable":true,"href":"https:\/\/www.hydraulic-cylinders.net\/nb\/wp-json\/wp\/v2\/product_cat?post=19194"},{"taxonomy":"product_tag","embeddable":true,"href":"https:\/\/www.hydraulic-cylinders.net\/nb\/wp-json\/wp\/v2\/product_tag?post=19194"}],"curies":[{"name":"wp","href":"https:\/\/api.w.org\/{rel}","templated":true}]}}