{"id":19197,"date":"2025-04-07T06:17:36","date_gmt":"2025-04-07T06:17:36","guid":{"rendered":"https:\/\/www.hydraulic-cylinders.net\/product\/boom-cylinder-for-xcmg-large-excavator-xe470ck\/"},"modified":"2025-04-07T06:17:38","modified_gmt":"2025-04-07T06:17:38","slug":"boom-cylinder-for-xcmg-large-excavator-xe470ck","status":"publish","type":"product","link":"https:\/\/www.hydraulic-cylinders.net\/nb\/produkt\/boom-cylinder-for-xcmg-large-excavator-xe470ck\/","title":{"rendered":"Bomcylinder for XCMG stor gravemaskin XE470CK"},"content":{"rendered":"<h1>Bomcylinder for XCMG stor gravemaskin XE470CK<\/h1>\n<h2>Produktoversikt<\/h2>\n<p>Bom-sylinderen for XCMG-gravemaskinen XE470CK er en spesialisert hydraulisk sylinder som er utviklet for \u00e5 styre bevegelsen til gravemaskinens bom. Denne sylinderen spiller en avgj\u00f8rende rolle i hydrauliske systemer, og forenkler l\u00f8fting, senking og tilting av bommen, noe som er viktig for ulike materialh\u00e5ndteringsoppgaver.<\/p>\n<p><img decoding=\"async\" src=\"https:\/\/www.hydraulic-cylinders.net\/wp-content\/uploads\/2025\/04\/songte-company-1.webp\" alt=\"Bomcylinder for gravemaskin\" \/><\/p>\n<h3>Definisjon og form\u00e5l<\/h3>\n<p>En bomsylinder er en type hydraulisk sylinder som spesielt brukes til \u00e5 kontrollere bevegelsen til skuffen i tunge maskiner som gravemaskiner, traktorgravere og frontlastere. Den muliggj\u00f8r presise operasjoner, slik at bommen kan utf\u00f8re funksjoner som graving, l\u00f8fting og flytting av materialer. Integreringen i hydrauliske systemer er viktig, da den sikrer jevn drift under h\u00f8ye trykk- og belastningsforhold. Utformingen av bomsylinderen tar hensyn til faktorer som styrke, holdbarhet og slitestyrke, noe som forlenger levetiden i t\u00f8ffe arbeidsmilj\u00f8er.<\/p>\n<h2>Funksjoner p\u00e5 bomsylinderen<\/h2>\n<ul>\n<li><strong>H\u00f8y styrke og holdbarhet:<\/strong> Bom-sylinderen er laget av h\u00f8yfast st\u00e5l eller aluminium, og t\u00e5ler h\u00f8yt trykk og tunge belastninger, samtidig som den er motstandsdyktig mot slitasje og korrosjon.<\/li>\n<li><strong>Effektiv hydraulisk drift:<\/strong> Utnytter hydraulisk oljetrykk for jevn forlengelse og tilbaketrekking, reagerer raskt p\u00e5 kontrollkommandoer og gir kraftige skyve- og trekkkrefter som er ideelle for h\u00e5ndtering av tunge og komplekse oppgaver.<\/li>\n<li><strong>Ulike typer:<\/strong> Tilgjengelig i enkeltvirkende (ved bruk av hydraulisk kraft i \u00e9n retning) eller dobbeltvirkende (ved bruk av hydraulisk kraft i begge retninger) konfigurasjoner for \u00e5 m\u00f8te ulike driftsbehov, med noen modeller med teleskopiske design for utvidet rekkevidde uten \u00e5 \u00f8ke de ytre m\u00e5lene.<\/li>\n<\/ul>\n<h2>Produksjonskapasitet<\/h2>\n<p>Vi spesialiserer oss p\u00e5 produksjon av bomsylindere, og sikrer at produktene v\u00e5re kan erstatte eksisterende hydrauliske sylindere perfekt uten at det g\u00e5r p\u00e5 bekostning av kvalitet eller ytelse.<\/p>\n<p><img decoding=\"async\" src=\"https:\/\/www.hydraulic-cylinders.net\/wp-content\/uploads\/2025\/04\/songte-cylinder-head-with-all-kinds-excavator-models.webp\" alt=\"Kompatibilitet med gravemaskinmodell\" \/><\/p>\n<h2>Bruksomr\u00e5der for bomsylinderen<\/h2>\n<h3>Anleggsutstyr<\/h3>\n<p>I gravemaskiner er bomsylindere viktige for graving, lasting og transport av jord eller avfall. De muliggj\u00f8r effektiv graving ved \u00e5 la skuffen trenge ned i bakken og l\u00f8fte materialer effektivt. I gravemaskiner hjelper bomsylinderen b\u00e5de med grave- og l\u00f8fteoperasjoner, noe som \u00f8ker produktiviteten p\u00e5 byggeplasser.<\/p>\n<h3>Landbruksmaskiner<\/h3>\n<p>I frontlastere brukes bomsylindre til \u00e5 utarbeide, l\u00f8fte og transportere jord, h\u00f8y og andre materialer. Deres evne til \u00e5 h\u00e5ndtere tunge lass gj\u00f8r dem uvurderlige i landbruksdrift der effektivitet er avgj\u00f8rende for oppgaver som planting, h\u00f8sting og materialflytting.<\/p>\n<h3>Gravemaskiner<\/h3>\n<p>I gravemaskiner gj\u00f8r bomsylinderen det mulig for skuffen \u00e5 trenge effektivt ned i jorden, noe som gir rask og effektiv graving. Denne funksjonaliteten er viktig i bygge- og jordflyttingsprosjekter, der tid og effektivitet direkte p\u00e5virker produktivitet og kostnader.<\/p>\n<h3>Lastere<\/h3>\n<p>I frontlastere hjelper bomsylindre med \u00e5 l\u00f8fte og dumpe last effektivt. Designet deres sikrer at de kan h\u00e5ndtere belastningen ved \u00e5 l\u00f8fte tunge materialer samtidig som de opprettholder stabilitet og kontroll under drift.<\/p>\n<h2>Designhensyn<\/h2>\n<ul>\n<li><strong>Lastekapasitet:<\/strong> Designet m\u00e5 t\u00e5le den maksimale belastningen sylinderen vil h\u00e5ndtere i virkelige applikasjoner, noe som sikrer sikkerhet og p\u00e5litelighet.<\/li>\n<li><strong>Tetting:<\/strong> Effektive tetningsmekanismer er avgj\u00f8rende for \u00e5 forhindre lekkasje av hydraulisk v\u00e6ske, noe som kan svekke systemets effektivitet og f\u00f8re til feil.<\/li>\n<li><strong>Varighet:<\/strong> Materialer og konstruksjonsteknikker som brukes m\u00e5 forbedre sylinderens motstand mot slitasje og milj\u00f8faktorer, noe som \u00f8ker produktets levetid.<\/li>\n<li><strong>Sikkerhet:<\/strong> Sikkerhetsfunksjoner b\u00f8r innarbeides for \u00e5 beskytte b\u00e5de maskineriet og operat\u00f8rene, og minimere risikoen for ulykker under drift.<\/li>\n<li><strong>Vedlikeholdbarhet:<\/strong> Designet b\u00f8r tillate enkelt vedlikehold og reparasjoner, inkludert tilgang for inspeksjoner og utskifting av tetninger og andre komponenter.<\/li>\n<\/ul>\n<p><img decoding=\"async\" src=\"https:\/\/www.hydraulic-cylinders.net\/wp-content\/uploads\/2025\/04\/songte-oil-pipes-and-spare-parts.webp\" alt=\"Komponenter i hydraulisk system\" \/><\/p>\n<h2>Tetting og sm\u00f8ring<\/h2>\n<p>Riktig tetting og sm\u00f8ring er avgj\u00f8rende for effektiv drift av bomsylinderen. Ulike tetningselementer, som stempeltetninger og stangtetninger, brukes for \u00e5 forhindre lekkasje av hydraulisk v\u00e6ske. Tetninger er vanligvis laget av slitesterke materialer som polyuretan og nitrilgummi, som motst\u00e5r slitasje og milj\u00f8forringelse. Sylinderhuset og gjengede ender er fint bearbeidet for \u00e5 forbedre holdbarheten. Regelmessig sm\u00f8ring med hydraulisk olje er n\u00f8dvendig for \u00e5 opprettholde jevn drift og forlenge sylinderens levetid.<\/p>\n<h2>Forebyggende vedlikeholdstiltak<\/h2>\n<ul>\n<li><strong>Regelmessige inspeksjoner:<\/strong> \u00c5 gjennomf\u00f8re rutinekontroller bidrar til \u00e5 identifisere slitasje og potensielle feil f\u00f8r de eskalerer, noe som sikrer optimal ytelse og sikkerhet.<\/li>\n<li><strong>Riktig sm\u00f8ring:<\/strong> Jevnlig sm\u00f8ring av bevegelige deler er viktig for \u00e5 redusere friksjon, forhindre slitasje og opprettholde optimal funksjon av det hydrauliske systemet.<\/li>\n<li><strong>Utskifting av tetning:<\/strong> Regelmessig utskifting av slitte pakninger kan forhindre lekkasjer og opprettholde effektiviteten til det hydrauliske systemet.<\/li>\n<\/ul>\n<h2>Installasjonsretningslinjer<\/h2>\n<p>N\u00e5r du monterer bomsylinderen, m\u00e5 du f\u00f8lge disse trinnene for optimal ytelse:<\/p>\n<ol>\n<li><strong>Preparat:<\/strong> Rengj\u00f8r installasjonsomr\u00e5det og s\u00f8rg for at alle overflater er fri for rusk.<\/li>\n<li><strong>Justering:<\/strong> Juster sylinderen riktig med monteringsbrakettene for \u00e5 unng\u00e5 un\u00f8dig belastning p\u00e5 sylinderen.<\/li>\n<li><strong>Sikker montering:<\/strong> Bruk passende monteringsbraketter for \u00e5 feste sylinderen godt p\u00e5 plass, og unng\u00e5 bevegelse under drift.<\/li>\n<li><strong>Hydrauliske tilkoblinger:<\/strong> Koble til hydraulikkledningene og s\u00f8rg for at det ikke er noen lekkasjer, og f\u00f8lg produsentens spesifikasjoner for momentinnstillinger.<\/li>\n<li><strong>Testing:<\/strong> Etter installasjon, utf\u00f8r en grundig test for \u00e5 sikre at den fungerer som den skal, og juster eventuelle innstillinger etter behov.<\/li>\n<\/ol>\n<h2>Vanlige vedlikeholdsoppgaver<\/h2>\n<ul>\n<li><strong>Regelmessige kontroller:<\/strong> Regelmessige inspeksjoner sikrer at sylinderen fungerer effektivt og bidrar til \u00e5 oppdage problemer f\u00f8r de blir alvorlige.<\/li>\n<li><strong>Passende sm\u00f8ring:<\/strong> \u00c5 s\u00f8rge for at sylinderen er godt smurt reduserer slitasje og forlenger levetiden, noe som gj\u00f8r regelmessig sm\u00f8ring til en prioritet.<\/li>\n<li><strong>Utskifting av tetning:<\/strong> Hyppige kontroller for pakningsslitasje og rettidig utskifting bidrar til \u00e5 opprettholde hydraulisk effektivitet og forhindre lekkasjer.<\/li>\n<\/ul>\n<h2>Sikkerhetshensyn<\/h2>\n<p>Sikkerhetstiltak er avgj\u00f8rende n\u00e5r man arbeider med hydrauliske sylindere. Riktig h\u00e5ndtering, inkludert bruk av personlig verneutstyr (PPE) og overholdelse av driftssikkerhetsprotokoller, kan redusere risikoer. S\u00f8rg for at alle operat\u00f8rer er oppl\u00e6rt i sikker drift for \u00e5 forhindre ulykker og skader.<\/p>\n<h2>Feildiagnose og vanlige problemer<\/h2>\n<ul>\n<li><strong>Lekkasjer av hydraulisk v\u00e6ske:<\/strong> Se etter tegn p\u00e5 lekkasje rundt tetninger og koblinger; dette kan tyde p\u00e5 slitte tetninger eller l\u00f8se beslag.<\/li>\n<li><strong>Treg drift:<\/strong> Hvis sylinderen g\u00e5r sakte, kan det skyldes lave niv\u00e5er av hydraulisk v\u00e6ske eller forurensning av v\u00e6sken.<\/li>\n<li><strong>Uventede bevegelser:<\/strong> Uregelmessige sylinderbevegelser kan v\u00e6re et tegn p\u00e5 intern skade eller luftfangst i det hydrauliske systemet.<\/li>\n<\/ul>\n<h2>Feils\u00f8kingstips<\/h2>\n<p>For \u00e5 effektivt diagnostisere og l\u00f8se problemer:<\/p>\n<ol>\n<li>Sjekk niv\u00e5ene og kvaliteten p\u00e5 hydraulikkv\u00e6sken, og bytt ut forurenset v\u00e6ske etter behov.<\/li>\n<li>Inspiser tetninger og beslag for slitasje og skift dem ut for \u00e5 forhindre fremtidige lekkasjer.<\/li>\n<li>Luft det hydrauliske systemet for \u00e5 fjerne luft som kan p\u00e5virke ytelsen.<\/li>\n<\/ol>\n<p><img decoding=\"async\" src=\"https:\/\/www.hydraulic-cylinders.net\/wp-content\/uploads\/2025\/04\/songte-bushings-with-all-kinds-of-excavator-models.webp\" alt=\"Gravemaskin foringsmodeller\" \/><\/p>\n<h2>Selskapsoversikt<\/h2>\n<p>Vi er en produsent av hydrauliske sylinderutskiftninger, og tilbyr et omfattende utvalg av produkter som gj\u00f8r oss til en av de ledende produsentene og grossistene i det innenlandske og internasjonale markedet. Vi f\u00f8lger en strategi for fortreffelighet gjennom presis produksjonsstyring og forbedrer kontinuerlig v\u00e5r produksjonsplattform. V\u00e5r forpliktelse til h\u00f8y effektivitet, n\u00f8yaktighet og kvalitet sikrer at vi m\u00f8ter ulike kundebehov.<\/p>\n<h3>Professionalitet og sertifiseringer<\/h3>\n<p>Produktene v\u00e5re oppfyller internasjonale standarder, og vi tilbyr tilpasningstjenester for \u00e5 im\u00f8tekomme spesifikke krav. V\u00e5rt avanserte produksjonsutstyr sammen med v\u00e5r flittige ettersalgsservice sikrer kundetilfredshet.<\/p>\n<p><img decoding=\"async\" src=\"https:\/\/www.hydraulic-cylinders.net\/wp-content\/uploads\/2025\/04\/songte-company-4.webp\" alt=\"Selskapets anlegg\" \/><br \/>\n<img decoding=\"async\" src=\"https:\/\/www.hydraulic-cylinders.net\/wp-content\/uploads\/2025\/04\/songte-company-3.webp\" alt=\"Selskapets produksjon\" \/><\/p>\n<p>Forfatter: lyl<\/p>","protected":false},"excerpt":{"rendered":"<p>Boom Cylinder For XCMG Large Excavator XE470CK Product Overview The Boom Cylinder for the XCMG Large Excavator XE470CK is a specialized hydraulic cylinder designed to manage the motion of the excavator&#8217;s boom. This cylinder plays a crucial role in hydraulic systems, facilitating the lifting, lowering, and tilting of the boom, which is essential for various [&hellip;]<\/p>","protected":false},"featured_media":17868,"comment_status":"open","ping_status":"closed","template":"","meta":{"_et_pb_use_builder":"","_et_pb_old_content":"","_et_gb_content_width":""},"product_brand":[],"product_cat":[1546],"product_tag":[1547,1496],"class_list":{"0":"post-19197","1":"product","2":"type-product","3":"status-publish","4":"has-post-thumbnail","6":"product_cat-boom-cylinders","7":"product_tag-boom-cylinders","8":"product_tag-hydraulic-cylinders","10":"first","11":"instock","12":"shipping-taxable","13":"product-type-simple"},"amp_enabled":true,"_links":{"self":[{"href":"https:\/\/www.hydraulic-cylinders.net\/nb\/wp-json\/wp\/v2\/product\/19197","targetHints":{"allow":["GET"]}}],"collection":[{"href":"https:\/\/www.hydraulic-cylinders.net\/nb\/wp-json\/wp\/v2\/product"}],"about":[{"href":"https:\/\/www.hydraulic-cylinders.net\/nb\/wp-json\/wp\/v2\/types\/product"}],"replies":[{"embeddable":true,"href":"https:\/\/www.hydraulic-cylinders.net\/nb\/wp-json\/wp\/v2\/comments?post=19197"}],"wp:featuredmedia":[{"embeddable":true,"href":"https:\/\/www.hydraulic-cylinders.net\/nb\/wp-json\/wp\/v2\/media\/17868"}],"wp:attachment":[{"href":"https:\/\/www.hydraulic-cylinders.net\/nb\/wp-json\/wp\/v2\/media?parent=19197"}],"wp:term":[{"taxonomy":"product_brand","embeddable":true,"href":"https:\/\/www.hydraulic-cylinders.net\/nb\/wp-json\/wp\/v2\/product_brand?post=19197"},{"taxonomy":"product_cat","embeddable":true,"href":"https:\/\/www.hydraulic-cylinders.net\/nb\/wp-json\/wp\/v2\/product_cat?post=19197"},{"taxonomy":"product_tag","embeddable":true,"href":"https:\/\/www.hydraulic-cylinders.net\/nb\/wp-json\/wp\/v2\/product_tag?post=19197"}],"curies":[{"name":"wp","href":"https:\/\/api.w.org\/{rel}","templated":true}]}}