{"id":1920,"date":"2023-10-20T02:38:46","date_gmt":"2023-10-20T02:38:46","guid":{"rendered":"https:\/\/hydraulic-cylinders.net\/?post_type=product&#038;p=1920"},"modified":"2023-10-20T06:00:33","modified_gmt":"2023-10-20T06:00:33","slug":"hp3v-series-axial-piston-variable-displacement-hydraulic-pump","status":"publish","type":"product","link":"https:\/\/www.hydraulic-cylinders.net\/nb\/produkt\/hp3v-series-axial-piston-variable-displacement-hydraulic-pump\/","title":{"rendered":"HP3V-serien aksialstempel hydraulisk pumpe med variabel forskyvning"},"content":{"rendered":"<h1 style=\"text-align: center;\"><strong>HP3V-serien aksialstempel hydraulisk pumpe med variabel forskyvning<\/strong><\/h1>\n<p><img loading=\"lazy\" decoding=\"async\" class=\"aligncenter wp-image-1931\" src=\"https:\/\/hydraulic-cylinders.net\/wp-content\/uploads\/2023\/10\/hp3v-series-axial-piston-variable-displacement-hydraulic-pump-1-300x300.webp\" alt=\"\" width=\"400\" height=\"400\" \/><\/p>\n<p>HP3V-serien aksialstempel-hydraulisk pumpe med variabelt fortrengning er banebrytende innen hydrauliske systemer. Denne pumpen er designet med presisjonsteknikk og banebrytende teknologi, og leverer overlegen effektivitet og ytelse, noe som gj\u00f8r den til en uunnv\u00e6rlig komponent for ulike industrielle applikasjoner. Denne omfattende artikkelen vil utforske de viktigste egenskapene, bruksmetodene og vedlikeholdsretningslinjene for HP3V aksialstempel-hydraulisk pumpe med variabelt fortrengning.<\/p>\n<p>HP3V-seriens aksialstempel-hydrauliske pumpe med variabelt fortrengning er et kraftverk som leverer uovertruffen effektivitet og ytelse i hydrauliske systemer. Med sin variable fortrengningsteknologi, kompakte design og stilleg\u00e5ende drift er denne pumpen en p\u00e5litelig og presis l\u00f8sning for ulike industrielle applikasjoner. Ved \u00e5 f\u00f8lge de anbefalte bruksmetodene og regelmessige vedlikeholdspraksiser, vil HP3V-seriens pumper fortsette \u00e5 gi eksepsjonell ytelse, noe som bidrar til suksessen til ulike hydrauliske systemer. Omfavn kraften i effektivitet og ytelse med HP3V-seriens aksialstempel-hydrauliske pumpe med variabelt fortrengning og frigj\u00f8r det fulle potensialet til ditt hydrauliske system.<\/p>\n<p>HP3V-serien aksialstempelpumpe med variabel forskyvning Viktige egenskaper:<\/p>\n<ul>\n<li>Variabel fortrengningsteknologi: HP3V-seriens pumper har avansert variabel fortrengningsteknologi, som gj\u00f8r at den kan justere utgangsvolumet basert p\u00e5 systemkrav. Denne funksjonen maksimerer energieffektiviteten, reduserer varmeutviklingen og optimaliserer den generelle systemytelsen.<\/li>\n<li>Uovertruffen effektivitet: HP3V-seriens pumper oppn\u00e5r eksepsjonell effektivitet med sin innovative aksiale stempeldesign. Den gir presis hydraulisk kraft, noe som sikrer jevn drift og muliggj\u00f8r enkel h\u00e5ndtering av h\u00f8ytrykksapplikasjoner.<\/li>\n<li>Kompakt design: Pumpens kompakte design optimaliserer plassutnyttelsen i hydrauliske systemer. Den lille st\u00f8rrelsen muliggj\u00f8r enkel integrering, selv p\u00e5 trange steder, uten at det g\u00e5r p\u00e5 bekostning av ytelse eller funksjonalitet.<\/li>\n<li>Stille drift: St\u00f8yreduserende funksjoner som er integrert i HP3V-serien av pumper sikrer stille drift i ulike industrielle milj\u00f8er. Denne egenskapen er verdifull i applikasjoner som krever lave st\u00f8yniv\u00e5er, og fremmer et komfortabelt og produktivt arbeidsmilj\u00f8.<\/li>\n<\/ul>\n<h2><strong>HP3V-serien aksialstempel variabel forskyvning hydraulisk pumpe Parameter:<\/strong><\/h2>\n<table class=\"table table-bordered table-hover table-colored\" data-sort=\"sortDisabled\">\n<tbody>\n<tr class=\"firstRow\">\n<td colspan=\"1\" rowspan=\"2\" align=\"center\" valign=\"middle\">St\u00f8rrelse<\/td>\n<td rowspan=\"2\" align=\"center\" valign=\"middle\">Slagvolum cc\/omdreining<\/td>\n<td colspan=\"2\" rowspan=\"1\" align=\"center\" valign=\"middle\">Trykkstang<\/td>\n<td colspan=\"2\" rowspan=\"1\" align=\"center\" valign=\"middle\">Rotasjonshastighet o\/min<\/td>\n<\/tr>\n<tr>\n<td align=\"center\" valign=\"middle\">Vurdert<\/td>\n<td align=\"center\" valign=\"middle\">Topp<\/td>\n<td align=\"center\" valign=\"middle\">Maks for selvsugende<sup>*1<\/sup><\/td>\n<td align=\"center\" valign=\"middle\">Maks<sup>*2<\/sup><\/td>\n<\/tr>\n<tr>\n<td align=\"center\" valign=\"middle\">HP3V80<\/td>\n<td align=\"center\" valign=\"middle\">80<\/td>\n<td align=\"center\" valign=\"middle\">320<\/td>\n<td align=\"center\" valign=\"middle\">350<\/td>\n<td align=\"center\" valign=\"middle\">2400<\/td>\n<td align=\"center\" valign=\"middle\">3000<\/td>\n<\/tr>\n<tr>\n<td align=\"center\" valign=\"middle\">HP3V140<\/td>\n<td align=\"center\" valign=\"middle\">140<\/td>\n<td align=\"center\" valign=\"middle\">350<\/td>\n<td align=\"center\" valign=\"middle\">400<\/td>\n<td align=\"center\" valign=\"middle\">2150<\/td>\n<td align=\"center\" valign=\"middle\">2500<\/td>\n<\/tr>\n<\/tbody>\n<\/table>\n<h2><strong>Fordeler med aksialstempel-hydraulisk pumpe med variabel forskyvning i HP3V-serien:<\/strong><\/h2>\n<p>\u2022 Brukes i \u00e5pent kretsl\u00f8p medie- og h\u00f8ytrykksapplikasjoner<br \/>\n\u2022 H\u00f8yt kontinuerlig trykk<br \/>\n\u2022 Gode selvgrunnende egenskaper<br \/>\n\u2022 H\u00f8y p\u00e5litelighet<br \/>\n\u2022 H\u00f8yt effekt-til-vekt-forhold<br \/>\n\u2022 Flere kontrollmetoder<br \/>\n\u2022 Rask respons<br \/>\n\u2022 Lavtrykkspuls<\/p>\n<h2><strong>HP3V-serien aksialstempel hydraulisk pumpe med variabel forskyvning <\/strong><strong>S\u00f8knad:<\/strong><\/h2>\n<p><img loading=\"lazy\" decoding=\"async\" class=\"alignnone wp-image-1934 size-full\" src=\"https:\/\/hydraulic-cylinders.net\/wp-content\/uploads\/2023\/10\/hp3v-series-axial-piston-variable-displacement-hydraulic-pump-2.webp\" alt=\"\" width=\"1156\" height=\"405\" srcset=\"https:\/\/hydraulic-cylinders.net\/wp-content\/uploads\/2023\/10\/hp3v-series-axial-piston-variable-displacement-hydraulic-pump-2.webp 1156w, https:\/\/hydraulic-cylinders.net\/wp-content\/uploads\/2023\/10\/hp3v-series-axial-piston-variable-displacement-hydraulic-pump-2-980x343.webp 980w, https:\/\/hydraulic-cylinders.net\/wp-content\/uploads\/2023\/10\/hp3v-series-axial-piston-variable-displacement-hydraulic-pump-2-480x168.webp 480w\" sizes=\"(min-width: 0px) and (max-width: 480px) 480px, (min-width: 481px) and (max-width: 980px) 980px, (min-width: 981px) 1156px, 100vw\" \/><\/p>\n<h2><strong>Bruksmetode for HP3V-serien aksialstempel hydraulisk pumpe med variabel forskyvning<\/strong><strong>:<\/strong><\/h2>\n<ul>\n<li><strong>Pumpeinstallasjon:<\/strong> Installer HP3V-seriens aksialstempelhydraulikkpumpe med variabelt fortrengning p\u00e5 det angitte stedet i det hydrauliske systemet. Se produsentens retningslinjer og spesifikasjoner for riktig justering og sikkert feste til systemets struktur ved hjelp av passende monteringsbraketter eller tilbeh\u00f8r.<\/li>\n<li><strong>Integrering av hydraulisk system:<\/strong> Koble pumpen til det hydrauliske systemet med kompatible slanger, koblinger og ventiler. S\u00f8rg for at alle koblinger er sikre, lekkasjefrie og riktig strammet for \u00e5 garantere optimal hydraulisk ytelse.<\/li>\n<li><strong>V\u00e6skekompatibilitet:<\/strong> Kontroller at hydraulikkv\u00e6sken som brukes i systemet er kompatibel med HP3V-serien av pumper. Se produsentens anbefalinger for riktig v\u00e6sketype, viskositet og temperaturomr\u00e5de. Overv\u00e5k og vedlikehold hydraulikkv\u00e6sken regelmessig for \u00e5 sikre riktig drift og levetid for pumpen.<\/li>\n<li><strong>Driftsparametere:<\/strong> Gj\u00f8r deg kjent med pumpens kontrollalternativer og juster driftsparametrene i henhold til de spesifikke kravene til det hydrauliske systemet. Overv\u00e5k og endre pumpens slagvoluminnstillinger for \u00e5 optimalisere ytelse og energieffektivitet.<\/li>\n<\/ul>\n<h2><strong>Hvordan fjerne endedekselet p\u00e5 den hydrauliske sylinderen?<\/strong><\/h2>\n<p>For \u00e5 fjerne endedekselet p\u00e5 en hydraulisk sylinder, f\u00f8lg disse trinnene:<\/p>\n<ol>\n<li><strong>Forbered deg p\u00e5 oppgaven:<\/strong>\n<ul>\n<li>S\u00f8rg for at det hydrauliske systemet er trykkavlastet og frakoblet.<\/li>\n<li>Rengj\u00f8r utsiden av sylinderen for \u00e5 forhindre at rusk kommer inn under prosessen.<\/li>\n<li>Plasser sylinderen p\u00e5 en stabil arbeidsflate og fest den med klemmer eller en skrustikke.<\/li>\n<\/ul>\n<\/li>\n<li><strong>Identifiser tilbakeholdelsesmekanismer:<\/strong>\n<ul>\n<li>Inspiser sylinderen for \u00e5 finne ut hvilken festemekanisme som brukes p\u00e5 endedekselet. Det kan v\u00e6re bolter, gjengede forbindelser, l\u00e5seringer eller l\u00e5seringer.<\/li>\n<\/ul>\n<\/li>\n<li><strong>Fjern bolter eller festemidler:<\/strong>\n<ul>\n<li>Hvis endehetten er festet med bolter, bruk en passende skiften\u00f8kkel eller pipen\u00f8kkel til \u00e5 l\u00f8sne og fjerne dem.<\/li>\n<li>S\u00f8rg for at du har tilstrekkelig tilgang til alle boltene, og fjern dem jevnt. Unng\u00e5 \u00e5 skade sylinderen eller endedekselet.<\/li>\n<\/ul>\n<\/li>\n<li><strong>L\u00f8sne gjengede forbindelser:<\/strong>\n<ul>\n<li>For gjengede tilkoblinger, bruk en skiften\u00f8kkel eller fastn\u00f8kkel til \u00e5 l\u00f8sne forbindelsen mellom endehetten og sylinderhuset.<\/li>\n<li>Bruk forsiktig, men jevn kraft mot klokken for \u00e5 l\u00f8sne gjengene.<\/li>\n<li>N\u00e5r den er l\u00f8snet, fortsett \u00e5 vri endehetten for h\u00e5nd til den kan fjernes helt.<\/li>\n<\/ul>\n<\/li>\n<li><strong>Fjern l\u00e5seringer eller l\u00e5seringer:<\/strong>\n<ul>\n<li>Hvis endehetten er festet med l\u00e5seringer eller l\u00e5seringer, bruk en l\u00e5seringtang eller l\u00e5seringtang til \u00e5 fjerne ringene forsiktig.<\/li>\n<li>Sett tangen inn i ringens ender og klem h\u00e5ndtakene for \u00e5 komprimere ringen, slik at den kan trekkes ut av sporet.<\/li>\n<li>V\u00e6r forsiktig s\u00e5 du ikke skader sylinderen eller endedekselet under denne prosessen.<\/li>\n<\/ul>\n<\/li>\n<li><strong>Separer endedekselet:<\/strong>\n<ul>\n<li>N\u00e5r alle festemekanismer er fjernet, bank forsiktig p\u00e5 endehetten med en gummihammer eller en myk hammer for \u00e5 l\u00f8sne den fra sylinderhuset.<\/li>\n<li>Bruk jevn kraft rundt omkretsen av endehetten for \u00e5 forhindre at den setter seg fast.<\/li>\n<\/ul>\n<\/li>\n<li><strong>Inspiser og rengj\u00f8r:<\/strong>\n<ul>\n<li>N\u00e5r endehetten er fjernet, inspiser tetningsflatene, O-ringene og de indre komponentene for skader eller slitasje.<\/li>\n<li>Rengj\u00f8r endedekselet, sylinderhuset og alle tilh\u00f8rende komponenter med en lofri klut eller et passende l\u00f8semiddel for \u00e5 fjerne eventuelle forurensninger eller rusk.<\/li>\n<\/ul>\n<\/li>\n<\/ol>\n<h2><strong>Fabrikkens kapasitet og kapasitet:<\/strong><\/h2>\n<h3>(1) Montering<\/h3>\n<p>Vi har en f\u00f8rsteklasses uavhengig forsknings- og utviklingsplattform for montering. Verkstedet for produksjon av hydrauliske sylindere har fire halvautomatiske monteringslinjer for l\u00f8ftesylindere og \u00e9n automatisk monteringslinje for vippesylindere, med en \u00e5rlig produksjonskapasitet p\u00e5 1 million enheter. Spesialsylinderverkstedet er utstyrt med ulike spesifikasjoner for et halvautomatisk rengj\u00f8ringsmonteringssystem med en \u00e5rlig produksjonskapasitet p\u00e5 200 000 enheter, og er utstyrt med kjent CNC-maskineringsutstyr, et maskineringssenter, spesialutstyr for h\u00f8ypresisjons sylinderbehandling, en robotsveisemaskin, en automatisk rengj\u00f8ringsmaskin, en automatisk sylindermonteringsmaskin og en automatisk produksjonslinje for lakkering. Vi har mer enn 300 sett (sett) av kritisk utstyr. Optimal allokering og effektiv bruk av utstyrsressurser sikrer n\u00f8yaktighetskravene til produktene og oppfyller produktenes h\u00f8ye kvalitetsbehov.<\/p>\n<p><img loading=\"lazy\" decoding=\"async\" class=\"alignnone wp-image-626\" src=\"https:\/\/hydraulic-cylinders.net\/wp-content\/uploads\/2023\/08\/hydraulic-cylinder-product-1-300x158.webp\" alt=\"\" width=\"495\" height=\"260\" srcset=\"https:\/\/hydraulic-cylinders.net\/wp-content\/uploads\/2023\/08\/hydraulic-cylinder-product-1-300x158.webp 495w, https:\/\/hydraulic-cylinders.net\/wp-content\/uploads\/2023\/08\/hydraulic-cylinder-product-1-480x252.webp 480w\" sizes=\"(min-width: 0px) and (max-width: 480px) 480px, (min-width: 481px) 495px, 100vw\" \/> <img loading=\"lazy\" decoding=\"async\" class=\"alignnone wp-image-627\" src=\"https:\/\/hydraulic-cylinders.net\/wp-content\/uploads\/2023\/08\/hydraulic-cylinder-product-2-300x189.webp\" alt=\"\" width=\"413\" height=\"260\" \/><\/p>\n<h3>(2) Maskinering<\/h3>\n<p>Maskineringsverkstedet er utstyrt med et spesialtilpasset dreiesenter for skr\u00e5 skinner, maskineringssenter, h\u00f8yhastighets honemaskin, sveiserobot og annet relatert utstyr, som kan h\u00e5ndtere bearbeiding av sylinderr\u00f8r med en maksimal indre diameter p\u00e5 400 mm og en maksimal lengde p\u00e5 6 meter.<\/p>\n<p><img loading=\"lazy\" decoding=\"async\" class=\"alignnone wp-image-628 size-large\" src=\"https:\/\/hydraulic-cylinders.net\/wp-content\/uploads\/2023\/08\/hydraulic-cylinder-product-3-1024x391.webp\" alt=\"\" width=\"1024\" height=\"391\" srcset=\"https:\/\/hydraulic-cylinders.net\/wp-content\/uploads\/2023\/08\/hydraulic-cylinder-product-3-980x374.webp 980w, https:\/\/hydraulic-cylinders.net\/wp-content\/uploads\/2023\/08\/hydraulic-cylinder-product-3-480x183.webp 480w\" sizes=\"(min-width: 0px) and (max-width: 480px) 480px, (min-width: 481px) and (max-width: 980px) 980px, (min-width: 981px) 1024px, 100vw\" \/><\/p>\n<h3>(3) Sveising<\/h3>\n<p><img loading=\"lazy\" decoding=\"async\" class=\"alignnone wp-image-629 size-large\" src=\"https:\/\/hydraulic-cylinders.net\/wp-content\/uploads\/2023\/08\/hydraulic-cylinder-product-4-1024x510.webp\" alt=\"\" width=\"1024\" height=\"510\" srcset=\"https:\/\/hydraulic-cylinders.net\/wp-content\/uploads\/2023\/08\/hydraulic-cylinder-product-4-980x488.webp 980w, https:\/\/hydraulic-cylinders.net\/wp-content\/uploads\/2023\/08\/hydraulic-cylinder-product-4-480x239.webp 480w\" sizes=\"(min-width: 0px) and (max-width: 480px) 480px, (min-width: 481px) and (max-width: 980px) 980px, (min-width: 981px) 1024px, 100vw\" \/><\/p>\n<h3>(4) Maling og belegg<\/h3>\n<p>Med sm\u00e5 og mellomstore sylinderautomatiske vannbaserte malingsbeleggslinjer, for \u00e5 oppn\u00e5 automatisk robotlasting og -lossing og automatisk spr\u00f8yting, er den designede kapasiteten 4000 stykker per skift;<br \/>\nVi har ogs\u00e5 en halvautomatisk produksjonslinje for maling for store sylindere drevet av en kabelkjede, med en designkapasitet p\u00e5 60 kasser per skift.<\/p>\n<p><img loading=\"lazy\" decoding=\"async\" class=\"alignnone wp-image-630\" src=\"https:\/\/hydraulic-cylinders.net\/wp-content\/uploads\/2023\/08\/hydraulic-cylinder-product-5-300x213.webp\" alt=\"\" width=\"366\" height=\"260\" \/> <img loading=\"lazy\" decoding=\"async\" class=\"alignnone wp-image-631\" src=\"https:\/\/hydraulic-cylinders.net\/wp-content\/uploads\/2023\/08\/hydraulic-cylinder-product-6-300x225.webp\" alt=\"\" width=\"347\" height=\"260\" \/><\/p>\n<h3>(5) Testing<\/h3>\n<p>Vi har f\u00f8rsteklasses inspeksjonsfasiliteter og testbenker for \u00e5 sikre at sylinderens ytelse oppfyller kravene.<\/p>\n<p><img loading=\"lazy\" decoding=\"async\" class=\"alignnone wp-image-632\" src=\"https:\/\/hydraulic-cylinders.net\/wp-content\/uploads\/2023\/08\/hydraulic-cylinder-product-8-300x200.webp\" alt=\"\" width=\"389\" height=\"260\" \/><\/p>\n<p>&nbsp;<\/p>\n<p>&nbsp;<\/p>\n<p>Vi er en av de beste produsentene av hydrauliske sylindere. Vi kan tilby et omfattende utvalg av hydrauliske sylindere. Vi tilbyr ogs\u00e5 tilsvarende <a href=\"https:\/\/hzpt.com\/agricultural-pto-gearbox\/\" target=\"_blank\" rel=\"noopener\">landbruksgirkasser<\/a>Vi har eksportert produktene v\u00e5re til kunder over hele verden og opparbeidet oss et godt rykte p\u00e5 grunn av v\u00e5r overlegne produktkvalitet og ettersalgsservice. Vi \u00f8nsker kunder i inn- og utland velkommen til \u00e5 kontakte oss for \u00e5 forhandle om forretninger, utveksle informasjon og <a href=\"https:\/\/www.hydraulic-cylinders.net\/nb\/contact-us\/\">samarbeide med oss<\/a>!<\/p>\n<p>&nbsp;<\/p>","protected":false},"excerpt":{"rendered":"<p>HP3V Series Axial Piston Variable Displacement Hydraulic Pump The HP3V series axial piston variable displacement hydraulic pump is a game-changer in hydraulic systems. This pump is designed with precision engineering and cutting-edge technology and delivers superior efficiency and performance, making it an indispensable component for various industrial applications. This comprehensive article will explore the key [&hellip;]<\/p>","protected":false},"featured_media":1932,"comment_status":"open","ping_status":"closed","template":"","meta":{"_et_pb_use_builder":"","_et_pb_old_content":"","_et_gb_content_width":""},"product_brand":[],"product_cat":[1425],"product_tag":[1380],"class_list":{"0":"post-1920","1":"product","2":"type-product","3":"status-publish","4":"has-post-thumbnail","6":"product_cat-piston-pump","7":"product_tag-hydraulic-cylinder","9":"first","10":"instock","11":"shipping-taxable","12":"product-type-simple"},"amp_enabled":true,"_links":{"self":[{"href":"https:\/\/www.hydraulic-cylinders.net\/nb\/wp-json\/wp\/v2\/product\/1920","targetHints":{"allow":["GET"]}}],"collection":[{"href":"https:\/\/www.hydraulic-cylinders.net\/nb\/wp-json\/wp\/v2\/product"}],"about":[{"href":"https:\/\/www.hydraulic-cylinders.net\/nb\/wp-json\/wp\/v2\/types\/product"}],"replies":[{"embeddable":true,"href":"https:\/\/www.hydraulic-cylinders.net\/nb\/wp-json\/wp\/v2\/comments?post=1920"}],"wp:featuredmedia":[{"embeddable":true,"href":"https:\/\/www.hydraulic-cylinders.net\/nb\/wp-json\/wp\/v2\/media\/1932"}],"wp:attachment":[{"href":"https:\/\/www.hydraulic-cylinders.net\/nb\/wp-json\/wp\/v2\/media?parent=1920"}],"wp:term":[{"taxonomy":"product_brand","embeddable":true,"href":"https:\/\/www.hydraulic-cylinders.net\/nb\/wp-json\/wp\/v2\/product_brand?post=1920"},{"taxonomy":"product_cat","embeddable":true,"href":"https:\/\/www.hydraulic-cylinders.net\/nb\/wp-json\/wp\/v2\/product_cat?post=1920"},{"taxonomy":"product_tag","embeddable":true,"href":"https:\/\/www.hydraulic-cylinders.net\/nb\/wp-json\/wp\/v2\/product_tag?post=1920"}],"curies":[{"name":"wp","href":"https:\/\/api.w.org\/{rel}","templated":true}]}}