{"id":1921,"date":"2023-10-20T03:13:13","date_gmt":"2023-10-20T03:13:13","guid":{"rendered":"https:\/\/hydraulic-cylinders.net\/?post_type=product&#038;p=1921"},"modified":"2023-10-20T03:55:31","modified_gmt":"2023-10-20T03:55:31","slug":"hp3v-s-series-axial-piston-variable-displacement-hydraulic-pump","status":"publish","type":"product","link":"https:\/\/www.hydraulic-cylinders.net\/nb\/produkt\/hp3v-s-series-axial-piston-variable-displacement-hydraulic-pump\/","title":{"rendered":"HP3V-S-serien aksialstempelhydraulisk pumpe med variabel forskyvning"},"content":{"rendered":"<h1 style=\"text-align: center;\"><strong>HP3V-S-serien aksialstempelhydraulisk pumpe med variabel forskyvning<\/strong><\/h1>\n<p><img loading=\"lazy\" decoding=\"async\" class=\"aligncenter wp-image-1935\" src=\"https:\/\/hydraulic-cylinders.net\/wp-content\/uploads\/2023\/10\/hp3v-s-series-axial-piston-variable-displacement-hydraulic-pump-1-300x300.webp\" alt=\"\" width=\"400\" height=\"400\" \/><\/p>\n<p>HP3V-S-serien aksialstempel-hydraulisk pumpe med variabelt fortrengning er en banebrytende l\u00f8sning som revolusjonerer hydrauliske systemer. Med sin eksepsjonelle effektivitet og enest\u00e5ende ytelse er denne pumpen uunnv\u00e6rlig i ulike industrielle applikasjoner. Denne omfattende artikkelen vil utforske de viktigste egenskapene, bruksmetodene og vedlikeholdsretningslinjene for HP3V-S-serien aksialstempel-hydraulisk pumpe med variabelt fortrengning.<\/p>\n<p>HP3V-S-serien aksialstempel-hydraulisk pumpe med variabelt fortrengning er en kraftig og effektiv l\u00f8sning for hydrauliske systemer. Med sin variable fortrengningsteknologi, kompakte design og stilleg\u00e5ende drift, leverer denne pumpen eksepsjonell ytelse p\u00e5 tvers av ulike industrielle applikasjoner. Ved \u00e5 f\u00f8lge de anbefalte bruksmetodene og regelmessige vedlikeholdspraksiser, vil hp3v-s-seriens pumper fortsette \u00e5 gi enest\u00e5ende ytelse, noe som bidrar til suksessen til hydrauliske systemer. Omfavn kraften i effektivitet og ytelse med hp3v-s-serien aksialstempel-hydraulisk pumpe med variabelt fortrengning og frigj\u00f8r det fulle potensialet til ditt hydrauliske system.<\/p>\n<p>HP3V-S-serien aksialstempelpumpe med variabelt slagvolum Viktige egenskaper:<\/p>\n<ul>\n<li>Variabel fortrengningsteknologi: HP3V-S-serien av pumper er utstyrt med avansert variabel fortrengningsteknologi, og muliggj\u00f8r presis justering av utgangsvolumet for \u00e5 matche spesifikke systemkrav. Denne funksjonen maksimerer energieffektiviteten, reduserer varmeutviklingen og optimaliserer den generelle systemytelsen.<\/li>\n<li>Uovertruffen effektivitet: HP3V-S-serien av pumper benytter en innovativ aksialstempeldesign som gir eksepsjonell effektivitet. Presis hydraulisk kraft sikrer jevn drift og h\u00e5ndterer h\u00f8ytrykksapplikasjoner uten problemer.<\/li>\n<li>Kompakt og allsidig: Pumpens kompakte design muliggj\u00f8r enkel integrering i hydrauliske systemer med begrenset plass. Allsidigheten gj\u00f8r at den kan brukes p\u00e5 tvers av ulike applikasjoner uten at det g\u00e5r p\u00e5 bekostning av ytelse eller funksjonalitet.<\/li>\n<li>Stille og p\u00e5litelig drift: St\u00f8yreduserende funksjoner som er integrert i HP3V-S-serien av pumper sikrer stille drift i ulike industrielle milj\u00f8er. Denne egenskapen er verdifull i applikasjoner som krever lave st\u00f8yniv\u00e5er, og fremmer et komfortabelt og produktivt arbeidsmilj\u00f8. I tillegg sikrer pumpens robuste konstruksjon langvarig p\u00e5litelighet.<\/li>\n<\/ul>\n<h2><strong>HP3V-S-serien aksialstempel variabel forskyvning hydraulisk pumpe Parameter:<\/strong><\/h2>\n<table class=\"table table-bordered table-hover table-colored\" data-sort=\"sortDisabled\">\n<tbody>\n<tr class=\"firstRow\">\n<td colspan=\"2\" align=\"left\" valign=\"middle\">St\u00f8rrelse<\/td>\n<td align=\"center\" valign=\"middle\">HP5VS28<\/td>\n<td align=\"center\" valign=\"middle\">HP5V28<\/td>\n<td align=\"center\" valign=\"middle\">HP5V45<\/td>\n<td align=\"center\" valign=\"middle\">HP5V60<\/td>\n<td align=\"center\" valign=\"middle\">HP5V76<\/td>\n<td align=\"center\" valign=\"middle\">HP5V85<\/td>\n<td align=\"center\" valign=\"middle\">HP5V105<\/td>\n<\/tr>\n<tr>\n<td colspan=\"2\" align=\"left\" valign=\"middle\">Slagvolum (cc\/omdreining)<\/td>\n<td align=\"center\" valign=\"middle\">28<\/td>\n<td align=\"center\" valign=\"middle\">28<\/td>\n<td align=\"center\" valign=\"middle\">45<\/td>\n<td align=\"center\" valign=\"middle\">60<\/td>\n<td align=\"center\" valign=\"middle\">76<\/td>\n<td align=\"center\" valign=\"middle\">85<\/td>\n<td align=\"center\" valign=\"middle\">104.3<\/td>\n<\/tr>\n<tr>\n<td rowspan=\"2\" align=\"left\" valign=\"middle\">Trykk<\/td>\n<td align=\"center\" valign=\"middle\">Nominelt trykk (bar)<\/td>\n<td align=\"center\" valign=\"middle\">250<\/td>\n<td align=\"center\" valign=\"middle\">320<\/td>\n<td align=\"center\" valign=\"middle\">320<\/td>\n<td align=\"center\" valign=\"middle\">250<\/td>\n<td align=\"center\" valign=\"middle\">320<\/td>\n<td align=\"center\" valign=\"middle\">280<\/td>\n<td align=\"center\" valign=\"middle\">350<\/td>\n<\/tr>\n<tr>\n<td align=\"left\" valign=\"middle\">Topptrykk (bar)<\/td>\n<td align=\"center\" valign=\"middle\">315<\/td>\n<td align=\"center\" valign=\"middle\">350<\/td>\n<td align=\"center\" valign=\"middle\">350<\/td>\n<td align=\"center\" valign=\"middle\">280<\/td>\n<td align=\"center\" valign=\"middle\">350<\/td>\n<td align=\"center\" valign=\"middle\">320<\/td>\n<td align=\"center\" valign=\"middle\">400<\/td>\n<\/tr>\n<tr>\n<td rowspan=\"2\" align=\"left\" valign=\"middle\">Rotasjonshastighet o\/min<\/td>\n<td align=\"center\" valign=\"middle\">Maks for selvsugende\u00a0<sup>*1<\/sup>\u00a0(bar)<\/td>\n<td align=\"center\" valign=\"middle\">3000<\/td>\n<td align=\"center\" valign=\"middle\">3000<\/td>\n<td align=\"center\" valign=\"middle\">2700<\/td>\n<td align=\"center\" valign=\"middle\">2400<\/td>\n<td align=\"center\" valign=\"middle\">2400<\/td>\n<td align=\"center\" valign=\"middle\">2400<\/td>\n<td align=\"center\" valign=\"middle\">2200<\/td>\n<\/tr>\n<tr>\n<td align=\"center\" valign=\"middle\">Maks<sup>*2\u00a0<\/sup>\u00a0(bar)<\/td>\n<td align=\"center\" valign=\"middle\">3600<\/td>\n<td align=\"center\" valign=\"middle\">3600<\/td>\n<td align=\"center\" valign=\"middle\">3250<\/td>\n<td align=\"center\" valign=\"middle\">3000<\/td>\n<td align=\"center\" valign=\"middle\">3000<\/td>\n<td align=\"center\" valign=\"middle\">3000<\/td>\n<td align=\"center\" valign=\"middle\">2600<\/td>\n<\/tr>\n<tr>\n<td colspan=\"2\" align=\"left\" valign=\"middle\">Vekt (kg)<\/td>\n<td align=\"center\" valign=\"middle\">17.2<\/td>\n<td align=\"center\" valign=\"middle\">20<\/td>\n<td align=\"center\" valign=\"middle\">24<\/td>\n<td align=\"center\" valign=\"middle\">24<\/td>\n<td align=\"center\" valign=\"middle\">28<\/td>\n<td align=\"center\" valign=\"middle\">28<\/td>\n<td align=\"center\" valign=\"middle\">45<\/td>\n<\/tr>\n<tr>\n<td colspan=\"2\" align=\"left\" valign=\"middle\">Mengde olje som skal fylles i pumpehuset (L)<\/td>\n<td align=\"center\" valign=\"middle\">0.55<\/td>\n<td align=\"center\" valign=\"middle\">0.6<\/td>\n<td align=\"center\" valign=\"middle\">0.6<\/td>\n<td align=\"center\" valign=\"middle\">0.6<\/td>\n<td align=\"center\" valign=\"middle\">0.8<\/td>\n<td align=\"center\" valign=\"middle\">0.8<\/td>\n<td align=\"center\" valign=\"middle\">1<\/td>\n<\/tr>\n<tr>\n<td colspan=\"2\" align=\"left\" valign=\"middle\">Temperaturomr\u00e5de (\u2103)<\/td>\n<td colspan=\"7\" align=\"center\" valign=\"middle\">-20~95<\/td>\n<\/tr>\n<tr>\n<td colspan=\"2\" rowspan=\"1\" align=\"left\" valign=\"middle\">Temperaturomr\u00e5de (mm<sup>2<\/sup>\/s)<\/td>\n<td colspan=\"7\" align=\"center\" valign=\"middle\">10-1000<sup>*3<\/sup>(Den beste bruken av viskositetsomr\u00e5det 16~36 mm<sup>2<\/sup>\/s)<\/td>\n<\/tr>\n<\/tbody>\n<\/table>\n<h2><strong>Fordeler med aksialstempel-hydraulisk pumpe med variabel forskyvning i HP3V-S-serien:<\/strong><\/h2>\n<p>\u2022 Variabel pumpe i svingplateutf\u00f8relse for \u00e5pen krets.<br \/>\n\u2022 Sammenlignet med produkter p\u00e5 det eksisterende markedet, brukes forsterkede drivaksler og h\u00f8yfast sylindermateriale, noe som f\u00f8rer til ytelse ved kontinuerlig trykk p\u00e5 mer enn 320 bar.<br \/>\n\u2022 Kraftige lagre som sylindriske ruller er brukt for \u00e5 forbedre lastekapasiteten og lang levetid.<br \/>\n\u2022 H\u00f8yt effekt-til-vekt-forhold.<br \/>\n\u2022 Tilgjengelig med amerikanske (SAE) og japanske (JIS) monteringsflenser og aksler.<br \/>\n\u2022 Utmerket p\u00e5litelighet og lang levetid.<br \/>\n\u2022 Ulike kontrollalternativer.<br \/>\n\u2022 Valgfritt gjennomg\u00e5ende drivverk.<br \/>\n\u2022 Rask kontrollrespons.<br \/>\n\u2022 Lavtrykkspulsering og lav st\u00f8y.<br \/>\n\u2022 Utviklet for ingeni\u00f8rarbeid, mobile kj\u00f8ret\u00f8y, industri, andre industrielle applikasjoner og landbruksmaskiner<\/p>\n<h2><strong>HP3V-S-serien aksialstempelhydraulisk pumpe med variabel forskyvning <\/strong><strong>S\u00f8knad:<\/strong><\/h2>\n<p><img loading=\"lazy\" decoding=\"async\" class=\"alignnone wp-image-1938 size-full\" src=\"https:\/\/hydraulic-cylinders.net\/wp-content\/uploads\/2023\/10\/hp3v-s-series-axial-piston-variable-displacement-hydraulic-pump-2.jpg\" alt=\"\" width=\"1145\" height=\"234\" srcset=\"https:\/\/hydraulic-cylinders.net\/wp-content\/uploads\/2023\/10\/hp3v-s-series-axial-piston-variable-displacement-hydraulic-pump-2.jpg 1145w, https:\/\/hydraulic-cylinders.net\/wp-content\/uploads\/2023\/10\/hp3v-s-series-axial-piston-variable-displacement-hydraulic-pump-2-980x200.jpg 980w, https:\/\/hydraulic-cylinders.net\/wp-content\/uploads\/2023\/10\/hp3v-s-series-axial-piston-variable-displacement-hydraulic-pump-2-480x98.jpg 480w\" sizes=\"(min-width: 0px) and (max-width: 480px) 480px, (min-width: 481px) and (max-width: 980px) 980px, (min-width: 981px) 1145px, 100vw\" \/><\/p>\n<h2><strong>Bruksmetode for HP3V-serien aksialstempel hydraulisk pumpe med variabel forskyvning<\/strong><strong>:<\/strong><\/h2>\n<ul>\n<li><strong>Installasjon:<\/strong> Velg et passende sted i det hydrauliske systemet for \u00e5 installere HP3V-S-seriens aksialstempelhydraulikkpumpe med variabelt fortrengningsvolum. S\u00f8rg for riktig justering og sikkert feste til systemets struktur ved hjelp av passende monteringsbraketter eller tilbeh\u00f8r.<\/li>\n<li><strong>Integrasjon med hydraulisk system:<\/strong> Koble pumpen til det hydrauliske systemet med kompatible slanger, koblinger og ventiler. S\u00f8rg for at alle koblinger er sikre, lekkasjefrie og riktig strammet for \u00e5 garantere optimal hydraulisk ytelse.<\/li>\n<li><strong>V\u00e6skekompatibilitet:<\/strong> Kontroller at hydraulikkv\u00e6sken som brukes i systemet er kompatibel med HP3V-S-serien av pumper. Se produsentens anbefalinger for riktig v\u00e6sketype, viskositet og temperaturomr\u00e5de. Overv\u00e5k og vedlikehold hydraulikkv\u00e6sken regelmessig for \u00e5 sikre riktig drift og levetid for pumpen.<\/li>\n<li><strong>Driftsparametere:<\/strong> Gj\u00f8r deg kjent med pumpens kontrollalternativer og juster driftsparametrene i henhold til de spesifikke kravene til det hydrauliske systemet. Overv\u00e5k og endre pumpens slagvoluminnstillinger for \u00e5 optimalisere ytelse og energieffektivitet.<\/li>\n<\/ul>\n<h2><strong>Hvordan bygge opp en hydraulisk sylinder?<\/strong><\/h2>\n<p>\u00c5 gjenoppbygge en hydraulisk sylinder inneb\u00e6rer \u00e5 demontere, inspisere, bytte ut slitte eller skadede komponenter og montere sylinderen p\u00e5 nytt. Her er en trinnvis veiledning for hvordan du gjenoppbygger en hydraulisk sylinder:<\/p>\n<ol>\n<li><strong>Preparat:<\/strong>\n<ul>\n<li>S\u00f8rg for at det hydrauliske systemet er trykkavlastet og frakoblet.<\/li>\n<li>Rengj\u00f8r utsiden av sylinderen for \u00e5 forhindre forurensning under gjenoppbyggingsprosessen.<\/li>\n<li>Plasser sylinderen p\u00e5 en stabil arbeidsflate og fest den med klemmer eller en skrustikke.<\/li>\n<\/ul>\n<\/li>\n<li><strong>Demontering:<\/strong>\n<ul>\n<li>Fjern endehettene p\u00e5 sylinderen ved hjelp av passende verkt\u00f8y og teknikker som er beskrevet av produsenten.<\/li>\n<li>Fjern stempel- og stempelstangenheten forsiktig fra sylindersylinderen.<\/li>\n<li>V\u00e6r oppmerksom p\u00e5 rekkef\u00f8lgen komponentene demonteres i for \u00e5 sikre korrekt montering.<\/li>\n<\/ul>\n<\/li>\n<li><strong>Unders\u00f8kelse:<\/strong>\n<ul>\n<li>Unders\u00f8k alle komponenter grundig for tegn p\u00e5 slitasje, skade eller forurensning.<\/li>\n<li>Sjekk sylinderl\u00f8pet for riper, groper eller rust. Hvis det er betydelig skade, m\u00e5 l\u00f8pet kanskje byttes ut.<\/li>\n<li>Unders\u00f8k stempelet, stangen og pakningene for slitasje, hakk eller riper. Skift ut eventuelle skadede deler.<\/li>\n<\/ul>\n<\/li>\n<li><strong>Komponentutskifting:<\/strong>\n<ul>\n<li>Skift ut stempeltetningene, stangtetningene og eventuelle O-ringer eller pakninger som viser tegn til slitasje eller skade.<\/li>\n<li>S\u00f8rg for at erstatningskomponentene er kompatible med den spesifikke hydrauliske sylindermodellen.<\/li>\n<li>Sm\u00f8r de nye pakningene og O-ringene med hydraulikkolje f\u00f8r montering.<\/li>\n<\/ul>\n<\/li>\n<li><strong>Montering:<\/strong>\n<ul>\n<li>Begynn monteringen ved \u00e5 sette stempel- og stempelstangenheten tilbake i sylinderr\u00f8ret.<\/li>\n<li>P\u00e5f\u00f8r et tynt lag med hydraulisk olje p\u00e5 sylindersylinderen og pakningene for \u00e5 gj\u00f8re monteringen enklere.<\/li>\n<li>Juster komponentene forsiktig og skyv stempelenheten inn i sylinderr\u00f8ret.<\/li>\n<li>Fest endehettene, og s\u00f8rg for riktig justering og tetthet i henhold til produsentens spesifikasjoner.<\/li>\n<\/ul>\n<\/li>\n<li><strong>Testing og installasjon:<\/strong>\n<ul>\n<li>N\u00e5r sylinderen er montert igjen, utf\u00f8r en trykktest for \u00e5 sikre at den fungerer som den skal.<\/li>\n<li>Koble til det hydrauliske systemet og \u00f8k trykket gradvis mens du kontrollerer for lekkasjer eller unormal oppf\u00f8rsel.<\/li>\n<li>Hvis sylinderen best\u00e5r trykktesten, er den klar for montering tilbake i det hydrauliske systemet.<\/li>\n<\/ul>\n<\/li>\n<li><strong>Regelmessig vedlikehold:<\/strong>\n<ul>\n<li>Implementer en regelmessig vedlikeholdsplan for \u00e5 forlenge levetiden til den ombygde hydrauliske sylinderen.<\/li>\n<li>Overv\u00e5k sylinderen for tegn p\u00e5 lekkasje, overdreven slitasje eller andre problemer.<\/li>\n<li>Rengj\u00f8r utsiden regelmessig og hold hydraulikkv\u00e6sken p\u00e5 riktig niv\u00e5.<\/li>\n<\/ul>\n<\/li>\n<\/ol>\n<h2><strong>Fabrikkens kapasitet og kapasitet:<\/strong><\/h2>\n<h3>(1) Montering<\/h3>\n<p>Vi har en f\u00f8rsteklasses uavhengig forsknings- og utviklingsplattform for montering. Verkstedet for produksjon av hydrauliske sylindere har fire halvautomatiske monteringslinjer for l\u00f8ftesylindere og \u00e9n automatisk monteringslinje for vippesylindere, med en \u00e5rlig produksjonskapasitet p\u00e5 1 million enheter. Spesialsylinderverkstedet er utstyrt med ulike spesifikasjoner for et halvautomatisk rengj\u00f8ringsmonteringssystem med en \u00e5rlig produksjonskapasitet p\u00e5 200 000 enheter, og er utstyrt med kjent CNC-maskineringsutstyr, et maskineringssenter, spesialutstyr for h\u00f8ypresisjons sylinderbehandling, en robotsveisemaskin, en automatisk rengj\u00f8ringsmaskin, en automatisk sylindermonteringsmaskin og en automatisk produksjonslinje for lakkering. Vi har mer enn 300 sett (sett) av kritisk utstyr. Optimal allokering og effektiv bruk av utstyrsressurser sikrer n\u00f8yaktighetskravene til produktene og oppfyller produktenes h\u00f8ye kvalitetsbehov.<\/p>\n<p><img loading=\"lazy\" decoding=\"async\" class=\"alignnone wp-image-626\" src=\"https:\/\/hydraulic-cylinders.net\/wp-content\/uploads\/2023\/08\/hydraulic-cylinder-product-1-300x158.webp\" alt=\"\" width=\"495\" height=\"260\" srcset=\"https:\/\/hydraulic-cylinders.net\/wp-content\/uploads\/2023\/08\/hydraulic-cylinder-product-1-300x158.webp 495w, https:\/\/hydraulic-cylinders.net\/wp-content\/uploads\/2023\/08\/hydraulic-cylinder-product-1-480x252.webp 480w\" sizes=\"(min-width: 0px) and (max-width: 480px) 480px, (min-width: 481px) 495px, 100vw\" \/> <img loading=\"lazy\" decoding=\"async\" class=\"alignnone wp-image-627\" src=\"https:\/\/hydraulic-cylinders.net\/wp-content\/uploads\/2023\/08\/hydraulic-cylinder-product-2-300x189.webp\" alt=\"\" width=\"413\" height=\"260\" \/><\/p>\n<h3>(2) Maskinering<\/h3>\n<p>Maskineringsverkstedet er utstyrt med et spesialtilpasset dreiesenter for skr\u00e5 skinner, maskineringssenter, h\u00f8yhastighets honemaskin, sveiserobot og annet relatert utstyr, som kan h\u00e5ndtere bearbeiding av sylinderr\u00f8r med en maksimal indre diameter p\u00e5 400 mm og en maksimal lengde p\u00e5 6 meter.<\/p>\n<p><img loading=\"lazy\" decoding=\"async\" class=\"alignnone wp-image-628 size-large\" src=\"https:\/\/hydraulic-cylinders.net\/wp-content\/uploads\/2023\/08\/hydraulic-cylinder-product-3-1024x391.webp\" alt=\"\" width=\"1024\" height=\"391\" srcset=\"https:\/\/hydraulic-cylinders.net\/wp-content\/uploads\/2023\/08\/hydraulic-cylinder-product-3-980x374.webp 980w, https:\/\/hydraulic-cylinders.net\/wp-content\/uploads\/2023\/08\/hydraulic-cylinder-product-3-480x183.webp 480w\" sizes=\"(min-width: 0px) and (max-width: 480px) 480px, (min-width: 481px) and (max-width: 980px) 980px, (min-width: 981px) 1024px, 100vw\" \/><\/p>\n<h3>(3) Sveising<\/h3>\n<p><img loading=\"lazy\" decoding=\"async\" class=\"alignnone wp-image-629 size-large\" src=\"https:\/\/hydraulic-cylinders.net\/wp-content\/uploads\/2023\/08\/hydraulic-cylinder-product-4-1024x510.webp\" alt=\"\" width=\"1024\" height=\"510\" srcset=\"https:\/\/hydraulic-cylinders.net\/wp-content\/uploads\/2023\/08\/hydraulic-cylinder-product-4-980x488.webp 980w, https:\/\/hydraulic-cylinders.net\/wp-content\/uploads\/2023\/08\/hydraulic-cylinder-product-4-480x239.webp 480w\" sizes=\"(min-width: 0px) and (max-width: 480px) 480px, (min-width: 481px) and (max-width: 980px) 980px, (min-width: 981px) 1024px, 100vw\" \/><\/p>\n<h3>(4) Maling og belegg<\/h3>\n<p>Med sm\u00e5 og mellomstore sylinderautomatiske vannbaserte malingsbeleggslinjer, for \u00e5 oppn\u00e5 automatisk robotlasting og -lossing og automatisk spr\u00f8yting, er den designede kapasiteten 4000 stykker per skift;<br \/>\nVi har ogs\u00e5 en halvautomatisk produksjonslinje for maling for store sylindere drevet av en kabelkjede, med en designkapasitet p\u00e5 60 kasser per skift.<\/p>\n<p><img loading=\"lazy\" decoding=\"async\" class=\"alignnone wp-image-630\" src=\"https:\/\/hydraulic-cylinders.net\/wp-content\/uploads\/2023\/08\/hydraulic-cylinder-product-5-300x213.webp\" alt=\"\" width=\"366\" height=\"260\" \/> <img loading=\"lazy\" decoding=\"async\" class=\"alignnone wp-image-631\" src=\"https:\/\/hydraulic-cylinders.net\/wp-content\/uploads\/2023\/08\/hydraulic-cylinder-product-6-300x225.webp\" alt=\"\" width=\"347\" height=\"260\" \/><\/p>\n<h3>(5) Testing<\/h3>\n<p>Vi har f\u00f8rsteklasses inspeksjonsfasiliteter og testbenker for \u00e5 sikre at sylinderens ytelse oppfyller kravene.<\/p>\n<p><img loading=\"lazy\" decoding=\"async\" class=\"alignnone wp-image-632\" src=\"https:\/\/hydraulic-cylinders.net\/wp-content\/uploads\/2023\/08\/hydraulic-cylinder-product-8-300x200.webp\" alt=\"\" width=\"389\" height=\"260\" \/><\/p>\n<p>&nbsp;<\/p>\n<p>&nbsp;<\/p>\n<p>Vi er en av de beste produsentene av hydrauliske sylindere. Vi kan tilby et omfattende utvalg av hydrauliske sylindere. Vi tilbyr ogs\u00e5 tilsvarende <a href=\"https:\/\/hzpt.com\/agricultural-pto-gearbox\/\" target=\"_blank\" rel=\"noopener\">landbruksgirkasser<\/a>Vi har eksportert produktene v\u00e5re til kunder over hele verden og opparbeidet oss et godt rykte p\u00e5 grunn av v\u00e5r overlegne produktkvalitet og ettersalgsservice. Vi \u00f8nsker kunder i inn- og utland velkommen til \u00e5 kontakte oss for \u00e5 forhandle om forretninger, utveksle informasjon og <a href=\"https:\/\/www.hydraulic-cylinders.net\/nb\/contact-us\/\">samarbeide med oss<\/a>!<\/p>\n<p>&nbsp;<\/p>","protected":false},"excerpt":{"rendered":"<p>HP3V-S Series Axial Piston Variable Displacement Hydraulic Pump The HP3V-S series axial piston variable displacement hydraulic pump is a cutting-edge solution that revolutionizes hydraulic systems. With its exceptional efficiency and outstanding performance, this pump is indispensable in various industrial applications. This comprehensive article will explore the key characteristics, usage methods, and maintenance guidelines for the [&hellip;]<\/p>","protected":false},"featured_media":1936,"comment_status":"open","ping_status":"closed","template":"","meta":{"_et_pb_use_builder":"","_et_pb_old_content":"","_et_gb_content_width":""},"product_brand":[],"product_cat":[1425],"product_tag":[1380],"class_list":{"0":"post-1921","1":"product","2":"type-product","3":"status-publish","4":"has-post-thumbnail","6":"product_cat-piston-pump","7":"product_tag-hydraulic-cylinder","9":"first","10":"instock","11":"shipping-taxable","12":"product-type-simple"},"amp_enabled":true,"_links":{"self":[{"href":"https:\/\/www.hydraulic-cylinders.net\/nb\/wp-json\/wp\/v2\/product\/1921","targetHints":{"allow":["GET"]}}],"collection":[{"href":"https:\/\/www.hydraulic-cylinders.net\/nb\/wp-json\/wp\/v2\/product"}],"about":[{"href":"https:\/\/www.hydraulic-cylinders.net\/nb\/wp-json\/wp\/v2\/types\/product"}],"replies":[{"embeddable":true,"href":"https:\/\/www.hydraulic-cylinders.net\/nb\/wp-json\/wp\/v2\/comments?post=1921"}],"wp:featuredmedia":[{"embeddable":true,"href":"https:\/\/www.hydraulic-cylinders.net\/nb\/wp-json\/wp\/v2\/media\/1936"}],"wp:attachment":[{"href":"https:\/\/www.hydraulic-cylinders.net\/nb\/wp-json\/wp\/v2\/media?parent=1921"}],"wp:term":[{"taxonomy":"product_brand","embeddable":true,"href":"https:\/\/www.hydraulic-cylinders.net\/nb\/wp-json\/wp\/v2\/product_brand?post=1921"},{"taxonomy":"product_cat","embeddable":true,"href":"https:\/\/www.hydraulic-cylinders.net\/nb\/wp-json\/wp\/v2\/product_cat?post=1921"},{"taxonomy":"product_tag","embeddable":true,"href":"https:\/\/www.hydraulic-cylinders.net\/nb\/wp-json\/wp\/v2\/product_tag?post=1921"}],"curies":[{"name":"wp","href":"https:\/\/api.w.org\/{rel}","templated":true}]}}