{"id":19216,"date":"2025-04-07T06:18:34","date_gmt":"2025-04-07T06:18:34","guid":{"rendered":"https:\/\/www.hydraulic-cylinders.net\/product\/boom-cylinder-for-zoomlion-middle-excavator-ze210e\/"},"modified":"2025-04-07T06:18:36","modified_gmt":"2025-04-07T06:18:36","slug":"boom-cylinder-for-zoomlion-middle-excavator-ze210e","status":"publish","type":"product","link":"https:\/\/www.hydraulic-cylinders.net\/nb\/produkt\/boom-cylinder-for-zoomlion-middle-excavator-ze210e\/","title":{"rendered":"Bom-sylinder for Zoomlion mellomgraver ZE210E"},"content":{"rendered":"<h1>Bom-sylinder for Zoomlion mellomgraver ZE210E<\/h1>\n<h2>Introduksjon til bomsylindere<\/h2>\n<p>Bom-sylinderen er en viktig hydraulisk komponent som er spesielt utviklet for tunge maskiner som gravemaskiner, traktorgravere og frontlastere. Den styrer bevegelsen til skuffen, slik at den kan l\u00f8ftes, senkes og vippes, noe som er viktig for ulike materialh\u00e5ndteringsoppgaver. Bom-sylinderens funksjon strekker seg utover bare l\u00f8fting; den spiller en betydelig rolle i \u00e5 forbedre maskinens driftseffektivitet og produktivitet. N\u00e5r de er integrert i et hydraulisk system, bruker bom-sylindere hydraulisk v\u00e6ske til \u00e5 generere kraft, noe som gj\u00f8r dem viktige for oppgaver som krever betydelig kraft og presisjon. Disse sylindrene er konstruert for \u00e5 t\u00e5le h\u00f8yt trykk og varierte arbeidsforhold, noe som sikrer lang levetid og p\u00e5litelighet.<\/p>\n<p><img decoding=\"async\" src=\"https:\/\/www.hydraulic-cylinders.net\/wp-content\/uploads\/2025\/04\/songte-company-1.webp\" alt=\"Bilde av bomsylinder\" \/><\/p>\n<h2>Viktige funksjoner p\u00e5 bomsylinderen<\/h2>\n<ul>\n<li><strong>H\u00f8y styrke og holdbarhet:<\/strong> Disse sylindrene er vanligvis laget av h\u00f8yfast st\u00e5l eller aluminium, og er konstruert for \u00e5 t\u00e5le h\u00f8yt trykk og tunge belastninger, noe som gj\u00f8r dem egnet for t\u00f8ffe arbeidsmilj\u00f8er.<\/li>\n<li><strong>Effektiv hydraulisk drift:<\/strong> Bom-sylinderen fungerer jevnt ved hjelp av hydraulisk oljetrykk, noe som gir rask respons p\u00e5 kontrollkommandoer og gir betydelige skyve- og trekkkrefter som er n\u00f8dvendige for tunge belastninger.<\/li>\n<li><strong>Ulike typer tilgjengelig:<\/strong> Alternativene inkluderer enkeltvirkende (som fungerer i \u00e9n retning) eller dobbeltvirkende (som fungerer i begge retninger) sylindere, som dekker ulike driftsbehov, og noen modeller er teleskopiske for utvidet rekkevidde i trange rom.<\/li>\n<li><strong>Forbedret slitestyrke:<\/strong> Utviklet med hensyn til slitestyrke og korrosjonsbestandighet, noe som forlenger sylinderens levetid og sikrer p\u00e5litelig ytelse over tid.<\/li>\n<li><strong>Adaptiv design:<\/strong> Konstruksjonen av bomsylinderen tar hensyn til de spesifikke kravene til forskjellige maskiner, noe som gir optimal funksjonalitet i ulike bruksomr\u00e5der.<\/li>\n<\/ul>\n<h2>Produksjonskapasiteter<\/h2>\n<p>Vi produserer dette produktet med presisjon, slik at bomsylindrene v\u00e5re kan erstatte eksisterende hydrauliske sylindere i diverse utstyr p\u00e5 en perfekt m\u00e5te. Produksjonsprosessen v\u00e5r benytter avansert teknologi og strenge kvalitetskontrolltiltak for \u00e5 garantere at hver sylinder oppfyller bransjestandarder.<\/p>\n<p><img decoding=\"async\" src=\"https:\/\/www.hydraulic-cylinders.net\/wp-content\/uploads\/2025\/04\/songte-cylinder-head-with-all-kinds-excavator-models.webp\" alt=\"Gravemaskinmodeller bilde\" \/><\/p>\n<h2>Bruksomr\u00e5der for bomsylindere<\/h2>\n<h3>Anleggsutstyr<\/h3>\n<p>I gravemaskiner er bomsylindere viktige for graving, lasting og flytting av jord eller rusk. De gj\u00f8r det mulig for skuffen \u00e5 trenge effektivt ned i bakken, noe som forbedrer maskinens gravekapasitet. N\u00e5r den brukes i gravemaskin, forenkler bomsylinderen ikke bare graving, men hjelper ogs\u00e5 med \u00e5 l\u00f8fte tunge laster, noe som gir allsidighet i anleggsoppgaver.<\/p>\n<h3>Landbruksmaskiner<\/h3>\n<p>I frontlastere er bomsylindre avgj\u00f8rende for \u00e5 ut\u00f8pe, l\u00f8fte og transportere materialer som jord, h\u00f8y og andre landbruksprodukter. Effektiviteten til disse sylindrene p\u00e5virker direkte produktiviteten i landbruksdriften, slik at b\u00f8ndene kan h\u00e5ndtere oppgavene sine mer effektivt.<\/p>\n<h3>Gravemaskiner<\/h3>\n<p>For gravemaskiner lar bomsylinderen skuffen grave ned i jorden, noe som gj\u00f8r den til en uunnv\u00e6rlig del av maskinen. Designet optimaliserer gravebevegelsen, slik at operat\u00f8rer kan oppn\u00e5 st\u00f8rre dybde og effektivitet i graveoppgaver.<\/p>\n<h3>Lastere<\/h3>\n<p>I frontlastere bidrar bomsylindre til effektiv l\u00f8fting og dumping av last. Styrken og responsen til disse sylindrene sikrer at tunge materialer kan flyttes raskt og trygt, noe som forbedrer den generelle driftsproduktiviteten.<\/p>\n<h2>Designhensyn og utvalgskriterier<\/h2>\n<h3>Lastekapasitet<\/h3>\n<p>Bom-sylinderens lastekapasitet er en kritisk designhensyn. Den m\u00e5 kunne h\u00e5ndtere den maksimale vekten av materialene som flyttes. Ingeni\u00f8rer m\u00e5 vurdere vekten og forholdene som sylinderen skal operere under, og sikre at den kan h\u00e5ndtere toppbelastninger uten feil. Riktige beregninger og sikkerhetsfaktorer er avgj\u00f8rende i designprosessen for \u00e5 garantere maskineriets p\u00e5litelighet og sikkerhet.<\/p>\n<h3>Tettingsintegritet<\/h3>\n<p>Tetting er et annet viktig aspekt ved bomsylinderdesign. H\u00f8ykvalitetstetninger forhindrer lekkasje av hydraulisk v\u00e6ske, noe som kan f\u00f8re til ytelsesproblemer og skade. Bruken av slitesterke tetningsmaterialer, som polyuretan og nitrilgummi, sikrer at tetningene t\u00e5ler trykket og friksjonen forbundet med hydrauliske operasjoner. Et godt designet tetningssystem forbedrer sylinderens levetid og reduserer hyppigheten av vedlikeholdsinngrep.<\/p>\n<h3>Varighet<\/h3>\n<p>Holdbarhet er avgj\u00f8rende i utformingen av bomsylindere. Materialene som brukes m\u00e5 kunne motst\u00e5 slitasje og korrosjon fra milj\u00f8faktorer og selve hydraulikkv\u00e6sken. Produsenter utsetter ofte disse sylindrene for grundig testing for \u00e5 simulere reelle forhold, slik at de t\u00e5ler langvarig bruk uten betydelig forringelse.<\/p>\n<h3>Sikkerhetsfunksjoner<\/h3>\n<p>Sikkerhetsfunksjoner er avgj\u00f8rende for utformingen av bomsylindere. Dette inkluderer mekanismer for \u00e5 forhindre overstrekking og overbelastning, noe som kan f\u00f8re til katastrofale feil. Produsenter m\u00e5 implementere sikkerhetsprotokoller og standarder for \u00e5 beskytte operat\u00f8rer og utstyr under drift.<\/p>\n<h3>Vedlikehold og servicevennlighet<\/h3>\n<p>Det er viktig \u00e5 designe bomsylindere med vedlikehold i tankene for \u00e5 sikre langsiktig funksjonalitet. Funksjoner som lett tilgjengelige sm\u00f8renipler, utskiftbare tetninger og standardiserte komponenter forenkler rutinemessige inspeksjoner og reparasjoner. En godt designet sylinder muliggj\u00f8r praktisk vedlikehold, reduserer nedetid og \u00f8ker produktiviteten.<\/p>\n<p><img decoding=\"async\" src=\"https:\/\/www.hydraulic-cylinders.net\/wp-content\/uploads\/2025\/04\/songte-oil-pipes-and-spare-parts.webp\" alt=\"Bilde av hydrauliske deler\" \/><\/p>\n<h2>Tetting og sm\u00f8ring<\/h2>\n<p>Effektiv tetting og sm\u00f8ring er avgj\u00f8rende for bomsylindrenes ytelse. Ulike tetningskomponenter, inkludert stempeltetninger og stangtetninger, brukes for \u00e5 forhindre lekkasje av hydraulisk v\u00e6ske. Materialene som er valgt til disse tetningene, som polyuretan og nitrilgummi, er kjent for sin slitestyrke og holdbarhet. Sylinderhuset og gjengede endeflater er fint behandlet for \u00e5 forbedre slitestyrken. Regelmessig sm\u00f8ring med passende hydraulisk olje er viktig for \u00e5 opprettholde optimal ytelse og forhindre overdreven slitasje over tid.<\/p>\n<h2>Forebyggende vedlikeholdstiltak<\/h2>\n<ul>\n<li><strong>Regelmessige inspeksjoner:<\/strong> Regelmessige kontroller for lekkasjer, skader og slitasje p\u00e5 sylinderen er viktige for \u00e5 sikre at den fungerer effektivt og trygt. Operat\u00f8rer b\u00f8r f\u00e5 oppl\u00e6ring i \u00e5 identifisere tegn p\u00e5 potensielle problemer tidlig.<\/li>\n<li><strong>Passende sm\u00f8ring:<\/strong> Det er avgj\u00f8rende \u00e5 s\u00f8rge for at sylinderen sm\u00f8res regelmessig med riktig hydraulikkolje for \u00e5 opprettholde dens funksjonalitet. Operat\u00f8rer b\u00f8r f\u00f8lge en sm\u00f8replan basert p\u00e5 bruk og produsentens anbefalinger.<\/li>\n<li><strong>Utskifting av tetninger:<\/strong> Over tid kan pakninger slites ut og m\u00e5 skiftes ut. Regelmessig kontroll av pakningenes tilstand og utskifting av dem n\u00e5r det er n\u00f8dvendig kan forhindre lekkasjer og driftsfeil.<\/li>\n<\/ul>\n<h2>Installasjonsretningslinjer<\/h2>\n<p>Riktig installasjon av bomsylindere er avgj\u00f8rende for optimal ytelse. Begynn med \u00e5 s\u00f8rge for at sylinderen er kompatibel med den spesifikke utstyrsmodellen. Juster sylinderen riktig med monteringspunktene, og bruk passende monteringsbraketter for \u00e5 feste den godt. V\u00e6r oppmerksom p\u00e5 de hydrauliske tilkoblingene, og s\u00f8rg for at de er tette og lekkasjefrie. F\u00f8r du bruker maskinen, utf\u00f8r en funksjonstest for \u00e5 bekrefte at sylinderen fungerer jevnt uten uvanlige lyder eller motstand. \u00c5 f\u00f8lge disse retningslinjene bidrar til \u00e5 forhindre for tidlig slitasje og svikt, og sikrer komponentens levetid.<\/p>\n<h2>Vanlige vedlikeholdsoppgaver<\/h2>\n<ul>\n<li><strong>Regelmessige inspeksjoner:<\/strong> Det er avgj\u00f8rende \u00e5 utf\u00f8re grundige inspeksjoner med faste intervaller for \u00e5 sjekke for tegn p\u00e5 slitasje, skade eller lekkasje for \u00e5 opprettholde bomsylinderens funksjonalitet.<\/li>\n<li><strong>Passende sm\u00f8ring:<\/strong> S\u00f8rg for at den hydrauliske sylinderen er tilstrekkelig smurt med riktig type hydraulisk olje, noe som er avgj\u00f8rende for problemfri drift og lang levetid.<\/li>\n<li><strong>Utskifting av tetning:<\/strong> Rettidig utskifting av pakninger er viktig for \u00e5 forhindre lekkasjer og sikre effektiv drift av bomsylinderen. Operat\u00f8rer b\u00f8r v\u00e6re oppmerksomme p\u00e5 tegnene som indikerer at pakninger m\u00e5 skiftes ut.<\/li>\n<\/ul>\n<h2>Sikkerhetshensyn og milj\u00f8faktorer<\/h2>\n<p>N\u00e5r man bruker bomsylindere, er sikkerhetstiltak avgj\u00f8rende. Operat\u00f8rer b\u00f8r trenes i riktige prosedyrer for h\u00e5ndtering av hydraulisk utstyr, inkludert forst\u00e5else av risikoene forbundet med h\u00f8ytrykkssystemer. Tilstrekkelig sikkerhetsutstyr b\u00f8r brukes, og maskineri b\u00f8r betjenes i henhold til produsentens retningslinjer for \u00e5 forhindre ulykker. Milj\u00f8faktorer, som eksponering for t\u00f8ffe v\u00e6rforhold, kan ogs\u00e5 p\u00e5virke ytelsen og levetiden til bomsylindere, noe som gj\u00f8r det viktig \u00e5 vurdere beskyttelsestiltak under drift.<\/p>\n<h2>Feils\u00f8king og vanlige problemer<\/h2>\n<ul>\n<li><strong>Tap av str\u00f8m:<\/strong> Hvis bomsylinderen viser tap av driftskraft, kan det skyldes lave hydraulikkv\u00e6skeniv\u00e5er eller lekkasjer i systemet. Sjekk v\u00e6skeniv\u00e5ene og inspiser for synlige lekkasjer.<\/li>\n<li><strong>Uvanlige lyder:<\/strong> Lyder som skraping eller banking kan tyde p\u00e5 slitasje eller skade p\u00e5 interne komponenter. Stopp driften umiddelbart og kontroller sylinderen for tegn p\u00e5 skade.<\/li>\n<li><strong>Inkonsekvent bevegelse:<\/strong> Hvis bomsylinderen ikke forlenges eller trekkes jevnt inn, kan dette skyldes en blokkering eller luft i det hydrauliske systemet. Luft systemet og fjern eventuelle blokkeringer for \u00e5 gjenopprette funksjonen.<\/li>\n<\/ul>\n<h2>Feils\u00f8kingstips<\/h2>\n<p>For \u00e5 effektivt feils\u00f8ke problemer med bomsylindere, b\u00f8r operat\u00f8rer f\u00f8re en detaljert logg over ytelse og eventuelle avvik. Regelmessig oppl\u00e6ring i vanlige problemer og l\u00f8sninger p\u00e5 disse kan gi operat\u00f8rer mulighet til \u00e5 h\u00e5ndtere mindre problemer f\u00f8r de eskalerer. Implementering av en forebyggende vedlikeholdsplan reduserer potensialet for feil og forlenger levetiden til utstyret. Regelmessig kommunikasjon med produsenten eller leverand\u00f8ren kan ogs\u00e5 gi verdifull innsikt i \u00e5 opprettholde optimal ytelse.<\/p>\n<p><img decoding=\"async\" src=\"https:\/\/www.hydraulic-cylinders.net\/wp-content\/uploads\/2025\/04\/songte-bushings-with-all-kinds-of-excavator-models.webp\" alt=\"Gravemaskinforinger bilde\" \/><\/p>\n<h2>Om selskapet v\u00e5rt<\/h2>\n<p>Vi er en ledende produsent av hydrauliske sylindere, og spesialiserer oss p\u00e5 produksjon av h\u00f8ykvalitets erstatningssylindere for ulike bruksomr\u00e5der. Med et omfattende produktsortiment har vi etablert oss som en av de ledende produsentene og grossistene i b\u00e5de innenlandske og internasjonale markeder. V\u00e5r forpliktelse til kvalitet gjenspeiles i v\u00e5re raffinerte produksjonsstyringsstrategier, st\u00f8ttet av avansert produksjonsteknologi og en dyktig arbeidsstyrke. Vi forbedrer kontinuerlig produksjonskapasiteten v\u00e5r og s\u00f8rger for at hvert produkt oppfyller de h\u00f8yeste standardene for kvalitet og ytelse.<\/p>\n<p><img decoding=\"async\" src=\"https:\/\/www.hydraulic-cylinders.net\/wp-content\/uploads\/2025\/04\/songte-company-4.webp\" alt=\"Firmabilde 1\" \/><br \/>\n<img decoding=\"async\" src=\"https:\/\/www.hydraulic-cylinders.net\/wp-content\/uploads\/2025\/04\/songte-company-3.webp\" alt=\"Firmabilde 2\" \/><\/p>\n<p>V\u00e5r dedikasjon til profesjonalitet er tydelig gjennom v\u00e5re internasjonale sertifiseringer, tilpassbare tjenester, toppmoderne produksjonsutstyr og eksepsjonell ettersalgsst\u00f8tte. Vi streber etter \u00e5 m\u00f8te de ulike behovene til v\u00e5re kunder, samtidig som vi opprettholder fokus p\u00e5 kvalitet og effektivitet.<\/p>\n<p>Forfatter: lyl<\/p>","protected":false},"excerpt":{"rendered":"<p>Boom Cylinder For Zoomlion Middle Excavator ZE210E Introduction to Boom Cylinders The Boom Cylinder is a crucial hydraulic component designed specifically for heavy machinery such as excavators, backhoe loaders, and front loaders. It controls the movement of the bucket, allowing it to lift, lower, and tilt, which is essential for various material handling tasks. The [&hellip;]<\/p>","protected":false},"featured_media":17872,"comment_status":"open","ping_status":"closed","template":"","meta":{"_et_pb_use_builder":"","_et_pb_old_content":"","_et_gb_content_width":""},"product_brand":[],"product_cat":[1546],"product_tag":[1547,1496],"class_list":{"0":"post-19216","1":"product","2":"type-product","3":"status-publish","4":"has-post-thumbnail","6":"product_cat-boom-cylinders","7":"product_tag-boom-cylinders","8":"product_tag-hydraulic-cylinders","10":"first","11":"instock","12":"shipping-taxable","13":"product-type-simple"},"amp_enabled":true,"_links":{"self":[{"href":"https:\/\/www.hydraulic-cylinders.net\/nb\/wp-json\/wp\/v2\/product\/19216","targetHints":{"allow":["GET"]}}],"collection":[{"href":"https:\/\/www.hydraulic-cylinders.net\/nb\/wp-json\/wp\/v2\/product"}],"about":[{"href":"https:\/\/www.hydraulic-cylinders.net\/nb\/wp-json\/wp\/v2\/types\/product"}],"replies":[{"embeddable":true,"href":"https:\/\/www.hydraulic-cylinders.net\/nb\/wp-json\/wp\/v2\/comments?post=19216"}],"wp:featuredmedia":[{"embeddable":true,"href":"https:\/\/www.hydraulic-cylinders.net\/nb\/wp-json\/wp\/v2\/media\/17872"}],"wp:attachment":[{"href":"https:\/\/www.hydraulic-cylinders.net\/nb\/wp-json\/wp\/v2\/media?parent=19216"}],"wp:term":[{"taxonomy":"product_brand","embeddable":true,"href":"https:\/\/www.hydraulic-cylinders.net\/nb\/wp-json\/wp\/v2\/product_brand?post=19216"},{"taxonomy":"product_cat","embeddable":true,"href":"https:\/\/www.hydraulic-cylinders.net\/nb\/wp-json\/wp\/v2\/product_cat?post=19216"},{"taxonomy":"product_tag","embeddable":true,"href":"https:\/\/www.hydraulic-cylinders.net\/nb\/wp-json\/wp\/v2\/product_tag?post=19216"}],"curies":[{"name":"wp","href":"https:\/\/api.w.org\/{rel}","templated":true}]}}