{"id":19268,"date":"2025-04-07T06:23:55","date_gmt":"2025-04-07T06:23:55","guid":{"rendered":"https:\/\/www.hydraulic-cylinders.net\/product\/boom-cylinder-for-lishide-large-excavator-sc330-8\/"},"modified":"2025-04-07T06:23:59","modified_gmt":"2025-04-07T06:23:59","slug":"boom-cylinder-for-lishide-large-excavator-sc330-8","status":"publish","type":"product","link":"https:\/\/www.hydraulic-cylinders.net\/nb\/produkt\/boom-cylinder-for-lishide-large-excavator-sc330-8\/","title":{"rendered":"Bomcylinder for Lishide stor gravemaskin SC330.8"},"content":{"rendered":"<h1>Bomcylinder for Lishide stor gravemaskin SC330.8<\/h1>\n<h2>Produktoversikt<\/h2>\n<p>Bom-sylinderen for Lishide Large Excavator SC330.8 er en viktig hydraulisk komponent som er spesielt utviklet for \u00e5 kontrollere bevegelsen til gravemaskinens bom. Denne hydrauliske sylinderen spiller en viktig rolle i driftseffektiviteten til tunge maskiner ved \u00e5 gj\u00f8re det mulig for bommen \u00e5 heve, senke og vippe. Disse bevegelsene er viktige for ulike materialh\u00e5ndteringsoppgaver, spesielt i bygge- og graveprosjekter.<\/p>\n<p><img decoding=\"async\" src=\"https:\/\/www.hydraulic-cylinders.net\/wp-content\/uploads\/2025\/04\/songte-company-1.webp\" alt=\"Bomcylinder for gravemaskin\" \/><\/p>\n<h3>Definisjon og funksjonalitet<\/h3>\n<p>En skuffesylinder er en type hydraulisk sylinder som brukes til \u00e5 kontrollere bevegelsen av skuffer i tunge maskiner som gravemaskiner, traktorgravere og frontlastere. Den gj\u00f8r det mulig for skuffen \u00e5 l\u00f8fte, senke og vippe, noe som muliggj\u00f8r effektiv materialh\u00e5ndtering. Den s\u00f8ml\u00f8se driften av slike sylindere sikrer at tunge laster kan flyttes effektivt, noe som forbedrer produktiviteten p\u00e5 arbeidsplasser.<\/p>\n<h2>Viktige funksjoner p\u00e5 bomsylinderen<\/h2>\n<ul>\n<li><strong>H\u00f8y styrke og holdbarhet:<\/strong> Disse sylindrene er laget av h\u00f8yfast st\u00e5l eller aluminium, og t\u00e5ler h\u00f8yt trykk og tunge belastninger. Designet tar ogs\u00e5 hensyn til slitestyrke og korrosjonsbestandighet, noe som forlenger levetiden.<\/li>\n<li><strong>Effektiv hydraulisk drift:<\/strong> Bruk av hydraulisk oljetrykk gir jevn inn- og uttrekk, noe som sikrer rask respons p\u00e5 f\u00f8rerkommandoer og leverer betydelig skyve- og trekkekraft for tunge og komplekse oppgaver.<\/li>\n<li><strong>Ulike typer:<\/strong> Avhengig av driftsbehov kan sylindere v\u00e6re enkeltvirkende (ved bruk av hydraulisk trykk i \u00e9n retning) eller dobbeltvirkende (ved bruk av hydraulisk trykk i begge retninger). Noen modeller er teleskopiske, noe som gir st\u00f8rre forlengelse uten \u00e5 \u00f8ke de ytre dimensjonene, og er egnet for bruksomr\u00e5der med begrenset plass.<\/li>\n<li><strong>S\u00f8ml\u00f8s integrasjon:<\/strong> Produktene v\u00e5re er utviklet for \u00e5 erstatte disse hydrauliske sylindrene p\u00e5 en perfekt m\u00e5te, og sikrer kompatibilitet med ulike gravemaskinmodeller.<\/li>\n<li><strong>Avanserte produksjonsteknikker:<\/strong> Ved \u00e5 bruke banebrytende teknologi og produksjonsmetoder for \u00e5 sikre presisjon og kvalitet i hver produserte sylinder.<\/li>\n<\/ul>\n<p><img decoding=\"async\" src=\"https:\/\/www.hydraulic-cylinders.net\/wp-content\/uploads\/2025\/04\/songte-cylinder-head-with-all-kinds-excavator-models.webp\" alt=\"Gravemaskinmodeller\" \/><\/p>\n<h2>Bruksomr\u00e5der for bomsylindere<\/h2>\n<h3>Anleggsutstyr<\/h3>\n<p>I gravemaskiner er bomsylindre avgj\u00f8rende for graving, lasting og flytting av jord eller rusk. De forenkler gravemaskinens evne til \u00e5 utf\u00f8re en rekke oppgaver, som gr\u00f8ftegraving eller forberedelse av fundament. I gravemaskinlastere hjelper disse sylindrene ikke bare med graving, men ogs\u00e5 med l\u00f8fteoperasjoner, noe som gj\u00f8r dem essensielle for ulike anleggsaktiviteter.<\/p>\n<h3>Landbruksmaskiner<\/h3>\n<p>I frontlastere brukes bomsylindre til \u00e5 utarbeide, l\u00f8fte og transportere jord, h\u00f8y og andre materialer. Den robuste designen sikrer at de kan h\u00e5ndtere krevende oppgaver knyttet til landbruksdrift, noe som forbedrer effektiviteten i materialh\u00e5ndtering p\u00e5 g\u00e5rder.<\/p>\n<h3>Gravemaskiner<\/h3>\n<p>I gravemaskiner lar skuffesylinderen skuffen trenge effektivt ned i jorden, noe som muliggj\u00f8r effektive graveoperasjoner. Denne egenskapen er avgj\u00f8rende i anleggs- og gruvedrift der det er n\u00f8dvendig \u00e5 grave dypt ned i bakken.<\/p>\n<h3>Lastere<\/h3>\n<p>I frontlastere spiller bomsylindre en sentral rolle i effektiv l\u00f8fting og dumping av last. Deres evne til \u00e5 h\u00e5ndtere tunge materialer sikrer at lasteoperasjoner utf\u00f8res raskt og effektivt, noe som bidrar til den generelle produktiviteten p\u00e5 arbeidsplassene.<\/p>\n<h2>Designhensyn og utvalgskriterier<\/h2>\n<h3>Lastekapasitet<\/h3>\n<p>N\u00e5r man velger en bomsylinder, er lastekapasiteten en avgj\u00f8rende faktor. Den bestemmer den maksimale vekten sylinderen kan h\u00e5ndtere trygt. Ingeni\u00f8rer m\u00e5 s\u00f8rge for at den valgte sylinderen kan t\u00e5le de forventede lastene under drift, og dermed forhindre mekaniske feil som kan f\u00f8re til ulykker eller skade p\u00e5 utstyret.<\/p>\n<h3>Tetningsytelse<\/h3>\n<p>Tetningsevnen til hydrauliske sylindere er avgj\u00f8rende for driftseffektiviteten. Tetninger av h\u00f8y kvalitet forhindrer lekkasjer av hydraulisk v\u00e6ske, og sikrer at systemet opprettholder optimale trykkniv\u00e5er. Effektiv tetting forhindrer ogs\u00e5 forurensning fra eksterne elementer, noe som kan kompromittere hydraulikkv\u00e6sken og sylinderens levetid.<\/p>\n<h3>Varighet<\/h3>\n<p>Holdbarhet er avgj\u00f8rende for tunge maskinkomponenter som opererer i t\u00f8ffe milj\u00f8er. De valgte materialene og produksjonsprosessene b\u00f8r forbedre motstanden mot slitasje og korrosjon, slik at bomsylinderen forblir funksjonell over lengre perioder, selv under ekstreme forhold.<\/p>\n<h3>Sikkerhetsfunksjoner<\/h3>\n<p>Sikkerhetshensyn er avgj\u00f8rende ved design av hydrauliske sylindere. Funksjoner som trykkavlastningsventiler og robust konstruksjon bidrar til \u00e5 minimere risikoen forbundet med hydrauliske feil. Det er avgj\u00f8rende \u00e5 sikre at sikkerhetsstandarder overholdes for \u00e5 beskytte operat\u00f8rer og utstyr under drift.<\/p>\n<h3>Vedlikeholdstilgjengelighet<\/h3>\n<p>Det er viktig \u00e5 designe for tilgjengelighet ved vedlikehold for \u00e5 sikre langsiktig ytelse. Bomsylindre b\u00f8r tillate enkel inspeksjon, sm\u00f8ring og utskifting av deler. Dette fremmer regelmessig vedlikeholdspraksis, som er avgj\u00f8rende for \u00e5 forhindre uventede havarier og forlenge sylinderens levetid.<\/p>\n<p><img decoding=\"async\" src=\"https:\/\/www.hydraulic-cylinders.net\/wp-content\/uploads\/2025\/04\/songte-oil-pipes-and-spare-parts.webp\" alt=\"Hydrauliske deler\" \/><\/p>\n<h2>Tetting og sm\u00f8ring av bomsylindere<\/h2>\n<p>Effektiv tetting og sm\u00f8ring er avgj\u00f8rende for hydrauliske sylinderes levetid og ytelse. Ulike tetningskomponenter, som stempeltetninger og stangtetninger, b\u00f8r v\u00e6re laget av slitesterke materialer som polyuretan og nitrilgummi. Riktig valg av disse materialene forbedrer holdbarheten mot slitasje. I tillegg b\u00f8r sylinderhuset og gjengede ender finbearbeides for \u00e5 forbedre slitestyrken. Regelmessig sm\u00f8ring med passende hydraulikkolje er n\u00f8dvendig for \u00e5 opprettholde jevn drift og forhindre indre skader.<\/p>\n<h2>Forebyggende vedlikeholdstiltak<\/h2>\n<ul>\n<li><strong>Regelmessige inspeksjoner:<\/strong> Utf\u00f8r rutinemessige inspeksjoner for \u00e5 identifisere tegn p\u00e5 slitasje, lekkasje eller andre problemer som kan p\u00e5virke ytelsen. Tidlig oppdagelse av problemer kan forhindre mer alvorlig skade og kostbare reparasjoner.<\/li>\n<li><strong>Passende sm\u00f8ring:<\/strong> S\u00f8rg for at sylinderen er tilstrekkelig smurt med hydraulisk olje for \u00e5 redusere friksjon og slitasje. Regelmessige kontroller av oljeniv\u00e5er og kvalitet er avgj\u00f8rende for \u00e5 opprettholde optimal ytelse.<\/li>\n<li><strong>Utskifting av tetning:<\/strong> Overv\u00e5k tetningene for tegn p\u00e5 slitasje eller degradering. Rask utskifting av slitte tetninger bidrar til \u00e5 opprettholde trykket og forhindrer v\u00e6skelekkasjer, noe som sikrer effektiv drift.<\/li>\n<\/ul>\n<h2>Riktig installasjonsveiledning<\/h2>\n<p>Riktig montering av en bomsylinder er avgj\u00f8rende for dens ytelse og levetid. Begynn med \u00e5 s\u00f8rge for at sylinderen er riktig justert med monteringspunktene. Bruk passende monteringsbraketter for \u00e5 feste sylinderen p\u00e5 plass. F\u00f8lg produsentens retningslinjer for momentspesifikasjoner n\u00e5r du strammer bolter for \u00e5 forhindre skade. Det er ogs\u00e5 viktig \u00e5 s\u00f8rge for at hydrauliske tilkoblinger er sikre og lekkasjefrie. Etter montering, utf\u00f8r en grundig kontroll for \u00e5 bekrefte at sylinderen fungerer problemfritt uten hindringer eller feiljusteringer. Overv\u00e5k installasjonen regelmessig for tegn p\u00e5 slitasje eller l\u00f8shet, og utf\u00f8r justeringer etter behov.<\/p>\n<h2>Vanlige vedlikeholdsoppgaver<\/h2>\n<h3>Regelmessige inspeksjoner<\/h3>\n<p>Det er viktig \u00e5 gjennomf\u00f8re regelmessige inspeksjoner for \u00e5 opprettholde funksjonaliteten til hydrauliske sylindere. Se etter tegn p\u00e5 slitasje, som sprekker eller lekkasjer, og s\u00f8rg for at alle komponenter er godt festet. Tidlig oppdagelse av problemer muliggj\u00f8r rettidige reparasjoner, noe som forhindrer ytterligere skade.<\/p>\n<h3>Riktig sm\u00f8ring<\/h3>\n<p>S\u00f8rg for riktig sm\u00f8ring av bomsylinderen for \u00e5 redusere friksjon og slitasje. Bruk hydraulikkolje av h\u00f8y kvalitet og f\u00f8lg produsentens spesifikasjoner for sm\u00f8reintervaller. Denne fremgangsm\u00e5ten bidrar til \u00e5 opprettholde jevn drift og forlenger sylinderens levetid.<\/p>\n<h3>Utskifting av tetninger og kalibreringskontroller<\/h3>\n<p>Sjekk pakningene regelmessig for tegn p\u00e5 slitasje eller skade. \u00c5 bytte ut slitte pakninger raskt forhindrer v\u00e6skelekkasjer og opprettholder trykket i systemet. I tillegg sikrer periodiske kalibreringskontroller at sylinderen fungerer innenfor de spesifiserte parameterne, noe som forbedrer den generelle ytelsen og sikkerheten.<\/p>\n<p><img decoding=\"async\" src=\"https:\/\/www.hydraulic-cylinders.net\/wp-content\/uploads\/2025\/04\/songte-chushion-collar.webp\" alt=\"Putekrage\" \/><\/p>\n<h2>Sikkerhetshensyn og milj\u00f8faktorer<\/h2>\n<p>N\u00e5r man arbeider med hydrauliske systemer, er sikkerhetstiltak avgj\u00f8rende. Operat\u00f8rer b\u00f8r f\u00e5 oppl\u00e6ring i riktig h\u00e5ndtering av hydraulisk utstyr, inkludert forst\u00e5else av risikoene forbundet med h\u00f8ytrykkssystemer. Bruk av personlig verneutstyr (PPE) er viktig for \u00e5 sikre sikkerheten p\u00e5 arbeidsplassen. Videre b\u00f8r milj\u00f8hensyn veilede valg av hydrauliske v\u00e6sker og avhending av brukte materialer for \u00e5 minimere \u00f8kologisk p\u00e5virkning.<\/p>\n<h2>Feildiagnose og vanlige problemer<\/h2>\n<ul>\n<li><strong>V\u00e6skelekkasjer:<\/strong> Lekkasjer kan oppst\u00e5 p\u00e5 grunn av skadede tetninger eller beslag. Regelmessige inspeksjoner kan bidra til \u00e5 identifisere og h\u00e5ndtere lekkasjer f\u00f8r de f\u00f8rer til alvorlige problemer.<\/li>\n<li><strong>D\u00e5rlig ytelse:<\/strong> Hvis sylinderen ikke reagerer som forventet, kan det tyde p\u00e5 et problem med hydraulikktrykket eller interne komponenter. Feils\u00f8king av hydraulikksystemet er viktig for \u00e5 finne problemet.<\/li>\n<li><strong>Overoppheting:<\/strong> Overoppheting kan oppst\u00e5 hvis hydraulikkoljen ikke er tilstrekkelig avkj\u00f8lt, eller hvis systemet er under for h\u00f8y belastning. Overv\u00e5king av temperaturniv\u00e5er og sikring av at riktige kj\u00f8lemekanismer er p\u00e5 plass, kan bidra til \u00e5 forhindre dette problemet.<\/li>\n<\/ul>\n<h2>Feils\u00f8kingstips og l\u00f8sninger<\/h2>\n<p>For \u00e5 kunne diagnostisere og l\u00f8se problemer effektivt, b\u00f8r operat\u00f8rer f\u00f8re en detaljert logg over det hydrauliske systemets ytelse. Denne loggen kan bidra til \u00e5 identifisere tilbakevendende problemer og m\u00f8nstre som kan indikere underliggende problemer. N\u00e5r du adresserer en feil, start med enkle kontroller, for eksempel \u00e5 verifisere oljeniv\u00e5er og se etter eksterne lekkasjer. For mer komplekse problemer, se produsentens retningslinjer eller s\u00f8k profesjonell hjelp. Forebyggende tiltak, som regelmessig vedlikehold og rettidige reparasjoner, er avgj\u00f8rende for \u00e5 minimere potensielle problemer og sikre at det hydrauliske systemet fungerer effektivt.<\/p>\n<p><img decoding=\"async\" src=\"https:\/\/www.hydraulic-cylinders.net\/wp-content\/uploads\/2025\/04\/songte-bushings-with-all-kinds-of-excavator-models.webp\" alt=\"Foringer for gravemaskiner\" \/><\/p>\n<h2>Selskapsoversikt<\/h2>\n<p>Vi er en ledende produsent av hydrauliske sylindere for utskifting, og vi er dedikert til \u00e5 tilby et bredt spekter av produkter for b\u00e5de innenlandske og internasjonale markeder. V\u00e5r forpliktelse til kvalitet fremheves av v\u00e5re raffinerte produksjonsstyringsstrategier og toppmoderne produksjonsanlegg. Ved \u00e5 investere i dyktig teknisk personell, avansert digitalt produksjonsutstyr og profesjonelle testsystemer, forbedrer vi kontinuerlig v\u00e5r produksjonsplattform. V\u00e5r vekt p\u00e5 h\u00f8y effektivitet, presisjon og kvalitet gj\u00f8r oss i stand til \u00e5 m\u00f8te ulike kundekrav effektivt.<\/p>\n<p><img decoding=\"async\" src=\"https:\/\/www.hydraulic-cylinders.net\/wp-content\/uploads\/2025\/04\/songte-company-4.webp\" alt=\"Selskapsoversikt\" \/><br \/>\n<img decoding=\"async\" src=\"https:\/\/www.hydraulic-cylinders.net\/wp-content\/uploads\/2025\/04\/songte-company-3.webp\" alt=\"Produksjonsanlegg\" \/><\/p>\n<p>Med fokus p\u00e5 spesialisering, internasjonale sertifiseringer, tilpassede tjenester og p\u00e5litelig ettersalgsst\u00f8tte, streber vi etter \u00e5 levere produkter som overg\u00e5r kundenes forventninger. V\u00e5rt avanserte produksjonsutstyr og dedikerte team sikrer at hver hydrauliske sylinder oppfyller de h\u00f8yeste bransjestandardene.<\/p>\n<p>Forfatter: lyl<\/p>","protected":false},"excerpt":{"rendered":"<p>Boom Cylinder For Lishide Large Excavator SC330.8 Product Overview The Boom Cylinder for Lishide Large Excavator SC330.8 is a crucial hydraulic component designed specifically for controlling the movement of the excavator&#8217;s boom. This hydraulic cylinder plays a vital role in the operational efficiency of heavy machinery by enabling the boom to lift, lower, and tilt. [&hellip;]<\/p>","protected":false},"featured_media":17878,"comment_status":"open","ping_status":"closed","template":"","meta":{"_et_pb_use_builder":"","_et_pb_old_content":"","_et_gb_content_width":""},"product_brand":[],"product_cat":[1546],"product_tag":[1547,1496],"class_list":{"0":"post-19268","1":"product","2":"type-product","3":"status-publish","4":"has-post-thumbnail","6":"product_cat-boom-cylinders","7":"product_tag-boom-cylinders","8":"product_tag-hydraulic-cylinders","10":"first","11":"instock","12":"shipping-taxable","13":"product-type-simple"},"amp_enabled":true,"_links":{"self":[{"href":"https:\/\/www.hydraulic-cylinders.net\/nb\/wp-json\/wp\/v2\/product\/19268","targetHints":{"allow":["GET"]}}],"collection":[{"href":"https:\/\/www.hydraulic-cylinders.net\/nb\/wp-json\/wp\/v2\/product"}],"about":[{"href":"https:\/\/www.hydraulic-cylinders.net\/nb\/wp-json\/wp\/v2\/types\/product"}],"replies":[{"embeddable":true,"href":"https:\/\/www.hydraulic-cylinders.net\/nb\/wp-json\/wp\/v2\/comments?post=19268"}],"wp:featuredmedia":[{"embeddable":true,"href":"https:\/\/www.hydraulic-cylinders.net\/nb\/wp-json\/wp\/v2\/media\/17878"}],"wp:attachment":[{"href":"https:\/\/www.hydraulic-cylinders.net\/nb\/wp-json\/wp\/v2\/media?parent=19268"}],"wp:term":[{"taxonomy":"product_brand","embeddable":true,"href":"https:\/\/www.hydraulic-cylinders.net\/nb\/wp-json\/wp\/v2\/product_brand?post=19268"},{"taxonomy":"product_cat","embeddable":true,"href":"https:\/\/www.hydraulic-cylinders.net\/nb\/wp-json\/wp\/v2\/product_cat?post=19268"},{"taxonomy":"product_tag","embeddable":true,"href":"https:\/\/www.hydraulic-cylinders.net\/nb\/wp-json\/wp\/v2\/product_tag?post=19268"}],"curies":[{"name":"wp","href":"https:\/\/api.w.org\/{rel}","templated":true}]}}