{"id":19313,"date":"2025-04-07T06:26:31","date_gmt":"2025-04-07T06:26:31","guid":{"rendered":"https:\/\/www.hydraulic-cylinders.net\/product\/boom-cylinder-for-xgma-small-excavator-xg815el\/"},"modified":"2025-04-07T06:26:33","modified_gmt":"2025-04-07T06:26:33","slug":"boom-cylinder-for-xgma-small-excavator-xg815el","status":"publish","type":"product","link":"https:\/\/www.hydraulic-cylinders.net\/nb\/produkt\/boom-cylinder-for-xgma-small-excavator-xg815el\/","title":{"rendered":"Bomcylinder for XGMA liten gravemaskin XG815EL"},"content":{"rendered":"<h1>Bomcylinder for XGMA liten gravemaskin XG815EL<\/h1>\n<h2>Produktoversikt<\/h2>\n<p>Bom-sylinderen for XGMA Small Excavator XG815EL er en kritisk komponent i hydrauliske systemer som forbedrer funksjonaliteten til diverse tunge maskiner. Denne hydrauliske sylinderen er spesielt utviklet for \u00e5 kontrollere bevegelsen til skuffen i gravemaskiner, gravemaskiner og frontlastere, slik at skuffen kan l\u00f8ftes, senkes og tiltes effektivt. Denne funksjonaliteten er viktig for materialh\u00e5ndteringsoppgaver, og sikrer at operat\u00f8rer kan utf\u00f8re grave-, laste- og transportoperasjoner med presisjon.<\/p>\n<p><img decoding=\"async\" src=\"https:\/\/www.hydraulic-cylinders.net\/wp-content\/uploads\/2025\/04\/songte-company-1.webp\" alt=\"Bomcylinder for gravemaskin\" \/><\/p>\n<h3>Definisjon og funksjon av b\u00f8ttesylinderen<\/h3>\n<p>Skuffesylinderen er en type hydraulisk sylinder som spiller en viktig rolle i driften av tunge maskiner. Ved \u00e5 omdanne hydraulisk trykk til mekanisk kraft, muliggj\u00f8r disse sylindrene jevne og kontrollerte bevegelser av gravemaskinens skuffe. Denne mekanismen er viktig i ulike bruksomr\u00e5der, fra enkle l\u00f8fteoppgaver til komplekse graveoperasjoner. Evnen til \u00e5 l\u00f8fte tunge laster samtidig som den gir stabilitet og kontroll, gj\u00f8r skuffesylinderen til en uvurderlig komponent i anleggs- og landbruksmaskiner.<\/p>\n<h2>Produktfunksjoner<\/h2>\n<ul>\n<li><strong>H\u00f8y styrke og holdbarhet:<\/strong> Bom-sylinderen v\u00e5r er konstruert av h\u00f8yfast st\u00e5l eller aluminium, og t\u00e5ler h\u00f8yt trykk og tunge belastninger, noe som gj\u00f8r den egnet for t\u00f8ffe arbeidsmilj\u00f8er. Designet har slitestyrke og korrosjonsbeskyttelse, noe som forlenger levetiden.<\/li>\n<li><strong>Effektiv hydraulisk drift:<\/strong> Bom-sylinderen bruker hydraulisk oljetrykk for \u00e5 oppn\u00e5 jevn forlengelse og inntrekking, reagerer raskt p\u00e5 f\u00f8rerkommandoer og gir betydelig skyve- og trekkekraft, ideelt for h\u00e5ndtering av tunge og komplekse oppgaver.<\/li>\n<li><strong>Ulike typer:<\/strong> Sylinderne v\u00e5re er tilgjengelige i enkeltvirkende (som fungerer i \u00e9n retning) eller dobbeltvirkende (som fungerer i begge retninger) konfigurasjoner, og kan skreddersys for \u00e5 m\u00f8te ulike driftskrav. Noen modeller har teleskopiske design som gir st\u00f8rre forlengelse uten \u00e5 \u00f8ke de ytre m\u00e5lene, perfekt for trange rom.<\/li>\n<li><strong>Tilpasset produksjon:<\/strong> Vi er i stand til \u00e5 produsere dette produktet, og sikrer at v\u00e5re hydrauliske sylindere er perfekte erstatninger for eksisterende modeller, og oppfyller h\u00f8ye standarder for ytelse og p\u00e5litelighet.<\/li>\n<li><strong>Omfattende st\u00f8tte:<\/strong> V\u00e5rt team tilbyr omfattende st\u00f8tte og veiledning gjennom hele utvelgelses- og installasjonsprosessen, noe som sikrer optimal ytelse og levetid for bomsylinderen.<\/li>\n<\/ul>\n<p><img decoding=\"async\" src=\"https:\/\/www.hydraulic-cylinders.net\/wp-content\/uploads\/2025\/04\/songte-cylinder-head-with-all-kinds-excavator-models.webp\" alt=\"Gravemaskinmodeller\" \/><\/p>\n<h2>S\u00f8knadsscenarier<\/h2>\n<h3>Anleggsutstyr<\/h3>\n<p>Bom-sylinderen er integrert i gravemaskiner, og muliggj\u00f8r effektiv graving, lasting og flytting av jord eller rusk. I gravemaskiner forenkler ikke skuffe-sylinderen bare graving, men hjelper ogs\u00e5 med l\u00f8fteoperasjoner, noe som gir allsidig bruk p\u00e5 byggeplasser.<\/p>\n<h3>Landbruksmaskiner<\/h3>\n<p>I frontlastere er bomsylinderen viktig for \u00e5 utarbeide, l\u00f8fte og transportere jord, h\u00f8y og andre materialer. Denne hydrauliske komponenten gj\u00f8r det mulig for b\u00f8nder \u00e5 \u00f8ke produktiviteten ved \u00e5 utf\u00f8re oppgaver som krever betydelig l\u00f8ftekraft.<\/p>\n<h3>Gravemaskiner<\/h3>\n<p>Skuffesylinderen gj\u00f8r at gravemaskinens skuffe kan trenge effektivt ned i bakken, noe som gj\u00f8r det mulig \u00e5 grave ut jord med letthet. Den st\u00f8tter forskjellige gravedybder og -vinkler, noe som forbedrer maskinens totale kapasitet.<\/p>\n<h3>Lastere<\/h3>\n<p>I frontlastere hjelper bomsylinderen med \u00e5 l\u00f8fte og dumpe last effektivt. Den gir den n\u00f8dvendige kraften for \u00e5 dumpe materialer i h\u00f8yden, noe som er avgj\u00f8rende for operasjoner innen bygg og anlegg og landskapsarbeid.<\/p>\n<h2>Designhensyn og utvalgskriterier<\/h2>\n<h3>Lastekapasitet<\/h3>\n<p>N\u00e5r du velger en bomsylinder, er lastekapasitet en avgj\u00f8rende faktor. Sylinderen m\u00e5 kunne h\u00e5ndtere den maksimale vekten av lastene den skal l\u00f8fte eller flytte uten risiko for feil. En godt designet sylinder vil ha en robust struktur som fordeler belastningen jevnt og minimerer slitasje under drift.<\/p>\n<h3>Tettingsintegritet<\/h3>\n<p>Effektiv tetting er avgj\u00f8rende for \u00e5 forhindre lekkasje av hydraulisk v\u00e6ske, noe som kan svekke sylinderens ytelse. H\u00f8ykvalitets pakninger laget av slitesterke materialer som polyuretan og nitrilgummi er viktige for \u00e5 opprettholde trykk og effektivitet. Regelmessige kontroller av pakningenes tilstand kan forhindre kostbare reparasjoner og nedetid.<\/p>\n<h3>Varighet<\/h3>\n<p>Holdbarhet sikrer at bomsylinderen t\u00e5ler p\u00e5kjenningene ved daglig bruk i krevende milj\u00f8er. Dette inkluderer motstand mot slitasje og korrosjon, oppn\u00e5dd gjennom bruk av materialer og overflatebehandlinger av h\u00f8y kvalitet, som forlenger sylinderens levetid betydelig.<\/p>\n<h3>Sikkerhetsfunksjoner<\/h3>\n<p>Sikkerhet er en kritisk faktor ved design av hydrauliske sylindere. Integrering av funksjoner som overbelastningsbeskyttelse og riktig monteringskonfigurasjon sikrer sikker drift. Disse funksjonene bidrar til \u00e5 minimere risikoen forbundet med hydrauliske feil, og beskytter b\u00e5de operat\u00f8rer og utstyr.<\/p>\n<h3>Vedlikeholdstilgjengelighet<\/h3>\n<p>En design som forenkler vedlikehold og inspeksjon kan forlenge levetiden til en bomsylinder betraktelig. Komponenter som er lett tilgjengelige for rutinekontroller, sm\u00f8ring og utskifting av tetninger kan spare tid og redusere driftskostnader.<\/p>\n<p><img decoding=\"async\" src=\"https:\/\/www.hydraulic-cylinders.net\/wp-content\/uploads\/2025\/04\/songte-oil-pipes-and-spare-parts.webp\" alt=\"Hydrauliske komponenter\" \/><\/p>\n<h2>Tetting og sm\u00f8ring<\/h2>\n<p>Effektiviteten til en bomsylinder er i stor grad avhengig av dens tetnings- og sm\u00f8resystemer. Bruk av forskjellige tetninger, inkludert stempeltetninger og stangtetninger, er viktig for \u00e5 opprettholde trykk og forhindre lekkasje av hydraulisk v\u00e6ske. Tetninger laget av slitesterke materialer, som polyuretan og nitrilgummi, gir forbedret levetid og ytelse.<\/p>\n<p>Videre b\u00f8r sylinderens hus og gjengede endepunkter finbearbeides for \u00e5 forbedre slitestyrken. Regelmessig sm\u00f8ring med riktig hydraulikkolje er avgj\u00f8rende for \u00e5 sikre jevn drift og forhindre overdreven slitasje p\u00e5 bevegelige deler.<\/p>\n<h2>Regelmessige inspeksjoner og forebyggende vedlikehold<\/h2>\n<ul>\n<li><strong>Rutinemessige kontroller:<\/strong> Utf\u00f8r regelmessige inspeksjoner av sylinderen for tegn p\u00e5 slitasje, lekkasje eller skade. Tidlig oppdagelse av problemer kan forhindre mer alvorlige problemer senere.<\/li>\n<li><strong>Riktig sm\u00f8ring:<\/strong> S\u00f8rg for at hydraulikkoljen har optimale niv\u00e5er, og sm\u00f8r bevegelige deler regelmessig for \u00e5 opprettholde jevn drift og forhindre slitasje.<\/li>\n<li><strong>Utskifting av tetning:<\/strong> Sjekk pakningene regelmessig for slitasje. \u00c5 bytte ut skadede pakninger raskt kan forhindre v\u00e6skelekkasjer og opprettholde sylinderens effektivitet.<\/li>\n<\/ul>\n<h2>Installasjonsretningslinjer<\/h2>\n<p>Riktig montering av en bomsylinder er avgj\u00f8rende for optimal ytelse. Det er viktig \u00e5 justere sylinderen riktig under montering for \u00e5 unng\u00e5 un\u00f8dig belastning p\u00e5 sylinderkomponentene. Bruk passende monteringsbraketter for \u00e5 feste sylinderen p\u00e5 plass, og s\u00f8rg for at den er stabil og st\u00f8ttet p\u00e5 riktig m\u00e5te.<\/p>\n<p>F\u00f8r installasjon, rengj\u00f8r alle monteringsflater for \u00e5 fjerne smuss og rusk som kan forstyrre riktig montering. Etter montering, kontroller de hydrauliske koblingene for lekkasjer og s\u00f8rg for at sylinderen er riktig fylt med hydraulisk v\u00e6ske. Etter installasjon, utf\u00f8r en funksjonstest for \u00e5 bekrefte at sylinderen fungerer jevnt og effektivt.<\/p>\n<h2>Vedlikeholdsoppgaver<\/h2>\n<h3>Regelmessige inspeksjoner<\/h3>\n<p>Det er viktig \u00e5 gjennomf\u00f8re regelmessige inspeksjoner for \u00e5 identifisere potensielle problemer tidlig. Sjekk for lekkasjer av hydraulikkv\u00e6ske, tegn p\u00e5 slitasje p\u00e5 pakninger og sylinderens generelle tilstand. Dokumentasjon av disse inspeksjonene hjelper med \u00e5 spore ytelse og planlegge vedlikehold.<\/p>\n<h3>Riktig sm\u00f8ring<\/h3>\n<p>Det er avgj\u00f8rende \u00e5 sm\u00f8re bomsylinderen jevnlig for \u00e5 opprettholde dens funksjonalitet. S\u00f8rg for at niv\u00e5ene av hydraulikkv\u00e6ske er tilstrekkelige, og p\u00e5f\u00f8r sm\u00f8remiddel p\u00e5 bevegelige deler som spesifisert i produsentens retningslinjer. Tilstrekkelig sm\u00f8ring minimerer friksjon og slitasje, noe som \u00f8ker sylinderens levetid.<\/p>\n<h3>Utskifting av tetninger og kalibreringskontroller<\/h3>\n<p>Sjekk pakningene regelmessig for tegn p\u00e5 slitasje, og skift dem ut etter behov. Kalibreringskontroller er ogs\u00e5 viktige for \u00e5 sikre at sylinderen fungerer innenfor designparameterne. \u00c5 f\u00f8lge anbefalte prosedyrer for kontroller og utskiftinger vil opprettholde bomsylinderens integritet og ytelse.<\/p>\n<p><img decoding=\"async\" src=\"https:\/\/www.hydraulic-cylinders.net\/wp-content\/uploads\/2025\/04\/songte-chushion-collar.webp\" alt=\"Hydrauliske sylinderkomponenter\" \/><\/p>\n<h2>Sikkerhetshensyn og milj\u00f8faktorer<\/h2>\n<p>Sikkerhetstiltak er avgj\u00f8rende ved bruk av hydrauliske sylindere. Operat\u00f8rer b\u00f8r f\u00e5 oppl\u00e6ring i sikker h\u00e5ndteringspraksis for \u00e5 redusere risikoen forbundet med lekkasjer av hydraulisk v\u00e6ske og utstyrsfeil. Regelmessige sikkerhetskontroller og overholdelse av driftsretningslinjer bidrar til \u00e5 sikre et trygt arbeidsmilj\u00f8.<\/p>\n<h2>Feildiagnose og vanlige problemer<\/h2>\n<ul>\n<li><strong>Lekkasje:<\/strong> V\u00e6skelekkasjer er et vanlig problem som kan f\u00f8re til redusert effektivitet. Riktig tetting og regelmessige inspeksjoner bidrar til \u00e5 identifisere lekkasjer tidlig.<\/li>\n<li><strong>Langsom bevegelse:<\/strong> Hvis sylinderen beveger seg sakte, kan det tyde p\u00e5 lavt niv\u00e5 av hydraulikkv\u00e6ske eller luft i systemet. Lufting av systemet og p\u00e5fylling av hydraulikkv\u00e6ske kan l\u00f8se dette problemet.<\/li>\n<li><strong>Overoppheting:<\/strong> Overoppheting kan oppst\u00e5 p\u00e5 grunn av for h\u00f8y belastning eller utilstrekkelig sm\u00f8ring. S\u00f8rg for riktig vedlikehold og unng\u00e5 \u00e5 overskride belastningsgrensene for \u00e5 forhindre overoppheting.<\/li>\n<\/ul>\n<p>Ved \u00e5 ta tak i disse vanlige problemene raskt, kan f\u00f8rere opprettholde optimal ytelse og forlenge levetiden til bomsylinderen.<\/p>\n<p><img decoding=\"async\" src=\"https:\/\/www.hydraulic-cylinders.net\/wp-content\/uploads\/2025\/04\/songte-bushings-with-all-kinds-of-excavator-models.webp\" alt=\"Gravemaskinforinger\" \/><\/p>\n<h2>Konklusjon<\/h2>\n<p>V\u00e5rt selskap er en ledende produsent og grossist av alternative hydrauliske sylindere i b\u00e5de innenlandske og internasjonale markeder. Vi prioriterer kvalitet i h\u00f8y kvalitet, og bruker en raffinert produksjonsstrategi st\u00f8ttet av dyktig personell, avansert digitalt produksjonsutstyr og et robust testsystem. V\u00e5r forpliktelse til \u00e5 forbedre produksjonsplattformen v\u00e5r sikrer at vi m\u00f8ter ulike kundebehov samtidig som vi opprettholder h\u00f8y effektivitet, presisjon og produktkvalitet.<\/p>\n<p>Med fokus p\u00e5 profesjonalitet, internasjonale sertifiseringer, tilpassede tjenester, banebrytende produksjonsutstyr og omfattende ettersalgsst\u00f8tte, streber vi etter \u00e5 levere overlegne hydrauliske l\u00f8sninger til v\u00e5re kunder.<\/p>\n<p><img decoding=\"async\" src=\"https:\/\/www.hydraulic-cylinders.net\/wp-content\/uploads\/2025\/04\/songte-company-4.webp\" alt=\"Selskapsoversikt\" \/><br \/>\n<img decoding=\"async\" src=\"https:\/\/www.hydraulic-cylinders.net\/wp-content\/uploads\/2025\/04\/songte-company-3.webp\" alt=\"Selskapets produksjon\" \/><\/p>\n<p>Forfatter: lyl<\/p>","protected":false},"excerpt":{"rendered":"<p>Boom Cylinder For XGMA Small Excavator XG815EL Product Overview The Boom Cylinder for the XGMA Small Excavator XG815EL is a critical component in hydraulic systems that enhances the functionality of various heavy machinery. This hydraulic cylinder is specifically designed to control the movement of the bucket in excavators, backhoes, and front loaders, enabling the bucket [&hellip;]<\/p>","protected":false},"featured_media":17878,"comment_status":"open","ping_status":"closed","template":"","meta":{"_et_pb_use_builder":"","_et_pb_old_content":"","_et_gb_content_width":""},"product_brand":[],"product_cat":[1546],"product_tag":[1547,1496],"class_list":{"0":"post-19313","1":"product","2":"type-product","3":"status-publish","4":"has-post-thumbnail","6":"product_cat-boom-cylinders","7":"product_tag-boom-cylinders","8":"product_tag-hydraulic-cylinders","10":"first","11":"instock","12":"shipping-taxable","13":"product-type-simple"},"amp_enabled":true,"_links":{"self":[{"href":"https:\/\/www.hydraulic-cylinders.net\/nb\/wp-json\/wp\/v2\/product\/19313","targetHints":{"allow":["GET"]}}],"collection":[{"href":"https:\/\/www.hydraulic-cylinders.net\/nb\/wp-json\/wp\/v2\/product"}],"about":[{"href":"https:\/\/www.hydraulic-cylinders.net\/nb\/wp-json\/wp\/v2\/types\/product"}],"replies":[{"embeddable":true,"href":"https:\/\/www.hydraulic-cylinders.net\/nb\/wp-json\/wp\/v2\/comments?post=19313"}],"wp:featuredmedia":[{"embeddable":true,"href":"https:\/\/www.hydraulic-cylinders.net\/nb\/wp-json\/wp\/v2\/media\/17878"}],"wp:attachment":[{"href":"https:\/\/www.hydraulic-cylinders.net\/nb\/wp-json\/wp\/v2\/media?parent=19313"}],"wp:term":[{"taxonomy":"product_brand","embeddable":true,"href":"https:\/\/www.hydraulic-cylinders.net\/nb\/wp-json\/wp\/v2\/product_brand?post=19313"},{"taxonomy":"product_cat","embeddable":true,"href":"https:\/\/www.hydraulic-cylinders.net\/nb\/wp-json\/wp\/v2\/product_cat?post=19313"},{"taxonomy":"product_tag","embeddable":true,"href":"https:\/\/www.hydraulic-cylinders.net\/nb\/wp-json\/wp\/v2\/product_tag?post=19313"}],"curies":[{"name":"wp","href":"https:\/\/api.w.org\/{rel}","templated":true}]}}