{"id":19325,"date":"2025-04-07T06:27:02","date_gmt":"2025-04-07T06:27:02","guid":{"rendered":"https:\/\/www.hydraulic-cylinders.net\/product\/boom-cylinder-for-xgma-wheel-excavator-xg815w\/"},"modified":"2025-04-07T06:27:05","modified_gmt":"2025-04-07T06:27:05","slug":"boom-cylinder-for-xgma-wheel-excavator-xg815w","status":"publish","type":"product","link":"https:\/\/www.hydraulic-cylinders.net\/nb\/produkt\/boom-cylinder-for-xgma-wheel-excavator-xg815w\/","title":{"rendered":"Bomcylinder for XGMA hjulgraver XG815W"},"content":{"rendered":"<h1>Bomcylinder for XGMA hjulgraver XG815W<\/h1>\n<h2>Introduksjon til bomsylinder<\/h2>\n<p>Bom-sylinderen er en viktig komponent i tungt maskineri, spesielt i gravemaskiner, traktorgravere og frontlastere. Det er en type hydraulisk sylinder som er spesielt utviklet for \u00e5 kontrollere bevegelsen til skuffen, slik at den kan l\u00f8ftes, senkes og vippes etter behov for ulike materialh\u00e5ndteringsoppgaver. Denne hydrauliske sylinderen er avgj\u00f8rende for effektiv drift av gravemaskiner, ettersom den gir den n\u00f8dvendige kraften til \u00e5 manipulere tunge laster og navigere i utfordrende terreng. Bom-sylinderen opererer under h\u00f8yt trykk, noe som gj\u00f8r den essensiell for oppgaver som krever presisjon og styrke.<\/p>\n<p><img decoding=\"async\" src=\"https:\/\/www.hydraulic-cylinders.net\/wp-content\/uploads\/2025\/04\/songte-company-1.webp\" alt=\"Bomcylinder for gravemaskiner\"><\/p>\n<h2>Funksjoner p\u00e5 bomsylinderen<\/h2>\n<ul>\n<li><strong>H\u00f8y styrke og holdbarhet:<\/strong> Bom-sylinderen er laget av h\u00f8yfast st\u00e5l eller aluminium, og t\u00e5ler h\u00f8yt trykk og tunge belastninger, noe som gj\u00f8r den egnet for t\u00f8ffe arbeidsmilj\u00f8er. Designet vektlegger slitestyrke og korrosjonsbeskyttelse, noe som forlenger levetiden.<\/li>\n<li><strong>Effektiv hydraulisk drift:<\/strong> Sylinderen bruker hydraulisk oljetrykk for jevn forlengelse og tilbaketrekking, noe som gir rask respons p\u00e5 kontrollkommandoer og sterk skyve- og trekkekraft, ideell for h\u00e5ndtering av tunge materialer og komplekse oppgaver.<\/li>\n<li><strong>Ulike typer:<\/strong> Avhengig av driftsbehov inkluderer alternativene enkeltvirkende (hydraulisk kraft i \u00e9n retning) eller dobbeltvirkende (hydraulisk kraft i begge retninger) sylindere. Noen modeller er teleskopiske, noe som gir st\u00f8rre forlengelse uten \u00e5 \u00f8ke de ytre dimensjonene, egnet for plassbegrensede applikasjoner.<\/li>\n<\/ul>\n<p>Produktene v\u00e5re er konstruert for \u00e5 erstatte eksisterende hydrauliske sylindere p\u00e5 en perfekt m\u00e5te.<\/p>\n<p><img decoding=\"async\" src=\"https:\/\/www.hydraulic-cylinders.net\/wp-content\/uploads\/2025\/04\/songte-cylinder-head-with-all-kinds-excavator-models.webp\" alt=\"Hydraulisk sylinderhode\"><\/p>\n<h2>S\u00f8knadsscenarier<\/h2>\n<h3>Anleggsutstyr<\/h3>\n<p>I gravemaskiner spiller bomsylindre en kritisk rolle i graving, lasting og flytting av jord eller rusk. De gj\u00f8r at skuffen kan trenge effektivt ned i bakken, noe som gj\u00f8r dem uunnv\u00e6rlige p\u00e5 byggeplasser. I gravemaskinlastere hjelper disse sylindrene ikke bare med utgraving, men ogs\u00e5 med \u00e5 l\u00f8fte og flytte materialer, noe som gir allsidighet i ulike byggeoppgaver.<\/p>\n<h3>Landbruksmaskiner<\/h3>\n<p>I frontlastere brukes bomsylindre til \u00e5 utarbeide, l\u00f8fte og transportere jord, h\u00f8y og andre materialer. Den robuste designen gj\u00f8r at de kan h\u00e5ndtere betydelige belastninger, noe som er viktig i landbruksdrift der effektivitet og p\u00e5litelighet er avgj\u00f8rende.<\/p>\n<h3>Gravemaskiner<\/h3>\n<p>Bom-sylinderen gj\u00f8r at skuffen kan trenge effektivt ned i jorden, noe som forenkler gravearbeidet. Denne funksjonen er viktig for oppgaver som gr\u00f8fting, forberedelse av tomten og andre graveoppgaver, og sikrer at operat\u00f8rene kan utf\u00f8re oppgavene sine effektivt.<\/p>\n<h3>Lastere<\/h3>\n<p>I frontlastere hjelper bomsylindrene med \u00e5 l\u00f8fte og dumpe last effektivt. Den hydrauliske kraften gj\u00f8r det mulig for f\u00f8rere \u00e5 h\u00e5ndtere tunge laster med letthet, noe som forbedrer produktiviteten p\u00e5 arbeidsplasser der rask materialh\u00e5ndtering er n\u00f8dvendig.<\/p>\n<h2>Designhensyn og utvalgsstandarder<\/h2>\n<h3>Lastekapasitet<\/h3>\n<p>Lastekapasiteten til en bomsylinder er en kritisk faktor i designet, ettersom den m\u00e5 kunne b\u00e6re vekten av materialene som h\u00e5ndteres uten risiko for svikt. Produsenter utf\u00f8rer ofte grundige tester for \u00e5 sikre at sylindrene deres t\u00e5ler spesifiserte belastninger p\u00e5 en sikker m\u00e5te.<\/p>\n<h3>Seglintegritet<\/h3>\n<p>Effektiv tetting er avgj\u00f8rende for \u00e5 forhindre lekkasjer av hydraulisk v\u00e6ske, noe som kan f\u00f8re til redusert effektivitet og potensielle farer. En godt designet bomsylinder har h\u00f8ykvalitetstetninger laget av slitesterke materialer, noe som sikrer langvarig ytelse og p\u00e5litelighet.<\/p>\n<h3>Varighet<\/h3>\n<p>Holdbarhet er en viktig designfaktor, ettersom bomsylindre ofte utsettes for t\u00f8ffe forhold. Produsenter bruker materialer av h\u00f8y kvalitet og avanserte konstruksjonsteknikker for \u00e5 forbedre motstanden mot slitasje og korrosjon, noe som forlenger produktets levetid.<\/p>\n<h3>Sikkerhet<\/h3>\n<p>Sikkerhetsfunksjoner er avgj\u00f8rende i utformingen av bomsylindere. Disse kan inkludere trykkavlastningsventiler og sikkerhetsmekanismer som sikrer at systemet opererer innenfor trygge parametere, og forhindrer ulykker under drift.<\/p>\n<h3>Vedlikeholdstilgjengelighet<\/h3>\n<p>Det er avgj\u00f8rende \u00e5 designe bomsylindere med vedlikehold i tankene for \u00e5 sikre lang levetid. Tilgjengelige komponenter muliggj\u00f8r enklere inspeksjoner, reparasjoner og utskifting av deler, noe som minimerer nedetid for maskineri.<\/p>\n<p><img decoding=\"async\" src=\"https:\/\/www.hydraulic-cylinders.net\/wp-content\/uploads\/2025\/04\/songte-oil-pipes-and-spare-parts.webp\" alt=\"Oljer\u00f8r og reservedeler\"><\/p>\n<h2>Tetting og sm\u00f8ring<\/h2>\n<p>Riktig tetting og sm\u00f8ring er avgj\u00f8rende for effektiv funksjon av bomsylindre. Ulike tetningskomponenter, som stempeltetninger og stangtetninger, brukes for \u00e5 sikre en tett forsegling, som forhindrer lekkasjer av hydraulisk v\u00e6ske. Produsenter bruker ofte polyuretan eller nitrilgummi til tetninger p\u00e5 grunn av deres slitestyrke og holdbarhet. Sylinderhuset og gjengede ender er fint bearbeidet for \u00e5 forbedre slitestyrken, noe som er avgj\u00f8rende for langvarig bruk. Regelmessig sm\u00f8ring med hydraulisk olje er n\u00f8dvendig for \u00e5 opprettholde jevn drift og forhindre slitasje.<\/p>\n<h2>Regelmessig inspeksjon og forebyggende vedlikehold<\/h2>\n<ul>\n<li><strong>Regelmessige inspeksjoner:<\/strong> Sjekk ofte for tegn p\u00e5 slitasje, lekkasjer eller skader. Tidlig oppdagelse av disse problemene kan forhindre mer alvorlige problemer og kostbare reparasjoner.<\/li>\n<li><strong>Passende sm\u00f8ring:<\/strong> S\u00f8rg for at hydraulikkoljeniv\u00e5et er tilstrekkelig og at oljen er ren. Dette forhindrer friksjon og forlenger sylinderens levetid.<\/li>\n<li><strong>Utskifting av tetning:<\/strong> Unders\u00f8k pakningene regelmessig for slitasje og skift dem ut etter behov for \u00e5 opprettholde hydraulisk effektivitet og forhindre lekkasjer.<\/li>\n<\/ul>\n<h2>Installasjonsretningslinjer<\/h2>\n<p>Riktig installasjon av bomsylinderen er avgj\u00f8rende for optimal ytelse. Begynn med \u00e5 s\u00f8rge for at arbeidsomr\u00e5det er rent og fritt for rusk. Juster sylinderen riktig og bruk passende monteringsbraketter for \u00e5 feste den p\u00e5 plass. S\u00f8rg for at alle hydrauliske tilkoblinger er tette og lekkasjefrie. Etter installasjon, utf\u00f8r en funksjonstest for \u00e5 bekrefte at sylinderen fungerer jevnt og effektivt. Overv\u00e5k installasjonen regelmessig for tegn p\u00e5 feiljustering eller slitasje.<\/p>\n<h2>Vanlige vedlikeholdsoppgaver<\/h2>\n<ul>\n<li><strong>Regelmessige inspeksjoner:<\/strong> Utf\u00f8r rutinekontroller for \u00e5 identifisere slitasje eller skader tidlig. Denne proaktive tiln\u00e6rmingen bidrar til \u00e5 opprettholde sylinderens driftsmessige integritet.<\/li>\n<li><strong>Riktig sm\u00f8ring:<\/strong> Oppretthold hydraulikkoljeniv\u00e5et og s\u00f8rg for at oljen er ren. Riktig sm\u00f8ring reduserer slitasje og forbedrer ytelsen.<\/li>\n<li><strong>Utskifting av tetninger og kalibreringskontroller:<\/strong> Vurder tilstanden til pakningene med jevne mellomrom og skift dem ut etter behov for \u00e5 forhindre lekkasjer. Regelmessig kalibrering sikrer at sylinderen fungerer innenfor de designede parameterne.<\/li>\n<\/ul>\n<h2>Sikkerhetshensyn og milj\u00f8faktorer<\/h2>\n<p>N\u00e5r man bruker bomsylindere, er det viktig \u00e5 prioritere sikkerhet. S\u00f8rg for at alle operat\u00f8rer er oppl\u00e6rt i sikker h\u00e5ndteringspraksis og forst\u00e5r risikoene forbundet med hydrauliske systemer. Implementering av sikkerhetstiltak, som \u00e5 bruke verneutstyr og gjennomf\u00f8re regelmessige sikkerhetsrevisjoner, bidrar til \u00e5 minimere ulykker og skader.<\/p>\n<h2>Feildiagnose og vanlige problemer<\/h2>\n<ul>\n<li><strong>Hydrauliske lekkasjer:<\/strong> Vanlige problemer inkluderer lekkasjer ved tetningspunkter, noe som kan f\u00f8re til redusert ytelse. Sjekk tetningene regelmessig for tegn p\u00e5 slitasje.<\/li>\n<li><strong>Langsom bevegelse:<\/strong> Hvis sylinderen g\u00e5r sakte, kan det tyde p\u00e5 lavt hydraulikkv\u00e6skeniv\u00e5 eller luft i systemet. Kontroller v\u00e6skeniv\u00e5ene og luft systemet etter behov.<\/li>\n<li><strong>Uvanlige lyder:<\/strong> St\u00f8y under drift kan tyde p\u00e5 indre skader eller utilstrekkelig sm\u00f8ring. Unders\u00f8k eventuelle uvanlige lyder og h\u00e5ndter dem umiddelbart.<\/li>\n<\/ul>\n<h2>Feils\u00f8kingstips<\/h2>\n<p>For \u00e5 effektivt diagnostisere og l\u00f8se problemer med bomsylindere, start med \u00e5 observere symptomene. \u00c5 adressere lekkasjer raskt kan forhindre ytterligere skade og redusere driftskostnader. Regelmessig vedlikehold, inkludert kontroll av tetninger og sm\u00f8ring, kan forhindre at mange vanlige problemer oppst\u00e5r.<\/p>\n<p><img decoding=\"async\" src=\"https:\/\/www.hydraulic-cylinders.net\/wp-content\/uploads\/2025\/04\/songte-bushings-with-all-kinds-of-excavator-models.webp\" alt=\"Foringer for gravemaskiner\"><\/p>\n<h2>Om selskapet v\u00e5rt<\/h2>\n<p>Vi er en ledende produsent av hydrauliske sylindere for utskifting, og tilbyr et bredt spekter av produkter som posisjonerer oss som en ledende akt\u00f8r i b\u00e5de innenlandske og internasjonale markeder. V\u00e5r forpliktelse til eksepsjonell kvalitet st\u00f8ttes av en raffinert produksjonsstrategi og fokus p\u00e5 h\u00f8ypresisjons produksjonsstyring. Gjennom bruk av dyktig teknisk personell, avansert digitalt produksjonsutstyr og profesjonelle testsystemer forbedrer vi kontinuerlig v\u00e5r produksjonskapasitet. V\u00e5r effektive, presise og h\u00f8ykvalitetstiln\u00e6rming lar oss m\u00f8te ulike kundebehov effektivt.<\/p>\n<p><img decoding=\"async\" src=\"https:\/\/www.hydraulic-cylinders.net\/wp-content\/uploads\/2025\/04\/songte-company-4.webp\" alt=\"Selskapsoversikt\"><br \/>\n<img decoding=\"async\" src=\"https:\/\/www.hydraulic-cylinders.net\/wp-content\/uploads\/2025\/04\/songte-company-3.webp\" alt=\"Produksjonsanlegg\"><\/p>\n<p>Forfatter: lyl<\/p>","protected":false},"excerpt":{"rendered":"<p>Boom Cylinder For XGMA Wheel Excavator XG815W Introduction to Boom Cylinder The boom cylinder is a vital component of heavy machinery, particularly in excavators, backhoe loaders, and front loaders. It is a type of hydraulic cylinder specifically designed to control the movement of the bucket, allowing it to lift, lower, and tilt as needed for [&hellip;]<\/p>","protected":false},"featured_media":17875,"comment_status":"open","ping_status":"closed","template":"","meta":{"_et_pb_use_builder":"","_et_pb_old_content":"","_et_gb_content_width":""},"product_brand":[],"product_cat":[1546],"product_tag":[1547,1496],"class_list":{"0":"post-19325","1":"product","2":"type-product","3":"status-publish","4":"has-post-thumbnail","6":"product_cat-boom-cylinders","7":"product_tag-boom-cylinders","8":"product_tag-hydraulic-cylinders","10":"first","11":"instock","12":"shipping-taxable","13":"product-type-simple"},"amp_enabled":true,"_links":{"self":[{"href":"https:\/\/www.hydraulic-cylinders.net\/nb\/wp-json\/wp\/v2\/product\/19325","targetHints":{"allow":["GET"]}}],"collection":[{"href":"https:\/\/www.hydraulic-cylinders.net\/nb\/wp-json\/wp\/v2\/product"}],"about":[{"href":"https:\/\/www.hydraulic-cylinders.net\/nb\/wp-json\/wp\/v2\/types\/product"}],"replies":[{"embeddable":true,"href":"https:\/\/www.hydraulic-cylinders.net\/nb\/wp-json\/wp\/v2\/comments?post=19325"}],"wp:featuredmedia":[{"embeddable":true,"href":"https:\/\/www.hydraulic-cylinders.net\/nb\/wp-json\/wp\/v2\/media\/17875"}],"wp:attachment":[{"href":"https:\/\/www.hydraulic-cylinders.net\/nb\/wp-json\/wp\/v2\/media?parent=19325"}],"wp:term":[{"taxonomy":"product_brand","embeddable":true,"href":"https:\/\/www.hydraulic-cylinders.net\/nb\/wp-json\/wp\/v2\/product_brand?post=19325"},{"taxonomy":"product_cat","embeddable":true,"href":"https:\/\/www.hydraulic-cylinders.net\/nb\/wp-json\/wp\/v2\/product_cat?post=19325"},{"taxonomy":"product_tag","embeddable":true,"href":"https:\/\/www.hydraulic-cylinders.net\/nb\/wp-json\/wp\/v2\/product_tag?post=19325"}],"curies":[{"name":"wp","href":"https:\/\/api.w.org\/{rel}","templated":true}]}}