{"id":19439,"date":"2025-04-07T06:47:35","date_gmt":"2025-04-07T06:47:35","guid":{"rendered":"https:\/\/www.hydraulic-cylinders.net\/product\/boom-cylinder-for-case-small-excavator-cx58c\/"},"modified":"2025-04-07T06:47:38","modified_gmt":"2025-04-07T06:47:38","slug":"boom-cylinder-for-case-small-excavator-cx58c","status":"publish","type":"product","link":"https:\/\/www.hydraulic-cylinders.net\/nb\/produkt\/boom-cylinder-for-case-small-excavator-cx58c\/","title":{"rendered":"Bom-sylinder for Case liten gravemaskin CX58C"},"content":{"rendered":"<h1>Bom-sylinder for Case liten gravemaskin CX58C<\/h1>\n<h2>Forst\u00e5 bomsylindere<\/h2>\n<p>Bom-sylinderen er en viktig hydraulisk komponent som er spesielt utviklet for \u00e5 kontrollere bevegelsen til skuffer i tunge maskiner som gravemaskiner, traktorgravere og frontlastere. Denne hydrauliske sylinderen lar skuffen l\u00f8fte, senke og vippe, noe som muliggj\u00f8r effektiv materialh\u00e5ndtering. Som en spesialisert hydraulisk enhet spiller den en avgj\u00f8rende rolle i \u00e5 sikre problemfri drift av disse maskinene, slik at de kan utf\u00f8re oppgaver som graving, l\u00f8fting og transport av materialer effektivt.<\/p>\n<p><img decoding=\"async\" src=\"https:\/\/www.hydraulic-cylinders.net\/wp-content\/uploads\/2025\/04\/songte-company-1.webp\" alt=\"Hydraulisk sylinder\"><\/p>\n<h3>Definisjon og oversikt<\/h3>\n<p>Skuffesylinderen er en type hydraulisk sylinder som opererer i et hydraulisk system og omdanner hydraulisk energi til mekanisk kraft. Den er spesielt viktig i anleggsmaskiner og landbruksmaskiner, der den direkte p\u00e5virker ytelsen og effektiviteten til driften. Sylinderens evne til \u00e5 gi kontrollert bevegelse er kritisk, da den sikrer presisjon og kraft under l\u00f8fte- og graveoppgaver. Dette hydrauliske systemets integrerte design forbedrer ikke bare produktiviteten, men bidrar ogs\u00e5 til den generelle sikkerheten og effektiviteten til tunge maskiner.<\/p>\n<h2>Viktige funksjoner p\u00e5 bomsylinderen<\/h2>\n<ul>\n<li><strong>H\u00f8y styrke og holdbarhet:<\/strong> Bom-sylinderen er laget av h\u00f8yfast st\u00e5l eller aluminium, og er konstruert for \u00e5 t\u00e5le h\u00f8yt trykk og tunge belastninger, noe som gj\u00f8r den ideell for t\u00f8ffe arbeidsmilj\u00f8er. Konstruksjonen tar hensyn til slitestyrke og korrosjonsbestandighet, noe som forlenger levetiden betraktelig.<\/li>\n<li><strong>Effektiv hydraulisk drift:<\/strong> Denne sylinderen bruker hydraulisk oljetrykk for jevn forlengelse og tilbaketrekking, og reagerer raskt p\u00e5 kontrollkommandoer og leverer kraftige skyve- og trekkkrefter som er egnet for tunge l\u00f8ft og komplekse oppgaver.<\/li>\n<li><strong>Ulike typer tilgjengelig:<\/strong> Avhengig av behov kan brukerne velge enkeltvirkende (som fungerer i \u00e9n retning) eller dobbeltvirkende (som fungerer i begge retninger) sylindere. Noen modeller er teleskopiske, noe som gir st\u00f8rre forlengelse uten \u00e5 \u00f8ke de ytre m\u00e5lene, ideelt for applikasjoner med plassbegrensninger.<\/li>\n<li><strong>Tilpassbare l\u00f8sninger:<\/strong> Vi produserer dette produktet med presisjon, og sikrer at sylindrene v\u00e5re perfekt kan erstatte eksisterende hydrauliske sylindere som brukes i ulike maskinapplikasjoner.<\/li>\n<li><strong>Avansert designteknologi:<\/strong> V\u00e5re bomsylindere er konstruert med banebrytende teknologi som garanterer kompatibilitet med ulike gravemaskinmodeller, noe som optimaliserer ytelse og p\u00e5litelighet.<\/li>\n<\/ul>\n<p><img decoding=\"async\" src=\"https:\/\/www.hydraulic-cylinders.net\/wp-content\/uploads\/2025\/04\/songte-cylinder-head-with-all-kinds-excavator-models.webp\" alt=\"Gravemaskinmodeller\"><\/p>\n<h2>Bruksomr\u00e5der for bomsylinderen<\/h2>\n<h3>Anleggsutstyr<\/h3>\n<p>I gravemaskiner er bomsylindre sentrale for graving, lasting og flytting av jord eller avfall. De muliggj\u00f8r presis bevegelse av skuffen, noe som \u00f8ker produktiviteten p\u00e5 byggeplasser. Kontrollen som bomsylinderen gir forenkler f\u00f8rerens oppgaver og gir effektiv graving og materialh\u00e5ndtering.<\/p>\n<h3>Landbruksmaskiner<\/h3>\n<p>I frontlastere brukes bomsylindre til \u00e5 utarbeide, l\u00f8fte og transportere materialer som jord, h\u00f8y og andre landbruksprodukter. Den robuste designen sikrer at de h\u00e5ndterer den krevende naturen til landbruksarbeid, slik at b\u00f8nder kan h\u00e5ndtere oppgavene sine effektivt.<\/p>\n<h3>Graveoperasjoner<\/h3>\n<p>Gravemaskiner er i stor grad avhengige av bomsylindere for graveprosessen. Ved \u00e5 gj\u00f8re det mulig for skuffen \u00e5 trenge effektivt ned i jorden, muliggj\u00f8r sylinderen dypere og mer effektive utgravninger, noe som er avgj\u00f8rende for ulike bygge- og landskapsprosjekter.<\/p>\n<h3>Lasterapplikasjoner<\/h3>\n<p>I frontlastere hjelper bomsylindre med \u00e5 l\u00f8fte og dumpe last effektivt. Designet deres sikrer at tunge materialer kan heves og vippes, noe som muliggj\u00f8r effektive losseoperasjoner, og dermed maksimerer produktiviteten og minimerer tiden brukt p\u00e5 oppgaver.<\/p>\n<h2>Designhensyn og utvalgskriterier<\/h2>\n<h3>Lastekapasitet<\/h3>\n<p>N\u00e5r du velger en bomsylinder, er det avgj\u00f8rende \u00e5 vurdere lastekapasiteten. Sylinderen m\u00e5 kunne h\u00e5ndtere den maksimale vekten av lasten den skal l\u00f8fte eller flytte uten risiko for svikt. Overbelastning av en sylinder kan f\u00f8re til katastrofale feil og ulykker, noe som gj\u00f8r det viktig \u00e5 velge en sylinder som overg\u00e5r de forventede lastkravene.<\/p>\n<h3>Tetningssystemer<\/h3>\n<p>Et p\u00e5litelig tetningssystem er n\u00f8dvendig for \u00e5 forhindre lekkasjer av hydraulisk v\u00e6ske og sikre optimal ytelse. Egnede tetninger b\u00f8r velges basert p\u00e5 driftsmilj\u00f8et, med alternativer som polyuretan og nitrilgummi tilgjengelig p\u00e5 grunn av deres holdbarhet og slitestyrke. Kvalitetstetningen p\u00e5virker sylinderens effektivitet og levetid betydelig.<\/p>\n<h3>Varighet<\/h3>\n<p>Holdbarhet er en n\u00f8kkelfaktor n\u00e5r man velger hydrauliske sylindere. Materialer som brukes i konstruksjonen b\u00f8r motst\u00e5 slitasje og korrosjon, spesielt i milj\u00f8er som er utsatt for t\u00f8ffe forhold. H\u00f8yfaste materialer kombinert med beskyttende belegg kan \u00f8ke sylinderens levetid, og sikre at den t\u00e5ler regelmessig bruk uten forringelse.<\/p>\n<h3>Sikkerhetsfunksjoner<\/h3>\n<p>Sikkerhet er avgj\u00f8rende i design av hydrauliske sylindere. Inkludering av funksjoner som trykkavlastningsventiler og overbelastningsbeskyttelsesmekanismer kan forhindre ulykker og utstyrsfeil. Det er viktig \u00e5 sikre at disse funksjonene er integrert i designet for \u00e5 fremme sikker drift i felten.<\/p>\n<h3>Vedlikeholdstilgjengelighet<\/h3>\n<p>\u00c5 designe en hydraulisk sylinder med tanke p\u00e5 tilgjengelighet for vedlikehold kan forenkle vedlikeholdsprosessen betydelig. Funksjoner som muliggj\u00f8r enkel inspeksjon, rengj\u00f8ring og utskifting av deler kan spare tid og redusere kostnader forbundet med lengre nedetid. \u00c5 s\u00f8rge for at alle komponenter er tilgjengelige vil legge til rette for regelmessige vedlikeholdskontroller.<\/p>\n<p><img decoding=\"async\" src=\"https:\/\/www.hydraulic-cylinders.net\/wp-content\/uploads\/2025\/04\/songte-oil-pipes-and-spare-parts.webp\" alt=\"Hydrauliske deler\"><\/p>\n<h2>Tetting og sm\u00f8ring<\/h2>\n<p>Effektiviteten til et hydraulisk system avhenger i stor grad av tetning og sm\u00f8ring. Ulike tetninger, inkludert stempeltetninger og stangtetninger, b\u00f8r brukes i bomsylinderen. Tetninger laget av slitesterke materialer, som polyuretan og nitrilgummi, forbedrer slitestyrken og levetiden. I tillegg m\u00e5 sylinderhuset og gjengede endeflater gjennomg\u00e5 finbearbeiding for \u00e5 forbedre slitestyrken.<\/p>\n<p>Regelmessig sm\u00f8ring er avgj\u00f8rende for \u00e5 opprettholde optimale driftsforhold. Hydraulikkolje b\u00f8r etterfylles med jevne mellomrom for \u00e5 sikre jevn drift og forhindre slitasje. Riktig sm\u00f8ring minimerer friksjon og varmeutvikling, noe som kan skade interne komponenter over tid.<\/p>\n<h2>Regelmessig inspeksjon og forebyggende vedlikeholdstiltak<\/h2>\n<ul>\n<li><strong>Rutinemessige kontroller:<\/strong> Planlegg regelmessige inspeksjoner av bomsylinderen for \u00e5 identifisere tegn p\u00e5 slitasje eller skade. Se etter lekkasjer og s\u00f8rg for at alle tetninger fungerer som de skal.<\/li>\n<li><strong>Riktig sm\u00f8ring:<\/strong> Hold en tidsplan for sm\u00f8ring av sylinderen for \u00e5 forhindre slitasje og sikre effektiv drift. Kontroller hydraulikkoljeniv\u00e5ene og etterfyll etter behov.<\/li>\n<li><strong>Utskifting av tetning:<\/strong> Overv\u00e5k tilstanden til pakningene regelmessig. Skift ut slitte eller skadede pakninger raskt for \u00e5 unng\u00e5 lekkasjer og tap av hydraulisk trykk.<\/li>\n<\/ul>\n<h2>Installasjonsretningslinjer<\/h2>\n<p>Riktig montering av bomsylinderen er avgj\u00f8rende for optimal ytelse. Begynn med \u00e5 s\u00f8rge for at monteringsflatene er rene og fri for rusk. Juster sylinderen riktig med eksisterende fester for \u00e5 unng\u00e5 problemer med feiljustering som kan f\u00f8re til for tidlig slitasje eller svikt. Bruk riktige monteringsbraketter for \u00e5 feste sylinderen p\u00e5 plass, og s\u00f8rg for at den er tilstrekkelig st\u00f8ttet under drift.<\/p>\n<p>N\u00e5r du kobler til hydrauliske ledninger, m\u00e5 du s\u00f8rge for at de er fri for knekk eller hindringer som kan hindre v\u00e6skestr\u00f8mmen. Kontroller at alle koblinger er tette for \u00e5 forhindre lekkasjer. Etter installasjon, utf\u00f8r en pr\u00f8vekj\u00f8ring for \u00e5 bekrefte at sylinderen fungerer problemfritt og at det ikke er noen lekkasjer eller uvanlige lyder.<\/p>\n<h2>Vanlige vedlikeholdsoppgaver<\/h2>\n<ul>\n<li><strong>Regelmessige inspeksjoner:<\/strong> Inspeksjoner b\u00f8r utf\u00f8res med faste intervaller for \u00e5 identifisere potensielle problemer tidlig. Se etter tegn p\u00e5 slitasje, lekkasjer eller feiljustering, og h\u00e5ndter disse raskt for \u00e5 forhindre kostbare reparasjoner.<\/li>\n<li><strong>Passende sm\u00f8ring:<\/strong> S\u00f8rg for at det hydrauliske systemet er tilstrekkelig smurt for \u00e5 opprettholde optimal ytelse. Sjekk oljeniv\u00e5ene regelmessig og etterfyll hydraulisk v\u00e6ske etter behov for \u00e5 sikre problemfri drift.<\/li>\n<li><strong>Utskifting og kalibrering av tetning:<\/strong> Vurder tilstanden til pakningene regelmessig og skift dem ut etter behov. Kalibreringskontroller vil sikre at systemet fungerer innenfor trygge parametere, og forhindre overbelastning og potensielle feil.<\/li>\n<\/ul>\n<h2>Sikkerhetshensyn og milj\u00f8faktorer<\/h2>\n<p>Ved bruk av hydrauliske sylindere er det avgj\u00f8rende \u00e5 implementere sikkerhetstiltak for \u00e5 beskytte operat\u00f8rer og utstyr. Riktig oppl\u00e6ring i drift og vedlikehold av hydrauliske systemer er viktig for \u00e5 minimere ulykker. F\u00f8lg alltid produsentens retningslinjer ang\u00e5ende lastgrenser og driftsprosedyrer.<\/p>\n<p>Milj\u00f8faktorer spiller ogs\u00e5 en betydelig rolle i levetiden til hydrauliske systemer. S\u00f8rg for at arbeidsmilj\u00f8et er fritt for forurensninger og at hydrauliske v\u00e6sker kastes p\u00e5 riktig m\u00e5te for \u00e5 minimere milj\u00f8p\u00e5virkningen.<\/p>\n<h2>Feils\u00f8king og vanlige problemer<\/h2>\n<ul>\n<li><strong>Lekkasje:<\/strong> Lekkasjer kan skyldes slitte pakninger eller skadede komponenter. Regelmessige kontroller b\u00f8r utf\u00f8res for \u00e5 identifisere lekkasjer tidlig og erstatte skadede deler.<\/li>\n<li><strong>Inkonsekvent drift:<\/strong> Hvis bomsylinderen ikke forlenges eller trekkes jevnt inn, kan det tyde p\u00e5 lavt hydraulikkv\u00e6skeniv\u00e5 eller luft i systemet. Kontroller v\u00e6skeniv\u00e5ene og luft systemet om n\u00f8dvendig.<\/li>\n<li><strong>Merkelige lyder:<\/strong> Uvanlige lyder under drift kan tyde p\u00e5 indre skader eller mangel p\u00e5 sm\u00f8ring. Unders\u00f8k kilden til lyden og utbedre eventuelle problemer umiddelbart.<\/li>\n<\/ul>\n<h2>Tips for feils\u00f8king av problemer<\/h2>\n<p>For \u00e5 effektivt diagnostisere problemer med bomsylinderen, start med \u00e5 sjekke for synlige tegn p\u00e5 skade eller slitasje. S\u00f8rg for at niv\u00e5ene p\u00e5 hydraulikkv\u00e6sken er tilstrekkelige og at det ikke er blokkeringer i hydraulikkledningene. Hvis det er lekkasjer, identifiser kilden og skift ut skadede tetninger eller komponenter etter behov. Regelmessig vedlikehold kan bidra til \u00e5 forhindre mange vanlige problemer, og dermed forlenge levetiden til den hydrauliske sylinderen og sikre p\u00e5litelig ytelse.<\/p>\n<p><img decoding=\"async\" src=\"https:\/\/www.hydraulic-cylinders.net\/wp-content\/uploads\/2025\/04\/songte-bushings-with-all-kinds-of-excavator-models.webp\" alt=\"Gravemaskinforinger\"><\/p>\n<h2>Om selskapet v\u00e5rt<\/h2>\n<p>Vi er en ledende produsent av hydrauliske sylindere for utskifting, og tilbyr et omfattende utvalg av produkter. V\u00e5r forpliktelse til kvalitet har gjort oss til en fremtredende akt\u00f8r i b\u00e5de nasjonale og internasjonale markeder. Vi overholder h\u00f8ye kvalitetsstandarder og bruker en industriell produksjonsstyringsstrategi i v\u00e5re finjusterte produksjonsverksteder. V\u00e5rt selskap forbedrer kontinuerlig sin produksjonskapasitet gjennom dyktig personell, avansert digitalt produksjonsutstyr og profesjonelle testsystemer.<\/p>\n<p>Vi er stolte av v\u00e5r evne til \u00e5 tilby skreddersydde l\u00f8sninger for \u00e5 m\u00f8te ulike kundebehov. V\u00e5rt fokus p\u00e5 h\u00f8y effektivitet, presisjon og kvalitet sikrer at vi m\u00f8ter og overg\u00e5r markedets krav. Med en robust kreativ kapasitet er vi dedikert til \u00e5 levere produkter som forbedrer ytelse og p\u00e5litelighet.<\/p>\n<p><img decoding=\"async\" src=\"https:\/\/www.hydraulic-cylinders.net\/wp-content\/uploads\/2025\/04\/songte-company-4.webp\" alt=\"Selskapsoversikt\"><br \/>\n<img decoding=\"async\" src=\"https:\/\/www.hydraulic-cylinders.net\/wp-content\/uploads\/2025\/04\/songte-company-3.webp\" alt=\"Produksjonsanlegg\"><\/p>\n<p>Forfatter: lyl<\/p>","protected":false},"excerpt":{"rendered":"<p>Boom Cylinder For Case Small Excavator CX58C Understanding Boom Cylinders The Boom Cylinder is a vital hydraulic component designed specifically for controlling the movement of buckets in heavy machinery such as excavators, backhoes, and front loaders. This hydraulic cylinder allows the bucket to lift, lower, and tilt, facilitating efficient material handling operations. As a specialized [&hellip;]<\/p>","protected":false},"featured_media":17868,"comment_status":"open","ping_status":"closed","template":"","meta":{"_et_pb_use_builder":"","_et_pb_old_content":"","_et_gb_content_width":""},"product_brand":[],"product_cat":[1546],"product_tag":[1547,1496],"class_list":{"0":"post-19439","1":"product","2":"type-product","3":"status-publish","4":"has-post-thumbnail","6":"product_cat-boom-cylinders","7":"product_tag-boom-cylinders","8":"product_tag-hydraulic-cylinders","10":"first","11":"instock","12":"shipping-taxable","13":"product-type-simple"},"amp_enabled":true,"_links":{"self":[{"href":"https:\/\/www.hydraulic-cylinders.net\/nb\/wp-json\/wp\/v2\/product\/19439","targetHints":{"allow":["GET"]}}],"collection":[{"href":"https:\/\/www.hydraulic-cylinders.net\/nb\/wp-json\/wp\/v2\/product"}],"about":[{"href":"https:\/\/www.hydraulic-cylinders.net\/nb\/wp-json\/wp\/v2\/types\/product"}],"replies":[{"embeddable":true,"href":"https:\/\/www.hydraulic-cylinders.net\/nb\/wp-json\/wp\/v2\/comments?post=19439"}],"wp:featuredmedia":[{"embeddable":true,"href":"https:\/\/www.hydraulic-cylinders.net\/nb\/wp-json\/wp\/v2\/media\/17868"}],"wp:attachment":[{"href":"https:\/\/www.hydraulic-cylinders.net\/nb\/wp-json\/wp\/v2\/media?parent=19439"}],"wp:term":[{"taxonomy":"product_brand","embeddable":true,"href":"https:\/\/www.hydraulic-cylinders.net\/nb\/wp-json\/wp\/v2\/product_brand?post=19439"},{"taxonomy":"product_cat","embeddable":true,"href":"https:\/\/www.hydraulic-cylinders.net\/nb\/wp-json\/wp\/v2\/product_cat?post=19439"},{"taxonomy":"product_tag","embeddable":true,"href":"https:\/\/www.hydraulic-cylinders.net\/nb\/wp-json\/wp\/v2\/product_tag?post=19439"}],"curies":[{"name":"wp","href":"https:\/\/api.w.org\/{rel}","templated":true}]}}