{"id":19444,"date":"2025-04-07T06:47:49","date_gmt":"2025-04-07T06:47:49","guid":{"rendered":"https:\/\/www.hydraulic-cylinders.net\/product\/boom-cylinder-for-case-middle-excavator-cx220b\/"},"modified":"2025-04-07T06:47:52","modified_gmt":"2025-04-07T06:47:52","slug":"boom-cylinder-for-case-middle-excavator-cx220b","status":"publish","type":"product","link":"https:\/\/www.hydraulic-cylinders.net\/nb\/produkt\/boom-cylinder-for-case-middle-excavator-cx220b\/","title":{"rendered":"Bom-sylinder for Case Middle Gravemaskin CX220B"},"content":{"rendered":"<h1>Bom-sylinder for Case Middle Gravemaskin CX220B<\/h1>\n<h2>Produktoversikt<\/h2>\n<p>Bom-sylinderen for Case Middle Excavator CX220B er en spesialisert hydraulisk sylinder som er utviklet for \u00e5 kontrollere bevegelsen til bommen p\u00e5 gravemaskiner. Denne viktige komponenten gj\u00f8r at bommen kan heves, senkes og vippes, noe som forenkler ulike materialh\u00e5ndteringsoppgaver i anleggs- og gravearbeid.<\/p>\n<p>Hydrauliske sylindere, spesielt skuffesylindere, spiller en avgj\u00f8rende rolle i de hydrauliske systemene til tunge maskiner. Ved \u00e5 omdanne hydraulisk v\u00e6sketrykk til mekanisk kraft, gir de styrken og presisjonen som trengs for tunge oppgaver. Bomsylinderen s\u00f8rger for at gravemaskinen kan utf\u00f8re sine funksjoner effektivt, enten det gjelder graving, l\u00f8fting eller flytting av materialer.<\/p>\n<p><img decoding=\"async\" src=\"https:\/\/www.hydraulic-cylinders.net\/wp-content\/uploads\/2025\/04\/songte-company-1.webp\" alt=\"Bom-sylinder\" \/><\/p>\n<h2>Viktige funksjoner<\/h2>\n<ul>\n<li><strong>H\u00f8y styrke og holdbarhet:<\/strong> Denne sylinderen er konstruert av h\u00f8yfast st\u00e5l eller aluminium, og er bygget for \u00e5 t\u00e5le h\u00f8yt trykk og tunge belastninger, og tilpasser seg t\u00f8ffe arbeidsmilj\u00f8er samtidig som den forlenger levetiden.<\/li>\n<li><strong>Effektiv hydraulisk drift:<\/strong> Sylinderen bruker hydraulisk oljetrykk for jevn inn- og uttrekk, noe som gir rask respons p\u00e5 kontrollkommandoer og kraftige skyve-\/trekkkrefter som er ideelle for tunge og komplekse oppgaver.<\/li>\n<li><strong>Ulike typer:<\/strong> Tilgjengelig i enkeltvirkende og dobbeltvirkende konfigurasjoner for \u00e5 m\u00f8te ulike driftsbehov. Enkelte modeller har teleskopiske design, noe som gir st\u00f8rre forlengelse uten \u00e5 \u00f8ke de ytre m\u00e5lene, perfekt for bruksomr\u00e5der med begrenset plass.<\/li>\n<li><strong>Enkel integrering:<\/strong> Produktene v\u00e5re kan s\u00f8ml\u00f8st erstatte eksisterende hydrauliske sylindere, noe som sikrer kompatibilitet med ulike gravemaskinmodeller.<\/li>\n<\/ul>\n<p><img decoding=\"async\" src=\"https:\/\/www.hydraulic-cylinders.net\/wp-content\/uploads\/2025\/04\/songte-cylinder-head-with-all-kinds-excavator-models.webp\" alt=\"Gravemaskinmodeller\" \/><\/p>\n<h2>Bruksomr\u00e5der<\/h2>\n<h3>Anleggsutstyr<\/h3>\n<p>I gravemaskiner er bomsylindre avgj\u00f8rende for utgraving, lasting og flytting av jord eller rusk. De sikrer den presise kontrollen som er n\u00f8dvendig for effektiv graving og l\u00f8fting, noe som gj\u00f8r dem uunnv\u00e6rlige i byggeprosjekter. Effektiviteten til disse hydrauliske sylindrene p\u00e5virker direkte hastigheten og effektiviteten til maskinoperasjonene.<\/p>\n<h3>Landbruksmaskiner<\/h3>\n<p>For frontlastere brukes bomsylindre til \u00e5 utarbeide, l\u00f8fte og transportere jord, h\u00f8y og andre materialer. Den robuste designen muliggj\u00f8r effektiv h\u00e5ndtering av tunge lass, noe som bidrar til \u00f8kt produktivitet i landbruket.<\/p>\n<h3>Graveoperasjoner<\/h3>\n<p>I gravemaskiner gj\u00f8r skuffesylindere at bommen kan trenge effektivt ned i bakken, noe som forenkler graveprosessen. Denne egenskapen er avgj\u00f8rende for bygg-, landskaps- og gruveindustrien, der presisjon og kraft er n\u00f8dvendig for vellykket drift.<\/p>\n<h3>Lasterapplikasjoner<\/h3>\n<p>I frontlastere hjelper bomsylindrene med \u00e5 l\u00f8fte og dumpe materialer effektivt. Designet gir maksimal rekkevidde og kontroll, noe som sikrer at lasteren kan h\u00e5ndtere ulike materialer med letthet, og dermed forbedre arbeidsflyt og produktivitet.<\/p>\n<h2>Designhensyn<\/h2>\n<h3>Lastekapasitet<\/h3>\n<p>Utformingen av bomsylinderen m\u00e5 gjenspeile dens lastekapasitet for \u00e5 sikre sikker og effektiv drift. En godt konstruert sylinder vil t\u00e5le kreftene som oppst\u00e5r under drift uten risiko for feil. Ingeni\u00f8rer vurderer faktorer som materialstyrke og sylinderdimensjoner for \u00e5 oppfylle spesifikke lastkrav.<\/p>\n<h3>Seglintegritet<\/h3>\n<p>Tetningsintegritet er avgj\u00f8rende for hydrauliske sylindere. Tetningene m\u00e5 forhindre lekkasje av hydraulisk v\u00e6ske samtidig som de sikrer minimal friksjon. \u00c5 velge riktige materialer, som polyuretan og nitrilgummi, forbedrer holdbarhet og ytelse under trykk, og bidrar til den totale effektiviteten til hydrauliske systemer.<\/p>\n<h3>Varighet<\/h3>\n<p>Holdbarhet er en kritisk faktor i utformingen av hydrauliske sylindere. Materialene som brukes m\u00e5 motst\u00e5 slitasje og korrosjon for \u00e5 sikre lang levetid, spesielt i t\u00f8ffe milj\u00f8er. Design b\u00f8r inneholde funksjoner som forbedrer motstanden mot ytre elementer og mekanisk stress.<\/p>\n<h3>Sikkerhetsfunksjoner<\/h3>\n<p>Sikkerhet er avgj\u00f8rende ved design av hydrauliske sylindere. Funksjoner som trykkavlastningsventiler og overbelastningsbeskyttelsesmekanismer forhindrer potensielle farer under drift. Regelmessige vedlikeholdskontroller bidrar ogs\u00e5 til sikker funksjonalitet, og sikrer at sylindere fungerer innenfor sine spesifiserte grenser.<\/p>\n<h3>Vedlikeholdbarhet<\/h3>\n<p>Designhensyn b\u00f8r ogs\u00e5 fokusere p\u00e5 vedlikeholdsvennlighet. Dette inkluderer enkel tilgang for inspeksjoner og reparasjoner, samt tilgjengeligheten av reservedeler. En godt designet sylinder muliggj\u00f8r enkel service, noe som sikrer at nedetiden minimeres og produktiviteten maksimeres.<\/p>\n<p><img decoding=\"async\" src=\"https:\/\/www.hydraulic-cylinders.net\/wp-content\/uploads\/2025\/04\/songte-oil-pipes-and-spare-parts.webp\" alt=\"Oljer\u00f8r og reservedeler\" \/><\/p>\n<h2>Tetting og sm\u00f8ring<\/h2>\n<p>Effektiv tetting og sm\u00f8ring er avgj\u00f8rende for ytelsen og levetiden til hydrauliske sylindere. Ulike tetninger, inkludert stempeltetninger og stangtetninger, brukes for \u00e5 forhindre v\u00e6skelekkasje. Tetninger laget av slitesterke materialer, som polyuretan og nitrilgummi, sikrer p\u00e5litelig ytelse over tid.<\/p>\n<p>Sylinderhuset og de gjengede endeflatene gjennomg\u00e5r en presis etterbehandling for \u00e5 forbedre slitestyrken. Regelmessig sm\u00f8ring med hydraulikkolje er n\u00f8dvendig for \u00e5 opprettholde optimal ytelse, noe som reduserer friksjon og slitasje p\u00e5 bevegelige komponenter.<\/p>\n<h2>Forebyggende vedlikeholdstiltak<\/h2>\n<ul>\n<li><strong>Regelmessige inspeksjoner:<\/strong> Utf\u00f8r regelmessige visuelle kontroller for lekkasjer, slitasje eller skader for \u00e5 sikre rettidig identifisering av potensielle problemer.<\/li>\n<li><strong>Riktig sm\u00f8ring:<\/strong> S\u00f8rg for at hydraulikkoljen er p\u00e5 riktig niv\u00e5 og at den etterfylles etter behov for \u00e5 opprettholde sm\u00f8reeffektiviteten.<\/li>\n<li><strong>Utskifting av tetning:<\/strong> Overv\u00e5k tetningene for slitasje og skift dem ut n\u00e5r det er n\u00f8dvendig for \u00e5 forhindre lekkasjer og opprettholde optimal ytelse.<\/li>\n<\/ul>\n<h2>Installasjonsretningslinjer<\/h2>\n<p>Riktig montering av bomsylinderen er avgj\u00f8rende for optimal ytelse. F\u00f8lg disse retningslinjene for \u00e5 sikre riktig montering:<\/p>\n<ol>\n<li>S\u00f8rg for at installasjonsomr\u00e5det er rent og fritt for rusk som kan forstyrre sylinderens drift.<\/li>\n<li>Juster sylinderen n\u00f8yaktig med bomstrukturen for \u00e5 forhindre feiljustering under drift.<\/li>\n<li>Bruk passende monteringsbraketter og verkt\u00f8y for \u00e5 feste sylinderen sikkert, slik at den er stabil under drift.<\/li>\n<li>Etter installasjon, sjekk at v\u00e6skeniv\u00e5et er riktig og utf\u00f8r en pr\u00f8vekj\u00f8ring for \u00e5 bekrefte at den fungerer som den skal.<\/li>\n<\/ol>\n<h2>Vanlige vedlikeholdsoppgaver<\/h2>\n<ul>\n<li><strong>Regelmessige inspeksjoner:<\/strong> Hyppige kontroller kan avdekke potensielle problemer f\u00f8r de eskalerer. Se etter tegn p\u00e5 slitasje, lekkasjer eller feiljustering.<\/li>\n<li><strong>Riktig sm\u00f8ring:<\/strong> S\u00f8rg for at sylinderen og dens bevegelige deler er tilstrekkelig smurt for \u00e5 forhindre friksjonsrelaterte skader og opprettholde driftseffektiviteten.<\/li>\n<li><strong>Utskifting av tetning:<\/strong> Kontroller pakningene regelmessig for slitasje og skift dem ut etter behov for \u00e5 unng\u00e5 lekkasjer av hydraulisk v\u00e6ske og opprettholde systemtrykket.<\/li>\n<\/ul>\n<h2>Sikkerhetshensyn og milj\u00f8faktorer<\/h2>\n<p>Sikkerhetstiltak m\u00e5 prioriteres ved bruk av hydrauliske sylindere. Operat\u00f8rer b\u00f8r v\u00e6re sertifiserte og oppl\u00e6rt i det spesifikke utstyret for \u00e5 sikre riktig h\u00e5ndtering. I tillegg er det avgj\u00f8rende \u00e5 overholde milj\u00f8standarder. Dette inkluderer h\u00e5ndtering av s\u00f8l av hydraulisk v\u00e6ske og \u00e5 s\u00f8rge for at alt avfallsmateriale kastes p\u00e5 en ansvarlig m\u00e5te.<\/p>\n<h2>Feils\u00f8king og vanlige problemer<\/h2>\n<ul>\n<li><strong>Lekkasjeproblemer:<\/strong> Sjekk pakninger og beslag for slitasje; skift ut om n\u00f8dvendig.<\/li>\n<li><strong>Utilstrekkelig kraft:<\/strong> Sjekk v\u00e6skeniv\u00e5ene, og s\u00f8rg for at det er tilstrekkelig med hydraulikkolje.<\/li>\n<li><strong>Langsomme bevegelser:<\/strong> S\u00f8rg for at det hydrauliske systemet er fritt for luftbobler og at pumpen fungerer som den skal.<\/li>\n<\/ul>\n<p>\u00c5 ta tak i disse problemene raskt kan forbedre levetiden og ytelsen til det hydrauliske systemet.<\/p>\n<p><img decoding=\"async\" src=\"https:\/\/www.hydraulic-cylinders.net\/wp-content\/uploads\/2025\/04\/songte-bushings-with-all-kinds-of-excavator-models.webp\" alt=\"Gravemaskinforinger\" \/><\/p>\n<h2>Selskapsoversikt<\/h2>\n<p>Vi er en ledende produsent av alternative hydrauliske sylindere, og tilbyr et omfattende utvalg av produkter som plasserer oss blant de ledende produsentene og grossistene av hydrauliske sylindere i b\u00e5de innenlandske og internasjonale markeder. V\u00e5r forpliktelse til kvalitet forsterkes av v\u00e5r dedikasjon til produksjonspraksis av h\u00f8y kvalitet.<\/p>\n<p>Med fokus p\u00e5 presisjonsproduksjon bruker vi avansert teknologi og dyktige teknikere for \u00e5 kontinuerlig forbedre produksjonskapasiteten v\u00e5r. Produktene v\u00e5re er utviklet for \u00e5 m\u00f8te ulike kundebehov, st\u00f8ttet av internasjonale sertifiseringer og tilpassede tjenester. V\u00e5rt omfattende produksjonsutstyr, sammen med et sterkt ettersalgssupportsystem, sikrer at vi m\u00f8ter og overg\u00e5r kundenes forventninger.<\/p>\n<p><img decoding=\"async\" src=\"https:\/\/www.hydraulic-cylinders.net\/wp-content\/uploads\/2025\/04\/songte-company-4.webp\" alt=\"Selskapsoversikt\" \/><br \/>\n<img decoding=\"async\" src=\"https:\/\/www.hydraulic-cylinders.net\/wp-content\/uploads\/2025\/04\/songte-company-3.webp\" alt=\"Selskapets produksjon\" \/><\/p>\n<p>Forfatter: lyl<\/p>","protected":false},"excerpt":{"rendered":"<p>Boom Cylinder For Case Middle Excavator CX220B Product Overview The Boom Cylinder for Case Middle Excavator CX220B is a specialized hydraulic cylinder designed to control the movement of the boom on excavators. This essential component enables the boom to lift, lower, and tilt, facilitating various material handling tasks in construction and excavation applications. Hydraulic cylinders, [&hellip;]<\/p>","protected":false},"featured_media":17873,"comment_status":"open","ping_status":"closed","template":"","meta":{"_et_pb_use_builder":"","_et_pb_old_content":"","_et_gb_content_width":""},"product_brand":[],"product_cat":[1546],"product_tag":[1547,1496],"class_list":{"0":"post-19444","1":"product","2":"type-product","3":"status-publish","4":"has-post-thumbnail","6":"product_cat-boom-cylinders","7":"product_tag-boom-cylinders","8":"product_tag-hydraulic-cylinders","10":"first","11":"instock","12":"shipping-taxable","13":"product-type-simple"},"amp_enabled":true,"_links":{"self":[{"href":"https:\/\/www.hydraulic-cylinders.net\/nb\/wp-json\/wp\/v2\/product\/19444","targetHints":{"allow":["GET"]}}],"collection":[{"href":"https:\/\/www.hydraulic-cylinders.net\/nb\/wp-json\/wp\/v2\/product"}],"about":[{"href":"https:\/\/www.hydraulic-cylinders.net\/nb\/wp-json\/wp\/v2\/types\/product"}],"replies":[{"embeddable":true,"href":"https:\/\/www.hydraulic-cylinders.net\/nb\/wp-json\/wp\/v2\/comments?post=19444"}],"wp:featuredmedia":[{"embeddable":true,"href":"https:\/\/www.hydraulic-cylinders.net\/nb\/wp-json\/wp\/v2\/media\/17873"}],"wp:attachment":[{"href":"https:\/\/www.hydraulic-cylinders.net\/nb\/wp-json\/wp\/v2\/media?parent=19444"}],"wp:term":[{"taxonomy":"product_brand","embeddable":true,"href":"https:\/\/www.hydraulic-cylinders.net\/nb\/wp-json\/wp\/v2\/product_brand?post=19444"},{"taxonomy":"product_cat","embeddable":true,"href":"https:\/\/www.hydraulic-cylinders.net\/nb\/wp-json\/wp\/v2\/product_cat?post=19444"},{"taxonomy":"product_tag","embeddable":true,"href":"https:\/\/www.hydraulic-cylinders.net\/nb\/wp-json\/wp\/v2\/product_tag?post=19444"}],"curies":[{"name":"wp","href":"https:\/\/api.w.org\/{rel}","templated":true}]}}