{"id":19449,"date":"2025-04-07T06:48:06","date_gmt":"2025-04-07T06:48:06","guid":{"rendered":"https:\/\/www.hydraulic-cylinders.net\/product\/boom-cylinder-for-case-large-excavator-cx470b\/"},"modified":"2025-04-07T06:48:09","modified_gmt":"2025-04-07T06:48:09","slug":"boom-cylinder-for-case-large-excavator-cx470b","status":"publish","type":"product","link":"https:\/\/www.hydraulic-cylinders.net\/nb\/produkt\/boom-cylinder-for-case-large-excavator-cx470b\/","title":{"rendered":"Bom-sylinder for Case Large Gravemaskin CX470B"},"content":{"rendered":"<h1>Bom-sylinder for Case Large Gravemaskin CX470B<\/h1>\n<h2>Oversikt over bomsylinderen<\/h2>\n<p>Bom-sylinderen er en hydraulisk sylinder som er spesielt utviklet for \u00e5 kontrollere bevegelsen til skuffer i diverse tunge maskiner som gravemaskiner, traktorgravere og frontlastere. Denne komponenten gj\u00f8r at skuffen kan l\u00f8ftes, senkes og vippes, noe som gj\u00f8r den viktig for materialh\u00e5ndteringsoppgaver. Ved \u00e5 bruke trykksatt hydraulisk v\u00e6ske overf\u00f8rer bom-sylinderen effektivt kraft for \u00e5 utf\u00f8re disse operasjonene jevnt og effektivt. Det hydrauliske systemets evne til \u00e5 h\u00e5ndtere tunge laster og utf\u00f8re presise bevegelser gj\u00f8r bom-sylinderen til en viktig del av ethvert anleggs- eller landbruksutstyr.<\/p>\n<p><img decoding=\"async\" src=\"https:\/\/www.hydraulic-cylinders.net\/wp-content\/uploads\/2025\/04\/songte-company-1.webp\" alt=\"Bilde av bomsylinder\"><\/p>\n<h2>Viktige funksjoner p\u00e5 bomsylinderen<\/h2>\n<ul>\n<li><strong>H\u00f8y styrke og holdbarhet:<\/strong> Bom-sylinderen er vanligvis laget av h\u00f8yfast st\u00e5l eller aluminium, og t\u00e5ler h\u00f8yt trykk og tunge belastninger, noe som gj\u00f8r den egnet for t\u00f8ffe arbeidsmilj\u00f8er. Designet tar hensyn til slitestyrke og korrosjonsbestandighet, noe som forlenger levetiden.<\/li>\n<li><strong>Effektiv hydraulisk drift:<\/strong> Ved \u00e5 bruke hydraulisk oljetrykk gir bomsylinderen jevn forlengelse og inntrekking. Den reagerer raskt p\u00e5 kontrollkommandoer og leverer kraftige skyve- og trekkkrefter som er ideelle for h\u00e5ndtering av tunge belastninger og kompliserte oppgaver.<\/li>\n<li><strong>Ulike typer:<\/strong> Bom-sylinderen er tilgjengelig i enkeltvirkende (opererer i \u00e9n retning) eller dobbeltvirkende (opererer i begge retninger) konfigurasjoner, og kan dekke ulike driftsbehov. Noen modeller er teleskopiske, noe som gir st\u00f8rre forlengelse uten \u00e5 \u00f8ke de ytre m\u00e5lene, noe som gj\u00f8r dem perfekte for plassbegrensede bruksomr\u00e5der.<\/li>\n<li><strong>S\u00f8ml\u00f8s kompatibilitet:<\/strong> Produktene v\u00e5re kan erstatte eksisterende hydrauliske sylindere p\u00e5 en perfekt m\u00e5te, og sikrer at driften forblir uavbrutt og effektiv.<\/li>\n<li><strong>Tilpassbare alternativer:<\/strong> Skreddersydde l\u00f8sninger er tilgjengelige for \u00e5 m\u00f8te spesifikke ytelseskrav, noe som forbedrer allsidigheten til tunge maskiner.<\/li>\n<\/ul>\n<p><img decoding=\"async\" src=\"https:\/\/www.hydraulic-cylinders.net\/wp-content\/uploads\/2025\/04\/songte-cylinder-head-with-all-kinds-excavator-models.webp\" alt=\"Kompatibilitetsbilde for gravemaskinmodell\"><\/p>\n<h2>Bruksomr\u00e5der for bomsylinderen<\/h2>\n<h3>Anleggsutstyr<\/h3>\n<p>I gravemaskiner spiller bomsylinderen en avgj\u00f8rende rolle i graving, lasting og flytting av jord eller rusk. For gravemaskinlastere hjelper skuffesylinderen til med b\u00e5de grave- og l\u00f8fteoppgaver, noe som gir effektiv bruk av utstyret.<\/p>\n<h3>Landbruksmaskiner<\/h3>\n<p>Bom-sylinderen, som brukes i frontlastere, muliggj\u00f8r utgraving, l\u00f8fting og transport av jord, h\u00f8y og andre materialer. Denne funksjonaliteten er viktig for oppgaver som lasting av avlinger eller h\u00e5ndtering av landbruksavfall, noe som gj\u00f8r den til en n\u00f8kkelkomponent i moderne landbruksdrift.<\/p>\n<h3>Gravemaskiner<\/h3>\n<p>Bom-sylinderen muliggj\u00f8r presise gravebevegelser ved at skuffen trenger effektivt ned i jorden. Denne egenskapen er viktig for ulike graveprosjekter, fra landskapsarbeid til store byggeplasser, og sikrer at arbeidet utf\u00f8res effektivt og n\u00f8yaktig.<\/p>\n<h3>Lastere<\/h3>\n<p>I frontlastere bidrar bomsylinderen til effektiv l\u00f8fting og dumping av last. Dens evne til \u00e5 h\u00e5ndtere tunge materialer med letthet effektiviserer driften og \u00f8ker produktiviteten i ulike sektorer, inkludert bygg og anlegg og avfallsh\u00e5ndtering.<\/p>\n<h2>Designhensyn og utvalgskriterier<\/h2>\n<h3>Lastekapasitet<\/h3>\n<p>N\u00e5r du velger en bomsylinder, er det avgj\u00f8rende \u00e5 forst\u00e5 lastekapasiteten. Sylinderen m\u00e5 kunne h\u00e5ndtere den maksimale vekten og trykket den vil m\u00f8te under drift. Riktig beregning sikrer sikkerhet og effektivitet, og forhindrer potensielle feil som kan f\u00f8re til ulykker eller skade p\u00e5 utstyr.<\/p>\n<h3>Tetting<\/h3>\n<p>Effektiv tetting er avgj\u00f8rende for \u00e5 forhindre lekkasje av hydraulisk v\u00e6ske, noe som kan svekke effektiviteten til det hydrauliske systemet. H\u00f8ykvalitetspakninger laget av slitesterke materialer, som polyuretan eller nitrilgummi, er avgj\u00f8rende for \u00e5 opprettholde optimal ytelse og forlenge sylinderens levetid.<\/p>\n<h3>Varighet<\/h3>\n<p>Holdbarhet er en viktig faktor i utformingen av bomsylindere. Komponenter m\u00e5 t\u00e5le ekstreme forhold, inkludert temperaturvariasjoner, fuktighet og slipende materialer. \u00c5 velge robuste materialer og overflater bidrar til \u00e5 sikre at sylinderen kan fungere p\u00e5litelig over tid.<\/p>\n<h3>Sikkerhet<\/h3>\n<p>Sikkerhetsfunksjoner er viktige i utformingen av hydrauliske sylindere. Dette inkluderer overbelastningsbeskyttelsesmekanismer og sikkerhetsventiler som forhindrer overdreven trykkoppbygging. \u00c5 sikre at utformingen overholder sikkerhetsstandarder er avgj\u00f8rende for \u00e5 beskytte operat\u00f8rer og utstyr.<\/p>\n<h3>Vedlikeholdstilgjengelighet<\/h3>\n<p>Utforming for enkelt vedlikehold kan redusere nedetiden betydelig. Tilgangspunkter for sm\u00f8ring, inspeksjoner og utskifting av tetninger b\u00f8r plasseres strategisk for \u00e5 muliggj\u00f8re enkel service, slik at utstyret forblir i optimal driftstilstand.<\/p>\n<p><img decoding=\"async\" src=\"https:\/\/www.hydraulic-cylinders.net\/wp-content\/uploads\/2025\/04\/songte-oil-pipes-and-spare-parts.webp\" alt=\"Bilde av hydrauliske komponenter\"><\/p>\n<h2>Tetting og sm\u00f8ring<\/h2>\n<p>Det er viktig \u00e5 bruke forskjellige tetninger, inkludert stempeltetninger og stangtetninger, for \u00e5 opprettholde den hydrauliske sylinderens integritet. Tetninger laget av slitesterke materialer som polyuretan og nitrilgummi sikrer lang levetid og p\u00e5litelighet. Sylinderhuset og gjengede endeflater gjennomg\u00e5r presisjonsbearbeiding for \u00e5 forbedre slitestyrken. Regelmessig sm\u00f8ring med hydraulikkolje er viktig for \u00e5 opprettholde jevn drift og forhindre slitasje fra friksjon, noe som gj\u00f8r det n\u00f8dvendig \u00e5 utf\u00f8re rutinekontroller og p\u00e5fyll for \u00e5 sikre tilstrekkelig sm\u00f8ring.<\/p>\n<h2>Forebyggende vedlikeholdstiltak<\/h2>\n<ul>\n<li><strong>Regelmessige inspeksjoner:<\/strong> Hyppige inspeksjoner bidrar til \u00e5 identifisere potensielle problemer f\u00f8r de eskalerer. Dette inkluderer kontroll av lekkasjer, slitasje og korrekt drift.<\/li>\n<li><strong>Passende sm\u00f8ring:<\/strong> \u00c5 s\u00f8rge for at sylinderen er tilstrekkelig smurt forhindrer overoppheting og reduserer slitasje. Regelmessig bruk av riktig type hydraulikkolje er viktig for \u00e5 opprettholde ytelsen.<\/li>\n<li><strong>Utskifting av tetning:<\/strong> Over tid kan pakninger bli nedbrutt. Regelmessig utskifting av slitte pakninger er viktig for \u00e5 opprettholde det hydrauliske systemets integritet og forhindre lekkasjer.<\/li>\n<\/ul>\n<h2>Installasjonsretningslinjer<\/h2>\n<p>Riktig installasjon av bomsylinderen er avgj\u00f8rende for optimal ytelse. Begynn med \u00e5 s\u00f8rge for at installasjonsomr\u00e5det er rent og fritt for rusk. Bruk riktig justeringsverkt\u00f8y for \u00e5 sikre at sylinderen er riktig plassert, noe som bidrar til \u00e5 forhindre un\u00f8dvendig belastning p\u00e5 komponentene. Bruk passende monteringsbraketter for \u00e5 feste sylinderen godt. S\u00f8rg for \u00e5 justere tilkoblingsdelene under installasjonen for \u00e5 unng\u00e5 feiljustering. \u00c5 f\u00f8lge disse trinnene vil forbedre effektiviteten og levetiden til bomsylinderen.<\/p>\n<h2>Vanlige vedlikeholdsoppgaver<\/h2>\n<ul>\n<li><strong>Regelmessige inspeksjoner:<\/strong> Rutinemessige inspeksjoner er viktige for \u00e5 identifisere slitasje eller lekkasjer som kan p\u00e5virke ytelsen. Riktige kontroller kan bidra til \u00e5 oppdage problemer tidlig, noe som reduserer reparasjonskostnader.<\/li>\n<li><strong>Passende sm\u00f8ring:<\/strong> Det er viktig for hydraulikksystemets effektivitet \u00e5 opprettholde riktig sm\u00f8reniv\u00e5. Kontroller og etterfyll hydraulikkolje regelmessig etter behov for \u00e5 sikre problemfri drift.<\/li>\n<li><strong>Utskifting av tetning:<\/strong> Kontroller og skift pakninger regelmessig for \u00e5 forhindre lekkasjer av hydraulisk v\u00e6ske. Denne vedlikeholdsoppgaven er avgj\u00f8rende for \u00e5 bevare systemets integritet og funksjonalitet.<\/li>\n<\/ul>\n<h2>Sikkerhetshensyn og milj\u00f8faktorer<\/h2>\n<p>Ved bruk av hydrauliske sylindere er implementering av sikkerhetstiltak avgj\u00f8rende. Operat\u00f8rer b\u00f8r v\u00e6re oppl\u00e6rt til \u00e5 h\u00e5ndtere utstyr p\u00e5 en sikker m\u00e5te og forst\u00e5 de potensielle farene forbundet med hydrauliske systemer. Dessuten kan bruk av milj\u00f8vennlige hydrauliske v\u00e6sker bidra til \u00e5 redusere milj\u00f8p\u00e5virkningen ved lekkasjer eller s\u00f8l. Det er viktig \u00e5 overholde sikkerhetsprotokoller og milj\u00f8retningslinjer for \u00e5 sikre et trygt arbeidsmilj\u00f8.<\/p>\n<h2>Feils\u00f8king og vanlige problemer<\/h2>\n<ul>\n<li><strong>Lekkasje:<\/strong> Et av de vanligste problemene er lekkasje, som kan skyldes slitte tetninger eller skadede komponenter. Regelmessige inspeksjoner er n\u00f8dvendige for \u00e5 oppdage lekkasjer tidlig.<\/li>\n<li><strong>Inkonsekvent drift:<\/strong> Hvis bomsylinderen fungerer ustabilt, kan det tyde p\u00e5 luft i hydraulikkv\u00e6sken eller en defekt pumpe. \u00c5 diagnostisere dette problemet raskt kan forhindre mer omfattende skader.<\/li>\n<li><strong>Ingen bevegelse:<\/strong> Hvis sylinderen ikke beveger seg, sjekk for blokkeringer eller lavt niv\u00e5 av hydraulisk v\u00e6ske. Det er viktig for driften at systemet er riktig fylt og fritt for blokkeringer.<\/li>\n<\/ul>\n<h2>Feils\u00f8kingstips<\/h2>\n<p>For \u00e5 effektivt diagnostisere og l\u00f8se problemer med bomsylinderen, begynn med \u00e5 utf\u00f8re grundige inspeksjoner for \u00e5 identifisere eventuelle synlige problemer. Regelmessig vedlikehold, inkludert kontroll av v\u00e6skeniv\u00e5er og utskifting av slitte pakninger, kan bidra til \u00e5 forhindre mange vanlige problemer. \u00c5 etablere en rutinemessig vedlikeholdsplan er nyttig for \u00e5 sikre langsiktig p\u00e5litelighet og ytelse. Ved \u00e5 ta proaktive skritt kan operat\u00f8rer minimere forekomsten av problemer og forlenge levetiden til det hydrauliske systemet.<\/p>\n<p><img decoding=\"async\" src=\"https:\/\/www.hydraulic-cylinders.net\/wp-content\/uploads\/2025\/04\/songte-bushings-with-all-kinds-of-excavator-models.webp\" alt=\"Gravemaskinforinger bilde\"><\/p>\n<h2>Firmaprofil<\/h2>\n<p>Vi er en ledende produsent av hydrauliske sylindere for utskifting, med et omfattende produktsortiment. V\u00e5r dedikasjon til kvalitet og fortreffelighet har posisjonert oss som en av de fremste produsentene og grossistene i b\u00e5de innenlandske og internasjonale markeder. Vi f\u00f8lger en streng produksjonsstyringsstrategi som vektlegger raffinerte produksjonsprosesser. V\u00e5r investering i teknisk talent, digitalt avansert produksjonsutstyr og profesjonelle testsystemer forbedrer kontinuerlig v\u00e5r produksjonskapasitet. Vi er stolte av \u00e5 levere h\u00f8y effektivitet, presisjon og kvalitet for \u00e5 m\u00f8te de ulike behovene til v\u00e5re kunder.<\/p>\n<p><img decoding=\"async\" src=\"https:\/\/www.hydraulic-cylinders.net\/wp-content\/uploads\/2025\/04\/songte-company-4.webp\" alt=\"Firmabilde 1\"><br \/>\n<img decoding=\"async\" src=\"https:\/\/www.hydraulic-cylinders.net\/wp-content\/uploads\/2025\/04\/songte-company-3.webp\" alt=\"Firmabilde 2\"><\/p>\n<p>Forfatter: lyl<\/p>","protected":false},"excerpt":{"rendered":"<p>Boom Cylinder For Case Large Excavator CX470B Overview of the Boom Cylinder The boom cylinder is a hydraulic cylinder specifically designed to control the movement of buckets in various heavy machinery such as excavators, backhoe loaders, and front loaders. This component allows the bucket to be lifted, lowered, and tilted, making it essential for material [&hellip;]<\/p>","protected":false},"featured_media":17878,"comment_status":"open","ping_status":"closed","template":"","meta":{"_et_pb_use_builder":"","_et_pb_old_content":"","_et_gb_content_width":""},"product_brand":[],"product_cat":[1546],"product_tag":[1547,1496],"class_list":{"0":"post-19449","1":"product","2":"type-product","3":"status-publish","4":"has-post-thumbnail","6":"product_cat-boom-cylinders","7":"product_tag-boom-cylinders","8":"product_tag-hydraulic-cylinders","10":"first","11":"instock","12":"shipping-taxable","13":"product-type-simple"},"amp_enabled":true,"_links":{"self":[{"href":"https:\/\/www.hydraulic-cylinders.net\/nb\/wp-json\/wp\/v2\/product\/19449","targetHints":{"allow":["GET"]}}],"collection":[{"href":"https:\/\/www.hydraulic-cylinders.net\/nb\/wp-json\/wp\/v2\/product"}],"about":[{"href":"https:\/\/www.hydraulic-cylinders.net\/nb\/wp-json\/wp\/v2\/types\/product"}],"replies":[{"embeddable":true,"href":"https:\/\/www.hydraulic-cylinders.net\/nb\/wp-json\/wp\/v2\/comments?post=19449"}],"wp:featuredmedia":[{"embeddable":true,"href":"https:\/\/www.hydraulic-cylinders.net\/nb\/wp-json\/wp\/v2\/media\/17878"}],"wp:attachment":[{"href":"https:\/\/www.hydraulic-cylinders.net\/nb\/wp-json\/wp\/v2\/media?parent=19449"}],"wp:term":[{"taxonomy":"product_brand","embeddable":true,"href":"https:\/\/www.hydraulic-cylinders.net\/nb\/wp-json\/wp\/v2\/product_brand?post=19449"},{"taxonomy":"product_cat","embeddable":true,"href":"https:\/\/www.hydraulic-cylinders.net\/nb\/wp-json\/wp\/v2\/product_cat?post=19449"},{"taxonomy":"product_tag","embeddable":true,"href":"https:\/\/www.hydraulic-cylinders.net\/nb\/wp-json\/wp\/v2\/product_tag?post=19449"}],"curies":[{"name":"wp","href":"https:\/\/api.w.org\/{rel}","templated":true}]}}