{"id":19454,"date":"2025-04-07T06:48:22","date_gmt":"2025-04-07T06:48:22","guid":{"rendered":"https:\/\/www.hydraulic-cylinders.net\/product\/boom-cylinder-for-case-wheel-excavator-wx218\/"},"modified":"2025-04-07T06:48:34","modified_gmt":"2025-04-07T06:48:34","slug":"boom-cylinder-for-case-wheel-excavator-wx218","status":"publish","type":"product","link":"https:\/\/www.hydraulic-cylinders.net\/nb\/produkt\/boom-cylinder-for-case-wheel-excavator-wx218\/","title":{"rendered":"Bomcylinder for Case-hjulgraver WX218"},"content":{"rendered":"<h1>Bomcylinder for Case-hjulgraver WX218<\/h1>\n<h2>Introduksjon til bomsylinder<\/h2>\n<p>Bom-sylinderen, ogs\u00e5 kjent som en skuffe-sylinder, er en avgj\u00f8rende komponent i hydrauliske systemer som styrer bevegelsen til graveutstyr p\u00e5 tunge maskiner som gravemaskiner, traktorgravere og frontlastere. Denne hydrauliske sylinderen gj\u00f8r det mulig \u00e5 l\u00f8fte, senke og tilte skuffen, noe som muliggj\u00f8r effektive materialh\u00e5ndteringsoppgaver i ulike bruksomr\u00e5der. Bom-sylinderen er designet for \u00e5 t\u00e5le h\u00f8yt trykk og t\u00f8ffe arbeidsforhold, og spiller en viktig rolle i \u00e5 forbedre driftskapasiteten til anleggs- og landbruksutstyr.<\/p>\n<p><img decoding=\"async\" src=\"https:\/\/www.hydraulic-cylinders.net\/wp-content\/uploads\/2025\/04\/songte-company-1.webp\" alt=\"Bom-sylinder\" \/><\/p>\n<h2>Funksjoner p\u00e5 bomsylinderen<\/h2>\n<ul>\n<li><strong>H\u00f8y styrke og holdbarhet:<\/strong> Vanligvis laget av h\u00f8yfast st\u00e5l eller aluminium, som t\u00e5ler h\u00f8yt trykk og tunge belastninger. Utviklet med slitestyrke og korrosjonsbeskyttelse, noe som forlenger produktets levetid.<\/li>\n<li><strong>Effektiv hydraulisk drift:<\/strong> Utnytter hydraulisk oljetrykk for jevne forlengelses- og tilbaketrekksbevegelser, gir rask respons p\u00e5 kontrollkommandoer og leverer kraftige skyve- og trekkkrefter, egnet for tunge og komplekse oppgaver.<\/li>\n<li><strong>Ulike typer:<\/strong> Tilgjengelig med enkeltvirkende (i \u00e9n retning) eller dobbeltvirkende (i begge retninger) sylindere, som dekker ulike driftsbehov. Noen modeller er teleskopiske, noe som gir st\u00f8rre forlengelse uten \u00e5 \u00f8ke de ytre m\u00e5lene, ideelt for plassbegrensede applikasjoner.<\/li>\n<li><strong>Tilpasset produksjon:<\/strong> Vi spesialiserer oss p\u00e5 \u00e5 produsere bomsylindere som perfekt kan erstatte eksisterende hydrauliske sylindere, og sikrer kompatibilitet og ytelse.<\/li>\n<li><strong>Avansert ingeni\u00f8rfag:<\/strong> Konstruert med presisjon for \u00e5 oppfylle strenge bransjestandarder, noe som sikrer p\u00e5litelighet og effektiv ytelse.<\/li>\n<\/ul>\n<p><img decoding=\"async\" src=\"https:\/\/www.hydraulic-cylinders.net\/wp-content\/uploads\/2025\/04\/songte-cylinder-head-with-all-kinds-excavator-models.webp\" alt=\"Hydraulisk sylinder\" \/><\/p>\n<h2>Bruksomr\u00e5der for bomsylinderen<\/h2>\n<h3>Anleggsutstyr<\/h3>\n<p>I gravemaskiner er bomsylindere uunnv\u00e6rlige for oppgaver som graving, lasting og flytting av jord eller rusk. De forenkler gravebevegelsen, slik at skuffen kan trenge effektivt ned i bakken. I tillegg, i gravemaskiner, hjelper bomsylinderen b\u00e5de med grave- og l\u00f8fteoperasjoner, noe som gj\u00f8r den til en allsidig komponent i anleggsmaskiner.<\/p>\n<h3>Landbruksmaskiner<\/h3>\n<p>Frontlastere bruker bomsylindre til \u00e5 ut\u00f8se, l\u00f8fte og transportere jord, h\u00f8y og andre materialer, noe som effektiviserer landbruksprosesser. Disse sylindrene gj\u00f8r det mulig for b\u00f8nder \u00e5 utf\u00f8re oppgaver raskt og effektivt, noe som \u00f8ker produktiviteten i landbruksdriften.<\/p>\n<h3>Gravemaskiner<\/h3>\n<p>I gravemaskiner lar bomsylinderen skuffen grave ned i jorden, og gir den n\u00f8dvendige kraften til \u00e5 bryte terreng og fjerne materiale. Denne evnen er viktig for bygge- og landskapsprosjekter, der presis utgraving er n\u00f8dvendig.<\/p>\n<h3>Lastere<\/h3>\n<p>I frontlastere hjelper bomsylindre med \u00e5 l\u00f8fte og dumpe materialer effektivt. De bidrar til lasterens generelle ytelse, noe som gj\u00f8r dem essensielle for byggeplasser og materialh\u00e5ndteringsmilj\u00f8er.<\/p>\n<h2>Designhensyn og utvalgskriterier<\/h2>\n<h3>Lastekapasitet<\/h3>\n<p>Lastekapasiteten til en bomsylinder er en kritisk faktor i designet. Den bestemmer hvor mye vekt sylinderen trygt kan l\u00f8fte, noe som er viktig for \u00e5 forhindre utstyrsfeil og sikre driftssikkerhet. Overbelastning kan f\u00f8re til katastrofale feil, s\u00e5 det er avgj\u00f8rende \u00e5 velge en sylinder med passende lastekapasitet for den spesifikke applikasjonen.<\/p>\n<h3>Tetningsmekanismer<\/h3>\n<p>Effektiv tetting er avgj\u00f8rende for hydrauliske sylindere for \u00e5 forhindre lekkasjer og opprettholde trykk. H\u00f8ykvalitetstetninger, som stempeltetninger og stangtetninger, laget av slitesterke materialer som polyuretan og nitrilgummi, er avgj\u00f8rende. Disse tetningene m\u00e5 v\u00e6re konstruert for \u00e5 t\u00e5le driftsforholdene, inkludert trykk- og temperaturvariasjoner, for \u00e5 sikre langvarig ytelse.<\/p>\n<h3>Varighet<\/h3>\n<p>Holdbarhet er en viktig faktor ved utforming av bomsylindere. De m\u00e5 v\u00e6re konstruert av robuste materialer som t\u00e5ler t\u00f8ffe arbeidsmilj\u00f8er. Faktorer som materialstyrke, slitestyrke og korrosjonsbeskyttelse er avgj\u00f8rende for \u00e5 forlenge sylinderens levetid og minimere vedlikeholdsbehovet.<\/p>\n<h3>Sikkerhetsfunksjoner<\/h3>\n<p>Det er viktig \u00e5 innlemme sikkerhetsfunksjoner i utformingen av bomsylindere for \u00e5 beskytte b\u00e5de utstyret og operat\u00f8rene. Sikkerhetsventiler, n\u00f8dutl\u00f8sermekanismer og strukturelle forsterkninger kan forbedre sikkerhetsprofilen til hydrauliske systemer betydelig, og minimere risikoen for ulykker under drift.<\/p>\n<h3>Vedlikeholdstilgjengelighet<\/h3>\n<p>Designet b\u00f8r legge til rette for enkelt vedlikehold og inspeksjon. Funksjoner som avtakbare komponenter og tydelige tilgangspunkter for sm\u00f8ring og utskifting av tetninger kan forenkle vedlikeholdsoppgaver betraktelig, og sikre at bomsylinderen forblir i optimal driftstilstand gjennom hele levetiden.<\/p>\n<p><img decoding=\"async\" src=\"https:\/\/www.hydraulic-cylinders.net\/wp-content\/uploads\/2025\/04\/songte-oil-pipes-and-spare-parts.webp\" alt=\"Oljer\u00f8r og reservedeler\" \/><\/p>\n<h2>Tetting og sm\u00f8ring<\/h2>\n<p>Effektiv tetting og sm\u00f8ring er avgj\u00f8rende for optimal ytelse av bomsylindere. Ulike tetningskomponenter, inkludert stempeltetninger og stangtetninger, b\u00f8r velges basert p\u00e5 deres materialegenskaper, som slitestyrke og holdbarhet. Bruk av materialer av h\u00f8y kvalitet som polyuretan og nitrilgummi kan forbedre tetningenes ytelse under t\u00f8ffe forhold. I tillegg b\u00f8r sylinderhuset og gjengede ender finbearbeides for \u00e5 forbedre slitestyrken.<\/p>\n<p>Regelmessig sm\u00f8ring med riktig hydraulikkolje er ogs\u00e5 avgj\u00f8rende for \u00e5 opprettholde jevn drift og forhindre slitasje. Periodiske kontroller og rettidig sm\u00f8ring kan forlenge levetiden til bomsylinderen betydelig, og sikre at den fungerer effektivt over lengre perioder.<\/p>\n<h2>Regelmessig inspeksjon og forebyggende vedlikeholdstiltak<\/h2>\n<ul>\n<li><strong>Rutinemessige inspeksjoner:<\/strong> Utf\u00f8r regelmessige visuelle inspeksjoner for \u00e5 se etter tegn p\u00e5 slitasje, lekkasjer eller skader. Tidlig oppdagelse av problemer kan forhindre st\u00f8rre problemer og kostbare reparasjoner.<\/li>\n<li><strong>Riktig sm\u00f8ring:<\/strong> S\u00f8rg for at bomsylinderen er tilstrekkelig smurt for \u00e5 forhindre friksjon og slitasje. Bruk anbefalt hydraulikkolje og f\u00f8lg sm\u00f8replanen som er beskrevet i brukerh\u00e5ndboken.<\/li>\n<li><strong>Utskifting av tetning:<\/strong> Overv\u00e5k tilstanden til pakningene og skift dem ut etter behov for \u00e5 opprettholde trykket og forhindre lekkasjer. Regelmessig utskifting av slitte pakninger kan forbedre sylinderens effektivitet drastisk.<\/li>\n<\/ul>\n<h2>Installasjonsretningslinjer<\/h2>\n<p>Riktig montering av bomsylinderen er avgj\u00f8rende for dens ytelse og levetid. Begynn med \u00e5 s\u00f8rge for at arbeidsomr\u00e5det er rent og fritt for rusk. N\u00e5r du monterer sylinderen, m\u00e5 du justere den riktig med monteringspunktene for \u00e5 unng\u00e5 feiljustering, noe som kan f\u00f8re til for tidlig slitasje eller svikt. Bruk passende monteringsbraketter og maskinvare for \u00e5 feste sylinderen godt p\u00e5 plass.<\/p>\n<p>F\u00f8lg produsentens retningslinjer for momentspesifikasjoner n\u00e5r du strammer bolter for \u00e5 sikre sikker montering uten \u00e5 skade komponentene. Etter installasjon, kontroller justeringen p\u00e5 nytt f\u00f8r du bruker maskinen. Det er ogs\u00e5 viktig \u00e5 fylle det hydrauliske systemet med den spesifiserte hydraulikkoljen og lufte systemet f\u00f8r bruk.<\/p>\n<h2>Vanlige vedlikeholdsoppgaver<\/h2>\n<ul>\n<li><strong>Regelmessige inspeksjoner:<\/strong> Hyppige kontroller for slitasje er viktig. Se etter lekkasjer, skadede pakninger eller tegn p\u00e5 korrosjon for \u00e5 oppdage problemer tidlig.<\/li>\n<li><strong>Passende sm\u00f8ring:<\/strong> S\u00f8rg for at hydraulikkoljen er etterfylt og at riktig sm\u00f8ring opprettholdes. Dette forhindrer friksjon og forlenger sylinderens levetid.<\/li>\n<li><strong>Utskifting av tetning:<\/strong> Overv\u00e5k tetningene for slitasje og skift dem ut med jevne mellomrom for \u00e5 forhindre lekkasjer og opprettholde hydraulisk trykk. Riktig fungerende tetninger er avgj\u00f8rende for bomsylinderens effektivitet.<\/li>\n<\/ul>\n<h2>Sikkerhetshensyn og milj\u00f8faktorer<\/h2>\n<p>Sikkerhetstiltak er avgj\u00f8rende n\u00e5r man h\u00e5ndterer bomsylindere. Bruk alltid passende personlig verneutstyr (PPE), som hansker og vernebriller, n\u00e5r du utf\u00f8rer vedlikehold eller inspeksjoner. S\u00f8rg for at det hydrauliske systemet er trykkavlastet f\u00f8r du starter arbeid p\u00e5 sylindrene for \u00e5 forhindre utilsiktet aktivering. Vurder i tillegg milj\u00f8p\u00e5virkningen av hydrauliske v\u00e6sker; bruk av biologisk nedbrytbare hydrauliske oljer kan bidra til \u00e5 redusere potensiell forurensning.<\/p>\n<h2>Feils\u00f8king og vanlige problemer<\/h2>\n<ul>\n<li><strong>Lekkasje av hydraulisk v\u00e6ske:<\/strong> Et vanlig problem er lekkasje, som kan skyldes slitte tetninger eller skadede komponenter. Sjekk tetningene regelmessig og skift dem ut etter behov for \u00e5 forhindre lekkasjer.<\/li>\n<li><strong>Langsom eller uresponsiv sylinderbevegelse:<\/strong> Dette kan tyde p\u00e5 lave hydrauliske v\u00e6skeniv\u00e5er eller luft i systemet. S\u00f8rg for at v\u00e6skeniv\u00e5ene er tilstrekkelige, og luft systemet om n\u00f8dvendig.<\/li>\n<li><strong>Uvanlige lyder:<\/strong> Knirkende eller knirkende lyder kan v\u00e6re tegn p\u00e5 mekaniske problemer. Unders\u00f8k og rett opp eventuelle unormale lyder raskt for \u00e5 unng\u00e5 ytterligere skade.<\/li>\n<\/ul>\n<h2>Feils\u00f8kingstips<\/h2>\n<p>For effektiv feils\u00f8king, start med \u00e5 identifisere symptomene og isolere de potensielle \u00e5rsakene. Regelmessig vedlikehold er avgj\u00f8rende for \u00e5 forebygge problemer, s\u00e5 etabler en proaktiv vedlikeholdsplan. Hvis problemene vedvarer, b\u00f8r du vurdere \u00e5 konsultere en fagperson for detaljert diagnostikk og reparasjoner. Implementering av forebyggende tiltak kan redusere sannsynligheten for fremtidige problemer betydelig.<\/p>\n<p><img decoding=\"async\" src=\"https:\/\/www.hydraulic-cylinders.net\/wp-content\/uploads\/2025\/04\/songte-bushings-with-all-kinds-of-excavator-models.webp\" alt=\"Foringer med gravemaskinmodeller\" \/><\/p>\n<h2>Om selskapet v\u00e5rt<\/h2>\n<p>Vi er en ledende produsent og grossistdistribut\u00f8r av hydrauliske sylindere, og spesialiserer oss p\u00e5 produksjon av h\u00f8ykvalitets erstatningssylindere. Produktsortimentet v\u00e5rt er omfattende, noe som gj\u00f8r oss til en av de ledende produsentene i b\u00e5de innenlandske og internasjonale markeder. Vi overholder de h\u00f8yeste kvalitetsstandardene, drevet av en forpliktelse til presis produksjon og innovative produksjonsstyringsstrategier.<\/p>\n<p>Anlegget v\u00e5rt benytter avansert produksjonsutstyr, dyktige teknikere og et robust kvalitetskontrollsystem for kontinuerlig \u00e5 forbedre produksjonskapasiteten v\u00e5r. Vi fokuserer p\u00e5 h\u00f8y effektivitet, n\u00f8yaktighet og overlegen kvalitet for \u00e5 m\u00f8te kundenes ulike behov.<\/p>\n<p><img decoding=\"async\" src=\"https:\/\/www.hydraulic-cylinders.net\/wp-content\/uploads\/2025\/04\/songte-company-4.webp\" alt=\"Selskapsoversikt\" \/><br \/>\n<img decoding=\"async\" src=\"https:\/\/www.hydraulic-cylinders.net\/wp-content\/uploads\/2025\/04\/songte-company-3.webp\" alt=\"Selskapets produksjon\" \/><\/p>\n<p>Vi tilbyr ogs\u00e5 tilpassede tjenester, internasjonale sertifiseringer og dedikert ettersalgsst\u00f8tte for \u00e5 sikre at kundene v\u00e5re f\u00e5r de beste l\u00f8sningene skreddersydd for deres spesifikke behov.<\/p>\n<p>Forfatter: lyl<\/p>","protected":false},"excerpt":{"rendered":"<p>Boom Cylinder For Case Wheel Excavator WX218 Introduction to Boom Cylinder The boom cylinder, also known as a bucket cylinder, is a crucial component in hydraulic systems that control the movement of digging attachments on heavy machinery such as excavators, backhoe loaders, and front loaders. This hydraulic cylinder enables the bucket to lift, lower, and [&hellip;]<\/p>","protected":false},"featured_media":17868,"comment_status":"open","ping_status":"closed","template":"","meta":{"_et_pb_use_builder":"","_et_pb_old_content":"","_et_gb_content_width":""},"product_brand":[],"product_cat":[1546],"product_tag":[1547,1496],"class_list":{"0":"post-19454","1":"product","2":"type-product","3":"status-publish","4":"has-post-thumbnail","6":"product_cat-boom-cylinders","7":"product_tag-boom-cylinders","8":"product_tag-hydraulic-cylinders","10":"first","11":"instock","12":"shipping-taxable","13":"product-type-simple"},"amp_enabled":true,"_links":{"self":[{"href":"https:\/\/www.hydraulic-cylinders.net\/nb\/wp-json\/wp\/v2\/product\/19454","targetHints":{"allow":["GET"]}}],"collection":[{"href":"https:\/\/www.hydraulic-cylinders.net\/nb\/wp-json\/wp\/v2\/product"}],"about":[{"href":"https:\/\/www.hydraulic-cylinders.net\/nb\/wp-json\/wp\/v2\/types\/product"}],"replies":[{"embeddable":true,"href":"https:\/\/www.hydraulic-cylinders.net\/nb\/wp-json\/wp\/v2\/comments?post=19454"}],"wp:featuredmedia":[{"embeddable":true,"href":"https:\/\/www.hydraulic-cylinders.net\/nb\/wp-json\/wp\/v2\/media\/17868"}],"wp:attachment":[{"href":"https:\/\/www.hydraulic-cylinders.net\/nb\/wp-json\/wp\/v2\/media?parent=19454"}],"wp:term":[{"taxonomy":"product_brand","embeddable":true,"href":"https:\/\/www.hydraulic-cylinders.net\/nb\/wp-json\/wp\/v2\/product_brand?post=19454"},{"taxonomy":"product_cat","embeddable":true,"href":"https:\/\/www.hydraulic-cylinders.net\/nb\/wp-json\/wp\/v2\/product_cat?post=19454"},{"taxonomy":"product_tag","embeddable":true,"href":"https:\/\/www.hydraulic-cylinders.net\/nb\/wp-json\/wp\/v2\/product_tag?post=19454"}],"curies":[{"name":"wp","href":"https:\/\/api.w.org\/{rel}","templated":true}]}}