{"id":19455,"date":"2025-04-07T06:48:35","date_gmt":"2025-04-07T06:48:35","guid":{"rendered":"https:\/\/www.hydraulic-cylinders.net\/product\/boom-cylinder-for-zhenyu-small-excavator-zy330\/"},"modified":"2025-04-07T06:48:37","modified_gmt":"2025-04-07T06:48:37","slug":"boom-cylinder-for-zhenyu-small-excavator-zy330","status":"publish","type":"product","link":"https:\/\/www.hydraulic-cylinders.net\/nb\/produkt\/boom-cylinder-for-zhenyu-small-excavator-zy330\/","title":{"rendered":"Bomcylinder for Zhenyu liten gravemaskin ZY330"},"content":{"rendered":"<h1>Bomcylinder for Zhenyu liten gravemaskin ZY330<\/h1>\n<h2>Introduksjon til bomsylindere<\/h2>\n<p>Bom-sylinderen er en viktig komponent i det hydrauliske systemet til tunge maskiner, spesielt utviklet for \u00e5 kontrollere bevegelsen til gravemaskinens skuffer. Den spiller en avgj\u00f8rende rolle i \u00e5 muliggj\u00f8re oppgaver som \u00e5 l\u00f8fte, senke og vippe skuffen, noe som letter effektiv materialh\u00e5ndtering. Ved \u00e5 konvertere hydraulisk energi til mekanisk bevegelse, gir bom-sylindere operat\u00f8rer mulighet til \u00e5 utf\u00f8re ulike funksjoner med presisjon og hastighet.<\/p>\n<p><img decoding=\"async\" src=\"https:\/\/www.hydraulic-cylinders.net\/wp-content\/uploads\/2025\/04\/songte-company-1.webp\" alt=\"Bom-sylinder\"><\/p>\n<h3>Definisjon og oversikt<\/h3>\n<p>En bomsylinder er en type hydraulisk sylinder som er spesielt konstruert for tungt utstyr som gravemaskiner, traktorgravere og frontlastere. Hovedfunksjonen er \u00e5 kontrollere skuffens bevegelse, slik at den kan utf\u00f8re oppgaver som er avgj\u00f8rende for utgraving og materialtransport. Disse sylindrene gir presis kontroll over skuffens bevegelser, og gir den n\u00f8dvendige kraften til \u00e5 l\u00f8fte og tilte, noe som er viktig i bygg- og anleggsbransjen og landbruket.<\/p>\n<h2>Viktige funksjoner p\u00e5 bomsylinderen<\/h2>\n<ul>\n<li><strong>H\u00f8y styrke og holdbarhet:<\/strong> Bomsylindre er vanligvis konstruert av h\u00f8yfast st\u00e5l eller aluminium, og er konstruert for \u00e5 t\u00e5le h\u00f8yt trykk og tunge belastninger, og er egnet for t\u00f8ffe arbeidsmilj\u00f8er. De er konstruert for slitestyrke og korrosjonsbeskyttelse, noe som forlenger levetiden.<\/li>\n<li><strong>Effektiv hydraulisk drift:<\/strong> Ved \u00e5 bruke hydraulisk oljetrykk, muliggj\u00f8r bomsylindrene jevn ut- og inntrekking, noe som gir rask respons p\u00e5 f\u00f8rerens kommandoer. De gir kraftig skyve- og trekkekraft, ideell for h\u00e5ndtering av tunge materialer og komplekse oppgaver.<\/li>\n<li><strong>Ulike typer:<\/strong> Bomsylindrene er tilgjengelige i enkeltvirkende (med hydraulikk i \u00e9n retning) eller dobbeltvirkende (med hydraulikk i begge retninger), og kan skreddersys for \u00e5 m\u00f8te ulike driftsbehov. Noen modeller har teleskopiske design, som gir \u00f8kt forlengelse uten \u00e5 forst\u00f8rre de ytre m\u00e5lene, perfekt for bruksomr\u00e5der med begrenset plass.<\/li>\n<li><strong>Kompatibilitet:<\/strong> Produktene v\u00e5re er omhyggelig produsert for \u00e5 fungere som ideelle erstatninger for eksisterende hydrauliske sylindere, noe som sikrer s\u00f8ml\u00f8s integrering og ytelse.<\/li>\n<\/ul>\n<p><img decoding=\"async\" src=\"https:\/\/www.hydraulic-cylinders.net\/wp-content\/uploads\/2025\/04\/songte-cylinder-head-with-all-kinds-excavator-models.webp\" alt=\"Gravemaskinmodeller\"><\/p>\n<h2>Bruksomr\u00e5der for bomsylinderen<\/h2>\n<h3>Anleggsutstyr<\/h3>\n<p>I anleggsmaskiner er bomsylindre integrert i gravemaskiner, og gir den n\u00f8dvendige kraften til \u00e5 grave, laste og flytte jord eller rusk. De forenkler effektive graveprosesser og bidrar til den generelle produktiviteten p\u00e5 byggeplasser.<\/p>\n<h3>Landbruksmaskiner<\/h3>\n<p>Bomsylindre, som brukes i frontlastere, er viktige for \u00e5 utarbeide, l\u00f8fte og transportere jord, h\u00f8y og andre materialer. Deres evne til \u00e5 h\u00e5ndtere tunge laster effektivt gj\u00f8r dem uunnv\u00e6rlige i landbruksdrift.<\/p>\n<h3>Gravemaskiner<\/h3>\n<p>I gravemaskiner gj\u00f8r bomsylindrene det mulig for skuffen \u00e5 trenge ned i bakken, noe som muliggj\u00f8r effektive graveoperasjoner. Denne evnen er avgj\u00f8rende for ulike prosjekter, fra landskapsarbeid til storskala utgraving.<\/p>\n<h3>Lastere<\/h3>\n<p>I frontlastere hjelper bomsylindre med \u00e5 l\u00f8fte og dumpe last effektivt. De spiller en viktig rolle i materialh\u00e5ndtering og forbedrer lasterens driftskapasitet.<\/p>\n<h2>Designhensyn og utvalgskriterier<\/h2>\n<h3>Lastekapasitet<\/h3>\n<p>N\u00e5r man designer en bomsylinder, er lastekapasiteten en kritisk faktor. Sylinderen m\u00e5 kunne h\u00e5ndtere den maksimale vekten som skuffen kan l\u00f8fte, samtidig som sikkerhet og ytelse ivaretas. Hensyn tas blant annet til materialstyrke, sylinderdimensjoner og hydrauliske trykkklassifiseringer for \u00e5 garantere p\u00e5litelighet under tunge belastninger.<\/p>\n<h3>Tetting<\/h3>\n<p>Effektiv tetting er avgj\u00f8rende i hydrauliske systemer for \u00e5 forhindre v\u00e6skelekkasje og forurensning. Valg av tetningsmaterialer, som polyuretan og nitrilgummi, er avgj\u00f8rende for \u00e5 sikre lang levetid og ytelse. Presisjonsbearbeiding av sylinderhuset og gjengeflatene forbedrer tetningens effektivitet, noe som bidrar til systemets generelle p\u00e5litelighet.<\/p>\n<h3>Varighet<\/h3>\n<p>Holdbarhet er avgj\u00f8rende for bomsylindere, ettersom de opererer i krevende milj\u00f8er. Faktorer som materialvalg, overflatebehandling og designfunksjoner m\u00e5 optimaliseres for \u00e5 motst\u00e5 slitasje og korrosjon, noe som sikrer lengre levetid og lavere vedlikeholdskostnader.<\/p>\n<h3>Sikkerhet<\/h3>\n<p>Sikkerhet er en avgj\u00f8rende faktor ved design av hydrauliske sylindere. Funksjoner som trykkavlastningsventiler, overbelastningsbeskyttelse og robust konstruksjon m\u00e5 implementeres for \u00e5 forhindre katastrofale feil, og dermed sikre sikker drift for utstyret og dets operat\u00f8rer.<\/p>\n<h3>Vedlikehold<\/h3>\n<p>Vedlikeholdshensyn inkluderer enkel tilgang for inspeksjoner og reparasjoner, tilgjengeligheten av reservedeler og kompleksiteten ved demontering og montering. En godt designet sylinder forenkler vedlikeholdsoperasjoner, reduserer nedetid og forbedrer den generelle effektiviteten.<\/p>\n<p><img decoding=\"async\" src=\"https:\/\/www.hydraulic-cylinders.net\/wp-content\/uploads\/2025\/04\/songte-oil-pipes-and-spare-parts.webp\" alt=\"Hydrauliske deler\"><\/p>\n<h2>Tetting og sm\u00f8ring<\/h2>\n<p>Tetningssystemet til bomsylindere er avgj\u00f8rende for \u00e5 opprettholde hydraulisk integritet. Ulike tetninger, inkludert stempeltetninger og stangtetninger, brukes for \u00e5 sikre at hydraulikkv\u00e6sken forblir inne i sylinderen. Bruken av slitesterke materialer som polyuretan og nitrilgummi forbedrer motstanden mot slitasje og milj\u00f8faktorer. I tillegg gjennomg\u00e5r sylinderhuset og gjengede ender fine maskineringsprosesser for \u00e5 forbedre slitestyrken, noe som bidrar til den generelle effektiviteten. Regelmessig sm\u00f8ring med hydraulikkolje er viktig for \u00e5 sikre jevn drift og forhindre for tidlig slitasje, noe som krever rutinemessige kontroller for \u00e5 opprettholde optimal ytelse.<\/p>\n<h2>Regelmessige inspeksjoner og forebyggende vedlikehold<\/h2>\n<ul>\n<li><strong>Periodiske inspeksjoner:<\/strong> \u00c5 gjennomf\u00f8re regelmessige visuelle og driftsmessige inspeksjoner kan bidra til \u00e5 identifisere tegn p\u00e5 slitasje eller skader tidlig, og forhindre ytterligere komplikasjoner.<\/li>\n<li><strong>Sm\u00f8ring:<\/strong> Tilstrekkelig sm\u00f8ring er viktig for problemfri drift og lang levetid. S\u00f8rg for at hydraulikkoljeniv\u00e5ene overv\u00e5kes og etterfylles etter behov.<\/li>\n<li><strong>Utskifting av tetning:<\/strong> Sjekk pakningene regelmessig for slitasje og skift dem ut raskt for \u00e5 forhindre v\u00e6skelekkasjer og opprettholde hydraulisk effektivitet.<\/li>\n<\/ul>\n<h2>Installasjonsretningslinjer<\/h2>\n<p>Riktig installasjon av bomsylindere er avgj\u00f8rende for \u00e5 sikre optimal ytelse. Start med \u00e5 s\u00f8rge for at arbeidsomr\u00e5det er rent og fritt for rusk. Juster sylinderen n\u00f8yaktig med monteringspunktene, og bruk passende monteringsbraketter for \u00e5 feste den p\u00e5 plass. F\u00f8lg produsentens spesifikasjoner for momentinnstillinger for \u00e5 sikre en tett passform. Riktig justering er avgj\u00f8rende for \u00e5 forhindre un\u00f8dig belastning p\u00e5 sylinderen under drift. Etter installasjon, utf\u00f8r en grundig inspeksjon og test det hydrauliske systemet for \u00e5 sikre at alt fungerer som det skal. Justeringer kan v\u00e6re n\u00f8dvendige for \u00e5 optimalisere ytelsen.<\/p>\n<h2>Vedlikeholdsoppgaver<\/h2>\n<ul>\n<li><strong>Regelmessige inspeksjoner:<\/strong> Utf\u00f8r rutinemessige kontroller for lekkasjer, slitasje og generell tilstand. Tidlig oppdagelse av problemer kan forhindre st\u00f8rre feil og kostbare reparasjoner.<\/li>\n<li><strong>Riktig sm\u00f8ring:<\/strong> S\u00f8rg for at hydraulikkolje etterfylles regelmessig for \u00e5 opprettholde problemfri drift og forhindre slitasje. F\u00f8lg produsentens retningslinjer for sm\u00f8reintervaller.<\/li>\n<li><strong>Utskifting av tetninger og kalibreringskontroller:<\/strong> Inspiser pakningene regelmessig og skift dem ut etter behov. Kalibrering av det hydrauliske systemet sikrer n\u00f8yaktig drift og kan bidra til \u00e5 forhindre fremtidige problemer.<\/li>\n<\/ul>\n<h2>Sikkerhetshensyn og milj\u00f8faktorer<\/h2>\n<p>Sikkerhetstiltak er avgj\u00f8rende n\u00e5r man betjener bomsylindere. Operat\u00f8rer b\u00f8r trenes til \u00e5 forst\u00e5 de potensielle risikoene forbundet med hydrauliske systemer. Riktig personlig verneutstyr (PPE) b\u00f8r brukes til enhver tid. Milj\u00f8faktorer, som eksponering for ekstreme temperaturer og etsende stoffer, b\u00f8r ogs\u00e5 tas i betraktning ved valg og vedlikehold av bomsylindere. Implementering av sikkerhetsprotokoller og regelmessig oppl\u00e6ring kan redusere ulykker betydelig og forbedre sikkerheten p\u00e5 arbeidsplassen.<\/p>\n<h2>Feils\u00f8king av vanlige problemer<\/h2>\n<ul>\n<li><strong>V\u00e6skelekkasjer:<\/strong> Kontroller tetninger og koblinger for slitasje eller skade, og s\u00f8rg for at hydraulikkv\u00e6skeniv\u00e5ene opprettholdes.<\/li>\n<li><strong>Treg drift:<\/strong> Dette kan tyde p\u00e5 lavt niv\u00e5 av hydraulisk v\u00e6ske eller luft i systemet. Luft systemet og sjekk for blokkeringer.<\/li>\n<li><strong>Ikke-responsiv sylinder:<\/strong> S\u00f8rg for at det hydrauliske trykket er tilstrekkelig og at alle tilkoblinger er sikre. Unders\u00f8k eventuelle blokkeringer i hydrauliske ledninger.<\/li>\n<\/ul>\n<h2>Feils\u00f8kingstips<\/h2>\n<p>For effektiv feils\u00f8king, f\u00f8rt en detaljert vedlikeholdslogg for \u00e5 spore problemer og reparasjoner. Gjennomg\u00e5 regelmessig driftsytelsesdata for \u00e5 identifisere trender som kan indikere underliggende problemer. Implementer forebyggende tiltak, som rutinemessig vedlikehold og inspeksjoner, for \u00e5 minimere potensielle problemer. Oppl\u00e6ring av operat\u00f8rer i \u00e5 gjenkjenne tidlige tegn p\u00e5 problemer kan forbedre den generelle systemets p\u00e5litelighet.<\/p>\n<p><img decoding=\"async\" src=\"https:\/\/www.hydraulic-cylinders.net\/wp-content\/uploads\/2025\/04\/songte-bushings-with-all-kinds-of-excavator-models.webp\" alt=\"Gravemaskinforinger\"><\/p>\n<h2>Om selskapet v\u00e5rt<\/h2>\n<p>Vi er en produsent av hydrauliske reservesylindere, og tilbyr et omfattende utvalg av produkter som etablerer oss som en av de ledende produsentene og grossistdistribut\u00f8rene i b\u00e5de innenlandske og internasjonale markeder. Vi overholder eksepsjonelle kvalitetsstandarder, og utnytter et raffinert produksjonsverksted og en industriell produksjonsstyringsstrategi. V\u00e5rt selskap forbedrer kontinuerlig sin produksjonsplattform gjennom bruk av teknisk talent, digitalt high-end produksjonsutstyr og spesialiserte testsystemer, noe som sikrer effektive produksjonsruter og overlegen produktkvalitet.<\/p>\n<p><img decoding=\"async\" src=\"https:\/\/www.hydraulic-cylinders.net\/wp-content\/uploads\/2025\/04\/songte-company-4.webp\" alt=\"Selskapsoversikt\"><br \/>\n<img decoding=\"async\" src=\"https:\/\/www.hydraulic-cylinders.net\/wp-content\/uploads\/2025\/04\/songte-company-3.webp\" alt=\"Produksjonsprosess\"><\/p>\n<p>V\u00e5r forpliktelse til spesialisering, internasjonale sertifiseringer, tilpassbare tjenester, avansert produksjonsutstyr og eksepsjonell ettersalgsst\u00f8tte sikrer at vi effektivt m\u00f8ter kundenes ulike behov.<\/p>\n<p>Forfatter: lyl<\/p>","protected":false},"excerpt":{"rendered":"<p>Boom Cylinder For Zhenyu Small Excavator ZY330 Introduction to Boom Cylinders The Boom Cylinder is a vital component in the hydraulic system of heavy machinery, specifically designed for controlling the movement of excavator buckets. It plays a crucial role in enabling tasks such as lifting, lowering, and tilting the bucket, facilitating efficient material handling operations. [&hellip;]<\/p>","protected":false},"featured_media":17869,"comment_status":"open","ping_status":"closed","template":"","meta":{"_et_pb_use_builder":"","_et_pb_old_content":"","_et_gb_content_width":""},"product_brand":[],"product_cat":[1546],"product_tag":[1547,1496],"class_list":{"0":"post-19455","1":"product","2":"type-product","3":"status-publish","4":"has-post-thumbnail","6":"product_cat-boom-cylinders","7":"product_tag-boom-cylinders","8":"product_tag-hydraulic-cylinders","10":"first","11":"instock","12":"shipping-taxable","13":"product-type-simple"},"amp_enabled":true,"_links":{"self":[{"href":"https:\/\/www.hydraulic-cylinders.net\/nb\/wp-json\/wp\/v2\/product\/19455","targetHints":{"allow":["GET"]}}],"collection":[{"href":"https:\/\/www.hydraulic-cylinders.net\/nb\/wp-json\/wp\/v2\/product"}],"about":[{"href":"https:\/\/www.hydraulic-cylinders.net\/nb\/wp-json\/wp\/v2\/types\/product"}],"replies":[{"embeddable":true,"href":"https:\/\/www.hydraulic-cylinders.net\/nb\/wp-json\/wp\/v2\/comments?post=19455"}],"wp:featuredmedia":[{"embeddable":true,"href":"https:\/\/www.hydraulic-cylinders.net\/nb\/wp-json\/wp\/v2\/media\/17869"}],"wp:attachment":[{"href":"https:\/\/www.hydraulic-cylinders.net\/nb\/wp-json\/wp\/v2\/media?parent=19455"}],"wp:term":[{"taxonomy":"product_brand","embeddable":true,"href":"https:\/\/www.hydraulic-cylinders.net\/nb\/wp-json\/wp\/v2\/product_brand?post=19455"},{"taxonomy":"product_cat","embeddable":true,"href":"https:\/\/www.hydraulic-cylinders.net\/nb\/wp-json\/wp\/v2\/product_cat?post=19455"},{"taxonomy":"product_tag","embeddable":true,"href":"https:\/\/www.hydraulic-cylinders.net\/nb\/wp-json\/wp\/v2\/product_tag?post=19455"}],"curies":[{"name":"wp","href":"https:\/\/api.w.org\/{rel}","templated":true}]}}