{"id":19467,"date":"2025-04-07T06:49:07","date_gmt":"2025-04-07T06:49:07","guid":{"rendered":"https:\/\/www.hydraulic-cylinders.net\/product\/boom-cylinder-for-world-large-excavator-w2500lc-8\/"},"modified":"2025-04-07T06:49:09","modified_gmt":"2025-04-07T06:49:09","slug":"boom-cylinder-for-world-large-excavator-w2500lc-8","status":"publish","type":"product","link":"https:\/\/www.hydraulic-cylinders.net\/nb\/produkt\/boom-cylinder-for-world-large-excavator-w2500lc-8\/","title":{"rendered":"Bomcylinder for verdens st\u00f8rste gravemaskin W2500LC-8"},"content":{"rendered":"<h1>Bomcylinder for verdens st\u00f8rste gravemaskin W2500LC-8<\/h1>\n<h2>Introduksjon til bomsylindere<\/h2>\n<p>Bom-sylinderen er en viktig komponent i hydrauliske systemer som brukes i tunge maskiner, spesielt i gravemaskiner, traktorgravere og frontlastere. Denne hydrauliske sylinderen er spesielt utviklet for \u00e5 kontrollere bevegelsen til skuffen, slik at den kan l\u00f8ftes, senkes og vippes for ulike materialh\u00e5ndteringsoppgaver. Bom-sylinderens effektive funksjon forbedrer driftskapasiteten til disse maskinene betydelig, noe som gj\u00f8r dem uunnv\u00e6rlige i bygg- og anleggsvirksomhet og landbruksaktiviteter.<\/p>\n<p><img decoding=\"async\" src=\"https:\/\/www.hydraulic-cylinders.net\/wp-content\/uploads\/2025\/04\/songte-company-1.webp\" alt=\"Bom-sylinder\" \/><\/p>\n<h3>Definisjon og oversikt<\/h3>\n<p>En bomsylinder er en type hydraulisk sylinder som spiller en viktig rolle i bevegelsen av bomarmen i tungt utstyr. Den omdanner hydraulisk trykk til mekanisk kraft, slik at bommen kan forlenges og trekkes inn jevnt. Denne funksjonaliteten er avgj\u00f8rende for \u00e5 fullf\u00f8re oppgaver som graving, l\u00f8fting og transport av materialer. Med evnen til \u00e5 motst\u00e5 h\u00f8yt trykk er bomsylindere konstruert for holdbarhet og p\u00e5litelighet, noe som sikrer at de kan fungere effektivt i t\u00f8ffe milj\u00f8er.<\/p>\n<h2>Viktige funksjoner p\u00e5 bomsylinderen<\/h2>\n<ul>\n<li><strong>H\u00f8y styrke og holdbarhet:<\/strong> Disse sylindrene er vanligvis laget av h\u00f8yfast st\u00e5l eller aluminium, og t\u00e5ler h\u00f8yt trykk og tunge belastninger. De er konstruert for slitestyrke og korrosjonsbestandighet, noe som forlenger levetiden.<\/li>\n<li><strong>Effektiv hydraulisk drift:<\/strong> De bruker hydraulisk oljetrykk for jevn forlengelse og inntrekking, reagerer raskt p\u00e5 f\u00f8rerkommandoer og gir kraftige skyve- og trekkekrefter, ideelle for h\u00e5ndtering av tunge og komplekse oppgaver.<\/li>\n<li><strong>Ulike typer:<\/strong> Noen modeller er tilgjengelige i enkeltvirkende (bruker hydraulisk kraft i \u00e9n retning) eller dobbeltvirkende (bruker hydraulisk kraft i begge retninger) konfigurasjoner, og noen modeller er teleskopiske, noe som gir st\u00f8rre forlengelse uten \u00e5 \u00f8ke de ytre dimensjonene for applikasjoner med begrenset plass.<\/li>\n<\/ul>\n<h3>V\u00e5re produksjonsmuligheter<\/h3>\n<p>Vi produserer dette produktet med presisjon, og s\u00f8rger for at v\u00e5re hydrauliske sylindere perfekt erstatter eksisterende modeller i diverse tunge maskiner. Produktene v\u00e5re er utviklet for \u00e5 oppfylle strenge kvalitetsstandarder, noe som gj\u00f8r dem til et p\u00e5litelig valg for kundene.<\/p>\n<p><img decoding=\"async\" src=\"https:\/\/www.hydraulic-cylinders.net\/wp-content\/uploads\/2025\/04\/songte-cylinder-head-with-all-kinds-excavator-models.webp\" alt=\"Gravemaskinmodeller\" \/><\/p>\n<h2>Bruksscenarier for bomsylindere<\/h2>\n<h3>Anleggsutstyr<\/h3>\n<p>I gravemaskiner er bomsylindere avgj\u00f8rende for graving, lasting og flytting av jord eller rusk. Deres evne til \u00e5 gi betydelig l\u00f8ftekraft muliggj\u00f8r effektiv drift i ulike anleggsoppgaver. I gravemaskinlastere hjelper bomsylinderen b\u00e5de med graving og l\u00f8fting, noe som forbedrer maskinens allsidighet p\u00e5 arbeidsplasser.<\/p>\n<h3>Landbruksmaskiner<\/h3>\n<p>For frontlastere er bomsylindre avgj\u00f8rende for utgraving, l\u00f8fting og transport av jord, h\u00f8y og andre materialer. De muliggj\u00f8r rask og effektiv materialh\u00e5ndtering, noe som er n\u00f8dvendig for \u00e5 optimalisere produktiviteten p\u00e5 g\u00e5rder.<\/p>\n<h3>Gravemaskiner<\/h3>\n<p>I gravemaskiner lar bomsylinderen skuffen trenge effektivt ned i bakken, noe som muliggj\u00f8r effektive graveoperasjoner. Den robuste designen sikrer at de kan h\u00e5ndtere p\u00e5kjenningene som f\u00f8lger med \u00e5 trenge ned i t\u00f8ffe jordforhold.<\/p>\n<h3>Lastere<\/h3>\n<p>I frontlastere hjelper bomsylindre med \u00e5 l\u00f8fte og dumpe last effektivt. Deres evne til \u00e5 gi betydelig l\u00f8ftekraft sikrer produktivitet og effektivitet i materialh\u00e5ndteringsoppgaver.<\/p>\n<h2>Designhensyn for bomsylindere<\/h2>\n<h3>Lastekapasitet<\/h3>\n<p>Lastekapasiteten til bomsylindere er en kritisk designfaktor. Den bestemmer hvor mye vekt sylinderen trygt kan l\u00f8fte og manipulere. Ingeni\u00f8rer m\u00e5 s\u00f8rge for at sylinderen t\u00e5ler de maksimale forventede belastningene under drift uten at det g\u00e5r p\u00e5 bekostning av sikkerhet eller ytelse. Dette inneb\u00e6rer \u00e5 velge passende materialer og dimensjoner for \u00e5 oppn\u00e5 optimal styrke og utmattingsmotstand, noe som forlenger sylinderens levetid.<\/p>\n<h3>Tetting og holdbarhet<\/h3>\n<p>Effektiv tetting er avgj\u00f8rende for hydrauliske sylindere for \u00e5 forhindre lekkasjer og opprettholde trykk. Tetninger av h\u00f8y kvalitet m\u00e5 velges p\u00e5 grunn av holdbarhet og kompatibilitet med hydrauliske v\u00e6sker. Tetningssystemet b\u00f8r ogs\u00e5 v\u00e6re utformet for \u00e5 minimere slitasje og forlenge sylinderens levetid. Regelmessige inspeksjoner og utskiftinger av tetninger er n\u00f8dvendige for \u00e5 opprettholde optimal ytelse.<\/p>\n<h3>Sikkerhetsfunksjoner<\/h3>\n<p>Sikkerhet er avgj\u00f8rende ved design av hydrauliske sylindere. Funksjoner som trykkavlastningsventiler, robust konstruksjon og n\u00f8dstoppmekanismer sikrer sikker drift under ulike forhold. Ingeni\u00f8rer m\u00e5 ta hensyn til potensialet for hydraulisk svikt og implementere designstrategier for \u00e5 redusere risikoer, og beskytte b\u00e5de operat\u00f8rer og maskiner.<\/p>\n<p><img decoding=\"async\" src=\"https:\/\/www.hydraulic-cylinders.net\/wp-content\/uploads\/2025\/04\/songte-oil-pipes-and-spare-parts.webp\" alt=\"Oljer\u00f8r og reservedeler\" \/><\/p>\n<h2>Tetting og sm\u00f8ring av bomsylindere<\/h2>\n<p>Bruk av ulike tetningskomponenter, som stempeltetninger og stangtetninger, er avgj\u00f8rende for \u00e5 opprettholde integriteten til hydrauliske sylindere. Tetninger laget av slitesterke materialer som polyuretan og nitrilgummi er viktige for \u00e5 forhindre lekkasjer og sikre effektiv drift. Sylinderhuset og gjengede endeflater b\u00f8r finbehandles for \u00e5 forbedre slitestyrken. Regelmessig sm\u00f8ring med hydraulikkolje er n\u00f8dvendig for \u00e5 opprettholde riktig funksjon og redusere friksjon, og dermed forlenge sylinderens levetid.<\/p>\n<h2>Regelmessig vedlikehold og forebyggende tiltak<\/h2>\n<ul>\n<li><strong>Regelmessige inspeksjoner:<\/strong> Rutinemessige kontroller bidrar til \u00e5 identifisere slitasje og potensielle feil f\u00f8r de f\u00f8rer til betydelige problemer. Operat\u00f8rer b\u00f8r inspisere sylinderen for lekkasjer og den generelle tilstanden regelmessig.<\/li>\n<li><strong>Riktig sm\u00f8ring:<\/strong> \u00c5 holde det hydrauliske systemet tilstrekkelig smurt minimerer slitasje og forbedrer ytelsen. Operat\u00f8rer m\u00e5 f\u00f8lge anbefalte sm\u00f8replaner.<\/li>\n<li><strong>Utskifting av tetninger:<\/strong> Regelmessig utskifting av pakninger sikrer at sylinderen opprettholder riktig trykk og funksjon, noe som forhindrer lekkasjer og hydrauliske feil.<\/li>\n<\/ul>\n<h2>Installasjonsretningslinjer for bomsylindere<\/h2>\n<p>Riktig montering av bomsylindere er avgj\u00f8rende for optimal ytelse. Start med \u00e5 s\u00f8rge for at arbeidsomr\u00e5det er rent og fritt for rusk. Juster sylinderen n\u00f8yaktig med monteringspunktene p\u00e5 maskinen for \u00e5 unng\u00e5 feiljustering, noe som kan f\u00f8re til for tidlig slitasje. Bruk passende monteringsbraketter for \u00e5 feste sylinderen p\u00e5 plass. N\u00e5r den er installert, kontroller at de hydrauliske tilkoblingene er riktige, og s\u00f8rg for at alle beslag er tette for \u00e5 forhindre lekkasjer. Etter montering, utf\u00f8r en pr\u00f8vekj\u00f8ring for \u00e5 bekrefte sylinderens drift og sikre at alt fungerer som forventet.<\/p>\n<p><img decoding=\"async\" src=\"https:\/\/www.hydraulic-cylinders.net\/wp-content\/uploads\/2025\/04\/songte-chushion-collar.webp\" alt=\"Putekrage\" \/><\/p>\n<h2>Sikkerhetshensyn og milj\u00f8faktorer<\/h2>\n<p>Det er avgj\u00f8rende \u00e5 implementere sikkerhetstiltak ved bruk av hydrauliske sylindere. Operat\u00f8rer m\u00e5 v\u00e6re oppl\u00e6rt i \u00e5 gjenkjenne potensielle farer forbundet med hydrauliske systemer. Riktig personlig verneutstyr (PPE) b\u00f8r alltid brukes, og sikkerhetsprotokoller m\u00e5 f\u00f8lges for \u00e5 forhindre ulykker. I tillegg b\u00f8r man ta hensyn til milj\u00f8p\u00e5virkning, sikre at hydrauliske v\u00e6sker som brukes er milj\u00f8vennlige og at eventuelle s\u00f8l h\u00e5ndteres raskt.<\/p>\n<h2>Feils\u00f8king og vanlige problemer<\/h2>\n<ul>\n<li><strong>Lekkasje av sylinder:<\/strong> Hvis en bomsylinder lekker, sjekk pakningene for slitasje eller skade. Skift ut eventuelle defekte pakninger og s\u00f8rg for at koblingene er tette.<\/li>\n<li><strong>Tap av str\u00f8m:<\/strong> En reduksjon i l\u00f8ftekraft kan tyde p\u00e5 lave hydrauliske v\u00e6skeniv\u00e5er eller intern skade. Sjekk v\u00e6skeniv\u00e5ene og etterfyll om n\u00f8dvendig, og inspiser for eventuell intern slitasje.<\/li>\n<li><strong>Uvanlige lyder:<\/strong> Uvanlige lyder under drift kan tyde p\u00e5 mekaniske problemer. Unders\u00f8k kilden til st\u00f8yen og utbedre eventuelle mekaniske feil som kan v\u00e6re tilstede.<\/li>\n<\/ul>\n<p>Forebyggende tiltak inkluderer regelmessige inspeksjoner og vedlikehold for \u00e5 minimere potensielle problemer og forlenge levetiden til bomsylindrene.<\/p>\n<p><img decoding=\"async\" src=\"https:\/\/www.hydraulic-cylinders.net\/wp-content\/uploads\/2025\/04\/songte-bushings-with-all-kinds-of-excavator-models.webp\" alt=\"Foringer for gravemaskinmodeller\" \/><\/p>\n<h2>Selskapsoversikt<\/h2>\n<p>Vi er en ledende produsent og grossist av hydrauliske sylindere, og spesialiserer oss p\u00e5 \u00e5 tilby h\u00f8ykvalitets erstatningsprodukter for ulike bruksomr\u00e5der. V\u00e5r forpliktelse til kvalitet driver oss til \u00e5 bruke avanserte produksjonsteknikker og opprettholde strenge kvalitetsstandarder, noe som gj\u00f8r oss til en fremtredende akt\u00f8r i b\u00e5de innenlandske og internasjonale markeder. V\u00e5r dyktige arbeidsstyrke, moderne utstyr og innovative produksjonsstrategier sikrer at vi m\u00f8ter ulike kundebehov med effektivitet og presisjon.<\/p>\n<p><img decoding=\"async\" src=\"https:\/\/www.hydraulic-cylinders.net\/wp-content\/uploads\/2025\/04\/songte-company-4.webp\" alt=\"Selskapsoversikt\" \/><br \/>\n<img decoding=\"async\" src=\"https:\/\/www.hydraulic-cylinders.net\/wp-content\/uploads\/2025\/04\/songte-company-3.webp\" alt=\"Produksjonsanlegg\" \/><\/p>\n<p>Med fokus p\u00e5 profesjonalitet, internasjonale sertifiseringer, tilpassede tjenester og robust ettersalgsst\u00f8tte, s\u00f8rger vi for at kundene v\u00e5re f\u00e5r de beste produktene skreddersydd til deres spesifikasjoner. V\u00e5r dedikasjon til kundetilfredshet gjenspeiles i tjenestetilbudene v\u00e5re og de langvarige relasjonene vi bygger med kundene v\u00e5re.<\/p>\n<p>Forfatter: lyl<\/p>","protected":false},"excerpt":{"rendered":"<p>Boom Cylinder For World Large Excavator W2500LC-8 Introduction to Boom Cylinders The boom cylinder is an essential component in hydraulic systems used in heavy machinery, particularly in excavators, backhoe loaders, and front loaders. This hydraulic cylinder is specifically designed to control the motion of the bucket, allowing it to lift, lower, and tilt for various [&hellip;]<\/p>","protected":false},"featured_media":17881,"comment_status":"open","ping_status":"closed","template":"","meta":{"_et_pb_use_builder":"","_et_pb_old_content":"","_et_gb_content_width":""},"product_brand":[],"product_cat":[1546],"product_tag":[1547,1496],"class_list":{"0":"post-19467","1":"product","2":"type-product","3":"status-publish","4":"has-post-thumbnail","6":"product_cat-boom-cylinders","7":"product_tag-boom-cylinders","8":"product_tag-hydraulic-cylinders","10":"first","11":"instock","12":"shipping-taxable","13":"product-type-simple"},"amp_enabled":true,"_links":{"self":[{"href":"https:\/\/www.hydraulic-cylinders.net\/nb\/wp-json\/wp\/v2\/product\/19467","targetHints":{"allow":["GET"]}}],"collection":[{"href":"https:\/\/www.hydraulic-cylinders.net\/nb\/wp-json\/wp\/v2\/product"}],"about":[{"href":"https:\/\/www.hydraulic-cylinders.net\/nb\/wp-json\/wp\/v2\/types\/product"}],"replies":[{"embeddable":true,"href":"https:\/\/www.hydraulic-cylinders.net\/nb\/wp-json\/wp\/v2\/comments?post=19467"}],"wp:featuredmedia":[{"embeddable":true,"href":"https:\/\/www.hydraulic-cylinders.net\/nb\/wp-json\/wp\/v2\/media\/17881"}],"wp:attachment":[{"href":"https:\/\/www.hydraulic-cylinders.net\/nb\/wp-json\/wp\/v2\/media?parent=19467"}],"wp:term":[{"taxonomy":"product_brand","embeddable":true,"href":"https:\/\/www.hydraulic-cylinders.net\/nb\/wp-json\/wp\/v2\/product_brand?post=19467"},{"taxonomy":"product_cat","embeddable":true,"href":"https:\/\/www.hydraulic-cylinders.net\/nb\/wp-json\/wp\/v2\/product_cat?post=19467"},{"taxonomy":"product_tag","embeddable":true,"href":"https:\/\/www.hydraulic-cylinders.net\/nb\/wp-json\/wp\/v2\/product_tag?post=19467"}],"curies":[{"name":"wp","href":"https:\/\/api.w.org\/{rel}","templated":true}]}}