{"id":19505,"date":"2025-04-07T06:51:15","date_gmt":"2025-04-07T06:51:15","guid":{"rendered":"https:\/\/www.hydraulic-cylinders.net\/product\/boom-cylinder-for-sgzg-sd15b\/"},"modified":"2025-04-07T06:51:17","modified_gmt":"2025-04-07T06:51:17","slug":"boom-cylinder-for-sgzg-sd15b","status":"publish","type":"product","link":"https:\/\/www.hydraulic-cylinders.net\/nb\/produkt\/boom-cylinder-for-sgzg-sd15b\/","title":{"rendered":"Bom-sylinder for SGZG SD15B"},"content":{"rendered":"<h1>Bom-sylinder for SGZG SD15B<\/h1>\n<h2>Produktoversikt<\/h2>\n<p>Bom-sylinderen for SGZG SD15B er en spesialisert hydraulisk sylinder som er utviklet for \u00e5 kontrollere bevegelsene til skuffer til tunge maskiner, inkludert gravemaskiner, traktorgravere og frontlastere. Denne hydrauliske sylinderen spiller en avgj\u00f8rende rolle i \u00e5 gj\u00f8re det mulig for skuffen \u00e5 l\u00f8fte, senke og tilte, noe som muliggj\u00f8r effektive materialh\u00e5ndteringsoppgaver. Den er viktig i ulike bruksomr\u00e5der, og sikrer at operat\u00f8rene kan man\u00f8vrere tunge materialer med presisjon og letthet.<\/p>\n<p><img decoding=\"async\" src=\"https:\/\/www.hydraulic-cylinders.net\/wp-content\/uploads\/2025\/04\/songte-company-1.webp\" alt=\"Bom-sylinder for SGZG SD15B\" \/><\/p>\n<h3>Definisjon og funksjon<\/h3>\n<p>Bomsylindre er hydrauliske sylindere som er spesielt konstruert for \u00e5 h\u00e5ndtere bevegelsene til skuffer p\u00e5 tunge maskiner. De er viktige komponenter i hydrauliske systemer, og gir den n\u00f8dvendige kraften for \u00e5 utf\u00f8re kompliserte bevegelser. Utformingen av disse sylindrene sikrer at de t\u00e5ler h\u00f8ytrykksforhold samtidig som de opprettholder effektiviteten i drift. Dette gj\u00f8r dem uunnv\u00e6rlige i bygg- og anleggssektoren og landbrukssektoren, der robuste maskiner er n\u00f8dvendige for \u00e5 utf\u00f8re krevende oppgaver.<\/p>\n<h2>Viktige funksjoner<\/h2>\n<ul>\n<li><strong>H\u00f8y styrke og holdbarhet:<\/strong> Disse sylindrene er vanligvis laget av h\u00f8yfast st\u00e5l eller aluminium, og t\u00e5ler h\u00f8yt trykk og tunge belastninger samtidig som de tilpasser seg t\u00f8ffe arbeidsmilj\u00f8er. Designet deres tar ogs\u00e5 hensyn til slitestyrke og korrosjonsbestandighet, noe som forlenger levetiden.<\/li>\n<li><strong>Effektiv hydraulisk drift:<\/strong> Bom-sylinderen utnytter trykket fra hydraulikkoljen for jevn forlengelse og inntrekking, noe som gir rask respons p\u00e5 kontrollkommandoer samtidig som den leverer betydelig trekk- og skyvekraft. Dette er ideelt for \u00e5 h\u00e5ndtere tunge og komplekse oppgaver.<\/li>\n<li><strong>Ulike typer:<\/strong> Disse sylindrene er tilgjengelige i b\u00e5de enkeltvirkende (som fungerer i \u00e9n retning) og dobbeltvirkende (som fungerer i to retninger) design, og dekker ulike driftsbehov. Enkelte modeller er teleskopiske, noe som gir st\u00f8rre forlengelse uten \u00e5 \u00f8ke de ytre m\u00e5lene, og er egnet for bruksomr\u00e5der med begrenset plass.<\/li>\n<\/ul>\n<h2>V\u00e5re produksjonsmuligheter<\/h2>\n<p>Vi produserer dette produktet, og tilbudet v\u00e5rt kan perfekt erstatte diverse hydrauliske sylindere p\u00e5 markedet.<\/p>\n<p><img decoding=\"async\" src=\"https:\/\/www.hydraulic-cylinders.net\/wp-content\/uploads\/2025\/04\/songte-cylinder-head-with-all-kinds-excavator-models.webp\" alt=\"Produksjon av hydrauliske sylindere\" \/><\/p>\n<h2>Bruksomr\u00e5der<\/h2>\n<h3>Anleggsutstyr<\/h3>\n<p>Bomsylindre er avgj\u00f8rende i anleggsmaskiner, spesielt gravemaskiner. De hjelper til med graving, lasting og flytting av jord eller rusk. I gravemaskiner hjelper ikke skuffesylinderen bare med utgraving, men forenkler ogs\u00e5 l\u00f8fteoppgaver, noe som \u00f8ker produktiviteten p\u00e5 arbeidsplasser.<\/p>\n<h3>Landbruksmaskiner<\/h3>\n<p>I frontlastere er bomsylindrene ansvarlige for \u00e5 utarbeide, l\u00f8fte og transportere jord, h\u00f8y og andre materialer. Effektiviteten deres i disse operasjonene bidrar direkte til den totale produktiviteten i landbruksaktiviteter, slik at b\u00f8nder kan h\u00e5ndtere oppgavene sine mer effektivt.<\/p>\n<h3>Gravemaskiner<\/h3>\n<p>Gravemaskiner bruker skuffesylindere for \u00e5 trenge ned i jorden, noe som muliggj\u00f8r effektive gravebevegelser. Designet gir jevn kontroll og kraftig kraft, noe som er avgj\u00f8rende for dype graveprosjekter.<\/p>\n<h3>Lastere<\/h3>\n<p>I frontlastere bidrar bomsylindre til \u00e5 l\u00f8fte og dumpe last effektivt. Deres p\u00e5litelige drift sikrer at tunge materialer kan flyttes raskt, noe som forbedrer arbeidsflyten og reduserer driftsstans.<\/p>\n<h2>Designhensyn og utvalgskriterier<\/h2>\n<ul>\n<li><strong>Lastekapasitet:<\/strong> Lastekapasiteten er en kritisk faktor n\u00e5r man velger en bomsylinder. Den m\u00e5 kunne h\u00e5ndtere den maksimale vekten som vil bli brukt under drift. Dette inneb\u00e6rer \u00e5 forst\u00e5 spesifikasjonene til maskineriet den skal integreres med, slik at den kan st\u00f8tte de forventede belastningene uten feil.<\/li>\n<li><strong>Tetting:<\/strong> Effektiv tetting er viktig for \u00e5 forhindre lekkasjer av hydraulisk v\u00e6ske, noe som kan redusere effektiviteten og utgj\u00f8re sikkerhetsfarer. H\u00f8ykvalitetstetninger, som stempeltetninger og stangtetninger, er n\u00f8dvendige for \u00e5 opprettholde trykkintegritet og sikre problemfri drift. Valg av materialer, som polyuretan og nitrilgummi, p\u00e5virker holdbarheten og ytelsen til disse tetningene.<\/li>\n<li><strong>Varighet:<\/strong> Konstruksjonsmaterialene og designfunksjonene til bomsylinderen m\u00e5 fremme lang levetid. H\u00f8yfaste materialer og beskyttende belegg kan forbedre motstanden mot slitasje og korrosjon, noe som sikrer p\u00e5litelig ytelse over tid, selv under krevende forhold.<\/li>\n<li><strong>Sikkerhet:<\/strong> Sikkerhetsfunksjoner som innebygde trykkavlastningsventiler og robust strukturell integritet er avgj\u00f8rende. En godt designet bomsylinder m\u00e5 kunne t\u00e5le uventede belastninger og forhindre ulykker, og dermed beskytte operat\u00f8rer og maskineri.<\/li>\n<li><strong>Vedlikeholdstilgjengelighet:<\/strong> En design som muliggj\u00f8r enkelt vedlikehold er avgj\u00f8rende for \u00e5 sikre langsiktig ytelse. Komponenter b\u00f8r v\u00e6re lett tilgjengelige for inspeksjon, sm\u00f8ring og reparasjoner, noe som minimerer nedetid og driftsforstyrrelser.<\/li>\n<\/ul>\n<p><img decoding=\"async\" src=\"https:\/\/www.hydraulic-cylinders.net\/wp-content\/uploads\/2025\/04\/songte-oil-pipes-and-spare-parts.webp\" alt=\"Hydrauliske sylinderdeler\" \/><\/p>\n<h2>Tetting og sm\u00f8ring<\/h2>\n<p>Utilizing various sealing components such as piston seals and rod seals is vital for the proper function of boom cylinders. Seals made from wear-resistant materials like polyurethane and nitrile rubber ensure durability and performance. The cylinder body and threaded end surfaces undergo fine processing to improve wear resistance, which is critical in maintaining the cylinder&#8217;s operational efficiency. Regular lubrication with the appropriate hydraulic oil is essential to reduce friction and wear, ensuring smooth operation and prolonging the lifespan of the cylinder.<\/p>\n<h2>Vedlikeholdstiltak<\/h2>\n<ul>\n<li><strong>Rutinemessige inspeksjoner:<\/strong> Regelmessige kontroller av det hydrauliske systemet, inkludert bomsylinderen, er avgj\u00f8rende for \u00e5 identifisere potensielle problemer f\u00f8r de eskalerer. Inspeksjoner b\u00f8r fokusere p\u00e5 tegn p\u00e5 slitasje, lekkasjer eller unormale lyder under drift.<\/li>\n<li><strong>Riktig sm\u00f8ring:<\/strong> \u00c5 s\u00f8rge for at hydraulikkoljen har riktig niv\u00e5 og at sm\u00f8repunktene er tilstrekkelig vedlikeholdt kan forbedre bomsylinderens ytelse og levetid betydelig. Regelmessig sm\u00f8ring b\u00f8r f\u00f8lges i henhold til produsentens anbefalinger.<\/li>\n<li><strong>Utskifting av tetning:<\/strong> Over tid kan pakninger slites og brytes ned, noe som f\u00f8rer til lekkasjer. Regelmessig kontroll og utskifting av pakninger etter behov er viktig for \u00e5 opprettholde sylinderens ytelse og sikkerhet. Dette proaktive tiltaket kan bidra til \u00e5 forhindre kostbare reparasjoner og nedetid.<\/li>\n<\/ul>\n<h2>Installasjonsretningslinjer<\/h2>\n<p>Riktig installasjon av bomsylinderen er avgj\u00f8rende for optimal ytelse og sikkerhet. Begynn med \u00e5 s\u00f8rge for at alt n\u00f8dvendig verkt\u00f8y og utstyr er klart f\u00f8r du starter installasjonsprosessen. Sylinderen skal v\u00e6re riktig justert med maskineriets monteringspunkter, og passende monteringsbraketter skal brukes til \u00e5 feste den p\u00e5 plass. Etter installasjon, kontroller at den er riktig justert og s\u00f8rg for at alle tilkoblinger er sikre. Det anbefales ogs\u00e5 \u00e5 utf\u00f8re en pr\u00f8vekj\u00f8ring for \u00e5 bekrefte at sylinderen fungerer jevnt og p\u00e5litelig.<\/p>\n<h2>Vanlige vedlikeholdsoppgaver<\/h2>\n<ul>\n<li><strong>Regelmessige inspeksjoner:<\/strong> Regelmessige inspeksjoner bidrar til \u00e5 identifisere slitasje tidlig. Disse kontrollene b\u00f8r inkludere en visuell inspeksjon for lekkasjer, tegn p\u00e5 slitasje og generell funksjonalitet. Det er viktig \u00e5 ta tak i eventuelle problemer umiddelbart for \u00e5 unng\u00e5 ytterligere skade.<\/li>\n<li><strong>Passende sm\u00f8ring:<\/strong> Maintaining the correct level of hydraulic oil is vital. Ensure that lubrication points are serviced regularly, as this reduces friction and prevents premature wear. Following the manufacturer&#8217;s lubrication schedule can help maintain optimal performance.<\/li>\n<li><strong>Utskifting av tetninger og kalibreringskontroller:<\/strong> Skift pakninger i henhold til vedlikeholdsplanen for \u00e5 forhindre lekkasjer og sikre effektivitet. Kalibreringskontroller b\u00f8r ogs\u00e5 utf\u00f8res regelmessig for \u00e5 sikre at sylinderen fungerer innenfor de spesifiserte parameterne, noe som forbedrer sikkerhet og ytelse.<\/li>\n<\/ul>\n<p><img decoding=\"async\" src=\"https:\/\/www.hydraulic-cylinders.net\/wp-content\/uploads\/2025\/04\/songte-chushion-collar.webp\" alt=\"Bom sylinder pute krage\" \/><\/p>\n<h2>Sikkerhetshensyn og milj\u00f8faktorer<\/h2>\n<p>Sikkerhetstiltak er avgj\u00f8rende ved h\u00e5ndtering av bomsylindere. Operat\u00f8rer b\u00f8r bruke passende personlig verneutstyr (PPE) og s\u00f8rge for at alle sikkerhetsprotokoller f\u00f8lges under drift og vedlikehold. Det er ogs\u00e5 viktig \u00e5 forst\u00e5 milj\u00f8p\u00e5virkningen av hydrauliske v\u00e6sker. Riktig avhending og h\u00e5ndtering av hydraulikkolje kan minimere milj\u00f8skader, noe som gj\u00f8r bruk av milj\u00f8vennlige alternativer tilr\u00e5delig n\u00e5r det er mulig.<\/p>\n<h2>Feildiagnose og vanlige problemer<\/h2>\n<ul>\n<li><strong>Lekkasje:<\/strong> Et av de vanligste problemene i hydrauliske systemer er lekkasje, som kan oppst\u00e5 fra slitte tetninger eller skadede komponenter. Regelmessig inspeksjon av tetninger og rask utskifting av dem kan bidra til \u00e5 redusere dette problemet.<\/li>\n<li><strong>Trykktap:<\/strong> Utilstrekkelig hydraulisk trykk kan f\u00f8re til ineffektiv drift. Trykktap kan reduseres ved \u00e5 sjekke for blokkeringer i hydraulikkledningene, s\u00f8rge for riktig v\u00e6skeniv\u00e5 og bekrefte at alle koblinger er tette.<\/li>\n<li><strong>Inkonsekvent bevegelse:<\/strong> Hvis bomsylinderen beveger seg rykkete eller ujevnt, kan det tyde p\u00e5 problemer med hydraulikkv\u00e6sken eller interne komponenter. Regelmessig vedlikehold og inspeksjoner kan bidra til \u00e5 identifisere og l\u00f8se disse problemene tidlig.<\/li>\n<\/ul>\n<h2>Tips for feill\u00f8sning<\/h2>\n<p>Effective diagnosis and resolution of faults can significantly extend the life of boom cylinders. Regular monitoring of performance, especially during initial operations, can help identify issues early. If problems arise, consulting the manufacturer&#8217;s guidelines for troubleshooting can provide direction. Implementing preventive measures, such as routine maintenance and inspections, can further reduce the likelihood of issues occurring.<\/p>\n<p><img decoding=\"async\" src=\"https:\/\/www.hydraulic-cylinders.net\/wp-content\/uploads\/2025\/04\/songte-bushings-with-all-kinds-of-excavator-models.webp\" alt=\"Hydrauliske sylinderforinger\" \/><\/p>\n<h2>Om selskapet v\u00e5rt<\/h2>\n<p>Vi er en ledende produsent av hydrauliske sylindere, og tilbyr et bredt spekter av erstatningsalternativer for ulike bruksomr\u00e5der. V\u00e5r forpliktelse til kvalitet har posisjonert oss som en av de ledende produsentene og grossistdistribut\u00f8rene av hydrauliske sylindere i b\u00e5de innenlandske og internasjonale markeder. Vi overholder h\u00f8ye kvalitetsstandarder og utnytter en raffinert produksjonsprosess som integrerer avansert teknologi og dyktig personell. V\u00e5rt fokus p\u00e5 digitalt produksjonsutstyr og profesjonelle testsystemer sikrer at vi kontinuerlig forbedrer produksjonskapasiteten v\u00e5r, og m\u00f8ter ulike kundebehov med effektivitet, presisjon og kvalitet.<\/p>\n<p><img decoding=\"async\" src=\"https:\/\/www.hydraulic-cylinders.net\/wp-content\/uploads\/2025\/04\/songte-company-4.webp\" alt=\"V\u00e5rt selskap\" \/><br \/>\n<img decoding=\"async\" src=\"https:\/\/www.hydraulic-cylinders.net\/wp-content\/uploads\/2025\/04\/songte-company-3.webp\" alt=\"V\u00e5rt produksjonsanlegg\" \/><\/p>\n<p>V\u00e5re tilbud st\u00f8ttes av internasjonale sertifiseringer, skreddersydde tjenester og en forpliktelse til kundetilfredshet som strekker seg utover salgsstedet. Vi er stolte av v\u00e5rt banebrytende produksjonsutstyr, omfattende ettersalgsst\u00f8tte og muligheten til \u00e5 tilpasse produkter for \u00e5 passe spesifikke applikasjonskrav.<\/p>\n<p>Forfatter: lyl<\/p>","protected":false},"excerpt":{"rendered":"<p>Boom Cylinder For SGZG SD15B Product Overview The Boom Cylinder for SGZG SD15B is a specialized hydraulic cylinder designed to control the movements of heavy machinery buckets, including excavators, backhoe loaders, and front loaders. This hydraulic cylinder plays a crucial role in enabling the bucket to lift, lower, and tilt, facilitating efficient material handling tasks. [&hellip;]<\/p>","protected":false},"featured_media":17874,"comment_status":"open","ping_status":"closed","template":"","meta":{"_et_pb_use_builder":"","_et_pb_old_content":"","_et_gb_content_width":""},"product_brand":[],"product_cat":[1546],"product_tag":[1547,1496],"class_list":{"0":"post-19505","1":"product","2":"type-product","3":"status-publish","4":"has-post-thumbnail","6":"product_cat-boom-cylinders","7":"product_tag-boom-cylinders","8":"product_tag-hydraulic-cylinders","10":"first","11":"instock","12":"shipping-taxable","13":"product-type-simple"},"amp_enabled":true,"_links":{"self":[{"href":"https:\/\/www.hydraulic-cylinders.net\/nb\/wp-json\/wp\/v2\/product\/19505","targetHints":{"allow":["GET"]}}],"collection":[{"href":"https:\/\/www.hydraulic-cylinders.net\/nb\/wp-json\/wp\/v2\/product"}],"about":[{"href":"https:\/\/www.hydraulic-cylinders.net\/nb\/wp-json\/wp\/v2\/types\/product"}],"replies":[{"embeddable":true,"href":"https:\/\/www.hydraulic-cylinders.net\/nb\/wp-json\/wp\/v2\/comments?post=19505"}],"wp:featuredmedia":[{"embeddable":true,"href":"https:\/\/www.hydraulic-cylinders.net\/nb\/wp-json\/wp\/v2\/media\/17874"}],"wp:attachment":[{"href":"https:\/\/www.hydraulic-cylinders.net\/nb\/wp-json\/wp\/v2\/media?parent=19505"}],"wp:term":[{"taxonomy":"product_brand","embeddable":true,"href":"https:\/\/www.hydraulic-cylinders.net\/nb\/wp-json\/wp\/v2\/product_brand?post=19505"},{"taxonomy":"product_cat","embeddable":true,"href":"https:\/\/www.hydraulic-cylinders.net\/nb\/wp-json\/wp\/v2\/product_cat?post=19505"},{"taxonomy":"product_tag","embeddable":true,"href":"https:\/\/www.hydraulic-cylinders.net\/nb\/wp-json\/wp\/v2\/product_tag?post=19505"}],"curies":[{"name":"wp","href":"https:\/\/api.w.org\/{rel}","templated":true}]}}