{"id":19519,"date":"2025-04-07T06:51:59","date_gmt":"2025-04-07T06:51:59","guid":{"rendered":"https:\/\/www.hydraulic-cylinders.net\/product\/boom-cylinder-for-carter-ct45-7b\/"},"modified":"2025-04-07T06:52:01","modified_gmt":"2025-04-07T06:52:01","slug":"boom-cylinder-for-carter-ct45-7b","status":"publish","type":"product","link":"https:\/\/www.hydraulic-cylinders.net\/nb\/produkt\/boom-cylinder-for-carter-ct45-7b\/","title":{"rendered":"Bom-sylinder for Carter CT45-7B"},"content":{"rendered":"<h1>Bom-sylinder for Carter CT45-7B<\/h1>\n<h2>Introduksjon til bomsylindere<\/h2>\n<p>Bom-sylinderen er en spesialisert hydraulisk sylinder designet for \u00e5 kontrollere bevegelsen til skuffer i tunge maskiner som gravemaskiner, traktorgravere og frontlastere. Denne viktige komponenten muliggj\u00f8r l\u00f8fting, senking og tilting av skuffen, noe som er avgj\u00f8rende for effektive materialh\u00e5ndteringsoppgaver. Ved \u00e5 bruke hydraulisk trykk gir bom-sylinderen den n\u00f8dvendige kraften for jevne og presise bevegelser, slik at operat\u00f8rer kan utf\u00f8re ulike operasjoner med letthet. Design og funksjonalitet spiller en avgj\u00f8rende rolle i den generelle ytelsen til hydrauliske systemer.<\/p>\n<p><img decoding=\"async\" src=\"https:\/\/www.hydraulic-cylinders.net\/wp-content\/uploads\/2025\/04\/songte-company-1.webp\" alt=\"Bom-sylinder\" \/><\/p>\n<h2>Funksjoner p\u00e5 bomsylinderen<\/h2>\n<ul>\n<li><strong>H\u00f8y styrke og holdbarhet:<\/strong> Bom-sylinderen er laget av h\u00f8yfast st\u00e5l eller aluminium, og er konstruert for \u00e5 t\u00e5le h\u00f8yt trykk og tunge belastninger, noe som gj\u00f8r den egnet for t\u00f8ffe arbeidsmilj\u00f8er. Designet tar hensyn til slitestyrke og korrosjonsbeskyttelse, noe som forlenger sylinderens levetid.<\/li>\n<li><strong>Effektiv hydraulisk drift:<\/strong> Ved \u00e5 bruke hydraulisk v\u00e6sketrykk leverer bomsylinderen jevn og responsiv line\u00e6r bevegelse, noe som gir betydelig skyve- og trekkekraft som er ideell for h\u00e5ndtering av tunge gjenstander og komplekse oppgaver.<\/li>\n<li><strong>Ulike typer:<\/strong> Bomsylindre er tilgjengelige i b\u00e5de enkeltvirkende (som fungerer i \u00e9n retning) og dobbeltvirkende (som fungerer i begge retninger) versjoner, som dekker ulike driftsbehov. Noen modeller er teleskopiske, noe som gir st\u00f8rre forlengelse uten \u00e5 \u00f8ke de ytre m\u00e5lene, perfekt for bruksomr\u00e5der med begrenset plass.<\/li>\n<li><strong>Tilpasset produksjon:<\/strong> Vi tilbyr muligheten til \u00e5 produsere dette produktet med presisjon, slik at v\u00e5re hydrauliske sylindere kan erstatte eksisterende modeller perfekt og m\u00f8te kundenes spesifikke behov.<\/li>\n<li><strong>Omfattende st\u00f8tte:<\/strong> Produktene v\u00e5re leveres med robust kundest\u00f8tte for \u00e5 sikre optimal ytelse og levetid.<\/li>\n<\/ul>\n<p><img decoding=\"async\" src=\"https:\/\/www.hydraulic-cylinders.net\/wp-content\/uploads\/2025\/04\/songte-cylinder-head-with-all-kinds-excavator-models.webp\" alt=\"Hydraulisk sylinderhode\" \/><\/p>\n<h2>Bruksomr\u00e5der for bomsylinder<\/h2>\n<h3>Anleggsutstyr<\/h3>\n<p>I anleggsmaskiner, som gravemaskiner, er bomsylindre avgj\u00f8rende for graving, lasting og flytting av jord eller rusk. Det hydrauliske trykket som genereres gir presis kontroll over skuffens bevegelse, noe som gj\u00f8r det enklere \u00e5 h\u00e5ndtere tunge oppgaver effektivt. Gravemaskiner bruker bomsylindre ikke bare til utgraving, men ogs\u00e5 til \u00e5 l\u00f8fte og flytte materialer, noe som forbedrer den generelle driftsproduktiviteten.<\/p>\n<h3>Landbruksmaskiner<\/h3>\n<p>I landbruksmilj\u00f8er brukes frontlastere utstyrt med bomsylindere til \u00e5 utarbeide, l\u00f8fte og transportere jord, h\u00f8y og andre materialer. Disse sylindrenes evne til \u00e5 utf\u00f8re effektivt sikrer at oppgaver som lasting av korn eller flytting av f\u00f4r utf\u00f8res raskt, noe som bidrar til bedre produktivitet og effektivitet p\u00e5 g\u00e5rden.<\/p>\n<h3>Gravemaskiner<\/h3>\n<p>Gravemaskiner er i stor grad avhengige av bomsylindre for \u00e5 utf\u00f8re graveaksjoner. Det hydrauliske systemet gj\u00f8r at skuffen kan trenge effektivt ned i bakken, noe som muliggj\u00f8r rask utgraving av jord og andre materialer. Presisjonen og kraften som disse sylindrene gir er avgj\u00f8rende for \u00e5 fullf\u00f8re prosjekter i tide, og dermed forbedre produktiviteten p\u00e5 stedet.<\/p>\n<h3>Lastere<\/h3>\n<p>I frontlastere forenkler bomsylindre l\u00f8fting og lossing av last. Denne funksjonen er avgj\u00f8rende for bygg- og anleggs- og materialh\u00e5ndteringsoppgaver, og sikrer at materialer flyttes effektivt og trygt. Effektiviteten til bomsylindre i lastere er avgj\u00f8rende for drift i ulike bransjer, inkludert bygg og anlegg og avfallsh\u00e5ndtering.<\/p>\n<h2>Designhensyn og utvalgskriterier<\/h2>\n<ul>\n<li><strong>Lastekapasitet:<\/strong> Bom-sylinderens lastekapasitet er en kritisk faktor i designet. Den m\u00e5 kunne h\u00e5ndtere den maksimale forventede vekten under drift uten \u00e5 risikere feil. Dette krever n\u00f8ye prosjektering for \u00e5 sikre at materialer og konstruksjonsteknikker oppfyller kravene til spesifikke bruksomr\u00e5der.<\/li>\n<li><strong>Tetting:<\/strong> Riktig tetting er avgj\u00f8rende for \u00e5 opprettholde hydraulisk trykk og forhindre lekkasjer. Designet m\u00e5 inneholde tetninger av h\u00f8y kvalitet, som stempeltetninger og stangtetninger, laget av slitesterke materialer som polyuretan eller nitrilgummi. Disse tetningene beskytter mot forurensning og forlenger levetiden til det hydrauliske systemet.<\/li>\n<li><strong>Varighet:<\/strong> Levetiden til bomsylinderen p\u00e5virkes av materialene som brukes og produksjonskvaliteten. Det er avgj\u00f8rende \u00e5 velge komponenter som t\u00e5ler slitasje, samt milj\u00f8faktorer, for \u00e5 sikre p\u00e5litelig ytelse i krevende situasjoner.<\/li>\n<li><strong>Sikkerhet:<\/strong> Sikkerhetsfunksjoner b\u00f8r integreres i designet for \u00e5 forhindre katastrofale feil. Dette inkluderer \u00e5 sikre at sylinderen kan h\u00e5ndtere uventede belastninger og at sikkerhetsmekanismer er p\u00e5 plass for \u00e5 beskytte operat\u00f8rene under drift.<\/li>\n<li><strong>Vedlikeholdstilgjengelighet:<\/strong> Utformingen b\u00f8r tillate enkelt vedlikehold og inspeksjon. Funksjoner som avtakbare endehetter eller tilgangsporter kan forenkle rutinemessige kontroller og reparasjoner, og sikre at sylinderen forblir i optimal driftstilstand.<\/li>\n<\/ul>\n<p><img decoding=\"async\" src=\"https:\/\/www.hydraulic-cylinders.net\/wp-content\/uploads\/2025\/04\/songte-oil-pipes-and-spare-parts.webp\" alt=\"Hydrauliske oljer\u00f8r og reservedeler\" \/><\/p>\n<h2>Tetting og sm\u00f8ring av bomsylindere<\/h2>\n<p>Effektiv tetting og sm\u00f8ring er avgj\u00f8rende for ytelsen og levetiden til bomsylindre. Ulike tetningskomponenter, inkludert stempeltetninger og stangtetninger, spiller en avgj\u00f8rende rolle i \u00e5 opprettholde hydraulisk trykk. Tetninger er vanligvis laget av slitesterke materialer som polyuretan og nitrilgummi, som gir utmerket holdbarhet og beskyttelse mot elementene. I tillegg gjennomg\u00e5r sylinderhuset og gjengede ender fin bearbeiding for \u00e5 forbedre slitestyrken og sikre en tett forsegling.<\/p>\n<p>Regelmessig sm\u00f8ring er n\u00f8dvendig for \u00e5 minimere friksjon og slitasje i det hydrauliske systemet. Det er viktig \u00e5 fylle sylinderen med riktig hydraulikkolje med jevne mellomrom for \u00e5 opprettholde optimal ytelse. Fors\u00f8mmelse av sm\u00f8ring kan f\u00f8re til for tidlig slitasje og feil, noe som resulterer i kostbare reparasjoner og nedetid.<\/p>\n<h2>Regelmessig inspeksjon og forebyggende vedlikehold<\/h2>\n<ul>\n<li><strong>Regelmessige inspeksjoner:<\/strong> Regelmessige inspeksjoner b\u00f8r utf\u00f8res for \u00e5 sjekke om det er tegn p\u00e5 slitasje, lekkasjer eller skader. Tidlig oppdagelse av problemer muliggj\u00f8r rettidige reparasjoner og sikrer sikkerhet under drift.<\/li>\n<li><strong>Passende sm\u00f8ring:<\/strong> Sm\u00f8ring b\u00f8r utf\u00f8res i henhold til produsentens anbefalinger. \u00c5 s\u00f8rge for at hydraulikkoljen er ren og har riktig niv\u00e5 vil forhindre driftsproblemer og forlenge sylinderens levetid.<\/li>\n<li><strong>Utskifting av tetning:<\/strong> Tetninger b\u00f8r skiftes n\u00e5r det er tydelige tegn p\u00e5 slitasje. Riktig fungerende tetninger er avgj\u00f8rende for effektiviteten til det hydrauliske systemet, for \u00e5 forhindre oljelekkasjer og opprettholde trykket.<\/li>\n<\/ul>\n<h2>Installasjonsretningslinjer for bomsylindere<\/h2>\n<p>Riktig montering av bomsylindere er avgj\u00f8rende for optimal ytelse. S\u00f8rg for at sylinderen er riktig justert under montering; feiljustering kan f\u00f8re til for tidlig slitasje og svikt. Det anbefales \u00e5 bruke passende monteringsbraketter for \u00e5 feste sylinderen p\u00e5 plass, slik at den ikke beveger seg eller vibrerer som kan for\u00e5rsake skade.<\/p>\n<p>Under installasjon m\u00e5 du v\u00e6re n\u00f8ye med \u00e5 f\u00f8lge momentspesifikasjonene for \u00e5 unng\u00e5 overstramming, da dette kan kompromittere sylinderens integritet. S\u00f8rg for at alle hydrauliske koblinger er sikre og fri for lekkasjer, og kontroller at hydraulikkv\u00e6sken er p\u00e5 riktig niv\u00e5 f\u00f8r bruk. \u00c5 f\u00f8lge produsentens retningslinjer for installasjon vil bidra til \u00e5 maksimere levetiden og effektiviteten til bomsylinderen.<\/p>\n<h2>Vedlikeholdsoppgaver for bomsylindere<\/h2>\n<ul>\n<li><strong>Regelmessig overv\u00e5king:<\/strong> Utf\u00f8r regelmessige kontroller av hydraulikksystemet og sylinderen for tegn p\u00e5 slitasje, lekkasjer eller skade. Identifiser og h\u00e5ndter problemer raskt for \u00e5 forhindre ytterligere komplikasjoner.<\/li>\n<li><strong>Riktig sm\u00f8ring:<\/strong> Overhold passende sm\u00f8reintervaller og s\u00f8rg for at det brukes hydraulikkolje av h\u00f8y kvalitet. Regelmessig sm\u00f8ring reduserer friksjon og slitasje, noe som forbedrer ytelsen til de hydrauliske komponentene.<\/li>\n<li><strong>Utskifting av tetning:<\/strong> Overv\u00e5k pakningene for tegn p\u00e5 slitasje og skift dem ut etter behov for \u00e5 forhindre lekkasjer og opprettholde hydraulisk trykk. Dette er avgj\u00f8rende for \u00e5 bevare sylinderens effektivitet.<\/li>\n<\/ul>\n<h2>Sikkerhetshensyn og milj\u00f8faktorer<\/h2>\n<p>Sikkerhetstiltak er avgj\u00f8rende n\u00e5r man arbeider med hydrauliske systemer. Operat\u00f8rer b\u00f8r f\u00e5 oppl\u00e6ring i \u00e5 forst\u00e5 risikoene forbundet med hydrauliske maskiner, inkludert potensialet for plutselig trykkutl\u00f8sning eller lekkasjer. Implementering av riktige sikkerhetsprotokoller, som bruk av personlig verneutstyr (PPE) og tilstrekkelig oppl\u00e6ring, bidrar til \u00e5 redusere risikoer.<\/p>\n<p>Milj\u00f8hensyn b\u00f8r ogs\u00e5 tas i betraktning. \u00c5 s\u00f8rge for at hydrauliske v\u00e6sker h\u00e5ndteres og avhendes p\u00e5 riktig m\u00e5te minimerer milj\u00f8p\u00e5virkningen og er i samsvar med forskriftene. Regelmessig vedlikehold og raske reparasjoner er avgj\u00f8rende for sikker drift under ulike milj\u00f8forhold.<\/p>\n<h2>Feils\u00f8king av vanlige problemer<\/h2>\n<ul>\n<li><strong>Hydrauliske lekkasjer:<\/strong> Lekkasjer kan oppst\u00e5 fra slitte tetninger eller skadede slanger. Inspiser og skift ut eventuelle skadede komponenter omg\u00e5ende.<\/li>\n<li><strong>Tap av str\u00f8m:<\/strong> Hvis sylinderen ikke fungerer med tilstrekkelig kraft, sjekk for lave niv\u00e5er av hydraulisk v\u00e6ske eller potensielle blokkeringer i hydraulikkledningene.<\/li>\n<li><strong>Inkonsekvent bevegelse:<\/strong> Dette kan skyldes luft i det hydrauliske systemet eller utilstrekkelig sm\u00f8ring. Luft det hydrauliske systemet for \u00e5 fjerne luft som er fanget og sikre riktig sm\u00f8reniv\u00e5.<\/li>\n<\/ul>\n<h2>Tips for effektiv probleml\u00f8sning<\/h2>\n<p>For \u00e5 effektivt diagnostisere og l\u00f8se hydrauliske problemer, start alltid med en grundig inspeksjon. Se etter synlige tegn p\u00e5 slitasje, lekkasjer eller hindringer i systemet. Regelmessig vedlikehold er avgj\u00f8rende for \u00e5 forhindre problemer f\u00f8r de eskalerer. \u00c5 f\u00f8re en logg over vedlikeholdsaktiviteter og observasjoner kan bidra til \u00e5 identifisere m\u00f8nstre og tilbakevendende problemer.<\/p>\n<p>Implementering av forebyggende tiltak, som rutinemessige inspeksjoner og rettidige reparasjoner, minimerer nedetid og sikrer at de hydrauliske systemene fungerer effektivt. Se alltid produsentens retningslinjer for spesifikke r\u00e5d om feils\u00f8king og anbefalte fremgangsm\u00e5ter.<\/p>\n<p><img decoding=\"async\" src=\"https:\/\/www.hydraulic-cylinders.net\/wp-content\/uploads\/2025\/04\/songte-bushings-with-all-kinds-of-excavator-models.webp\" alt=\"Foringer for gravemaskinmodeller\" \/><\/p>\n<h2>Om selskapet v\u00e5rt<\/h2>\n<p>Vi spesialiserer oss p\u00e5 produksjon av hydrauliske sylindere for utskifting og har etablert oss som en ledende produsent og grossistdistribut\u00f8r i b\u00e5de innenlandske og internasjonale markeder. V\u00e5r forpliktelse til kvalitet gjenspeiles i v\u00e5re presise strategier for produksjonsstyring og bruk av avansert teknologi og avanserte maskiner.<\/p>\n<p>Med et team av dyktige fagfolk og fokus p\u00e5 kvalitet, forbedrer vi kontinuerlig produksjonsplattformen v\u00e5r for \u00e5 m\u00f8te ulike kundebehov. V\u00e5re internasjonale sertifiseringer og tilpassede tjenester styrker ytterligere v\u00e5rt omd\u00f8mme i bransjen, og sikrer at vi m\u00f8ter og overg\u00e5r kundenes forventninger.<\/p>\n<p>Vi er sv\u00e6rt stolte av \u00e5 levere h\u00f8y effektivitet, presisjon og kvalitet i alle produkter vi produserer, og s\u00f8rger for at kundene v\u00e5re f\u00e5r de beste hydrauliske l\u00f8sningene som er tilgjengelige.<\/p>\n<p><img decoding=\"async\" src=\"https:\/\/www.hydraulic-cylinders.net\/wp-content\/uploads\/2025\/04\/songte-company-4.webp\" alt=\"Selskapsoversikt\" \/><br \/>\n<img decoding=\"async\" src=\"https:\/\/www.hydraulic-cylinders.net\/wp-content\/uploads\/2025\/04\/songte-company-3.webp\" alt=\"Selskapets produksjon\" \/><\/p>\n<p>Forfatter: lyl<\/p>","protected":false},"excerpt":{"rendered":"<p>Boom Cylinder For Carter CT45-7B Introduction to Boom Cylinders The Boom Cylinder is a specialized hydraulic cylinder designed for controlling the motion of buckets in heavy machinery such as excavators, backhoe loaders, and front-end loaders. This vital component enables the lifting, lowering, and tilting of the bucket, which is essential for efficient material handling tasks. [&hellip;]<\/p>","protected":false},"featured_media":17872,"comment_status":"open","ping_status":"closed","template":"","meta":{"_et_pb_use_builder":"","_et_pb_old_content":"","_et_gb_content_width":""},"product_brand":[],"product_cat":[1546],"product_tag":[1547,1496],"class_list":{"0":"post-19519","1":"product","2":"type-product","3":"status-publish","4":"has-post-thumbnail","6":"product_cat-boom-cylinders","7":"product_tag-boom-cylinders","8":"product_tag-hydraulic-cylinders","10":"first","11":"instock","12":"shipping-taxable","13":"product-type-simple"},"amp_enabled":true,"_links":{"self":[{"href":"https:\/\/www.hydraulic-cylinders.net\/nb\/wp-json\/wp\/v2\/product\/19519","targetHints":{"allow":["GET"]}}],"collection":[{"href":"https:\/\/www.hydraulic-cylinders.net\/nb\/wp-json\/wp\/v2\/product"}],"about":[{"href":"https:\/\/www.hydraulic-cylinders.net\/nb\/wp-json\/wp\/v2\/types\/product"}],"replies":[{"embeddable":true,"href":"https:\/\/www.hydraulic-cylinders.net\/nb\/wp-json\/wp\/v2\/comments?post=19519"}],"wp:featuredmedia":[{"embeddable":true,"href":"https:\/\/www.hydraulic-cylinders.net\/nb\/wp-json\/wp\/v2\/media\/17872"}],"wp:attachment":[{"href":"https:\/\/www.hydraulic-cylinders.net\/nb\/wp-json\/wp\/v2\/media?parent=19519"}],"wp:term":[{"taxonomy":"product_brand","embeddable":true,"href":"https:\/\/www.hydraulic-cylinders.net\/nb\/wp-json\/wp\/v2\/product_brand?post=19519"},{"taxonomy":"product_cat","embeddable":true,"href":"https:\/\/www.hydraulic-cylinders.net\/nb\/wp-json\/wp\/v2\/product_cat?post=19519"},{"taxonomy":"product_tag","embeddable":true,"href":"https:\/\/www.hydraulic-cylinders.net\/nb\/wp-json\/wp\/v2\/product_tag?post=19519"}],"curies":[{"name":"wp","href":"https:\/\/api.w.org\/{rel}","templated":true}]}}