{"id":19520,"date":"2025-04-07T06:52:01","date_gmt":"2025-04-07T06:52:01","guid":{"rendered":"https:\/\/www.hydraulic-cylinders.net\/product\/boom-cylinder-for-carter-ct70-8g\/"},"modified":"2025-04-07T06:52:03","modified_gmt":"2025-04-07T06:52:03","slug":"boom-cylinder-for-carter-ct70-8g","status":"publish","type":"product","link":"https:\/\/www.hydraulic-cylinders.net\/nb\/produkt\/boom-cylinder-for-carter-ct70-8g\/","title":{"rendered":"Bom-sylinder for Carter CT70-8G"},"content":{"rendered":"<h1>Bom-sylinder for Carter CT70-8G<\/h1>\n<h2>Forst\u00e5 b\u00f8ttesylinderen<\/h2>\n<p>Bom-sylinderen for Carter CT70-8G er en spesialisert hydraulisk sylinder designet for \u00e5 kontrollere bevegelsen til skuffer i tunge maskiner som gravemaskiner, traktorgravere og frontlastere. Denne hydrauliske komponenten lar skuffen l\u00f8fte, senke og vippe, noe som letter effektiv h\u00e5ndtering av materialer. Skuffesylinderen spiller en avgj\u00f8rende rolle i hydrauliske systemer, og bruker trykksatt v\u00e6ske for \u00e5 gi presis kontroll og kraftige bevegelser som er n\u00f8dvendige for ulike anleggs- og landbruksoppgaver.<\/p>\n<p><img decoding=\"async\" src=\"https:\/\/www.hydraulic-cylinders.net\/wp-content\/uploads\/2025\/04\/songte-company-1.webp\" alt=\"Bilde av bomsylinder\"><\/p>\n<h3>Viktige funksjoner<\/h3>\n<ul>\n<li><strong>H\u00f8y styrke og holdbarhet:<\/strong> Disse sylindrene er laget av h\u00f8yfast st\u00e5l eller aluminium, og t\u00e5ler h\u00f8yt trykk og tunge belastninger. De er egnet for t\u00f8ffe arbeidsmilj\u00f8er, noe som sikrer langvarig holdbarhet.<\/li>\n<li><strong>Effektiv hydraulisk drift:<\/strong> Sylinderen bruker hydraulisk oljetrykk for jevn forlengelse og tilbaketrekking, reagerer raskt p\u00e5 kontrollkommandoer og gir kraftige skyve- og trekkkrefter som er n\u00f8dvendige for \u00e5 h\u00e5ndtere tunge og komplekse oppgaver.<\/li>\n<li><strong>Ulike typer:<\/strong> Tilgjengelig i enkeltvirkende (fungerer i \u00e9n retning) og dobbeltvirkende (fungerer i begge retninger), noe som muliggj\u00f8r tilpasning basert p\u00e5 driftsbehov, med noen modeller designet for teleskopisk forskyvning, noe som gir utvidet rekkevidde p\u00e5 begrensede steder.<\/li>\n<\/ul>\n<p>Vi produserer dette produktet, og sylindrene v\u00e5re kan perfekt erstatte diverse hydrauliske sylindere.<\/p>\n<p><img decoding=\"async\" src=\"https:\/\/www.hydraulic-cylinders.net\/wp-content\/uploads\/2025\/04\/songte-cylinder-head-with-all-kinds-excavator-models.webp\" alt=\"Utskifting av hydrauliske sylindere\"><\/p>\n<h2>Bruksomr\u00e5der for bomsylinderen<\/h2>\n<h3>Anleggsutstyr<\/h3>\n<p>I gravemaskiner er bomsylindre avgj\u00f8rende for graving, lasting og flytting av jord eller avfall. De spiller en viktig rolle i b\u00e5de graving og l\u00f8fting i gravemaskin, og sikrer jevn driftseffektivitet.<\/p>\n<h3>Landbruksmaskiner<\/h3>\n<p>Bomsylindre, som brukes i frontlastere, er avgj\u00f8rende for \u00e5 utarbeide, l\u00f8fte og transportere jord, h\u00f8y og andre materialer. De gir den n\u00f8dvendige kraften for \u00e5 h\u00e5ndtere ulike landbruksoppgaver effektivt.<\/p>\n<h3>Gravemaskiner<\/h3>\n<p>Bomsylindrene lar skuffen trenge ned i jorden under utgraving, slik at operat\u00f8rene kan grave dypere og mer effektivt, noe som er viktig for bygging og forberedelse av tomten.<\/p>\n<h3>Lastere<\/h3>\n<p>I frontlastere hjelper disse sylindrene med \u00e5 l\u00f8fte og dumpe last, optimalisere materialh\u00e5ndtering og forbedre produktiviteten p\u00e5 arbeidsplasser.<\/p>\n<h2>Designhensyn og utvalgskriterier<\/h2>\n<h3>Lastekapasitet<\/h3>\n<p>N\u00e5r du velger en bomsylinder, er det viktig \u00e5 vurdere lastekapasiteten, som avgj\u00f8r hvor mye vekt sylinderen kan h\u00e5ndtere trygt. En riktig dimensjonert sylinder sikrer driftssikkerhet og effektivitet, og forhindrer feil under h\u00f8ybelastning.<\/p>\n<h3>Tetting<\/h3>\n<p>Tetting er et annet viktig aspekt, ettersom tetninger av h\u00f8y kvalitet forhindrer v\u00e6skelekkasje og forurensning, noe som sikrer det hydrauliske systemets levetid og p\u00e5litelighet. Valg av materialer for tetninger p\u00e5virker ytelsen, spesielt i krevende milj\u00f8er.<\/p>\n<h3>Varighet<\/h3>\n<p>Holdbarhet er avgj\u00f8rende for hydrauliske sylindere som opererer under utfordrende forhold. Faktorer som slitasje- og korrosjonsmotstand b\u00f8r vurderes, da disse elementene direkte p\u00e5virker sylinderens levetid og ytelse.<\/p>\n<h3>Sikkerhet<\/h3>\n<p>Sikkerhetsfunksjoner, som trykkavlastningsventiler og robust konstruksjon, er avgj\u00f8rende for \u00e5 forhindre ulykker og skader under drift. Det er avgj\u00f8rende for ethvert hydraulisk system \u00e5 s\u00f8rge for at disse funksjonene er inkludert og fungerer.<\/p>\n<h3>Vedlikehold<\/h3>\n<p>Enkelt vedlikehold er en annen kritisk faktor. \u00c5 velge sylindere som tillater enkel inspeksjon, sm\u00f8ring og utskifting av deler vil redusere nedetid og vedlikeholdskostnader, noe som \u00f8ker den totale produktiviteten.<\/p>\n<p><img decoding=\"async\" src=\"https:\/\/www.hydraulic-cylinders.net\/wp-content\/uploads\/2025\/04\/songte-oil-pipes-and-spare-parts.webp\" alt=\"Oljer\u00f8r og reservedeler\"><\/p>\n<h2>Tetting og sm\u00f8ring<\/h2>\n<p>Riktig tetting og sm\u00f8ring er avgj\u00f8rende for hydrauliske sylinderes levetid og effektivitet. Ulike tetninger, som stempeltetninger og stangtetninger, brukes for \u00e5 opprettholde v\u00e6skeintegriteten. Tetninger laget av slitesterke materialer som polyuretan og nitrilgummi forbedrer slitestyrken. I tillegg gjennomg\u00e5r sylinderhuset og gjengede ender en grundig prosessering for \u00e5 \u00f8ke slitestyrken. Regelmessig sm\u00f8ring med hydraulikkolje er n\u00f8dvendig for \u00e5 sikre jevn drift og forhindre slitasje.<\/p>\n<h2>Forebyggende vedlikeholdstiltak<\/h2>\n<ul>\n<li>Kontroller hydrauliske ledninger og koblinger regelmessig for lekkasjer.<\/li>\n<li>S\u00f8rg for at pakningene er i god stand, og skift dem ut etter behov.<\/li>\n<li>Overv\u00e5k niv\u00e5ene og kvaliteten p\u00e5 hydraulikkv\u00e6sken; etterfyll eller skift ut etter behov.<\/li>\n<\/ul>\n<h2>Installasjonsretningslinjer<\/h2>\n<p>Installasjon av en bomsylinder krever presisjon for \u00e5 sikre optimal ytelse. F\u00f8rst m\u00e5 du s\u00f8rge for at arbeidsomr\u00e5det er ryddig og at n\u00f8dvendige verkt\u00f8y er tilgjengelige. Juster sylinderen med monteringsbrakettene, og s\u00f8rg for at alle bolter og beslag er riktig plassert. Bruk riktige monteringsbraketter for \u00e5 feste sylinderen godt. Etter installasjon, kontroller justering og funksjonalitet f\u00f8r du starter utstyret. Regelmessige inspeksjoner etter installasjon vil bidra til \u00e5 identifisere eventuelle problemer tidlig.<\/p>\n<h2>Vanlige vedlikeholdsoppgaver<\/h2>\n<h3>Regelmessige inspeksjoner<\/h3>\n<p>Det er viktig \u00e5 gjennomf\u00f8re regelmessige inspeksjoner for \u00e5 identifisere potensielle problemer f\u00f8r de eskalerer. Sjekk for tegn p\u00e5 slitasje, lekkasjer eller skader som kan svekke funksjonen. \u00c5 opprettholde en tidsplan for disse inspeksjonene kan f\u00f8re til proaktivt vedlikehold, noe som minimerer uventet nedetid.<\/p>\n<h3>Riktig sm\u00f8ring<\/h3>\n<p>Riktig sm\u00f8ring er avgj\u00f8rende for \u00e5 sikre problemfri drift av den hydrauliske sylinderen. S\u00f8rg for at hydraulikkoljen er p\u00e5 anbefalt niv\u00e5, og p\u00e5f\u00f8r den jevnlig for \u00e5 unng\u00e5 friksjon og slitasje mellom bevegelige deler. Regelmessig sm\u00f8ring vil forlenge sylinderens levetid.<\/p>\n<h3>Utskifting av tetning<\/h3>\n<p>Utskifting av tetninger er avgj\u00f8rende for \u00e5 opprettholde systemets integritet. Etter hvert som tetninger slites over tid, kan de f\u00f8re til lekkasjer og redusert ytelse. Regelmessig utskifting av tetninger vil bidra til \u00e5 opprettholde optimal funksjon og forhindre tap av hydraulisk v\u00e6ske.<\/p>\n<p><img decoding=\"async\" src=\"https:\/\/www.hydraulic-cylinders.net\/wp-content\/uploads\/2025\/04\/songte-chushion-collar.webp\" alt=\"Putekragebilde\"><\/p>\n<h2>Sikkerhetshensyn og milj\u00f8faktorer<\/h2>\n<p>Sikkerhetstiltak er avgj\u00f8rende n\u00e5r du arbeider med hydrauliske systemer. F\u00f8lg alltid produsentens retningslinjer og bruk sikkerhetsutstyr for \u00e5 forhindre ulykker. Vurder i tillegg milj\u00f8p\u00e5virkningen av hydrauliske v\u00e6sker og implementer resirkulerings- og avhendingsmetoder som minimerer skaden p\u00e5 milj\u00f8et.<\/p>\n<h2>Feils\u00f8king av vanlige problemer<\/h2>\n<ul>\n<li><strong>Lekkasje:<\/strong> Sjekk pakninger og beslag for skader; skift ut om n\u00f8dvendig.<\/li>\n<li><strong>Ikke-responsiv operasjon:<\/strong> S\u00f8rg for at niv\u00e5ene av hydraulikkv\u00e6sken er tilstrekkelige, og sjekk for blokkeringer i systemet.<\/li>\n<li><strong>Overdreven st\u00f8y:<\/strong> Unders\u00f8k om det er luft i systemet eller slitte komponenter; luft systemet og skift ut skadede deler etter behov.<\/li>\n<\/ul>\n<h2>Feils\u00f8kingstips<\/h2>\n<p>Effektiv feils\u00f8king inneb\u00e6rer systematiske kontroller av det hydrauliske systemet. Start med \u00e5 identifisere eventuelle uvanlige symptomer og spore dem tilbake til potensielle \u00e5rsaker. Implementer forebyggende tiltak som regelmessig vedlikehold og inspeksjoner for \u00e5 redusere vanlige problemer, og sikre langsiktig p\u00e5litelighet og effektivitet.<\/p>\n<p><img decoding=\"async\" src=\"https:\/\/www.hydraulic-cylinders.net\/wp-content\/uploads\/2025\/04\/songte-bushings-with-all-kinds-of-excavator-models.webp\" alt=\"Bilde av foringer\"><\/p>\n<h2>Om selskapet v\u00e5rt<\/h2>\n<p>Vi er en ledende produsent av hydrauliske sylindere for utskifting, og tilbyr et omfattende utvalg av produkter i b\u00e5de det nasjonale og internasjonale markedet. V\u00e5r forpliktelse til kvalitet er tydelig i v\u00e5re raffinerte produksjonsstrategier og bruken av avansert digitalt produksjonsutstyr og profesjonelle testsystemer. Med et sterkt fokus p\u00e5 kvalitet er produktene v\u00e5re utviklet for \u00e5 effektivt m\u00f8te ulike kundebehov.<\/p>\n<h3>Ekspertise<\/h3>\n<p>V\u00e5rt teams ekspertise innen design og produksjon av hydrauliske sylindere sikrer h\u00f8ye standarder og p\u00e5litelig ytelse.<\/p>\n<h3>Internasjonale sertifiseringer<\/h3>\n<p>Vi f\u00f8lger internasjonale standarder og s\u00f8rger for at produktene v\u00e5re oppfyller strenge kvalitets- og sikkerhetskrav.<\/p>\n<h3>Tilpassede tjenester<\/h3>\n<p>Vi tilbyr skreddersydde l\u00f8sninger som er skreddersydd for \u00e5 m\u00f8te spesifikke kundekrav, og forbedrer fleksibiliteten i applikasjoner.<\/p>\n<h3>Avansert produksjonsutstyr<\/h3>\n<p>V\u00e5re toppmoderne produksjonsanlegg muliggj\u00f8r presisjonsproduksjon og kvalitetssikring.<\/p>\n<h3>Ettersalgsst\u00f8tte<\/h3>\n<p>Vi tilbyr omfattende ettersalgsst\u00f8tte for \u00e5 sikre kundetilfredshet og produktp\u00e5litelighet.<\/p>\n<p><img decoding=\"async\" src=\"https:\/\/www.hydraulic-cylinders.net\/wp-content\/uploads\/2025\/04\/songte-company-4.webp\" alt=\"Selskapets image\"><br \/>\n<img decoding=\"async\" src=\"https:\/\/www.hydraulic-cylinders.net\/wp-content\/uploads\/2025\/04\/songte-company-3.webp\" alt=\"Selskapets image\"><\/p>\n<p>Forfatter lyl<\/p>","protected":false},"excerpt":{"rendered":"<p>Boom Cylinder For Carter CT70-8G Understanding the Bucket Cylinder The Boom Cylinder for Carter CT70-8G is a specialized hydraulic cylinder designed to control the movement of buckets in heavy machinery such as excavators, backhoe loaders, and front loaders. This hydraulic component allows the bucket to lift, lower, and tilt, facilitating the efficient handling of materials. [&hellip;]<\/p>","protected":false},"featured_media":17873,"comment_status":"open","ping_status":"closed","template":"","meta":{"_et_pb_use_builder":"","_et_pb_old_content":"","_et_gb_content_width":""},"product_brand":[],"product_cat":[1546],"product_tag":[1547,1496],"class_list":{"0":"post-19520","1":"product","2":"type-product","3":"status-publish","4":"has-post-thumbnail","6":"product_cat-boom-cylinders","7":"product_tag-boom-cylinders","8":"product_tag-hydraulic-cylinders","10":"first","11":"instock","12":"shipping-taxable","13":"product-type-simple"},"amp_enabled":true,"_links":{"self":[{"href":"https:\/\/www.hydraulic-cylinders.net\/nb\/wp-json\/wp\/v2\/product\/19520","targetHints":{"allow":["GET"]}}],"collection":[{"href":"https:\/\/www.hydraulic-cylinders.net\/nb\/wp-json\/wp\/v2\/product"}],"about":[{"href":"https:\/\/www.hydraulic-cylinders.net\/nb\/wp-json\/wp\/v2\/types\/product"}],"replies":[{"embeddable":true,"href":"https:\/\/www.hydraulic-cylinders.net\/nb\/wp-json\/wp\/v2\/comments?post=19520"}],"wp:featuredmedia":[{"embeddable":true,"href":"https:\/\/www.hydraulic-cylinders.net\/nb\/wp-json\/wp\/v2\/media\/17873"}],"wp:attachment":[{"href":"https:\/\/www.hydraulic-cylinders.net\/nb\/wp-json\/wp\/v2\/media?parent=19520"}],"wp:term":[{"taxonomy":"product_brand","embeddable":true,"href":"https:\/\/www.hydraulic-cylinders.net\/nb\/wp-json\/wp\/v2\/product_brand?post=19520"},{"taxonomy":"product_cat","embeddable":true,"href":"https:\/\/www.hydraulic-cylinders.net\/nb\/wp-json\/wp\/v2\/product_cat?post=19520"},{"taxonomy":"product_tag","embeddable":true,"href":"https:\/\/www.hydraulic-cylinders.net\/nb\/wp-json\/wp\/v2\/product_tag?post=19520"}],"curies":[{"name":"wp","href":"https:\/\/api.w.org\/{rel}","templated":true}]}}