{"id":19526,"date":"2025-04-07T06:52:50","date_gmt":"2025-04-07T06:52:50","guid":{"rendered":"https:\/\/www.hydraulic-cylinders.net\/product\/boom-cylinder-for-kym-ky60f\/"},"modified":"2025-04-07T06:52:52","modified_gmt":"2025-04-07T06:52:52","slug":"boom-cylinder-for-kym-ky60f","status":"publish","type":"product","link":"https:\/\/www.hydraulic-cylinders.net\/nb\/produkt\/boom-cylinder-for-kym-ky60f\/","title":{"rendered":"Bom-sylinder for KYM KY60F"},"content":{"rendered":"<h1>Bom-sylinder for KYM KY60F<\/h1>\n<h2>Produktoversikt<\/h2>\n<p>Bom-sylinderen for KYM KY60F er en viktig hydraulisk komponent som er spesielt utviklet for \u00e5 kontrollere bevegelsen til skuffen p\u00e5 tunge maskiner som gravemaskiner, traktorgravere og frontlastere. Denne hydrauliske sylinderen gj\u00f8r det mulig \u00e5 l\u00f8fte, senke og tilte skuffen, noe som muliggj\u00f8r effektive materialh\u00e5ndteringsoppgaver i ulike bygg- og landbruksapplikasjoner. Som en hydraulisk sylinder fungerer den ved hjelp av trykksatt hydraulisk v\u00e6ske, som gir jevn og kraftig bevegelse, slik at operat\u00f8rer kan man\u00f8vrere tunge laster med presisjon.<\/p>\n<p><img decoding=\"async\" src=\"https:\/\/www.hydraulic-cylinders.net\/wp-content\/uploads\/2025\/04\/songte-company-1.webp\" alt=\"Bom-sylinder\"><\/p>\n<h2>Funksjoner p\u00e5 bomsylinderen<\/h2>\n<ul>\n<li><strong>H\u00f8y styrke og holdbarhet:<\/strong> Denne sylinderen er vanligvis laget av h\u00f8yfast st\u00e5l eller aluminium, og t\u00e5ler h\u00f8yt trykk og tunge belastninger, noe som gj\u00f8r den egnet for t\u00f8ffe arbeidsmilj\u00f8er. Den er designet med tanke p\u00e5 slitestyrke og korrosjonsbestandighet, noe som forlenger levetiden.<\/li>\n<li><strong>Effektiv hydraulisk drift:<\/strong> Ved \u00e5 bruke hydraulisk oljetrykk gir denne sylinderen jevne teleskopbevegelser og reagerer raskt p\u00e5 kontrollkommandoer, og leverer kraftige skyve- og trekkkrefter som er ideelle for h\u00e5ndtering av tunge materialer og komplekse oppgaver.<\/li>\n<li><strong>Ulike typer:<\/strong> Avhengig av driftsbehov kan brukerne velge mellom enkeltvirkende (som fungerer i \u00e9n retning) eller dobbeltvirkende (som fungerer i begge retninger) sylindere. Noen modeller har teleskopiske design som gir st\u00f8rre forlengelse uten \u00e5 \u00f8ke de ytre m\u00e5lene, perfekt for applikasjoner med begrenset plass.<\/li>\n<li><strong>Tilpasset produksjon:<\/strong> V\u00e5re produksjonsmuligheter gj\u00f8r det mulig for oss \u00e5 produsere dette produktet for \u00e5 erstatte eksisterende hydrauliske sylindere p\u00e5 en perfekt m\u00e5te, noe som sikrer kompatibilitet og ytelse.<\/li>\n<\/ul>\n<p><img decoding=\"async\" src=\"https:\/\/www.hydraulic-cylinders.net\/wp-content\/uploads\/2025\/04\/songte-cylinder-head-with-all-kinds-excavator-models.webp\" alt=\"Topplokk for gravemaskinmodeller\"><\/p>\n<h2>Bruksomr\u00e5der for bomsylinderen<\/h2>\n<h3>Anleggsutstyr<\/h3>\n<p>I anleggsmaskiner er bomsylinderen avgj\u00f8rende for gravemaskiner, der den hjelper til med graving, lasting og flytting av jord eller rusk. Den hydrauliske kraften fra sylinderen muliggj\u00f8r effektive graveoperasjoner, noe som gj\u00f8r den til en uunnv\u00e6rlig komponent i byggeprosjekter som spenner fra sm\u00e5 landskapsarbeider til store gravearbeider.<\/p>\n<h3>Landbruksmaskiner<\/h3>\n<p>I frontlastere spiller bomsylinderen en viktig rolle i utgraving, l\u00f8fting og transport av jord, h\u00f8y og annet materiale. Dens evne til \u00e5 gi kraftige l\u00f8ftebevegelser \u00f8ker produktiviteten i landbruksdriften, slik at b\u00f8nder kan administrere ressurser effektivt og effektivisere arbeidsflyten.<\/p>\n<h3>Gravemaskiner<\/h3>\n<p>Bom-sylinderen gj\u00f8r at skuffen kan trenge ned i bakken, noe som forenkler gravearbeidet som er n\u00f8dvendig for gravemaskiner. Denne funksjonen er viktig for ulike oppgaver, som gr\u00f8fting, forberedelse av tomt og graving av fundamenter, og bidrar betydelig til effektiviteten til graveutstyret.<\/p>\n<h3>Lastere<\/h3>\n<p>I frontlastere hjelper bomsylindrene med \u00e5 l\u00f8fte og dumpe last effektivt. Den hydrauliske kraften lar f\u00f8rere h\u00e5ndtere materialer som grus, sand og andre bulkvarer uten problemer, noe som sikrer jevn drift under laste- og losseoppgaver.<\/p>\n<h2>Designhensyn og utvalgskriterier<\/h2>\n<h3>Lastekapasitet<\/h3>\n<p>N\u00e5r du velger en bomsylinder, er det avgj\u00f8rende \u00e5 forst\u00e5 dens lastekapasitet. Sylinderen m\u00e5 kunne h\u00e5ndtere den maksimale belastningen som forventes under drift. Dette inneb\u00e6rer \u00e5 vurdere b\u00e5de de statiske og dynamiske belastningene som sylinderen vil m\u00f8te. Hvis du ikke velger en sylinder med riktig lastekapasitet, kan det f\u00f8re til for tidlig svikt, sikkerhetsfarer og kostbar nedetid.<\/p>\n<h3>Tetting og holdbarhet<\/h3>\n<p>Tetningssystemet til en bomsylinder er avgj\u00f8rende for \u00e5 opprettholde ytelse og levetid. Tetninger av h\u00f8y kvalitet forhindrer lekkasje av hydraulisk v\u00e6ske, noe som sikrer effektiv drift. \u00c5 velge riktige materialer for tetninger, som polyuretan og nitrilgummi, forbedrer holdbarheten og reduserer vedlikeholdsbehovet. I tillegg b\u00f8r sylindere v\u00e6re konstruert for \u00e5 t\u00e5le slitasje fra milj\u00f8faktorer, noe som bidrar til deres totale levetid.<\/p>\n<h3>Sikkerhetsfunksjoner<\/h3>\n<p>Sikkerhet er et hovedanliggende i design av hydrauliske systemer. \u00c5 inkludere funksjoner som trykkavlastningsventiler og sikkerhetsl\u00e5ser kan forhindre ulykker for\u00e5rsaket av plutselige trykkst\u00f8t eller utstyrsfeil. En godt designet sylinder b\u00f8r inkludere disse sikkerhetsmekanismene for \u00e5 beskytte b\u00e5de operat\u00f8ren og utstyret.<\/p>\n<h3>Vedlikeholdstilgjengelighet<\/h3>\n<p>Et viktig aspekt ved design er \u00e5 sikre at sylinderen er enkel \u00e5 vedlikeholde. Dette inkluderer hensyn til regelmessige inspeksjoner, sm\u00f8ring og muligheten til \u00e5 bytte ut slitte tetninger eller deler uten omfattende demontering. En sylinder designet med vedlikehold i tankene vil forbedre driftseffektiviteten og redusere nedetid.<\/p>\n<p><img decoding=\"async\" src=\"https:\/\/www.hydraulic-cylinders.net\/wp-content\/uploads\/2025\/04\/songte-oil-pipes-and-spare-parts.webp\" alt=\"Hydrauliske r\u00f8r og reservedeler\"><\/p>\n<h2>Tetting og sm\u00f8ring<\/h2>\n<p>Effektiv tetting og sm\u00f8ring er avgj\u00f8rende for bomsylinderens ytelse. Ulike tetningskomponenter, inkludert stempeltetninger og stangtetninger, b\u00f8r velges basert p\u00e5 deres holdbarhet og slitestyrke. Materialer som polyuretan eller nitrilgummi brukes ofte p\u00e5 grunn av sin styrke og motstand mot hydrauliske v\u00e6sker. Sylinderhuset og gjengede endeflater b\u00f8r gjennomg\u00e5 presis etterbehandling for \u00e5 forbedre slitestyrken, slik at de t\u00e5ler t\u00f8ffe driftsforhold.<\/p>\n<p>Regelmessig sm\u00f8ring med hydraulikkolje er ogs\u00e5 viktig. Tilstrekkelig sm\u00f8ring minimerer friksjon og slitasje, noe som sikrer jevn drift og forlenger sylinderens levetid. Operat\u00f8rer b\u00f8r overv\u00e5ke oljeniv\u00e5ene og bruke den n\u00f8dvendige mengden hydraulikkv\u00e6ske rutinemessig for \u00e5 opprettholde optimal ytelse.<\/p>\n<h2>Regelmessig vedlikehold og forebyggende tiltak<\/h2>\n<ul>\n<li><strong>Regelmessige inspeksjoner:<\/strong> Det er avgj\u00f8rende \u00e5 utf\u00f8re hyppige inspeksjoner av bomsylinderen for tegn p\u00e5 slitasje, lekkasjer eller skade. \u00c5 identifisere problemer tidlig kan forhindre mer betydelige problemer og kostbare reparasjoner senere.<\/li>\n<li><strong>Riktig sm\u00f8ring:<\/strong> Ensuring that the cylinder is adequately lubricated will prevent premature wear. Operators should follow the manufacturer&#8217;s recommendations for lubrication intervals and types of oils to use.<\/li>\n<li><strong>Utskifting av tetning:<\/strong> Over tid kan pakninger bli slitt ned og kreve utskifting. Regelmessig inspeksjon og utskifting av pakninger kan redusere risikoen for hydrauliske lekkasjer betydelig og opprettholde optimal ytelse.<\/li>\n<\/ul>\n<h2>Installasjonsretningslinjer<\/h2>\n<p>Riktig montering av bomsylinderen er avgj\u00f8rende for \u00e5 sikre optimal ytelse og levetid. Begynn med \u00e5 s\u00f8rge for at monteringsflatene er rene og fri for rusk. Juster sylinderen riktig med maskinens monteringspunkter, og bruk passende monteringsbraketter for \u00e5 feste den p\u00e5 plass. Det er viktig \u00e5 unng\u00e5 feiljustering, da dette kan f\u00f8re til ujevn slitasje og eventuell feil.<\/p>\n<p>During installation, refer to the manufacturer&#8217;s specifications for torque settings and ensure that all fittings are securely tightened to prevent leaks. Always use a calibrated torque wrench to avoid over-tightening, which can damage the cylinder. After installation, perform a functional check to ensure that the cylinder operates smoothly and efficiently.<\/p>\n<h2>Vanlige vedlikeholdsoppgaver<\/h2>\n<h3>Regelmessige inspeksjoner<\/h3>\n<p>Regelmessige inspeksjoner er avgj\u00f8rende for \u00e5 identifisere slitasje og potensielle feil i bomsylinderen. Operat\u00f8rer b\u00f8r utf\u00f8re visuelle inspeksjoner for tegn p\u00e5 lekkasjer eller skader, og kontrollere at slanger og koblinger er intakte. Planlegging av rutinemessige vedlikeholds\u00f8kter kan bidra til \u00e5 fange opp problemer f\u00f8r de eskalerer til alvorlige problemer.<\/p>\n<h3>Riktig sm\u00f8ring<\/h3>\n<p>Proper lubrication is essential to maintain the boom cylinder&#8217;s functionality. Operators must ensure that the hydraulic oil level is adequate and that the oil is clean. Contaminated or insufficient oil can lead to increased friction and wear. Following the manufacturer&#8217;s lubrication schedule is crucial for optimal performance.<\/p>\n<h3>Utskifting av tetninger og kalibreringskontroller<\/h3>\n<p>Utskifting av tetninger er en n\u00f8dvendig oppgave, ettersom tetninger kan slites ut over tid. Sjekk tetningene regelmessig for tegn p\u00e5 slitasje, og skift dem ut etter behov. I tillegg b\u00f8r kalibreringskontroller utf\u00f8res for \u00e5 sikre at sylinderen fungerer innenfor de spesifiserte parameterne. Dette bidrar til \u00e5 opprettholde effektiviteten og forlenge levetiden til det hydrauliske systemet.<\/p>\n<p><img decoding=\"async\" src=\"https:\/\/www.hydraulic-cylinders.net\/wp-content\/uploads\/2025\/04\/songte-chushion-collar.webp\" alt=\"Putekrage\"><\/p>\n<h2>Sikkerhetshensyn og milj\u00f8faktorer<\/h2>\n<p>Sikkerhetstiltak er avgj\u00f8rende n\u00e5r man arbeider med hydrauliske systemer. Operat\u00f8rer b\u00f8r f\u00e5 oppl\u00e6ring i sikker bruk av hydraulisk utstyr, og forst\u00e5 de potensielle farene forbundet med h\u00f8ytrykkssystemer. Det er viktig \u00e5 bruke passende personlig verneutstyr (PPE) for \u00e5 forhindre skader under drift eller vedlikehold. I tillegg b\u00f8r det tas hensyn til milj\u00f8faktorer; det b\u00f8r v\u00e6re riktige inneslutningstiltak p\u00e5 plass for \u00e5 forhindre s\u00f8l av hydraulisk v\u00e6ske, som kan v\u00e6re skadelig for milj\u00f8et.<\/p>\n<h2>Feildiagnose og vanlige problemer<\/h2>\n<ul>\n<li><strong>Lekkasje:<\/strong> Lekkasjer av hydraulisk v\u00e6ske er et vanlig problem som kan indikere slitte tetninger eller skadede slanger. Operat\u00f8rer b\u00f8r regelmessig inspisere for lekkasjer og utbedre dem raskt for \u00e5 forhindre systemfeil.<\/li>\n<li><strong>Redusert ytelse:<\/strong> Hvis bomsylinderen ikke reagerer effektivt, kan det skyldes lave hydraulikkv\u00e6skeniv\u00e5er, forurenset olje eller innvendig slitasje. Regelmessige kontroller og rettidig vedlikehold kan bidra til \u00e5 redusere disse problemene.<\/li>\n<li><strong>Uvanlige lyder:<\/strong> Uvanlige lyder under drift, som gnissing eller susing, kan v\u00e6re tegn p\u00e5 mekaniske problemer. Operat\u00f8rer b\u00f8r unders\u00f8ke disse lydene umiddelbart, da de kan indikere alvorlige problemer som krever oppmerksomhet.<\/li>\n<\/ul>\n<h2>Feils\u00f8kingstips<\/h2>\n<p>For effektiv feildiagnose b\u00f8r operat\u00f8rer f\u00f8re en detaljert inspeksjonslogg for \u00e5 spore ytelsesproblemer og vedlikeholdshistorikk. Hvis det oppdages lekkasje, m\u00e5 du f\u00f8rst kontrollere tetninger og beslag, og bytte ut eventuelle slitte komponenter. Ved redusert ytelse m\u00e5 du s\u00f8rge for at hydraulikkv\u00e6sken er p\u00e5 anbefalt niv\u00e5 og ren. Hvis det oppst\u00e5r uvanlige lyder, m\u00e5 du stoppe driften umiddelbart for \u00e5 forhindre ytterligere skade og kontakte en tekniker for detaljert analyse.<\/p>\n<p>Forebygging er n\u00f8kkelen; regelmessig vedlikehold og oppl\u00e6ring kan redusere risikoen for potensielle problemer betydelig. Operat\u00f8rer b\u00f8r oppfordres til \u00e5 gj\u00f8re seg kjent med maskineriet og f\u00f8lge anbefalte vedlikeholdsplaner for \u00e5 sikre lang levetid og p\u00e5litelighet.<\/p>\n<p><img decoding=\"async\" src=\"https:\/\/www.hydraulic-cylinders.net\/wp-content\/uploads\/2025\/04\/songte-bushings-with-all-kinds-of-excavator-models.webp\" alt=\"Foringer for gravemaskinmodeller\"><\/p>\n<h2>Om selskapet v\u00e5rt<\/h2>\n<p>Vi er en ledende produsent av hydrauliske sylindere for utskifting, og tilbyr et omfattende utvalg av produkter som har etablert oss som en av de ledende produsentene og grossistdistribut\u00f8rene i b\u00e5de innenlandske og internasjonale markeder. Vi f\u00f8lger en forpliktelse til kvalitet, og stoler p\u00e5 raffinerte produksjonsstrategier og avanserte produksjonsstyringsteknikker.<\/p>\n<p>V\u00e5rt selskap forbedrer kontinuerlig produksjonsplattformen sin gjennom bruk av teknisk talent, avansert digitalt produksjonsutstyr og profesjonelle testsystemer. Dette sikrer at vi opprettholder produksjonsstandardene av h\u00f8yeste kvalitet. Vi har robuste kreative evner og f\u00f8lger prinsippene for h\u00f8y effektivitet, presisjon og kvalitet for \u00e5 m\u00f8te ulike kundebehov.<\/p>\n<p>V\u00e5r ekspertise strekker seg til ulike aspekter, inkludert spesialisering innen hydrauliske systemer, internasjonale sertifiseringer, tilpassede tjenester, avansert produksjonsutstyr og enest\u00e5ende ettersalgsst\u00f8tte.<\/p>\n<p><img decoding=\"async\" src=\"https:\/\/www.hydraulic-cylinders.net\/wp-content\/uploads\/2025\/04\/songte-company-4.webp\" alt=\"Firmabilde 1\"><br \/>\n<img decoding=\"async\" src=\"https:\/\/www.hydraulic-cylinders.net\/wp-content\/uploads\/2025\/04\/songte-company-3.webp\" alt=\"Firmabilde 2\"><\/p>\n<p>Forfatter: lyl<\/p>","protected":false},"excerpt":{"rendered":"<p>Boom Cylinder For KYM KY60F Product Overview The Boom Cylinder for KYM KY60F is an essential hydraulic component designed specifically for controlling the movement of the bucket on heavy machinery such as excavators, backhoe loaders, and front-end loaders. This hydraulic cylinder enables the bucket to lift, lower, and tilt, facilitating efficient material handling tasks in [&hellip;]<\/p>","protected":false},"featured_media":17879,"comment_status":"open","ping_status":"closed","template":"","meta":{"_et_pb_use_builder":"","_et_pb_old_content":"","_et_gb_content_width":""},"product_brand":[],"product_cat":[1546],"product_tag":[1547,1496],"class_list":{"0":"post-19526","1":"product","2":"type-product","3":"status-publish","4":"has-post-thumbnail","6":"product_cat-boom-cylinders","7":"product_tag-boom-cylinders","8":"product_tag-hydraulic-cylinders","10":"first","11":"instock","12":"shipping-taxable","13":"product-type-simple"},"amp_enabled":true,"_links":{"self":[{"href":"https:\/\/www.hydraulic-cylinders.net\/nb\/wp-json\/wp\/v2\/product\/19526","targetHints":{"allow":["GET"]}}],"collection":[{"href":"https:\/\/www.hydraulic-cylinders.net\/nb\/wp-json\/wp\/v2\/product"}],"about":[{"href":"https:\/\/www.hydraulic-cylinders.net\/nb\/wp-json\/wp\/v2\/types\/product"}],"replies":[{"embeddable":true,"href":"https:\/\/www.hydraulic-cylinders.net\/nb\/wp-json\/wp\/v2\/comments?post=19526"}],"wp:featuredmedia":[{"embeddable":true,"href":"https:\/\/www.hydraulic-cylinders.net\/nb\/wp-json\/wp\/v2\/media\/17879"}],"wp:attachment":[{"href":"https:\/\/www.hydraulic-cylinders.net\/nb\/wp-json\/wp\/v2\/media?parent=19526"}],"wp:term":[{"taxonomy":"product_brand","embeddable":true,"href":"https:\/\/www.hydraulic-cylinders.net\/nb\/wp-json\/wp\/v2\/product_brand?post=19526"},{"taxonomy":"product_cat","embeddable":true,"href":"https:\/\/www.hydraulic-cylinders.net\/nb\/wp-json\/wp\/v2\/product_cat?post=19526"},{"taxonomy":"product_tag","embeddable":true,"href":"https:\/\/www.hydraulic-cylinders.net\/nb\/wp-json\/wp\/v2\/product_tag?post=19526"}],"curies":[{"name":"wp","href":"https:\/\/api.w.org\/{rel}","templated":true}]}}