{"id":19527,"date":"2025-04-07T06:52:52","date_gmt":"2025-04-07T06:52:52","guid":{"rendered":"https:\/\/www.hydraulic-cylinders.net\/product\/boom-cylinder-for-kym-ky85\/"},"modified":"2025-04-07T06:52:55","modified_gmt":"2025-04-07T06:52:55","slug":"boom-cylinder-for-kym-ky85","status":"publish","type":"product","link":"https:\/\/www.hydraulic-cylinders.net\/nb\/produkt\/boom-cylinder-for-kym-ky85\/","title":{"rendered":"Bom-sylinder for KYM KY85"},"content":{"rendered":"<h1>Bom-sylinder for KYM KY85<\/h1>\n<h2>Introduksjon til bomsylinder<\/h2>\n<p>Bom-sylinderen er en viktig komponent i hydrauliske systemer, spesielt i tunge maskiner som gravemaskiner, traktorgravere og frontlastere. Denne hydrauliske sylinderen er spesielt utviklet for \u00e5 kontrollere bevegelsen til skuffen, og muliggj\u00f8r l\u00f8fte-, senke- og vippebevegelser som er essensielle for effektive materialh\u00e5ndteringsoppgaver. Skuffesylinderen spiller en sentral rolle i ytelsen og effektiviteten til utstyret den brukes i.<\/p>\n<p><img decoding=\"async\" src=\"https:\/\/www.hydraulic-cylinders.net\/wp-content\/uploads\/2025\/04\/songte-company-1.webp\" alt=\"Bom-sylinder\"><\/p>\n<h3>Definisjon og oversikt<\/h3>\n<p>En bomsylinder er en type hydraulisk sylinder som bruker hydraulisk v\u00e6ske til \u00e5 produsere mekanisk kraft. Den brukes prim\u00e6rt til \u00e5 man\u00f8vrere skuffen til tunge maskiner, slik at f\u00f8reren kan utf\u00f8re oppgaver som graving, l\u00f8fting og transport av materialer. Utformingen av bomsylinderen sikrer ikke bare jevn drift, men maksimerer ogs\u00e5 effektiviteten i ulike bruksomr\u00e5der, noe som gj\u00f8r den til et uunnv\u00e6rlig element i moderne bygg- og landbruksutstyr.<\/p>\n<h2>Funksjoner p\u00e5 bomsylinderen<\/h2>\n<ul>\n<li><strong>H\u00f8y styrke og holdbarhet:<\/strong> Bom-sylinderen er produsert av h\u00f8yfast st\u00e5l eller aluminium, og er bygget for \u00e5 t\u00e5le h\u00f8yt trykk og tunge belastninger, egnet for t\u00f8ffe arbeidsmilj\u00f8er, og designet for slitestyrke og korrosjonsbeskyttelse, noe som forlenger levetiden.<\/li>\n<li><strong>Effektiv hydraulisk drift:<\/strong> Sylinderen bruker hydraulisk oljetrykk for jevn forlengelse og tilbaketrekking, noe som gir rask respons p\u00e5 kontrollkommandoer og leverer kraftige skyve- og trekkkrefter, ideell for h\u00e5ndtering av tunge materialer og komplekse oppgaver.<\/li>\n<li><strong>Ulike typer:<\/strong> Tilgjengelig som enkeltvirkende (opererer i \u00e9n retning) og dobbeltvirkende (opererer i begge retninger) sylindere, og tilbyr alternativer for \u00e5 m\u00f8te ulike driftsbehov. Enkelte modeller er designet for \u00e5 v\u00e6re teleskopiske for st\u00f8rre forlengelse uten \u00e5 \u00f8ke de ytre m\u00e5lene, perfekt for applikasjoner med begrenset plass.<\/li>\n<\/ul>\n<p>V\u00e5rt firma spesialiserer seg p\u00e5 produksjon av disse produktene, og tilbyr perfekte erstatninger for ulike hydrauliske sylindere.<\/p>\n<p><img decoding=\"async\" src=\"https:\/\/www.hydraulic-cylinders.net\/wp-content\/uploads\/2025\/04\/songte-cylinder-head-with-all-kinds-excavator-models.webp\" alt=\"Gravemaskinmodeller\"><\/p>\n<h2>Bruksomr\u00e5der for bomsylinderen<\/h2>\n<ul>\n<li><strong>Anleggsutstyr:<\/strong> I gravemaskiner er bomsylindre viktige for graving, lasting og flytting av jord eller rusk. De forenkler grave- og l\u00f8fteoperasjoner, og sikrer at maskinen kan utf\u00f8re oppgaver effektivt og produktivt.<\/li>\n<li><strong>Landbruksmaskiner:<\/strong> Bom-sylinderen, som brukes i frontlastere, hjelper til med \u00e5 utarbeide, l\u00f8fte og transportere jord, h\u00f8y og andre materialer, noe som viser seg \u00e5 v\u00e6re viktig for ulike landbruksoppgaver.<\/li>\n<li><strong>Gravemaskiner:<\/strong> Bom-sylinderen gj\u00f8r at skuffen kan trenge ned i jorden for effektive graveaksjoner, noe som forbedrer maskineriets totale produktivitet.<\/li>\n<li><strong>Lastere:<\/strong> I frontlastere hjelper bomsylindere med \u00e5 l\u00f8fte og dumpe last effektivt, noe som gir rask materialh\u00e5ndtering og \u00f8kt arbeidseffektivitet.<\/li>\n<\/ul>\n<h2>Designhensyn og utvalgskriterier<\/h2>\n<ul>\n<li><strong>Lastekapasitet:<\/strong> Bom-sylinderen m\u00e5 t\u00e5le lastene den vil m\u00f8te under drift. En grundig vurdering av maksimallastkravet sikrer sikkerhet og p\u00e5litelighet under bruk.<\/li>\n<li><strong>Tetting:<\/strong> Riktig tetting er avgj\u00f8rende for \u00e5 forhindre v\u00e6skelekkasje, noe som kan f\u00f8re til redusert effektivitet og potensiell skade. H\u00f8ykvalitetstetninger laget av slitesterke materialer er avgj\u00f8rende for \u00e5 opprettholde hydraulisk trykk.<\/li>\n<li><strong>Varighet:<\/strong> Designet b\u00f8r fokusere p\u00e5 materialer og konstruksjonsmetoder som forbedrer levetiden og slitasjemotstanden, og sikrer at sylinderen t\u00e5ler t\u00f8ffe driftsforhold.<\/li>\n<li><strong>Sikkerhet:<\/strong> Sikkerhetsfunksjoner b\u00f8r integreres i designet for \u00e5 beskytte operat\u00f8rer og utstyr. Dette inkluderer bruk av trykkavlastningsventiler og overbelastningsbeskyttelsesmekanismer.<\/li>\n<li><strong>Vedlikeholdstilgjengelighet:<\/strong> Utformingen b\u00f8r tillate enkelt vedlikehold og inspeksjon. Komponentene b\u00f8r plasseres slik at de gir rask tilgang for rutinemessige kontroller og reparasjoner.<\/li>\n<\/ul>\n<p><img decoding=\"async\" src=\"https:\/\/www.hydraulic-cylinders.net\/wp-content\/uploads\/2025\/04\/songte-oil-pipes-and-spare-parts.webp\" alt=\"Oljer\u00f8r og reservedeler\"><\/p>\n<h2>Tetting og sm\u00f8ring<\/h2>\n<p>Effektiv tetting og sm\u00f8ring er avgj\u00f8rende for optimal ytelse av bomsylinderen. Ulike tetningselementer som stempeltetninger og stangtetninger brukes, ofte laget av slitesterke materialer som polyuretan og nitrilgummi, noe som forbedrer holdbarheten. Sylinderhuset og gjengede endeflater gjennomg\u00e5r presis bearbeiding for \u00e5 forbedre slitestyrken. Regelmessig sm\u00f8ring med tilstrekkelig hydraulikkolje er n\u00f8dvendig for \u00e5 minimere friksjon og forlenge sylinderens levetid. Unnlatelse av \u00e5 opprettholde riktig sm\u00f8ring kan f\u00f8re til \u00f8kt slitasje og potensiell svikt i det hydrauliske systemet.<\/p>\n<h2>Forebyggende vedlikeholdstiltak<\/h2>\n<ul>\n<li><strong>Regelmessige inspeksjoner:<\/strong> Utf\u00f8r rutinemessige kontroller av bomsylinderen for tegn p\u00e5 slitasje, lekkasjer eller skade. Tidlig oppdagelse kan forhindre mer alvorlige problemer og kostbare reparasjoner senere.<\/li>\n<li><strong>Riktig sm\u00f8ring:<\/strong> S\u00f8rg for at hydraulikkoljeniv\u00e5ene opprettholdes og at sm\u00f8remidler p\u00e5f\u00f8res med jevne mellomrom for \u00e5 sikre at alle bevegelige deler fungerer problemfritt.<\/li>\n<li><strong>Utskifting av tetning:<\/strong> Overv\u00e5k pakningene for slitasje og skift dem ut etter behov for \u00e5 forhindre v\u00e6skelekkasjer og opprettholde sylinderens ytelse.<\/li>\n<\/ul>\n<h2>Installasjonsretningslinjer<\/h2>\n<p>Riktig montering av bomsylinderen er avgj\u00f8rende for dens ytelse og levetid. Her er viktige trinn \u00e5 f\u00f8lge:<\/p>\n<ul>\n<li>S\u00f8rg for at alle komponenter er rene og fri for rusk f\u00f8r installasjon.<\/li>\n<li>Juster sylinderen n\u00f8yaktig med festepunktene for \u00e5 unng\u00e5 un\u00f8dig belastning under drift. Feiljustering kan f\u00f8re til for tidlig slitasje eller svikt.<\/li>\n<li>Bruk passende monteringsbraketter som er designet for den spesifikke modellen for \u00e5 feste sylinderen godt p\u00e5 plass.<\/li>\n<li>Follow the manufacturer&#8217;s specifications for torque settings to ensure connections are secure without causing damage.<\/li>\n<li>Etter installasjon, test sylinderens drift ved lavt trykk for \u00e5 bekrefte at den fungerer som den skal f\u00f8r full drift.<\/li>\n<\/ul>\n<h2>Vedlikeholdsoppgaver<\/h2>\n<ul>\n<li><strong>Regelmessige inspeksjoner:<\/strong> Hyppige visuelle og driftsmessige kontroller er n\u00f8dvendige for \u00e5 identifisere eventuelle uregelmessigheter tidlig. Denne oppgaven b\u00f8r omfatte unders\u00f8kelse av lekkasjer, uvanlige lyder og ytelsesproblemer.<\/li>\n<li><strong>Riktig sm\u00f8ring:<\/strong> Det er viktig for problemfri drift \u00e5 holde hydraulikkoljen p\u00e5 riktig niv\u00e5 og s\u00f8rge for rettidig sm\u00f8ring av alle bevegelige komponenter.<\/li>\n<li><strong>Utskifting av tetning:<\/strong> Over time, seals can wear out and compromise the cylinder&#8217;s efficiency. Regularly check for signs of wear and replace seals as necessary to maintain performance.<\/li>\n<\/ul>\n<p>Each maintenance task is essential for ensuring the boom cylinder&#8217;s optimal performance. Proper alignment during installation is critical, as is the use of suitable mounting hardware for support. Regular checks and timely repairs will enhance the longevity of the cylinder, minimizing downtime and maintenance costs.<\/p>\n<p><img decoding=\"async\" src=\"https:\/\/www.hydraulic-cylinders.net\/wp-content\/uploads\/2025\/04\/songte-chushion-collar.webp\" alt=\"Putekrage\"><\/p>\n<h2>Sikkerhetshensyn og milj\u00f8faktorer<\/h2>\n<p>N\u00e5r man arbeider med hydrauliske systemer som bomsylinderen, er sikkerhetstiltak avgj\u00f8rende. Operat\u00f8rer b\u00f8r v\u00e6re tilstrekkelig oppl\u00e6rt til \u00e5 h\u00e5ndtere utstyr p\u00e5 en sikker m\u00e5te og forst\u00e5 risikoene forbundet med hydrauliske v\u00e6sker under trykk. Milj\u00f8hensyn b\u00f8r ogs\u00e5 tas i betraktning, for eksempel \u00e5 s\u00f8rge for at eventuelle hydrauliske lekkasjer begrenses og h\u00e5ndteres for \u00e5 forhindre forurensning. Riktig avhending av hydrauliske v\u00e6sker og vedlikehold av utstyr vil bidra til et tryggere og mer b\u00e6rekraftig arbeidsmilj\u00f8.<\/p>\n<h2>Feils\u00f8king og vanlige problemer<\/h2>\n<ul>\n<li><strong>V\u00e6skelekkasjer:<\/strong> Et av de vanligste problemene er lekkasje av hydraulisk v\u00e6ske, noe som kan indikere slitte pakninger eller skade p\u00e5 sylinderen. \u00c5 rette opp lekkasjer raskt er avgj\u00f8rende for \u00e5 opprettholde effektiviteten.<\/li>\n<li><strong>Trykktap:<\/strong> En merkbar reduksjon i driftseffekt kan tyde p\u00e5 problemer i det hydrauliske systemet, som blokkeringer eller skadede komponenter. Det er viktig \u00e5 unders\u00f8ke og l\u00f8se disse problemene for \u00e5 gjenopprette funksjonaliteten.<\/li>\n<li><strong>Uvanlige lyder:<\/strong> Eventuelle merkelige lyder under drift kan v\u00e6re tegn p\u00e5 mekanisk svikt eller utilstrekkelig sm\u00f8ring. \u00c5 identifisere og utbedre kilden til st\u00f8yen kan forhindre ytterligere skade.<\/li>\n<\/ul>\n<p>Rettidig feils\u00f8king kan forhindre at mindre problemer eskalerer til st\u00f8rre problemer, og sikre at bomsylinderen fungerer problemfritt og effektivt. Regelmessige vedlikeholdskontroller kan minimere sjansene for at disse problemene oppst\u00e5r.<\/p>\n<p><img decoding=\"async\" src=\"https:\/\/www.hydraulic-cylinders.net\/wp-content\/uploads\/2025\/04\/songte-bushings-with-all-kinds-of-excavator-models.webp\" alt=\"Foringer med gravemaskinmodeller\"><\/p>\n<h2>Selskapsoversikt<\/h2>\n<p>Vi er en ledende produsent av hydrauliske sylindere for utskifting, og er forpliktet til \u00e5 levere et omfattende utvalg av produkter som m\u00f8ter behovene til b\u00e5de innenlandske og internasjonale markeder. V\u00e5r dedikasjon til kvalitet er urokkelig, ettersom vi implementerer raffinerte produksjonsstyringsstrategier i v\u00e5re produksjonsprosesser. Ved \u00e5 utnytte dyktig teknisk personell, avansert digitalt produksjonsutstyr og spesialiserte testsystemer, forbedrer vi kontinuerlig v\u00e5r produksjonskapasitet.<\/p>\n<p>V\u00e5rt fokus p\u00e5 h\u00f8y effektivitet, presisjon og kvalitet gj\u00f8r at vi kan tilfredsstille et bredt spekter av kundekrav. Vi tilbyr skreddersydde l\u00f8sninger tilpasset spesifikke behov og sikrer internasjonal sertifisering for produktene v\u00e5re, noe som gir kundene v\u00e5re trygghet.<\/p>\n<p><img decoding=\"async\" src=\"https:\/\/www.hydraulic-cylinders.net\/wp-content\/uploads\/2025\/04\/songte-company-4.webp\" alt=\"Selskapsoversikt 1\"><br \/>\n<img decoding=\"async\" src=\"https:\/\/www.hydraulic-cylinders.net\/wp-content\/uploads\/2025\/04\/songte-company-3.webp\" alt=\"Selskapsoversikt 2\"><\/p>\n<p>Forfatter: lyl<\/p>","protected":false},"excerpt":{"rendered":"<p>Boom Cylinder For KYM KY85 Introduction to Boom Cylinder The Boom Cylinder is a crucial component in hydraulic systems, particularly in heavy machinery like excavators, backhoes, and front loaders. Designed specifically for controlling the movement of the bucket, this hydraulic cylinder enables lifting, lowering, and tilting actions that are essential for effective material handling tasks. [&hellip;]<\/p>","protected":false},"featured_media":17880,"comment_status":"open","ping_status":"closed","template":"","meta":{"_et_pb_use_builder":"","_et_pb_old_content":"","_et_gb_content_width":""},"product_brand":[],"product_cat":[1546],"product_tag":[1547,1496],"class_list":{"0":"post-19527","1":"product","2":"type-product","3":"status-publish","4":"has-post-thumbnail","6":"product_cat-boom-cylinders","7":"product_tag-boom-cylinders","8":"product_tag-hydraulic-cylinders","10":"first","11":"instock","12":"shipping-taxable","13":"product-type-simple"},"amp_enabled":true,"_links":{"self":[{"href":"https:\/\/www.hydraulic-cylinders.net\/nb\/wp-json\/wp\/v2\/product\/19527","targetHints":{"allow":["GET"]}}],"collection":[{"href":"https:\/\/www.hydraulic-cylinders.net\/nb\/wp-json\/wp\/v2\/product"}],"about":[{"href":"https:\/\/www.hydraulic-cylinders.net\/nb\/wp-json\/wp\/v2\/types\/product"}],"replies":[{"embeddable":true,"href":"https:\/\/www.hydraulic-cylinders.net\/nb\/wp-json\/wp\/v2\/comments?post=19527"}],"wp:featuredmedia":[{"embeddable":true,"href":"https:\/\/www.hydraulic-cylinders.net\/nb\/wp-json\/wp\/v2\/media\/17880"}],"wp:attachment":[{"href":"https:\/\/www.hydraulic-cylinders.net\/nb\/wp-json\/wp\/v2\/media?parent=19527"}],"wp:term":[{"taxonomy":"product_brand","embeddable":true,"href":"https:\/\/www.hydraulic-cylinders.net\/nb\/wp-json\/wp\/v2\/product_brand?post=19527"},{"taxonomy":"product_cat","embeddable":true,"href":"https:\/\/www.hydraulic-cylinders.net\/nb\/wp-json\/wp\/v2\/product_cat?post=19527"},{"taxonomy":"product_tag","embeddable":true,"href":"https:\/\/www.hydraulic-cylinders.net\/nb\/wp-json\/wp\/v2\/product_tag?post=19527"}],"curies":[{"name":"wp","href":"https:\/\/api.w.org\/{rel}","templated":true}]}}