{"id":19536,"date":"2025-04-07T06:53:16","date_gmt":"2025-04-07T06:53:16","guid":{"rendered":"https:\/\/www.hydraulic-cylinders.net\/product\/boom-cylinder-for-pengpu-sw240e\/"},"modified":"2025-04-07T06:53:18","modified_gmt":"2025-04-07T06:53:18","slug":"boom-cylinder-for-pengpu-sw240e","status":"publish","type":"product","link":"https:\/\/www.hydraulic-cylinders.net\/nb\/produkt\/boom-cylinder-for-pengpu-sw240e\/","title":{"rendered":"Bom-sylinder for Pengpu SW240E"},"content":{"rendered":"<h1>Bom-sylinder for Pengpu SW240E<\/h1>\n<h2>Produktoversikt<\/h2>\n<p>De <strong>Bom-sylinder for Pengpu SW240E<\/strong> er en viktig hydraulisk komponent som er utviklet for \u00e5 kontrollere bevegelsen til skuffer i tunge maskiner som gravemaskiner, traktorgravere og frontlastere. Denne hydrauliske sylinderen gj\u00f8r det mulig \u00e5 l\u00f8fte, senke og tilte skuffen, noe som muliggj\u00f8r effektive materialh\u00e5ndteringsoppgaver. Den fungerer som en kritisk del av hydrauliske systemer og konverterer hydraulisk energi til mekanisk bevegelse, noe som sikrer presis og kraftig drift.<\/p>\n<p><img decoding=\"async\" src=\"https:\/\/www.hydraulic-cylinders.net\/wp-content\/uploads\/2025\/04\/songte-company-1.webp\" alt=\"Bom-sylinder\" \/><\/p>\n<h3>Forst\u00e5else av b\u00f8ttesylindere<\/h3>\n<p>Skuffesylindere er hydrauliske sylindere spesielt utviklet for tunge maskiner. De gir den n\u00f8dvendige kraften for \u00e5 betjene skuffens bevegelser effektivt. Ved \u00e5 bruke hydraulikkolje under trykk oppn\u00e5r disse sylindrene jevne og kontrollerte bevegelser, noe som gj\u00f8r dem viktige for anleggs- og landbruksmaskiner.<\/p>\n<h2>Viktige funksjoner<\/h2>\n<ul>\n<li><strong>H\u00f8y styrke og holdbarhet:<\/strong> Bom-sylinderen er konstruert av h\u00f8yfast st\u00e5l eller aluminium, og er konstruert for \u00e5 t\u00e5le h\u00f8yt trykk og tunge belastninger, noe som gj\u00f8r den egnet for t\u00f8ffe arbeidsmilj\u00f8er.<\/li>\n<li><strong>Effektiv hydraulisk drift:<\/strong> Sylinderen bruker hydraulisk trykk for jevn forlengelse og tilbaketrekking, noe som gir rask respons p\u00e5 f\u00f8rerkommandoer og betydelige skyve- og trekkekrefter.<\/li>\n<li><strong>Ulike typer:<\/strong> Disse sylindrene er tilgjengelige i enkeltvirkende og dobbeltvirkende konfigurasjoner, og dekker ulike driftskrav. Noen modeller er teleskopiske, noe som gir utvidet rekkevidde uten \u00e5 \u00f8ke den totale st\u00f8rrelsen.<\/li>\n<li><strong>Presisjonsteknikk:<\/strong> Hver bomsylinder er konstruert for sm\u00e5 toleranser som sikrer optimal funksjon og levetid i krevende oppgaver.<\/li>\n<li><strong>Tilpassbare alternativer:<\/strong> Vi kan produsere dette produktet skreddersydd til spesifikke bruksomr\u00e5der eller krav, og sikre perfekt passform for dine hydrauliske systemer.<\/li>\n<\/ul>\n<p><img decoding=\"async\" src=\"https:\/\/www.hydraulic-cylinders.net\/wp-content\/uploads\/2025\/04\/songte-cylinder-head-with-all-kinds-excavator-models.webp\" alt=\"Bom sylinderhode\" \/><\/p>\n<h2>Bruksomr\u00e5der<\/h2>\n<h3>Anleggsutstyr<\/h3>\n<p>I gravemaskiner er bomsylindre avgj\u00f8rende for graving, lasting og transport av jord eller avfall. Deres p\u00e5litelige drift gir effektiv ytelse ved h\u00e5ndtering av tunge materialer. For gravemaskiner hjelper disse sylindrene ikke bare med graveoppgaver, men ogs\u00e5 med l\u00f8fteoperasjoner, noe som sikrer allsidighet og produktivitet p\u00e5 arbeidsplasser.<\/p>\n<h3>Landbruksmaskiner<\/h3>\n<p>Frontlastere bruker bomsylindre til \u00e5 \u00f8se, l\u00f8fte og transportere jord, h\u00f8y og andre materialer. Disse hydrauliske sylindrene forbedrer ytelsen til landbruksutstyr, og gj\u00f8r oppgaver som lasting og lossing av avlinger mer effektive.<\/p>\n<h3>Gravemaskiner<\/h3>\n<p>Bom-sylinderen gj\u00f8r at skuffen kan trenge ned i jorden, noe som forenkler graveprosesser. Styrken og p\u00e5liteligheten er avgj\u00f8rende for \u00e5 flytte store mengder jord raskt og effektivt.<\/p>\n<h3>Lastere<\/h3>\n<p>I frontlastere spiller bomsylindre en viktig rolle i \u00e5 heve og dumpe last effektivt. Designet deres sikrer at materialer kan h\u00e5ndteres enkelt, noe som \u00f8ker den totale produktiviteten.<\/p>\n<h2>Designhensyn og utvalgskriterier<\/h2>\n<h3>Lastekapasitet<\/h3>\n<p>N\u00e5r du velger en bomsylinder, er det avgj\u00f8rende \u00e5 vurdere lastekapasiteten. S\u00f8rg for at sylinderen t\u00e5ler den maksimale vekten av materialene den skal jobbe med. Overbelastning kan f\u00f8re til for tidlig svikt og sikkerhetsfarer.<\/p>\n<h3>Tettingsintegritet<\/h3>\n<p>En kritisk designfunksjon er tetningssystemet. Riktige tetninger forhindrer lekkasjer av hydraulisk v\u00e6ske, noe som sikrer effektiv drift og beskytter milj\u00f8et mot forurensning. Vurder sylindere med h\u00f8ykvalitetstetninger laget av slitesterke materialer.<\/p>\n<h3>Varighet<\/h3>\n<p>Holdbarhet er avgj\u00f8rende for bomsylindere ettersom de t\u00e5ler t\u00f8ffe arbeidsforhold. \u00c5 velge sylindere laget av materialer som motst\u00e5r slitasje, korrosjon og utmatting kan forlenge levetiden betydelig.<\/p>\n<h3>Sikkerhetsfunksjoner<\/h3>\n<p>Sikkerhetsmekanismer, som trykkavlastningsventiler og sikkerhetsmekanismer, er viktige i hydrauliske sylindere. De forhindrer ulykker og utstyrsskader ved \u00e5 sikre at sylinderen fungerer innenfor trygge grenser.<\/p>\n<h3>Vedlikeholdstilgjengelighet<\/h3>\n<p>Det er viktig \u00e5 designe for enkelt vedlikehold. Velg sylindere som gir enkel tilgang til komponenter for inspeksjon, rengj\u00f8ring og reparasjoner. Denne vurderingen kan bidra til \u00e5 minimere nedetid og vedlikeholdskostnader.<\/p>\n<p><img decoding=\"async\" src=\"https:\/\/www.hydraulic-cylinders.net\/wp-content\/uploads\/2025\/04\/songte-oil-pipes-and-spare-parts.webp\" alt=\"Hydrauliske deler\" \/><\/p>\n<h2>Tetting og sm\u00f8ring<\/h2>\n<p>Tetningssystemene i bomsylindere bruker forskjellige tetninger, inkludert stempeltetninger og stangtetninger, laget av slitesterke materialer som polyuretan og nitrilgummi. Disse tetningene forhindrer lekkasjer av hydraulisk v\u00e6ske og opprettholder systemtrykket. I tillegg gjennomg\u00e5r sylinderhuset og gjengede ender finmaskinering for \u00e5 forbedre slitestyrken. Regelmessig tilsetning av passende hydraulisk olje for sm\u00f8ring er viktig for \u00e5 sikre sylinderens levetid og effektivitet.<\/p>\n<h2>Forebyggende vedlikeholdstiltak<\/h2>\n<ul>\n<li><strong>Regelmessig inspeksjon:<\/strong> Utf\u00f8r rutinemessige kontroller for lekkasjer og slitasje, og s\u00f8rg for at alle komponenter fungerer som de skal.<\/li>\n<li><strong>Riktig sm\u00f8ring:<\/strong> Oppretthold hydraulikkv\u00e6skeniv\u00e5ene og s\u00f8rg for rettidig sm\u00f8ring av tetninger og bevegelige deler for \u00e5 forhindre friksjon og slitasje.<\/li>\n<li><strong>Utskifting av tetning:<\/strong> Inspiser pakningene for slitasje og skift dem ut etter behov for \u00e5 opprettholde sylinderens integritet og ytelse.<\/li>\n<\/ul>\n<h2>Retningslinjer for produktinstallasjon<\/h2>\n<p>For riktig montering av bomsylinderen, f\u00f8lg disse trinnene:<\/p>\n<ol>\n<li>S\u00f8rg for at arbeidsplassen er ryddig og trygg for installasjon.<\/li>\n<li>Bruk passende monteringsbraketter for \u00e5 feste sylinderen p\u00e5 plass, og s\u00f8rg for riktig justering med andre hydrauliske komponenter.<\/li>\n<li>Koble til hydrauliske slanger i henhold til produsentens spesifikasjoner, og s\u00f8rg for at det ikke er noen lekkasjer i koblingene.<\/li>\n<li>Dobbeltsjekk alle tilkoblinger og justeringer f\u00f8r du aktiverer det hydrauliske systemet.<\/li>\n<li>Utf\u00f8r en testkj\u00f8ring for \u00e5 bekrefte at den fungerer som den skal, og l\u00f8s eventuelle problemer umiddelbart.<\/li>\n<\/ol>\n<h2>Vanlige vedlikeholdsoppgaver<\/h2>\n<ul>\n<li><strong>Regelmessige inspeksjoner:<\/strong> Hyppige kontroller for lekkasjer og slitasje kan bidra til \u00e5 oppdage problemer f\u00f8r de eskalerer.<\/li>\n<li><strong>Passende sm\u00f8ring:<\/strong> Det er avgj\u00f8rende \u00e5 holde pakningene smurt for \u00e5 forhindre slitasje og forlenge sylinderens levetid.<\/li>\n<li><strong>Utskifting og kalibrering av tetning:<\/strong> Regelmessig utskifting av pakninger og kalibrering av sylinderen sikrer optimal ytelse og sikkerhet.<\/li>\n<\/ul>\n<h2>Sikkerhetshensyn og milj\u00f8faktorer<\/h2>\n<p>Ved bruk av hydrauliske systemer er sikkerhetstiltak av st\u00f8rste betydning. S\u00f8rg for riktig oppl\u00e6ring av operat\u00f8rer, og f\u00f8lg sikkerhetsretningslinjene for \u00e5 forhindre ulykker. Vurder i tillegg milj\u00f8p\u00e5virkningen av hydrauliske v\u00e6sker og streb etter \u00e5 minimere lekkasjer og s\u00f8l, i henhold til forskrifter og beste praksis.<\/p>\n<h2>Feils\u00f8king og vanlige problemer<\/h2>\n<ul>\n<li><strong>Lekkasje:<\/strong> Identifiser kilden til lekkasjene, som kan skyldes slitte pakninger eller skadede slanger. Skift pakninger og kontroller slangene for \u00e5 sikre at de er intakte.<\/li>\n<li><strong>Treg drift:<\/strong> Dette kan tyde p\u00e5 lavt niv\u00e5 av hydraulisk v\u00e6ske eller blokkering i hydrauliske ledninger. Sjekk v\u00e6skeniv\u00e5ene og s\u00f8rg for at ledningene er frie.<\/li>\n<li><strong>Uvanlige lyder:<\/strong> St\u00f8y kan v\u00e6re tegn p\u00e5 intern skade eller lav v\u00e6skestand. Unders\u00f8k og h\u00e5ndter eventuelle problemer umiddelbart.<\/li>\n<\/ul>\n<h2>Tips for feilh\u00e5ndtering<\/h2>\n<p>For \u00e5 effektivt diagnostisere og l\u00f8se problemer, m\u00e5 du f\u00f8rst utf\u00f8re grundige inspeksjoner for \u00e5 identifisere problemene. Bruk forebyggende tiltak, som \u00e5 opprettholde riktig v\u00e6skeniv\u00e5 og regelmessig vedlikehold, for \u00e5 redusere risikoen for fremtidige problemer.<\/p>\n<p><img decoding=\"async\" src=\"https:\/\/www.hydraulic-cylinders.net\/wp-content\/uploads\/2025\/04\/songte-bushings-with-all-kinds-of-excavator-models.webp\" alt=\"Foringer\" \/><\/p>\n<h2>Selskapsoversikt<\/h2>\n<p>Vi er en ledende produsent og grossist av hydrauliske sylindere for utskifting, med et bredt produktsortiment som har posisjonert oss som en n\u00f8kkelakt\u00f8r i b\u00e5de innenlandske og internasjonale markeder. V\u00e5r forpliktelse til kvalitet st\u00f8ttes av grundige produksjonsstrategier, bruk av avansert teknologi, dyktig personell og strenge testsystemer. Vi prioriterer h\u00f8y effektivitet, n\u00f8yaktighet og kvalitet for \u00e5 m\u00f8te ulike kundebehov.<\/p>\n<p><img decoding=\"async\" src=\"https:\/\/www.hydraulic-cylinders.net\/wp-content\/uploads\/2025\/04\/songte-company-4.webp\" alt=\"Selskapsoversikt 1\" \/><br \/>\n<img decoding=\"async\" src=\"https:\/\/www.hydraulic-cylinders.net\/wp-content\/uploads\/2025\/04\/songte-company-3.webp\" alt=\"Selskapsoversikt 2\" \/><\/p>\n<p>V\u00e5r profesjonalitet, internasjonale sertifiseringer, tilpassede tjenester og eksepsjonelle ettersalgsst\u00f8tte understreker ytterligere v\u00e5r forpliktelse til fortreffelighet innen produksjon av hydrauliske sylindere.<\/p>\n<p>Forfatter: lyl<\/p>","protected":false},"excerpt":{"rendered":"<p>Boom Cylinder For Pengpu SW240E Product Overview The Boom Cylinder For Pengpu SW240E is an essential hydraulic component designed to control the movement of buckets in heavy machinery such as excavators, backhoes, and front loaders. This hydraulic cylinder enables the bucket to lift, lower, and tilt, facilitating efficient material handling tasks. Acting as a critical [&hellip;]<\/p>","protected":false},"featured_media":17874,"comment_status":"open","ping_status":"closed","template":"","meta":{"_et_pb_use_builder":"","_et_pb_old_content":"","_et_gb_content_width":""},"product_brand":[],"product_cat":[1546],"product_tag":[1547,1496],"class_list":{"0":"post-19536","1":"product","2":"type-product","3":"status-publish","4":"has-post-thumbnail","6":"product_cat-boom-cylinders","7":"product_tag-boom-cylinders","8":"product_tag-hydraulic-cylinders","10":"first","11":"instock","12":"shipping-taxable","13":"product-type-simple"},"amp_enabled":true,"_links":{"self":[{"href":"https:\/\/www.hydraulic-cylinders.net\/nb\/wp-json\/wp\/v2\/product\/19536","targetHints":{"allow":["GET"]}}],"collection":[{"href":"https:\/\/www.hydraulic-cylinders.net\/nb\/wp-json\/wp\/v2\/product"}],"about":[{"href":"https:\/\/www.hydraulic-cylinders.net\/nb\/wp-json\/wp\/v2\/types\/product"}],"replies":[{"embeddable":true,"href":"https:\/\/www.hydraulic-cylinders.net\/nb\/wp-json\/wp\/v2\/comments?post=19536"}],"wp:featuredmedia":[{"embeddable":true,"href":"https:\/\/www.hydraulic-cylinders.net\/nb\/wp-json\/wp\/v2\/media\/17874"}],"wp:attachment":[{"href":"https:\/\/www.hydraulic-cylinders.net\/nb\/wp-json\/wp\/v2\/media?parent=19536"}],"wp:term":[{"taxonomy":"product_brand","embeddable":true,"href":"https:\/\/www.hydraulic-cylinders.net\/nb\/wp-json\/wp\/v2\/product_brand?post=19536"},{"taxonomy":"product_cat","embeddable":true,"href":"https:\/\/www.hydraulic-cylinders.net\/nb\/wp-json\/wp\/v2\/product_cat?post=19536"},{"taxonomy":"product_tag","embeddable":true,"href":"https:\/\/www.hydraulic-cylinders.net\/nb\/wp-json\/wp\/v2\/product_tag?post=19536"}],"curies":[{"name":"wp","href":"https:\/\/api.w.org\/{rel}","templated":true}]}}