{"id":19540,"date":"2025-04-07T06:53:26","date_gmt":"2025-04-07T06:53:26","guid":{"rendered":"https:\/\/www.hydraulic-cylinders.net\/product\/boom-cylinder-for-pushhm-pz60-7b\/"},"modified":"2025-04-07T06:53:28","modified_gmt":"2025-04-07T06:53:28","slug":"boom-cylinder-for-pushhm-pz60-7b","status":"publish","type":"product","link":"https:\/\/www.hydraulic-cylinders.net\/nb\/produkt\/boom-cylinder-for-pushhm-pz60-7b\/","title":{"rendered":"Bom-sylinder for Pushhm PZ60-7B"},"content":{"rendered":"<h1>Bom-sylinder for Pushhm PZ60-7B<\/h1>\n<h2>Produktoversikt<\/h2>\n<p>De <strong>Bom-sylinder for Pushhm PZ60-7B<\/strong> er en viktig komponent i hydrauliske systemer, spesielt utviklet for \u00e5 kontrollere bevegelsen til skuffer til tunge maskiner. Disse sylindrene muliggj\u00f8r l\u00f8fting, senking og tilting av skuffer i utstyr som gravemaskiner, traktorgravere og frontlastere, noe som forenkler ulike materialh\u00e5ndteringsoppgaver.<\/p>\n<p><img decoding=\"async\" src=\"https:\/\/www.hydraulic-cylinders.net\/wp-content\/uploads\/2025\/04\/songte-company-1.webp\" alt=\"Bomcylinder for gravemaskiner\"><\/p>\n<h3>Hva er en b\u00f8ttesylinder?<\/h3>\n<p>En b\u00f8ttesylinder er en type hydraulisk sylinder som spiller en avgj\u00f8rende rolle i driften av tunge maskiner. Den inneholder hydraulisk v\u00e6ske som skaper trykk, noe som gir jevn og effektiv bevegelse. Utformingen av b\u00f8ttesylindere sikrer at de t\u00e5ler h\u00f8yt trykk og tunge belastninger, noe som gj\u00f8r dem essensielle for oppgaver innen bygg og anlegg, landbruk og mer. Deres evne til \u00e5 h\u00e5ndtere de dynamiske bevegelsene til b\u00f8tter bidrar til graving, l\u00f8fting og transport av materialer, noe som forbedrer produktiviteten p\u00e5 arbeidsplasser.<\/p>\n<h2>Funksjoner p\u00e5 bomsylinderen<\/h2>\n<ul>\n<li><strong>H\u00f8y styrke og holdbarhet:<\/strong> Disse sylindrene er vanligvis laget av h\u00f8yfast st\u00e5l eller aluminium, og t\u00e5ler h\u00f8yt trykk og tunge belastninger, og er egnet for t\u00f8ffe arbeidsmilj\u00f8er. Designet tar hensyn til slitestyrke og korrosjonsbeskyttelse for \u00e5 forlenge levetiden.<\/li>\n<li><strong>Effektiv hydraulisk drift:<\/strong> Ved hjelp av hydraulisk oljetrykk muliggj\u00f8r disse sylindrene jevn forlengelse og inntrekking, reagerer raskt p\u00e5 driftskommandoer og gir kraftig skyv-trekkkraft, ideell for h\u00e5ndtering av tunge og komplekse oppgaver.<\/li>\n<li><strong>Ulike typer:<\/strong> Tilgjengelig i enkeltvirkende (hydraulisk brukt i \u00e9n retning) eller dobbeltvirkende (hydraulisk brukt i begge retninger) modeller for \u00e5 m\u00f8te varierte driftskrav. Noen modeller er teleskopiske, noe som gir st\u00f8rre forlengelse uten \u00e5 \u00f8ke de ytre m\u00e5lene, egnet for plassbegrensede applikasjoner.<\/li>\n<li><strong>Tilpassbare l\u00f8sninger:<\/strong> Vi produserer produkter som perfekt kan erstatte eksisterende hydrauliske sylindere, og sikrer kompatibilitet og ytelse.<\/li>\n<li><strong>Presisjonsteknikk:<\/strong> Hver sylinder er konstruert med presisjon for \u00e5 garantere optimal ytelse og p\u00e5litelighet under krevende forhold.<\/li>\n<\/ul>\n<p><img decoding=\"async\" src=\"https:\/\/www.hydraulic-cylinders.net\/wp-content\/uploads\/2025\/04\/songte-cylinder-head-with-all-kinds-excavator-models.webp\" alt=\"Sylinderhode for gravemaskiner\"><\/p>\n<h2>S\u00f8knadsscenarier<\/h2>\n<h3>Anleggsutstyr<\/h3>\n<p>I gravemaskiner er bomsylindre avgj\u00f8rende for graving, lasting og flytting av jord eller rusk. De lar skuffen trenge ned i bakken, noe som sikrer effektive graveprosesser. I gravemaskinlastere hjelper disse sylindrene ikke bare med graving, men ogs\u00e5 med l\u00f8fteoperasjoner, noe som gir allsidighet i anleggsoppgaver.<\/p>\n<h3>Landbruksmaskiner<\/h3>\n<p>Frontlastere bruker bomsylindre til \u00e5 utarbeide, l\u00f8fte og transportere jord, h\u00f8y og andre materialer. Denne funksjonen \u00f8ker produktiviteten i landbruksdrift, noe som gir rask materialh\u00e5ndtering og forflytning p\u00e5 tvers av jorder.<\/p>\n<h3>Gravemaskiner<\/h3>\n<p>I gravemaskiner muliggj\u00f8r bomsylinderen gravebevegelsen ved \u00e5 la skuffen trenge ned i jorden. Denne funksjonen er avgj\u00f8rende for effektivt \u00e5 flytte store mengder jord under byggeprosjekter, noe som forbedrer den totale effektiviteten.<\/p>\n<h3>Lastere<\/h3>\n<p>I frontlastere bidrar disse sylindrene til \u00e5 l\u00f8fte og dumpe last effektivt. Designet sikrer stabil drift, noe som muliggj\u00f8r effektiv h\u00e5ndtering av materialer i ulike h\u00f8yder.<\/p>\n<h2>Designhensyn og utvalgskriterier<\/h2>\n<h3>Lastekapasitet<\/h3>\n<p>En av de viktigste designhensynene for bomsylindere er lastekapasiteten. Det er viktig \u00e5 velge en sylinder som kan h\u00e5ndtere den maksimale vekten som forventes under drift. Dette inneb\u00e6rer \u00e5 beregne trykket og kraften som kreves for \u00e5 l\u00f8fte spesifikke laster, samtidig som sikkerhetsstandarder opprettholdes. Ingeni\u00f8rer m\u00e5 s\u00f8rge for at materialene som brukes kan t\u00e5le slike krefter uten \u00e5 deformeres eller svikte.<\/p>\n<h3>Tetningsmekanismer<\/h3>\n<p>Effektiv tetting er avgj\u00f8rende for \u00e5 opprettholde hydraulisk trykk og forhindre lekkasjer. H\u00f8ykvalitetstetninger, som stempeltetninger og stangtetninger, laget av slitesterke materialer som polyuretan eller nitrilgummi, brukes for \u00e5 sikre en tett passform. Regelmessige kontroller av disse tetningene er n\u00f8dvendige for \u00e5 unng\u00e5 tap av hydraulisk v\u00e6ske, noe som kan f\u00f8re til systemfeil.<\/p>\n<h3>Varighet<\/h3>\n<p>Holdbarhet er avgj\u00f8rende for bomsylindere, spesielt n\u00e5r de brukes i krevende milj\u00f8er. De m\u00e5 v\u00e6re motstandsdyktige mot slitasje, korrosjon og ekstreme temperaturer. Produsenter bruker ofte beskyttende belegg og velger materialer som t\u00e5ler t\u00f8ffe forhold, og dermed forlenger levetiden til sylindrene.<\/p>\n<h3>Sikkerhetsfunksjoner<\/h3>\n<p>Sikkerhetshensyn ved utforming av bomsylindere inkluderer innebygde sikkerhetsventiler for \u00e5 forhindre overtrykk, slik at maskineriet opererer innenfor trygge grenser. Riktig design kan minimere risikoen for ulykker under drift, og beskytte b\u00e5de utstyret og f\u00f8reren.<\/p>\n<h3>Vedlikeholdbarhet<\/h3>\n<p>Enkelt vedlikehold er en annen viktig faktor. Sylindere b\u00f8r v\u00e6re utformet for enkel tilgang til kritiske komponenter for rutinemessige inspeksjoner og reparasjoner. Regelmessig vedlikehold reduserer nedetid og forbedrer effektiviteten til maskindriften.<\/p>\n<p><img decoding=\"async\" src=\"https:\/\/www.hydraulic-cylinders.net\/wp-content\/uploads\/2025\/04\/songte-oil-pipes-and-spare-parts.webp\" alt=\"Hydrauliske komponenter\"><\/p>\n<h2>Tetting og sm\u00f8ring<\/h2>\n<p>Effektiv tetting og sm\u00f8ring er avgj\u00f8rende for ytelsen og levetiden til bomsylindre. Ulike tetninger, som stempeltetninger og stangtetninger, brukes for \u00e5 forhindre lekkasjer av hydraulisk v\u00e6ske og opprettholde trykket. Tetninger er ofte laget av slitesterke materialer som polyuretan og nitrilgummi, som gir utmerket slitestyrke. Sylinderhuset og gjengede endeflater gjennomg\u00e5r en grundig etterbehandling for \u00e5 forbedre holdbarheten. Regelmessig sm\u00f8ring med tilstrekkelig hydraulisk olje er n\u00f8dvendig for \u00e5 minimere friksjon og slitasje, noe som sikrer jevn drift og forlenger sylinderens levetid.<\/p>\n<h2>Forebyggende vedlikeholdstiltak<\/h2>\n<ul>\n<li><strong>Regelmessige inspeksjoner:<\/strong> Utf\u00f8r hyppige kontroller av det hydrauliske systemet for lekkasjer, skader eller slitasje. Inspiser tetninger og koblinger for \u00e5 sikre at de er intakte og fungerer som de skal.<\/li>\n<li><strong>Sm\u00f8replan:<\/strong> Etabler en sm\u00f8replan for hydraulikkoljen, og s\u00f8rg for at sylindrene er tilstrekkelig smurt for \u00e5 redusere friksjon og slitasje.<\/li>\n<li><strong>Utskifting av tetning:<\/strong> Overv\u00e5k tetningenes ytelse og skift ut slitte eller skadede tetninger raskt for \u00e5 forhindre lekkasjer og opprettholde effektiviteten.<\/li>\n<\/ul>\n<h2>Installasjonsretningslinjer<\/h2>\n<p>Riktig montering av bomsylinderen er avgj\u00f8rende for optimal ytelse. Begynn med \u00e5 s\u00f8rge for at monteringsflatene er rene og fri for rusk. Juster sylinderen riktig med monteringsbrakettene, og bruk passende st\u00f8tter for \u00e5 holde den p\u00e5 plass. Stram boltene i henhold til produsentens spesifikasjoner, og s\u00f8rg for at det ikke oppst\u00e5r feiljustering. Etter montering, test det hydrauliske systemet for lekkasjer og at det fungerer som det skal. Regelmessige kontroller etter montering er n\u00f8dvendige for \u00e5 bekrefte at sylinderen fungerer jevnt og effektivt.<\/p>\n<h2>Vedlikeholdsoppgaver<\/h2>\n<ul>\n<li><strong>Regelmessige inspeksjoner:<\/strong> Hyppige inspeksjoner bidrar til \u00e5 identifisere potensielle problemer f\u00f8r de blir betydelige problemer. Se etter tegn p\u00e5 slitasje og skade, spesielt i tetninger og koblinger. Riktig justering b\u00f8r ogs\u00e5 kontrolleres for \u00e5 sikre problemfri drift.<\/li>\n<li><strong>Riktig sm\u00f8ring:<\/strong> Hold en regelmessig sm\u00f8replan for \u00e5 sikre at hydraulikkoljen har riktig niv\u00e5. Denne fremgangsm\u00e5ten bidrar til \u00e5 minimere friksjon og slitasje, og forlenger dermed sylinderens levetid.<\/li>\n<li><strong>Utskifting av tetning:<\/strong> Over tid kan pakninger slites ut p\u00e5 grunn av trykk og milj\u00f8faktorer. Sjekk pakningene regelmessig for tegn p\u00e5 skade og skift dem ut etter behov for \u00e5 forhindre lekkasjer og sikre effektiv drift.<\/li>\n<\/ul>\n<h2>Sikkerhetshensyn og milj\u00f8faktorer<\/h2>\n<p>N\u00e5r man bruker bomsylindere, er det viktig \u00e5 f\u00f8lge sikkerhetstiltakene. Operat\u00f8rer b\u00f8r trenes til \u00e5 gjenkjenne potensielle farer forbundet med hydrauliske systemer. Riktige h\u00e5ndterings- og driftsprotokoller m\u00e5 etableres for \u00e5 redusere risikoen for ulykker. I tillegg b\u00f8r milj\u00f8faktorer vurderes ved utforming av hydrauliske systemer. \u00c5 sikre at hydrauliske v\u00e6sker er biologisk nedbrytbare og minimere s\u00f8l kan bidra til \u00e5 beskytte milj\u00f8et.<\/p>\n<h2>Feils\u00f8king av vanlige problemer<\/h2>\n<ul>\n<li><strong>Lekkasje:<\/strong> Hvis det lekker hydraulikkv\u00e6ske, sjekk pakninger og koblinger for skader. Skift ut slitte komponenter for \u00e5 forhindre ytterligere lekkasjer.<\/li>\n<li><strong>Langsom bevegelse:<\/strong> En sakteg\u00e5ende sylinder kan tyde p\u00e5 utilstrekkelig hydraulikkv\u00e6ske. Sjekk v\u00e6skeniv\u00e5ene og fyll p\u00e5 drivstoff etter behov. Unders\u00f8k ogs\u00e5 om det er blokkeringer i systemet som kan hindre flyten.<\/li>\n<li><strong>Ingen bevegelse:<\/strong> Hvis sylinderen ikke beveger seg, kontroller den hydrauliske pumpen og kontrollventilene for feil. S\u00f8rg for at det er str\u00f8m til det hydrauliske systemet.<\/li>\n<\/ul>\n<h2>Feils\u00f8kingstips<\/h2>\n<p>For \u00e5 effektivt diagnostisere og l\u00f8se problemer med bomsylindere, start med \u00e5 utf\u00f8re en grundig inspeksjon av alle komponenter. Se etter synlige tegn p\u00e5 slitasje, lekkasjer eller skade. S\u00f8rg for at alle tilkoblinger er sikre og at niv\u00e5ene av hydraulikkv\u00e6sken er tilstrekkelige. Implementer forebyggende tiltak som rutinemessige vedlikeholdskontroller for \u00e5 identifisere potensielle problemer tidlig. \u00c5 f\u00f8re detaljerte oversikter over vedlikeholdsaktiviteter kan bidra til \u00e5 spore sylinderens ytelse og forutsi fremtidige problemer.<\/p>\n<p><img decoding=\"async\" src=\"https:\/\/www.hydraulic-cylinders.net\/wp-content\/uploads\/2025\/04\/songte-bushings-with-all-kinds-of-excavator-models.webp\" alt=\"Foringer for gravemaskiner\"><\/p>\n<h2>Om selskapet v\u00e5rt<\/h2>\n<p>Vi er en produsent av hydrauliske sylindere for utskifting, og tilbyr et omfattende utvalg av produkter. Som en av de ledende produsentene og distribut\u00f8rene av hydrauliske sylindere i b\u00e5de innenlandske og internasjonale markeder, f\u00f8lger vi krav til kvalitet i h\u00f8y kvalitet. V\u00e5r produksjonsstrategi er basert p\u00e5 presisjonsproduksjon i verksteder, med bruk av avansert teknologi og toppmoderne produksjonsutstyr. V\u00e5rt dyktige tekniske team, kombinert med profesjonelle testsystemer, forbedrer produksjonskapasiteten v\u00e5r, slik at vi kan m\u00f8te kundenes ulike behov.<\/p>\n<p><img decoding=\"async\" src=\"https:\/\/www.hydraulic-cylinders.net\/wp-content\/uploads\/2025\/04\/songte-company-4.webp\" alt=\"Selskapsoversikt\"><br \/>\n<img decoding=\"async\" src=\"https:\/\/www.hydraulic-cylinders.net\/wp-content\/uploads\/2025\/04\/songte-company-3.webp\" alt=\"Produksjonsanlegg\"><\/p>\n<h3>Profesjonalitet<\/h3>\n<p>V\u00e5rt team har omfattende ekspertise innen hydrauliske systemer, noe som sikrer at vi leverer produkter av h\u00f8y kvalitet som er skreddersydd til spesifikke kundekrav. Vi har internasjonale sertifiseringer, noe som bekrefter v\u00e5r forpliktelse til kvalitets- og sikkerhetsstandarder.<\/p>\n<h3>Tilpassede tjenester<\/h3>\n<p>Vi tilbyr tilpassbare l\u00f8sninger for \u00e5 m\u00f8te ulike driftsbehov. Enten det er en spesifikk dimensjon eller et unikt design, jobber ingeni\u00f8rene v\u00e5re tett med kundene for \u00e5 levere den beste l\u00f8sningen.<\/p>\n<h3>Produksjonsutstyr<\/h3>\n<p>V\u00e5rt toppmoderne produksjonsanlegg er utstyrt med avanserte maskiner og verkt\u00f8y, noe som gj\u00f8r oss i stand til \u00e5 produsere hydrauliske sylindere med h\u00f8y presisjon effektivt.<\/p>\n<h3>Ettersalgsservice<\/h3>\n<p>Vi prioriterer kundetilfredshet og tilbyr eksepsjonell kundest\u00f8tte etter kj\u00f8p. V\u00e5rt dedikerte team er alltid tilgjengelig for \u00e5 hjelpe med eventuelle sp\u00f8rsm\u00e5l eller problemer etter kj\u00f8p, slik at kundene v\u00e5re f\u00e5r en problemfri opplevelse.<\/p>\n<p>Forfatter: lyl<\/p>","protected":false},"excerpt":{"rendered":"<p>Boom Cylinder For Pushhm PZ60-7B Product Overview The Boom Cylinder For Pushhm PZ60-7B is a vital component in hydraulic systems, specifically designed to control the movement of heavy machinery buckets. These cylinders enable the lifting, lowering, and tilting of buckets in equipment such as excavators, backhoe loaders, and front-end loaders, facilitating various material handling tasks. [&hellip;]<\/p>","protected":false},"featured_media":17878,"comment_status":"open","ping_status":"closed","template":"","meta":{"_et_pb_use_builder":"","_et_pb_old_content":"","_et_gb_content_width":""},"product_brand":[],"product_cat":[1546],"product_tag":[1547,1496],"class_list":{"0":"post-19540","1":"product","2":"type-product","3":"status-publish","4":"has-post-thumbnail","6":"product_cat-boom-cylinders","7":"product_tag-boom-cylinders","8":"product_tag-hydraulic-cylinders","10":"first","11":"instock","12":"shipping-taxable","13":"product-type-simple"},"amp_enabled":true,"_links":{"self":[{"href":"https:\/\/www.hydraulic-cylinders.net\/nb\/wp-json\/wp\/v2\/product\/19540","targetHints":{"allow":["GET"]}}],"collection":[{"href":"https:\/\/www.hydraulic-cylinders.net\/nb\/wp-json\/wp\/v2\/product"}],"about":[{"href":"https:\/\/www.hydraulic-cylinders.net\/nb\/wp-json\/wp\/v2\/types\/product"}],"replies":[{"embeddable":true,"href":"https:\/\/www.hydraulic-cylinders.net\/nb\/wp-json\/wp\/v2\/comments?post=19540"}],"wp:featuredmedia":[{"embeddable":true,"href":"https:\/\/www.hydraulic-cylinders.net\/nb\/wp-json\/wp\/v2\/media\/17878"}],"wp:attachment":[{"href":"https:\/\/www.hydraulic-cylinders.net\/nb\/wp-json\/wp\/v2\/media?parent=19540"}],"wp:term":[{"taxonomy":"product_brand","embeddable":true,"href":"https:\/\/www.hydraulic-cylinders.net\/nb\/wp-json\/wp\/v2\/product_brand?post=19540"},{"taxonomy":"product_cat","embeddable":true,"href":"https:\/\/www.hydraulic-cylinders.net\/nb\/wp-json\/wp\/v2\/product_cat?post=19540"},{"taxonomy":"product_tag","embeddable":true,"href":"https:\/\/www.hydraulic-cylinders.net\/nb\/wp-json\/wp\/v2\/product_tag?post=19540"}],"curies":[{"name":"wp","href":"https:\/\/api.w.org\/{rel}","templated":true}]}}