{"id":19542,"date":"2025-04-07T06:53:35","date_gmt":"2025-04-07T06:53:35","guid":{"rendered":"https:\/\/www.hydraulic-cylinders.net\/product\/boom-cylinder-for-pushhm-pz165-8\/"},"modified":"2025-04-07T06:53:38","modified_gmt":"2025-04-07T06:53:38","slug":"boom-cylinder-for-pushhm-pz165-8","status":"publish","type":"product","link":"https:\/\/www.hydraulic-cylinders.net\/nb\/produkt\/boom-cylinder-for-pushhm-pz165-8\/","title":{"rendered":"Bom-sylinder for Pushhm PZ165-8"},"content":{"rendered":"<h1>Bom-sylinder for Pushhm PZ165-8<\/h1>\n<h2>Produktoversikt<\/h2>\n<p>Bom-sylinderen for Pushhm PZ165-8 er en spesialisert hydraulisk sylinder som er utviklet for \u00e5 kontrollere bevegelsen til skuffen i diverse tunge maskiner, som gravemaskiner, traktorgravere og frontlastere. Denne hydrauliske sylinderen lar skuffen l\u00f8fte, senke og tilte, noe som forenkler materialh\u00e5ndteringsoppgaver effektivt og virkningsfullt.<\/p>\n<p><img decoding=\"async\" src=\"https:\/\/www.hydraulic-cylinders.net\/wp-content\/uploads\/2025\/04\/songte-company-1.webp\" alt=\"Bom-sylinder\" \/><\/p>\n<h3>Definisjon og betydning av b\u00f8ttesylindere<\/h3>\n<p>Skuffesylindere er viktige komponenter i hydrauliske systemer, og muliggj\u00f8r presis betjening av maskiner som brukes i bygg og anlegg, landbruk og andre tunge applikasjoner. Disse sylindrene er konstruert for \u00e5 t\u00e5le h\u00f8yt trykk, noe som gj\u00f8r dem ideelle for l\u00f8fting og manipulering av tunge laster. Designet sikrer jevne og kontrollerte bevegelser, noe som er avgj\u00f8rende i oppgaver som graving, l\u00f8fting og tilting. Ved \u00e5 gi den n\u00f8dvendige kraften bidrar skuffesylindere betydelig til den totale produktiviteten og effektiviteten til diverse tungt utstyr, slik at operat\u00f8rer kan utf\u00f8re komplekse oppgaver med letthet.<\/p>\n<h2>Funksjoner p\u00e5 bomsylinderen<\/h2>\n<ul>\n<li><strong>H\u00f8y styrke og holdbarhet:<\/strong> Disse sylindrene er vanligvis laget av h\u00f8yfast st\u00e5l eller aluminium, og t\u00e5ler h\u00f8yt trykk og tunge belastninger samtidig som de er motstandsdyktige mot t\u00f8ffe arbeidsmilj\u00f8er, noe som \u00f8ker levetiden.<\/li>\n<li><strong>Effektiv hydraulisk drift:<\/strong> Ved \u00e5 bruke hydraulisk oljetrykk for jevn forlengelse og inntrekking, reagerer sylindrene raskt p\u00e5 driftskommandoer og leverer kraftige skyve- og trekkekrefter som er egnet for h\u00e5ndtering av tunge materialer.<\/li>\n<li><strong>Ulike typer:<\/strong> Noen modeller er tilgjengelige i b\u00e5de enkeltvirkende (virker i \u00e9n retning) og dobbeltvirkende (virker i to retninger) konfigurasjoner, og noen modeller er teleskopiske, noe som gir st\u00f8rre forlengelse uten \u00e5 \u00f8ke de ytre m\u00e5lene, ideelt for plassbegrensede applikasjoner.<\/li>\n<li><strong>Tilpasset produksjon:<\/strong> Vi produserer dette produktet for \u00e5 erstatte eksisterende hydrauliske sylindere p\u00e5 en perfekt m\u00e5te, og sikrer kompatibilitet og ytelse.<\/li>\n<li><strong>Omfattende applikasjon:<\/strong> Utviklet for ulike industrielle applikasjoner, fra bygg og anlegg til landbruk, noe som sikrer allsidighet p\u00e5 tvers av ulike driftskrav.<\/li>\n<\/ul>\n<p><img decoding=\"async\" src=\"https:\/\/www.hydraulic-cylinders.net\/wp-content\/uploads\/2025\/04\/songte-cylinder-head-with-all-kinds-excavator-models.webp\" alt=\"Gravemaskinmodeller\" \/><\/p>\n<h2>S\u00f8knadsscenarier<\/h2>\n<h3>Anleggsutstyr<\/h3>\n<p>I gravemaskiner er bomsylinderen avgj\u00f8rende for graving, lasting og transport av jord eller avfall. Evnen til \u00e5 manipulere skuffen effektivt sikrer at operat\u00f8rene kan utf\u00f8re oppgavene sine raskt og n\u00f8yaktig. I gravemaskinlastere hjelper skuffesylinderen ikke bare med utgraving, men ogs\u00e5 med h\u00f8ydejustering, noe som gj\u00f8r den til en allsidig komponent i anleggsmaskiner.<\/p>\n<h3>Landbruksmaskiner<\/h3>\n<p>For frontlastere er skuffesylindere avgj\u00f8rende for utgraving, l\u00f8fting og transport av jord, h\u00f8y og andre materialer. Effektiviteten til disse sylindrene p\u00e5virker direkte landbruksproduktiviteten, slik at b\u00f8nder kan h\u00e5ndtere bulkmaterialer enkelt og raskt.<\/p>\n<h3>Gravemaskiner<\/h3>\n<p>Skuffesylinderen gj\u00f8r det mulig for gravemaskiner \u00e5 trenge effektivt ned i bakken, noe som forenkler effektive graveoperasjoner. Den gir den n\u00f8dvendige kraften til \u00e5 bryte gjennom t\u00f8ffe jordlag, noe som forbedrer gravemaskinens generelle ytelse under anleggsarbeid.<\/p>\n<h3>Lastere<\/h3>\n<p>I frontlastere hjelper bomsylinderen med \u00e5 l\u00f8fte og dumpe last effektivt. Denne funksjonen er kritisk i ulike bruksomr\u00e5der, som landskapsarbeid og konstruksjon, der materialer m\u00e5 flyttes og plasseres n\u00f8yaktig.<\/p>\n<h2>Designhensyn og utvalgskriterier<\/h2>\n<h3>Lastekapasitet<\/h3>\n<p>N\u00e5r man velger en bomsylinder, er lastekapasiteten en avgj\u00f8rende faktor. Sylinderen m\u00e5 kunne h\u00e5ndtere den maksimale belastningen den vil m\u00f8te i driftssituasjoner. Utilstrekkelig lastekapasitet kan f\u00f8re til mekanisk svikt, noe som utgj\u00f8r en sikkerhetsrisiko under drift. Derfor b\u00f8r n\u00f8ye beregninger og spesifikasjoner bestemmes basert p\u00e5 forventede driftsbelastninger.<\/p>\n<h3>Tetting og holdbarhet<\/h3>\n<p>Tetting er et annet kritisk aspekt, da det forhindrer lekkasje av hydraulisk v\u00e6ske, noe som er avgj\u00f8rende for effektiv drift. De valgte tetningene m\u00e5 v\u00e6re kompatible med hydraulikkv\u00e6sken som brukes, og sylinderdesignet b\u00f8r gi robuste tetningsl\u00f8sninger som t\u00e5ler slitasje og t\u00f8ffe forhold. Slitesterke materialer og kvalitetstetningsmekanismer forlenger sylinderens levetid og opprettholder driftseffektiviteten.<\/p>\n<h3>Sikkerhet og vedlikehold<\/h3>\n<p>Sikkerhetsfunksjoner m\u00e5 integreres i utformingen av bomsylinderen. Riktige sikkerhetsmekanismer, som trykkavlastningsventiler, m\u00e5 inkluderes for \u00e5 forhindre overbelastning og potensielle farer. I tillegg b\u00f8r utformingen legge til rette for enkel tilgang til vedlikehold, slik at rutinemessige inspeksjoner og reparasjoner kan utf\u00f8res uten betydelig nedetid eller vanskeligheter.<\/p>\n<p><img decoding=\"async\" src=\"https:\/\/www.hydraulic-cylinders.net\/wp-content\/uploads\/2025\/04\/songte-oil-pipes-and-spare-parts.webp\" alt=\"Hydrauliske deler\" \/><\/p>\n<h2>Tetting og sm\u00f8ring<\/h2>\n<p>Effektiv tetting og sm\u00f8ring er avgj\u00f8rende for hydrauliske sylinderes levetid og ytelse. Ulike tetningskomponenter, som stempeltetninger og stangtetninger, er viktige for \u00e5 opprettholde hydraulisk trykk og forhindre lekkasjer. Tetningsmaterialer som polyuretan og nitrilgummi brukes ofte p\u00e5 grunn av sin holdbarhet og slitestyrke. I tillegg krever sylinderhuset og gjengede endeflater presisjonsbearbeiding for \u00e5 forbedre slitestyrken.<\/p>\n<p>Regelmessig sm\u00f8ring med hydraulikkolje er n\u00f8dvendig for \u00e5 sikre jevn drift og minimere friksjon. Operat\u00f8rer b\u00f8r f\u00f8lge anbefalte sm\u00f8replaner for \u00e5 opprettholde optimal ytelse og forhindre for tidlig slitasje p\u00e5 tetninger og andre komponenter.<\/p>\n<h2>Forebyggende vedlikeholdstiltak<\/h2>\n<ul>\n<li><strong>Regelmessige inspeksjoner:<\/strong> Utf\u00f8r rutinemessige kontroller for tegn p\u00e5 slitasje, lekkasjer og den generelle tilstanden til den hydrauliske sylinderen. Tidlig oppdagelse av problemer kan forhindre kostbare reparasjoner og nedetid.<\/li>\n<li><strong>Passende sm\u00f8ring:<\/strong> S\u00f8rg for at hydraulikkv\u00e6sken har optimale niv\u00e5er og at den skiftes ut i henhold til produsentens retningslinjer for \u00e5 unng\u00e5 forurensning og opprettholde ytelsen.<\/li>\n<li><strong>Utskifting av tetning:<\/strong> Rettidig utskifting av tetninger er viktig for \u00e5 forhindre lekkasjer og opprettholde hydraulisk trykk. Operat\u00f8rer b\u00f8r f\u00f8lge en plan for tetningskontroller og utskiftinger.<\/li>\n<\/ul>\n<h2>Installasjonsretningslinjer<\/h2>\n<p>Riktig montering av bomsylinderen er avgj\u00f8rende for optimal ytelse. Begynn med \u00e5 s\u00f8rge for at sylinderen er riktig justert. Feiljustering kan f\u00f8re til ujevn slitasje og potensiell feil. Bruk passende monteringsbraketter for \u00e5 feste sylinderen godt p\u00e5 plass.<\/p>\n<p>F\u00f8r installasjon, kontroller at alle komponenter er rene og fri for rusk. P\u00e5f\u00f8r et tynt lag med hydraulisk v\u00e6ske p\u00e5 pakningene f\u00f8r innsetting for \u00e5 redusere friksjon under drift. Etter installasjon, utf\u00f8r en testkj\u00f8ring for \u00e5 sikre at sylinderen fungerer problemfritt uten lekkasjer eller uvanlige lyder.<\/p>\n<h2>Vanlige vedlikeholdsoppgaver<\/h2>\n<h3>Regelmessige inspeksjoner<\/h3>\n<p>Rutinemessige inspeksjoner er avgj\u00f8rende for \u00e5 identifisere potensielle problemer f\u00f8r de eskalerer. Sjekk for lekkasjer, slitasje og generell funksjonalitet til den hydrauliske sylinderen. Dokumenter funn og h\u00e5ndter eventuelle vedlikeholdsbehov raskt for \u00e5 unng\u00e5 driftsforstyrrelser.<\/p>\n<h3>Riktig sm\u00f8ring<\/h3>\n<p>P\u00e5f\u00f8r konsekvent riktig type og mengde hydraulikkolje i henhold til produsentens spesifikasjoner. Riktig sm\u00f8ring minimerer friksjon og forlenger levetiden til tetninger og bevegelige deler. Sjekk alltid for tegn p\u00e5 oljeforurensning og skift v\u00e6ske etter behov.<\/p>\n<h3>Utskifting av tetninger og kalibreringskontroller<\/h3>\n<p>Skift regelmessig ut pakninger som viser tegn til slitasje for \u00e5 opprettholde det hydrauliske systemets integritet. Kalibreringskontroller b\u00f8r ogs\u00e5 utf\u00f8res for \u00e5 sikre at sylinderen fungerer innenfor de spesifiserte parameterne. Feil kalibrering kan f\u00f8re til ineffektivitet og \u00f8kt slitasje.<\/p>\n<p><img decoding=\"async\" src=\"https:\/\/www.hydraulic-cylinders.net\/wp-content\/uploads\/2025\/04\/songte-chushion-collar.webp\" alt=\"Putekrage\" \/><\/p>\n<h2>Sikkerhetshensyn og milj\u00f8faktorer<\/h2>\n<p>Sikkerhetstiltak er avgj\u00f8rende n\u00e5r man arbeider med hydrauliske systemer. Operat\u00f8rer b\u00f8r alltid bruke passende personlig verneutstyr og f\u00f8lge sikkerhetsretningslinjene for \u00e5 forhindre ulykker. Det er ogs\u00e5 n\u00f8dvendig \u00e5 forst\u00e5 milj\u00f8p\u00e5virkningen av hydrauliske v\u00e6sker. Derfor b\u00f8r man praktisere riktig avhending og h\u00e5ndtering av disse v\u00e6skene for \u00e5 minimere milj\u00f8skader.<\/p>\n<h2>Feils\u00f8king av vanlige problemer<\/h2>\n<ul>\n<li><strong>Lekkasje:<\/strong> Identifiser kilden til lekkasjene ved \u00e5 inspisere tetninger og beslag. Skift ut slitte eller skadede tetninger for \u00e5 gjenopprette integriteten.<\/li>\n<li><strong>Ytelsesproblemer:<\/strong> Hvis sylinderen beveger seg tregt, sjekk hydraulikkv\u00e6skeniv\u00e5ene og for mulige blokkeringer i r\u00f8rene.<\/li>\n<li><strong>Uvanlige lyder:<\/strong> St\u00f8y kan tyde p\u00e5 indre skader eller utilstrekkelig sm\u00f8ring. Utf\u00f8r en grundig inspeksjon for \u00e5 diagnostisere problemet.<\/li>\n<\/ul>\n<p>Ved \u00e5 ta tak i disse vanlige problemene raskt, kan operat\u00f8rer sikre bomsylinderens langsiktige funksjonalitet og unng\u00e5 kostbare reparasjoner.<\/p>\n<p><img decoding=\"async\" src=\"https:\/\/www.hydraulic-cylinders.net\/wp-content\/uploads\/2025\/04\/songte-bushings-with-all-kinds-of-excavator-models.webp\" alt=\"Foringer\" \/><\/p>\n<h2>Selskapsoversikt<\/h2>\n<p>Vi er en ledende produsent av hydrauliske sylindere for utskifting, og tilbyr et bredt spekter av produkter for \u00e5 m\u00f8te nasjonale og internasjonale markedsbehov. V\u00e5r forpliktelse til kvalitet driver oss til \u00e5 implementere raffinerte produksjonsstrategier, bruke avansert teknologi og en dyktig arbeidsstyrke for \u00e5 forbedre produksjonseffektiviteten og produktkvaliteten.<\/p>\n<p>Vi prioriterer profesjonell ekspertise, internasjonale sertifiseringer og tilpassede tjenester skreddersydd til kundenes behov. V\u00e5rt toppmoderne produksjonsutstyr og omfattende ettersalgsservice sikrer at vi effektivt m\u00f8ter ulike kundekrav.<\/p>\n<p><img decoding=\"async\" src=\"https:\/\/www.hydraulic-cylinders.net\/wp-content\/uploads\/2025\/04\/songte-company-4.webp\" alt=\"Selskapsoversikt\" \/><br \/>\n<img decoding=\"async\" src=\"https:\/\/www.hydraulic-cylinders.net\/wp-content\/uploads\/2025\/04\/songte-company-3.webp\" alt=\"Produksjonsprosess\" \/><\/p>\n<p>Forfatter: lyl<\/p>","protected":false},"excerpt":{"rendered":"<p>Boom Cylinder For Pushhm PZ165-8 Product Overview The Boom Cylinder for Pushhm PZ165-8 is a specialized hydraulic cylinder designed to control the movement of the bucket in various heavy machinery, such as excavators, backhoes, and front loaders. This hydraulic cylinder allows the bucket to lift, lower, and tilt, facilitating material handling tasks efficiently and effectively. [&hellip;]<\/p>","protected":false},"featured_media":17880,"comment_status":"open","ping_status":"closed","template":"","meta":{"_et_pb_use_builder":"","_et_pb_old_content":"","_et_gb_content_width":""},"product_brand":[],"product_cat":[1546],"product_tag":[1547,1496],"class_list":{"0":"post-19542","1":"product","2":"type-product","3":"status-publish","4":"has-post-thumbnail","6":"product_cat-boom-cylinders","7":"product_tag-boom-cylinders","8":"product_tag-hydraulic-cylinders","10":"first","11":"instock","12":"shipping-taxable","13":"product-type-simple"},"amp_enabled":true,"_links":{"self":[{"href":"https:\/\/www.hydraulic-cylinders.net\/nb\/wp-json\/wp\/v2\/product\/19542","targetHints":{"allow":["GET"]}}],"collection":[{"href":"https:\/\/www.hydraulic-cylinders.net\/nb\/wp-json\/wp\/v2\/product"}],"about":[{"href":"https:\/\/www.hydraulic-cylinders.net\/nb\/wp-json\/wp\/v2\/types\/product"}],"replies":[{"embeddable":true,"href":"https:\/\/www.hydraulic-cylinders.net\/nb\/wp-json\/wp\/v2\/comments?post=19542"}],"wp:featuredmedia":[{"embeddable":true,"href":"https:\/\/www.hydraulic-cylinders.net\/nb\/wp-json\/wp\/v2\/media\/17880"}],"wp:attachment":[{"href":"https:\/\/www.hydraulic-cylinders.net\/nb\/wp-json\/wp\/v2\/media?parent=19542"}],"wp:term":[{"taxonomy":"product_brand","embeddable":true,"href":"https:\/\/www.hydraulic-cylinders.net\/nb\/wp-json\/wp\/v2\/product_brand?post=19542"},{"taxonomy":"product_cat","embeddable":true,"href":"https:\/\/www.hydraulic-cylinders.net\/nb\/wp-json\/wp\/v2\/product_cat?post=19542"},{"taxonomy":"product_tag","embeddable":true,"href":"https:\/\/www.hydraulic-cylinders.net\/nb\/wp-json\/wp\/v2\/product_tag?post=19542"}],"curies":[{"name":"wp","href":"https:\/\/api.w.org\/{rel}","templated":true}]}}