{"id":19555,"date":"2025-04-07T06:54:16","date_gmt":"2025-04-07T06:54:16","guid":{"rendered":"https:\/\/www.hydraulic-cylinders.net\/product\/boom-cylinder-for-yanmar-vi030-6b\/"},"modified":"2025-04-07T06:54:18","modified_gmt":"2025-04-07T06:54:18","slug":"boom-cylinder-for-yanmar-vi030-6b","status":"publish","type":"product","link":"https:\/\/www.hydraulic-cylinders.net\/nb\/produkt\/boom-cylinder-for-yanmar-vi030-6b\/","title":{"rendered":"Bom-sylinder for Yanmar VI030-6B"},"content":{"rendered":"<h1>Bom-sylinder for Yanmar VI030-6B<\/h1>\n<h2>Produktoversikt<\/h2>\n<p>Bom-sylinderen for Yanmar VI030-6B er en viktig komponent som er spesielt utviklet for tungt maskineri, spesielt gravemaskiner og traktorgravere. Denne hydrauliske sylinderen spiller en avgj\u00f8rende rolle i \u00e5 kontrollere bevegelsen til skuffen, slik at den kan l\u00f8ftes, senkes og vippes med presisjon. Disse funksjonene er viktige for effektive materialh\u00e5ndteringsoppgaver p\u00e5 byggeplasser og i ulike industrielle applikasjoner.<\/p>\n<p><img decoding=\"async\" src=\"https:\/\/www.hydraulic-cylinders.net\/wp-content\/uploads\/2025\/04\/songte-company-1.webp\" alt=\"Bomcylinder for gravemaskiner\" \/><\/p>\n<h3>Definisjon og funksjon<\/h3>\n<p>En skuffesylinder er en type hydraulisk sylinder som spesielt brukes i tunge maskiner for \u00e5 kontrollere bevegelsen til skuffefestet. Den gj\u00f8r det mulig for skuffen \u00e5 utf\u00f8re viktige funksjoner som graving, utgraving og flytting av materialer. Ved \u00e5 bruke hydraulisk trykk sikrer disse sylindrene jevn og effektiv drift, noe som gj\u00f8r dem uunnv\u00e6rlige for oppgaver som krever presisjon og kraft.<\/p>\n<h2>Viktige funksjoner<\/h2>\n<ul>\n<li><strong>H\u00f8y styrke og holdbarhet:<\/strong> Disse sylindrene er vanligvis laget av h\u00f8yfast st\u00e5l eller aluminium, og t\u00e5ler h\u00f8yt trykk og tunge belastninger, og tilpasser seg t\u00f8ffe arbeidsmilj\u00f8er samtidig som de forlenger levetiden.<\/li>\n<li><strong>Effektiv hydraulisk drift:<\/strong> Ved \u00e5 bruke hydraulisk oljetrykk gir bomsylinderen jevn forlengelse og inntrekking med rask respons p\u00e5 f\u00f8rerkommandoer, noe som gj\u00f8r den egnet for tunge l\u00f8ft og komplekse oppgaver.<\/li>\n<li><strong>Ulike typer:<\/strong> Tilgjengelig i enkeltvirkende og dobbeltvirkende konfigurasjoner, som passer til ulike driftsbehov. Noen modeller er teleskopiske, noe som gir st\u00f8rre uttrekk uten \u00e5 \u00f8ke de ytre m\u00e5lene, ideelt for trange rom.<\/li>\n<li><strong>Tilpasset produksjon:<\/strong> Produktene v\u00e5re kan erstatte eksisterende hydrauliske sylindere p\u00e5 en perfekt m\u00e5te, og sikrer kompatibilitet og p\u00e5litelighet i alle bruksomr\u00e5der.<\/li>\n<li><strong>Enkelt vedlikehold:<\/strong> Sylinderene v\u00e5re er designet med brukervennlighet i tankene, og er enkle \u00e5 vedlikeholde, noe som sikrer optimal funksjonalitet over tid.<\/li>\n<\/ul>\n<p><img decoding=\"async\" src=\"https:\/\/www.hydraulic-cylinders.net\/wp-content\/uploads\/2025\/04\/songte-cylinder-head-with-all-kinds-excavator-models.webp\" alt=\"Hydrauliske sylindermodeller\" \/><\/p>\n<h2>S\u00f8knadsscenarier<\/h2>\n<h3>Anleggsutstyr<\/h3>\n<p>I gravemaskiner er bomsylinderen avgj\u00f8rende for graving, lasting og flytting av jord eller rusk. Dens evne til \u00e5 gi presis kontroll lar operat\u00f8rer utf\u00f8re oppgaver effektivt, noe som reduserer tiden som kreves for graveprosjekter.<\/p>\n<h3>Landbruksmaskiner<\/h3>\n<p>Frontlastere bruker bomsylindere til \u00e5 utarbeide, l\u00f8fte og transportere jord, h\u00f8y og andre materialer. Den hydrauliske mekanismen sikrer at b\u00f8nder kan h\u00e5ndtere tunge lass med letthet, noe som gj\u00f8r landbruksdriften mer produktiv og mindre arbeidsintensiv.<\/p>\n<h3>Gravemaskiner<\/h3>\n<p>Skuffesylinderen forenkler gravearbeidet ved at skuffen trenger effektivt ned i jorden. Denne egenskapen er viktig i bygge- og landskapsarbeid, der presis graving er n\u00f8dvendig for grunnarbeid.<\/p>\n<h3>Lastere<\/h3>\n<p>I frontlastere bidrar bomsylindre til \u00e5 l\u00f8fte og dumpe last effektivt. Designet gir optimal t\u00f8mmeh\u00f8yde og rekkevidde, noe som gj\u00f8r materialh\u00e5ndteringsoppgaver s\u00f8ml\u00f8se og effektive.<\/p>\n<h2>Designhensyn og utvalgskriterier<\/h2>\n<h3>Lastekapasitet<\/h3>\n<p>Avgj\u00f8rende n\u00e5r man velger en bomsylinder er dens lastekapasitet. Den m\u00e5 kunne h\u00e5ndtere den maksimale vekten den l\u00f8fter uten at det g\u00e5r p\u00e5 bekostning av sikkerhet eller ytelse. \u00c5 velge en sylinder med tilstrekkelig lastekapasitet sikrer at den fungerer effektivt under maksimal belastning.<\/p>\n<h3>Tetting og holdbarhet<\/h3>\n<p>Tetting er avgj\u00f8rende for \u00e5 forhindre lekkasjer av hydraulisk v\u00e6ske, noe som kan f\u00f8re til ineffektivitet og potensiell skade. En godt forseglet hydraulisk sylinder opprettholder trykk og ytelse, noe som sikrer lang levetid og p\u00e5litelighet under krevende forhold.<\/p>\n<h3>Sikkerhetsfunksjoner<\/h3>\n<p>Sikkerhet er avgj\u00f8rende ved design av hydrauliske sylindere. Funksjoner som trykkavlastningsventiler og robuste konstruksjonsmaterialer bidrar til \u00e5 forhindre katastrofale feil. Regelmessige inspeksjoner og overholdelse av sikkerhetsstandarder er ogs\u00e5 avgj\u00f8rende for driftssikkerheten.<\/p>\n<p><img decoding=\"async\" src=\"https:\/\/www.hydraulic-cylinders.net\/wp-content\/uploads\/2025\/04\/songte-oil-pipes-and-spare-parts.webp\" alt=\"Hydrauliske oljer\u00f8r\" \/><\/p>\n<h2>Tetting og sm\u00f8ring<\/h2>\n<p>Det er viktig \u00e5 bruke ulike tetninger, som stempeltetninger og stangtetninger, for \u00e5 opprettholde hydraulisk integritet. Tetninger laget av slitesterke materialer som polyuretan og nitrilgummi gir utmerket slitestyrke og lang levetid. Presisjonsbearbeiding av sylinderhuset og gjengede endeflater forbedrer slitestyrken og fremmer effektiv tetting, noe som reduserer risikoen for lekkasjer.<\/p>\n<p>Regelmessig sm\u00f8ring med hydraulikkolje er n\u00f8dvendig for \u00e5 sikre problemfri drift. Riktig sm\u00f8ring minimerer friksjon, noe som forlenger levetiden til b\u00e5de tetningene og selve sylinderen.<\/p>\n<h2>Regelmessig inspeksjon og forebyggende vedlikehold<\/h2>\n<ul>\n<li><strong>Hyppige inspeksjoner:<\/strong> Utf\u00f8r regelmessige inspeksjoner for \u00e5 identifisere slitasje eller skade tidlig. Se etter tegn p\u00e5 lekkasjer eller uregelmessig drift.<\/li>\n<li><strong>Passende sm\u00f8ring:<\/strong> S\u00f8rg for at hydraulikkoljeniv\u00e5ene er tilstrekkelige og at sm\u00f8ring utf\u00f8res regelmessig for \u00e5 opprettholde optimal ytelse.<\/li>\n<li><strong>Utskifting av tetning:<\/strong> Skift pakninger etter behov for \u00e5 forhindre lekkasjer og opprettholde hydraulisk trykk. Sjekk pakningenes tilstand regelmessig og skift dem ut n\u00e5r det er tegn p\u00e5 slitasje.<\/li>\n<\/ul>\n<h2>Installasjonsretningslinjer<\/h2>\n<p>Riktig montering av bomsylinderen er avgj\u00f8rende for optimal ytelse. S\u00f8rg for at sylinderen er riktig justert med de hydrauliske koblingene for \u00e5 unng\u00e5 un\u00f8dig belastning. Det anbefales \u00e5 bruke passende monteringsbraketter for \u00e5 feste sylinderen p\u00e5 plass.<\/p>\n<p>F\u00f8lg disse trinnene for en vellykket installasjon:<\/p>\n<ol>\n<li>Juster sylinderen med festepunktene og s\u00f8rg for at alle komponentene er rene.<\/li>\n<li>Fest sylinderen med bolter og muttere, og s\u00f8rg for at de er strammet i henhold til produsentens spesifikasjoner.<\/li>\n<li>Koble til hydraulikkledningene, og s\u00f8rg for at de er fri for knekk og ordentlig festet.<\/li>\n<li>Fyll det hydrauliske systemet med anbefalt olje og luft ut systemet.<\/li>\n<li>Test systemet for \u00e5 sikre at sylinderen fungerer problemfritt uten lekkasjer.<\/li>\n<\/ol>\n<h2>Vanlige vedlikeholdsoppgaver<\/h2>\n<ul>\n<li><strong>Regelmessige inspeksjoner:<\/strong> S\u00f8rg for at alle komponenter i det hydrauliske systemet inspiseres ofte for tegn p\u00e5 slitasje eller skade. Tidlig oppdagelse bidrar til \u00e5 forhindre st\u00f8rre problemer.<\/li>\n<li><strong>Riktig sm\u00f8ring:<\/strong> Sjekk og vedlikehold hydraulikkoljeniv\u00e5ene regelmessig for \u00e5 sikre problemfri drift. Sm\u00f8ring er n\u00f8dvendig for \u00e5 redusere slitasje p\u00e5 interne komponenter.<\/li>\n<li><strong>Utskifting av tetning:<\/strong> Bytt proaktivt ut slitte eller skadede tetninger for \u00e5 opprettholde hydraulisk effektivitet. Regelmessige kontroller kan bidra til \u00e5 identifisere tetninger som m\u00e5 byttes ut f\u00f8r de f\u00f8rer til betydelige problemer.<\/li>\n<\/ul>\n<p>Riktig installasjon, sm\u00f8ring og justering er avgj\u00f8rende for \u00e5 forlenge bomsylinderens levetid og sikre optimal ytelse.<\/p>\n<p><img decoding=\"async\" src=\"https:\/\/www.hydraulic-cylinders.net\/wp-content\/uploads\/2025\/04\/songte-chushion-collar.webp\" alt=\"Putekrage\" \/><\/p>\n<h2>Sikkerhetshensyn og milj\u00f8faktorer<\/h2>\n<p>Det er avgj\u00f8rende \u00e5 bruke hydrauliske systemer p\u00e5 en sikker m\u00e5te. Operat\u00f8rer b\u00f8r v\u00e6re oppl\u00e6rt til \u00e5 forst\u00e5 risikoene forbundet med hydraulisk utstyr. Riktig h\u00e5ndtering og overholdelse av sikkerhetsprotokoller bidrar til \u00e5 redusere risikoer og sikre et trygt arbeidsmilj\u00f8.<\/p>\n<h2>Feils\u00f8king og vanlige problemer<\/h2>\n<ul>\n<li><strong>Lekkasje:<\/strong> Hvis det oppdages lekkasjer, sjekk tetninger og koblinger. Slitte tetninger m\u00e5 kanskje skiftes ut, eller koblinger m\u00e5 kanskje strammes.<\/li>\n<li><strong>Treg drift:<\/strong> Dette kan tyde p\u00e5 lave niv\u00e5er av hydraulikkv\u00e6ske eller behov for lufting av systemet. Sjekk v\u00e6skeniv\u00e5ene og s\u00f8rg for at det ikke er noen luftlommer i systemet.<\/li>\n<li><strong>Uvanlige lyder:<\/strong> Knispende eller susende lyder kan tyde p\u00e5 indre skader eller lavt v\u00e6skeniv\u00e5. Inspiser systemet grundig.<\/li>\n<\/ul>\n<p>\u00c5 h\u00e5ndtere problemer raskt kan forhindre st\u00f8rre mekaniske feil og sikre utstyrets levetid.<\/p>\n<p><img decoding=\"async\" src=\"https:\/\/www.hydraulic-cylinders.net\/wp-content\/uploads\/2025\/04\/songte-bushings-with-all-kinds-of-excavator-models.webp\" alt=\"Foringer for gravemaskinmodeller\" \/><\/p>\n<h2>Selskapsoversikt<\/h2>\n<p>Vi er en ledende produsent og grossist av hydrauliske sylindere, og tilbyr et omfattende utvalg av produkter for ulike bruksomr\u00e5der. V\u00e5r forpliktelse til kvalitet gjenspeiles i v\u00e5r presisjonsproduksjonspraksis og overholdelse av strenge kvalitetsstandarder. Med et sterkt fokus p\u00e5 innovasjon bruker vi avansert teknologi og dyktig personell for \u00e5 forbedre produksjonskapasiteten v\u00e5r.<\/p>\n<p>V\u00e5re tilbud inkluderer skreddersydde l\u00f8sninger for \u00e5 m\u00f8te spesifikke kundebehov, st\u00f8ttet av internasjonale sertifiseringer som bekrefter v\u00e5r forpliktelse til kvalitet. Vi er stolte av v\u00e5re effektive produksjonsprosesser og robuste ettersalgsst\u00f8tte, som sikrer kundetilfredshet i alle ledd.<\/p>\n<p><img decoding=\"async\" src=\"https:\/\/www.hydraulic-cylinders.net\/wp-content\/uploads\/2025\/04\/songte-company-4.webp\" alt=\"Firmabilde 1\" \/><br \/>\n<img decoding=\"async\" src=\"https:\/\/www.hydraulic-cylinders.net\/wp-content\/uploads\/2025\/04\/songte-company-3.webp\" alt=\"Firmabilde 2\" \/><\/p>\n<p>Forfatter: lyl<\/p>","protected":false},"excerpt":{"rendered":"<p>Boom Cylinder For Yanmar VI030-6B Product Overview The Boom Cylinder for Yanmar VI030-6B is a vital component designed specifically for heavy machinery, particularly excavators and backhoes. This hydraulic cylinder plays a crucial role in controlling the movement of the bucket, allowing it to lift, lower, and tilt with precision. These functions are essential for efficient [&hellip;]<\/p>","protected":false},"featured_media":17878,"comment_status":"open","ping_status":"closed","template":"","meta":{"_et_pb_use_builder":"","_et_pb_old_content":"","_et_gb_content_width":""},"product_brand":[],"product_cat":[1546],"product_tag":[1547,1496],"class_list":{"0":"post-19555","1":"product","2":"type-product","3":"status-publish","4":"has-post-thumbnail","6":"product_cat-boom-cylinders","7":"product_tag-boom-cylinders","8":"product_tag-hydraulic-cylinders","10":"first","11":"instock","12":"shipping-taxable","13":"product-type-simple"},"amp_enabled":true,"_links":{"self":[{"href":"https:\/\/www.hydraulic-cylinders.net\/nb\/wp-json\/wp\/v2\/product\/19555","targetHints":{"allow":["GET"]}}],"collection":[{"href":"https:\/\/www.hydraulic-cylinders.net\/nb\/wp-json\/wp\/v2\/product"}],"about":[{"href":"https:\/\/www.hydraulic-cylinders.net\/nb\/wp-json\/wp\/v2\/types\/product"}],"replies":[{"embeddable":true,"href":"https:\/\/www.hydraulic-cylinders.net\/nb\/wp-json\/wp\/v2\/comments?post=19555"}],"wp:featuredmedia":[{"embeddable":true,"href":"https:\/\/www.hydraulic-cylinders.net\/nb\/wp-json\/wp\/v2\/media\/17878"}],"wp:attachment":[{"href":"https:\/\/www.hydraulic-cylinders.net\/nb\/wp-json\/wp\/v2\/media?parent=19555"}],"wp:term":[{"taxonomy":"product_brand","embeddable":true,"href":"https:\/\/www.hydraulic-cylinders.net\/nb\/wp-json\/wp\/v2\/product_brand?post=19555"},{"taxonomy":"product_cat","embeddable":true,"href":"https:\/\/www.hydraulic-cylinders.net\/nb\/wp-json\/wp\/v2\/product_cat?post=19555"},{"taxonomy":"product_tag","embeddable":true,"href":"https:\/\/www.hydraulic-cylinders.net\/nb\/wp-json\/wp\/v2\/product_tag?post=19555"}],"curies":[{"name":"wp","href":"https:\/\/api.w.org\/{rel}","templated":true}]}}