{"id":19564,"date":"2025-04-07T06:54:50","date_gmt":"2025-04-07T06:54:50","guid":{"rendered":"https:\/\/www.hydraulic-cylinders.net\/product\/boom-cylinder-for-yishan-ys70\/"},"modified":"2025-04-07T06:54:52","modified_gmt":"2025-04-07T06:54:52","slug":"boom-cylinder-for-yishan-ys70","status":"publish","type":"product","link":"https:\/\/www.hydraulic-cylinders.net\/nb\/produkt\/boom-cylinder-for-yishan-ys70\/","title":{"rendered":"Bom-sylinder for Yishan YS70"},"content":{"rendered":"<h1>Bom-sylinder for Yishan YS70<\/h1>\n<h2>Introduksjon til bomsylinder<\/h2>\n<p>Bom-sylinderen er en viktig komponent i hydrauliske systemer, spesielt utviklet for \u00e5 kontrollere bevegelsen av skuffer i tunge maskiner som gravemaskiner, traktorgravere og frontlastere. Den muliggj\u00f8r l\u00f8fting, senking og tilting av skuffen, noe som forenkler effektive materialh\u00e5ndteringsoppgaver. Denne typen hydraulisk sylinder spiller en betydelig rolle i \u00e5 forbedre ytelsen og allsidigheten til anleggsutstyr.<\/p>\n<p>Som en hydraulisk sylinder bruker bomsylinderen hydraulisk v\u00e6ske til \u00e5 produsere line\u00e6r bevegelse. Ved \u00e5 manipulere trykket i hydraulikkv\u00e6sken kan operat\u00f8rer oppn\u00e5 presise bevegelser, som er avgj\u00f8rende for oppgaver som graving, lasting og transport av materialer.<\/p>\n<p><img decoding=\"async\" src=\"https:\/\/www.hydraulic-cylinders.net\/wp-content\/uploads\/2025\/04\/songte-company-1.webp\" alt=\"Bilde av bomsylinder\" \/><\/p>\n<h2>Funksjoner p\u00e5 bomsylinderen<\/h2>\n<ul>\n<li>\n<h3>H\u00f8y styrke og holdbarhet<\/h3>\n<p>Bom-sylinderen er vanligvis laget av h\u00f8yfast st\u00e5l eller aluminium, og er konstruert for \u00e5 t\u00e5le h\u00f8yt trykk og tunge belastninger, noe som gj\u00f8r den egnet for t\u00f8ffe arbeidsmilj\u00f8er. Designet tar hensyn til slitestyrke og korrosjonsbeskyttelse, noe som forlenger levetiden.<\/li>\n<li>\n<h3>Effektiv hydraulisk drift<\/h3>\n<p>Bom-sylinderen bruker hydraulisk oljetrykk for jevn forlengelse og inntrekking, noe som muliggj\u00f8r rask respons p\u00e5 f\u00f8rerkommandoer og gir kraftige skyve- og trekkkrefter, som er ideelle for h\u00e5ndtering av tunge gjenstander og komplekse oppgaver.<\/li>\n<li>\n<h3>Ulike sylindertyper<\/h3>\n<p>Bom-sylinderen er tilgjengelig i forskjellige typer, inkludert enkeltvirkende (fungerer i \u00e9n retning) og dobbeltvirkende (fungerer i begge retninger) sylindere. Enkelte modeller er teleskopiske, noe som gir st\u00f8rre forlengelse uten \u00e5 \u00f8ke de ytre m\u00e5lene, noe som gj\u00f8r dem egnet for trange rom.<\/li>\n<\/ul>\n<p>Produktene v\u00e5re kan erstatte eksisterende hydrauliske sylindere p\u00e5 en perfekt m\u00e5te, noe som sikrer kompatibilitet og p\u00e5litelighet.<\/p>\n<p><img decoding=\"async\" src=\"https:\/\/www.hydraulic-cylinders.net\/wp-content\/uploads\/2025\/04\/songte-cylinder-head-with-all-kinds-excavator-models.webp\" alt=\"Gravemaskinmodeller\" \/><\/p>\n<h2>Bruksomr\u00e5der for bomsylinder<\/h2>\n<h3>Anleggsutstyr<\/h3>\n<p>I gravemaskiner er bomsylindere viktige for graving, lasting og flytting av jord eller rusk. Det hydrauliske systemet gir presis kontroll over skuffens bevegelse, slik at f\u00f8rere kan utf\u00f8re ulike oppgaver effektivt. I gravemaskinlastere hjelper bomsylinderen til med b\u00e5de grave- og l\u00f8fteoperasjoner, noe som forbedrer maskinens allsidighet.<\/p>\n<h3>Landbruksmaskiner<\/h3>\n<p>I frontlastere brukes bomsylindre til \u00e5 ut\u00f8se, l\u00f8fte og transportere jord, h\u00f8y og andre materialer. Ved \u00e5 muliggj\u00f8re effektive l\u00f8fte- og t\u00f8mmingsbevegelser forbedrer disse sylindrene produktiviteten betydelig p\u00e5 g\u00e5rder og i landbruksmilj\u00f8er.<\/p>\n<h3>Gravemaskiner<\/h3>\n<p>Bomsylindre gj\u00f8r at skuffen kan trenge effektivt ned i jorden, noe som forenkler gravearbeid. Den hydrauliske kraften gj\u00f8r at skuffen kan ut\u00f8ve den n\u00f8dvendige kraften for \u00e5 bryte gjennom vanskelige overflater, noe som gj\u00f8r den til et viktig element i bygging og landutvikling.<\/p>\n<h3>Lastere<\/h3>\n<p>I frontlastere hjelper bomsylindrene med \u00e5 l\u00f8fte og dumpe last effektivt. Designet deres gir jevn artikulasjon og kontroll, noe som forbedrer lasterens driftsegenskaper i ulike bruksomr\u00e5der.<\/p>\n<h2>Designhensyn og utvalgskriterier<\/h2>\n<h3>Lastekapasitet<\/h3>\n<p>N\u00e5r du velger en bomsylinder, er lastekapasiteten en av de viktigste faktorene. Den bestemmer den maksimale vekten sylinderen kan h\u00e5ndtere uten at det g\u00e5r p\u00e5 bekostning av den strukturelle integriteten. En sylinder designet for h\u00f8ybelastningsapplikasjoner m\u00e5 gjennomg\u00e5 grundige tester for \u00e5 sikre p\u00e5litelighet og sikkerhet under ekstreme forhold.<\/p>\n<h3>Tettingsintegritet<\/h3>\n<p>Tetting spiller en viktig rolle i det hydrauliske systemets effektivitet. \u00c5 velge riktige tetninger bidrar til \u00e5 forhindre lekkasjer av hydraulisk v\u00e6ske, noe som sikrer optimal ytelse og minimerer vedlikeholdskostnader. Bruken av h\u00f8ykvalitets tetningsmaterialer som polyuretan og nitrilgummi forbedrer holdbarhet og slitestyrke.<\/p>\n<h3>Varighet<\/h3>\n<p>Holdbarhet er avgj\u00f8rende for hydrauliske sylindere som er utsatt for t\u00f8ffe milj\u00f8er. Materialer og belegg som motst\u00e5r korrosjon og slitasje forlenger levetiden til bomsylinderen, noe som gj\u00f8r den til en mer kostnadseffektiv investering for operat\u00f8rer.<\/p>\n<h3>Sikkerhetsstandarder<\/h3>\n<p>Det er avgj\u00f8rende \u00e5 overholde sikkerhetsstandarder ved utforming av bomsylindere for \u00e5 sikre f\u00f8rersikkerhet og utstyrets levetid. Overholdelse av bransjeforskrifter \u00f8ker produktets p\u00e5litelighet i markedet.<\/p>\n<h3>Vedlikeholdstilgjengelighet<\/h3>\n<p>Det er avgj\u00f8rende \u00e5 designe bomsylindere for enkelt vedlikehold for \u00e5 minimere nedetid. Funksjoner som muliggj\u00f8r enkel inspeksjon, sm\u00f8ring og utskifting av deler bidrar til den generelle driftseffektiviteten.<\/p>\n<p><img decoding=\"async\" src=\"https:\/\/www.hydraulic-cylinders.net\/wp-content\/uploads\/2025\/04\/songte-oil-pipes-and-spare-parts.webp\" alt=\"Oljer\u00f8r og reservedeler\" \/><\/p>\n<h2>Tetting og sm\u00f8ring<\/h2>\n<p>Effektiv tetting er avgj\u00f8rende for \u00e5 sikre problemfri drift av bomsylindre. Ulike tetninger brukes, inkludert stempeltetninger og stangtetninger, som ofte er laget av slitesterke materialer som polyuretan og nitrilgummi. Sylinderhuset og gjengede ender gjennomg\u00e5r finmaskinering for \u00e5 forbedre slitestyrken, noe som sikrer langvarig ytelse. Regelmessig sm\u00f8ring med riktig hydraulikkolje er n\u00f8dvendig for \u00e5 opprettholde funksjonaliteten til tetningene og selve sylinderen, forhindre driftsproblemer og forlenge produktets levetid.<\/p>\n<h2>Forebyggende vedlikeholdstiltak<\/h2>\n<ul>\n<li>\n<h3>Regelmessige inspeksjoner<\/h3>\n<p>Det er viktig \u00e5 utf\u00f8re hyppige inspeksjoner av bomsylinderen for tegn p\u00e5 slitasje, lekkasjer eller skader. Tidlig oppdagelse av problemer muliggj\u00f8r rettidige reparasjoner, noe som forhindrer mer betydelige problemer som kan f\u00f8re til kostbar nedetid.<\/h3>\n<\/li>\n<li>\n<h3>Riktig sm\u00f8ring<\/h3>\n<p>Tilstrekkelig sm\u00f8ring av bevegelige deler er viktig for \u00e5 redusere friksjon og slitasje. Regelmessig kontroll og etterfylling av hydraulikkv\u00e6skeniv\u00e5er vil bidra til \u00e5 opprettholde optimal driftseffektivitet.<\/h3>\n<\/li>\n<li>\n<h3>Utskifting av tetning<\/h3>\n<p>Over tid kan pakninger bli slitt ned og kreve utskifting. \u00c5 identifisere riktig tidspunkt for pakningsutskifting kan forhindre lekkasjer og opprettholde systemets integritet.<\/h3>\n<\/li>\n<\/ul>\n<h2>Installasjonsretningslinjer<\/h2>\n<p>Riktig installasjon av bomsylinderen er avgj\u00f8rende for dens ytelse og levetid. F\u00f8rst m\u00e5 du s\u00f8rge for at sylinderen er riktig justert med maskineriet for \u00e5 forhindre un\u00f8dig belastning p\u00e5 komponentene. Bruk passende monteringsbraketter for \u00e5 feste sylinderen p\u00e5 plass, noe som bidrar til \u00e5 opprettholde justeringen og redusere vibrasjon under drift. F\u00f8lg produsentens spesifikasjoner for tilkobling av hydrauliske ledninger, og s\u00f8rg for \u00e5 unng\u00e5 knekk eller skarpe b\u00f8yer som kan begrense v\u00e6skestr\u00f8mmen. Til slutt, etter installasjon, test det hydrauliske systemet for \u00e5 bekrefte at bomsylinderen fungerer jevnt og uten lekkasjer.<\/p>\n<h2>Vanlige vedlikeholdsoppgaver<\/h2>\n<h3>Regelmessige kontroller<\/h3>\n<p>Regelmessige inspeksjoner bidrar til \u00e5 identifisere potensielle problemer f\u00f8r de eskalerer. Se etter tegn p\u00e5 slitasje, lekkasjer eller skader under kontroller. \u00c5 f\u00f8re en vedlikeholdslogg kan bidra til \u00e5 spore ytelsen og oppdage m\u00f8nstre over tid.<\/p>\n<h3>Riktig sm\u00f8ring<\/h3>\n<p>Det er avgj\u00f8rende \u00e5 opprettholde riktig sm\u00f8reniv\u00e5 for at bomsylinderen skal fungere problemfritt. S\u00f8rg for at sm\u00f8remidler p\u00e5f\u00f8res i henhold til produsentens anbefalinger for \u00e5 unng\u00e5 at pakninger og andre komponenter forringes.<\/p>\n<h3>Utskifting av tetninger og kalibreringskontroller<\/h3>\n<p>Rutinemessige kalibreringskontroller sikrer at bomsylinderen yter optimalt. Hvis kalibreringen indikerer avvik i driften, kan det v\u00e6re n\u00f8dvendig \u00e5 bytte tetninger eller justere det hydrauliske systemet for \u00e5 gjenopprette riktig funksjon.<\/p>\n<p><img decoding=\"async\" src=\"https:\/\/www.hydraulic-cylinders.net\/wp-content\/uploads\/2025\/04\/songte-chushion-collar.webp\" alt=\"Putekrage\" \/><\/p>\n<h2>Sikkerhetshensyn og milj\u00f8faktorer<\/h2>\n<p>N\u00e5r man arbeider med hydrauliske systemer, er det avgj\u00f8rende \u00e5 implementere sikkerhetstiltak. S\u00f8rg alltid for at operat\u00f8rer er oppl\u00e6rt i sikker bruk av bomsylindere. Utstyr b\u00f8r inspiseres regelmessig for \u00e5 forhindre ulykker relatert til utstyrsfeil. I tillegg b\u00f8r man vurdere milj\u00f8p\u00e5virkningen av hydrauliske v\u00e6sker og velge biologisk nedbrytbare alternativer n\u00e5r det er tilgjengelig for \u00e5 minimere \u00f8kologisk skade.<\/p>\n<h2>Feils\u00f8king og vanlige problemer<\/h2>\n<ul>\n<li>\n<h3>Lekkasje<\/h3>\n<p>Lekkasjer kan oppst\u00e5 p\u00e5 grunn av slitte pakninger eller skadede komponenter. For \u00e5 l\u00f8se dette, kontroller pakningene for slitasje og bytt dem ut etter behov, og s\u00f8rg for at alle beslag er tette og sikre.<\/h3>\n<\/li>\n<li>\n<h3>Inkonsekvent ytelse<\/h3>\n<p>Hvis bomsylinderen fungerer uregelmessig, sjekk hydraulikkv\u00e6skeniv\u00e5ene og inspiser for luft i systemet. Det kan v\u00e6re n\u00f8dvendig \u00e5 lufte systemet for \u00e5 sikre jevn trykktilf\u00f8rsel.<\/h3>\n<\/li>\n<li>\n<h3>Overoppheting<\/h3>\n<p>Overoppheting av hydraulikkv\u00e6sken kan indikere et problem med systemets kj\u00f8ling. \u00c5 s\u00f8rge for riktig v\u00e6skeniv\u00e5 og kontrollere kj\u00f8lesystemet for blokkeringer kan bidra til \u00e5 lindre dette problemet.<\/h3>\n<\/li>\n<\/ul>\n<p>Implementering av forebyggende tiltak kan redusere sannsynligheten for at disse problemene oppst\u00e5r betydelig, og dermed forbedre bomsylinderens generelle p\u00e5litelighet.<\/p>\n<p><img decoding=\"async\" src=\"https:\/\/www.hydraulic-cylinders.net\/wp-content\/uploads\/2025\/04\/songte-bushings-with-all-kinds-of-excavator-models.webp\" alt=\"Foringer med gravemaskinmodeller\" \/><\/p>\n<h2>Om selskapet v\u00e5rt<\/h2>\n<p>Vi er en ledende produsent og grossist av hydrauliske sylindere, og er dedikert til \u00e5 tilby alternativer av h\u00f8y kvalitet for ulike bruksomr\u00e5der. V\u00e5rt omfattende produktsortiment og v\u00e5r forpliktelse til kvalitet har gjort oss til en fremtredende akt\u00f8r i b\u00e5de nasjonale og internasjonale markeder. Vi overholder strenge kvalitetsstandarder og bruker avanserte produksjonsteknikker, noe som sikrer at produktene v\u00e5re oppfyller kundenes ulike behov.<\/p>\n<p>V\u00e5r ekspertise st\u00f8ttes av en dyktig arbeidsstyrke, toppmoderne digitalt produksjonsutstyr og robuste testsystemer, noe som forbedrer produksjonskapasiteten v\u00e5r. Vi prioriterer kvalitet, effektivitet og presisjon, slik at vi kan oppfylle kundenes unike krav effektivt. V\u00e5rt omd\u00f8mme er bygget p\u00e5 p\u00e5litelighet, innovative l\u00f8sninger og eksepsjonell ettersalgsservice.<\/p>\n<p><img decoding=\"async\" src=\"https:\/\/www.hydraulic-cylinders.net\/wp-content\/uploads\/2025\/04\/songte-company-4.webp\" alt=\"Firmabilde 1\" \/><br \/>\n<img decoding=\"async\" src=\"https:\/\/www.hydraulic-cylinders.net\/wp-content\/uploads\/2025\/04\/songte-company-3.webp\" alt=\"Firmabilde 2\" \/><\/p>\n<p>Forfatter: lyl<\/p>","protected":false},"excerpt":{"rendered":"<p>Boom Cylinder For Yishan YS70 Introduction to Boom Cylinder The Boom Cylinder is a crucial component in hydraulic systems, specifically designed for controlling the movement of buckets in heavy machinery such as excavators, backhoe loaders, and front loaders. It allows for the lifting, lowering, and tilting of the bucket, facilitating efficient material handling tasks. This [&hellip;]<\/p>","protected":false},"featured_media":17872,"comment_status":"open","ping_status":"closed","template":"","meta":{"_et_pb_use_builder":"","_et_pb_old_content":"","_et_gb_content_width":""},"product_brand":[],"product_cat":[1546],"product_tag":[1547,1496],"class_list":{"0":"post-19564","1":"product","2":"type-product","3":"status-publish","4":"has-post-thumbnail","6":"product_cat-boom-cylinders","7":"product_tag-boom-cylinders","8":"product_tag-hydraulic-cylinders","10":"first","11":"instock","12":"shipping-taxable","13":"product-type-simple"},"amp_enabled":true,"_links":{"self":[{"href":"https:\/\/www.hydraulic-cylinders.net\/nb\/wp-json\/wp\/v2\/product\/19564","targetHints":{"allow":["GET"]}}],"collection":[{"href":"https:\/\/www.hydraulic-cylinders.net\/nb\/wp-json\/wp\/v2\/product"}],"about":[{"href":"https:\/\/www.hydraulic-cylinders.net\/nb\/wp-json\/wp\/v2\/types\/product"}],"replies":[{"embeddable":true,"href":"https:\/\/www.hydraulic-cylinders.net\/nb\/wp-json\/wp\/v2\/comments?post=19564"}],"wp:featuredmedia":[{"embeddable":true,"href":"https:\/\/www.hydraulic-cylinders.net\/nb\/wp-json\/wp\/v2\/media\/17872"}],"wp:attachment":[{"href":"https:\/\/www.hydraulic-cylinders.net\/nb\/wp-json\/wp\/v2\/media?parent=19564"}],"wp:term":[{"taxonomy":"product_brand","embeddable":true,"href":"https:\/\/www.hydraulic-cylinders.net\/nb\/wp-json\/wp\/v2\/product_brand?post=19564"},{"taxonomy":"product_cat","embeddable":true,"href":"https:\/\/www.hydraulic-cylinders.net\/nb\/wp-json\/wp\/v2\/product_cat?post=19564"},{"taxonomy":"product_tag","embeddable":true,"href":"https:\/\/www.hydraulic-cylinders.net\/nb\/wp-json\/wp\/v2\/product_tag?post=19564"}],"curies":[{"name":"wp","href":"https:\/\/api.w.org\/{rel}","templated":true}]}}