{"id":19568,"date":"2025-04-07T06:55:02","date_gmt":"2025-04-07T06:55:02","guid":{"rendered":"https:\/\/www.hydraulic-cylinders.net\/product\/boom-cylinder-for-john-deere-e260lc\/"},"modified":"2025-04-07T06:55:04","modified_gmt":"2025-04-07T06:55:04","slug":"boom-cylinder-for-john-deere-e260lc","status":"publish","type":"product","link":"https:\/\/www.hydraulic-cylinders.net\/nb\/produkt\/boom-cylinder-for-john-deere-e260lc\/","title":{"rendered":"Bom-sylinder til John Deere E260LC"},"content":{"rendered":"<h1>Bom-sylinder til John Deere E260LC<\/h1>\n<h2>Introduksjon til bomsylindere<\/h2>\n<p>En bomsylinder er en kritisk komponent i hydrauliske systemer, spesielt utviklet for \u00e5 kontrollere bevegelsen til skuffer i diverse tunge maskiner, som gravemaskiner, traktorgravere og frontlastere. Denne hydrauliske sylinderen gj\u00f8r det mulig \u00e5 l\u00f8fte, senke og tilte skuffen, noe som muliggj\u00f8r effektive materialh\u00e5ndteringsoppgaver. Ved \u00e5 bruke trykksatt hydraulisk v\u00e6ske aktiverer bomsylindere bevegelsen til skuffen, slik at operat\u00f8rer kan utf\u00f8re grave-, laste- og transportoperasjoner med presisjon og enkelhet.<\/p>\n<p><img decoding=\"async\" src=\"https:\/\/www.hydraulic-cylinders.net\/wp-content\/uploads\/2025\/04\/songte-company-1.webp\" alt=\"Bom-sylinder\"><\/p>\n<h2>Viktige funksjoner p\u00e5 bomsylinderen<\/h2>\n<ul>\n<li><strong>H\u00f8y styrke og holdbarhet:<\/strong> Disse sylindrene er konstruert av h\u00f8yfast st\u00e5l eller aluminium, og er bygget for \u00e5 t\u00e5le h\u00f8yt trykk og tunge belastninger, noe som gj\u00f8r dem egnet for t\u00f8ffe arbeidsmilj\u00f8er. Designet deres inkluderer slitestyrke og korrosjonsbeskyttelse for \u00e5 forlenge levetiden.<\/li>\n<li><strong>Effektiv hydraulisk drift:<\/strong> Sylinderen bruker hydraulisk v\u00e6sketrykk for jevn forlengelse og tilbaketrekking, reagerer raskt p\u00e5 f\u00f8rerkommandoer og gir kraftig skyve- og trekkekraft for h\u00e5ndtering av tunge og komplekse oppgaver.<\/li>\n<li><strong>Ulike typer:<\/strong> Bomsylindre kan tilpasses som enkeltvirkende (med hydraulikk i \u00e9n retning) eller dobbeltvirkende (med hydraulikk i begge retninger), for \u00e5 dekke ulike driftsbehov. Noen modeller er teleskopiske, noe som gir st\u00f8rre forlengelse uten \u00e5 \u00f8ke de ytre m\u00e5lene, noe som er ideelt for plassbegrensede applikasjoner.<\/li>\n<li><strong>Kompatibilitet:<\/strong> Produktene v\u00e5re fungerer som perfekte erstatninger for ulike hydrauliske sylindere, og sikrer s\u00f8ml\u00f8s integrasjon og ytelse.<\/li>\n<\/ul>\n<p><img decoding=\"async\" src=\"https:\/\/www.hydraulic-cylinders.net\/wp-content\/uploads\/2025\/04\/songte-cylinder-head-with-all-kinds-excavator-models.webp\" alt=\"Gravemaskinmodeller\"><\/p>\n<h2>Bruksomr\u00e5der for bomsylindere<\/h2>\n<h3>Anleggsutstyr<\/h3>\n<p>I gravemaskiner er bomsylindre avgj\u00f8rende for graving, lasting og flytting av jord eller rusk. Deres evne til \u00e5 gi den n\u00f8dvendige hydrauliske kraften gj\u00f8r at operat\u00f8rer effektivt kan fullf\u00f8re graveprosjekter. I gravemaskinlastere hjelper disse sylindrene ikke bare med graving, men ogs\u00e5 med \u00e5 l\u00f8fte materialer, noe som viser hvor allsidige de er i anleggsoppgaver.<\/p>\n<h3>Landbruksmaskiner<\/h3>\n<p>I frontlastere brukes bomsylindre til \u00e5 utarbeide, l\u00f8fte og transportere jord, h\u00f8y og andre materialer. Den robuste designen sikrer at de kan h\u00e5ndtere kravene til landbruksarbeid, slik at b\u00f8nder kan forbedre produktiviteten og effektiviteten i driften.<\/p>\n<h3>Gravemaskiner<\/h3>\n<p>Bom-sylinderen spiller en avgj\u00f8rende rolle i \u00e5 gj\u00f8re det mulig for skuffen \u00e5 trenge ned i bakken under utgraving. Ved \u00e5 legge til rette for gravebevegelsen forbedrer disse sylindrene gravemaskinens generelle ytelse under ulike jordforhold, noe som gj\u00f8r dem uvurderlige for bygge- og landskapsprosjekter.<\/p>\n<h3>Lastere<\/h3>\n<p>I frontlastere hjelper bomsylindre med \u00e5 l\u00f8fte og losse last effektivt. Deres hydrauliske kraft muliggj\u00f8r jevn lasting og lossing av materialer, noe som er viktig for ulike bransjer, inkludert bygg og anlegg og avfallsh\u00e5ndtering.<\/p>\n<h2>Designhensyn og utvalgskriterier<\/h2>\n<h3>Lastekapasitet<\/h3>\n<p>N\u00e5r du velger en bomsylinder, er en av de viktigste faktorene lastekapasiteten. Det er viktig \u00e5 velge en sylinder som kan h\u00e5ndtere den maksimale vekten som forventes under drift uten at det g\u00e5r p\u00e5 bekostning av sikkerhet eller ytelse. Lastekapasiteten m\u00e5 samsvare med spesifikasjonene til maskineriet den skal betjene, slik at den kan yte effektivt under tunge belastninger.<\/p>\n<h3>Tetningsteknologi<\/h3>\n<p>Et annet kritisk aspekt ved design er tetningsteknologi. Tetninger av h\u00f8y kvalitet forhindrer lekkasje av hydraulisk v\u00e6ske, og opprettholder dermed trykk og effektivitet i systemet. Valg av materialer for tetninger, som polyuretan eller nitrilgummi, er avgj\u00f8rende for \u00e5 sikre lang levetid og ytelse, ettersom disse materialene gir utmerket slitestyrke og holdbarhet, noe som reduserer hyppigheten av tetningsutskiftninger.<\/p>\n<h3>Varighet<\/h3>\n<p>Holdbarhet er avgj\u00f8rende i t\u00f8ffe arbeidsmilj\u00f8er. Bomsylindre b\u00f8r v\u00e6re konstruert for \u00e5 t\u00e5le ekstreme forhold, inkludert h\u00f8yt trykk, ekstreme temperaturer og eksponering for korrosive elementer. Dette kan inneb\u00e6re bruk av spesialiserte belegg og materialer som forbedrer motstanden mot slitasje, korrosjon og milj\u00f8faktorer, og dermed forlenger levetiden.<\/p>\n<h3>Sikkerhetsfunksjoner<\/h3>\n<p>Sikkerhet er en viktig faktor ved utforming av bomsylindere. Funksjoner som trykkavlastningsventiler og robust konstruksjon kan forhindre katastrofale feil, og sikre at operat\u00f8rene er beskyttet under drift. Implementering av sikkerhetstiltak beskytter ikke bare personell, men beskytter ogs\u00e5 maskineriet mot skade.<\/p>\n<h3>Vedlikeholdstilgjengelighet<\/h3>\n<p>Til slutt er enkelt vedlikehold et viktig designkriterium. En godt designet bomsylinder b\u00f8r gi enkel tilgang til viktige komponenter for inspeksjon og service, noe som minimerer nedetid og legger til rette for regelmessige vedlikeholdsrutiner. Denne tilgjengeligheten kan forbedre maskineriets driftseffektivitet betydelig og sikre at det forblir i optimal driftstilstand.<\/p>\n<p><img decoding=\"async\" src=\"https:\/\/www.hydraulic-cylinders.net\/wp-content\/uploads\/2025\/04\/songte-oil-pipes-and-spare-parts.webp\" alt=\"Oljer\u00f8r og reservedeler\"><\/p>\n<h2>Tetting og sm\u00f8ring<\/h2>\n<p>Effektiv tetting og sm\u00f8ring er avgj\u00f8rende for bomsylindrenes levetid og ytelse. Ulike tetninger, som stempeltetninger og stangtetninger, brukes for \u00e5 forhindre lekkasjer av hydraulisk v\u00e6ske. Valget av slitesterke materialer, som polyuretan og nitrilgummi, sikrer at disse tetningene t\u00e5ler slitasje og opprettholder det hydrauliske systemets integritet. I tillegg er sylinderhuset og de gjengede endeflatene finmaskinert for \u00e5 forbedre slitestyrken.<\/p>\n<p>Det er viktig \u00e5 jevnlig etterfylle riktig hydraulikkolje for sm\u00f8ring. Riktig sm\u00f8ring minimerer friksjon og slitasje mellom bevegelige deler, noe som sikrer jevnere drift og reduserer risikoen for mekanisk svikt. Det er viktig \u00e5 etablere en sm\u00f8replan for \u00e5 holde det hydrauliske systemet i effektiv drift.<\/p>\n<h2>Regelmessig inspeksjon og forebyggende vedlikehold<\/h2>\n<ul>\n<li><strong>Rutinemessige inspeksjoner:<\/strong> Regelmessige visuelle inspeksjoner kan bidra til \u00e5 identifisere tegn p\u00e5 slitasje eller skade tidlig, slik at det kan utf\u00f8res reparasjoner i tide f\u00f8r st\u00f8rre problemer oppst\u00e5r. Se etter v\u00e6skelekkasjer, sprekker eller uvanlige lyder under drift.<\/li>\n<li><strong>Riktig sm\u00f8ring:<\/strong> S\u00f8rg for at det hydrauliske systemet er tilstrekkelig smurt i henhold til produsentens anbefalinger. Dette vil bidra til \u00e5 opprettholde optimal ytelse og forlenge sylinderens levetid.<\/li>\n<li><strong>Utskifting av tetning:<\/strong> Over tid kan pakninger slites ut og trenge utskifting. Sjekk pakningene regelmessig for tegn p\u00e5 skade, og skift dem ut etter behov for \u00e5 forhindre lekkasjer av hydraulisk v\u00e6ske og opprettholde effektiviteten.<\/li>\n<\/ul>\n<h2>Installasjonsretningslinjer<\/h2>\n<p>Riktig montering av en bomsylinder er avgj\u00f8rende for dens ytelse og levetid. Begynn med \u00e5 s\u00f8rge for at arbeidsplassen er ren og organisert, slik at risikoen for forurensning under installasjonen minimeres. Riktig justering av sylinderen er viktig; feiljustering kan f\u00f8re til for tidlig slitasje og potensiell feil. Bruk passende monteringsbraketter for \u00e5 feste sylinderen godt p\u00e5 plass.<\/p>\n<p>F\u00f8r installasjon, kontroller alle komponenter for skader. S\u00f8rg for at hydraulikkledningene er fri for blokkeringer og at alle koblinger er rene. N\u00e5r de er justert, koble de hydrauliske ledningene forsiktig til, og s\u00f8rg for \u00e5 f\u00f8lge produsentens spesifikasjoner for momentinnstillinger. Etter installasjon, utf\u00f8r en grundig sjekk for eventuelle lekkasjer og kontroller at sylinderen fungerer problemfritt f\u00f8r du tar den i bruk.<\/p>\n<h2>Vanlige vedlikeholdsoppgaver<\/h2>\n<ul>\n<li><strong>Regelmessige inspeksjoner:<\/strong> Regelmessige inspeksjoner bidrar til \u00e5 identifisere potensielle problemer tidlig. Se etter lekkasjer, sjekk tegn p\u00e5 slitasje p\u00e5 pakninger og slanger, og s\u00f8rg for at sylinderen fungerer problemfritt uten uvanlige lyder.<\/li>\n<li><strong>Riktig sm\u00f8ring:<\/strong> Det er avgj\u00f8rende for sylinderens funksjonalitet \u00e5 opprettholde riktig sm\u00f8reniv\u00e5. F\u00f8lg produsentens retningslinjer for type og hyppighet av sm\u00f8ring for \u00e5 forhindre slitasje.<\/li>\n<li><strong>Utskifting av tetning:<\/strong> Sjekk tetningene regelmessig for skader og skift dem ut etter behov for \u00e5 forhindre lekkasjer. S\u00f8rg for riktig montering av nye tetninger for \u00e5 opprettholde hydraulisk trykk og effektivitet.<\/li>\n<\/ul>\n<p>Riktig installasjon, sm\u00f8ring og justering er avgj\u00f8rende for \u00e5 maksimere levetiden til bomsylindrene. S\u00f8rg for at sylinderen er riktig justert under installasjonen for \u00e5 forhindre un\u00f8dig belastning p\u00e5 komponentene. Bruk av riktige monteringsst\u00f8tter kan redusere risikoen for feiljustering betydelig.<\/p>\n<h2>Sikkerhetshensyn og milj\u00f8faktorer<\/h2>\n<p>Sikkerhetstiltak er avgj\u00f8rende n\u00e5r man bruker bomsylindere. Operat\u00f8rer b\u00f8r v\u00e6re klar over de potensielle farene forbundet med hydrauliske systemer. \u00c5 s\u00f8rge for at alt sikkerhetsutstyr brukes og at protokoller f\u00f8lges kan forhindre ulykker. Regelmessig oppl\u00e6ring i sikker betjening av maskiner utstyrt med bomsylindere anbefales ogs\u00e5 for \u00e5 \u00f8ke bevisstheten og redusere risikoer.<\/p>\n<h2>Feildiagnose og vanlige problemer<\/h2>\n<ul>\n<li><strong>Lekkasjer av hydraulisk v\u00e6ske:<\/strong> Et av de vanligste problemene er v\u00e6skelekkasje, som kan skyldes slitte pakninger eller skadede slanger. Regelmessige kontroller kan bidra til \u00e5 identifisere og h\u00e5ndtere lekkasjer raskt.<\/li>\n<li><strong>Tap av str\u00f8m:<\/strong> Hvis bomsylinderen reagerer tregt eller mangler kraft, kan det tyde p\u00e5 lave hydrauliske v\u00e6skeniv\u00e5er eller problemer med pumpen. Det er viktig \u00e5 diagnostisere \u00e5rsaken til problemet for effektiv l\u00f8sning.<\/li>\n<li><strong>Uvanlige lyder:<\/strong> Slipende eller bankende lyder under drift kan tyde p\u00e5 mekanisk slitasje eller feiljustering. Det er avgj\u00f8rende \u00e5 unders\u00f8ke kilden til st\u00f8yen og h\u00e5ndtere den raskt for \u00e5 unng\u00e5 ytterligere skade.<\/li>\n<\/ul>\n<p>For \u00e5 kunne diagnostisere og l\u00f8se problemer effektivt, anbefales det \u00e5 konsultere produsentens feils\u00f8kingsveiledning. Forebyggende tiltak, som regelmessig vedlikehold og inspeksjoner, kan minimere risikoen for \u00e5 st\u00f8te p\u00e5 disse vanlige problemene betydelig.<\/p>\n<p><img decoding=\"async\" src=\"https:\/\/www.hydraulic-cylinders.net\/wp-content\/uploads\/2025\/04\/songte-bushings-with-all-kinds-of-excavator-models.webp\" alt=\"Foringer med gravemaskinmodeller\"><\/p>\n<h2>Om selskapet v\u00e5rt<\/h2>\n<p>Vi er en ledende produsent av hydrauliske sylindere for utskifting, og tilbyr et omfattende utvalg av produkter for \u00e5 m\u00f8te behovene til b\u00e5de innenlandske og internasjonale markeder. V\u00e5r forpliktelse til kvalitet driver oss til \u00e5 overholde strenge kvalitetsstandarder, ved \u00e5 bruke en raffinert produksjonsprosess og avanserte strategier for produksjonsstyring.<\/p>\n<p>V\u00e5rt selskap er stolt av \u00e5 ha dyktig teknisk personell, bruke avansert digitalt produksjonsutstyr og implementere spesialiserte testsystemer for kontinuerlig \u00e5 forbedre produksjonskapasiteten v\u00e5r. Denne dedikasjonen til kvalitet sikrer at vi m\u00f8ter ulike kundekrav med h\u00f8y effektivitet, presisjon og kvalitet.<\/p>\n<p><img decoding=\"async\" src=\"https:\/\/www.hydraulic-cylinders.net\/wp-content\/uploads\/2025\/04\/songte-company-4.webp\" alt=\"Selskapsoversikt\"><br \/>\n<img decoding=\"async\" src=\"https:\/\/www.hydraulic-cylinders.net\/wp-content\/uploads\/2025\/04\/songte-company-3.webp\" alt=\"Selskapets fasiliteter\"><\/p>\n<p>Gjennom v\u00e5rt fokus p\u00e5 profesjonalitet, internasjonale sertifiseringer, tilpassede tjenester, avansert produksjonsutstyr og eksepsjonell ettersalgsst\u00f8tte, streber vi etter \u00e5 levere service og kvalitet p\u00e5 h\u00f8yeste niv\u00e5 til v\u00e5re verdsatte kunder.<\/p>\n<p>Forfatter: lyl<\/p>","protected":false},"excerpt":{"rendered":"<p>Boom Cylinder For John Deere E260LC Introduction to Boom Cylinders A boom cylinder is a critical component in hydraulic systems, specifically designed to control the movement of buckets in various heavy machinery, such as excavators, backhoe loaders, and front-end loaders. This hydraulic cylinder enables the bucket to lift, lower, and tilt, facilitating efficient material handling [&hellip;]<\/p>","protected":false},"featured_media":17876,"comment_status":"open","ping_status":"closed","template":"","meta":{"_et_pb_use_builder":"","_et_pb_old_content":"","_et_gb_content_width":""},"product_brand":[],"product_cat":[1546],"product_tag":[1547,1496],"class_list":{"0":"post-19568","1":"product","2":"type-product","3":"status-publish","4":"has-post-thumbnail","6":"product_cat-boom-cylinders","7":"product_tag-boom-cylinders","8":"product_tag-hydraulic-cylinders","10":"first","11":"instock","12":"shipping-taxable","13":"product-type-simple"},"amp_enabled":true,"_links":{"self":[{"href":"https:\/\/www.hydraulic-cylinders.net\/nb\/wp-json\/wp\/v2\/product\/19568","targetHints":{"allow":["GET"]}}],"collection":[{"href":"https:\/\/www.hydraulic-cylinders.net\/nb\/wp-json\/wp\/v2\/product"}],"about":[{"href":"https:\/\/www.hydraulic-cylinders.net\/nb\/wp-json\/wp\/v2\/types\/product"}],"replies":[{"embeddable":true,"href":"https:\/\/www.hydraulic-cylinders.net\/nb\/wp-json\/wp\/v2\/comments?post=19568"}],"wp:featuredmedia":[{"embeddable":true,"href":"https:\/\/www.hydraulic-cylinders.net\/nb\/wp-json\/wp\/v2\/media\/17876"}],"wp:attachment":[{"href":"https:\/\/www.hydraulic-cylinders.net\/nb\/wp-json\/wp\/v2\/media?parent=19568"}],"wp:term":[{"taxonomy":"product_brand","embeddable":true,"href":"https:\/\/www.hydraulic-cylinders.net\/nb\/wp-json\/wp\/v2\/product_brand?post=19568"},{"taxonomy":"product_cat","embeddable":true,"href":"https:\/\/www.hydraulic-cylinders.net\/nb\/wp-json\/wp\/v2\/product_cat?post=19568"},{"taxonomy":"product_tag","embeddable":true,"href":"https:\/\/www.hydraulic-cylinders.net\/nb\/wp-json\/wp\/v2\/product_tag?post=19568"}],"curies":[{"name":"wp","href":"https:\/\/api.w.org\/{rel}","templated":true}]}}