{"id":19573,"date":"2025-04-07T06:55:15","date_gmt":"2025-04-07T06:55:15","guid":{"rendered":"https:\/\/www.hydraulic-cylinders.net\/product\/boom-cylinder-for-john-deere-e360lc\/"},"modified":"2025-04-07T06:55:18","modified_gmt":"2025-04-07T06:55:18","slug":"boom-cylinder-for-john-deere-e360lc","status":"publish","type":"product","link":"https:\/\/www.hydraulic-cylinders.net\/nb\/produkt\/boom-cylinder-for-john-deere-e360lc\/","title":{"rendered":"Bom-sylinder til John Deere E360LC"},"content":{"rendered":"<h1>Bom-sylinder til John Deere E360LC<\/h1>\n<h2>Hva er en bomsylinder?<\/h2>\n<p>En bomsylinder er en type hydraulisk sylinder som er spesielt utviklet for \u00e5 kontrollere bevegelsen til bommen i tunge maskiner som gravemaskiner, traktorgravere og frontlastere. Denne hydrauliske sylinderen lar bommen heve, senke og tilte, noe som forenkler materialh\u00e5ndteringsoppgaver med presisjon og effektivitet. I hydrauliske systemer spiller bomsylindere en kritisk rolle ved \u00e5 konvertere hydraulisk trykk til mekanisk kraft, som igjen muliggj\u00f8r bevegelse av tunge utstyrskomponenter. De er viktige for \u00e5 utf\u00f8re oppgaver som involverer graving, l\u00f8fting og transport av materialer.<\/p>\n<p><img decoding=\"async\" src=\"https:\/\/www.hydraulic-cylinders.net\/wp-content\/uploads\/2025\/04\/songte-company-1.webp\" alt=\"Bilde av bomsylinder\"><\/p>\n<h2>Viktige funksjoner p\u00e5 bomsylinderen<\/h2>\n<ul>\n<li><strong>H\u00f8y styrke og holdbarhet:<\/strong> Bomsylindre er vanligvis laget av h\u00f8yfast st\u00e5l eller aluminium, og t\u00e5ler h\u00f8yt trykk og tunge belastninger, noe som gj\u00f8r dem egnet for t\u00f8ffe arbeidsmilj\u00f8er. De er designet med tanke p\u00e5 slitestyrke og korrosjonsbeskyttelse, noe som forlenger levetiden.<\/li>\n<li><strong>Effektiv hydraulisk drift:<\/strong> De bruker hydraulisk oljetrykk for \u00e5 oppn\u00e5 jevn forlengelse og tilbaketrekking, noe som gir rask respons p\u00e5 kontrollkommandoer. Dette gir kraftige skyve- og trekkkrefter, ideelle for h\u00e5ndtering av tunge materialer og komplekse oppgaver.<\/li>\n<li><strong>Ulike typer tilgjengelig:<\/strong> Bomsylindre kan velges som enkeltvirkende (ved bruk av hydraulisk trykk i \u00e9n retning) eller dobbeltvirkende (ved bruk av hydraulisk trykk i begge retninger) for \u00e5 m\u00f8te ulike driftsbehov. Enkelte modeller er teleskopiske, noe som gir st\u00f8rre forlengelse uten \u00e5 \u00f8ke de ytre m\u00e5lene, noe som gj\u00f8r dem egnet for plassbegrensede bruksomr\u00e5der.<\/li>\n<li><strong>Tilpasset produksjon:<\/strong> Vi produserer disse produktene for \u00e5 erstatte eksisterende hydrauliske sylindere p\u00e5 en perfekt m\u00e5te, og sikrer kompatibilitet og effektiv ytelse i maskineriet ditt.<\/li>\n<\/ul>\n<p><img decoding=\"async\" src=\"https:\/\/www.hydraulic-cylinders.net\/wp-content\/uploads\/2025\/04\/songte-cylinder-head-with-all-kinds-excavator-models.webp\" alt=\"Gravemaskinmodeller\"><\/p>\n<h2>Bruksomr\u00e5der for bomsylindere<\/h2>\n<h3>Anleggsutstyr<\/h3>\n<p>I gravemaskiner er bomsylindere avgj\u00f8rende for graving, lasting og flytting av jord eller rusk. De lar f\u00f8reren kontrollere dybden og vinkelen p\u00e5 bommen, noe som forbedrer driftseffektiviteten. I gravemaskiner hjelper bomsylinderen b\u00e5de med grave- og l\u00f8fteoppgaver, noe som gj\u00f8r dem allsidige for ulike anleggsjobber.<\/p>\n<h3>Landbruksmaskiner<\/h3>\n<p>I frontlastere brukes bomsylindre til \u00e5 ut\u00f8pe, l\u00f8fte og transportere materialer som jord, h\u00f8y og andre varer. Designet deres gir presis kontroll over l\u00f8ftemekanismen, noe som sikrer effektive laste- og losseprosesser p\u00e5 g\u00e5rder.<\/p>\n<h3>Gravemaskiner<\/h3>\n<p>Bomsylindre i gravemaskiner gj\u00f8r at skuffen kan trenge effektivt ned i jorden, noe som muliggj\u00f8r kraftige gravebevegelser. Det hydrauliske systemet gir jevne overganger mellom l\u00f8fting og senking av bommen, noe som er viktig for ulike graveoppgaver.<\/p>\n<h3>Lastere<\/h3>\n<p>I frontlastere hjelper bomsylindre med \u00e5 l\u00f8fte og dumpe last effektivt. Den robuste designen sikrer at tunge materialer kan h\u00e5ndteres trygt og effektivt, noe som gj\u00f8r dem uunnv\u00e6rlige i b\u00e5de bygg- og anleggs- og materialh\u00e5ndteringsmilj\u00f8er.<\/p>\n<h2>Designhensyn og utvalgskriterier<\/h2>\n<ul>\n<li><strong>Lastekapasitet:<\/strong> Lastekapasiteten til en bomsylinder er kritisk, da den bestemmer vekten den trygt kan l\u00f8fte. \u00c5 velge en sylinder med passende lasteklassifisering sikrer maskineriets ytelse og sikkerhet. Det er viktig \u00e5 analysere de spesifikke kravene og potensielle lastscenariene under utvelgelsesprosessen.<\/li>\n<li><strong>Tetningsmekanisme:<\/strong> Effektiv tetting er avgj\u00f8rende for \u00e5 forhindre lekkasjer av hydraulisk v\u00e6ske, noe som kan f\u00f8re til systemfeil og redusert effektivitet. Tetningene m\u00e5 v\u00e6re slitesterke og motstandsdyktige mot slitasje, ettersom de spiller en avgj\u00f8rende rolle i \u00e5 opprettholde det hydrauliske systemets integritet.<\/li>\n<li><strong>Varighet:<\/strong> Bomsylindre m\u00e5 v\u00e6re konstruert for \u00e5 t\u00e5le p\u00e5kjenningene ved krevende bruksomr\u00e5der. Dette inkluderer motstand mot slitasje, korrosjon og ekstreme arbeidsforhold. Materialer og belegg som brukes i produksjonen b\u00f8r velges basert p\u00e5 det forventede driftsmilj\u00f8et.<\/li>\n<li><strong>Sikkerhetsfunksjoner:<\/strong> Det er viktig \u00e5 inkludere sikkerhetsfunksjoner som trykkavlastningsventiler og overbelastningsbeskyttelsessystemer. Disse funksjonene bidrar til \u00e5 forhindre ulykker og sikre sikker drift av tunge maskiner, spesielt i farlige arbeidsmilj\u00f8er.<\/li>\n<li><strong>Vedlikeholdstilgjengelighet:<\/strong> Et design som gir enkel tilgang til komponenter for vedlikehold og reparasjoner er avgj\u00f8rende. Dette reduserer ikke bare nedetid, men sikrer ogs\u00e5 at operat\u00f8rer kan utf\u00f8re rutinekontroller for \u00e5 sikre optimal ytelse.<\/li>\n<\/ul>\n<p><img decoding=\"async\" src=\"https:\/\/www.hydraulic-cylinders.net\/wp-content\/uploads\/2025\/04\/songte-oil-pipes-and-spare-parts.webp\" alt=\"Oljer\u00f8r og reservedeler\"><\/p>\n<h2>Tetting og sm\u00f8ring av bomsylinderen<\/h2>\n<p>For \u00e5 sikre bomsylindrenes levetid og ytelse brukes ulike tetningskomponenter, som stempeltetninger og stangtetninger. Valg av materialer som polyuretan og nitrilgummi er avgj\u00f8rende, da disse gir utmerket slitestyrke og holdbarhet. Sylinderhuset og gjengede ender er fint bearbeidet for \u00e5 forbedre slitestyrken, noe som sikrer en tett forsegling og forhindrer lekkasjer. Regelmessig sm\u00f8ring med riktig hydraulikkolje er n\u00f8dvendig for \u00e5 opprettholde optimal funksjon og redusere friksjon mellom bevegelige deler. Riktig sm\u00f8ringspraksis bidrar til \u00e5 forlenge sylinderens levetid og opprettholde ytelsen.<\/p>\n<h2>Regelmessige inspeksjoner og forebyggende vedlikeholdstiltak<\/h2>\n<ul>\n<li><strong>Rutinemessige inspeksjoner:<\/strong> Utf\u00f8r regelmessige visuelle inspeksjoner for \u00e5 identifisere tegn p\u00e5 slitasje, lekkasje eller skade. Denne proaktive tiln\u00e6rmingen bidrar til \u00e5 oppdage potensielle problemer tidlig, og forhindrer mer alvorlige problemer senere.<\/li>\n<li><strong>Passende sm\u00f8ring:<\/strong> S\u00f8rg for at sm\u00f8replanene f\u00f8lges, og at riktig type hydraulisk olje brukes. Sjekk oljeniv\u00e5ene regelmessig og etterfyll etter behov for \u00e5 opprettholde riktig drift.<\/li>\n<li><strong>Utskifting av tetning:<\/strong> Sjekk pakningene regelmessig for slitasje og skift dem ut etter behov for \u00e5 forhindre lekkasje av hydraulisk v\u00e6ske. Godt vedlikeholdte pakninger er avgj\u00f8rende for effektiv drift av det hydrauliske systemet.<\/li>\n<\/ul>\n<h2>Riktige installasjonsretningslinjer<\/h2>\n<p>Riktig installasjon av en bomsylinder er avgj\u00f8rende for \u00e5 sikre optimal ytelse. Begynn med \u00e5 s\u00f8rge for at monteringsflatene er rene og fri for rusk. Bruk passende installasjonsbraketter for \u00e5 feste sylinderen p\u00e5 plass, og s\u00f8rg for at den er riktig justert med maskineriet. Feiljustering kan f\u00f8re til for tidlig slitasje og potensiell feil. Under installasjonen m\u00e5 du kontrollere at alle beslag er tette og lekkasjesikre. Etter installasjon m\u00e5 du utf\u00f8re en grundig inspeksjon av tilkoblinger og hydrauliske ledninger for \u00e5 sikre at det ikke er noen lekkasjer og at systemet fungerer som det skal. Se regelmessig produsentens retningslinjer for spesifikke installasjonsprosedyrer og momentspesifikasjoner.<\/p>\n<p><img decoding=\"async\" src=\"https:\/\/www.hydraulic-cylinders.net\/wp-content\/uploads\/2025\/04\/songte-chushion-collar.webp\" alt=\"Putekragebilde\"><\/p>\n<h2>Sikkerhetshensyn og milj\u00f8faktorer<\/h2>\n<p>N\u00e5r man arbeider med hydrauliske sylindere, er sikkerhetstiltak av st\u00f8rste betydning. Operat\u00f8rer b\u00f8r v\u00e6re oppl\u00e6rt i riktig bruk av maskiner og v\u00e6re klar over potensielle farer forbundet med hydrauliske systemer. Det er avgj\u00f8rende \u00e5 bruke passende personlig verneutstyr (PPE) for \u00e5 forhindre skader ved utstyrsfeil. I tillegg b\u00f8r milj\u00f8faktorer som trykksvingninger og ekstreme temperaturer tas i betraktning under drift, da de kan p\u00e5virke ytelsen og sikkerheten til hydrauliske systemer. Regelmessige kontroller og overholdelse av sikkerhetsprotokoller vil bidra til \u00e5 redusere risikoer og opprettholde sikkerheten p\u00e5 arbeidsplassen.<\/p>\n<h2>Feils\u00f8king og vanlige problemer<\/h2>\n<ul>\n<li><strong>Hydrauliske lekkasjer:<\/strong> Hvis det er synlige lekkasjer, sjekk pakninger og beslag for skader eller l\u00f8sning. Skift ut slitte pakninger og s\u00f8rg for at beslagene er ordentlig strammet.<\/li>\n<li><strong>Redusert sylinderytelse:<\/strong> Hvis bomsylinderen ikke reagerer som forventet, sjekk niv\u00e5ene av hydraulikkv\u00e6sken og s\u00f8rg for at det ikke er noen blokkeringer i hydraulikkledningene.<\/li>\n<li><strong>Uvanlige lyder:<\/strong> Hvis det oppst\u00e5r skurende eller hvesende lyder, kan dette tyde p\u00e5 indre skader eller luft i det hydrauliske systemet. Unders\u00f8k for tegn p\u00e5 slitasje og luft systemet etter behov.<\/li>\n<\/ul>\n<p>For \u00e5 kunne diagnostisere og h\u00e5ndtere disse problemene effektivt, er det viktig \u00e5 opprettholde en omfattende vedlikeholdsplan og v\u00e6re kjent med driftsretningslinjene for maskineriet som brukes. Forebyggende tiltak b\u00f8r iverksettes for \u00e5 minimere risikoen for disse vanlige problemene.<\/p>\n<p><img decoding=\"async\" src=\"https:\/\/www.hydraulic-cylinders.net\/wp-content\/uploads\/2025\/04\/songte-bushings-with-all-kinds-of-excavator-models.webp\" alt=\"Foringer med gravemaskinmodeller\"><\/p>\n<h2>Om selskapet v\u00e5rt<\/h2>\n<p>Vi er en produsent av hydrauliske sylindere for utskifting, og kan skryte av et omfattende produktsortiment som gj\u00f8r oss til en ledende produsent og grossistdistribut\u00f8r av hydrauliske sylindere i b\u00e5de innenlandske og internasjonale markeder. Vi f\u00f8lger prinsippene om kvalitet i toppklasse, samtidig som vi bruker en raffinert strategi for industriell produksjonsstyring. Selskapet v\u00e5rt forbedrer kontinuerlig produksjonsplattformen v\u00e5r gjennom bruk av dyktig teknisk personell, avansert digitalt produksjonsutstyr og profesjonelle inspeksjonssystemer. Med sterk innovasjonsevne prioriterer vi h\u00f8y effektivitet, presisjon og kvalitet for \u00e5 m\u00f8te kundenes ulike behov.<\/p>\n<p><img decoding=\"async\" src=\"https:\/\/www.hydraulic-cylinders.net\/wp-content\/uploads\/2025\/04\/songte-company-4.webp\" alt=\"Selskapets driftbilde\"><br \/>\n<img decoding=\"async\" src=\"https:\/\/www.hydraulic-cylinders.net\/wp-content\/uploads\/2025\/04\/songte-company-3.webp\" alt=\"Bilde av produksjonsprosessen\"><\/p>\n<p>I tillegg tilbyr vi profesjonelle tjenester, internasjonale sertifiseringer, tilpassbare l\u00f8sninger, toppmoderne produksjonsutstyr og p\u00e5litelig ettersalgsst\u00f8tte for \u00e5 sikre full kundetilfredshet.<\/p>\n<p>Forfatter: lyl<\/p>","protected":false},"excerpt":{"rendered":"<p>Boom Cylinder For John Deere E360LC What is a Boom Cylinder? A boom cylinder is a type of hydraulic cylinder specifically designed for controlling the movement of the boom in heavy machinery such as excavators, backhoe loaders, and front-end loaders. This hydraulic cylinder allows the boom to raise, lower, and tilt, facilitating material handling tasks [&hellip;]<\/p>","protected":false},"featured_media":17881,"comment_status":"open","ping_status":"closed","template":"","meta":{"_et_pb_use_builder":"","_et_pb_old_content":"","_et_gb_content_width":""},"product_brand":[],"product_cat":[1546],"product_tag":[1547,1496],"class_list":{"0":"post-19573","1":"product","2":"type-product","3":"status-publish","4":"has-post-thumbnail","6":"product_cat-boom-cylinders","7":"product_tag-boom-cylinders","8":"product_tag-hydraulic-cylinders","10":"first","11":"instock","12":"shipping-taxable","13":"product-type-simple"},"amp_enabled":true,"_links":{"self":[{"href":"https:\/\/www.hydraulic-cylinders.net\/nb\/wp-json\/wp\/v2\/product\/19573","targetHints":{"allow":["GET"]}}],"collection":[{"href":"https:\/\/www.hydraulic-cylinders.net\/nb\/wp-json\/wp\/v2\/product"}],"about":[{"href":"https:\/\/www.hydraulic-cylinders.net\/nb\/wp-json\/wp\/v2\/types\/product"}],"replies":[{"embeddable":true,"href":"https:\/\/www.hydraulic-cylinders.net\/nb\/wp-json\/wp\/v2\/comments?post=19573"}],"wp:featuredmedia":[{"embeddable":true,"href":"https:\/\/www.hydraulic-cylinders.net\/nb\/wp-json\/wp\/v2\/media\/17881"}],"wp:attachment":[{"href":"https:\/\/www.hydraulic-cylinders.net\/nb\/wp-json\/wp\/v2\/media?parent=19573"}],"wp:term":[{"taxonomy":"product_brand","embeddable":true,"href":"https:\/\/www.hydraulic-cylinders.net\/nb\/wp-json\/wp\/v2\/product_brand?post=19573"},{"taxonomy":"product_cat","embeddable":true,"href":"https:\/\/www.hydraulic-cylinders.net\/nb\/wp-json\/wp\/v2\/product_cat?post=19573"},{"taxonomy":"product_tag","embeddable":true,"href":"https:\/\/www.hydraulic-cylinders.net\/nb\/wp-json\/wp\/v2\/product_tag?post=19573"}],"curies":[{"name":"wp","href":"https:\/\/api.w.org\/{rel}","templated":true}]}}