{"id":19596,"date":"2025-04-07T06:56:30","date_gmt":"2025-04-07T06:56:30","guid":{"rendered":"https:\/\/www.hydraulic-cylinders.net\/product\/boom-cylinder-for-xinyuan-wheel-excavator-xy65w-7-8\/"},"modified":"2025-04-07T06:56:33","modified_gmt":"2025-04-07T06:56:33","slug":"boom-cylinder-for-xinyuan-wheel-excavator-xy65w-7-8","status":"publish","type":"product","link":"https:\/\/www.hydraulic-cylinders.net\/nb\/produkt\/boom-cylinder-for-xinyuan-wheel-excavator-xy65w-7-8\/","title":{"rendered":"Bomcylinder for Xinyuan hjulgraver XY65W-7-8"},"content":{"rendered":"<h1>Bomcylinder for Xinyuan hjulgraver XY65W-7-8<\/h1>\n<h2>Introduksjon til bomsylinder<\/h2>\n<p>Bom-sylinderen er en viktig komponent som er spesielt utviklet for hydrauliske systemer som brukes i tunge maskiner som gravemaskiner. Denne hydrauliske sylinderen er ansvarlig for \u00e5 kontrollere bevegelsen til skuffen i ulike anleggs- og jordflyttingsapplikasjoner. Den lar skuffen l\u00f8fte, senke og vippe, noe som letter effektive materialh\u00e5ndteringsoppgaver.<\/p>\n<p>Skuffesylinderen, som vanligvis finnes i gravemaskiner, traktorgravere og frontlastere, spiller en viktig rolle i \u00e5 forbedre driftskapasiteten til disse maskinene. Ved \u00e5 bruke hydraulisk trykk sikrer bomsylinderen jevne og responsive bevegelser, noe som gj\u00f8r den til et viktig verkt\u00f8y for anleggsarbeidere og operat\u00f8rer av tunge maskiner.<\/p>\n<p><img decoding=\"async\" src=\"https:\/\/www.hydraulic-cylinders.net\/wp-content\/uploads\/2025\/04\/songte-company-1.webp\" alt=\"Bom-sylinder\" \/><\/p>\n<h2>Funksjoner p\u00e5 bomsylinderen<\/h2>\n<ul>\n<li><strong>H\u00f8y styrke og holdbarhet:<\/strong> Bom-sylinderen er konstruert av h\u00f8yfast st\u00e5l eller aluminium, og t\u00e5ler h\u00f8yt trykk og tunge belastninger, noe som gj\u00f8r den egnet for t\u00f8ffe arbeidsmilj\u00f8er. Designet har slitestyrke og korrosjonsbestandighet, noe som forlenger levetiden.<\/li>\n<li><strong>Effektiv hydraulisk drift:<\/strong> Bom-sylinderen bruker hydraulisk oljetrykk for jevn forlengelse og inntrekking, noe som gir rask respons p\u00e5 driftskommandoer. Den gir betydelig skyve- og trekkekraft, ideell for h\u00e5ndtering av tunge gjenstander og komplekse oppgaver.<\/li>\n<li><strong>Ulike typer:<\/strong> Bom-sylinderen er tilgjengelig i enkeltvirkende (hydraulisk i \u00e9n retning) eller dobbeltvirkende (hydraulisk i begge retninger) konfigurasjoner, og kan dekke ulike driftsbehov. Noen modeller har teleskopiske design, som gir st\u00f8rre forlengelse uten \u00e5 \u00f8ke de ytre m\u00e5lene, noe som gj\u00f8r dem egnet for trange rom.<\/li>\n<li><strong>Kompatibilitet:<\/strong> Produktene v\u00e5re kan perfekt erstatte diverse hydrauliske sylindere som brukes i forskjellig utstyr, noe som sikrer s\u00f8ml\u00f8s integrasjon og funksjonalitet.<\/li>\n<li><strong>Tilpassede l\u00f8sninger:<\/strong> Vi tilbyr skreddersydde l\u00f8sninger og konfigurasjoner for \u00e5 m\u00f8te de spesifikke behovene til ulike maskiner og applikasjoner.<\/li>\n<\/ul>\n<p><img decoding=\"async\" src=\"https:\/\/www.hydraulic-cylinders.net\/wp-content\/uploads\/2025\/04\/songte-cylinder-head-with-all-kinds-excavator-models.webp\" alt=\"Hydraulisk sylinder\" \/><\/p>\n<h2>Bruksomr\u00e5der for bomsylinderen<\/h2>\n<h3>Anleggsutstyr:<\/h3>\n<p>I gravemaskiner er bomsylinderen viktig for graving, lasting og flytting av jord eller rusk. Den presise kontrollen muliggj\u00f8r effektive grave- og l\u00f8fteoperasjoner, noe som gj\u00f8r den uunnv\u00e6rlig p\u00e5 byggeplasser.<\/p>\n<h3>Landbruksmaskiner:<\/h3>\n<p>I frontlastere er bomsylinderen viktig for \u00e5 utarbeide, l\u00f8fte og transportere jord, h\u00f8y og andre materialer. Den forbedrer effektiviteten i landbruksdriften ved \u00e5 la f\u00f8rere h\u00e5ndtere tunge lass med letthet.<\/p>\n<h3>Gravemaskiner:<\/h3>\n<p>Bom-sylinderen gj\u00f8r at skuffen kan trenge effektivt ned i jorden, noe som forenkler graveprosessen. Den robuste designen sikrer holdbarhet og p\u00e5litelighet under omfattende graveoppgaver.<\/p>\n<h3>Lastere:<\/h3>\n<p>I frontlastere hjelper bomsylinderen med \u00e5 l\u00f8fte og dumpe materialer effektivt. Den hydrauliske kraften hjelper f\u00f8rere med \u00e5 flytte last raskt og effektivt, noe som forbedrer den generelle produktiviteten p\u00e5 arbeidsplassen.<\/p>\n<h2>Designhensyn og utvalgskriterier<\/h2>\n<h3>Lastekapasitet:<\/h3>\n<p>N\u00e5r du velger en bomsylinder, er lastekapasiteten en kritisk faktor. Sylinderen m\u00e5 kunne h\u00e5ndtere den maksimale lasten som utstyret forventes \u00e5 l\u00f8fte eller flytte. Overbelastning av en sylinder kan f\u00f8re til svikt, noe som gj\u00f8r det viktig \u00e5 velge en med tilstrekkelig kapasitet for den tiltenkte applikasjonen.<\/p>\n<h3>Tetting:<\/h3>\n<p>Tetningssystemet til bomsylinderen er utformet for \u00e5 forhindre lekkasjer av hydraulisk v\u00e6ske samtidig som trykket opprettholdes. Tetninger av h\u00f8y kvalitet sikrer at sylinderen fungerer effektivt og p\u00e5litelig over tid. Riktig tetting beskytter ogs\u00e5 interne komponenter mot forurensninger som kan f\u00f8re til for tidlig slitasje eller svikt.<\/p>\n<h3>Varighet:<\/h3>\n<p>Holdbarhet er en viktig faktor i utformingen av bomsylinderen. Den b\u00f8r v\u00e6re konstruert for \u00e5 t\u00e5le p\u00e5kjenningene ved tung bruk i utfordrende milj\u00f8er. Materialer som motst\u00e5r slitasje og korrosjon er avgj\u00f8rende for \u00e5 sikre sylinderens levetid, noe som reduserer behovet for hyppige utskiftninger.<\/p>\n<h3>Sikkerhet:<\/h3>\n<p>Sikkerhetsfunksjoner som trykkavlastningsventiler og n\u00f8dstoppmekanismer er avgj\u00f8rende i hydrauliske systemer. Disse funksjonene bidrar til \u00e5 forhindre ulykker og utstyrsskader ved \u00e5 kontrollere kreftene som ut\u00f8ves under drift.<\/p>\n<h3>Vedlikehold:<\/h3>\n<p>Enkelt vedlikehold er et annet viktig aspekt. Designet b\u00f8r tillate enkel service, inkludert sm\u00f8ring, utskifting av tetninger og inspeksjon av kritiske komponenter. En godt vedlikeholdt sylinder vil fungere mer p\u00e5litelig og effektivt gjennom hele livssyklusen.<\/p>\n<p><img decoding=\"async\" src=\"https:\/\/www.hydraulic-cylinders.net\/wp-content\/uploads\/2025\/04\/songte-oil-pipes-and-spare-parts.webp\" alt=\"Reservedeler\" \/><\/p>\n<h2>Tetting og sm\u00f8ring av sylinderen<\/h2>\n<p>Effektiv tetting og sm\u00f8ring er avgj\u00f8rende for bomsylinderens ytelse og levetid. Ulike tetninger, som stempeltetninger og stangtetninger, brukes for \u00e5 forhindre lekkasjer av hydraulisk v\u00e6ske. Valget av materialer som polyuretan og nitrilgummi forbedrer slitestyrken og sikrer et robust tetningssystem.<\/p>\n<p>Sylinderhuset og gjengede ender gjennomg\u00e5r finmaskinering for \u00e5 forbedre slitestyrken og sikre en tett passform. Regelmessig sm\u00f8ring med hydraulikkolje er n\u00f8dvendig for \u00e5 opprettholde jevn drift og redusere friksjon mellom bevegelige deler, noe som kan f\u00f8re til slitasje og svikt.<\/p>\n<h2>Forebyggende vedlikeholdstiltak<\/h2>\n<ul>\n<li><strong>Regelmessige inspeksjoner:<\/strong> Sjekk bomsylinderen regelmessig for tegn p\u00e5 slitasje, lekkasjer eller skade. Tidlig oppdagelse av potensielle problemer kan forhindre kostbare reparasjoner og nedetid.<\/li>\n<li><strong>Passende sm\u00f8ring:<\/strong> S\u00f8rg for at sylinderen f\u00e5r tilstrekkelig sm\u00f8ring slik at alle bevegelige deler fungerer problemfritt. Dette reduserer friksjon og slitasje, og forlenger dermed komponentens levetid.<\/li>\n<li><strong>Utskifting av tetning:<\/strong> Overv\u00e5k tetningene for slitasje og skift dem ut n\u00e5r det er n\u00f8dvendig for \u00e5 opprettholde trykket og forhindre lekkasjer. Regelmessig vedlikehold av tetningene er avgj\u00f8rende for optimal drift.<\/li>\n<\/ul>\n<h2>Installasjonsretningslinjer for bomsylinderen<\/h2>\n<p>Riktig montering av bomsylinderen er avgj\u00f8rende for dens ytelse og levetid. Begynn med \u00e5 justere sylinderen n\u00f8yaktig med monteringspunktene p\u00e5 maskineriet. Bruk passende monteringsbraketter for \u00e5 feste sylinderen p\u00e5 plass, og s\u00f8rg for at den er i vater og riktig orientert.<\/p>\n<p>N\u00e5r de er p\u00e5 plass, koble til de hydrauliske slangene. Pass p\u00e5 \u00e5 unng\u00e5 knekk eller un\u00f8dvendige b\u00f8yer som kan begrense v\u00e6skestr\u00f8mmen. Etter at du har koblet til de hydrauliske slangene, utf\u00f8r en systemtrykktest for \u00e5 sjekke for lekkasjer og bekrefte at sylinderen fungerer problemfritt.<\/p>\n<p>Til slutt, s\u00f8rg for at alle festemidler er strammet til produsentens spesifikasjoner og utf\u00f8r en siste inspeksjon f\u00f8r du bruker utstyret. \u00c5 f\u00f8lge disse retningslinjene vil bidra til \u00e5 oppn\u00e5 optimal ytelse fra bomsylinderen.<\/p>\n<h2>Vanlige vedlikeholdsoppgaver<\/h2>\n<ul>\n<li><strong>Regelmessige inspeksjoner:<\/strong> Regelmessige inspeksjoner gj\u00f8r det mulig \u00e5 oppdage slitasje eller skader tidlig. Dette proaktive tiltaket kan bidra til \u00e5 forhindre mer alvorlige problemer senere.<\/li>\n<li><strong>Riktig sm\u00f8ring:<\/strong> \u00c5 s\u00f8rge for at sylinderen er tilstrekkelig smurt forhindrer friksjon og slitasje, noe som forbedrer effektiviteten og levetiden til komponenten.<\/li>\n<li><strong>Utskifting av tetninger:<\/strong> Regelmessig bytte av pakninger er viktig for \u00e5 forhindre lekkasjer av hydraulikkv\u00e6ske og opprettholde systemtrykket. Dette er en viktig vedlikeholdsoppgave som ikke b\u00f8r overses.<\/li>\n<\/ul>\n<h2>Sikkerhetshensyn og milj\u00f8faktorer<\/h2>\n<p>Ved arbeid med hydrauliske systemer m\u00e5 sikkerhetstiltak prioriteres. Operat\u00f8rer b\u00f8r f\u00e5 oppl\u00e6ring i riktig h\u00e5ndtering og bruk av hydraulisk utstyr. I tillegg kan bruk av riktig personlig verneutstyr (PPE) redusere risikoen forbundet med lekkasjer av hydraulisk v\u00e6ske og potensielle skader.<\/p>\n<h2>Feils\u00f8king og vanlige problemer<\/h2>\n<ul>\n<li><strong>Lekkasje:<\/strong> Hvis bomsylinderen lekker hydraulisk v\u00e6ske, sjekk pakningene for slitasje og skift dem ut etter behov. S\u00f8rg for at alle koblinger er stramme og fri for skader.<\/li>\n<li><strong>Treg drift:<\/strong> Hvis sylinderen g\u00e5r sakte, kontroller niv\u00e5ene av hydraulikkv\u00e6sken og s\u00f8rg for at det ikke er noen blokkeringer i hydraulikkledningene. Sjekk for tegn p\u00e5 forurensning av hydraulikkv\u00e6sken.<\/li>\n<li><strong>Inkonsekvent bevegelse:<\/strong> Hvis bomsylinderen beveger seg ujevnt, kan det skyldes luft i det hydrauliske systemet. Luft systemet for \u00e5 fjerne luft, eller kontroller om det er skadede komponenter som kan p\u00e5virke bevegelsen.<\/li>\n<\/ul>\n<h2>Feils\u00f8kingstips<\/h2>\n<p>To effectively diagnose and resolve issues, it&#8217;s essential to follow a systematic approach. Start with visual inspections to identify any obvious signs of wear or damage. Use pressure gauges to check the system\u2019s hydraulic pressure levels, ensuring they meet the required specifications.<\/p>\n<p>Implementer forebyggende tiltak, som regelmessige vedlikeholdsplaner og oppl\u00e6ring av f\u00f8rere, for \u00e5 minimere sannsynligheten for gjentakende problemer. \u00c5 holde det hydrauliske systemet rent og godt smurt vil ogs\u00e5 bidra til dets p\u00e5litelighet og ytelse.<\/p>\n<p><img decoding=\"async\" src=\"https:\/\/www.hydraulic-cylinders.net\/wp-content\/uploads\/2025\/04\/songte-bushings-with-all-kinds-of-excavator-models.webp\" alt=\"Foringer\" \/><\/p>\n<h2>Selskapsoversikt<\/h2>\n<p>Vi er en ledende produsent av hydrauliske sylindere for utskifting, og tilbyr et omfattende utvalg av produkter som har etablert oss som en betydelig akt\u00f8r i b\u00e5de innenlandske og internasjonale markeder. V\u00e5r forpliktelse til eksepsjonell kvalitet st\u00f8ttes av presise produksjonsstrategier og integrering av avansert teknologi.<\/p>\n<p>Med fokus p\u00e5 teknisk talent og avansert digitalt produksjonsutstyr, utvikler produksjonsprosessene v\u00e5re seg kontinuerlig for \u00e5 forbedre kvaliteten p\u00e5 produktene v\u00e5re. Vi opprettholder et robust kvalitetskontrollsystem som sikrer at hver sylinder oppfyller strenge standarder for ytelse og holdbarhet.<\/p>\n<p>V\u00e5rt firma er ogs\u00e5 stolt av \u00e5 tilby skreddersydde l\u00f8sninger, internasjonale sertifiseringer og enest\u00e5ende ettersalgsservice. Denne helhetlige tiln\u00e6rmingen sikrer at vi m\u00f8ter de ulike behovene til v\u00e5re kunder, samtidig som vi opprettholder v\u00e5rt rykte for p\u00e5litelighet og kvalitet.<\/p>\n<p><img decoding=\"async\" src=\"https:\/\/www.hydraulic-cylinders.net\/wp-content\/uploads\/2025\/04\/songte-company-4.webp\" alt=\"Selskapsoversikt\" \/><br \/>\n<img decoding=\"async\" src=\"https:\/\/www.hydraulic-cylinders.net\/wp-content\/uploads\/2025\/04\/songte-company-3.webp\" alt=\"V\u00e5re fasiliteter\" \/><\/p>\n<p>Forfatter: lyl<\/p>","protected":false},"excerpt":{"rendered":"<p>Boom Cylinder For Xinyuan Wheel Excavator XY65W-7-8 Introduction to Boom Cylinder The Boom Cylinder is a crucial component designed specifically for hydraulic systems used in heavy machinery such as excavators. This hydraulic cylinder is responsible for controlling the movement of the bucket in various construction and earth-moving applications. It allows the bucket to lift, lower, [&hellip;]<\/p>","protected":false},"featured_media":17874,"comment_status":"open","ping_status":"closed","template":"","meta":{"_et_pb_use_builder":"","_et_pb_old_content":"","_et_gb_content_width":""},"product_brand":[],"product_cat":[1546],"product_tag":[1547,1496],"class_list":{"0":"post-19596","1":"product","2":"type-product","3":"status-publish","4":"has-post-thumbnail","6":"product_cat-boom-cylinders","7":"product_tag-boom-cylinders","8":"product_tag-hydraulic-cylinders","10":"first","11":"instock","12":"shipping-taxable","13":"product-type-simple"},"amp_enabled":true,"_links":{"self":[{"href":"https:\/\/www.hydraulic-cylinders.net\/nb\/wp-json\/wp\/v2\/product\/19596","targetHints":{"allow":["GET"]}}],"collection":[{"href":"https:\/\/www.hydraulic-cylinders.net\/nb\/wp-json\/wp\/v2\/product"}],"about":[{"href":"https:\/\/www.hydraulic-cylinders.net\/nb\/wp-json\/wp\/v2\/types\/product"}],"replies":[{"embeddable":true,"href":"https:\/\/www.hydraulic-cylinders.net\/nb\/wp-json\/wp\/v2\/comments?post=19596"}],"wp:featuredmedia":[{"embeddable":true,"href":"https:\/\/www.hydraulic-cylinders.net\/nb\/wp-json\/wp\/v2\/media\/17874"}],"wp:attachment":[{"href":"https:\/\/www.hydraulic-cylinders.net\/nb\/wp-json\/wp\/v2\/media?parent=19596"}],"wp:term":[{"taxonomy":"product_brand","embeddable":true,"href":"https:\/\/www.hydraulic-cylinders.net\/nb\/wp-json\/wp\/v2\/product_brand?post=19596"},{"taxonomy":"product_cat","embeddable":true,"href":"https:\/\/www.hydraulic-cylinders.net\/nb\/wp-json\/wp\/v2\/product_cat?post=19596"},{"taxonomy":"product_tag","embeddable":true,"href":"https:\/\/www.hydraulic-cylinders.net\/nb\/wp-json\/wp\/v2\/product_tag?post=19596"}],"curies":[{"name":"wp","href":"https:\/\/api.w.org\/{rel}","templated":true}]}}