{"id":19616,"date":"2025-04-07T06:57:32","date_gmt":"2025-04-07T06:57:32","guid":{"rendered":"https:\/\/www.hydraulic-cylinders.net\/product\/boom-cylinder-for-volwa-large-excavator-dls450-8b\/"},"modified":"2025-04-07T06:57:34","modified_gmt":"2025-04-07T06:57:34","slug":"boom-cylinder-for-volwa-large-excavator-dls450-8b","status":"publish","type":"product","link":"https:\/\/www.hydraulic-cylinders.net\/nb\/produkt\/boom-cylinder-for-volwa-large-excavator-dls450-8b\/","title":{"rendered":"Bomcylinder for Volwa stor gravemaskin DLS450-8B"},"content":{"rendered":"<h1>Bomcylinder for Volwa stor gravemaskin DLS450-8B<\/h1>\n<h2>Produktoversikt<\/h2>\n<p>De <strong>Bom-sylinder for Volwa stor gravemaskin DLS450-8B<\/strong> er en avgj\u00f8rende komponent i de hydrauliske systemene til tunge maskiner. Denne typen hydraulisk sylinder er spesielt utviklet for \u00e5 kontrollere bevegelsen til skuffer i diverse tunge maskiner som gravemaskiner, traktorgravere og frontlastere. Den gj\u00f8r det mulig for skuffen \u00e5 l\u00f8fte, senke og tilte, noe som forenkler materialh\u00e5ndteringsoppgaver effektivt. Skuffesylinderen er viktig for \u00e5 gi den n\u00f8dvendige kraften og bevegelsen som trengs for \u00e5 betjene disse maskinene effektivt.<\/p>\n<p><img decoding=\"async\" src=\"https:\/\/www.hydraulic-cylinders.net\/wp-content\/uploads\/2025\/04\/songte-company-1.webp\" alt=\"Bom-sylinder\" \/><\/p>\n<h2>Funksjoner p\u00e5 bomsylinderen<\/h2>\n<ul>\n<li><strong>H\u00f8y styrke og holdbarhet:<\/strong> Denne sylinderen er laget av h\u00f8yfast st\u00e5l eller aluminium, og t\u00e5ler h\u00f8yt trykk og tunge belastninger, noe som gj\u00f8r den egnet for t\u00f8ffe arbeidsmilj\u00f8er. Designet tar hensyn til slitestyrke og korrosjonsbestandighet, noe som sikrer lengre levetid.<\/li>\n<li><strong>Effektiv hydraulisk drift:<\/strong> Ved \u00e5 bruke hydraulisk oljetrykk gir sylinderen jevn forlengelse og tilbaketrekking, noe som gir rask respons p\u00e5 kontrollkommandoer og leverer kraftige skyve- og trekkkrefter for h\u00e5ndtering av tunge og komplekse oppgaver.<\/li>\n<li><strong>Ulike typer:<\/strong> Tilgjengelig i enkeltvirkende (hydraulisk funksjon i \u00e9n retning) eller dobbeltvirkende (hydraulisk funksjon i begge retninger) for \u00e5 m\u00f8te varierende driftsbehov. Noen modeller er teleskopiske, noe som gir st\u00f8rre forlengelse uten \u00e5 \u00f8ke de ytre m\u00e5lene, perfekt for plassbegrensede applikasjoner.<\/li>\n<li><strong>Tilpassbare l\u00f8sninger:<\/strong> Produktene v\u00e5re kan erstatte ulike hydrauliske sylindere p\u00e5 en perfekt m\u00e5te, og tilbyr fleksibilitet i \u00e5 m\u00f8te spesifikke kundekrav.<\/li>\n<\/ul>\n<p><img decoding=\"async\" src=\"https:\/\/www.hydraulic-cylinders.net\/wp-content\/uploads\/2025\/04\/songte-cylinder-head-with-all-kinds-excavator-models.webp\" alt=\"Topplokk\" \/><\/p>\n<h2>Bruksomr\u00e5der for bomsylinderen<\/h2>\n<h3>Anleggsutstyr<\/h3>\n<p>I gravemaskiner er bomsylindre avgj\u00f8rende for graving, lasting og flytting av jord eller rusk. De bidrar til \u00e5 gi den n\u00f8dvendige kraften for \u00e5 trenge gjennom t\u00f8ffe materialer, noe som gj\u00f8r dem uunnv\u00e6rlige for ethvert byggeprosjekt.<\/p>\n<h3>Landbruksmaskiner<\/h3>\n<p>I frontlastere spiller bomsylindre en kritisk rolle i l\u00f8fting, utgraving og transport av jord, h\u00f8y og annet materiale. Effektiviteten deres \u00f8ker produktiviteten i landbruksoppgaver, noe som gj\u00f8r dem til en n\u00f8kkelkomponent i landbruksdriften.<\/p>\n<h3>Gravemaskiner<\/h3>\n<p>Ved gravearbeid lar bomsylindrene skuffen trenge effektivt ned i jorden, noe som forenkler gravearbeidet. Utformingen sikrer at de kan h\u00e5ndtere belastningene som er involvert i disse prosessene, og dermed forbedre maskinens generelle ytelse.<\/p>\n<h3>Lastere<\/h3>\n<p>I frontlastere hjelper disse sylindrene med \u00e5 l\u00f8fte og dumpe last effektivt. Den p\u00e5litelige driften sikrer at materialer kan flyttes raskt og presist, noe som er avgj\u00f8rende for enhver lasteoppgave.<\/p>\n<h2>Designhensyn og utvalgskriterier<\/h2>\n<h3>Lastekapasitet<\/h3>\n<p>N\u00e5r du velger en bomsylinder, er det avgj\u00f8rende \u00e5 vurdere dens lastekapasitet. Sylinderen m\u00e5 kunne h\u00e5ndtere de maksimale belastningene som vil bli m\u00f8tt under drift. Riktig vurdering av lasteklassifiseringer sikrer sikker og effektiv bruk, og forhindrer potensielle feil som kan oppst\u00e5 ved overbelastning.<\/p>\n<h3>Tetningssystem<\/h3>\n<p>Tetting er et viktig aspekt ved hydrauliske sylindere. Tetninger av h\u00f8y kvalitet forhindrer lekkasjer av hydraulisk v\u00e6ske, noe som kan f\u00f8re til redusert ytelse og \u00f8kte vedlikeholdskostnader. De riktige tetningene vil forlenge sylinderens levetid og opprettholde effektiviteten over tid.<\/p>\n<h3>Varighet<\/h3>\n<p>Holdbarhet er en viktig faktor, spesielt i t\u00f8ffe arbeidsmilj\u00f8er. \u00c5 velge materialer som motst\u00e5r slitasje og korrosjon kan forlenge levetiden til en bomsylinder betydelig. Regelmessige vurderinger av materialintegriteten vil ogs\u00e5 bidra til \u00e5 h\u00e5ndtere potensielle problemer forebyggende.<\/p>\n<h3>Sikkerhetsfunksjoner<\/h3>\n<p>Sikkerhet i design skal aldri kompromitteres. \u00c5 integrere funksjoner som trykkavlastningsventiler bidrar til \u00e5 forhindre sylindersvikt. \u00c5 opprettholde driftssikkerhetsstandarder beskytter ikke bare utstyret, men ogs\u00e5 operat\u00f8rene og omkringliggende personell.<\/p>\n<h3>Vedlikeholdbarhet<\/h3>\n<p>Til slutt er enkelt vedlikehold avgj\u00f8rende. En godt designet sylinder b\u00f8r muliggj\u00f8re enkel inspeksjon og service. Enkel tilgang til komponenter som pakninger og sm\u00f8remidler muliggj\u00f8r rutinemessige vedlikeholdskontroller, noe som forlenger produktets levetid.<\/p>\n<p><img decoding=\"async\" src=\"https:\/\/www.hydraulic-cylinders.net\/wp-content\/uploads\/2025\/04\/songte-oil-pipes-and-spare-parts.webp\" alt=\"Oljer\u00f8r og reservedeler\" \/><\/p>\n<h2>Tetting og sm\u00f8ring<\/h2>\n<p>Det er viktig \u00e5 bruke ulike tetningskomponenter, som stempeltetninger og stangtetninger, for \u00e5 opprettholde den hydrauliske sylinderens integritet. Tetninger er vanligvis laget av slitesterke materialer som polyuretan og nitrilgummi, valgt for sin holdbarhet og evne til \u00e5 motst\u00e5 h\u00f8yt trykk. Sylinderhuset og gjengede ender gjennomg\u00e5r presis maskinering for \u00e5 forbedre slitestyrken. Regelmessig sm\u00f8ring med passende hydraulisk olje er n\u00f8dvendig for \u00e5 sikre problemfri drift av sylinderen og for \u00e5 minimere slitasje p\u00e5 bevegelige deler.<\/p>\n<h2>Regelmessig inspeksjon og forebyggende vedlikehold<\/h2>\n<ul>\n<li><strong>Regelmessige inspeksjoner:<\/strong> Planlegg rutinemessige visuelle og driftsmessige kontroller for \u00e5 identifisere tegn p\u00e5 slitasje, lekkasje eller skade. Tidlig oppdagelse av problemer kan forhindre kostbare reparasjoner senere.<\/li>\n<li><strong>Riktig sm\u00f8ring:<\/strong> S\u00f8rg for at hydraulikkoljeniv\u00e5ene opprettholdes. Sm\u00f8ring bidrar til optimal ytelse og reduserer friksjon mellom bevegelige deler, noe som minimerer slitasje.<\/li>\n<li><strong>Utskifting av tetning:<\/strong> Over tid kan pakninger bli slitt p\u00e5 grunn av slitasje eller milj\u00f8p\u00e5virkning. Sjekk og skift pakninger regelmessig for \u00e5 forhindre lekkasjer og opprettholde effektiviteten.<\/li>\n<\/ul>\n<h2>Installasjonsretningslinjer<\/h2>\n<p>Proper installation of the boom cylinder is critical for ensuring reliable performance. Begin by ensuring that all components are clean and free from debris. Use appropriate mounting brackets to secure the cylinder in place, ensuring it is properly aligned with the machine&#8217;s operational components. Follow the manufacturer&#8217;s specifications for torque settings to prevent over-tightening, which can damage the cylinder. After installation, conduct a thorough check of all fittings and connections to ensure they are secure. Finally, test the system under low pressure before full operation to ensure everything functions correctly.<\/p>\n<p><img decoding=\"async\" src=\"https:\/\/www.hydraulic-cylinders.net\/wp-content\/uploads\/2025\/04\/songte-chushion-collar.webp\" alt=\"Putekrage\" \/><\/p>\n<h2>Sikkerhetshensyn og milj\u00f8faktorer<\/h2>\n<p>N\u00e5r man bruker bomsylindere, er det viktig \u00e5 f\u00f8lge sikkerhetstiltakene. Operat\u00f8rer b\u00f8r f\u00e5 oppl\u00e6ring i riktig bruk og h\u00e5ndtering av hydraulisk utstyr for \u00e5 redusere risikoer. I tillegg b\u00f8r riktig milj\u00f8praksis f\u00f8lges for \u00e5 unng\u00e5 s\u00f8l av hydraulisk v\u00e6ske som kan skade \u00f8kosystemer. Regelmessig oppl\u00e6ring i sikkerhetsprotokoller og vedlikeholdspraksis fremmer en kultur preget av sikkerhet og ansvar blant operat\u00f8rer.<\/p>\n<h2>Feildiagnose og vanlige problemer<\/h2>\n<ul>\n<li><strong>V\u00e6skelekkasje:<\/strong> Inspiser tetninger og koblinger regelmessig. Skift ut skadede tetninger raskt for \u00e5 forhindre tap av hydraulisk v\u00e6ske, noe som kan f\u00f8re til redusert ytelse.<\/li>\n<li><strong>St\u00f8yende drift:<\/strong> Uvanlige lyder kan tyde p\u00e5 utilstrekkelig sm\u00f8ring eller slitasje p\u00e5 interne komponenter. Sjekk sm\u00f8reniv\u00e5ene og vurder en grundig inspeksjon av sylinderen.<\/li>\n<li><strong>Inkonsekvent bevegelse:<\/strong> Hvis sylinderen ikke g\u00e5r jevnt ut eller inn, kan det skyldes luft i systemet eller utilstrekkelig hydraulikkv\u00e6skeniv\u00e5. Luft systemet og fyll p\u00e5 hydraulikkv\u00e6ske etter behov.<\/li>\n<\/ul>\n<h2>Feils\u00f8kingstips<\/h2>\n<p>To effectively diagnose and resolve issues, it is important to follow a systematic approach. Start with a visual inspection to identify any obvious signs of wear or damage. Maintain a log of maintenance activities to track the performance and issues over time. Implement a regular preventive maintenance schedule to minimize potential problems and ensure optimal functionality. Lastly, consult the manufacturer&#8217;s guidelines for specific troubleshooting procedures and recommendations.<\/p>\n<p><img decoding=\"async\" src=\"https:\/\/www.hydraulic-cylinders.net\/wp-content\/uploads\/2025\/04\/songte-bushings-with-all-kinds-of-excavator-models.webp\" alt=\"Foringer\" \/><\/p>\n<h2>Om selskapet v\u00e5rt<\/h2>\n<p>Vi er en produsent som spesialiserer seg p\u00e5 hydrauliske sylindere for utskifting. V\u00e5rt omfattende produktsortiment har gjort oss til en av de ledende produsentene og grossistene av hydrauliske sylindere i b\u00e5de innenlandske og internasjonale markeder. Vi f\u00f8lger prinsippet om fortreffelighet og bruker en detaljert strategi for produksjonsverksteder. Med fokus p\u00e5 teknologisk talent, avansert digitalt produksjonsutstyr og spesialiserte inspeksjonssystemer forbedrer vi kontinuerlig v\u00e5r produksjonskapasitet. V\u00e5r forpliktelse til h\u00f8y effektivitet, presisjon og kvalitet sikrer at vi m\u00f8ter de ulike behovene til v\u00e5re kunder.<\/p>\n<p><img decoding=\"async\" src=\"https:\/\/www.hydraulic-cylinders.net\/wp-content\/uploads\/2025\/04\/songte-company-4.webp\" alt=\"Selskapsoversikt\" \/><br \/>\n<img decoding=\"async\" src=\"https:\/\/www.hydraulic-cylinders.net\/wp-content\/uploads\/2025\/04\/songte-company-3.webp\" alt=\"Selskapets fasiliteter\" \/><\/p>\n<p>Forfatter: lyl<\/p>","protected":false},"excerpt":{"rendered":"<p>Boom Cylinder For Volwa Large Excavator DLS450-8B Product Overview The Boom Cylinder for Volwa Large Excavator DLS450-8B is a crucial component in the hydraulic systems of heavy machinery. This type of hydraulic cylinder is specifically designed to control the movement of buckets in various heavy equipment like excavators, backhoe loaders, and front-end loaders. It enables [&hellip;]<\/p>","protected":false},"featured_media":17879,"comment_status":"open","ping_status":"closed","template":"","meta":{"_et_pb_use_builder":"","_et_pb_old_content":"","_et_gb_content_width":""},"product_brand":[],"product_cat":[1546],"product_tag":[1547,1496],"class_list":{"0":"post-19616","1":"product","2":"type-product","3":"status-publish","4":"has-post-thumbnail","6":"product_cat-boom-cylinders","7":"product_tag-boom-cylinders","8":"product_tag-hydraulic-cylinders","10":"first","11":"instock","12":"shipping-taxable","13":"product-type-simple"},"amp_enabled":true,"_links":{"self":[{"href":"https:\/\/www.hydraulic-cylinders.net\/nb\/wp-json\/wp\/v2\/product\/19616","targetHints":{"allow":["GET"]}}],"collection":[{"href":"https:\/\/www.hydraulic-cylinders.net\/nb\/wp-json\/wp\/v2\/product"}],"about":[{"href":"https:\/\/www.hydraulic-cylinders.net\/nb\/wp-json\/wp\/v2\/types\/product"}],"replies":[{"embeddable":true,"href":"https:\/\/www.hydraulic-cylinders.net\/nb\/wp-json\/wp\/v2\/comments?post=19616"}],"wp:featuredmedia":[{"embeddable":true,"href":"https:\/\/www.hydraulic-cylinders.net\/nb\/wp-json\/wp\/v2\/media\/17879"}],"wp:attachment":[{"href":"https:\/\/www.hydraulic-cylinders.net\/nb\/wp-json\/wp\/v2\/media?parent=19616"}],"wp:term":[{"taxonomy":"product_brand","embeddable":true,"href":"https:\/\/www.hydraulic-cylinders.net\/nb\/wp-json\/wp\/v2\/product_brand?post=19616"},{"taxonomy":"product_cat","embeddable":true,"href":"https:\/\/www.hydraulic-cylinders.net\/nb\/wp-json\/wp\/v2\/product_cat?post=19616"},{"taxonomy":"product_tag","embeddable":true,"href":"https:\/\/www.hydraulic-cylinders.net\/nb\/wp-json\/wp\/v2\/product_tag?post=19616"}],"curies":[{"name":"wp","href":"https:\/\/api.w.org\/{rel}","templated":true}]}}