{"id":19618,"date":"2025-04-07T06:57:50","date_gmt":"2025-04-07T06:57:50","guid":{"rendered":"https:\/\/www.hydraulic-cylinders.net\/product\/boom-cylinder-for-volwa-wheel-excavator-dls890-9a\/"},"modified":"2025-04-07T06:57:53","modified_gmt":"2025-04-07T06:57:53","slug":"boom-cylinder-for-volwa-wheel-excavator-dls890-9a","status":"publish","type":"product","link":"https:\/\/www.hydraulic-cylinders.net\/nb\/produkt\/boom-cylinder-for-volwa-wheel-excavator-dls890-9a\/","title":{"rendered":"Bomcylinder for Volwa hjulgraver DLS890-9A"},"content":{"rendered":"<h1>Bomcylinder for Volwa hjulgraver DLS890-9A<\/h1>\n<h2>Produktoversikt<\/h2>\n<p>Bom-sylinderen for Volwa hjulgraver DLS890-9A er en spesialisert hydraulisk sylinder designet for \u00e5 optimalisere funksjonaliteten til gravemaskiner. Disse sylindrene muliggj\u00f8r presis kontroll av skuffens bevegelse, noe som er avgj\u00f8rende for ulike tunge maskinoppgaver. Som en type hydraulisk sylinder er skuffesylinderen viktig for \u00e5 kontrollere skuffens bevegelse i tungt utstyr som gravemaskiner, traktorgravere og frontlastere. De forenkler l\u00f8fting, senking og tilting av skuffen, noe som gj\u00f8r dem uunnv\u00e6rlige for materialh\u00e5ndteringsoppgaver.<\/p>\n<p><img decoding=\"async\" src=\"https:\/\/www.hydraulic-cylinders.net\/wp-content\/uploads\/2025\/04\/songte-company-1.webp\" alt=\"Bomcylinder for gravemaskin\" \/><\/p>\n<h3>Definisjon og betydning<\/h3>\n<p>Skuffesylindere er hydrauliske sylindere spesielt utviklet for tunge maskiner, slik at de kan utf\u00f8re ulike oppgaver effektivt. Disse sylindrene fungerer ved \u00e5 konvertere hydraulisk energi til mekanisk energi, og dermed gi den n\u00f8dvendige kraften til \u00e5 utf\u00f8re krevende oppgaver. De er avgj\u00f8rende for \u00e5 forbedre driftseffektiviteten og produktiviteten til gravemaskiner og lignende utstyr, slik at operat\u00f8rer kan utf\u00f8re presise handlinger mens de h\u00e5ndterer materialer, graver eller l\u00f8fter last.<\/p>\n<h2>Funksjoner p\u00e5 bomsylinderen<\/h2>\n<ul>\n<li><strong>H\u00f8y styrke og holdbarhet:<\/strong> Disse sylindrene er produsert av h\u00f8yfast st\u00e5l eller aluminium, og t\u00e5ler h\u00f8yt trykk og tunge belastninger samtidig som de tilpasser seg t\u00f8ffe arbeidsmilj\u00f8er. De er konstruert for slitestyrke og korrosjonsbeskyttelse, noe som forlenger levetiden.<\/li>\n<li><strong>Effektiv hydraulisk drift:<\/strong> Bruk av hydraulisk oljetrykk gir jevne ut- og inntrekksbevegelser. Disse sylindrene gir rask respons p\u00e5 betjeningskommandoer, og gir kraftige skyve- og trekkkrefter som er egnet for h\u00e5ndtering av tunge gjenstander og komplekse oppgaver.<\/li>\n<li><strong>Ulike typer:<\/strong> Tilgjengelig som enkeltvirkende (ved bruk av hydraulisk trykk i \u00e9n retning) eller dobbeltvirkende (ved bruk av hydraulisk trykk i begge retninger) sylindere for \u00e5 m\u00f8te ulike driftsbehov. Enkelte modeller er teleskopiske, noe som gir st\u00f8rre forlengelse uten \u00e5 \u00f8ke de ytre m\u00e5lene, ideelt for plassbegrensede applikasjoner.<\/li>\n<li><strong>Tilpassbare alternativer:<\/strong> Produktene kan skreddersys etter spesifikke krav, noe som sikrer kompatibilitet med ulike gravemaskinmodeller og driftskrav.<\/li>\n<li><strong>H\u00f8ykvalitets produksjon:<\/strong> V\u00e5re sylindere er produsert med presisjonsteknikk og oppfyller strenge industristandarder for \u00e5 sikre p\u00e5litelighet og ytelse.<\/li>\n<\/ul>\n<p>Vi kan produsere dette produktet, og v\u00e5re hydrauliske sylindere kan erstatte eksisterende alternativer p\u00e5 en perfekt m\u00e5te.<\/p>\n<p><img decoding=\"async\" src=\"https:\/\/www.hydraulic-cylinders.net\/wp-content\/uploads\/2025\/04\/songte-cylinder-head-with-all-kinds-excavator-models.webp\" alt=\"Gravemaskinmodeller\" \/><\/p>\n<h2>Bruksomr\u00e5der for bomsylinderen<\/h2>\n<h3>Anleggsutstyr<\/h3>\n<p>I gravemaskiner er bomsylindre viktige for graving, lasting og flytting av jord eller rusk. De muliggj\u00f8r gravebevegelsen og forenkler l\u00f8fting av tunge laster, noe som forbedrer effektiviteten i anleggsarbeid. Gravemaskiner bruker bomsylindre til b\u00e5de graving og l\u00f8fting, noe som gj\u00f8r dem til en integrert del av maskineriet.<\/p>\n<h3>Landbruksmaskiner<\/h3>\n<p>I frontlastere er bomsylindre avgj\u00f8rende for utgraving, l\u00f8fting og transport av jord, h\u00f8y og annet materiale. Deres p\u00e5litelige drift sikrer at landbruksoppgaver utf\u00f8res raskt og effektivt, noe som bidrar til bedre produktivitet i landbruksaktiviteter.<\/p>\n<h3>Gravemaskiner<\/h3>\n<p>Gravemaskinens bomsylindere lar skuffen trenge ned i jorden under gravearbeid, noe som gj\u00f8r dem avgj\u00f8rende for bygge- og landskapsprosjekter. Disse sylindrene gir den n\u00f8dvendige kraften til \u00e5 bryte gjennom t\u00f8ff jord og transportere materialer effektivt.<\/p>\n<h3>Lastere<\/h3>\n<p>I frontlastere hjelper bomsylindrene med \u00e5 l\u00f8fte og dumpe last effektivt. Deres evne til \u00e5 operere jevnt under trykk gj\u00f8r at lastere kan h\u00e5ndtere en rekke oppgaver, fra \u00e5 flytte grus til \u00e5 rydde rusk.<\/p>\n<h2>Designhensyn og utvalgskriterier<\/h2>\n<h3>Lastekapasitet<\/h3>\n<p>N\u00e5r du velger en bomsylinder, er lastekapasitet en viktig faktor. Sylinderen m\u00e5 kunne h\u00e5ndtere den maksimale belastningen som forventes under drift for \u00e5 forhindre feil og sikre sikkerhet. Tekniske spesifikasjoner b\u00f8r alltid overholdes ang\u00e5ende maksimalvekten som kan l\u00f8ftes.<\/p>\n<h3>Tetningsytelse<\/h3>\n<p>Tetting er avgj\u00f8rende for \u00e5 opprettholde hydraulisk trykk i sylinderen. Tetninger av h\u00f8y kvalitet forhindrer oljelekkasje, sikrer effektiv drift og minimerer milj\u00f8p\u00e5virkningen. Regelmessig inspeksjon av tetninger er n\u00f8dvendig for \u00e5 erstatte slitte komponenter f\u00f8r de svikter.<\/p>\n<h3>Varighet<\/h3>\n<p>Holdbarheten til en hydraulisk sylinder er avgj\u00f8rende, spesielt i krevende milj\u00f8er. Bruk av materialer som motst\u00e5r slitasje, som herdet st\u00e5l, forlenger sylinderens levetid og reduserer hyppigheten av utskiftinger.<\/p>\n<h3>Sikkerhet<\/h3>\n<p>Sikkerhetsfunksjoner er et viktig aspekt ved sylinderdesign. Dette inkluderer trykkavlastningsventiler for \u00e5 forhindre overtrykk og sikre sikker drift. Operat\u00f8rer b\u00f8r alltid v\u00e6re oppl\u00e6rt i \u00e5 gjenkjenne symptomer p\u00e5 potensiell sylindersvikt for \u00e5 redusere risikoer.<\/p>\n<h3>Vedlikeholdbarhet<\/h3>\n<p>Enkelt vedlikehold er en viktig faktor for enhver hydraulisk sylinder. Design som gir enkel tilgang til tetninger og interne komponenter gj\u00f8r det enklere for operat\u00f8rer \u00e5 utf\u00f8re regelmessig vedlikehold, og dermed forlenge sylinderens levetid.<\/p>\n<p><img decoding=\"async\" src=\"https:\/\/www.hydraulic-cylinders.net\/wp-content\/uploads\/2025\/04\/songte-oil-pipes-and-spare-parts.webp\" alt=\"Hydrauliske deler\" \/><\/p>\n<h2>Tetting og sm\u00f8ring<\/h2>\n<p>Riktig tetting og sm\u00f8ring er avgj\u00f8rende for levetiden til hydrauliske sylindere. Ulike tetningskomponenter, som stempeltetninger og stangtetninger, brukes for \u00e5 sikre at det ikke lekker hydraulikkolje fra sylinderen. Tetninger laget av slitesterke materialer som polyuretan og nitrilgummi anbefales p\u00e5 grunn av deres slitesterke egenskaper.<\/p>\n<p>Sylinderhuset og de gjengede endeflatene er fint bearbeidet for \u00e5 forbedre slitestyrken. Regelmessig sm\u00f8ring med riktig hydraulikkolje er viktig for \u00e5 minimere friksjon og slitasje p\u00e5 interne komponenter, noe som sikrer problemfri drift.<\/p>\n<h2>Forebyggende vedlikeholdstiltak<\/h2>\n<ul>\n<li><strong>Regelmessige inspeksjoner:<\/strong> Utf\u00f8r rutinemessige kontroller av sylinderens integritet, inkludert visuelle inspeksjoner for lekkasjer og slitasje.<\/li>\n<li><strong>Sm\u00f8ring:<\/strong> S\u00f8rg for at hydraulikkoljeniv\u00e5et er tilstrekkelig, og at oljen skiftes i henhold til produsentens anbefalinger for \u00e5 opprettholde optimal ytelse.<\/li>\n<li><strong>Utskifting av tetning:<\/strong> Skift pakninger ved f\u00f8rste tegn p\u00e5 slitasje for \u00e5 forhindre lekkasjer og opprettholde driftssikkerheten.<\/li>\n<\/ul>\n<h2>Installasjonsretningslinjer<\/h2>\n<p>Riktig montering av bomsylinderen er avgj\u00f8rende for optimal ytelse. Begynn med \u00e5 s\u00f8rge for at alle komponenter er kompatible og ikke har skader. Det er avgj\u00f8rende \u00e5 justere sylinderen riktig med maskineriet for \u00e5 forhindre at den setter seg fast under drift. Bruk passende monteringsbraketter for \u00e5 feste sylinderen p\u00e5 plass, og s\u00f8rg for at den er godt festet for \u00e5 forhindre bevegelse under drift.<\/p>\n<p>De hydrauliske koblingene m\u00e5 strammes godt for \u00e5 forhindre lekkasjer. N\u00e5r systemet er installert, anbefales det \u00e5 teste det under lavt trykk for \u00e5 sjekke om det er lekkasjer f\u00f8r det brukes med full kapasitet. Riktig justering og sikker montering er avgj\u00f8rende for \u00e5 forlenge sylinderens levetid og forbedre ytelsen.<\/p>\n<h2>Vanlige vedlikeholdsoppgaver<\/h2>\n<h3>Regelmessige inspeksjoner<\/h3>\n<p>Det er viktig \u00e5 utf\u00f8re regelmessige inspeksjoner av bomsylinderen for \u00e5 identifisere tidlige tegn p\u00e5 slitasje eller skade. Operat\u00f8rer b\u00f8r rutinemessig sjekke for lekkasjer, sprekker eller andre uregelmessigheter i sylinderens overflate. Tidlig oppdagelse av problemer kan forhindre mer betydelige problemer senere, og sikre effektiv drift.<\/p>\n<h3>Riktig sm\u00f8ring<\/h3>\n<p>Det er avgj\u00f8rende at den hydrauliske sylinderen sm\u00f8res tilstrekkelig for at den skal fungere. Hydraulikkolje m\u00e5 etterfylles regelmessig, og oljen m\u00e5 oppfylle produsentens spesifikasjoner. Riktig sm\u00f8ring reduserer friksjon, noe som kan f\u00f8re til for tidlig slitasje og svikt i sylinderkomponentene.<\/p>\n<h3>Utskifting av tetninger og kalibreringskontroller<\/h3>\n<p>Det er avgj\u00f8rende \u00e5 bytte tetninger ved f\u00f8rste tegn p\u00e5 slitasje for \u00e5 opprettholde hydraulisk trykk. Operat\u00f8rer b\u00f8r ogs\u00e5 utf\u00f8re kalibreringskontroller for \u00e5 sikre at sylinderen fungerer innenfor spesifiserte parametere. Feil kalibrering kan f\u00f8re til ineffektiv drift og \u00f8kt slitasje p\u00e5 sylinderen.<\/p>\n<p><img decoding=\"async\" src=\"https:\/\/www.hydraulic-cylinders.net\/wp-content\/uploads\/2025\/04\/songte-chushion-collar.webp\" alt=\"Putekrage\" \/><\/p>\n<h2>Sikkerhetshensyn og milj\u00f8faktorer<\/h2>\n<p>Ved bruk av hydrauliske sylindere er sikkerhetstiltak avgj\u00f8rende. Operat\u00f8rer m\u00e5 v\u00e6re klar over potensielle risikoer, som for eksempel lekkasjer av hydraulisk v\u00e6ske, som kan utgj\u00f8re milj\u00f8farer. Implementering av riktige sikkerhetstiltak, som regelmessige inspeksjoner og vedlikehold av utstyr, er avgj\u00f8rende for \u00e5 sikre sikker drift og minimere milj\u00f8p\u00e5virkningen.<\/p>\n<h2>Feildiagnose og vanlige problemer<\/h2>\n<ul>\n<li><strong>Lekkasjer av hydraulisk v\u00e6ske:<\/strong> Det er avgj\u00f8rende \u00e5 identifisere kilden til lekkasjer raskt, da de kan f\u00f8re til tap av hydraulisk trykk. Regelmessige inspeksjoner kan bidra til \u00e5 oppdage lekkasjer tidlig.<\/li>\n<li><strong>Langsom eller uregelmessig bevegelse:<\/strong> Dette kan tyde p\u00e5 problemer med hydraulisk trykk eller en tetning som ikke fungerer. Tidlig diagnostisering av problemet kan forhindre ytterligere skade.<\/li>\n<li><strong>Uvanlige lyder:<\/strong> Eventuelle unormale lyder under drift b\u00f8r unders\u00f8kes, da de kan tyde p\u00e5 slitasje eller skade i systemet.<\/li>\n<\/ul>\n<h2>Feils\u00f8kingstips<\/h2>\n<p>For \u00e5 effektivt diagnostisere og l\u00f8se problemer med bomsylinderen, b\u00f8r operat\u00f8rer f\u00f8re logg over eventuelle uregelmessigheter og utf\u00f8re grundige inspeksjoner. Regelmessig vedlikehold og oppmerksomhet p\u00e5 detaljer kan forhindre mange vanlige problemer. Implementering av en proaktiv vedlikeholdsplan kan minimere potensielle problemer og sikre at det hydrauliske systemet fungerer problemfritt.<\/p>\n<p><img decoding=\"async\" src=\"https:\/\/www.hydraulic-cylinders.net\/wp-content\/uploads\/2025\/04\/songte-bushings-with-all-kinds-of-excavator-models.webp\" alt=\"Gravemaskinforinger\" \/><\/p>\n<h2>Selskapsoversikt<\/h2>\n<p>Vi er en ledende produsent av hydrauliske reservesylindere, og tilbyr et bredt spekter av produkter som har etablert oss som en fremtredende akt\u00f8r i det innenlandske og internasjonale markedet. V\u00e5r forpliktelse til kvalitet gjenspeiles i v\u00e5r overholdelse av strenge kvalitetsstandarder og avanserte produksjonsteknikker.<\/p>\n<p>Vi benytter en sofistikert produksjonsstyringsstrategi for \u00e5 forbedre produksjonskapasiteten v\u00e5r. Ved \u00e5 bruke dyktig teknisk personell, digitalt, avansert produksjonsutstyr og profesjonelle testsystemer forbedrer vi kontinuerlig produksjonsplattformen v\u00e5r for \u00e5 sikre produkter av h\u00f8y kvalitet.<\/p>\n<p>V\u00e5rt fokus p\u00e5 effektivitet, presisjon og h\u00f8ye kvalitetsstandarder gj\u00f8r at vi kan m\u00f8te ulike kundebehov. Vi tilbyr tilpassbare l\u00f8sninger st\u00f8ttet av sterk ettersalgsst\u00f8tte for \u00e5 sikre kundetilfredshet.<\/p>\n<p><img decoding=\"async\" src=\"https:\/\/www.hydraulic-cylinders.net\/wp-content\/uploads\/2025\/04\/songte-company-4.webp\" alt=\"Selskapets produksjon\" \/><br \/>\n<img decoding=\"async\" src=\"https:\/\/www.hydraulic-cylinders.net\/wp-content\/uploads\/2025\/04\/songte-company-3.webp\" alt=\"Selskapets utstyr\" \/><\/p>\n<p>Forfatter: lyl<\/p>","protected":false},"excerpt":{"rendered":"<p>Boom Cylinder For Volwa Wheel Excavator DLS890-9A Product Overview The Boom Cylinder for Volwa Wheel Excavator DLS890-9A is a specialized hydraulic cylinder designed to optimize the functionality of excavators. These cylinders enable precise control of the bucket&#8217;s movement, which is crucial for various heavy machinery tasks. As a type of hydraulic cylinder, the bucket cylinder [&hellip;]<\/p>","protected":false},"featured_media":17881,"comment_status":"open","ping_status":"closed","template":"","meta":{"_et_pb_use_builder":"","_et_pb_old_content":"","_et_gb_content_width":""},"product_brand":[],"product_cat":[1546],"product_tag":[1547,1496],"class_list":{"0":"post-19618","1":"product","2":"type-product","3":"status-publish","4":"has-post-thumbnail","6":"product_cat-boom-cylinders","7":"product_tag-boom-cylinders","8":"product_tag-hydraulic-cylinders","10":"first","11":"instock","12":"shipping-taxable","13":"product-type-simple"},"amp_enabled":true,"_links":{"self":[{"href":"https:\/\/www.hydraulic-cylinders.net\/nb\/wp-json\/wp\/v2\/product\/19618","targetHints":{"allow":["GET"]}}],"collection":[{"href":"https:\/\/www.hydraulic-cylinders.net\/nb\/wp-json\/wp\/v2\/product"}],"about":[{"href":"https:\/\/www.hydraulic-cylinders.net\/nb\/wp-json\/wp\/v2\/types\/product"}],"replies":[{"embeddable":true,"href":"https:\/\/www.hydraulic-cylinders.net\/nb\/wp-json\/wp\/v2\/comments?post=19618"}],"wp:featuredmedia":[{"embeddable":true,"href":"https:\/\/www.hydraulic-cylinders.net\/nb\/wp-json\/wp\/v2\/media\/17881"}],"wp:attachment":[{"href":"https:\/\/www.hydraulic-cylinders.net\/nb\/wp-json\/wp\/v2\/media?parent=19618"}],"wp:term":[{"taxonomy":"product_brand","embeddable":true,"href":"https:\/\/www.hydraulic-cylinders.net\/nb\/wp-json\/wp\/v2\/product_brand?post=19618"},{"taxonomy":"product_cat","embeddable":true,"href":"https:\/\/www.hydraulic-cylinders.net\/nb\/wp-json\/wp\/v2\/product_cat?post=19618"},{"taxonomy":"product_tag","embeddable":true,"href":"https:\/\/www.hydraulic-cylinders.net\/nb\/wp-json\/wp\/v2\/product_tag?post=19618"}],"curies":[{"name":"wp","href":"https:\/\/api.w.org\/{rel}","templated":true}]}}