{"id":19625,"date":"2025-04-07T06:58:11","date_gmt":"2025-04-07T06:58:11","guid":{"rendered":"https:\/\/www.hydraulic-cylinders.net\/product\/boom-cylinder-for-volwa-cane-unloader-dls118-9a\/"},"modified":"2025-04-07T06:58:13","modified_gmt":"2025-04-07T06:58:13","slug":"boom-cylinder-for-volwa-cane-unloader-dls118-9a","status":"publish","type":"product","link":"https:\/\/www.hydraulic-cylinders.net\/nb\/produkt\/boom-cylinder-for-volwa-cane-unloader-dls118-9a\/","title":{"rendered":"Bom-sylinder for Volwa-r\u00f8ravlaster DLS118-9A"},"content":{"rendered":"<h1>Bom-sylinder for Volwa-r\u00f8ravlaster DLS118-9A<\/h1>\n<h2>Oversikt over bomsylinder<\/h2>\n<p>Bom-sylinderen er en viktig komponent i hydrauliske systemer, spesielt utviklet for \u00e5 kontrollere bevegelsen til skuffer p\u00e5 tunge maskiner, som de som finnes i gravemaskiner, traktorgravere og frontlastere. Denne hydrauliske sylinderen gj\u00f8r det mulig \u00e5 l\u00f8fte, senke og vippe skuffen, noe som muliggj\u00f8r effektive materialh\u00e5ndteringsoppgaver. Ved \u00e5 bruke hydraulisk trykk gir disse sylindrene den n\u00f8dvendige kraften for \u00e5 man\u00f8vrere store laster, noe som gj\u00f8r dem uunnv\u00e6rlige i ulike industrielle og landbruksmessige applikasjoner.<\/p>\n<p><img decoding=\"async\" src=\"https:\/\/www.hydraulic-cylinders.net\/wp-content\/uploads\/2025\/04\/songte-company-1.webp\" alt=\"Bom-sylinder\"><\/p>\n<h2>Funksjoner p\u00e5 bomsylinderen<\/h2>\n<ul>\n<li><strong>H\u00f8y styrke og holdbarhet:<\/strong> Disse sylindrene er vanligvis konstruert av h\u00f8yfast st\u00e5l eller aluminium, og t\u00e5ler h\u00f8yt trykk og tunge belastninger, noe som gj\u00f8r dem egnet for t\u00f8ffe arbeidsmilj\u00f8er. Designet deres tar hensyn til slitestyrke og korrosjonsbestandighet, noe som forlenger levetiden.<\/li>\n<li><strong>Effektiv hydraulisk drift:<\/strong> Ved \u00e5 bruke hydraulisk oljetrykk for jevn forlengelse og inntrekking, reagerer disse sylindrene raskt p\u00e5 kontrollkommandoer, og gir sterk skyve- og trekkekraft som er ideell for h\u00e5ndtering av tunge og komplekse oppgaver.<\/li>\n<li><strong>Ulike typer:<\/strong> De er tilgjengelige i enkeltvirkende (hydraulisk virkning i \u00e9n retning) eller dobbeltvirkende (hydraulisk virkning i begge retninger) konfigurasjoner, og dekker varierende driftsbehov. Noen modeller er teleskopiske, noe som gir st\u00f8rre forlengelse uten \u00e5 \u00f8ke de ytre m\u00e5lene, og er egnet for plassbegrensede applikasjoner.<\/li>\n<\/ul>\n<h2>Produksjonskapasiteter<\/h2>\n<p>Vi spesialiserer oss p\u00e5 \u00e5 produsere bomsylindere av h\u00f8y kvalitet, som perfekt kan erstatte eksisterende hydrauliske sylindere. Produktene v\u00e5re er designet med presisjon og p\u00e5litelighet, noe som sikrer at de oppfyller bransjestandarder.<\/p>\n<p><img decoding=\"async\" src=\"https:\/\/www.hydraulic-cylinders.net\/wp-content\/uploads\/2025\/04\/songte-cylinder-head-with-all-kinds-excavator-models.webp\" alt=\"Bom-sylindermodeller\"><\/p>\n<h2>Bruksomr\u00e5der for bomsylinderen<\/h2>\n<h3>Anleggsutstyr<\/h3>\n<p>I byggebransjen spiller bomsylindre en viktig rolle i gravemaskiner, som er essensielle for graving, lasting og transport av jord eller avfall. Bomsylindrene lar skuffen grave effektivt ned i bakken, slik at maskinen kan utf\u00f8re ulike oppgaver med letthet og effektivitet. I gravemaskiner hjelper disse sylindrene ikke bare med graving, men ogs\u00e5 med l\u00f8fteoperasjoner, noe som gj\u00f8r dem allsidige for en rekke bruksomr\u00e5der.<\/p>\n<h3>Landbruksmaskiner<\/h3>\n<p>I landbruksmilj\u00f8er brukes frontlastere utstyrt med bomsylindere til \u00e5 utarbeide, l\u00f8fte og transportere jord, h\u00f8y og andre materialer. Disse sylindrene forbedrer lasterens evne til \u00e5 h\u00e5ndtere bulkmaterialer effektivt, noe som effektiviserer landbruksdriften og \u00f8ker produktiviteten.<\/p>\n<h3>Gravemaskiner<\/h3>\n<p>I gravemaskiner forenkler bomsylindrene gravearbeidet ved \u00e5 la skuffen trenge ned i jorden uten problemer. Denne hydrauliske komponenten er viktig for \u00e5 oppn\u00e5 dybde og n\u00f8yaktighet i graveoppgaver, og bidrar til effektiv forberedelse av tomten og fundamenteringsarbeid.<\/p>\n<h3>Lastere<\/h3>\n<p>I frontlastere muliggj\u00f8r bomsylindre effektiv l\u00f8fting og dumping av materialer. De sikrer at lasteren kan h\u00e5ndtere tunge lass med minimal anstrengelse, noe som gj\u00f8r dem uunnv\u00e6rlige for anleggs- og materialh\u00e5ndteringsoperasjoner.<\/p>\n<h2>Designhensyn og utvalgskriterier<\/h2>\n<ul>\n<li><strong>Lastekapasitet:<\/strong> Det er viktig \u00e5 evaluere bomsylinderens lastekapasitet for \u00e5 sikre at den kan h\u00e5ndtere de tiltenkte oppgavene uten feil. En sylinders lastekapasitet bestemmes av st\u00f8rrelse, materiale og design. Riktig vurdering garanterer optimal ytelse og sikkerhet under drift.<\/li>\n<li><strong>Tetting:<\/strong> Tetningssystemet i en hydraulisk sylinder spiller en kritisk rolle i \u00e5 forhindre lekkasjer og opprettholde trykk. \u00c5 velge h\u00f8ykvalitetstetninger laget av slitesterke materialer, som polyuretan eller nitrilgummi, kan forbedre sylinderens levetid og p\u00e5litelighet. I tillegg minimerer presisjonsbearbeiding av sylinderhuset og gjengede endeflater slitasje p\u00e5 tetningene.<\/li>\n<li><strong>Varighet:<\/strong> En godt designet bomsylinder skal t\u00e5le t\u00f8ffe forhold og gjentatt bruk. Faktorer som korrosjonsbestandighet og slitestyrke b\u00f8r prioriteres i design for \u00e5 forlenge produktets levetid. Bruk av h\u00f8yfaste materialer og beskyttende belegg bidrar til generell holdbarhet.<\/li>\n<li><strong>Sikkerhet:<\/strong> Sikkerhetsfunksjonene til det hydrauliske systemet er avgj\u00f8rende. Det er avgj\u00f8rende \u00e5 implementere sikkerhetstiltak, som trykkavlastningsventiler og riktig utformede monteringssystemer, for \u00e5 forhindre ulykker under drift. Regelmessige vedlikeholdskontroller kan ogs\u00e5 forbedre sikkerhetsstandardene.<\/li>\n<li><strong>Vedlikeholdbarhet:<\/strong> Enkel tilgang for vedlikehold er avgj\u00f8rende for \u00e5 sikre at det hydrauliske systemet holder seg i optimal stand. Designhensyn b\u00f8r legge til rette for enkel inspeksjon, sm\u00f8ring og utskifting av komponenter, noe som minimerer nedetid og vedlikeholdskostnader.<\/li>\n<\/ul>\n<p><img decoding=\"async\" src=\"https:\/\/www.hydraulic-cylinders.net\/wp-content\/uploads\/2025\/04\/songte-oil-pipes-and-spare-parts.webp\" alt=\"Hydrauliske deler\"><\/p>\n<h2>Tetting og sm\u00f8ring av den hydrauliske sylinderen<\/h2>\n<p>Effektiviteten til en hydraulisk sylinder p\u00e5virkes betydelig av dens tetnings- og sm\u00f8resystemer. Ulike tetningskomponenter, som stempeltetninger og stangtetninger, samarbeider for \u00e5 opprettholde systemets integritet. Tetninger laget av slitesterke materialer som polyuretan og nitrilgummi gir holdbarhet under trykk.<\/p>\n<p>Dessuten m\u00e5 sylinderhuset og gjengede ender gjennomg\u00e5 en grundig overflatebehandling for \u00e5 forbedre slitestyrken. Regelmessig sm\u00f8ring med hydraulikkolje er viktig for \u00e5 sikre problemfri drift og forhindre havari. \u00c5 opprettholde riktig oljeniv\u00e5 og regelmessig oljeskift kan forlenge levetiden til den hydrauliske sylinderen betydelig.<\/p>\n<h2>Regelmessig inspeksjon og forebyggende vedlikeholdstiltak<\/h2>\n<ul>\n<li><strong>Regelmessige inspeksjoner:<\/strong> Det er avgj\u00f8rende \u00e5 gjennomf\u00f8re rutinemessige inspeksjoner for \u00e5 identifisere potensielle problemer f\u00f8r de eskalerer. Sjekk for lekkasjer, uvanlig slitasje og generell sylinderytelse. Tidlig oppdagelse av problemer kan forhindre kostbare reparasjoner og nedetid.<\/li>\n<li><strong>Riktig sm\u00f8ring:<\/strong> S\u00f8rg for at den hydrauliske sylinderen er tilstrekkelig smurt for \u00e5 forbedre ytelsen. Sjekk oljeniv\u00e5ene regelmessig og p\u00e5f\u00f8r riktig hydraulikkv\u00e6ske etter behov for \u00e5 opprettholde optimal funksjonalitet og forhindre overoppheting.<\/li>\n<li><strong>Utskifting av tetning:<\/strong> Tetningene i hydrauliske sylindere slites over tid p\u00e5 grunn av konstant trykk og bevegelse. Planlagt utskifting av tetninger kan forhindre lekkasjer og opprettholde trykket i systemet, noe som sikrer effektiv drift.<\/li>\n<\/ul>\n<h2>Riktig installasjonsveiledning<\/h2>\n<p>For \u00e5 sikre optimal ytelse fra bomsylinderen er riktig installasjon avgj\u00f8rende. Begynn med \u00e5 justere sylinderen riktig i forhold til bruksomr\u00e5det for \u00e5 forhindre un\u00f8dig belastning og feiljustering. Bruk passende monteringsbraketter for \u00e5 feste sylinderen p\u00e5 plass, og s\u00f8rg for at den er godt festet og ikke forskyver seg under drift.<\/p>\n<p>F\u00f8lg produsentens retningslinjer for momentspesifikasjoner under festing for \u00e5 unng\u00e5 skade. Etter installasjon, utf\u00f8r en grundig inspeksjon for \u00e5 bekrefte at alle tilkoblinger er sikre og at det ikke er noen lekkasjer. Under f\u00f8rste gangs bruk, overv\u00e5k sylinderen n\u00f8ye for eventuelle uregelmessigheter, og gj\u00f8r n\u00f8dvendige justeringer for \u00e5 sikre problemfri drift.<\/p>\n<h2>Vanlige vedlikeholdsoppgaver<\/h2>\n<ul>\n<li><strong>Regelmessige inspeksjoner:<\/strong> Utf\u00f8r hyppige kontroller for \u00e5 sikre at det hydrauliske systemet fungerer som det skal. Se etter tegn p\u00e5 slitasje eller skade som kan f\u00f8re til feil. Riktig inspeksjon bidrar til \u00e5 opprettholde sylinderens effektivitet og forlenger levetiden.<\/li>\n<li><strong>Passende sm\u00f8ring:<\/strong> S\u00f8rg for at hydraulikkoljen er p\u00e5 optimalt niv\u00e5, og skift den ut med jevne mellomrom. Tilstrekkelig sm\u00f8ring er viktig for \u00e5 redusere friksjon og slitasje mellom bevegelige deler, noe som forbedrer den generelle driften av det hydrauliske systemet.<\/li>\n<li><strong>Utskifting av tetning:<\/strong> Kontroller pakningene regelmessig for slitasje og skift dem ut etter behov. Effektiv tetting er avgj\u00f8rende for \u00e5 opprettholde trykket og forhindre lekkasjer, noe som kan svekke systemets ytelse.<\/li>\n<\/ul>\n<p>Riktig installasjon og justering av sylinderen er avgj\u00f8rende for \u00e5 forhindre driftsproblemer. Bruk passende monteringsbraketter for \u00e5 stabilisere sylinderen, og f\u00f8lg produsentens retningslinjer for installasjonsprosedyrer for \u00e5 sikre p\u00e5litelighet og effektivitet.<\/p>\n<p><img decoding=\"async\" src=\"https:\/\/www.hydraulic-cylinders.net\/wp-content\/uploads\/2025\/04\/songte-chushion-collar.webp\" alt=\"Putekrage\"><\/p>\n<h2>Sikkerhetshensyn og milj\u00f8faktorer<\/h2>\n<p>Ved drift av hydrauliske systemer er implementering av sikkerhetstiltak avgj\u00f8rende. Operat\u00f8rer b\u00f8r alltid bruke passende verneutstyr og f\u00f8lge sikkerhetsprotokoller for \u00e5 minimere risikoen forbundet med svikt i hydraulisk trykk. Regelmessig vedlikehold og inspeksjoner er avgj\u00f8rende for \u00e5 sikre at sikkerhetssystemer, som trykkavlastningsventiler, fungerer som de skal for \u00e5 forhindre ulykker.<\/p>\n<h2>Feildiagnose og vanlige problemer<\/h2>\n<ul>\n<li><strong>Hydrauliske lekkasjer:<\/strong> Et av de vanligste problemene er lekkasjer av hydraulikkv\u00e6ske, som kan skyldes slitte pakninger eller skadede slanger. Det er viktig \u00e5 identifisere kilden til lekkasjen for \u00e5 forhindre trykktap og opprettholde funksjonalitet.<\/li>\n<li><strong>Redusert ytelse:<\/strong> Hvis bomsylinderen ikke fungerer som forventet, kan det tyde p\u00e5 lave hydrauliske v\u00e6skeniv\u00e5er eller intern skade. \u00c5 diagnostisere dette problemet raskt kan forhindre ytterligere komplikasjoner.<\/li>\n<li><strong>Uvanlige lyder:<\/strong> Merkelige lyder under drift, som skraping eller banking, kan tyde p\u00e5 slitasje eller feiljustering av komponenter. \u00c5 raskt h\u00e5ndtere disse lydene kan forhindre katastrofale feil.<\/li>\n<\/ul>\n<p>For \u00e5 bidra til effektiv feildiagnose b\u00f8r operat\u00f8rer gj\u00f8re seg kjent med symptomene p\u00e5 vanlige problemer og iverksette proaktive tiltak for \u00e5 h\u00e5ndtere dem. Regelmessig vedlikehold og inspeksjoner kan redusere sannsynligheten for at disse problemene oppst\u00e5r betydelig.<\/p>\n<p><img decoding=\"async\" src=\"https:\/\/www.hydraulic-cylinders.net\/wp-content\/uploads\/2025\/04\/songte-bushings-with-all-kinds-of-excavator-models.webp\" alt=\"Modeller av foringer\"><\/p>\n<h2>Om selskapet v\u00e5rt<\/h2>\n<p>Vi er en ledende produsent av hydrauliske sylindere, og tilbyr et omfattende utvalg av produkter som betjener b\u00e5de innenlandske og internasjonale markeder. V\u00e5r forpliktelse til kvalitet sikrer at vi opprettholder h\u00f8ye produksjonsstandarder gjennom raffinerte styringsstrategier i v\u00e5re produksjonsverksteder. V\u00e5rt selskap investerer i teknisk talent, avansert digitalt produksjonsutstyr og profesjonelle testsystemer for kontinuerlig \u00e5 forbedre v\u00e5r produksjonskapasitet.<\/p>\n<p>Med fokus p\u00e5 h\u00f8y effektivitet, presisjon og kvalitet, streber vi etter \u00e5 m\u00f8te kundenes ulike behov. V\u00e5re internasjonale sertifiseringer og tilpassede tjenester sikrer at vi tilbyr skreddersydde l\u00f8sninger for ulike bruksomr\u00e5der. V\u00e5re toppmoderne produksjonsanlegg og dedikerte ettersalgsservice skiller oss fra andre innen hydrauliske sylinderbransjen.<\/p>\n<p><img decoding=\"async\" src=\"https:\/\/www.hydraulic-cylinders.net\/wp-content\/uploads\/2025\/04\/songte-company-4.webp\" alt=\"Firmabilde 1\"><br \/>\n<img decoding=\"async\" src=\"https:\/\/www.hydraulic-cylinders.net\/wp-content\/uploads\/2025\/04\/songte-company-3.webp\" alt=\"Firmabilde 2\"><\/p>\n<p>Forfatter: lyl<\/p>","protected":false},"excerpt":{"rendered":"<p>Boom Cylinder For Volwa Cane Unloader DLS118-9A Overview of Boom Cylinder The Boom Cylinder is a crucial component in hydraulic systems, specifically designed to control the movement of heavy machinery&#8217;s buckets, such as those found in excavators, backhoe loaders, and front-end loaders. This hydraulic cylinder enables the bucket to lift, lower, and tilt, facilitating efficient [&hellip;]<\/p>","protected":false},"featured_media":17873,"comment_status":"open","ping_status":"closed","template":"","meta":{"_et_pb_use_builder":"","_et_pb_old_content":"","_et_gb_content_width":""},"product_brand":[],"product_cat":[1546],"product_tag":[1547,1496],"class_list":{"0":"post-19625","1":"product","2":"type-product","3":"status-publish","4":"has-post-thumbnail","6":"product_cat-boom-cylinders","7":"product_tag-boom-cylinders","8":"product_tag-hydraulic-cylinders","10":"first","11":"instock","12":"shipping-taxable","13":"product-type-simple"},"amp_enabled":true,"_links":{"self":[{"href":"https:\/\/www.hydraulic-cylinders.net\/nb\/wp-json\/wp\/v2\/product\/19625","targetHints":{"allow":["GET"]}}],"collection":[{"href":"https:\/\/www.hydraulic-cylinders.net\/nb\/wp-json\/wp\/v2\/product"}],"about":[{"href":"https:\/\/www.hydraulic-cylinders.net\/nb\/wp-json\/wp\/v2\/types\/product"}],"replies":[{"embeddable":true,"href":"https:\/\/www.hydraulic-cylinders.net\/nb\/wp-json\/wp\/v2\/comments?post=19625"}],"wp:featuredmedia":[{"embeddable":true,"href":"https:\/\/www.hydraulic-cylinders.net\/nb\/wp-json\/wp\/v2\/media\/17873"}],"wp:attachment":[{"href":"https:\/\/www.hydraulic-cylinders.net\/nb\/wp-json\/wp\/v2\/media?parent=19625"}],"wp:term":[{"taxonomy":"product_brand","embeddable":true,"href":"https:\/\/www.hydraulic-cylinders.net\/nb\/wp-json\/wp\/v2\/product_brand?post=19625"},{"taxonomy":"product_cat","embeddable":true,"href":"https:\/\/www.hydraulic-cylinders.net\/nb\/wp-json\/wp\/v2\/product_cat?post=19625"},{"taxonomy":"product_tag","embeddable":true,"href":"https:\/\/www.hydraulic-cylinders.net\/nb\/wp-json\/wp\/v2\/product_tag?post=19625"}],"curies":[{"name":"wp","href":"https:\/\/api.w.org\/{rel}","templated":true}]}}