{"id":19626,"date":"2025-04-07T06:58:13","date_gmt":"2025-04-07T06:58:13","guid":{"rendered":"https:\/\/www.hydraulic-cylinders.net\/product\/boom-cylinder-for-volwa-cane-unloader-dls150-9a\/"},"modified":"2025-04-07T06:58:16","modified_gmt":"2025-04-07T06:58:16","slug":"boom-cylinder-for-volwa-cane-unloader-dls150-9a","status":"publish","type":"product","link":"https:\/\/www.hydraulic-cylinders.net\/nb\/produkt\/boom-cylinder-for-volwa-cane-unloader-dls150-9a\/","title":{"rendered":"Bom-sylinder for Volwa-r\u00f8ravlaster DLS150-9A"},"content":{"rendered":"<h1>Bom-sylinder for Volwa-r\u00f8ravlaster DLS150-9A<\/h1>\n<h2>Produktoversikt<\/h2>\n<p>Bom-sylinderen for Volwa Cane Unloader DLS150-9A er en spesialisert hydraulisk sylinder designet for \u00e5 kontrollere bevegelsen til skuffer til tunge maskiner, for eksempel gravemaskiner, traktorgravere og frontlastere. Denne sylinderen forenkler l\u00f8fting, senking og tilting av skuffen, noe som gj\u00f8r materialh\u00e5ndteringsoppgaver mer effektive. Skuffesylinderen spiller en avgj\u00f8rende rolle i hydrauliske systemer, ettersom den omdanner hydraulisk trykk til mekanisk kraft for \u00e5 utf\u00f8re ulike operasjoner innen bygg- og anleggssektoren og landbrukssektoren.<\/p>\n<p><img decoding=\"async\" src=\"https:\/\/www.hydraulic-cylinders.net\/wp-content\/uploads\/2025\/04\/songte-company-1.webp\" alt=\"Hydraulisk sylinder\" \/><\/p>\n<h2>Funksjoner p\u00e5 bomsylinderen<\/h2>\n<ul>\n<li><strong>H\u00f8y styrke og holdbarhet:<\/strong> Bom-sylinderen er vanligvis konstruert av h\u00f8yfast st\u00e5l eller aluminium, og t\u00e5ler h\u00f8yt trykk og tunge belastninger. Den er konstruert for \u00e5 t\u00e5le t\u00f8ffe arbeidsmilj\u00f8er, noe som sikrer langvarig ytelse.<\/li>\n<li><strong>Effektiv hydraulisk drift:<\/strong> Sylinderen utnytter trykket fra hydraulikkoljen for \u00e5 oppn\u00e5 jevn forlengelse og inntrekking. Den reagerer raskt p\u00e5 kontrollkommandoer og gir kraftig skyve- og trekkekraft, noe som gj\u00f8r den ideell for tunge og komplekse oppgaver.<\/li>\n<li><strong>Ulike typer:<\/strong> Produktsortimentet inkluderer enkeltvirkende (bruker hydraulisk kraft i \u00e9n retning) og dobbeltvirkende sylindere (bruker hydraulisk kraft i begge retninger) for \u00e5 m\u00f8te ulike driftsbehov. Noen modeller har teleskopisk design, som gir st\u00f8rre forlengelse uten \u00e5 \u00f8ke de ytre m\u00e5lene, egnet for plassbegrensede applikasjoner.<\/li>\n<li><strong>Tilpasset produksjon:<\/strong> V\u00e5rt firma tilbyr produksjonsmuligheter som perfekt erstatter eksisterende hydrauliske sylindere, og sikrer kompatibilitet og p\u00e5litelighet.<\/li>\n<p>    <img decoding=\"async\" src=\"https:\/\/www.hydraulic-cylinders.net\/wp-content\/uploads\/2025\/04\/songte-cylinder-head-with-all-kinds-excavator-models.webp\" alt=\"Gravemaskinmodeller\" \/>\n<\/ul>\n<h2>Bruksomr\u00e5der for bomsylinderen<\/h2>\n<h3>Anleggsutstyr<\/h3>\n<p>I gravemaskiner er bomsylindre avgj\u00f8rende for graving, lasting og flytting av jord eller rusk. De gj\u00f8r at skuffen kan trenge effektivt ned i bakken, noe som hjelper ved gravearbeid. I gravemaskinlastere hjelper disse sylindrene med b\u00e5de graving og l\u00f8fting, noe som gj\u00f8r dem til allsidige verkt\u00f8y p\u00e5 byggeplasser.<\/p>\n<h3>Landbruksmaskiner<\/h3>\n<p>I frontlastere brukes bomsylindre til \u00e5 utarbeide, l\u00f8fte og transportere materialer som jord, h\u00f8y og andre produkter. De er avgj\u00f8rende for \u00e5 forbedre effektiviteten i landbruksdrift, forbedre produktiviteten og arbeidsstyringen.<\/p>\n<h3>Gravemaskiner<\/h3>\n<p>Skuffesylindere gj\u00f8r det mulig for gravemaskiner \u00e5 trenge effektivt ned i jord, slik at de kan utf\u00f8re gravearbeid i ulike terreng. Denne evnen er viktig for bygge- og landskapsprosjekter.<\/p>\n<h3>Lastere<\/h3>\n<p>I frontlastere bidrar bomsylindre til \u00e5 l\u00f8fte og dumpe last effektivt. Denne funksjonen er viktig for materialh\u00e5ndtering, og sikrer at f\u00f8rere kan h\u00e5ndtere tung last med letthet.<\/p>\n<h2>Designhensyn og utvalgsstandarder<\/h2>\n<ul>\n<li><strong>Lastekapasitet:<\/strong> Bom-sylinderens lastekapasitet m\u00e5 samsvare med de spesifikke kravene til maskineriet den betjener. \u00c5 forst\u00e5 lastdynamikk er avgj\u00f8rende for ytelse og sikkerhet.<\/li>\n<li><strong>Tetting:<\/strong> Effektive tetningsl\u00f8sninger er avgj\u00f8rende for \u00e5 forhindre lekkasjer av hydraulisk v\u00e6ske og opprettholde optimalt trykk. Tetninger av h\u00f8y kvalitet forlenger levetiden til hydrauliske systemer og forbedrer p\u00e5liteligheten.<\/li>\n<li><strong>Varighet:<\/strong> Materialer som brukes i produksjonen m\u00e5 t\u00e5le slitasje og korrosjon. H\u00f8yverdig st\u00e5l eller aluminium med beskyttende belegg er foretrukne valg for \u00e5 \u00f8ke levetiden.<\/li>\n<li><strong>Sikkerhet:<\/strong> Sikkerhetsfunksjoner m\u00e5 integreres i designet for \u00e5 beskytte operat\u00f8rer og maskiner mot potensielle farer under drift.<\/li>\n<li><strong>Vedlikehold:<\/strong> Enkel tilgang for vedlikehold er avgj\u00f8rende. Designhensyn b\u00f8r legge til rette for rask service og redusere nedetid for reparasjoner.<\/li>\n<\/ul>\n<p><img decoding=\"async\" src=\"https:\/\/www.hydraulic-cylinders.net\/wp-content\/uploads\/2025\/04\/songte-oil-pipes-and-spare-parts.webp\" alt=\"Hydrauliske deler\" \/><\/p>\n<h2>Tetting og sm\u00f8ring<\/h2>\n<p>Effektiv tetting er avgj\u00f8rende i hydrauliske systemer. Ulike tetningskomponenter, som stempeltetninger og stangtetninger, brukes for \u00e5 forhindre lekkasje. Materialer som polyuretan og nitrilgummi brukes ofte p\u00e5 grunn av sin slitestyrke. I tillegg er sylinderhuset og gjengede endeflater fint bearbeidet for \u00e5 forbedre slitestyrken. Regelmessig sm\u00f8ring med passende hydraulisk olje er n\u00f8dvendig for \u00e5 opprettholde systemets driftseffektivitet.<\/p>\n<h2>Regelmessig inspeksjon og forebyggende vedlikehold<\/h2>\n<ul>\n<li><strong>Rutinemessige inspeksjoner:<\/strong> Regelmessige kontroller for lekkasjer, slitasje og komponentintegritet b\u00f8r utf\u00f8res for \u00e5 sikre at sylinderen fungerer som den skal og for \u00e5 oppdage problemer tidlig.<\/li>\n<li><strong>Sm\u00f8ring:<\/strong> Tilstrekkelig sm\u00f8ring er avgj\u00f8rende for problemfri drift og for \u00e5 forhindre for tidlig slitasje. Planlegg regelmessige sm\u00f8reintervaller basert p\u00e5 driftskrav.<\/li>\n<li><strong>Utskifting av tetning:<\/strong> Over tid kan pakninger forringes og trenge utskifting. Regelmessig overv\u00e5king og rettidig utskifting av pakninger forhindrer lekkasjer av hydraulisk v\u00e6ske.<\/li>\n<\/ul>\n<h2>Installasjonsretningslinjer<\/h2>\n<p>Riktig montering av bomsylinderen er avgj\u00f8rende for optimal ytelse. S\u00f8rg for at sylinderen er riktig justert med monteringspunktene for \u00e5 unng\u00e5 un\u00f8dig belastning p\u00e5 komponentene. Det anbefales \u00e5 bruke passende monteringsbraketter for \u00e5 feste sylinderen. Under monteringen m\u00e5 du kontrollere for eventuelle hindringer og s\u00f8rge for at hydraulikkledningene er riktig festet for \u00e5 forhindre lekkasjer. Kalibrer systemet etter montering for \u00e5 sikre n\u00f8yaktig bevegelse og kontroll.<\/p>\n<h2>Vedlikeholdsoppgaver<\/h2>\n<ul>\n<li><strong>Regelmessige kontroller:<\/strong> Utf\u00f8r regelmessige inspeksjoner for \u00e5 identifisere tegn p\u00e5 slitasje eller skade. Tidlig oppdagelse kan forhindre mer alvorlige problemer og opprettholde driftseffektiviteten.<\/li>\n<li><strong>Riktig sm\u00f8ring:<\/strong> \u00c5 s\u00f8rge for at sylinderen er tilstrekkelig smurt vil forlenge levetiden. Bruk anbefalt hydraulikkolje og f\u00f8lg produsentens retningslinjer for sm\u00f8reintervaller.<\/li>\n<li><strong>Utskifting av tetning:<\/strong> Sjekk pakningene regelmessig for slitasje og skift dem ut etter behov. Det er avgj\u00f8rende \u00e5 sikre at pakningene er intakte for \u00e5 forhindre lekkasjer av hydraulisk v\u00e6ske, som kan svekke ytelsen.<\/li>\n<\/ul>\n<p>Riktig installasjon, sm\u00f8ring og vedlikehold er avgj\u00f8rende for \u00e5 forlenge levetiden til bomsylinderen. Bruk passende monteringsteknikker og kontroller justeringen regelmessig for \u00e5 sikre problemfri drift.<\/p>\n<p><img decoding=\"async\" src=\"https:\/\/www.hydraulic-cylinders.net\/wp-content\/uploads\/2025\/04\/songte-chushion-collar.webp\" alt=\"Putekrage\" \/><\/p>\n<h2>Sikkerhetshensyn og milj\u00f8faktorer<\/h2>\n<p>N\u00e5r man arbeider med hydrauliske systemer, er sikkerhetstiltak av st\u00f8rste betydning. S\u00f8rg for at alt personell er oppl\u00e6rt i sikre driftsprosedyrer, og at de alltid bruker passende personlig verneutstyr (PPE). Regelmessig oppl\u00e6ring og overholdelse av sikkerhetsprotokoller bidrar til \u00e5 minimere risikoen forbundet med bruk av hydrauliske sylindere.<\/p>\n<h2>Feils\u00f8king av vanlige problemer<\/h2>\n<ul>\n<li><strong>Hydrauliske lekkasjer:<\/strong> Sjekk pakninger og koblinger for tegn p\u00e5 slitasje eller skade. Skift ut eventuelle defekte komponenter for \u00e5 forhindre v\u00e6sketap.<\/li>\n<li><strong>Treg drift:<\/strong> Dette kan tyde p\u00e5 lavt hydraulikkv\u00e6skeniv\u00e5 eller et tett filter. S\u00f8rg for tilstrekkelig v\u00e6skeniv\u00e5 og rengj\u00f8r eller skift filtre etter behov.<\/li>\n<li><strong>Uvanlige lyder:<\/strong> Lytt etter skurende eller hylelyder, som kan tyde p\u00e5 mekaniske problemer. Unders\u00f8k sylinderen og tilh\u00f8rende komponenter for skader.<\/li>\n<\/ul>\n<h2>Feils\u00f8kingstips<\/h2>\n<p>N\u00e5r du diagnostiserer problemer, start alltid med en visuell inspeksjon av sylinderen og hydraulikkledningene. Se etter \u00e5penbare tegn p\u00e5 lekkasjer, slitasje eller feiljustering. Oppretthold et rent arbeidsmilj\u00f8 for \u00e5 forhindre forurensning av hydraulikkv\u00e6sken. Etabler en rutinemessig vedlikeholdsplan for \u00e5 holde systemet i topp stand.<\/p>\n<p><img decoding=\"async\" src=\"https:\/\/www.hydraulic-cylinders.net\/wp-content\/uploads\/2025\/04\/songte-bushings-with-all-kinds-of-excavator-models.webp\" alt=\"Gravemaskinforinger\" \/><\/p>\n<h2>Selskapsoversikt<\/h2>\n<p>Vi er en ledende produsent og grossist av hydrauliske sylindere, og spesialiserer oss p\u00e5 erstatninger for ulike hydrauliske applikasjoner. V\u00e5rt omfattende produktsortiment og v\u00e5r forpliktelse til kvalitet har posisjonert oss som en leder i det nasjonale og internasjonale markedet. Vi f\u00f8lger prinsippene for kvalitet innen produksjon, st\u00f8ttet av en finjustert strategi for produksjonsstyring. V\u00e5r dyktige arbeidsstyrke, avanserte digitale produksjonsutstyr og profesjonelle inspeksjonssystemer forbedrer produksjonskapasiteten v\u00e5r, og sikrer h\u00f8y effektivitet, presisjon og kvalitet for \u00e5 m\u00f8te ulike kundebehov.<\/p>\n<p>V\u00e5re tilbud inkluderer:<\/p>\n<ul>\n<li><strong>Profesjonalitet:<\/strong> V\u00e5rt team er h\u00f8yt oppl\u00e6rt og erfaren innen hydraulisk teknologi, og sikrer ekspertr\u00e5dgivning og service.<\/li>\n<li><strong>Internasjonale sertifiseringer:<\/strong> Produktene v\u00e5re oppfyller en rekke internasjonale standarder, noe som forsikrer kundene om kvaliteten og p\u00e5liteligheten.<\/li>\n<li><strong>Tilpassede tjenester:<\/strong> Vi tilbyr skreddersydde l\u00f8sninger for \u00e5 m\u00f8te spesifikke kundekrav, og sikrer optimal kompatibilitet og ytelse.<\/li>\n<li><strong>Avansert produksjonsutstyr:<\/strong> V\u00e5re toppmoderne produksjonsanlegg bruker den nyeste teknologien for forbedret produksjonseffektivitet.<\/li>\n<li><strong>Ettersalgsservice:<\/strong> Vi tilbyr omfattende ettersalgsst\u00f8tte for \u00e5 hjelpe kunder med installasjon, vedlikehold og feils\u00f8king.<\/li>\n<\/ul>\n<p><img decoding=\"async\" src=\"https:\/\/www.hydraulic-cylinders.net\/wp-content\/uploads\/2025\/04\/songte-company-4.webp\" alt=\"Selskapets fasiliteter\" \/><br \/>\n<img decoding=\"async\" src=\"https:\/\/www.hydraulic-cylinders.net\/wp-content\/uploads\/2025\/04\/songte-company-3.webp\" alt=\"Produksjonsutstyr\" \/><\/p>\n<p>Forfatter: lyl<\/p>","protected":false},"excerpt":{"rendered":"<p>Boom Cylinder For Volwa Cane Unloader DLS150-9A Product Overview The Boom Cylinder for Volwa Cane Unloader DLS150-9A is a specialized hydraulic cylinder designed for controlling the movement of heavy machinery&#8217;s buckets, such as excavators, backhoe loaders, and front-end loaders. This cylinder facilitates the lifting, lowering, and tilting of the bucket, making material handling tasks more [&hellip;]<\/p>","protected":false},"featured_media":17874,"comment_status":"open","ping_status":"closed","template":"","meta":{"_et_pb_use_builder":"","_et_pb_old_content":"","_et_gb_content_width":""},"product_brand":[],"product_cat":[1546],"product_tag":[1547,1496],"class_list":{"0":"post-19626","1":"product","2":"type-product","3":"status-publish","4":"has-post-thumbnail","6":"product_cat-boom-cylinders","7":"product_tag-boom-cylinders","8":"product_tag-hydraulic-cylinders","10":"first","11":"instock","12":"shipping-taxable","13":"product-type-simple"},"amp_enabled":true,"_links":{"self":[{"href":"https:\/\/www.hydraulic-cylinders.net\/nb\/wp-json\/wp\/v2\/product\/19626","targetHints":{"allow":["GET"]}}],"collection":[{"href":"https:\/\/www.hydraulic-cylinders.net\/nb\/wp-json\/wp\/v2\/product"}],"about":[{"href":"https:\/\/www.hydraulic-cylinders.net\/nb\/wp-json\/wp\/v2\/types\/product"}],"replies":[{"embeddable":true,"href":"https:\/\/www.hydraulic-cylinders.net\/nb\/wp-json\/wp\/v2\/comments?post=19626"}],"wp:featuredmedia":[{"embeddable":true,"href":"https:\/\/www.hydraulic-cylinders.net\/nb\/wp-json\/wp\/v2\/media\/17874"}],"wp:attachment":[{"href":"https:\/\/www.hydraulic-cylinders.net\/nb\/wp-json\/wp\/v2\/media?parent=19626"}],"wp:term":[{"taxonomy":"product_brand","embeddable":true,"href":"https:\/\/www.hydraulic-cylinders.net\/nb\/wp-json\/wp\/v2\/product_brand?post=19626"},{"taxonomy":"product_cat","embeddable":true,"href":"https:\/\/www.hydraulic-cylinders.net\/nb\/wp-json\/wp\/v2\/product_cat?post=19626"},{"taxonomy":"product_tag","embeddable":true,"href":"https:\/\/www.hydraulic-cylinders.net\/nb\/wp-json\/wp\/v2\/product_tag?post=19626"}],"curies":[{"name":"wp","href":"https:\/\/api.w.org\/{rel}","templated":true}]}}