{"id":19629,"date":"2025-04-07T06:58:23","date_gmt":"2025-04-07T06:58:23","guid":{"rendered":"https:\/\/www.hydraulic-cylinders.net\/product\/boom-cylinder-for-wacker-e5023\/"},"modified":"2025-04-07T06:58:25","modified_gmt":"2025-04-07T06:58:25","slug":"boom-cylinder-for-wacker-e5023","status":"publish","type":"product","link":"https:\/\/www.hydraulic-cylinders.net\/nb\/produkt\/boom-cylinder-for-wacker-e5023\/","title":{"rendered":"Bom-sylinder for Wacker E5023"},"content":{"rendered":"<h1>Bom-sylinder for Wacker E5023<\/h1>\n<h2>Produktoversikt<\/h2>\n<p>Bom-sylinderen for Wacker E5023 er en viktig komponent i hydrauliske systemer, spesielt utviklet for \u00e5 forenkle bevegelsen av skuffer til tunge maskiner. Disse sylindrene er kritiske i gravemaskiner, traktorgravere og frontlastere, slik at skuffen kan l\u00f8ftes, senkes og tiltes. Ved \u00e5 bruke hydraulisk trykk muliggj\u00f8r bom-sylinderen effektiv materialh\u00e5ndtering, noe som gj\u00f8r den til en viktig del av anleggs- og jordflyttingsutstyr.<\/p>\n<p><img decoding=\"async\" src=\"https:\/\/www.hydraulic-cylinders.net\/wp-content\/uploads\/2025\/04\/songte-company-1.webp\" alt=\"Bom-sylinder\"><\/p>\n<h2>Funksjoner p\u00e5 bomsylinderen<\/h2>\n<ul>\n<li><strong>H\u00f8y styrke og holdbarhet:<\/strong> Disse sylindrene er produsert av h\u00f8yfast st\u00e5l eller aluminium, og er bygget for \u00e5 t\u00e5le h\u00f8yt trykk og tunge belastninger, selv i t\u00f8ffe arbeidsmilj\u00f8er.<\/li>\n<li><strong>Effektiv hydraulisk drift:<\/strong> Bom-sylinderen fungerer jevnt og reagerer raskt p\u00e5 kontrollkommandoer, og gir kraftig skyve- og trekkekraft for h\u00e5ndtering av tunge og komplekse oppgaver.<\/li>\n<li><strong>Ulike typer:<\/strong> Tilgjengelig i enkeltvirkende (opererer i \u00e9n retning) eller dobbeltvirkende (opererer i begge retninger) konfigurasjoner for \u00e5 m\u00f8te ulike driftsbehov.<\/li>\n<li><strong>Plassbesparende design:<\/strong> Enkelte modeller er teleskopiske, noe som gir st\u00f8rre uttrekk uten \u00e5 \u00f8ke de ytre m\u00e5lene, ideelt for bruksomr\u00e5der med begrenset plass.<\/li>\n<li><strong>Vedlikeholdsfrie tetninger:<\/strong> Utviklet med avanserte tetningsteknologier for \u00e5 minimere behovet for regelmessig vedlikehold og maksimere driftseffektiviteten.<\/li>\n<\/ul>\n<p>Vi er i stand til \u00e5 produsere dette produktet, og produktene v\u00e5re kan erstatte disse hydrauliske sylindrene perfekt.<\/p>\n<p><img decoding=\"async\" src=\"https:\/\/www.hydraulic-cylinders.net\/wp-content\/uploads\/2025\/04\/songte-cylinder-head-with-all-kinds-excavator-models.webp\" alt=\"Utskifting av hydrauliske sylindere\"><\/p>\n<h2>Bruksomr\u00e5der for bomsylinderen<\/h2>\n<h3>Anleggsutstyr<\/h3>\n<p>I gravemaskiner er bomsylindre viktige for graving, lasting og flytting av jord eller rusk. De muliggj\u00f8r s\u00f8ml\u00f8s drift av skuffen, slik at oppgavene utf\u00f8res effektivt. I gravemaskiner hjelper disse sylindrene ikke bare med graving, men ogs\u00e5 med \u00e5 l\u00f8fte materialer, noe som gj\u00f8r dem uunnv\u00e6rlige for anleggsaktiviteter.<\/p>\n<h3>Landbruksmaskiner<\/h3>\n<p>I frontlastere brukes bomsylindre til \u00e5 utarbeide, l\u00f8fte og transportere jord, h\u00f8y og andre materialer. Deres robusthet og effektivitet gj\u00f8r det mulig for landbruksarbeidere \u00e5 h\u00e5ndtere tunge lass med letthet, noe som \u00f8ker produktiviteten i landbruksdriften.<\/p>\n<h3>Gravemaskiner<\/h3>\n<p>Bom-sylinderen lar skuffen trenge ned i bakken, noe som forenkler gravearbeidet. Denne mekanismen er avgj\u00f8rende for ulike graveoppgaver, og sikrer at operat\u00f8rene kan oppn\u00e5 \u00f8nsket dybde og lastekapasitet effektivt.<\/p>\n<h3>Lastere<\/h3>\n<p>I frontlastere spiller bomsylindre en n\u00f8kkelrolle i effektiv l\u00f8fting og dumping av materialer. De gir den n\u00f8dvendige kraften til \u00e5 l\u00f8fte last, noe som effektiviserer operasjoner i materialtransport og p\u00e5 byggeplasser.<\/p>\n<h2>Designhensyn og utvalgskriterier<\/h2>\n<h3>Lastekapasitet<\/h3>\n<p>Lastekapasiteten til en bomsylinder er en av de viktigste designhensynene. Den m\u00e5 kunne b\u00e6re vekten av materialet som h\u00e5ndteres uten \u00e5 risikere strukturell svikt. Ingeni\u00f8rer beregner n\u00f8ye lastgrenser basert p\u00e5 den tiltenkte bruken, og sikrer at sylinderen kan fungere effektivt under belastning.<\/p>\n<h3>Tetningsytelse<\/h3>\n<p>En robust tetningsmekanisme er viktig for \u00e5 forhindre lekkasjer av hydraulisk v\u00e6ske, som kan g\u00e5 ut over ytelse og sikkerhet. Tetninger av h\u00f8y kvalitet minimerer slitasje og forlenger sylinderens levetid, noe som reduserer vedlikeholdsbehovet og sikrer p\u00e5litelig drift i krevende milj\u00f8er.<\/p>\n<h3>Varighet<\/h3>\n<p>Holdbarhet er avgj\u00f8rende i design av hydrauliske sylindere. Materialer m\u00e5 motst\u00e5 slitasje, korrosjon og utmatting over tid. Valg av materialer, sammen med overflatebehandlinger og belegg, spiller en viktig rolle i \u00e5 forbedre sylinderens levetid og p\u00e5litelighet i ulike bruksomr\u00e5der.<\/p>\n<h3>Sikkerhetsfunksjoner<\/h3>\n<p>Sikkerhet er en viktig faktor n\u00e5r man designer bomsylindere. Funksjoner som trykkavlastningsventiler og sikkerhetsmekanismer er integrert for \u00e5 beskytte operat\u00f8rer og maskiner mot ulykker eller funksjonsfeil, og dermed sikre sikker drift til enhver tid.<\/p>\n<h3>Vedlikeholdstilgjengelighet<\/h3>\n<p>Det er avgj\u00f8rende \u00e5 designe hydrauliske sylindere for enkelt vedlikehold for \u00e5 sikre driftseffektivitet. Komponenter b\u00f8r v\u00e6re tilgjengelige for inspeksjon og reparasjon for \u00e5 minimere nedetid. Gjennomtenkt design kan legge til rette for regelmessige vedlikeholdsoppgaver og dermed forbedre den generelle produktiviteten.<\/p>\n<p><img decoding=\"async\" src=\"https:\/\/www.hydraulic-cylinders.net\/wp-content\/uploads\/2025\/04\/songte-oil-pipes-and-spare-parts.webp\" alt=\"Hydrauliske sylinderdeler\"><\/p>\n<h2>Tetting og sm\u00f8ring<\/h2>\n<p>Effektiv tetting og sm\u00f8ring er viktige aspekter ved hydrauliske sylinderes ytelse. Ulike tetningskomponenter, som stempeltetninger og stangtetninger, brukes for \u00e5 forhindre v\u00e6sketap. Materialene som brukes til tetninger, som polyuretan og nitrilgummi, er valgt for sin slitestyrke. I tillegg gjennomg\u00e5r sylinderhuset og gjengede ender finmaskinering for \u00e5 forbedre slitestyrken. Regelmessig sm\u00f8ring med hydraulikkolje er avgj\u00f8rende for \u00e5 opprettholde jevn drift og forlenge sylinderens levetid.<\/p>\n<h2>Forebyggende vedlikeholdstiltak<\/h2>\n<ul>\n<li><strong>Regelmessige inspeksjoner:<\/strong> Utf\u00f8r rutinemessige kontroller av det hydrauliske systemet for \u00e5 identifisere potensielle lekkasjer eller slitasje. Tidlig oppdagelse av problemer kan forhindre kostbare reparasjoner og nedetid.<\/li>\n<li><strong>Sm\u00f8ring:<\/strong> S\u00f8rg for at hydraulikkoljen er etterfylt og at pakningene er godt smurt for \u00e5 opprettholde optimal funksjonalitet.<\/li>\n<li><strong>Utskifting av tetninger:<\/strong> Overv\u00e5k tilstanden til pakningene og skift dem ut etter behov for \u00e5 forhindre lekkasjer og opprettholde effektiviteten til det hydrauliske systemet.<\/li>\n<\/ul>\n<h2>Installasjonsveiledning<\/h2>\n<p>Riktig montering av bomsylinderen er avgj\u00f8rende for optimal ytelse. Begynn med \u00e5 s\u00f8rge for at arbeidsomr\u00e5det er rent og fritt for rusk. Juster sylinderen med monteringsbrakettene, og s\u00f8rg for at den er riktig sentrert. Bruk passende monteringsbraketter for \u00e5 feste sylinderen sikkert. N\u00e5r den er installert, sjekk for eventuelle feiljusteringer og juster etter behov. Etter montering, test det hydrauliske systemet for \u00e5 sikre riktig funksjonalitet og l\u00f8s eventuelle problemer f\u00f8r full driftstid.<\/p>\n<h2>Vanlige vedlikeholdsoppgaver<\/h2>\n<ul>\n<li><strong>Regelmessige inspeksjoner:<\/strong> Utf\u00f8r regelmessige inspeksjoner for \u00e5 sjekke lekkasjer, slitasje og riktig justering. Dette bidrar til \u00e5 identifisere problemer f\u00f8r de eskalerer.<\/li>\n<li><strong>Riktig sm\u00f8ring:<\/strong> S\u00f8rg for at hydraulikkoljen etterfylles regelmessig og at pakningene er tilstrekkelig smurt for \u00e5 forhindre friksjon og slitasje.<\/li>\n<li><strong>Utskifting av tetning:<\/strong> Vurder tilstanden til pakningene regelmessig og skift dem ut for \u00e5 forhindre lekkasje og opprettholde hydraulisk trykk.<\/li>\n<\/ul>\n<h2>Sikkerhetshensyn og milj\u00f8faktorer<\/h2>\n<p>N\u00e5r man bruker bomsylindere, er det viktig \u00e5 f\u00f8lge sikkerhetsprotokollene. Operat\u00f8rer b\u00f8r v\u00e6re oppl\u00e6rt i sikker h\u00e5ndtering av hydrauliske systemer for \u00e5 forhindre ulykker. Riktig vedlikehold av utstyret sikrer ikke bare driftssikkerhet, men minimerer ogs\u00e5 milj\u00f8p\u00e5virkningen ved \u00e5 redusere risikoen for v\u00e6skelekkasjer og utstyrsfeil.<\/p>\n<h2>Feils\u00f8king og vanlige problemer<\/h2>\n<ul>\n<li><strong>Lekkasjer av hydraulisk v\u00e6ske:<\/strong> Sjekk for synlige lekkasjer rundt tetninger eller koblinger. \u00c5 stramme til beslag eller bytte ut skadede tetninger kan l\u00f8se problemet.<\/li>\n<li><strong>D\u00e5rlig ytelse:<\/strong> Hvis sylinderen er treg, m\u00e5 du s\u00f8rge for at hydraulikkoljen er p\u00e5 riktig niv\u00e5 og kontrollere om det er blokkeringer i systemet.<\/li>\n<li><strong>Uvanlige lyder:<\/strong> Lytt etter unormale lyder under drift, da dette kan tyde p\u00e5 intern skade eller lavt niv\u00e5 av hydraulisk v\u00e6ske.<\/li>\n<\/ul>\n<h2>Tips for probleml\u00f8sning<\/h2>\n<p>For \u00e5 effektivt diagnostisere og l\u00f8se problemer med bomsylindere, m\u00e5 du regelmessig inspisere det hydrauliske systemet for lekkasjer og bekrefte at alle komponenter fungerer som de skal. Oppretthold en plan for forebyggende vedlikehold for \u00e5 minimere potensielle problemer. S\u00f8rg i tillegg for at operat\u00f8rer er oppl\u00e6rt i sikre driftsprosedyrer og viktigheten av rutinekontroller for \u00e5 forhindre problemer f\u00f8r de oppst\u00e5r.<\/p>\n<p><img decoding=\"async\" src=\"https:\/\/www.hydraulic-cylinders.net\/wp-content\/uploads\/2025\/04\/songte-bushings-with-all-kinds-of-excavator-models.webp\" alt=\"Gravemaskindeler og foringer\"><\/p>\n<h2>Om selskapet v\u00e5rt<\/h2>\n<p>Vi er en ledende produsent og grossist av hydrauliske sylindere, og spesialiserer oss p\u00e5 \u00e5 tilby reservedeler av h\u00f8y kvalitet. V\u00e5rt varierte produktsortiment har etablert oss som en av de ledende produsentene av hydrauliske sylindere i b\u00e5de innenlandske og internasjonale markeder. Vi f\u00f8lger prinsippene for kvalitet, og bruker raffinerte produksjonsstrategier og avansert digitalt utstyr i toppklasse. V\u00e5rt dedikerte team av tekniske fagfolk og omfattende inspeksjonssystemer forbedrer kontinuerlig produksjonsplattformen v\u00e5r, og sikrer at vi m\u00f8ter ulike kundebehov med h\u00f8y effektivitet, presisjon og kvalitet.<\/p>\n<p><img decoding=\"async\" src=\"https:\/\/www.hydraulic-cylinders.net\/wp-content\/uploads\/2025\/04\/songte-company-4.webp\" alt=\"Selskapsoversikt\"><br \/>\n<img decoding=\"async\" src=\"https:\/\/www.hydraulic-cylinders.net\/wp-content\/uploads\/2025\/04\/songte-company-3.webp\" alt=\"Selskapets produksjonsanlegg\"><\/p>\n<p>V\u00e5r forpliktelse til profesjonalitet, internasjonale sertifiseringer, skreddersydde tjenester, avansert produksjonsutstyr og omfattende ettersalgsst\u00f8tte skiller oss fra andre i bransjen.<\/p>\n<p>Forfatter: lyl<\/p>","protected":false},"excerpt":{"rendered":"<p>Boom Cylinder For Wacker E5023 Product Overview The Boom Cylinder for Wacker E5023 is an essential component in hydraulic systems, specifically designed to facilitate the movement of heavy machinery buckets. These cylinders are critical in excavators, backhoes, and front loaders, enabling the bucket to lift, lower, and tilt. By utilizing hydraulic pressure, the boom cylinder [&hellip;]<\/p>","protected":false},"featured_media":17877,"comment_status":"open","ping_status":"closed","template":"","meta":{"_et_pb_use_builder":"","_et_pb_old_content":"","_et_gb_content_width":""},"product_brand":[],"product_cat":[1546],"product_tag":[1547,1496],"class_list":{"0":"post-19629","1":"product","2":"type-product","3":"status-publish","4":"has-post-thumbnail","6":"product_cat-boom-cylinders","7":"product_tag-boom-cylinders","8":"product_tag-hydraulic-cylinders","10":"first","11":"instock","12":"shipping-taxable","13":"product-type-simple"},"amp_enabled":true,"_links":{"self":[{"href":"https:\/\/www.hydraulic-cylinders.net\/nb\/wp-json\/wp\/v2\/product\/19629","targetHints":{"allow":["GET"]}}],"collection":[{"href":"https:\/\/www.hydraulic-cylinders.net\/nb\/wp-json\/wp\/v2\/product"}],"about":[{"href":"https:\/\/www.hydraulic-cylinders.net\/nb\/wp-json\/wp\/v2\/types\/product"}],"replies":[{"embeddable":true,"href":"https:\/\/www.hydraulic-cylinders.net\/nb\/wp-json\/wp\/v2\/comments?post=19629"}],"wp:featuredmedia":[{"embeddable":true,"href":"https:\/\/www.hydraulic-cylinders.net\/nb\/wp-json\/wp\/v2\/media\/17877"}],"wp:attachment":[{"href":"https:\/\/www.hydraulic-cylinders.net\/nb\/wp-json\/wp\/v2\/media?parent=19629"}],"wp:term":[{"taxonomy":"product_brand","embeddable":true,"href":"https:\/\/www.hydraulic-cylinders.net\/nb\/wp-json\/wp\/v2\/product_brand?post=19629"},{"taxonomy":"product_cat","embeddable":true,"href":"https:\/\/www.hydraulic-cylinders.net\/nb\/wp-json\/wp\/v2\/product_cat?post=19629"},{"taxonomy":"product_tag","embeddable":true,"href":"https:\/\/www.hydraulic-cylinders.net\/nb\/wp-json\/wp\/v2\/product_tag?post=19629"}],"curies":[{"name":"wp","href":"https:\/\/api.w.org\/{rel}","templated":true}]}}