{"id":1963,"date":"2023-10-23T05:36:34","date_gmt":"2023-10-23T05:36:34","guid":{"rendered":"https:\/\/hydraulic-cylinders.net\/?post_type=product&#038;p=1963"},"modified":"2023-10-23T05:36:45","modified_gmt":"2023-10-23T05:36:45","slug":"v30d-series-axial-piston-variable-displacement-hydraulic-pump","status":"publish","type":"product","link":"https:\/\/www.hydraulic-cylinders.net\/nb\/produkt\/v30d-series-axial-piston-variable-displacement-hydraulic-pump\/","title":{"rendered":"V30D-serien aksialstempel hydraulisk pumpe med variabel forskyvning"},"content":{"rendered":"<h1 style=\"text-align: center;\"><strong>V30D-serien aksialstempel hydraulisk pumpe med variabel forskyvning<\/strong><\/h1>\n<p><img loading=\"lazy\" decoding=\"async\" class=\"aligncenter wp-image-1974\" src=\"https:\/\/hydraulic-cylinders.net\/wp-content\/uploads\/2023\/10\/v30d-series-axial-piston-variable-displacement-pump-1-300x300.webp\" alt=\"\" width=\"400\" height=\"400\" \/><\/p>\n<p>V30D-serien aksialstempel-hydraulisk pumpe med variabel forskyvning er en toppmoderne l\u00f8sning som er utviklet for \u00e5 levere eksepsjonell ytelse og effektivitet i ulike hydrauliske applikasjoner. Med sin avanserte konstruksjon, allsidige design og presise kontroll er denne hydrauliske pumpen banebrytende i bransjen.<\/p>\n<p>V30D-seriens aksialstempel-hydrauliske pumpe med variabelt fortrengning setter en ny standard for effektivitet og ytelse i hydrauliske systemer. Med sin variable fortrengningsteknologi, h\u00f8ye ytelse og allsidige design, tilbyr denne pumpen overlegen kontroll og optimalisert energiutnyttelse. Ved \u00e5 f\u00f8lge de anbefalte bruksmetodene og regelmessige vedlikeholdspraksiser, vil V30D-seriens pumper fortsette \u00e5 levere eksepsjonell effektivitet og kraft, noe som bidrar til suksess for ulike industrielle applikasjoner. Utnytt kraften og effektiviteten til V30D-seriens aksialstempel-hydrauliske pumpe med variabelt fortrengning for \u00e5 heve ytelsen til ditt hydrauliske system.<\/p>\n<p>V30D-serien aksialstempelpumpe med variabelt slagvolum Viktige egenskaper:<\/p>\n<ul>\n<li>Variabel fortrengningsteknologi: Pumpen i V30D-serien har banebrytende variabel fortrengningsteknologi, som gj\u00f8r at den kan justere pumpens ytelse basert p\u00e5 systemets behov. Denne funksjonen sikrer optimal energiutnyttelse, noe som resulterer i \u00f8kt effektivitet og redusert str\u00f8mforbruk.<\/li>\n<li>H\u00f8y ytelse: Denne hydrauliske pumpen setter nye standarder n\u00e5r det gjelder ytelse. Med et bredt spekter av driftstrykk og hastigheter gir pumpen i V30D-serien presis kontroll og effektiv kraftlevering, noe som muliggj\u00f8r overlegen systemytelse og produktivitet.<\/li>\n<li>Allsidig design: Pumpen i V30D-serien er designet for \u00e5 passe til ulike hydrauliske systemer og bruksomr\u00e5der. Den tilbyr fleksibilitet i monteringsalternativer, v\u00e6skekompatibilitet og kontrollmetoder, noe som gj\u00f8r den egnet for et bredt spekter av industrier og maskiner.<\/li>\n<li>Effektivitet ved enhver belastning: Pumpen i V30D-serien sikrer effektivitet over et bredt spekter av belastninger takket v\u00e6re den variable fortrengningsfunksjonen. Den justerer automatisk effekten for \u00e5 matche systemets krav, noe som minimerer energitap og maksimerer produktiviteten.<\/li>\n<\/ul>\n<h2><strong>V30D-serien aksialstempel variabel forskyvning hydraulisk pumpe Parameter:<\/strong><\/h2>\n<table class=\"table table-bordered table-hover table-colored\">\n<tbody>\n<tr class=\"firstRow\">\n<td colspan=\"1\" rowspan=\"2\" align=\"center\" valign=\"middle\">St\u00f8rrelse<\/td>\n<td rowspan=\"2\" align=\"center\" valign=\"middle\">Slagvolum cc\/omdreining<\/td>\n<td colspan=\"2\" rowspan=\"1\" align=\"center\" valign=\"middle\">Trykkstang<\/td>\n<td colspan=\"2\" rowspan=\"1\" align=\"center\" valign=\"middle\">Rotasjonshastighet o\/min<\/td>\n<\/tr>\n<tr>\n<td align=\"center\" valign=\"middle\">Vurdert<\/td>\n<td align=\"center\" valign=\"middle\">Topp<\/td>\n<td align=\"center\" valign=\"middle\">Maks for selvsugende<sup>*1<\/sup><\/td>\n<td align=\"center\" valign=\"middle\">Maks<sup>*2<\/sup><\/td>\n<\/tr>\n<tr>\n<td align=\"center\" valign=\"middle\">\u00a0V30D45<\/td>\n<td align=\"center\" valign=\"middle\">45<\/td>\n<td align=\"center\" valign=\"middle\">350<\/td>\n<td align=\"center\" valign=\"middle\">420<\/td>\n<td align=\"center\" valign=\"middle\">2600<\/td>\n<td align=\"center\" valign=\"middle\">3600<\/td>\n<\/tr>\n<tr>\n<td align=\"center\" valign=\"middle\">\u00a0V30D75<\/td>\n<td align=\"center\" valign=\"middle\">75<\/td>\n<td align=\"center\" valign=\"middle\">350<\/td>\n<td align=\"center\" valign=\"middle\">420<\/td>\n<td align=\"center\" valign=\"middle\">2400<\/td>\n<td align=\"center\" valign=\"middle\">3200<\/td>\n<\/tr>\n<tr>\n<td align=\"center\" valign=\"middle\">\u00a0V30D95<\/td>\n<td align=\"center\" valign=\"middle\">96<\/td>\n<td align=\"center\" valign=\"middle\">350<\/td>\n<td align=\"center\" valign=\"middle\">420<\/td>\n<td align=\"center\" valign=\"middle\">2200<\/td>\n<td align=\"center\" valign=\"middle\">2900<\/td>\n<\/tr>\n<tr>\n<td align=\"center\" valign=\"middle\">\u00a0V30D115<\/td>\n<td align=\"center\" valign=\"middle\">115<\/td>\n<td align=\"center\" valign=\"middle\">250<\/td>\n<td align=\"center\" valign=\"middle\">300<\/td>\n<td align=\"center\" valign=\"middle\">2000<\/td>\n<td align=\"center\" valign=\"middle\">2800<\/td>\n<\/tr>\n<tr>\n<td align=\"center\" valign=\"middle\">\u00a0V30D140<\/td>\n<td align=\"center\" valign=\"middle\">142<\/td>\n<td align=\"center\" valign=\"middle\">350<\/td>\n<td align=\"center\" valign=\"middle\">420<\/td>\n<td align=\"center\" valign=\"middle\">2200<\/td>\n<td align=\"center\" valign=\"middle\">2600<\/td>\n<\/tr>\n<tr>\n<td align=\"center\" valign=\"middle\">\u00a0V30D160<\/td>\n<td align=\"center\" valign=\"middle\">164<\/td>\n<td align=\"center\" valign=\"middle\">250<\/td>\n<td align=\"center\" valign=\"middle\">300<\/td>\n<td align=\"center\" valign=\"middle\">1900<\/td>\n<td align=\"center\" valign=\"middle\">2500<\/td>\n<\/tr>\n<tr>\n<td align=\"center\" valign=\"middle\">\u00a0V30D250<\/td>\n<td align=\"center\" valign=\"middle\">250<\/td>\n<td align=\"center\" valign=\"middle\">350<\/td>\n<td align=\"center\" valign=\"middle\">420<\/td>\n<td align=\"center\" valign=\"middle\">1800<\/td>\n<td align=\"center\" valign=\"middle\">2000<\/td>\n<\/tr>\n<tr>\n<td align=\"center\" valign=\"middle\">V30D520<\/td>\n<td align=\"center\" valign=\"middle\">520<\/td>\n<td align=\"center\" valign=\"middle\">400<\/td>\n<td align=\"center\" valign=\"middle\">450<\/td>\n<td align=\"center\" valign=\"middle\">1500<\/td>\n<td align=\"center\" valign=\"middle\">1800<\/td>\n<\/tr>\n<\/tbody>\n<\/table>\n<h2><strong>Fordeler med V30D-serien aksialstempelpumpe med variabelt slagvolum:<\/strong><\/h2>\n<p>\u2022 Brukes i hydrauliske systemer med \u00e5pen krets<br \/>\n\u2022 Lavt st\u00f8yniv\u00e5<br \/>\n\u2022 Flere kontrollmoduler<br \/>\n\u2022 Gir tilstrekkelig dreiemoment for den bakre pumpen n\u00e5r det kreves en tandempumpe<\/p>\n<h2><strong>V30D-serien aksialstempel hydraulisk pumpe med variabel forskyvning <\/strong><strong>S\u00f8knad:<\/strong><\/h2>\n<p><img loading=\"lazy\" decoding=\"async\" class=\"alignnone wp-image-1976 size-full\" src=\"https:\/\/hydraulic-cylinders.net\/wp-content\/uploads\/2023\/10\/v30d-series-axial-piston-variable-displacement-pump-2.webp\" alt=\"\" width=\"1144\" height=\"394\" srcset=\"https:\/\/hydraulic-cylinders.net\/wp-content\/uploads\/2023\/10\/v30d-series-axial-piston-variable-displacement-pump-2.webp 1144w, https:\/\/hydraulic-cylinders.net\/wp-content\/uploads\/2023\/10\/v30d-series-axial-piston-variable-displacement-pump-2-980x338.webp 980w, https:\/\/hydraulic-cylinders.net\/wp-content\/uploads\/2023\/10\/v30d-series-axial-piston-variable-displacement-pump-2-480x165.webp 480w\" sizes=\"(min-width: 0px) and (max-width: 480px) 480px, (min-width: 481px) and (max-width: 980px) 980px, (min-width: 981px) 1144px, 100vw\" \/><\/p>\n<h2><strong>Bruksmetode for V30D-serien aksialstempel hydraulisk pumpe med variabel forskyvning<\/strong><strong>:<\/strong><\/h2>\n<ul>\n<li><strong>Installasjon og integrasjon:<\/strong> Velg et passende sted i det hydrauliske systemet for \u00e5 installere V30D-seriens aksialstempelhydraulikkpumpe med variabelt fortrengningsvolum. S\u00f8rg for riktig justering og monter pumpen sikkert med passende braketter eller tilbeh\u00f8r. Koble pumpen til det hydrauliske systemet med kompatible beslag og slanger, og s\u00f8rg for lekkasjefrie tilkoblinger.<\/li>\n<li><strong>V\u00e6skekompatibilitet:<\/strong> Kontroller at hydraulikkv\u00e6sken som brukes i systemet er kompatibel med V30D-seriens pumpe. Se produsentens anbefalte v\u00e6sketype, viskositet og temperaturomr\u00e5de. Overv\u00e5k og vedlikehold hydraulikkv\u00e6sken regelmessig for \u00e5 sikre optimal pumpedrift og levetid.<\/li>\n<li><strong>Kontroll og justering:<\/strong> Gj\u00f8r deg kjent med kontrollalternativene som f\u00f8lger med V30D-serien av pumper. Avhengig av den spesifikke modellen kan den tilby ulike kontrollmetoder, som manuell, proporsjonal eller elektronisk kontroll. Forst\u00e5 de anbefalte kontrollinnstillingene og juster dem deretter for \u00e5 optimalisere pumpens ytelse.<\/li>\n<li><strong>Systemoptimalisering:<\/strong> V30D-serien av pumper muliggj\u00f8r systemoptimalisering ved \u00e5 justere pumpens slagvolum for \u00e5 matche belastningskravene. Dra nytte av denne funksjonen for \u00e5 maksimere energieffektiviteten og den generelle systemytelsen.<\/li>\n<\/ul>\n<h2><strong>Hvordan lufte en hydraulisk sylinder uten lufteventil?<\/strong><\/h2>\n<p>Det kan v\u00e6re litt mer utfordrende \u00e5 lufte en hydraulisk sylinder uten lufteventil, men det er fortsatt mulig. Her er en trinnvis veiledning om hvordan du lufter en hydraulisk sylinder uten lufteventil:<\/p>\n<ol>\n<li><strong>Sikkerhet f\u00f8rst:<\/strong> F\u00f8r du arbeider p\u00e5 den hydrauliske sylinderen, m\u00e5 du s\u00f8rge for at systemet er trykkl\u00f8st. Sl\u00e5 av str\u00f8mforsyningen og slipp ut eventuelt gjenv\u00e6rende trykk ved \u00e5 aktivere trykkavlastningsventilen eller kj\u00f8re systemet til sitt maksimale ut- eller inntrekkspunkt.<\/li>\n<li><strong>Plasser sylinderen:<\/strong> Plasser den hydrauliske sylinderen i en posisjon der luftbobler lett kan stige til det h\u00f8yeste punktet. Dette betyr vanligvis at sylinderen skal v\u00e6re vertikal med stangen pekende oppover.<\/li>\n<li><strong>Fjern beslaget:<\/strong> Finn koblingen som kobler hydraulikkledningen til sylinderen. Bruk passende verkt\u00f8y til \u00e5 koble fra koblingen og fjerne den. V\u00e6r forberedt p\u00e5 at det kan lekke ut hydraulikkv\u00e6ske under denne prosessen, s\u00e5 ha en beholder eller filler klare til \u00e5 samle opp s\u00f8l.<\/li>\n<li><strong>Hev sylinderen:<\/strong> Hvis mulig, hev sylinderen til maksimal uttrekksposisjon. Dette bidrar til \u00e5 minimere mengden luft som er fanget inne i sylinderen.<\/li>\n<li><strong>Trykk p\u00e5 sylinderen:<\/strong> Bank lett p\u00e5 sidene av sylinderen med en gummihammer eller en myk hammer. Dette bidrar til \u00e5 l\u00f8sne eventuelle luftbobler som kan v\u00e6re fanget inne i sylinderen. Start nedenfra og arbeid deg oppover, og bank rundt sylinderens omkrets.<\/li>\n<li><strong>Sykle sylinderen:<\/strong> Betjen det hydrauliske systemet for \u00e5 sykle sylinderen noen ganger. Forleng og trekk sylinderen helt inn, slik at hydraulikkv\u00e6sken kan str\u00f8mme gjennom og muligens presse ut eventuelle luftbobler. Gjenta denne prosessen flere ganger for \u00e5 sikre grundig lufting.<\/li>\n<li><strong>Koble til beslaget igjen:<\/strong> N\u00e5r du har syklet sylinderen og f\u00f8ler at mesteparten av luften er blitt luftet ut, kobler du koblingen til hydraulikkledningen igjen. S\u00f8rg for at den er strammet godt, men ikke for hardt, da det kan skade koblingen eller for\u00e5rsake lekkasjer.<\/li>\n<li><strong>Test sylinderen:<\/strong> Etter at du har luftet sylinderen, test dens funksjon ved \u00e5 forlenge og trekke den helt inn. Overv\u00e5k sylinderen for tegn p\u00e5 luftbobler eller unormal oppf\u00f8rsel. Hvis du oppdager problemer, gjenta luftingsprosessen eller s\u00f8k hjelp fra en hydraulisk fagperson.<\/li>\n<\/ol>\n<h2><strong>Fabrikkens kapasitet og kapasitet:<\/strong><\/h2>\n<h3>(1) Montering<\/h3>\n<p>Vi har en f\u00f8rsteklasses uavhengig forsknings- og utviklingsplattform for montering. Verkstedet for produksjon av hydrauliske sylindere har fire halvautomatiske monteringslinjer for l\u00f8ftesylindere og \u00e9n automatisk monteringslinje for vippesylindere, med en \u00e5rlig produksjonskapasitet p\u00e5 1 million enheter. Spesialsylinderverkstedet er utstyrt med ulike spesifikasjoner for et halvautomatisk rengj\u00f8ringsmonteringssystem med en \u00e5rlig produksjonskapasitet p\u00e5 200 000 enheter, og er utstyrt med kjent CNC-maskineringsutstyr, et maskineringssenter, spesialutstyr for h\u00f8ypresisjons sylinderbehandling, en robotsveisemaskin, en automatisk rengj\u00f8ringsmaskin, en automatisk sylindermonteringsmaskin og en automatisk produksjonslinje for lakkering. Vi har mer enn 300 sett (sett) av kritisk utstyr. Optimal allokering og effektiv bruk av utstyrsressurser sikrer n\u00f8yaktighetskravene til produktene og oppfyller produktenes h\u00f8ye kvalitetsbehov.<\/p>\n<p><img loading=\"lazy\" decoding=\"async\" class=\"alignnone wp-image-626\" src=\"https:\/\/hydraulic-cylinders.net\/wp-content\/uploads\/2023\/08\/hydraulic-cylinder-product-1-300x158.webp\" alt=\"\" width=\"495\" height=\"260\" srcset=\"https:\/\/hydraulic-cylinders.net\/wp-content\/uploads\/2023\/08\/hydraulic-cylinder-product-1-300x158.webp 495w, https:\/\/hydraulic-cylinders.net\/wp-content\/uploads\/2023\/08\/hydraulic-cylinder-product-1-480x252.webp 480w\" sizes=\"(min-width: 0px) and (max-width: 480px) 480px, (min-width: 481px) 495px, 100vw\" \/> <img loading=\"lazy\" decoding=\"async\" class=\"alignnone wp-image-627\" src=\"https:\/\/hydraulic-cylinders.net\/wp-content\/uploads\/2023\/08\/hydraulic-cylinder-product-2-300x189.webp\" alt=\"\" width=\"413\" height=\"260\" \/><\/p>\n<h3>(2) Maskinering<\/h3>\n<p>Maskineringsverkstedet er utstyrt med et spesialtilpasset dreiesenter for skr\u00e5 skinner, maskineringssenter, h\u00f8yhastighets honemaskin, sveiserobot og annet relatert utstyr, som kan h\u00e5ndtere bearbeiding av sylinderr\u00f8r med en maksimal indre diameter p\u00e5 400 mm og en maksimal lengde p\u00e5 6 meter.<\/p>\n<p><img loading=\"lazy\" decoding=\"async\" class=\"alignnone wp-image-628 size-large\" src=\"https:\/\/hydraulic-cylinders.net\/wp-content\/uploads\/2023\/08\/hydraulic-cylinder-product-3-1024x391.webp\" alt=\"\" width=\"1024\" height=\"391\" srcset=\"https:\/\/hydraulic-cylinders.net\/wp-content\/uploads\/2023\/08\/hydraulic-cylinder-product-3-980x374.webp 980w, https:\/\/hydraulic-cylinders.net\/wp-content\/uploads\/2023\/08\/hydraulic-cylinder-product-3-480x183.webp 480w\" sizes=\"(min-width: 0px) and (max-width: 480px) 480px, (min-width: 481px) and (max-width: 980px) 980px, (min-width: 981px) 1024px, 100vw\" \/><\/p>\n<h3>(3) Sveising<\/h3>\n<p><img loading=\"lazy\" decoding=\"async\" class=\"alignnone wp-image-629 size-large\" src=\"https:\/\/hydraulic-cylinders.net\/wp-content\/uploads\/2023\/08\/hydraulic-cylinder-product-4-1024x510.webp\" alt=\"\" width=\"1024\" height=\"510\" srcset=\"https:\/\/hydraulic-cylinders.net\/wp-content\/uploads\/2023\/08\/hydraulic-cylinder-product-4-980x488.webp 980w, https:\/\/hydraulic-cylinders.net\/wp-content\/uploads\/2023\/08\/hydraulic-cylinder-product-4-480x239.webp 480w\" sizes=\"(min-width: 0px) and (max-width: 480px) 480px, (min-width: 481px) and (max-width: 980px) 980px, (min-width: 981px) 1024px, 100vw\" \/><\/p>\n<h3>(4) Maling og belegg<\/h3>\n<p>Med sm\u00e5 og mellomstore sylinderautomatiske vannbaserte malingsbeleggslinjer, for \u00e5 oppn\u00e5 automatisk robotlasting og -lossing og automatisk spr\u00f8yting, er den designede kapasiteten 4000 stykker per skift;<br \/>\nVi har ogs\u00e5 en halvautomatisk produksjonslinje for maling for store sylindere drevet av en kabelkjede, med en designkapasitet p\u00e5 60 kasser per skift.<\/p>\n<p><img loading=\"lazy\" decoding=\"async\" class=\"alignnone wp-image-630\" src=\"https:\/\/hydraulic-cylinders.net\/wp-content\/uploads\/2023\/08\/hydraulic-cylinder-product-5-300x213.webp\" alt=\"\" width=\"366\" height=\"260\" \/> <img loading=\"lazy\" decoding=\"async\" class=\"alignnone wp-image-631\" src=\"https:\/\/hydraulic-cylinders.net\/wp-content\/uploads\/2023\/08\/hydraulic-cylinder-product-6-300x225.webp\" alt=\"\" width=\"347\" height=\"260\" \/><\/p>\n<h3>(5) Testing<\/h3>\n<p>Vi har f\u00f8rsteklasses inspeksjonsfasiliteter og testbenker for \u00e5 sikre at sylinderens ytelse oppfyller kravene.<\/p>\n<p><img loading=\"lazy\" decoding=\"async\" class=\"alignnone wp-image-632\" src=\"https:\/\/hydraulic-cylinders.net\/wp-content\/uploads\/2023\/08\/hydraulic-cylinder-product-8-300x200.webp\" alt=\"\" width=\"389\" height=\"260\" \/><\/p>\n<p>&nbsp;<\/p>\n<p>&nbsp;<\/p>\n<p>Vi er en av de beste produsentene av hydrauliske sylindere. Vi kan tilby et omfattende utvalg av hydrauliske sylindere. Vi tilbyr ogs\u00e5 tilsvarende <a href=\"https:\/\/hzpt.com\/agricultural-pto-gearbox\/\" target=\"_blank\" rel=\"noopener\">landbruksgirkasser<\/a>Vi har eksportert produktene v\u00e5re til kunder over hele verden og opparbeidet oss et godt rykte p\u00e5 grunn av v\u00e5r overlegne produktkvalitet og ettersalgsservice. Vi \u00f8nsker kunder i inn- og utland velkommen til \u00e5 kontakte oss for \u00e5 forhandle om forretninger, utveksle informasjon og <a href=\"https:\/\/www.hydraulic-cylinders.net\/nb\/contact-us\/\">samarbeide med oss<\/a>!<\/p>\n<p>&nbsp;<\/p>","protected":false},"excerpt":{"rendered":"<p>V30D Series Axial Piston Variable Displacement Hydraulic Pump The V30D series axial piston variable displacement hydraulic pump is a state-of-the-art solution designed to deliver exceptional performance and efficiency in various hydraulic applications. With its advanced engineering, versatile design, and precise control, this hydraulic pump is a game-changer in the industry. The V30D series axial piston [&hellip;]<\/p>","protected":false},"featured_media":1975,"comment_status":"open","ping_status":"closed","template":"","meta":{"_et_pb_use_builder":"","_et_pb_old_content":"","_et_gb_content_width":""},"product_brand":[],"product_cat":[1425],"product_tag":[1426],"class_list":{"0":"post-1963","1":"product","2":"type-product","3":"status-publish","4":"has-post-thumbnail","6":"product_cat-piston-pump","7":"product_tag-hydraulic-pump","9":"first","10":"instock","11":"shipping-taxable","12":"product-type-simple"},"amp_enabled":true,"_links":{"self":[{"href":"https:\/\/www.hydraulic-cylinders.net\/nb\/wp-json\/wp\/v2\/product\/1963","targetHints":{"allow":["GET"]}}],"collection":[{"href":"https:\/\/www.hydraulic-cylinders.net\/nb\/wp-json\/wp\/v2\/product"}],"about":[{"href":"https:\/\/www.hydraulic-cylinders.net\/nb\/wp-json\/wp\/v2\/types\/product"}],"replies":[{"embeddable":true,"href":"https:\/\/www.hydraulic-cylinders.net\/nb\/wp-json\/wp\/v2\/comments?post=1963"}],"wp:featuredmedia":[{"embeddable":true,"href":"https:\/\/www.hydraulic-cylinders.net\/nb\/wp-json\/wp\/v2\/media\/1975"}],"wp:attachment":[{"href":"https:\/\/www.hydraulic-cylinders.net\/nb\/wp-json\/wp\/v2\/media?parent=1963"}],"wp:term":[{"taxonomy":"product_brand","embeddable":true,"href":"https:\/\/www.hydraulic-cylinders.net\/nb\/wp-json\/wp\/v2\/product_brand?post=1963"},{"taxonomy":"product_cat","embeddable":true,"href":"https:\/\/www.hydraulic-cylinders.net\/nb\/wp-json\/wp\/v2\/product_cat?post=1963"},{"taxonomy":"product_tag","embeddable":true,"href":"https:\/\/www.hydraulic-cylinders.net\/nb\/wp-json\/wp\/v2\/product_tag?post=1963"}],"curies":[{"name":"wp","href":"https:\/\/api.w.org\/{rel}","templated":true}]}}