{"id":1964,"date":"2023-10-23T06:46:13","date_gmt":"2023-10-23T06:46:13","guid":{"rendered":"https:\/\/hydraulic-cylinders.net\/?post_type=product&#038;p=1964"},"modified":"2023-10-23T06:46:14","modified_gmt":"2023-10-23T06:46:14","slug":"v30e-series-axial-piston-variable-displacement-hydraulic-pump","status":"publish","type":"product","link":"https:\/\/www.hydraulic-cylinders.net\/nb\/produkt\/v30e-series-axial-piston-variable-displacement-hydraulic-pump\/","title":{"rendered":"V30E-serien aksialstempel hydraulisk pumpe med variabel forskyvning"},"content":{"rendered":"<h1 style=\"text-align: center;\"><strong>V30E-serien aksialstempel hydraulisk pumpe med variabel forskyvning<\/strong><\/h1>\n<p><img loading=\"lazy\" decoding=\"async\" class=\"aligncenter wp-image-1977\" src=\"https:\/\/hydraulic-cylinders.net\/wp-content\/uploads\/2023\/10\/v30e-series-axial-piston-variable-displacement-pump-1-300x300.webp\" alt=\"\" width=\"400\" height=\"400\" \/><\/p>\n<p>V30E-serien aksialstempel-hydraulisk pumpe med variabelt fortrengning er en eksepsjonell l\u00f8sning utviklet for \u00e5 heve ytelsen og effektiviteten til hydrauliske systemer. Med sine avanserte funksjoner, presise kontroll og robuste konstruksjon setter denne hydrauliske pumpen en ny standard i bransjen.<\/p>\n<p>V30E-seriens aksialstempelhydraulikkpumpe med variabelt fortrengning er banebrytende innen hydrauliske systemer. Dens variable fortrengningskapasitet, h\u00f8ye ytelse og allsidige design gir presis kontroll, forbedret effektivitet og eksepsjonell kraftlevering. Ved \u00e5 f\u00f8lge de anbefalte bruksmetodene og regelmessige vedlikeholdspraksiser, vil V30E-seriens pumper fortsette \u00e5 levere enest\u00e5ende ytelse, effektivitet og p\u00e5litelighet. Omfavn kraften og effektiviteten til V30E-seriens aksialstempelhydraulikkpumpe med variabelt fortrengning for \u00e5 frigj\u00f8re det fulle potensialet til ditt hydrauliske system.<\/p>\n<p>V30E-serien aksialstempelpumpe med variabelt slagvolum Viktige egenskaper:<\/p>\n<ul>\n<li>Variabel fortrengningsmulighet: Pumpen i V30E-serien har avansert teknologi for variabel fortrengning, som gj\u00f8r at den kan justere effekten i henhold til systemets behov. Denne funksjonen sikrer optimal energiutnyttelse, forbedrer effektiviteten og reduserer str\u00f8mforbruket.<\/li>\n<li>H\u00f8y ytelse og kraft: Med sin eksepsjonelle design og konstruksjon leverer pumpen i V30E-serien enest\u00e5ende ytelse og kraft. Den fungerer s\u00f8ml\u00f8st p\u00e5 tvers av ulike trykk og hastigheter, og gir presis kontroll og effektiv kraftlevering for overlegen systemytelse.<\/li>\n<li>Allsidig design for ulike bruksomr\u00e5der: Pumpen i V30E-serien er designet for \u00e5 tilpasse seg ulike hydrauliske systemer og bruksomr\u00e5der. Den tilbyr allsidighet i monteringsalternativer, v\u00e6skekompatibilitet og kontrollmetoder, noe som gj\u00f8r den egnet for ulike bransjer og maskiner.<\/li>\n<li>Effektivitet ved enhver belastning: Den variable fortrengningsfunksjonen til V30E-seriens pumper sikrer effektivitet over et bredt spekter av belastninger. Den minimerer energitap og produktivitet, selv under varierende driftsforhold, ved automatisk \u00e5 justere effekten for \u00e5 matche systemets krav.<\/li>\n<\/ul>\n<h2><strong>V30E-serien aksialstempel variabel forskyvning hydraulisk pumpe Parameter:<\/strong><\/h2>\n<table class=\"table table-bordered table-hover table-colored\">\n<tbody>\n<tr class=\"firstRow\">\n<td colspan=\"1\" rowspan=\"2\" align=\"center\" valign=\"middle\">St\u00f8rrelse<\/td>\n<td rowspan=\"2\" align=\"center\" valign=\"middle\">Slagvolum cc\/omdreining<\/td>\n<td colspan=\"2\" rowspan=\"1\" align=\"center\" valign=\"middle\">Trykkstang<\/td>\n<td colspan=\"2\" rowspan=\"1\" align=\"center\" valign=\"middle\">Rotasjonshastighet o\/min<\/td>\n<\/tr>\n<tr>\n<td align=\"center\" valign=\"middle\">Vurdert<\/td>\n<td align=\"center\" valign=\"middle\">Topp<\/td>\n<td align=\"center\" valign=\"middle\">Maks for selvsugende<sup>*1<\/sup><\/td>\n<td align=\"center\" valign=\"middle\">Maks<sup>*2<\/sup><\/td>\n<\/tr>\n<tr>\n<td align=\"center\" valign=\"middle\">V30E75<\/td>\n<td align=\"center\" valign=\"middle\">75<\/td>\n<td align=\"center\" valign=\"middle\">400<\/td>\n<td align=\"center\" valign=\"middle\">450<\/td>\n<td align=\"center\" valign=\"middle\">2800<\/td>\n<td align=\"center\" valign=\"middle\">3000<\/td>\n<\/tr>\n<tr>\n<td align=\"center\" valign=\"middle\">V30E95<\/td>\n<td align=\"center\" valign=\"middle\">98<\/td>\n<td align=\"center\" valign=\"middle\">350<\/td>\n<td align=\"center\" valign=\"middle\">420<\/td>\n<td align=\"center\" valign=\"middle\">2500<\/td>\n<td align=\"center\" valign=\"middle\">2900<\/td>\n<\/tr>\n<tr>\n<td align=\"center\" valign=\"middle\">\u00a0V30E160<\/td>\n<td align=\"center\" valign=\"middle\">160<\/td>\n<td align=\"center\" valign=\"middle\">350<\/td>\n<td align=\"center\" valign=\"middle\">420<\/td>\n<td align=\"center\" valign=\"middle\">2100<\/td>\n<td align=\"center\" valign=\"middle\">2500<\/td>\n<\/tr>\n<tr>\n<td align=\"center\" valign=\"middle\">\u00a0V30E270<\/td>\n<td align=\"center\" valign=\"middle\">270<\/td>\n<td align=\"center\" valign=\"middle\">350<\/td>\n<td align=\"center\" valign=\"middle\">420<\/td>\n<td align=\"center\" valign=\"middle\">1800<\/td>\n<td align=\"center\" valign=\"middle\">2000<\/td>\n<\/tr>\n<tr>\n<td align=\"center\" valign=\"middle\">\u00a0V30E280<\/td>\n<td align=\"center\" valign=\"middle\">280<\/td>\n<td align=\"center\" valign=\"middle\">350<\/td>\n<td align=\"center\" valign=\"middle\">420<\/td>\n<td align=\"center\" valign=\"middle\">2300<\/td>\n<td align=\"center\" valign=\"middle\">2300<\/td>\n<\/tr>\n<\/tbody>\n<\/table>\n<h2><strong>Fordeler med V30E-serien aksialstempelpumpe med variabelt slagvolum:<\/strong><\/h2>\n<p>\u2022 Brukes i hydrauliske systemer med \u00e5pen krets<br \/>\n\u2022 Lavt st\u00f8yniv\u00e5<br \/>\n\u2022 Flere kontrollmoduler<br \/>\n\u2022 Sterk struktur<br \/>\n\u2022 Kompakt struktur, h\u00f8y effekttetthet<br \/>\n\u2022 Lang levetid<\/p>\n<h2><strong>V30E-serien aksialstempel hydraulisk pumpe med variabel forskyvning <\/strong><strong>S\u00f8knad:<\/strong><\/h2>\n<p><img loading=\"lazy\" decoding=\"async\" class=\"alignnone wp-image-1976 size-full\" src=\"https:\/\/hydraulic-cylinders.net\/wp-content\/uploads\/2023\/10\/v30d-series-axial-piston-variable-displacement-pump-2.webp\" alt=\"\" width=\"1144\" height=\"394\" srcset=\"https:\/\/hydraulic-cylinders.net\/wp-content\/uploads\/2023\/10\/v30d-series-axial-piston-variable-displacement-pump-2.webp 1144w, https:\/\/hydraulic-cylinders.net\/wp-content\/uploads\/2023\/10\/v30d-series-axial-piston-variable-displacement-pump-2-980x338.webp 980w, https:\/\/hydraulic-cylinders.net\/wp-content\/uploads\/2023\/10\/v30d-series-axial-piston-variable-displacement-pump-2-480x165.webp 480w\" sizes=\"(min-width: 0px) and (max-width: 480px) 480px, (min-width: 481px) and (max-width: 980px) 980px, (min-width: 981px) 1144px, 100vw\" \/><\/p>\n<h2><strong>Bruksmetode for V30E-serien aksialstempel hydraulisk pumpe med variabel forskyvning<\/strong><strong>:<\/strong><\/h2>\n<ul>\n<li><strong>Installasjon og integrasjon:<\/strong> Velg et passende sted i det hydrauliske systemet for \u00e5 installere V30E-seriens aksialstempelhydraulikkpumpe med variabelt fortrengningsvolum. S\u00f8rg for riktig justering og monter pumpen sikkert med passende braketter eller tilbeh\u00f8r. Koble pumpen til det hydrauliske systemet med kompatible beslag og slanger, og s\u00f8rg for lekkasjefrie tilkoblinger.<\/li>\n<li><strong>V\u00e6skekompatibilitet:<\/strong> Kontroller at hydraulikkv\u00e6sken som brukes i systemet er kompatibel med V30E-serien av pumpen. Se produsentens anbefalte v\u00e6sketype, viskositet og temperaturomr\u00e5de. Overv\u00e5k og vedlikehold hydraulikkv\u00e6sken regelmessig for \u00e5 sikre optimal pumpedrift og levetid.<\/li>\n<li><strong>Kontroll og justering:<\/strong> Gj\u00f8r deg kjent med kontrollalternativene som f\u00f8lger med V30E-serien av pumper. Avhengig av den spesifikke modellen kan den tilby ulike kontrollmetoder, for eksempel manuell, proporsjonal eller elektronisk kontroll. Forst\u00e5 de anbefalte kontrollinnstillingene og juster dem deretter for \u00e5 optimalisere pumpens ytelse.<\/li>\n<li><strong>Systemoptimalisering:<\/strong> V30E-serien av pumper muliggj\u00f8r systemoptimalisering ved \u00e5 justere pumpens slagvolum for \u00e5 matche belastningskravene. Dra nytte av denne funksjonen for \u00e5 maksimere energieffektiviteten og den generelle systemytelsen.<\/li>\n<\/ul>\n<h2><strong>Hvordan demontere en hydraulisk sylinder?<\/strong><\/h2>\n<p>Demontering av en hydraulisk sylinder krever forsiktig h\u00e5ndtering og kunnskap om sylinderens komponenter. Her er en generell veiledning som hjelper deg med \u00e5 demontere en hydraulisk sylinder:<\/p>\n<ol>\n<li><strong>Sikkerhet f\u00f8rst:<\/strong> F\u00f8r du starter demonteringsprosessen, m\u00e5 du s\u00f8rge for at det hydrauliske systemet er trykkavlastet og at den hydrauliske v\u00e6sken er fullstendig tappet ut. Bruk passende personlig verneutstyr, som hansker og vernebriller, for \u00e5 beskytte deg mot potensielle farer.<\/li>\n<li><strong>Samle verkt\u00f8y og utstyr:<\/strong> Klargj\u00f8r n\u00f8dvendig verkt\u00f8y og utstyr for demontering. Dette kan inkludere skiften\u00f8kler, piper, tang, en gummihammer, et brekkjern og en ren arbeidsflate.<\/li>\n<li><strong>Sylinderforberedelse:<\/strong> Fjern eventuelle eksterne fester eller tilbeh\u00f8r fra den hydrauliske sylinderen, for eksempel monteringsbraketter eller slanger. Rengj\u00f8r sylinderens utside for \u00e5 forhindre at smuss eller rusk kommer inn under demontering.<\/li>\n<li><strong>Koble fra hydrauliske ledninger:<\/strong> Identifiser de hydrauliske ledningene som er koblet til sylinderen. Bruk passende verkt\u00f8y til \u00e5 koble fra beslagene eller koblingene, og s\u00f8rg for at du samler opp eventuell gjenv\u00e6rende hydraulikkv\u00e6ske i en egnet beholder.<\/li>\n<li><strong>Fjern endehettene og festeboltene:<\/strong> Finn endehettene p\u00e5 sylinderen. Disse er vanligvis festet med festebolter eller skruer. Fjern festeboltene for \u00e5 l\u00f8sne endehettene med riktig verkt\u00f8y.<\/li>\n<li><strong>Utl\u00f8serstempel og -stang:<\/strong> N\u00e5r endehettene er fjernet, skal stempel- og stangenheten v\u00e6re tilgjengelig. Bank lett p\u00e5 stangen med en gummihammer for \u00e5 l\u00f8sne den fra sylinderen. Trekk stempel- og stangenheten sakte ut av sylinderboringen. V\u00e6r oppmerksom p\u00e5 eventuelle pakninger eller lagre som kan f\u00f8lge med.<\/li>\n<li><strong>Inspiser og bytt ut komponenter:<\/strong> N\u00e5r sylinderen er demontert, m\u00e5 du n\u00f8ye inspisere hver komponent for slitasje, skade eller lekkasjer. Skift ut eventuelle slitte eller skadede pakninger, lagre eller andre detaljer. Rengj\u00f8r alle deler grundig med et passende l\u00f8semiddel.<\/li>\n<li><strong>Montering:<\/strong> For \u00e5 montere den hydrauliske sylinderen igjen, f\u00f8lg omvendt rekkef\u00f8lge av demonteringen. Sm\u00f8r pakningene og komponentene med hydraulisk v\u00e6ske for \u00e5 sikre problemfri montering. S\u00f8rg for \u00e5 justere stempel- og stangenheten riktig i sylinderboringen. Fest endehettene med festeboltene, og s\u00f8rg for riktig tiltrekkingsmoment.<\/li>\n<li><strong>Test og installer p\u00e5 nytt:<\/strong> Etter montering, kontroller sylinderen grundig for \u00e5 sikre at alle komponenter er riktig installert. Koble til de hydrauliske ledningene igjen og trykksett systemet gradvis. Sjekk for lekkasjer eller unormal drift. Hvis alt fungerer som det skal, monter den hydrauliske sylinderen p\u00e5 nytt p\u00e5 den tiltenkte plasseringen.<\/li>\n<\/ol>\n<h2><strong>Fabrikkens kapasitet og kapasitet:<\/strong><\/h2>\n<h3>(1) Montering<\/h3>\n<p>Vi har en f\u00f8rsteklasses uavhengig forsknings- og utviklingsplattform for montering. Verkstedet for produksjon av hydrauliske sylindere har fire halvautomatiske monteringslinjer for l\u00f8ftesylindere og \u00e9n automatisk monteringslinje for vippesylindere, med en \u00e5rlig produksjonskapasitet p\u00e5 1 million enheter. Spesialsylinderverkstedet er utstyrt med ulike spesifikasjoner for et halvautomatisk rengj\u00f8ringsmonteringssystem med en \u00e5rlig produksjonskapasitet p\u00e5 200 000 enheter, og er utstyrt med kjent CNC-maskineringsutstyr, et maskineringssenter, spesialutstyr for h\u00f8ypresisjons sylinderbehandling, en robotsveisemaskin, en automatisk rengj\u00f8ringsmaskin, en automatisk sylindermonteringsmaskin og en automatisk produksjonslinje for lakkering. Vi har mer enn 300 sett (sett) av kritisk utstyr. Optimal allokering og effektiv bruk av utstyrsressurser sikrer n\u00f8yaktighetskravene til produktene og oppfyller produktenes h\u00f8ye kvalitetsbehov.<\/p>\n<p><img loading=\"lazy\" decoding=\"async\" class=\"alignnone wp-image-626\" src=\"https:\/\/hydraulic-cylinders.net\/wp-content\/uploads\/2023\/08\/hydraulic-cylinder-product-1-300x158.webp\" alt=\"\" width=\"495\" height=\"260\" srcset=\"https:\/\/hydraulic-cylinders.net\/wp-content\/uploads\/2023\/08\/hydraulic-cylinder-product-1-300x158.webp 495w, https:\/\/hydraulic-cylinders.net\/wp-content\/uploads\/2023\/08\/hydraulic-cylinder-product-1-480x252.webp 480w\" sizes=\"(min-width: 0px) and (max-width: 480px) 480px, (min-width: 481px) 495px, 100vw\" \/> <img loading=\"lazy\" decoding=\"async\" class=\"alignnone wp-image-627\" src=\"https:\/\/hydraulic-cylinders.net\/wp-content\/uploads\/2023\/08\/hydraulic-cylinder-product-2-300x189.webp\" alt=\"\" width=\"413\" height=\"260\" \/><\/p>\n<h3>(2) Maskinering<\/h3>\n<p>Maskineringsverkstedet er utstyrt med et spesialtilpasset dreiesenter for skr\u00e5 skinner, maskineringssenter, h\u00f8yhastighets honemaskin, sveiserobot og annet relatert utstyr, som kan h\u00e5ndtere bearbeiding av sylinderr\u00f8r med en maksimal indre diameter p\u00e5 400 mm og en maksimal lengde p\u00e5 6 meter.<\/p>\n<p><img loading=\"lazy\" decoding=\"async\" class=\"alignnone wp-image-628 size-large\" src=\"https:\/\/hydraulic-cylinders.net\/wp-content\/uploads\/2023\/08\/hydraulic-cylinder-product-3-1024x391.webp\" alt=\"\" width=\"1024\" height=\"391\" srcset=\"https:\/\/hydraulic-cylinders.net\/wp-content\/uploads\/2023\/08\/hydraulic-cylinder-product-3-980x374.webp 980w, https:\/\/hydraulic-cylinders.net\/wp-content\/uploads\/2023\/08\/hydraulic-cylinder-product-3-480x183.webp 480w\" sizes=\"(min-width: 0px) and (max-width: 480px) 480px, (min-width: 481px) and (max-width: 980px) 980px, (min-width: 981px) 1024px, 100vw\" \/><\/p>\n<h3>(3) Sveising<\/h3>\n<p><img loading=\"lazy\" decoding=\"async\" class=\"alignnone wp-image-629 size-large\" src=\"https:\/\/hydraulic-cylinders.net\/wp-content\/uploads\/2023\/08\/hydraulic-cylinder-product-4-1024x510.webp\" alt=\"\" width=\"1024\" height=\"510\" srcset=\"https:\/\/hydraulic-cylinders.net\/wp-content\/uploads\/2023\/08\/hydraulic-cylinder-product-4-980x488.webp 980w, https:\/\/hydraulic-cylinders.net\/wp-content\/uploads\/2023\/08\/hydraulic-cylinder-product-4-480x239.webp 480w\" sizes=\"(min-width: 0px) and (max-width: 480px) 480px, (min-width: 481px) and (max-width: 980px) 980px, (min-width: 981px) 1024px, 100vw\" \/><\/p>\n<h3>(4) Maling og belegg<\/h3>\n<p>Med sm\u00e5 og mellomstore sylinderautomatiske vannbaserte malingsbeleggslinjer, for \u00e5 oppn\u00e5 automatisk robotlasting og -lossing og automatisk spr\u00f8yting, er den designede kapasiteten 4000 stykker per skift;<br \/>\nVi har ogs\u00e5 en halvautomatisk produksjonslinje for maling for store sylindere drevet av en kabelkjede, med en designkapasitet p\u00e5 60 kasser per skift.<\/p>\n<p><img loading=\"lazy\" decoding=\"async\" class=\"alignnone wp-image-630\" src=\"https:\/\/hydraulic-cylinders.net\/wp-content\/uploads\/2023\/08\/hydraulic-cylinder-product-5-300x213.webp\" alt=\"\" width=\"366\" height=\"260\" \/> <img loading=\"lazy\" decoding=\"async\" class=\"alignnone wp-image-631\" src=\"https:\/\/hydraulic-cylinders.net\/wp-content\/uploads\/2023\/08\/hydraulic-cylinder-product-6-300x225.webp\" alt=\"\" width=\"347\" height=\"260\" \/><\/p>\n<h3>(5) Testing<\/h3>\n<p>Vi har f\u00f8rsteklasses inspeksjonsfasiliteter og testbenker for \u00e5 sikre at sylinderens ytelse oppfyller kravene.<\/p>\n<p><img loading=\"lazy\" decoding=\"async\" class=\"alignnone wp-image-632\" src=\"https:\/\/hydraulic-cylinders.net\/wp-content\/uploads\/2023\/08\/hydraulic-cylinder-product-8-300x200.webp\" alt=\"\" width=\"389\" height=\"260\" \/><\/p>\n<p>&nbsp;<\/p>\n<p>&nbsp;<\/p>\n<p>Vi er en av de beste produsentene av hydrauliske sylindere. Vi kan tilby et omfattende utvalg av hydrauliske sylindere. Vi tilbyr ogs\u00e5 tilsvarende <a href=\"https:\/\/hzpt.com\/agricultural-pto-gearbox\/\" target=\"_blank\" rel=\"noopener\">landbruksgirkasser<\/a>Vi har eksportert produktene v\u00e5re til kunder over hele verden og opparbeidet oss et godt rykte p\u00e5 grunn av v\u00e5r overlegne produktkvalitet og ettersalgsservice. Vi \u00f8nsker kunder i inn- og utland velkommen til \u00e5 kontakte oss for \u00e5 forhandle om forretninger, utveksle informasjon og <a href=\"https:\/\/www.hydraulic-cylinders.net\/nb\/contact-us\/\">samarbeide med oss<\/a>!<\/p>\n<p>&nbsp;<\/p>","protected":false},"excerpt":{"rendered":"<p>V30E Series Axial Piston Variable Displacement Hydraulic Pump The V30E series axial piston variable displacement hydraulic pump is an exceptional solution designed to elevate the performance and efficiency of hydraulic systems. With its advanced features, precise control, and robust construction, this hydraulic pump sets a new standard in the industry. The V30E series axial piston [&hellip;]<\/p>","protected":false},"featured_media":1978,"comment_status":"open","ping_status":"closed","template":"","meta":{"_et_pb_use_builder":"","_et_pb_old_content":"","_et_gb_content_width":""},"product_brand":[],"product_cat":[1425],"product_tag":[1426],"class_list":{"0":"post-1964","1":"product","2":"type-product","3":"status-publish","4":"has-post-thumbnail","6":"product_cat-piston-pump","7":"product_tag-hydraulic-pump","9":"first","10":"instock","11":"shipping-taxable","12":"product-type-simple"},"amp_enabled":true,"_links":{"self":[{"href":"https:\/\/www.hydraulic-cylinders.net\/nb\/wp-json\/wp\/v2\/product\/1964","targetHints":{"allow":["GET"]}}],"collection":[{"href":"https:\/\/www.hydraulic-cylinders.net\/nb\/wp-json\/wp\/v2\/product"}],"about":[{"href":"https:\/\/www.hydraulic-cylinders.net\/nb\/wp-json\/wp\/v2\/types\/product"}],"replies":[{"embeddable":true,"href":"https:\/\/www.hydraulic-cylinders.net\/nb\/wp-json\/wp\/v2\/comments?post=1964"}],"wp:featuredmedia":[{"embeddable":true,"href":"https:\/\/www.hydraulic-cylinders.net\/nb\/wp-json\/wp\/v2\/media\/1978"}],"wp:attachment":[{"href":"https:\/\/www.hydraulic-cylinders.net\/nb\/wp-json\/wp\/v2\/media?parent=1964"}],"wp:term":[{"taxonomy":"product_brand","embeddable":true,"href":"https:\/\/www.hydraulic-cylinders.net\/nb\/wp-json\/wp\/v2\/product_brand?post=1964"},{"taxonomy":"product_cat","embeddable":true,"href":"https:\/\/www.hydraulic-cylinders.net\/nb\/wp-json\/wp\/v2\/product_cat?post=1964"},{"taxonomy":"product_tag","embeddable":true,"href":"https:\/\/www.hydraulic-cylinders.net\/nb\/wp-json\/wp\/v2\/product_tag?post=1964"}],"curies":[{"name":"wp","href":"https:\/\/api.w.org\/{rel}","templated":true}]}}