{"id":19640,"date":"2025-04-07T06:59:04","date_gmt":"2025-04-07T06:59:04","guid":{"rendered":"https:\/\/www.hydraulic-cylinders.net\/product\/boom-cylinder-for-atlas-2306lc\/"},"modified":"2025-04-07T06:59:07","modified_gmt":"2025-04-07T06:59:07","slug":"boom-cylinder-for-atlas-2306lc","status":"publish","type":"product","link":"https:\/\/www.hydraulic-cylinders.net\/nb\/produkt\/boom-cylinder-for-atlas-2306lc\/","title":{"rendered":"Bom-sylinder for Atlas 2306LC"},"content":{"rendered":"<h1>Bom-sylinder for Atlas 2306LC<\/h1>\n<h2>Introduksjon til bomsylinder<\/h2>\n<p>Bom-sylinderen er en viktig komponent som er spesielt utviklet for tunge maskiner som gravemaskiner, traktorgravere og frontlastere. Denne hydrauliske sylinderen er avgj\u00f8rende for \u00e5 kontrollere bevegelsen til skuffen, slik at den kan l\u00f8fte, senke og tilte effektivt, noe som er viktig for materialh\u00e5ndteringsoppgaver. I hydrauliske systemer konverterer disse sylindrene hydraulisk trykk til mekanisk kraft, slik at operat\u00f8rer kan utf\u00f8re komplekse oppgaver med presisjon og letthet.<\/p>\n<p><img decoding=\"async\" src=\"https:\/\/www.hydraulic-cylinders.net\/wp-content\/uploads\/2025\/04\/songte-company-1.webp\" alt=\"Bom-sylinder\" \/><\/p>\n<h2>Funksjoner p\u00e5 bomsylinderen<\/h2>\n<ul>\n<li><strong>H\u00f8y styrke og holdbarhet:<\/strong> Laget av h\u00f8yfast st\u00e5l eller aluminium, designet for \u00e5 t\u00e5le h\u00f8yt trykk og tunge belastninger samtidig som de tilpasser seg t\u00f8ffe arbeidsforhold. Slitasjemotstand og korrosjonsmotstand er viktige egenskaper som forlenger produktets levetid.<\/li>\n<li><strong>Effektiv hydraulisk drift:<\/strong> Bruker hydraulisk oljetrykk for jevn forlengelse og tilbaketrekking, reagerer raskt p\u00e5 f\u00f8rerkommandoer og gir betydelig skyve- og trekkekraft, ideelt for h\u00e5ndtering av tunge materialer og komplekse oppgaver.<\/li>\n<li><strong>Ulike typer:<\/strong> Tilgjengelig med enkeltvirkende (i \u00e9n retning) eller dobbeltvirkende (i begge retninger) sylindere, som passer til ulike driftsbehov. Enkelte modeller er teleskopiske, noe som gir st\u00f8rre forlengelse uten \u00e5 \u00f8ke de ytre m\u00e5lene, og er egnet for bruksomr\u00e5der med begrenset plass.<\/li>\n<li><strong>Tilpasset produksjon:<\/strong> Produktene v\u00e5re kan erstatte ulike hydrauliske sylindere p\u00e5 en perfekt m\u00e5te, noe som sikrer kompatibilitet og ytelse.<\/li>\n<\/ul>\n<p><img decoding=\"async\" src=\"https:\/\/www.hydraulic-cylinders.net\/wp-content\/uploads\/2025\/04\/songte-cylinder-head-with-all-kinds-excavator-models.webp\" alt=\"Topplokk\" \/><\/p>\n<h2>Bruksomr\u00e5der for bomsylinderen<\/h2>\n<h3>Anleggsutstyr<\/h3>\n<p>I gravemaskiner er bomsylindere viktige for graving, lasting og flytting av jord eller rusk. De gir den n\u00f8dvendige kraften for \u00e5 senke skuffen ned i bakken og l\u00f8fte lasten for transport. I gravemaskin hjelper skuffesylinderen ikke bare med graving, men ogs\u00e5 med \u00e5 l\u00f8fte materialer fra ett sted til et annet, noe som gj\u00f8r den til et uunnv\u00e6rlig verkt\u00f8y p\u00e5 byggeplasser.<\/p>\n<h3>Landbruksmaskiner<\/h3>\n<p>I frontlastere er disse sylindrene viktige for \u00e5 ut\u00f8pe, l\u00f8fte og transportere jord, h\u00f8y og andre materialer. Bomsylindrenes evne til \u00e5 heve og senke skuffen effektivt \u00f8ker produktiviteten i landbruksdrift, for eksempel lasting av korn eller flytting av gj\u00f8dsel og andre forsyninger.<\/p>\n<h3>Gravemaskiner<\/h3>\n<p>Skuffesylinderen i gravemaskiner lar skuffen trenge effektivt ned i jorden, noe som forenkler gravearbeidet. Denne evnen er avgj\u00f8rende i graveoppgaver, der presisjon og kraft kreves for \u00e5 fjerne jord og andre materialer effektivt.<\/p>\n<h3>Lastere<\/h3>\n<p>I frontlastere bidrar bomsylindre til \u00e5 l\u00f8fte og dumpe last effektivt. Designet deres sikrer at f\u00f8rere kan h\u00e5ndtere tunge materialer med letthet, noe som forbedrer den generelle driftseffektiviteten p\u00e5 arbeidsplasser.<\/p>\n<h2>Designhensyn og utvalgskriterier<\/h2>\n<h3>Lastekapasitet<\/h3>\n<p>Lastekapasitet er en kritisk faktor i utformingen av bomsylindere. Det refererer til hvor mye vekt sylinderen trygt kan l\u00f8fte og man\u00f8vrere. \u00c5 velge en sylinder med passende lastekapasitet sikrer driftssikkerhet og forhindrer for tidlig slitasje eller svikt. Faktorer som p\u00e5virker lastekapasiteten inkluderer materialstyrke, designgeometri og egenskaper til hydraulisk v\u00e6ske.<\/p>\n<h3>Tetting<\/h3>\n<p>Tetningsegenskaper spiller en avgj\u00f8rende rolle i levetiden og ytelsen til hydrauliske sylindere. H\u00f8ykvalitetstetninger forhindrer lekkasje av hydraulisk v\u00e6ske, noe som sikrer effektiv drift og minimerer milj\u00f8p\u00e5virkningen. Tetninger laget av materialer som polyuretan og nitrilgummi foretrekkes p\u00e5 grunn av deres holdbarhet og slitestyrke. Riktig utformede tetningssystemer reduserer ogs\u00e5 vedlikeholdsbehov og driftsstans.<\/p>\n<h3>Varighet<\/h3>\n<p>Holdbarhet omfatter flere aspekter, inkludert materialvalg, motstand mot slitasje og korrosjon, og evnen til \u00e5 motst\u00e5 kravene til tung drift. En godt designet hydraulisk sylinder b\u00f8r v\u00e6re produsert av robuste materialer som t\u00e5ler t\u00f8ffe forhold, noe som sikrer lengre levetid og p\u00e5litelig ytelse over tid.<\/p>\n<h3>Sikkerhet<\/h3>\n<p>Sikkerhet er avgj\u00f8rende n\u00e5r man designer bomsylindere. Funksjoner som overbelastningsbeskyttelse, riktige trykkavlastningssystemer og robust strukturell integritet er avgj\u00f8rende for \u00e5 forhindre ulykker. En sylinders design b\u00f8r ogs\u00e5 overholde relevante sikkerhetsstandarder og forskrifter, slik at den fungerer trygt innenfor spesifiserte grenser.<\/p>\n<h3>Vedlikeholdbarhet<\/h3>\n<p>Vedlikeholdbarhet refererer til hvor enkelt det er \u00e5 utf\u00f8re service og reparasjon av den hydrauliske sylinderen. Funksjoner som tilgjengelige tetningssystemer, utskiftbare komponenter og enkel design bidrar til effektive vedlikeholdspraksiser. Regelmessig vedlikehold muliggj\u00f8r tidlig oppdagelse av problemer, minimerer nedetid og forlenger sylinderens levetid.<\/p>\n<p><img decoding=\"async\" src=\"https:\/\/www.hydraulic-cylinders.net\/wp-content\/uploads\/2025\/04\/songte-oil-pipes-and-spare-parts.webp\" alt=\"Oljer\u00f8r og reservedeler\" \/><\/p>\n<h2>Tetting og sm\u00f8ring<\/h2>\n<p>Tetting og sm\u00f8ring av bomsylindere er avgj\u00f8rende for \u00e5 opprettholde optimal ytelse. Ulike tetningskomponenter, som stempeltetninger og stangtetninger, er avgj\u00f8rende for \u00e5 forhindre lekkasje av hydraulisk v\u00e6ske. Tetninger laget av slitesterke materialer som polyuretan og nitrilgummi sikrer lang levetid og effektivitet. I tillegg gjennomg\u00e5r sylinderhuset og gjengede ender fin bearbeiding for \u00e5 forbedre slitestyrken. Regelmessig sm\u00f8ring med hydraulisk olje er n\u00f8dvendig for \u00e5 opprettholde jevn drift og forhindre slitasje.<\/p>\n<h2>Forebyggende vedlikeholdstiltak<\/h2>\n<ul>\n<li><strong>Regelmessige inspeksjoner:<\/strong> Rutinemessige inspeksjoner bidrar til \u00e5 identifisere slitasje f\u00f8r det blir alvorlige problemer. Sjekk for tegn p\u00e5 lekkasje, feiljustering eller fysisk skade, og h\u00e5ndter disse problemene raskt.<\/li>\n<li><strong>Passende sm\u00f8ring:<\/strong> S\u00f8rg for at den hydrauliske sylinderen er tilstrekkelig smurt med riktig type hydraulisk v\u00e6ske. Regelmessig kontroll og p\u00e5fylling av hydraulikkoljen vil forhindre overdreven slitasje og opprettholde ytelsen.<\/li>\n<li><strong>Utskifting av tetning:<\/strong> Tetninger slites over tid p\u00e5 grunn av konstant trykk og bevegelse. Inspiser tetningene regelmessig for tegn p\u00e5 skade eller slitasje, og skift dem ut etter behov for \u00e5 forhindre lekkasjer og opprettholde effektiviteten.<\/li>\n<\/ul>\n<h2>Installasjonsretningslinjer<\/h2>\n<p>Riktig installasjon av bomsylinderen er avgj\u00f8rende for dens ytelse og levetid. Begynn med \u00e5 s\u00f8rge for at alle komponenter er kompatible og fri for rusk. Juster sylinderen riktig med monteringsbrakettene for \u00e5 unng\u00e5 un\u00f8dig belastning. Bruk passende installasjonsjigger for \u00e5 opprettholde n\u00f8yaktig posisjonering under installasjonen. Fest sylinderen med riktige festemidler og momentinnstillinger som spesifisert av produsenten. N\u00e5r den er installert, test det hydrauliske systemet for \u00e5 sikre at det fungerer problemfritt uten lekkasjer eller hindringer.<\/p>\n<h2>Vanlige vedlikeholdsoppgaver<\/h2>\n<ul>\n<li><strong>Regelmessig inspeksjon:<\/strong> Sjekk for eventuelle fysiske skader, lekkasjer eller tegn p\u00e5 slitasje. Tidlig oppdagelse av problemer kan forhindre st\u00f8rre problemer senere.<\/li>\n<li><strong>Riktig sm\u00f8ring:<\/strong> S\u00f8rg for at alle bevegelige deler er tilstrekkelig smurt med riktig hydraulisk v\u00e6ske. Dette trinnet er avgj\u00f8rende for effektiv drift og redusert slitasje.<\/li>\n<li><strong>Utskifting av tetning:<\/strong> Overv\u00e5k tilstanden til pakningene og skift dem ut etter behov for \u00e5 forhindre lekkasjer av hydraulisk v\u00e6ske, noe som kan p\u00e5virke systemets ytelse og sikkerhet.<\/li>\n<\/ul>\n<p>Det er viktig \u00e5 opprettholde riktig justering under installasjon for \u00e5 unng\u00e5 for tidlig svikt. Bruk passende monteringsbraketter for \u00e5 feste sylinderen og s\u00f8rg for at alle tilkoblinger er strammet i henhold til spesifikasjonene. Gjennomg\u00e5 vedlikeholdsplanen regelmessig for \u00e5 inkludere inspeksjons- og utskiftingsprosedyrer, samt reparasjonstjenester for \u00e5 forlenge bomsylinderens levetid.<\/p>\n<p><img decoding=\"async\" src=\"https:\/\/www.hydraulic-cylinders.net\/wp-content\/uploads\/2025\/04\/songte-chushion-collar.webp\" alt=\"Putekrage\" \/><\/p>\n<h2>Sikkerhetshensyn og milj\u00f8faktorer<\/h2>\n<p>Ved bruk av hydrauliske sylindere er sikkerhetstiltak avgj\u00f8rende. Operat\u00f8rer b\u00f8r f\u00e5 oppl\u00e6ring i riktig funksjon og begrensninger ved utstyret. Det er ogs\u00e5 viktig \u00e5 implementere sikkerhetstiltak som trykkavlastningsventiler og overbelastningsbeskyttelse for \u00e5 forhindre ulykker. Milj\u00f8hensyn inkluderer riktig avhending av hydrauliske v\u00e6sker og overholdelse av forskrifter ang\u00e5ende utslipp og milj\u00f8sikkerhetsstandarder.<\/p>\n<h2>Feils\u00f8king og vanlige problemer<\/h2>\n<ul>\n<li><strong>Lekkasje:<\/strong> Lekkasje er et vanlig problem som kan oppst\u00e5 p\u00e5 grunn av slitte pakninger eller feil installasjon. Regelmessig kontroll av lekkasjer og utskifting av pakninger kan redusere dette problemet.<\/li>\n<li><strong>Tap av str\u00f8m:<\/strong> Hvis sylinderen ikke fungerer effektivt, kan det skyldes utilstrekkelig hydraulikkv\u00e6ske eller en blokkering i hydraulikkledningene. Regelmessig vedlikehold sikrer at v\u00e6skeniv\u00e5ene er tilstrekkelige og at ledningene er rene.<\/li>\n<li><strong>St\u00f8yende drift:<\/strong> Uvanlige lyder under drift kan tyde p\u00e5 indre skader eller behov for sm\u00f8ring. \u00c5 unders\u00f8ke kilden til lyden raskt kan forhindre ytterligere skade.<\/li>\n<\/ul>\n<h2>Feils\u00f8kingstips<\/h2>\n<p>For \u00e5 kunne diagnostisere problemer effektivt, utf\u00f8r en grundig inspeksjon av det hydrauliske systemet, og sjekk for lekkasjer, blokkeringer og riktig v\u00e6skeniv\u00e5. S\u00f8rg for at pakningene er intakte og at sylinderen er riktig justert. Implementer forebyggende tiltak som regelmessige vedlikeholdskontroller og rettidig utskifting av slitte komponenter for \u00e5 redusere risikoen for tilbakevendende problemer. Ved \u00e5 ta tak i problemer tidlig kan du minimere nedetid og forbedre ytelsen til bomsylinderen.<\/p>\n<p><img decoding=\"async\" src=\"https:\/\/www.hydraulic-cylinders.net\/wp-content\/uploads\/2025\/04\/songte-bushings-with-all-kinds-of-excavator-models.webp\" alt=\"Foringer for gravemaskiner\" \/><\/p>\n<h2>Om selskapet v\u00e5rt<\/h2>\n<p>Vi er en ledende produsent og grossist av hydrauliske sylindere for utskifting, med et omfattende produktsortiment. V\u00e5r forpliktelse til kvalitet har gjort oss til en fremtredende akt\u00f8r i b\u00e5de innenlandske og internasjonale markeder. Vi f\u00f8lger prinsippene for kvalitet innen produksjon, st\u00f8ttet av raffinerte strategier for produksjonsstyring. V\u00e5r tekniske ekspertise, avanserte produksjonsutstyr og profesjonelle testsystemer forbedrer kontinuerlig produksjonskapasiteten v\u00e5r. Med fokus p\u00e5 h\u00f8y effektivitet, presisjon og kvalitet, tar vi sikte p\u00e5 \u00e5 m\u00f8te kundenes ulike behov.<\/p>\n<p><img decoding=\"async\" src=\"https:\/\/www.hydraulic-cylinders.net\/wp-content\/uploads\/2025\/04\/songte-company-4.webp\" alt=\"Selskapsoversikt 1\" \/><br \/>\n<img decoding=\"async\" src=\"https:\/\/www.hydraulic-cylinders.net\/wp-content\/uploads\/2025\/04\/songte-company-3.webp\" alt=\"Selskapsoversikt 2\" \/><\/p>\n<p>V\u00e5re styrker ligger i v\u00e5r profesjonalitet, internasjonale sertifiseringer, tilpassede tjenester, toppmoderne produksjonsutstyr og robust ettersalgsst\u00f8tte.<\/p>\n<p>Forfatter: lyl<\/p>","protected":false},"excerpt":{"rendered":"<p>Boom Cylinder For Atlas 2306LC Introduction to Boom Cylinder The Boom Cylinder is an essential component designed specifically for heavy machinery like excavators, backhoe loaders, and front loaders. This hydraulic cylinder is crucial for controlling the movement of the bucket, enabling it to lift, lower, and tilt efficiently, which is vital for material handling tasks. [&hellip;]<\/p>","protected":false},"featured_media":17873,"comment_status":"open","ping_status":"closed","template":"","meta":{"_et_pb_use_builder":"","_et_pb_old_content":"","_et_gb_content_width":""},"product_brand":[],"product_cat":[1546],"product_tag":[1547,1496],"class_list":{"0":"post-19640","1":"product","2":"type-product","3":"status-publish","4":"has-post-thumbnail","6":"product_cat-boom-cylinders","7":"product_tag-boom-cylinders","8":"product_tag-hydraulic-cylinders","10":"first","11":"instock","12":"shipping-taxable","13":"product-type-simple"},"amp_enabled":true,"_links":{"self":[{"href":"https:\/\/www.hydraulic-cylinders.net\/nb\/wp-json\/wp\/v2\/product\/19640","targetHints":{"allow":["GET"]}}],"collection":[{"href":"https:\/\/www.hydraulic-cylinders.net\/nb\/wp-json\/wp\/v2\/product"}],"about":[{"href":"https:\/\/www.hydraulic-cylinders.net\/nb\/wp-json\/wp\/v2\/types\/product"}],"replies":[{"embeddable":true,"href":"https:\/\/www.hydraulic-cylinders.net\/nb\/wp-json\/wp\/v2\/comments?post=19640"}],"wp:featuredmedia":[{"embeddable":true,"href":"https:\/\/www.hydraulic-cylinders.net\/nb\/wp-json\/wp\/v2\/media\/17873"}],"wp:attachment":[{"href":"https:\/\/www.hydraulic-cylinders.net\/nb\/wp-json\/wp\/v2\/media?parent=19640"}],"wp:term":[{"taxonomy":"product_brand","embeddable":true,"href":"https:\/\/www.hydraulic-cylinders.net\/nb\/wp-json\/wp\/v2\/product_brand?post=19640"},{"taxonomy":"product_cat","embeddable":true,"href":"https:\/\/www.hydraulic-cylinders.net\/nb\/wp-json\/wp\/v2\/product_cat?post=19640"},{"taxonomy":"product_tag","embeddable":true,"href":"https:\/\/www.hydraulic-cylinders.net\/nb\/wp-json\/wp\/v2\/product_tag?post=19640"}],"curies":[{"name":"wp","href":"https:\/\/api.w.org\/{rel}","templated":true}]}}