{"id":1965,"date":"2023-10-23T07:41:13","date_gmt":"2023-10-23T07:41:13","guid":{"rendered":"https:\/\/hydraulic-cylinders.net\/?post_type=product&#038;p=1965"},"modified":"2023-10-23T07:58:39","modified_gmt":"2023-10-23T07:58:39","slug":"v80m-series-axial-piston-variable-displacement-hydraulic-pump","status":"publish","type":"product","link":"https:\/\/www.hydraulic-cylinders.net\/nb\/produkt\/v80m-series-axial-piston-variable-displacement-hydraulic-pump\/","title":{"rendered":"V80M-serien aksialstempel hydraulisk pumpe med variabel forskyvning"},"content":{"rendered":"<h1 style=\"text-align: center;\"><strong>V80M-serien aksialstempel hydraulisk pumpe med variabel forskyvning<\/strong><\/h1>\n<p><img loading=\"lazy\" decoding=\"async\" class=\"aligncenter wp-image-1979\" src=\"https:\/\/hydraulic-cylinders.net\/wp-content\/uploads\/2023\/10\/v80m-series-axial-piston-variable-displacement-pump-1-300x300.webp\" alt=\"\" width=\"400\" height=\"400\" \/><\/p>\n<p>V80M-serien aksialstempel-hydraulisk pumpe med variabelt fortrengningsvolum er en banebrytende l\u00f8sning som er utviklet for \u00e5 revolusjonere ytelsen og effektiviteten til hydrauliske systemer. Med sine avanserte funksjoner, presise kontroll og robuste konstruksjon setter denne hydrauliske pumpen en ny standard i bransjen.<\/p>\n<p>V80M-seriens aksialstempelhydraulikkpumpe med variabelt fortrengning er banebrytende innen hydrauliske systemer. Dens variable fortrengningskapasitet, h\u00f8ye ytelse og allsidige design gir presis kontroll, forbedret effektivitet og eksepsjonell kraftlevering. Ved \u00e5 f\u00f8lge de anbefalte bruksmetodene og regelmessige vedlikeholdspraksiser, vil V80M-seriens pumper fortsette \u00e5 levere enest\u00e5ende ytelse, effektivitet og p\u00e5litelighet. Omfavn kraften og effektiviteten til V80m-seriens aksialstempelhydraulikkpumpe med variabelt fortrengning for \u00e5 frigj\u00f8re det fulle potensialet til ditt hydrauliske system.<\/p>\n<p>V80M-serien aksialstempelpumpe med variabelt slagvolum Viktige egenskaper:<\/p>\n<ul>\n<li>Variabel fortrengningsmulighet: Pumpen i V80M-serien har toppmoderne teknologi for variabel fortrengning, som gj\u00f8r at den kan justere pumpens ytelse basert p\u00e5 systembehovet. Denne funksjonen sikrer optimal energiutnyttelse, forbedrer effektiviteten og reduserer str\u00f8mforbruket.<\/li>\n<li>H\u00f8y ytelse og kraft: Med sin eksepsjonelle design og konstruksjon leverer pumpen i V80M-serien enest\u00e5ende ytelse og kraft. Den fungerer s\u00f8ml\u00f8st p\u00e5 tvers av ulike trykk og hastigheter, og gir presis kontroll og effektiv kraftlevering for overlegen systemytelse.<\/li>\n<li>Allsidig design for ulike bruksomr\u00e5der: Pumpen i V80M-serien er designet for \u00e5 tilpasse seg ulike hydrauliske systemer og bruksomr\u00e5der. Den tilbyr allsidighet i monteringsalternativer, v\u00e6skekompatibilitet og kontrollmetoder, noe som gj\u00f8r den egnet for ulike bransjer og maskiner.<\/li>\n<li>Forbedret effektivitet ved enhver belastning: Den variable fortrengningsfunksjonen til V80M-serien av pumper sikrer effektivitet over et bredt spekter av belastninger. Den minimerer energitap og produktivitet, selv under varierende driftsforhold, ved automatisk \u00e5 justere effekten for \u00e5 matche systemets krav.<\/li>\n<\/ul>\n<h2><strong>V80M-serien aksialstempel variabel forskyvning hydraulisk pumpe Parameter:<\/strong><\/h2>\n<table class=\"table table-bordered table-hover table-colored\">\n<tbody>\n<tr class=\"firstRow\">\n<td colspan=\"1\" rowspan=\"2\" align=\"center\" valign=\"middle\">St\u00f8rrelse<\/td>\n<td rowspan=\"2\" align=\"center\" valign=\"middle\">Slagvolum cc\/omdreining<\/td>\n<td colspan=\"2\" rowspan=\"1\" align=\"center\" valign=\"middle\">Trykkstang<\/td>\n<td colspan=\"2\" rowspan=\"1\" align=\"center\" valign=\"middle\">Rotasjonshastighet o\/min<\/td>\n<\/tr>\n<tr>\n<td align=\"center\" valign=\"middle\">Vurdert<\/td>\n<td align=\"center\" valign=\"middle\">Topp<\/td>\n<td align=\"center\" valign=\"middle\">Maks for selvsugende<sup>*1<\/sup><\/td>\n<td align=\"center\" valign=\"middle\">Maks<sup>*2<\/sup><\/td>\n<\/tr>\n<tr>\n<td align=\"center\" valign=\"middle\">V80ML200<\/td>\n<td align=\"center\" valign=\"middle\">202<\/td>\n<td align=\"center\" valign=\"middle\">400<\/td>\n<td align=\"center\" valign=\"middle\">450<\/td>\n<td align=\"center\" valign=\"middle\">2150<\/td>\n<td align=\"center\" valign=\"middle\">2550<\/td>\n<\/tr>\n<\/tbody>\n<\/table>\n<h2><strong>Fordeler med V80M-serien aksialstempelpumpe med variabel forskyvning:<\/strong><\/h2>\n<p>\u2022 Brukes i hydrauliske systemer med \u00e5pen krets<br \/>\n\u2022 Oljesug tilgjengelig med boost-modus<br \/>\n\u2022 H\u00f8y rotasjonshastighet<br \/>\n\u2022 H\u00f8yt nominelt trykk<br \/>\n\u2022 Kompakt struktur, enkel installasjon<br \/>\n\u2022 S\u00f8rg for tilstrekkelig dreiemoment for den bakre pumpen n\u00e5r det kreves en tandempumpe<\/p>\n<h2><strong>V80M-serien aksialstempel hydraulisk pumpe med variabel forskyvning <\/strong><strong>S\u00f8knad:<\/strong><\/h2>\n<p><img loading=\"lazy\" decoding=\"async\" class=\"alignnone wp-image-1985 size-large\" src=\"https:\/\/hydraulic-cylinders.net\/wp-content\/uploads\/2023\/10\/v80m-series-axial-piston-variable-displacement-pump-2-1024x346.webp\" alt=\"\" width=\"1024\" height=\"346\" srcset=\"https:\/\/hydraulic-cylinders.net\/wp-content\/uploads\/2023\/10\/v80m-series-axial-piston-variable-displacement-pump-2-1024x346.webp 1024w, https:\/\/hydraulic-cylinders.net\/wp-content\/uploads\/2023\/10\/v80m-series-axial-piston-variable-displacement-pump-2-980x331.webp 980w, https:\/\/hydraulic-cylinders.net\/wp-content\/uploads\/2023\/10\/v80m-series-axial-piston-variable-displacement-pump-2-480x162.webp 480w\" sizes=\"(min-width: 0px) and (max-width: 480px) 480px, (min-width: 481px) and (max-width: 980px) 980px, (min-width: 981px) 1024px, 100vw\" \/><\/p>\n<h2><strong>Bruksmetode for V80M-serien aksialstempel hydraulisk pumpe med variabel forskyvning<\/strong><strong>:<\/strong><\/h2>\n<ul>\n<li><strong>Installasjon og integrasjon:<\/strong> Velg et passende sted i det hydrauliske systemet for \u00e5 installere V80M-seriens aksialstempelhydraulikkpumpe med variabelt fortrengningsvolum. S\u00f8rg for riktig justering og monter pumpen sikkert med passende braketter eller tilbeh\u00f8r. Koble pumpen til det hydrauliske systemet med kompatible beslag og slanger, og s\u00f8rg for lekkasjefrie tilkoblinger.<\/li>\n<li><strong>V\u00e6skekompatibilitet:<\/strong> Kontroller at hydraulikkv\u00e6sken som brukes i systemet er kompatibel med V80M-serien av pumpen. Se produsentens anbefalte v\u00e6sketype, viskositet og temperaturomr\u00e5de. Overv\u00e5k og vedlikehold hydraulikkv\u00e6sken regelmessig for \u00e5 sikre optimal pumpedrift og levetid.<\/li>\n<li><strong>Kontroll og justering:<\/strong> Gj\u00f8r deg kjent med kontrollalternativene som f\u00f8lger med V80M-serien av pumper. Avhengig av den spesifikke modellen kan den tilby ulike kontrollmetoder, for eksempel manuell, proporsjonal eller elektronisk kontroll. Forst\u00e5 de anbefalte kontrollinnstillingene og juster dem deretter for \u00e5 optimalisere pumpens ytelse.<\/li>\n<li><strong>Systemoptimalisering:<\/strong> V80M-serien av pumper muliggj\u00f8r systemoptimalisering ved \u00e5 justere pumpens slagvolum for \u00e5 matche belastningskravene. Dra nytte av denne funksjonen for \u00e5 maksimere energieffektiviteten og den generelle systemytelsen.<\/li>\n<\/ul>\n<h2><strong>Hvordan reparere en hydraulisk sylinder?<\/strong><\/h2>\n<p>Reparasjon av en hydraulisk sylinder krever n\u00f8ye vurdering, identifisering av problemet og passende tiltak for \u00e5 l\u00f8se problemet. Her er en generell veiledning som hjelper deg med \u00e5 reparere en hydraulisk sylinder:<\/p>\n<ol>\n<li><strong>Sikkerhet f\u00f8rst:<\/strong> F\u00f8r du starter reparasjonsarbeid, m\u00e5 du s\u00f8rge for at det hydrauliske systemet er trykkl\u00f8st og at den hydrauliske v\u00e6sken er fullstendig tappet ut. Bruk passende personlig verneutstyr (PPE), som hansker og vernebriller, for \u00e5 beskytte deg mot farer.<\/li>\n<li><strong>Identifiser problemet:<\/strong> Unders\u00f8k den hydrauliske sylinderen grundig for \u00e5 identifisere det spesifikke problemet eller skaden. Vanlige problemer inkluderer lekkasjer i pakningen, skadede stenger, slitte lagre eller riper i sylinderboringen. \u00c5 forst\u00e5 problemet vil hjelpe deg med \u00e5 bestemme de n\u00f8dvendige reparasjonstrinnene.<\/li>\n<li><strong>Samle verkt\u00f8y og reservedeler:<\/strong> Samle n\u00f8dvendige verkt\u00f8y og reservedeler basert p\u00e5 det identifiserte problemet. Dette kan inkludere skiften\u00f8kler, piper, tang, et tetningssett, nye lagre, en hone og et mikrometer. S\u00f8rg for at du har de riktige delene som samsvarer med spesifikasjonene til den hydrauliske sylinderen.<\/li>\n<li><strong>Demonter sylinderen:<\/strong> F\u00f8lg trinnene som er beskrevet i forrige svar om demontering av en hydraulisk sylinder. Fjern forsiktig endehettene, stempelet, stangenheten og eventuelle andre komponenter for \u00e5 f\u00e5 tilgang til de skadede eller defekte delene.<\/li>\n<li><strong>Skift ut pakninger og lagre:<\/strong> Hvis problemet er lekkasjer eller slitte lagre, fjern forsiktig de gamle tetningene og lagrene fra deres respektive plasseringer. Rengj\u00f8r tetnings- og lagersporene grundig for \u00e5 fjerne rusk eller opphopning. Monter nye tetninger og lagre i henhold til produsentens instruksjoner, og s\u00f8rg for riktig justering og sm\u00f8ring. Bruk passende verkt\u00f8y til \u00e5 presse tetningene og lagrene p\u00e5 plass.<\/li>\n<li><strong>Reparer skadet stang eller sylinderboring:<\/strong> Hvis stangen eller sylinderboringen er skadet, kan det v\u00e6re n\u00f8dvendig \u00e5 reparere eller skifte den ut. Mindre riper eller merker p\u00e5 stangen kan ofte repareres ved \u00e5 slipe overflaten med et slipeverkt\u00f8y. M\u00e5l stangdiameteren med en mikrometer for \u00e5 sikre at den holder seg innenfor de angitte toleransene. Hvis skaden er alvorlig eller overstiger tillatte grenser, kan det v\u00e6re n\u00f8dvendig \u00e5 skifte stangen ut.<\/li>\n<\/ol>\n<p>Kontakt en profesjonell hydraulisk reparasjonstjeneste eller produsent for veiledning om reparasjon av sylinderboring. De kan anbefale en honingsprosess eller, i noen tilfeller, \u00e5 sette ny hylse p\u00e5 sylinderboringen hvis skaden er omfattende.<\/p>\n<ol start=\"7\">\n<li><strong>Sett sylinderen sammen igjen:<\/strong> F\u00f8lg demonteringsrekkef\u00f8lgen i motsatt rekkef\u00f8lge for \u00e5 montere den hydrauliske sylinderen igjen. S\u00f8rg for at alle komponenter er riktig justert og festet. Sm\u00f8r pakningene og delene med hydraulisk v\u00e6ske for \u00e5 sikre problemfri drift.<\/li>\n<li><strong>Test og inspiser:<\/strong> Etter montering, inspiser den reparerte hydrauliske sylinderen grundig. Trykksett systemet gradvis og sjekk for lekkasjer eller unormal drift. Overv\u00e5k sylinderens ytelse for \u00e5 sikre at den fungerer som forventet.<\/li>\n<li><strong>Regelmessig vedlikehold:<\/strong> Etabler en regelmessig vedlikeholdsplan for \u00e5 forlenge levetiden til den reparerte hydrauliske sylinderen. Dette kan inkludere periodiske inspeksjoner, sm\u00f8ring av tetninger og overv\u00e5king av v\u00e6skeniv\u00e5er og -kvalitet. \u00c5 f\u00f8lge forebyggende vedlikeholdspraksis vil bidra til \u00e5 forhindre fremtidige problemer og maksimere sylinderens levetid.<\/li>\n<\/ol>\n<h2><strong>Fabrikkens kapasitet og kapasitet:<\/strong><\/h2>\n<h3>(1) Montering<\/h3>\n<p>Vi har en f\u00f8rsteklasses uavhengig forsknings- og utviklingsplattform for montering. Verkstedet for produksjon av hydrauliske sylindere har fire halvautomatiske monteringslinjer for l\u00f8ftesylindere og \u00e9n automatisk monteringslinje for vippesylindere, med en \u00e5rlig produksjonskapasitet p\u00e5 1 million enheter. Spesialsylinderverkstedet er utstyrt med ulike spesifikasjoner for et halvautomatisk rengj\u00f8ringsmonteringssystem med en \u00e5rlig produksjonskapasitet p\u00e5 200 000 enheter, og er utstyrt med kjent CNC-maskineringsutstyr, et maskineringssenter, spesialutstyr for h\u00f8ypresisjons sylinderbehandling, en robotsveisemaskin, en automatisk rengj\u00f8ringsmaskin, en automatisk sylindermonteringsmaskin og en automatisk produksjonslinje for lakkering. Vi har mer enn 300 sett (sett) av kritisk utstyr. Optimal allokering og effektiv bruk av utstyrsressurser sikrer n\u00f8yaktighetskravene til produktene og oppfyller produktenes h\u00f8ye kvalitetsbehov.<\/p>\n<p><img loading=\"lazy\" decoding=\"async\" class=\"alignnone wp-image-626\" src=\"https:\/\/hydraulic-cylinders.net\/wp-content\/uploads\/2023\/08\/hydraulic-cylinder-product-1-300x158.webp\" alt=\"\" width=\"495\" height=\"260\" srcset=\"https:\/\/hydraulic-cylinders.net\/wp-content\/uploads\/2023\/08\/hydraulic-cylinder-product-1-300x158.webp 495w, https:\/\/hydraulic-cylinders.net\/wp-content\/uploads\/2023\/08\/hydraulic-cylinder-product-1-480x252.webp 480w\" sizes=\"(min-width: 0px) and (max-width: 480px) 480px, (min-width: 481px) 495px, 100vw\" \/> <img loading=\"lazy\" decoding=\"async\" class=\"alignnone wp-image-627\" src=\"https:\/\/hydraulic-cylinders.net\/wp-content\/uploads\/2023\/08\/hydraulic-cylinder-product-2-300x189.webp\" alt=\"\" width=\"413\" height=\"260\" \/><\/p>\n<h3>(2) Maskinering<\/h3>\n<p>Maskineringsverkstedet er utstyrt med et spesialtilpasset dreiesenter for skr\u00e5 skinner, maskineringssenter, h\u00f8yhastighets honemaskin, sveiserobot og annet relatert utstyr, som kan h\u00e5ndtere bearbeiding av sylinderr\u00f8r med en maksimal indre diameter p\u00e5 400 mm og en maksimal lengde p\u00e5 6 meter.<\/p>\n<p><img loading=\"lazy\" decoding=\"async\" class=\"alignnone wp-image-628 size-large\" src=\"https:\/\/hydraulic-cylinders.net\/wp-content\/uploads\/2023\/08\/hydraulic-cylinder-product-3-1024x391.webp\" alt=\"\" width=\"1024\" height=\"391\" srcset=\"https:\/\/hydraulic-cylinders.net\/wp-content\/uploads\/2023\/08\/hydraulic-cylinder-product-3-980x374.webp 980w, https:\/\/hydraulic-cylinders.net\/wp-content\/uploads\/2023\/08\/hydraulic-cylinder-product-3-480x183.webp 480w\" sizes=\"(min-width: 0px) and (max-width: 480px) 480px, (min-width: 481px) and (max-width: 980px) 980px, (min-width: 981px) 1024px, 100vw\" \/><\/p>\n<h3>(3) Sveising<\/h3>\n<p><img loading=\"lazy\" decoding=\"async\" class=\"alignnone wp-image-629 size-large\" src=\"https:\/\/hydraulic-cylinders.net\/wp-content\/uploads\/2023\/08\/hydraulic-cylinder-product-4-1024x510.webp\" alt=\"\" width=\"1024\" height=\"510\" srcset=\"https:\/\/hydraulic-cylinders.net\/wp-content\/uploads\/2023\/08\/hydraulic-cylinder-product-4-980x488.webp 980w, https:\/\/hydraulic-cylinders.net\/wp-content\/uploads\/2023\/08\/hydraulic-cylinder-product-4-480x239.webp 480w\" sizes=\"(min-width: 0px) and (max-width: 480px) 480px, (min-width: 481px) and (max-width: 980px) 980px, (min-width: 981px) 1024px, 100vw\" \/><\/p>\n<h3>(4) Maling og belegg<\/h3>\n<p>Med sm\u00e5 og mellomstore sylinderautomatiske vannbaserte malingsbeleggslinjer, for \u00e5 oppn\u00e5 automatisk robotlasting og -lossing og automatisk spr\u00f8yting, er den designede kapasiteten 4000 stykker per skift;<br \/>\nVi har ogs\u00e5 en halvautomatisk produksjonslinje for maling for store sylindere drevet av en kabelkjede, med en designkapasitet p\u00e5 60 kasser per skift.<\/p>\n<p><img loading=\"lazy\" decoding=\"async\" class=\"alignnone wp-image-630\" src=\"https:\/\/hydraulic-cylinders.net\/wp-content\/uploads\/2023\/08\/hydraulic-cylinder-product-5-300x213.webp\" alt=\"\" width=\"366\" height=\"260\" \/> <img loading=\"lazy\" decoding=\"async\" class=\"alignnone wp-image-631\" src=\"https:\/\/hydraulic-cylinders.net\/wp-content\/uploads\/2023\/08\/hydraulic-cylinder-product-6-300x225.webp\" alt=\"\" width=\"347\" height=\"260\" \/><\/p>\n<h3>(5) Testing<\/h3>\n<p>Vi har f\u00f8rsteklasses inspeksjonsfasiliteter og testbenker for \u00e5 sikre at sylinderens ytelse oppfyller kravene.<\/p>\n<p><img loading=\"lazy\" decoding=\"async\" class=\"alignnone wp-image-632\" src=\"https:\/\/hydraulic-cylinders.net\/wp-content\/uploads\/2023\/08\/hydraulic-cylinder-product-8-300x200.webp\" alt=\"\" width=\"389\" height=\"260\" \/><\/p>\n<p>&nbsp;<\/p>\n<p>&nbsp;<\/p>\n<p>Vi er en av de beste produsentene av hydrauliske sylindere. Vi kan tilby et omfattende utvalg av hydrauliske sylindere. Vi tilbyr ogs\u00e5 tilsvarende <a href=\"https:\/\/hzpt.com\/agricultural-pto-gearbox\/\" target=\"_blank\" rel=\"noopener\">landbruksgirkasser<\/a>Vi har eksportert produktene v\u00e5re til kunder over hele verden og opparbeidet oss et godt rykte p\u00e5 grunn av v\u00e5r overlegne produktkvalitet og ettersalgsservice. Vi \u00f8nsker kunder i inn- og utland velkommen til \u00e5 kontakte oss for \u00e5 forhandle om forretninger, utveksle informasjon og <a href=\"https:\/\/www.hydraulic-cylinders.net\/nb\/contact-us\/\">samarbeide med oss<\/a>!<\/p>\n<p>&nbsp;<\/p>","protected":false},"excerpt":{"rendered":"<p>V80M Series Axial Piston Variable Displacement Hydraulic Pump The V80M series axial piston variable displacement hydraulic pump is a cutting-edge solution designed to revolutionize the performance and efficiency of hydraulic systems. With its advanced features, precise control, and robust construction, this hydraulic pump sets a new standard in the industry. The V80M series axial piston [&hellip;]<\/p>","protected":false},"featured_media":1980,"comment_status":"open","ping_status":"closed","template":"","meta":{"_et_pb_use_builder":"","_et_pb_old_content":"","_et_gb_content_width":""},"product_brand":[],"product_cat":[1425],"product_tag":[1426],"class_list":{"0":"post-1965","1":"product","2":"type-product","3":"status-publish","4":"has-post-thumbnail","6":"product_cat-piston-pump","7":"product_tag-hydraulic-pump","9":"first","10":"instock","11":"shipping-taxable","12":"product-type-simple"},"amp_enabled":true,"_links":{"self":[{"href":"https:\/\/www.hydraulic-cylinders.net\/nb\/wp-json\/wp\/v2\/product\/1965","targetHints":{"allow":["GET"]}}],"collection":[{"href":"https:\/\/www.hydraulic-cylinders.net\/nb\/wp-json\/wp\/v2\/product"}],"about":[{"href":"https:\/\/www.hydraulic-cylinders.net\/nb\/wp-json\/wp\/v2\/types\/product"}],"replies":[{"embeddable":true,"href":"https:\/\/www.hydraulic-cylinders.net\/nb\/wp-json\/wp\/v2\/comments?post=1965"}],"wp:featuredmedia":[{"embeddable":true,"href":"https:\/\/www.hydraulic-cylinders.net\/nb\/wp-json\/wp\/v2\/media\/1980"}],"wp:attachment":[{"href":"https:\/\/www.hydraulic-cylinders.net\/nb\/wp-json\/wp\/v2\/media?parent=1965"}],"wp:term":[{"taxonomy":"product_brand","embeddable":true,"href":"https:\/\/www.hydraulic-cylinders.net\/nb\/wp-json\/wp\/v2\/product_brand?post=1965"},{"taxonomy":"product_cat","embeddable":true,"href":"https:\/\/www.hydraulic-cylinders.net\/nb\/wp-json\/wp\/v2\/product_cat?post=1965"},{"taxonomy":"product_tag","embeddable":true,"href":"https:\/\/www.hydraulic-cylinders.net\/nb\/wp-json\/wp\/v2\/product_tag?post=1965"}],"curies":[{"name":"wp","href":"https:\/\/api.w.org\/{rel}","templated":true}]}}