{"id":19651,"date":"2025-04-07T06:59:37","date_gmt":"2025-04-07T06:59:37","guid":{"rendered":"https:\/\/www.hydraulic-cylinders.net\/product\/boom-cylinder-for-bonny-wy160ahd\/"},"modified":"2025-04-07T06:59:40","modified_gmt":"2025-04-07T06:59:40","slug":"boom-cylinder-for-bonny-wy160ahd","status":"publish","type":"product","link":"https:\/\/www.hydraulic-cylinders.net\/nb\/produkt\/boom-cylinder-for-bonny-wy160ahd\/","title":{"rendered":"Bom-sylinder for Bonny WY160AHD"},"content":{"rendered":"<h1>Bom-sylinder for Bonny WY160AHD<\/h1>\n<h2>Produktoversikt<\/h2>\n<p>Bom-sylinderen for Bonny WY160AHD er en spesialisert hydraulisk sylinder som er utviklet for \u00e5 kontrollere bevegelsen til bommen i diverse tunge maskiner som gravemaskiner, traktorgravere og frontlastere. Disse sylindrene gj\u00f8r det mulig \u00e5 l\u00f8fte, senke og tilte bommen, noe som forenkler materialh\u00e5ndteringsoppgaver med letthet og presisjon. Skuffesylinderen spiller en kritisk rolle i hydrauliske systemer, og gir den n\u00f8dvendige kraften og kontrollen for effektiv drift i krevende milj\u00f8er.<\/p>\n<p><img decoding=\"async\" src=\"https:\/\/www.hydraulic-cylinders.net\/wp-content\/uploads\/2025\/04\/songte-company-1.webp\" alt=\"Bom-sylinder for Bonny WY160AHD\"><\/p>\n<h3>Definisjon og funksjonalitet<\/h3>\n<p>Skuffesylinderen er en type hydraulisk sylinder som er spesielt konstruert for \u00e5 h\u00e5ndtere skuffens handlinger p\u00e5 tunge maskiner. I gravemaskiner muliggj\u00f8r den presis graving, l\u00f8fting og tilting av skuffen for \u00e5 muliggj\u00f8re effektiv materialutgraving og transport. Utformingen av disse sylindrene s\u00f8rger vanligvis for h\u00f8y holdbarhet og p\u00e5litelighet, noe som sikrer optimal ytelse under h\u00f8ye trykkforhold.<\/p>\n<h2>Funksjoner p\u00e5 bomsylinderen<\/h2>\n<ul>\n<li><strong>H\u00f8y styrke og holdbarhet:<\/strong> Disse sylindrene er produsert av h\u00f8yfast st\u00e5l eller aluminium, og t\u00e5ler h\u00f8yt trykk og tunge belastninger, noe som gj\u00f8r dem egnet for t\u00f8ffe arbeidsmilj\u00f8er. Designet deres tar hensyn til slitestyrke og korrosjonsbeskyttelse for \u00e5 forlenge levetiden.<\/li>\n<li><strong>Effektiv hydraulisk drift:<\/strong> Ved \u00e5 bruke hydraulisk oljetrykk for jevn forlengelse og tilbaketrekking, reagerer disse sylindrene raskt p\u00e5 kontrollkommandoer, og gir betydelig skyve- og trekkekraft som er ideell for h\u00e5ndtering av tunge og komplekse oppgaver.<\/li>\n<li><strong>Ulike typer:<\/strong> Alternativene inkluderer enkeltvirkende (som fungerer i \u00e9n retning) og dobbeltvirkende (som fungerer i begge retninger) sylindere, som dekker ulike driftskrav. Noen modeller er teleskopiske, noe som gir st\u00f8rre forlengelse uten \u00e5 \u00f8ke de ytre m\u00e5lene, og er egnet for plassbegrensede applikasjoner.<\/li>\n<li><strong>Tilpassbare l\u00f8sninger:<\/strong> V\u00e5re produksjonsmuligheter lar oss produsere sylindere som perfekt erstatter eksisterende hydrauliske sylindere, og sikrer s\u00f8ml\u00f8s integrering i utstyret ditt.<\/li>\n<li><strong>Robust design:<\/strong> Konstruksjonen av disse sylindrene tar hensyn til faktorer som lastekapasitet, tetning, holdbarhet, sikkerhet og vedlikeholdbarhet, noe som sikrer p\u00e5litelig ytelse p\u00e5 tvers av applikasjoner.<\/li>\n<\/ul>\n<p><img decoding=\"async\" src=\"https:\/\/www.hydraulic-cylinders.net\/wp-content\/uploads\/2025\/04\/songte-cylinder-head-with-all-kinds-excavator-models.webp\" alt=\"Sylinderhode for gravemaskiner\"><\/p>\n<h2>Bruksomr\u00e5der for bomsylinder<\/h2>\n<h3>Anleggsutstyr<\/h3>\n<p>I gravemaskiner er bomsylindere avgj\u00f8rende for graving, lasting og flytting av jord eller rusk. De gir den n\u00f8dvendige kraften for \u00e5 manipulere bommen effektivt, slik at operat\u00f8rer kan utf\u00f8re en rekke oppgaver med presisjon. Bommens evne til \u00e5 l\u00f8fte tunge laster er avgj\u00f8rende i byggeprosjekter, noe som sikrer effektivitet og produktivitet.<\/p>\n<h3>Landbruksmaskiner<\/h3>\n<p>Bomsylindre, som brukes i frontlastere, forenkler utgraving, l\u00f8fting og transport av materialer som jord og h\u00f8y. Den robuste konstruksjonen sikrer p\u00e5litelig drift i ulike landbruksoppgaver, noe som \u00f8ker produktiviteten p\u00e5 g\u00e5rdene betydelig.<\/p>\n<h3>Gravemaskiner<\/h3>\n<p>I gravemaskiner muliggj\u00f8r bomsylindre gravebevegelser ved \u00e5 la skuffen trenge ned i jorden. Designet deres maksimerer hydraulisk effektivitet, og gir kraften som trengs for \u00e5 grave ut materialer effektivt, og forbedrer dermed maskineriets generelle ytelse.<\/p>\n<h3>Lastere<\/h3>\n<p>I frontlastere hjelper bomsylindrene med \u00e5 heve og dumpe last effektivt. Deres evne til \u00e5 h\u00e5ndtere tunge materialer gj\u00f8r dem viktige i bygg og anlegg og materialh\u00e5ndtering, og sikrer at oppgaver fullf\u00f8res raskt og effektivt.<\/p>\n<h2>Designhensyn og utvalgskriterier<\/h2>\n<h3>Lastekapasitet<\/h3>\n<p>N\u00e5r du velger en bomsylinder, er lastekapasitet et kritisk aspekt. Sylinderen m\u00e5 kunne h\u00e5ndtere den maksimale belastningen maskineriet vil m\u00f8te. Dette krever n\u00f8ye konstruksjon for \u00e5 sikre at materialene som brukes kan t\u00e5le kreftene som p\u00e5f\u00f8res under drift uten deformasjon eller svikt.<\/p>\n<h3>Tetting<\/h3>\n<p>Tetting er en annen viktig faktor. Effektive tetninger forhindrer lekkasje og forurensning av hydraulisk v\u00e6ske, noe som kan g\u00e5 ut over ytelse og sikkerhet. H\u00f8ykvalitetstetninger laget av materialer som polyuretan eller nitrilgummi er avgj\u00f8rende for \u00e5 opprettholde det hydrauliske systemets integritet.<\/p>\n<h3>Varighet<\/h3>\n<p>Holdbarheten til bomsylinderen er avgj\u00f8rende, spesielt i utfordrende milj\u00f8er. Den b\u00f8r motst\u00e5 slitasje fra konstant bruk og eksponering for t\u00f8ffe forhold. Dette inkluderer slitasje fra smuss og rusk, samt korrosjon fra fuktighet og kjemikalier.<\/p>\n<h3>Sikkerhet<\/h3>\n<p>Sikkerhetsfunksjoner m\u00e5 integreres i utformingen av bomsylindre for \u00e5 forhindre ulykker. Dette inkluderer overbelastningsbeskyttelsesmekanismer og sikkerhetsventiler som kan forhindre at systemet overskrider sikre driftsgrenser, noe som sikrer b\u00e5de f\u00f8rersikkerhet og utstyrets levetid.<\/p>\n<h3>Vedlikeholdbarhet<\/h3>\n<p>Til slutt er enkelt vedlikehold en viktig faktor. En design som forenkler inspeksjoner, sm\u00f8ring og utskifting av tetninger vil f\u00f8re til lavere nedetid og vedlikeholdskostnader. Produsenter b\u00f8r prioritere design som gir enkel tilgang til kritiske komponenter.<\/p>\n<p><img decoding=\"async\" src=\"https:\/\/www.hydraulic-cylinders.net\/wp-content\/uploads\/2025\/04\/songte-oil-pipes-and-spare-parts.webp\" alt=\"Hydrauliske komponenter\"><\/p>\n<h2>Tetting og sm\u00f8ring<\/h2>\n<p>Effektiviteten til bomsylindere er i stor grad avhengig av riktig tetting og sm\u00f8ring. Ulike tetningskomponenter som stempeltetninger og stangtetninger er avgj\u00f8rende for \u00e5 opprettholde hydraulisk trykk og forhindre lekkasjer. Tetninger er vanligvis laget av slitesterke materialer som polyuretan eller nitrilgummi, som gir utmerket holdbarhet mot de t\u00f8ffe driftsforholdene hydrauliske sylindere ofte st\u00e5r overfor. I tillegg er overflatene p\u00e5 sylinderhuset og gjengede ender finmaskinert for \u00e5 forbedre slitestyrken, noe som bidrar til sylinderens generelle p\u00e5litelighet.<\/p>\n<p>Regelmessig sm\u00f8ring er ogs\u00e5 viktig. Operat\u00f8rer anbefales \u00e5 fylle hydraulikksystemet med riktig hydraulikkolje med jevne mellomrom for \u00e5 sikre at alle bevegelige deler fungerer problemfritt og for \u00e5 minimere friksjon. Denne fremgangsm\u00e5ten forlenger sylinderens levetid og opprettholder optimal ytelse.<\/p>\n<h2>Forebyggende vedlikeholdstiltak<\/h2>\n<ul>\n<li><strong>Regelmessige inspeksjoner:<\/strong> Planlegg hyppige inspeksjoner for \u00e5 identifisere tegn p\u00e5 slitasje, lekkasje eller skade. Tidlig oppdagelse av problemer kan forhindre at mer alvorlige problemer utvikler seg.<\/li>\n<li><strong>Passende sm\u00f8ring:<\/strong> S\u00f8rg for at hydraulikkv\u00e6skeniv\u00e5ene opprettholdes og at systemet sm\u00f8res regelmessig for \u00e5 redusere friksjon og slitasje p\u00e5 bevegelige deler.<\/li>\n<li><strong>Utskifting av tetning:<\/strong> Overv\u00e5k tilstanden til pakningene og skift dem ut etter behov for \u00e5 forhindre lekkasjer og opprettholde hydraulisk effektivitet.<\/li>\n<\/ul>\n<h2>Installasjonsretningslinjer<\/h2>\n<p>Riktig montering av bomsylinderen er avgj\u00f8rende for optimal drift og levetid. Begynn med \u00e5 s\u00f8rge for at festepunktene p\u00e5 maskineriet er rene og fri for rusk. Juster sylinderen n\u00f8ye, og pass p\u00e5 at den er rett for \u00e5 unng\u00e5 feiljustering som kan f\u00f8re til for tidlig slitasje eller svikt. Bruk passende monteringsbraketter for \u00e5 feste sylinderen p\u00e5 plass, og s\u00f8rg for et godt feste.<\/p>\n<p>Se alltid produsentens spesifikasjoner for momentinnstillinger og eventuelle unike installasjonskrav. Etter installasjon, utf\u00f8r tester for \u00e5 bekrefte at sylinderen fungerer problemfritt og uten lekkasjer. Dokumenter til slutt installasjonsprosessen og eventuelle modifikasjoner som er gjort for fremtidig referanse.<\/p>\n<h2>Vanlige vedlikeholdsoppgaver<\/h2>\n<h3>Regelmessige inspeksjoner<\/h3>\n<p>Det er viktig \u00e5 gjennomf\u00f8re regelmessige inspeksjoner for \u00e5 identifisere potensielle problemer f\u00f8r de blir alvorlige. Se etter tegn p\u00e5 slitasje, som sprekker eller deformasjon i sylinderen, og sjekk hydraulikkv\u00e6skeniv\u00e5ene for \u00e5 sikre at de er innenfor anbefalt omr\u00e5de. Inspeksjoner b\u00f8r planlegges med jevne mellomrom for \u00e5 opprettholde bomsylinderens integritet og ytelse.<\/p>\n<h3>Riktig sm\u00f8ring<\/h3>\n<p>Riktig sm\u00f8ring er viktig for \u00e5 forlenge bomsylinderens levetid. S\u00f8rg for at hydraulikkoljeniv\u00e5et er tilstrekkelig og at sm\u00f8repunktene vedlikeholdes regelmessig. Riktig type hydraulikkolje m\u00e5 brukes, og f\u00f8rere b\u00f8r f\u00f8lge produsentens anbefalinger for \u00e5 forhindre skade og sikre problemfri drift.<\/p>\n<h3>Utskifting av tetning<\/h3>\n<p>Tetninger er avgj\u00f8rende for \u00e5 opprettholde hydraulisk trykk og forhindre lekkasjer. Sjekk tetningene regelmessig for tegn p\u00e5 slitasje eller skade, og skift dem ut etter behov. Dette vil bidra til \u00e5 opprettholde effektiviteten til det hydrauliske systemet og forhindre kostbare reparasjoner p\u00e5 grunn av v\u00e6skelekkasjer. \u00c5 f\u00f8re oversikt over tetningsutskiftninger vil hjelpe med \u00e5 spore vedlikeholdsarbeidet.<\/p>\n<p><img decoding=\"async\" src=\"https:\/\/www.hydraulic-cylinders.net\/wp-content\/uploads\/2025\/04\/songte-chushion-collar.webp\" alt=\"Putekrage\"><\/p>\n<h2>Sikkerhetshensyn og milj\u00f8faktorer<\/h2>\n<p>Sikkerhetstiltak er avgj\u00f8rende ved bruk av hydrauliske systemer. Operat\u00f8rer b\u00f8r alltid f\u00f8lge sikkerhetsprotokoller, inkludert bruk av passende personlig verneutstyr (PPE) og s\u00f8rge for at alt personell er klar over driftsprosedyrene. Riktig oppl\u00e6ring er viktig for \u00e5 forhindre ulykker og sikre sikker bruk av maskiner utstyrt med bomsylindere.<\/p>\n<p>Milj\u00f8faktorer spiller ogs\u00e5 en betydelig rolle i driften og levetiden til hydrauliske sylindere. Operat\u00f8rer m\u00e5 ta hensyn til ekstreme temperaturer, eksponering for fuktighet og potensielle forurensninger i driftsmilj\u00f8et. Implementering av beskyttelsestiltak, som bruk av deksler eller valg av passende materialer, kan redusere disse risikoene.<\/p>\n<h2>Feildiagnose og vanlige problemer<\/h2>\n<ul>\n<li><strong>Lekkasje:<\/strong> Hvis det lekker hydraulisk v\u00e6ske, m\u00e5 du inspisere tetninger og koblinger for skader. Skift ut eventuelle defekte komponenter for \u00e5 gjenopprette systemets integritet.<\/li>\n<li><strong>Inkonsekvent drift:<\/strong> Hvis sylinderen ikke g\u00e5r jevnt ut eller inn, sjekk for blokkeringer i hydraulikkledningene og s\u00f8rg for at det er tilstrekkelig hydraulikkv\u00e6ske i systemet.<\/li>\n<li><strong>Uvanlige lyder:<\/strong> H\u00f8res som gnissing eller klirring kan tyde p\u00e5 indre skader eller slitasje. Unders\u00f8k sylinderen for tegn p\u00e5 mekanisk feil eller slitasje.<\/li>\n<\/ul>\n<h2>Feils\u00f8kingstips<\/h2>\n<p>For \u00e5 effektivt diagnostisere og l\u00f8se problemer, b\u00f8r operat\u00f8rer ha en systematisk tiln\u00e6rming. Start med en visuell inspeksjon av det hydrauliske systemet, og se etter lekkasjer eller \u00e5penbare skader. Hvis det oppdages et problem, se produsentens retningslinjer for feils\u00f8kings- og reparasjonsprosedyrer. Regelmessig oppl\u00e6ring i vanlige problemer og l\u00f8sninger kan gi operat\u00f8rer muligheten til \u00e5 h\u00e5ndtere mindre problemer f\u00f8r de eskalerer til st\u00f8rre reparasjoner.<\/p>\n<p>Implementering av forebyggende tiltak, som planlagt vedlikehold og regelmessige inspeksjoner, kan bidra til \u00e5 minimere potensielle problemer og sikre problemfri drift av bomsylinderen.<\/p>\n<p><img decoding=\"async\" src=\"https:\/\/www.hydraulic-cylinders.net\/wp-content\/uploads\/2025\/04\/songte-bushings-with-all-kinds-of-excavator-models.webp\" alt=\"Foringer for gravemaskiner\"><\/p>\n<h2>Om selskapet v\u00e5rt<\/h2>\n<p>Vi er en ledende produsent og grossistdistribut\u00f8r av hydrauliske sylindere for utskifting med et omfattende produktsortiment. V\u00e5r forpliktelse til eksepsjonell kvalitet har etablert oss som en fremtredende akt\u00f8r i b\u00e5de innenlandske og internasjonale markeder. Vi f\u00f8lger en raffinert, industrialisert produksjonsstrategi som fokuserer p\u00e5 kvalitet og effektivitet.<\/p>\n<p>Teamet v\u00e5rt best\u00e5r av dyktige fagfolk utstyrt med avansert digital produksjonsteknologi og profesjonelle testsystemer. Dette sikrer at vi kontinuerlig forbedrer produksjonsplattformen v\u00e5r og perfeksjonerer produksjonsrutene v\u00e5re for produktkvalitet. V\u00e5re robuste kreative evner lar oss m\u00f8te ulike kundekrav med h\u00f8y effektivitet, presisjon og kvalitet.<\/p>\n<p><img decoding=\"async\" src=\"https:\/\/www.hydraulic-cylinders.net\/wp-content\/uploads\/2025\/04\/songte-company-4.webp\" alt=\"Selskapsoversikt\"><br \/>\n<img decoding=\"async\" src=\"https:\/\/www.hydraulic-cylinders.net\/wp-content\/uploads\/2025\/04\/songte-company-3.webp\" alt=\"Produksjonsanlegg\"><\/p>\n<p>Vi tilbyr spesialiserte tjenester, inkludert skreddersydde l\u00f8sninger, st\u00f8ttet av internasjonale sertifiseringer som bekrefter v\u00e5r forpliktelse til kvalitet og sikkerhet. V\u00e5rt toppmoderne produksjonsutstyr sikrer at hvert produkt oppfyller strenge bransjestandarder, mens v\u00e5r dedikerte ettersalgsservice garanterer kundetilfredshet og st\u00f8tte.<\/p>\n<p>Forfatter: lyl<\/p>","protected":false},"excerpt":{"rendered":"<p>Boom Cylinder For Bonny WY160AHD Product Overview The Boom Cylinder for Bonny WY160AHD is a specialized hydraulic cylinder designed to control the movement of the boom in various heavy machinery such as excavators, backhoe loaders, and front loaders. These cylinders enable the boom to lift, lower, and tilt, facilitating material handling tasks with ease and [&hellip;]<\/p>","protected":false},"featured_media":17869,"comment_status":"open","ping_status":"closed","template":"","meta":{"_et_pb_use_builder":"","_et_pb_old_content":"","_et_gb_content_width":""},"product_brand":[],"product_cat":[1546],"product_tag":[1547,1496],"class_list":{"0":"post-19651","1":"product","2":"type-product","3":"status-publish","4":"has-post-thumbnail","6":"product_cat-boom-cylinders","7":"product_tag-boom-cylinders","8":"product_tag-hydraulic-cylinders","10":"first","11":"instock","12":"shipping-taxable","13":"product-type-simple"},"amp_enabled":true,"_links":{"self":[{"href":"https:\/\/www.hydraulic-cylinders.net\/nb\/wp-json\/wp\/v2\/product\/19651","targetHints":{"allow":["GET"]}}],"collection":[{"href":"https:\/\/www.hydraulic-cylinders.net\/nb\/wp-json\/wp\/v2\/product"}],"about":[{"href":"https:\/\/www.hydraulic-cylinders.net\/nb\/wp-json\/wp\/v2\/types\/product"}],"replies":[{"embeddable":true,"href":"https:\/\/www.hydraulic-cylinders.net\/nb\/wp-json\/wp\/v2\/comments?post=19651"}],"wp:featuredmedia":[{"embeddable":true,"href":"https:\/\/www.hydraulic-cylinders.net\/nb\/wp-json\/wp\/v2\/media\/17869"}],"wp:attachment":[{"href":"https:\/\/www.hydraulic-cylinders.net\/nb\/wp-json\/wp\/v2\/media?parent=19651"}],"wp:term":[{"taxonomy":"product_brand","embeddable":true,"href":"https:\/\/www.hydraulic-cylinders.net\/nb\/wp-json\/wp\/v2\/product_brand?post=19651"},{"taxonomy":"product_cat","embeddable":true,"href":"https:\/\/www.hydraulic-cylinders.net\/nb\/wp-json\/wp\/v2\/product_cat?post=19651"},{"taxonomy":"product_tag","embeddable":true,"href":"https:\/\/www.hydraulic-cylinders.net\/nb\/wp-json\/wp\/v2\/product_tag?post=19651"}],"curies":[{"name":"wp","href":"https:\/\/api.w.org\/{rel}","templated":true}]}}