{"id":1966,"date":"2023-10-23T08:02:25","date_gmt":"2023-10-23T08:02:25","guid":{"rendered":"https:\/\/hydraulic-cylinders.net\/?post_type=product&#038;p=1966"},"modified":"2023-10-23T08:02:35","modified_gmt":"2023-10-23T08:02:35","slug":"v60n-series-axial-piston-variable-displacement-hydraulic-pump","status":"publish","type":"product","link":"https:\/\/www.hydraulic-cylinders.net\/nb\/produkt\/v60n-series-axial-piston-variable-displacement-hydraulic-pump\/","title":{"rendered":"V60N-serien aksialstempel hydraulisk pumpe med variabel forskyvning"},"content":{"rendered":"<h1 style=\"text-align: center;\"><strong>V60N-serien aksialstempel hydraulisk pumpe med variabel forskyvning<\/strong><\/h1>\n<p><img loading=\"lazy\" decoding=\"async\" class=\"aligncenter wp-image-1981\" src=\"https:\/\/hydraulic-cylinders.net\/wp-content\/uploads\/2023\/10\/v60n-series-axial-piston-variable-displacement-pump-1-300x300.webp\" alt=\"\" width=\"400\" height=\"400\" \/><\/p>\n<p>V60N-serien aksialstempel-hydraulisk pumpe med variabel forskyvning er en bemerkelsesverdig innovasjon som er utviklet for \u00e5 heve ytelsen og effektiviteten til hydrauliske systemer. Med sine banebrytende funksjoner, presise kontroll og robuste konstruksjon setter denne hydrauliske pumpen nye standarder i bransjen.<\/p>\n<p>V60N-seriens aksialstempelhydraulikkpumpe med variabelt fortrengning er banebrytende innen hydrauliske systemer. Dens variable fortrengningskapasitet, h\u00f8ye ytelse og allsidige design gir presis kontroll, forbedret effektivitet og eksepsjonell kraftlevering. Ved \u00e5 f\u00f8lge de anbefalte bruksmetodene og regelmessige vedlikeholdspraksiser, vil v60n-seriens pumper fortsette \u00e5 levere enest\u00e5ende ytelse, effektivitet og p\u00e5litelighet. Omfavn kraften og effektiviteten til V60N-seriens aksialstempelhydraulikkpumpe med variabelt fortrengning for \u00e5 frigj\u00f8re det fulle potensialet til ditt hydrauliske system.<\/p>\n<p>V60N-serien aksialstempelpumpe med variabelt slagvolum Viktige egenskaper:<\/p>\n<ol>\n<li>Variabel fortrengningsmulighet: Pumpen i V60N-serien har avansert teknologi for variabel fortrengning, som gj\u00f8r at den kan justere effekten i henhold til systemets behov. Denne funksjonen sikrer optimal energiutnyttelse, forbedrer effektiviteten og reduserer str\u00f8mforbruket.<\/li>\n<li>H\u00f8y ytelse og kraft: Med sin eksepsjonelle design og konstruksjon leverer pumpen i V60N-serien enest\u00e5ende ytelse og kraft. Den fungerer s\u00f8ml\u00f8st p\u00e5 tvers av ulike trykk og hastigheter, og gir presis kontroll og effektiv kraftlevering for overlegen systemytelse.<\/li>\n<li>Allsidig design for ulike bruksomr\u00e5der: Pumpen i V60N-serien er designet for \u00e5 tilpasse seg ulike hydrauliske systemer og bruksomr\u00e5der. Den tilbyr allsidighet i monteringsalternativer, v\u00e6skekompatibilitet og kontrollmetoder, noe som gj\u00f8r den egnet for en rekke bransjer og maskiner.<\/li>\n<li>Forbedret effektivitet ved enhver belastning: Den variable fortrengningsfunksjonen til V60N-serien av pumper sikrer effektivitet over et bredt spekter av belastninger. Den minimerer energitap og produktivitet, selv under varierende driftsforhold, ved automatisk \u00e5 justere effekten for \u00e5 matche systemets krav.<\/li>\n<\/ol>\n<h2><strong>V60N-serien aksialstempel variabel forskyvning hydraulisk pumpe Parameter:<\/strong><\/h2>\n<table class=\"table table-bordered table-hover table-colored\">\n<tbody>\n<tr class=\"firstRow\">\n<td colspan=\"1\" rowspan=\"2\" align=\"center\" valign=\"middle\">St\u00f8rrelse<\/td>\n<td rowspan=\"2\" align=\"center\" valign=\"middle\">Slagvolum cc\/omdreining<\/td>\n<td colspan=\"2\" rowspan=\"1\" align=\"center\" valign=\"middle\">Trykkstang<\/td>\n<td colspan=\"2\" rowspan=\"1\" align=\"center\" valign=\"middle\">Rotasjonshastighet o\/min<\/td>\n<\/tr>\n<tr>\n<td align=\"center\" valign=\"middle\">Vurdert<\/td>\n<td align=\"center\" valign=\"middle\">Topp<\/td>\n<td align=\"center\" valign=\"middle\">Maks for selvsugende<sup>*1<\/sup><\/td>\n<td align=\"center\" valign=\"middle\">Maks<sup>*2<\/sup><\/td>\n<\/tr>\n<tr>\n<td align=\"center\" valign=\"middle\">\u00a0V60N60<\/td>\n<td align=\"center\" valign=\"middle\">60<\/td>\n<td align=\"center\" valign=\"middle\">350<\/td>\n<td align=\"center\" valign=\"middle\">400<\/td>\n<td align=\"center\" valign=\"middle\">2500<\/td>\n<td align=\"center\" valign=\"middle\">2500<\/td>\n<\/tr>\n<tr>\n<td align=\"center\" valign=\"middle\">\u00a0V60N90<\/td>\n<td align=\"center\" valign=\"middle\">90<\/td>\n<td align=\"center\" valign=\"middle\">350<\/td>\n<td align=\"center\" valign=\"middle\">400<\/td>\n<td align=\"center\" valign=\"middle\">2300<\/td>\n<td align=\"center\" valign=\"middle\">2300<\/td>\n<\/tr>\n<tr>\n<td align=\"center\" valign=\"middle\">\u00a0V60N110<\/td>\n<td align=\"center\" valign=\"middle\">110<\/td>\n<td align=\"center\" valign=\"middle\">350<\/td>\n<td align=\"center\" valign=\"middle\">400<\/td>\n<td align=\"center\" valign=\"middle\">2200<\/td>\n<td align=\"center\" valign=\"middle\">2200<\/td>\n<\/tr>\n<tr>\n<td align=\"center\" valign=\"middle\">\u00a0V60N130<\/td>\n<td align=\"center\" valign=\"middle\">130<\/td>\n<td align=\"center\" valign=\"middle\">400<\/td>\n<td align=\"center\" valign=\"middle\">450<\/td>\n<td align=\"center\" valign=\"middle\">2100<\/td>\n<td align=\"center\" valign=\"middle\">2100<\/td>\n<\/tr>\n<\/tbody>\n<\/table>\n<h2><strong>Fordeler med V60N-serien aksialstempelpumpe med variabel forskyvning:<\/strong><\/h2>\n<p>\u2022 Brukes i hydrauliske systemer med \u00e5pen krets<br \/>\n\u2022 Oljesug tilgjengelig med boost-modus<br \/>\n\u2022 H\u00f8y rotasjonshastighet<br \/>\n\u2022 H\u00f8yt nominelt trykk<br \/>\n\u2022 Kompakt struktur, enkel installasjon<br \/>\n\u2022 S\u00f8rg for tilstrekkelig dreiemoment for den bakre pumpen n\u00e5r det kreves en tandempumpe<\/p>\n<h2><strong>V60N-serien aksialstempel hydraulisk pumpe med variabel forskyvning <\/strong><strong>S\u00f8knad:<\/strong><\/h2>\n<p><img loading=\"lazy\" decoding=\"async\" class=\"alignnone wp-image-1983 size-full\" src=\"https:\/\/hydraulic-cylinders.net\/wp-content\/uploads\/2023\/10\/v60n-series-axial-piston-variable-displacement-pump-2.jpg\" alt=\"\" width=\"1146\" height=\"216\" srcset=\"https:\/\/hydraulic-cylinders.net\/wp-content\/uploads\/2023\/10\/v60n-series-axial-piston-variable-displacement-pump-2.jpg 1146w, https:\/\/hydraulic-cylinders.net\/wp-content\/uploads\/2023\/10\/v60n-series-axial-piston-variable-displacement-pump-2-980x185.jpg 980w, https:\/\/hydraulic-cylinders.net\/wp-content\/uploads\/2023\/10\/v60n-series-axial-piston-variable-displacement-pump-2-480x90.jpg 480w\" sizes=\"(min-width: 0px) and (max-width: 480px) 480px, (min-width: 481px) and (max-width: 980px) 980px, (min-width: 981px) 1146px, 100vw\" \/><\/p>\n<h2><strong>Bruksmetode for V60N-serien aksialstempel hydraulisk pumpe med variabel forskyvning<\/strong><strong>:<\/strong><\/h2>\n<ul>\n<li><strong>Installasjon og integrasjon:<\/strong> Velg et passende sted i det hydrauliske systemet for \u00e5 installere V60N-seriens aksialstempelhydraulikkpumpe med variabelt fortrengningsvolum. S\u00f8rg for riktig justering og monter pumpen sikkert med passende braketter eller tilbeh\u00f8r. Koble pumpen til det hydrauliske systemet med kompatible beslag og slanger, og s\u00f8rg for lekkasjefrie tilkoblinger.<\/li>\n<li><strong>V\u00e6skekompatibilitet:<\/strong> Kontroller at hydraulikkv\u00e6sken som brukes i systemet er kompatibel med V60N-serien av pumper. Se produsentens anbefalinger for anbefalt v\u00e6sketype, viskositet og temperaturomr\u00e5de. Overv\u00e5k og vedlikehold hydraulikkv\u00e6sken regelmessig for \u00e5 sikre optimal pumpedrift og levetid.<\/li>\n<li><strong>Kontroll og justering:<\/strong> Gj\u00f8r deg kjent med kontrollalternativene som f\u00f8lger med V60N-serien av pumper. Avhengig av den spesifikke modellen kan den tilby ulike kontrollmetoder, for eksempel manuell, proporsjonal eller elektronisk kontroll. Forst\u00e5 de anbefalte kontrollinnstillingene og juster dem deretter for \u00e5 optimalisere pumpens ytelse.<\/li>\n<li><strong>Systemoptimalisering:<\/strong> V60N-serien av pumper muliggj\u00f8r systemoptimalisering ved \u00e5 justere pumpens slagvolum for \u00e5 matche belastningskravene. Dra nytte av denne funksjonen for \u00e5 maksimere energieffektiviteten og den generelle systemytelsen.<\/li>\n<\/ul>\n<h2><strong>Hvordan bytte ut hydrauliske sylindertetninger?<\/strong><\/h2>\n<p>Bytte av hydrauliske sylinderpakninger er en viktig vedlikeholdsoppgave som sikrer at hydrauliske systemer fungerer som de skal. Her er en trinnvis veiledning for hvordan du bytter hydrauliske sylinderpakninger:<\/p>\n<ol>\n<li><strong>Preparat:<\/strong>\n<ul>\n<li>Samle n\u00f8dvendige verkt\u00f8y og utstyr, inkludert et tetningssett, hydraulisk olje, vernebriller, hansker og et rent arbeidsomr\u00e5de.<\/li>\n<li>S\u00f8rg for at det hydrauliske systemet er trykkavlastet. F\u00f8lg produsentens instruksjoner for riktig trykkavlastnings- og l\u00e5se-\/merkingsprosedyre.<\/li>\n<\/ul>\n<\/li>\n<li><strong>Fjern sylinderen:<\/strong>\n<ul>\n<li>Koble fra alle hydrauliske slanger eller koblinger som er koblet til sylinderen.<\/li>\n<li>Fjern monteringsboltene eller pinnene som holder sylinderen p\u00e5 plass.<\/li>\n<li>Trekk sylinderen forsiktig ut av huset eller monteringsstedet.<\/li>\n<\/ul>\n<\/li>\n<li><strong>Demonter sylinderen:<\/strong>\n<ul>\n<li>Plasser sylinderen p\u00e5 en ren arbeidsflate og fjern eventuelle eksterne komponenter, som stangbeskyttere eller vindusviskere.<\/li>\n<li>Demonter sylinderen forsiktig ved \u00e5 fjerne endehetten eller pakkboksen fra sylindersylinderen eller -r\u00f8ret. Bruk passende verkt\u00f8y, som skiften\u00f8kler eller fastn\u00f8kler, for \u00e5 l\u00f8sne og fjerne festeboltene eller mutterne.<\/li>\n<li>N\u00e5r endedekselet eller pakningen er fjernet, vil stempelet, stangen og pakningene v\u00e6re tilgjengelige.<\/li>\n<\/ul>\n<\/li>\n<li><strong>Fjern de gamle tetningene:<\/strong>\n<ul>\n<li>Inspiser stempelet, stangen og sylinderr\u00f8ret for tegn p\u00e5 skade eller slitasje.<\/li>\n<li>Fjern de gamle pakningene forsiktig med verkt\u00f8y eller hakker for \u00e5 fjerne pakninger. V\u00e6r oppmerksom p\u00e5 pakningenes plassering og retning for riktig montering av de nye pakningene.<\/li>\n<\/ul>\n<\/li>\n<li><strong>Rengj\u00f8r og klargj\u00f8r:<\/strong>\n<ul>\n<li>Rengj\u00f8r sylinderkomponentene grundig med et egnet l\u00f8semiddel for \u00e5 fjerne smuss, rusk og gamle tetningsrester. S\u00f8rg for at alle overflater er rene og t\u00f8rre f\u00f8r du fortsetter.<\/li>\n<\/ul>\n<\/li>\n<li><strong>Installer de nye tetningene:<\/strong>\n<ul>\n<li>Se produsentens instruksjoner og tetningssettet for riktig montering av tetningen. Sm\u00f8r de nye tetningene med hydraulikkolje eller et anbefalt tetningssm\u00f8remiddel.<\/li>\n<li>Monter de nye pakningene forsiktig p\u00e5 stempelet, stangen og sylinderr\u00f8ret, og s\u00f8rg for at de er riktig plassert og justert i henhold til pakningens arrangement og retning.<\/li>\n<\/ul>\n<\/li>\n<li><strong>Sett sylinderen sammen igjen:<\/strong>\n<ul>\n<li>Sett sammen sylinderen igjen i motsatt rekkef\u00f8lge av demonteringen. Start med \u00e5 feste endedekselet eller pakkboksen til sylindersylinderen eller -r\u00f8ret og stramme festeboltene eller mutterne til angitt moment.<\/li>\n<li>S\u00f8rg for at alle komponenter, inkludert tetninger, er riktig justert og plassert perfekt.<\/li>\n<li>Fest eventuelle eksterne komponenter, som stangbeskyttere eller vindusviskere, igjen.<\/li>\n<\/ul>\n<\/li>\n<li><strong>Installer sylinderen:<\/strong>\n<ul>\n<li>Plasser den sammenmonterte sylinderen forsiktig tilbake i huset eller p\u00e5 monteringsstedet.<\/li>\n<li>Fest sylinderen ved \u00e5 montere monteringsboltene eller -pinnene igjen og stramme dem til angitt moment.<\/li>\n<li>Koble eventuelle hydrauliske slanger eller beslag til sylinderen igjen, og s\u00f8rg for at de er riktig tiltrukket og justert.<\/li>\n<\/ul>\n<\/li>\n<li><strong>Test og sjekk for lekkasjer:<\/strong>\n<ul>\n<li>Fyll hydraulikksystemet med anbefalt hydraulikkolje til riktig niv\u00e5.<\/li>\n<li>Trykksett systemet sakte og sjekk for lekkasjer rundt de nylig utskiftede pakningene.<\/li>\n<li>Betjen det hydrauliske systemet gjennom hele bevegelsesomr\u00e5det for \u00e5 sikre at tetningen fungerer som den skal og at systemet yter som det skal.<\/li>\n<\/ul>\n<\/li>\n<\/ol>\n<h2><strong>Fabrikkens kapasitet og kapasitet:<\/strong><\/h2>\n<h3>(1) Montering<\/h3>\n<p>Vi har en f\u00f8rsteklasses uavhengig forsknings- og utviklingsplattform for montering. Verkstedet for produksjon av hydrauliske sylindere har fire halvautomatiske monteringslinjer for l\u00f8ftesylindere og \u00e9n automatisk monteringslinje for vippesylindere, med en \u00e5rlig produksjonskapasitet p\u00e5 1 million enheter. Spesialsylinderverkstedet er utstyrt med ulike spesifikasjoner for et halvautomatisk rengj\u00f8ringsmonteringssystem med en \u00e5rlig produksjonskapasitet p\u00e5 200 000 enheter, og er utstyrt med kjent CNC-maskineringsutstyr, et maskineringssenter, spesialutstyr for h\u00f8ypresisjons sylinderbehandling, en robotsveisemaskin, en automatisk rengj\u00f8ringsmaskin, en automatisk sylindermonteringsmaskin og en automatisk produksjonslinje for lakkering. Vi har mer enn 300 sett (sett) av kritisk utstyr. Optimal allokering og effektiv bruk av utstyrsressurser sikrer n\u00f8yaktighetskravene til produktene og oppfyller produktenes h\u00f8ye kvalitetsbehov.<\/p>\n<p><img loading=\"lazy\" decoding=\"async\" class=\"alignnone wp-image-626\" src=\"https:\/\/hydraulic-cylinders.net\/wp-content\/uploads\/2023\/08\/hydraulic-cylinder-product-1-300x158.webp\" alt=\"\" width=\"495\" height=\"260\" srcset=\"https:\/\/hydraulic-cylinders.net\/wp-content\/uploads\/2023\/08\/hydraulic-cylinder-product-1-300x158.webp 495w, https:\/\/hydraulic-cylinders.net\/wp-content\/uploads\/2023\/08\/hydraulic-cylinder-product-1-480x252.webp 480w\" sizes=\"(min-width: 0px) and (max-width: 480px) 480px, (min-width: 481px) 495px, 100vw\" \/> <img loading=\"lazy\" decoding=\"async\" class=\"alignnone wp-image-627\" src=\"https:\/\/hydraulic-cylinders.net\/wp-content\/uploads\/2023\/08\/hydraulic-cylinder-product-2-300x189.webp\" alt=\"\" width=\"413\" height=\"260\" \/><\/p>\n<h3>(2) Maskinering<\/h3>\n<p>Maskineringsverkstedet er utstyrt med et spesialtilpasset dreiesenter for skr\u00e5 skinner, maskineringssenter, h\u00f8yhastighets honemaskin, sveiserobot og annet relatert utstyr, som kan h\u00e5ndtere bearbeiding av sylinderr\u00f8r med en maksimal indre diameter p\u00e5 400 mm og en maksimal lengde p\u00e5 6 meter.<\/p>\n<p><img loading=\"lazy\" decoding=\"async\" class=\"alignnone wp-image-628 size-large\" src=\"https:\/\/hydraulic-cylinders.net\/wp-content\/uploads\/2023\/08\/hydraulic-cylinder-product-3-1024x391.webp\" alt=\"\" width=\"1024\" height=\"391\" srcset=\"https:\/\/hydraulic-cylinders.net\/wp-content\/uploads\/2023\/08\/hydraulic-cylinder-product-3-980x374.webp 980w, https:\/\/hydraulic-cylinders.net\/wp-content\/uploads\/2023\/08\/hydraulic-cylinder-product-3-480x183.webp 480w\" sizes=\"(min-width: 0px) and (max-width: 480px) 480px, (min-width: 481px) and (max-width: 980px) 980px, (min-width: 981px) 1024px, 100vw\" \/><\/p>\n<h3>(3) Sveising<\/h3>\n<p><img loading=\"lazy\" decoding=\"async\" class=\"alignnone wp-image-629 size-large\" src=\"https:\/\/hydraulic-cylinders.net\/wp-content\/uploads\/2023\/08\/hydraulic-cylinder-product-4-1024x510.webp\" alt=\"\" width=\"1024\" height=\"510\" srcset=\"https:\/\/hydraulic-cylinders.net\/wp-content\/uploads\/2023\/08\/hydraulic-cylinder-product-4-980x488.webp 980w, https:\/\/hydraulic-cylinders.net\/wp-content\/uploads\/2023\/08\/hydraulic-cylinder-product-4-480x239.webp 480w\" sizes=\"(min-width: 0px) and (max-width: 480px) 480px, (min-width: 481px) and (max-width: 980px) 980px, (min-width: 981px) 1024px, 100vw\" \/><\/p>\n<h3>(4) Maling og belegg<\/h3>\n<p>Med sm\u00e5 og mellomstore sylinderautomatiske vannbaserte malingsbeleggslinjer, for \u00e5 oppn\u00e5 automatisk robotlasting og -lossing og automatisk spr\u00f8yting, er den designede kapasiteten 4000 stykker per skift;<br \/>\nVi har ogs\u00e5 en halvautomatisk produksjonslinje for maling for store sylindere drevet av en kabelkjede, med en designkapasitet p\u00e5 60 kasser per skift.<\/p>\n<p><img loading=\"lazy\" decoding=\"async\" class=\"alignnone wp-image-630\" src=\"https:\/\/hydraulic-cylinders.net\/wp-content\/uploads\/2023\/08\/hydraulic-cylinder-product-5-300x213.webp\" alt=\"\" width=\"366\" height=\"260\" \/> <img loading=\"lazy\" decoding=\"async\" class=\"alignnone wp-image-631\" src=\"https:\/\/hydraulic-cylinders.net\/wp-content\/uploads\/2023\/08\/hydraulic-cylinder-product-6-300x225.webp\" alt=\"\" width=\"347\" height=\"260\" \/><\/p>\n<h3>(5) Testing<\/h3>\n<p>Vi har f\u00f8rsteklasses inspeksjonsfasiliteter og testbenker for \u00e5 sikre at sylinderens ytelse oppfyller kravene.<\/p>\n<p><img loading=\"lazy\" decoding=\"async\" class=\"alignnone wp-image-632\" src=\"https:\/\/hydraulic-cylinders.net\/wp-content\/uploads\/2023\/08\/hydraulic-cylinder-product-8-300x200.webp\" alt=\"\" width=\"389\" height=\"260\" \/><\/p>\n<p>&nbsp;<\/p>\n<p>&nbsp;<\/p>\n<p>Vi er en av de beste produsentene av hydrauliske sylindere. Vi kan tilby et omfattende utvalg av hydrauliske sylindere. Vi tilbyr ogs\u00e5 tilsvarende <a href=\"https:\/\/hzpt.com\/agricultural-pto-gearbox\/\" target=\"_blank\" rel=\"noopener\">landbruksgirkasser<\/a>Vi har eksportert produktene v\u00e5re til kunder over hele verden og opparbeidet oss et godt rykte p\u00e5 grunn av v\u00e5r overlegne produktkvalitet og ettersalgsservice. Vi \u00f8nsker kunder i inn- og utland velkommen til \u00e5 kontakte oss for \u00e5 forhandle om forretninger, utveksle informasjon og <a href=\"https:\/\/www.hydraulic-cylinders.net\/nb\/contact-us\/\">samarbeide med oss<\/a>!<\/p>\n<p>&nbsp;<\/p>","protected":false},"excerpt":{"rendered":"<p>V60N Series Axial Piston Variable Displacement Hydraulic Pump The V60N series axial piston variable displacement hydraulic pump is a remarkable innovation designed to elevate the performance and efficiency of hydraulic systems. With its cutting-edge features, precise control, and robust construction, this hydraulic pump sets new benchmarks in the industry. The V60N series axial piston variable [&hellip;]<\/p>","protected":false},"featured_media":1982,"comment_status":"open","ping_status":"closed","template":"","meta":{"_et_pb_use_builder":"","_et_pb_old_content":"","_et_gb_content_width":""},"product_brand":[],"product_cat":[1425],"product_tag":[1426],"class_list":{"0":"post-1966","1":"product","2":"type-product","3":"status-publish","4":"has-post-thumbnail","6":"product_cat-piston-pump","7":"product_tag-hydraulic-pump","9":"first","10":"instock","11":"shipping-taxable","12":"product-type-simple"},"amp_enabled":true,"_links":{"self":[{"href":"https:\/\/www.hydraulic-cylinders.net\/nb\/wp-json\/wp\/v2\/product\/1966","targetHints":{"allow":["GET"]}}],"collection":[{"href":"https:\/\/www.hydraulic-cylinders.net\/nb\/wp-json\/wp\/v2\/product"}],"about":[{"href":"https:\/\/www.hydraulic-cylinders.net\/nb\/wp-json\/wp\/v2\/types\/product"}],"replies":[{"embeddable":true,"href":"https:\/\/www.hydraulic-cylinders.net\/nb\/wp-json\/wp\/v2\/comments?post=1966"}],"wp:featuredmedia":[{"embeddable":true,"href":"https:\/\/www.hydraulic-cylinders.net\/nb\/wp-json\/wp\/v2\/media\/1982"}],"wp:attachment":[{"href":"https:\/\/www.hydraulic-cylinders.net\/nb\/wp-json\/wp\/v2\/media?parent=1966"}],"wp:term":[{"taxonomy":"product_brand","embeddable":true,"href":"https:\/\/www.hydraulic-cylinders.net\/nb\/wp-json\/wp\/v2\/product_brand?post=1966"},{"taxonomy":"product_cat","embeddable":true,"href":"https:\/\/www.hydraulic-cylinders.net\/nb\/wp-json\/wp\/v2\/product_cat?post=1966"},{"taxonomy":"product_tag","embeddable":true,"href":"https:\/\/www.hydraulic-cylinders.net\/nb\/wp-json\/wp\/v2\/product_tag?post=1966"}],"curies":[{"name":"wp","href":"https:\/\/api.w.org\/{rel}","templated":true}]}}