{"id":19668,"date":"2025-04-07T07:00:38","date_gmt":"2025-04-07T07:00:38","guid":{"rendered":"https:\/\/www.hydraulic-cylinders.net\/product\/boom-cylinder-for-nhig-2006lc\/"},"modified":"2025-04-07T07:00:41","modified_gmt":"2025-04-07T07:00:41","slug":"boom-cylinder-for-nhig-2006lc","status":"publish","type":"product","link":"https:\/\/www.hydraulic-cylinders.net\/nb\/produkt\/boom-cylinder-for-nhig-2006lc\/","title":{"rendered":"Bom-sylinder for NHIG 2006LC"},"content":{"rendered":"<h1>Bom-sylinder for NHIG 2006LC<\/h1>\n<h2>Produktoversikt<\/h2>\n<p>De <strong>Bom-sylinder for NHIG 2006LC<\/strong> er en spesialisert hydraulisk sylinder som er utviklet for \u00e5 kontrollere bevegelsen til skuffer p\u00e5 tunge maskiner som gravemaskiner, traktorgravere og frontlastere. Denne sylinderen gj\u00f8r det mulig \u00e5 l\u00f8fte, senke og tilte skuffen, noe som forenkler materialh\u00e5ndteringsoppgaver effektivt.<\/p>\n<p><img decoding=\"async\" src=\"https:\/\/www.hydraulic-cylinders.net\/wp-content\/uploads\/2025\/04\/songte-company-1.webp\" alt=\"Bom-sylinder for NHIG 2006LC\" \/><\/p>\n<h3>Definisjon og funksjon<\/h3>\n<p>En b\u00f8ttesylinder er en type hydraulisk sylinder som er spesielt skreddersydd for \u00e5 betjene bevegelsene til b\u00f8tter i diverse tunge maskiner. Hydrauliske sylindere som disse spiller en avgj\u00f8rende rolle i hydrauliske systemer ved \u00e5 omdanne hydraulisk energi til mekanisk energi, noe som muliggj\u00f8r kontrollerte og kraftige bevegelser.<\/p>\n<p>Ved \u00e5 utnytte hydraulisk oljetrykk gir bomsylinderen den n\u00f8dvendige kraften til \u00e5 utf\u00f8re oppgaver som graving, l\u00f8fting og tilting. De er viktige komponenter i scenarier der tunge l\u00f8ft og presise bevegelser er n\u00f8dvendig, og sikrer dermed driftseffektivitet i bygg-, landbruks- og gruveindustrien.<\/p>\n<h2>Funksjoner p\u00e5 bomsylinderen<\/h2>\n<ul>\n<li><strong>H\u00f8y styrke og holdbarhet:<\/strong> Bom-sylinderen er konstruert av h\u00f8yfast st\u00e5l eller aluminium, og t\u00e5ler h\u00f8yt trykk og tunge belastninger, noe som gj\u00f8r den egnet for t\u00f8ffe arbeidsmilj\u00f8er. Designet har slitestyrke og korrosjonsbestandighet for \u00e5 forlenge levetiden.<\/li>\n<li><strong>Effektiv hydraulisk drift:<\/strong> Det hydrauliske oljetrykket muliggj\u00f8r jevn forlengelse og tilbaketrekking, noe som gir rask respons p\u00e5 kontrollkommandoer og leverer kraftige skyve- og trekkkrefter, noe som gj\u00f8r den ideell for h\u00e5ndtering av tunge gjenstander og komplekse oppgaver.<\/li>\n<li><strong>Ulike typer:<\/strong> Bom-sylinderen kan v\u00e6re tilgjengelig i ulike konfigurasjoner, inkludert enkeltvirkende (utnytter hydraulisk kraft i \u00e9n retning) eller dobbeltvirkende (utnytter hydraulisk kraft i begge retninger). Noen modeller er teleskopiske, noe som gir st\u00f8rre forlengelse uten \u00e5 \u00f8ke de ytre m\u00e5lene.<\/li>\n<li><strong>Tilpassbare l\u00f8sninger:<\/strong> Vi kan produsere dette produktet for \u00e5 oppfylle spesifikke krav, og s\u00f8rge for at sylindrene v\u00e5re erstatter eksisterende hydrauliske sylindere p\u00e5 en perfekt m\u00e5te.<\/li>\n<li><strong>Allsidige bruksomr\u00e5der:<\/strong> Sylinderene v\u00e5re er designet for ulike tunge maskineriapplikasjoner, og kan tilpasses ulike driftsbehov p\u00e5 tvers av bransjer.<\/li>\n<\/ul>\n<p><img decoding=\"async\" src=\"https:\/\/www.hydraulic-cylinders.net\/wp-content\/uploads\/2025\/04\/songte-cylinder-head-with-all-kinds-excavator-models.webp\" alt=\"Gravemaskinmodeller\" \/><\/p>\n<h2>Bruksomr\u00e5der for bomsylinderen<\/h2>\n<h3>Anleggsutstyr<\/h3>\n<p>I gravemaskiner er bomsylindre avgj\u00f8rende for graving, lasting og transport av jord eller rusk. Evnen til \u00e5 kontrollere skuffens bevegelser lar operat\u00f8rer utf\u00f8re oppgaver med presisjon og effektivitet, noe som f\u00f8rer til \u00f8kt produktivitet p\u00e5 byggeplasser.<\/p>\n<h3>Landbruksmaskiner<\/h3>\n<p>I frontlastere brukes bomsylindre til \u00e5 ut\u00f8se, l\u00f8fte og transportere jord, h\u00f8y og andre materialer. Dette er kritisk i landbruksdrift, der effektiv materialh\u00e5ndtering kan ha betydelig innvirkning p\u00e5 produktivitet og driftseffektivitet.<\/p>\n<h3>Gravemaskiner<\/h3>\n<p>Bom-sylinderen gj\u00f8r at skuffen kan trenge effektivt ned i jorden, noe som forenkler graveprosessen. Denne egenskapen er avgj\u00f8rende for bygge- og landskapsprosjekter der presis graving er n\u00f8dvendig.<\/p>\n<h3>Lastere<\/h3>\n<p>I frontlastere hjelper bomsylindre med \u00e5 l\u00f8fte og dumpe materialer effektivt. Denne operasjonen er viktig for oppgaver som inneb\u00e6rer \u00e5 flytte tunge laster raskt og sikkert, noe som forbedrer den generelle arbeidsflyten.<\/p>\n<h2>Designhensyn og utvalgskriterier<\/h2>\n<h3>Lastekapasitet<\/h3>\n<p>N\u00e5r du velger en bomsylinder, er en av de viktigste faktorene lastekapasiteten. Sylinderen m\u00e5 kunne h\u00e5ndtere den maksimale vekten den l\u00f8fter eller flytter uten at det g\u00e5r p\u00e5 bekostning av sikkerhet eller ytelse. Designet b\u00f8r inkludere en robust struktur som sikrer at den kan st\u00f8tte tunge belastninger over lengre perioder. <\/p>\n<h3>Tetningssystem<\/h3>\n<p>Tetningssystemet er avgj\u00f8rende for \u00e5 opprettholde trykket i sylinderen og forhindre lekkasje av hydraulisk v\u00e6ske. H\u00f8ykvalitetstetninger laget av materialer som polyuretan og nitrilgummi b\u00f8r brukes for \u00e5 sikre lang levetid og p\u00e5litelighet. Effektive tetninger reduserer risikoen for forurensning og tap av hydraulisk v\u00e6ske, noe som kan f\u00f8re til systemfeil.<\/p>\n<h3>Varighet<\/h3>\n<p>Holdbarhet er avgj\u00f8rende for alle hydrauliske komponenter, spesielt i t\u00f8ffe arbeidsmilj\u00f8er. Materialene som brukes i konstruksjonen av bomsylinderen b\u00f8r v\u00e6re motstandsdyktige mot slitasje, korrosjon og andre milj\u00f8faktorer. En godt designet sylinder vil ha lengre levetid, noe som reduserer behovet for hyppige utskiftinger.<\/p>\n<h3>Sikkerhetsfunksjoner<\/h3>\n<p>Sikkerhet er en avgj\u00f8rende faktor ved design av hydrauliske sylindere. Funksjoner som trykkavlastningsventiler, redundante sikkerhetssystemer og sikkerhetsmekanismer b\u00f8r integreres i designet for \u00e5 forhindre ulykker og sikre operat\u00f8rsikkerhet under drift.<\/p>\n<h3>Vedlikeholdbarhet<\/h3>\n<p>\u00c5 designe for vedlikehold betyr \u00e5 sikre at bomsylinderen enkelt kan inspiseres, repareres og vedlikeholdes. Dette kan inkludere funksjoner som tilgjengelige sm\u00f8repunkter, utskiftbare tetninger og tydelig merking for vedlikeholdsprosedyrer. Et vedlikeholdbart system reduserer nedetid og forbedrer den generelle driftseffektiviteten.<\/p>\n<p><img decoding=\"async\" src=\"https:\/\/www.hydraulic-cylinders.net\/wp-content\/uploads\/2025\/04\/songte-oil-pipes-and-spare-parts.webp\" alt=\"Oljer\u00f8r og reservedeler\" \/><\/p>\n<h2>Tetting og sm\u00f8ring<\/h2>\n<p>Bom-sylinderen bruker en rekke tetninger, inkludert stempeltetninger og stangtetninger, som er viktige for \u00e5 opprettholde hydraulisk trykk og forhindre lekkasjer. Tetninger laget av slitesterke materialer som polyuretan og nitrilgummi sikrer h\u00f8y slitestyrke og p\u00e5litelighet.<\/p>\n<p>Videre gjennomg\u00e5r sylinderhuset og de gjengede endeflatene finbearbeiding for \u00e5 forbedre slitestyrken. Regelmessig sm\u00f8ring med en passende mengde hydraulisk olje er n\u00f8dvendig for \u00e5 opprettholde effektiv drift, noe som sikrer at sylinderen fungerer problemfritt og forlenger levetiden.<\/p>\n<h2>Forebyggende vedlikeholdstiltak<\/h2>\n<ul>\n<li><strong>Regelmessige inspeksjoner:<\/strong> Hyppige inspeksjoner av den hydrauliske sylinderen for tegn p\u00e5 slitasje, lekkasjer eller skade er viktig. \u00c5 oppdage problemer tidlig kan forhindre mer alvorlige feil.<\/li>\n<li><strong>Riktig sm\u00f8ring:<\/strong> S\u00f8rg for at sylinderen er tilstrekkelig smurt for \u00e5 redusere friksjon og slitasje. Kontroller og etterfyll hydraulikkoljeniv\u00e5et regelmessig etter behov.<\/li>\n<li><strong>Utskifting av tetning:<\/strong> Overv\u00e5k tilstanden til pakningene og skift dem ut umiddelbart hvis det er tegn p\u00e5 slitasje eller skade for \u00e5 forhindre tap av hydraulisk v\u00e6ske og opprettholde systemets integritet.<\/li>\n<\/ul>\n<h2>Installasjonsretningslinjer<\/h2>\n<p>Riktig montering av bomsylinderen er avgj\u00f8rende for optimal ytelse og levetid. Start med \u00e5 s\u00f8rge for at monteringspunktene p\u00e5 maskineriet er rene og fri for rusk. Juster sylinderen riktig med monteringsbrakettene, og bruk passende st\u00f8ttebraketter for \u00e5 holde sylinderen p\u00e5 plass under monteringen.<\/p>\n<p>Fest alle bolter og koblinger godt, og dobbeltsjekk sylinderens justering for \u00e5 unng\u00e5 belastning under drift. Etter installasjon, test det hydrauliske systemet for \u00e5 sikre at det ikke er lekkasjer og at sylinderen fungerer problemfritt. F\u00f8lg produsentens retningslinjer for eventuelle spesifikke installasjonskrav.<\/p>\n<h2>Vanlige vedlikeholdsoppgaver<\/h2>\n<ul>\n<li><strong>Regelmessige inspeksjoner:<\/strong> Utf\u00f8r regelmessige kontroller av sylinderen for \u00e5 identifisere eventuelle problemer tidlig. Dette inkluderer kontroll av lekkasjer, slitasje og korrekt funksjon.<\/li>\n<li><strong>Riktig sm\u00f8ring:<\/strong> S\u00f8rg for at sylinderen er riktig smurt. Dette er avgj\u00f8rende for \u00e5 opprettholde problemfri drift og levetid for de hydrauliske komponentene.<\/li>\n<li><strong>Utskifting av tetning:<\/strong> Overv\u00e5k tetningene for slitasje og skift dem ut n\u00e5r det er n\u00f8dvendig. Dette bidrar til \u00e5 opprettholde hydraulisk integritet og forhindre lekkasjer.<\/li>\n<\/ul>\n<h2>Sikkerhetshensyn og milj\u00f8faktorer<\/h2>\n<p>N\u00e5r man bruker hydrauliske sylindere, er det avgj\u00f8rende \u00e5 iverksette riktige sikkerhetstiltak. Operat\u00f8rer b\u00f8r alltid bruke verneutstyr og f\u00f8lge sikkerhetsprotokoller for \u00e5 forhindre ulykker. I tillegg er det viktig \u00e5 s\u00f8rge for at milj\u00f8et der det hydrauliske systemet opererer er trygt og fritt for farer for \u00e5 minimere risikoer.<\/p>\n<h2>Feils\u00f8king og vanlige problemer<\/h2>\n<ul>\n<li><strong>Lekkasje:<\/strong> Sjekk for lekkasjer rundt tetninger og koblinger. Inspiser tetninger for slitasje og skift dem ut om n\u00f8dvendig.<\/li>\n<li><strong>Treg drift:<\/strong> Hvis sylinderen g\u00e5r sakte, sjekk for lave niv\u00e5er av hydraulisk v\u00e6ske eller blokkeringer i hydraulikkledningene.<\/li>\n<li><strong>Uvanlige lyder:<\/strong> Lyder som skraping eller klirring kan tyde p\u00e5 innvendig slitasje. Inspiser og utf\u00f8r service p\u00e5 sylinderen etter behov.<\/li>\n<\/ul>\n<h2>Feils\u00f8kingstips<\/h2>\n<p>For \u00e5 effektivt diagnostisere og l\u00f8se problemer med bomsylinderen, begynn med \u00e5 inspisere for synlige tegn p\u00e5 slitasje eller skade. Sjekk hydraulikkv\u00e6skeniv\u00e5ene regelmessig og bytt filtre om n\u00f8dvendig. S\u00f8rg i tillegg for at alle koblinger er sikre og fri for forurensninger. Implementering av forebyggende vedlikeholdstiltak kan redusere hyppigheten av problemer betydelig.<\/p>\n<p><img decoding=\"async\" src=\"https:\/\/www.hydraulic-cylinders.net\/wp-content\/uploads\/2025\/04\/songte-bushings-with-all-kinds-of-excavator-models.webp\" alt=\"Gravemaskinmodeller\" \/><\/p>\n<h2>Selskapsoversikt<\/h2>\n<p>Vi er en ledende produsent av hydrauliske sylindere for utskifting, og tilbyr et omfattende utvalg av produkter for b\u00e5de innenlandske og internasjonale markeder. V\u00e5r forpliktelse til kvalitetssikring st\u00f8ttes av en raffinert produksjonsstrategi som utnytter dyktig personell, avansert digitalt produksjonsutstyr og profesjonelle testsystemer.<\/p>\n<p>Verkstedet v\u00e5rt forbedrer kontinuerlig produksjonskapasiteten sin, og sikrer en produksjonsrute av topp kvalitet for produktene v\u00e5re. Med fokus p\u00e5 h\u00f8y effektivitet, presisjon og kvalitet streber vi etter \u00e5 m\u00f8te ulike kundebehov gjennom skreddersydde l\u00f8sninger og eksepsjonell service.<\/p>\n<p><img decoding=\"async\" src=\"https:\/\/www.hydraulic-cylinders.net\/wp-content\/uploads\/2025\/04\/songte-company-4.webp\" alt=\"Selskapsoversikt\" \/><br \/>\n<img decoding=\"async\" src=\"https:\/\/www.hydraulic-cylinders.net\/wp-content\/uploads\/2025\/04\/songte-company-3.webp\" alt=\"Selskapets fasiliteter\" \/><\/p>\n<p>Forfatter: lyl<\/p>","protected":false},"excerpt":{"rendered":"<p>Boom Cylinder For NHIG 2006LC Product Overview The Boom Cylinder For NHIG 2006LC is a specialized hydraulic cylinder designed to control the movement of buckets on heavy machinery such as excavators, backhoe loaders, and front loaders. This cylinder enables the bucket to lift, lower, and tilt, facilitating material handling tasks efficiently. Definition and Function A [&hellip;]<\/p>","protected":false},"featured_media":17871,"comment_status":"open","ping_status":"closed","template":"","meta":{"_et_pb_use_builder":"","_et_pb_old_content":"","_et_gb_content_width":""},"product_brand":[],"product_cat":[1546],"product_tag":[1547,1496],"class_list":{"0":"post-19668","1":"product","2":"type-product","3":"status-publish","4":"has-post-thumbnail","6":"product_cat-boom-cylinders","7":"product_tag-boom-cylinders","8":"product_tag-hydraulic-cylinders","10":"first","11":"instock","12":"shipping-taxable","13":"product-type-simple"},"amp_enabled":true,"_links":{"self":[{"href":"https:\/\/www.hydraulic-cylinders.net\/nb\/wp-json\/wp\/v2\/product\/19668","targetHints":{"allow":["GET"]}}],"collection":[{"href":"https:\/\/www.hydraulic-cylinders.net\/nb\/wp-json\/wp\/v2\/product"}],"about":[{"href":"https:\/\/www.hydraulic-cylinders.net\/nb\/wp-json\/wp\/v2\/types\/product"}],"replies":[{"embeddable":true,"href":"https:\/\/www.hydraulic-cylinders.net\/nb\/wp-json\/wp\/v2\/comments?post=19668"}],"wp:featuredmedia":[{"embeddable":true,"href":"https:\/\/www.hydraulic-cylinders.net\/nb\/wp-json\/wp\/v2\/media\/17871"}],"wp:attachment":[{"href":"https:\/\/www.hydraulic-cylinders.net\/nb\/wp-json\/wp\/v2\/media?parent=19668"}],"wp:term":[{"taxonomy":"product_brand","embeddable":true,"href":"https:\/\/www.hydraulic-cylinders.net\/nb\/wp-json\/wp\/v2\/product_brand?post=19668"},{"taxonomy":"product_cat","embeddable":true,"href":"https:\/\/www.hydraulic-cylinders.net\/nb\/wp-json\/wp\/v2\/product_cat?post=19668"},{"taxonomy":"product_tag","embeddable":true,"href":"https:\/\/www.hydraulic-cylinders.net\/nb\/wp-json\/wp\/v2\/product_tag?post=19668"}],"curies":[{"name":"wp","href":"https:\/\/api.w.org\/{rel}","templated":true}]}}