{"id":19671,"date":"2025-04-07T07:00:56","date_gmt":"2025-04-07T07:00:56","guid":{"rendered":"https:\/\/www.hydraulic-cylinders.net\/product\/boom-cylinder-for-bada-wys50\/"},"modified":"2025-04-07T07:00:59","modified_gmt":"2025-04-07T07:00:59","slug":"boom-cylinder-for-bada-wys50","status":"publish","type":"product","link":"https:\/\/www.hydraulic-cylinders.net\/nb\/produkt\/boom-cylinder-for-bada-wys50\/","title":{"rendered":"Bom-sylinder for Bada WYS50"},"content":{"rendered":"<h1>Bom-sylinder for Bada WYS50<\/h1>\n<h2>Produktoversikt<\/h2>\n<p>Bom-sylinderen for Bada WYS50 er en spesialisert hydraulisk komponent som er utviklet for \u00e5 kontrollere bevegelsen til skuffer til diverse tunge maskiner. Denne hydrauliske sylinderen er avgj\u00f8rende for drift av gravemaskiner, traktorgravere og frontlastere, og gj\u00f8r det mulig \u00e5 l\u00f8fte, senke og tilte skuffen, noe som muliggj\u00f8r effektive materialh\u00e5ndteringsoppgaver.<\/p>\n<p>En b\u00f8ttesylinder er en type hydraulisk sylinder som er spesielt konstruert for tunge applikasjoner. Den opererer i hydrauliske systemer for \u00e5 h\u00e5ndtere de kraftige bevegelsene som kreves for \u00e5 l\u00f8fte og flytte tunge laster. Ved \u00e5 konvertere hydraulisk trykk til mekanisk kraft, spiller denne sylinderen en viktig rolle i \u00e5 forbedre effektiviteten og produktiviteten til anleggs- og landbruksmaskiner.<\/p>\n<p><img decoding=\"async\" src=\"https:\/\/www.hydraulic-cylinders.net\/wp-content\/uploads\/2025\/04\/songte-company-1.webp\" alt=\"Bom-sylinder\"><\/p>\n<h3>Funksjoner p\u00e5 bomsylinderen<\/h3>\n<ul>\n<li><strong>H\u00f8y styrke og holdbarhet:<\/strong> Bom-sylinderen er konstruert av h\u00f8yfast st\u00e5l eller aluminium, og er bygget for \u00e5 t\u00e5le h\u00f8yt trykk og tunge belastninger, samtidig som den tilpasser seg t\u00f8ffe arbeidsmilj\u00f8er. Designet tar hensyn til slitestyrke og korrosjonsforebygging, noe som forlenger levetiden.<\/li>\n<li><strong>Effektiv hydraulisk drift:<\/strong> Sylinderen bruker hydraulisk oljetrykk for \u00e5 oppn\u00e5 jevn forlengelse og tilbaketrekking, noe som gir rask respons p\u00e5 kontrollkommandoer og leverer kraftige skyve-trekk-krefter som er essensielle for h\u00e5ndtering av tunge gjenstander og komplekse oppgaver.<\/li>\n<li><strong>Ulike typer:<\/strong> Bom-sylinderen er tilgjengelig i b\u00e5de enkeltvirkende (med hydraulisk kraft i \u00e9n retning) og dobbeltvirkende (med hydraulisk kraft i begge retninger) konfigurasjoner, og kan dekke ulike driftsbehov. Enkelte modeller har teleskopiske design, som gir st\u00f8rre forlengelse uten \u00e5 \u00f8ke de ytre dimensjonene, ideelt for begrensede bruksomr\u00e5der.<\/li>\n<li><strong>Tilpasning:<\/strong> V\u00e5re produksjonsmuligheter gj\u00f8r det mulig for oss \u00e5 produsere dette produktet for \u00e5 erstatte eksisterende hydrauliske sylindere p\u00e5 en perfekt m\u00e5te, noe som sikrer kompatibilitet og ytelse.<\/li>\n<li><strong>Avansert ingeni\u00f8rfag:<\/strong> Bomsylindrene er konstruert med presisjonsteknikk, noe som sikrer optimal ytelse under ulike driftsforhold.<\/li>\n<\/ul>\n<p><img decoding=\"async\" src=\"https:\/\/www.hydraulic-cylinders.net\/wp-content\/uploads\/2025\/04\/songte-cylinder-head-with-all-kinds-excavator-models.webp\" alt=\"Gravemaskinmodell bomsylinder\"><\/p>\n<h2>Bruksomr\u00e5der for bomsylinderen<\/h2>\n<h3>Anleggsutstyr<\/h3>\n<p>I gravemaskiner er bomsylindere sentrale for graving, lasting og flytting av jord eller rusk. De gj\u00f8r at skuffen kan trenge effektivt ned i bakken, noe som muliggj\u00f8r effektive graveoppgaver. I gravemaskinlastere st\u00f8tter bomsylinderen b\u00e5de grave- og l\u00f8ftefunksjoner, noe som gj\u00f8r den til en viktig komponent for allsidige operasjoner.<\/p>\n<h3>Landbruksmaskiner<\/h3>\n<p>Bomsylindre, som brukes i frontlastere, er ansvarlige for \u00e5 utarbeide, l\u00f8fte og transportere jord, h\u00f8y og andre materialer. Deres evne til \u00e5 h\u00e5ndtere tunge lass \u00f8ker produktiviteten i landbruksdriften, noe som gj\u00f8r oppgaver som lasting av korn eller flytting av forsyninger mer effektive.<\/p>\n<h3>Gravemaskiner<\/h3>\n<p>Bom-sylinderen forenkler gravebevegelsen ved \u00e5 la skuffen trenge ned i jorden. Denne egenskapen er avgj\u00f8rende for gravearbeid, ettersom den gir den n\u00f8dvendige kraften til \u00e5 bryte gjennom forskjellige jordtyper og flytte store mengder materiale med letthet.<\/p>\n<h3>Lastere<\/h3>\n<p>I frontlastere hjelper bomsylindre med \u00e5 l\u00f8fte og dumpe materialer effektivt. De gir den n\u00f8dvendige hydrauliske kraften for \u00e5 l\u00f8fte last, noe som sikrer jevn drift ved overf\u00f8ring av materialer fra ett sted til et annet, noe som er viktig for bygge- og landskapsprosjekter.<\/p>\n<h2>Designhensyn og utvalgskriterier<\/h2>\n<h3>Lastekapasitet<\/h3>\n<p>Bom-sylinderens lastekapasitet er en kritisk faktor. Den m\u00e5 v\u00e6re konstruert for \u00e5 h\u00e5ndtere den maksimale vekten som vil bli brukt under drift. Dette krever n\u00f8ye beregning av sylinderens dimensjoner, materialstyrke og hydrauliske trykkkapasitet for \u00e5 sikre at den kan fungere trygt og effektivt under belastning.<\/p>\n<h3>Tetningsmekanismer<\/h3>\n<p>Effektiv tetting er avgj\u00f8rende for hydrauliske sylindere for \u00e5 opprettholde trykk og forhindre lekkasjer. H\u00f8ykvalitetstetninger laget av slitesterke materialer som polyuretan og nitrilgummi b\u00f8r brukes. Designet b\u00f8r inneholde avanserte tetningsl\u00f8sninger som minimerer slitasje og forlenger sylinderens levetid, selv i krevende milj\u00f8er.<\/p>\n<h3>Varighet<\/h3>\n<p>Holdbarhet er avgj\u00f8rende for hydrauliske sylindere som opererer under t\u00f8ffe forhold. Materialene som brukes m\u00e5 v\u00e6re motstandsdyktige mot korrosjon, slitasje og utmatting. Regelmessig testing og kvalitetssikring i produksjonsprosessen kan sikre at sylinderene oppfyller bransjestandarder for levetid og p\u00e5litelighet.<\/p>\n<h3>Sikkerhetsfunksjoner<\/h3>\n<p>Sikkerhet er en topprioritet i design av hydrauliske sylindere. Funksjoner som trykkavlastningsventiler og sikkerhetsl\u00e5ser kan forhindre overbelastning og utilsiktet bevegelse. Overholdelse av sikkerhetsforskrifter sikrer at operat\u00f8rer kan arbeide trygt, og minimerer risikoen for ulykker under drift.<\/p>\n<h3>Vedlikeholdstilgjengelighet<\/h3>\n<p>\u00c5 designe for tilgjengelighet for vedlikehold kan \u00f8ke levetiden og funksjonaliteten til bomsylinderen betydelig. Komponenter b\u00f8r plasseres for enkel tilgang under rutinemessige inspeksjoner, slik at raske og effektive vedlikeholdsprosedyrer kan utf\u00f8res uten \u00e5 demontere hele systemet.<\/p>\n<p><img decoding=\"async\" src=\"https:\/\/www.hydraulic-cylinders.net\/wp-content\/uploads\/2025\/04\/songte-oil-pipes-and-spare-parts.webp\" alt=\"Hydrauliske deler\"><\/p>\n<h2>Tetting og sm\u00f8ring<\/h2>\n<p>Riktig tetting og sm\u00f8ring er avgj\u00f8rende for effektiv drift av hydrauliske sylindere. Ulike tetningskomponenter, inkludert stempeltetninger og stangtetninger, b\u00f8r velges n\u00f8ye for \u00e5 sikre optimal ytelse. Tetninger laget av slitesterke materialer som polyuretan og nitrilgummi kan redusere friksjon og slitasje betydelig.<\/p>\n<p>Sylinderhuset og gjengede endeflater m\u00e5 finbearbeides for \u00e5 forbedre slitestyrken, forhindre lekkasjer og feil. Regelmessig sm\u00f8ring med hydraulikkolje er viktig for \u00e5 opprettholde jevn drift og forlenge levetiden til det hydrauliske systemet. Tilstrekkelig sm\u00f8ring reduserer risikoen for overdreven slitasje, noe som sikrer at sylinderen fungerer effektivt over tid.<\/p>\n<h2>Forebyggende vedlikeholdstiltak<\/h2>\n<ul>\n<li><strong>Regelmessige inspeksjoner:<\/strong> \u00c5 gjennomf\u00f8re rutinemessige inspeksjoner bidrar til \u00e5 identifisere potensielle problemer f\u00f8r de eskalerer. Se etter tegn p\u00e5 slitasje, lekkasjer eller skade p\u00e5 tetninger og andre kritiske komponenter.<\/li>\n<li><strong>Rettidig sm\u00f8ring:<\/strong> S\u00f8rg for at hydraulikkolje etterfylles med jevne mellomrom for \u00e5 opprettholde riktig sm\u00f8ring. Denne fremgangsm\u00e5ten bidrar til \u00e5 forhindre friksjon og slitasje p\u00e5 bevegelige deler.<\/li>\n<li><strong>Utskifting av tetning:<\/strong> Overv\u00e5k tetningskomponentene n\u00f8ye og skift dem ut etter behov for \u00e5 forhindre lekkasjer og opprettholde systemets integritet. Regelmessige kontroller kan hjelpe deg med \u00e5 oppdage problemer f\u00f8r de f\u00f8rer til betydelige feil.<\/li>\n<\/ul>\n<h2>Retningslinjer for produktinstallasjon<\/h2>\n<p>Riktig installasjon er avgj\u00f8rende for effektiv drift av bomsylinderen. Begynn med \u00e5 s\u00f8rge for at installasjonsstedet er rent og fritt for rusk. Juster sylinderen n\u00f8yaktig med monteringspunktene for \u00e5 unng\u00e5 un\u00f8dig belastning. Bruk passende monteringsbraketter for \u00e5 feste sylinderen godt, og s\u00f8rg for at den er plassert for optimal ytelse.<\/p>\n<p>Under installasjonen m\u00e5 du kontrollere at hydrauliske slanger og koblinger er riktig justert for \u00e5 forhindre lekkasjer. F\u00f8lg produsentens spesifikasjoner for momentinnstillinger n\u00e5r du fester bolter og beslag. Etter installasjon m\u00e5 du utf\u00f8re en grundig inspeksjon av hele systemet, kontrollere for lekkasjer og s\u00f8rge for problemfri drift f\u00f8r utstyret tas i bruk. Riktig installerte og vedlikeholdte hydrauliske sylindere vil fungere effektivt og ha lengre levetid.<\/p>\n<h2>Vanlige vedlikeholdsoppgaver<\/h2>\n<h3>Regelmessige inspeksjoner<\/h3>\n<p>Det er viktig \u00e5 utf\u00f8re regelmessige inspeksjoner for \u00e5 identifisere slitasje p\u00e5 bomsylinderen. Se etter tegn p\u00e5 lekkasjer av hydraulisk v\u00e6ske, som kan indikere potensielle problemer med tetninger eller koblinger. Inspiser sylinderen for tegn p\u00e5 rust eller korrosjon som kan kompromittere dens strukturelle integritet. Regelmessige kontroller kan hjelpe deg med \u00e5 oppdage problemer tidlig, og forhindre kostbare reparasjoner og nedetid.<\/p>\n<h3>Riktig sm\u00f8ring<\/h3>\n<p>Det er avgj\u00f8rende for effektiv drift av hydrauliske sylindere \u00e5 opprettholde riktig sm\u00f8reniv\u00e5. S\u00f8rg for at du f\u00f8lger produsentens anbefalinger for hydraulisk oljetype og sm\u00f8reintervall. Sm\u00f8refrekvensen b\u00f8r justeres basert p\u00e5 driftsforhold og bruksfrekvens. Tilstrekkelig sm\u00f8ring minimerer friksjon og slitasje, og sikrer at sylinderen fungerer jevnt under belastning.<\/p>\n<h3>Utskifting av tetninger og kalibreringskontroller<\/h3>\n<p>Tetninger spiller en avgj\u00f8rende rolle i \u00e5 opprettholde hydraulisk trykk og forhindre lekkasjer. Sjekk tetningene regelmessig for tegn p\u00e5 slitasje og skift dem ut etter behov. I tillegg b\u00f8r kalibreringskontroller utf\u00f8res for \u00e5 sikre at sylinderen fungerer innenfor de spesifiserte parameterne. Riktig justering kan forhindre overbelastning og forbedre den generelle ytelsen til det hydrauliske systemet.<\/p>\n<p><img decoding=\"async\" src=\"https:\/\/www.hydraulic-cylinders.net\/wp-content\/uploads\/2025\/04\/songte-chushion-collar.webp\" alt=\"Putekrage\"><\/p>\n<h2>Sikkerhetshensyn og milj\u00f8faktorer<\/h2>\n<p>Ved bruk av hydrauliske sylindere er det viktig \u00e5 implementere sikkerhetstiltak for \u00e5 beskytte b\u00e5de operat\u00f8rer og utstyr. S\u00f8rg for at alt personell er oppl\u00e6rt i riktig bruk av hydrauliske systemer og er klar over de potensielle farene forbundet med bruk av tunge maskiner. S\u00f8rg i tillegg for at sikkerhetsvern og n\u00f8dstoppmekanismer er p\u00e5 plass for \u00e5 forhindre ulykker.<\/p>\n<h2>Feils\u00f8king og vanlige problemer<\/h2>\n<ul>\n<li><strong>Lekkasjer av hydraulisk v\u00e6ske:<\/strong> Inspiser tetninger og koblinger for tegn p\u00e5 lekkasjer. \u00c5 bytte ut slitte tetninger kan ofte l\u00f8se dette problemet.<\/li>\n<li><strong>D\u00e5rlig sylinderytelse:<\/strong> Hvis sylinderen ikke reagerer som forventet, sjekk om det er luft i hydraulikkledningene eller utilstrekkelig hydraulikkv\u00e6skeniv\u00e5.<\/li>\n<li><strong>Overoppheting:<\/strong> For h\u00f8y varme kan tyde p\u00e5 overbelastning eller utilstrekkelig sm\u00f8ring. Overv\u00e5k driftsforholdene og s\u00f8rg for riktig v\u00e6skeniv\u00e5.<\/li>\n<\/ul>\n<h2>Tips for feill\u00f8sning<\/h2>\n<p>Effektiv feils\u00f8king starter med \u00e5 identifisere symptomene. Hvis du opplever lekkasjer av hydraulikkv\u00e6ske, m\u00e5 du inspisere tetninger og koblinger umiddelbart. Ved ytelsesproblemer m\u00e5 du s\u00f8rge for at niv\u00e5ene av hydraulikkv\u00e6sken er tilstrekkelige og kontrollere om det er luftlommer i systemet. Implementering av forebyggende tiltak, som regelmessig vedlikehold og overv\u00e5king av driftsforhold, kan redusere sannsynligheten for potensielle problemer i fremtiden betydelig.<\/p>\n<p><img decoding=\"async\" src=\"https:\/\/www.hydraulic-cylinders.net\/wp-content\/uploads\/2025\/04\/songte-bushings-with-all-kinds-of-excavator-models.webp\" alt=\"Foringer\"><\/p>\n<h2>Om selskapet v\u00e5rt<\/h2>\n<p>Vi er en ledende produsent av hydrauliske sylindere for utskifting, og tilbyr et omfattende utvalg av produkter for \u00e5 m\u00f8te ulike markedsbehov. V\u00e5r forpliktelse til kvalitet og innovasjon har etablert oss som en av de ledende produsentene og grossistdistribut\u00f8rene av hydrauliske sylindere i b\u00e5de innenlandske og internasjonale markeder. Vi prioriterer presisjonsproduksjon og implementerer en raffinert produksjonsstyringsstrategi som utnytter dyktig personell, avansert digitalt produksjonsutstyr og et dedikert testsystem.<\/p>\n<p>Produksjonskapasiteten v\u00e5r forbedres kontinuerlig, noe som sikrer at vi opprettholder h\u00f8ye kvalitetsstandarder. Vi er stolte av v\u00e5r effektivitet, n\u00f8yaktighet og evne til \u00e5 m\u00f8te kundenes varierende behov. Med et sterkt fokus p\u00e5 tilpasning tilbyr vi skreddersydde l\u00f8sninger som matcher spesifikke krav, noe som sikrer kundetilfredshet p\u00e5 alle omr\u00e5der.<\/p>\n<p><img decoding=\"async\" src=\"https:\/\/www.hydraulic-cylinders.net\/wp-content\/uploads\/2025\/04\/songte-company-4.webp\" alt=\"Selskapets image\"><br \/>\n<img decoding=\"async\" src=\"https:\/\/www.hydraulic-cylinders.net\/wp-content\/uploads\/2025\/04\/songte-company-3.webp\" alt=\"Selskapets image\"><\/p>\n<p>Forfatter: lyl<\/p>","protected":false},"excerpt":{"rendered":"<p>Boom Cylinder For Bada WYS50 Product Overview The Boom Cylinder for Bada WYS50 is a specialized hydraulic component designed for controlling the movement of various heavy machinery buckets. This hydraulic cylinder is crucial for the operation of excavators, backhoe loaders, and front loaders, enabling the bucket to lift, lower, and tilt, which facilitates efficient material [&hellip;]<\/p>","protected":false},"featured_media":17874,"comment_status":"open","ping_status":"closed","template":"","meta":{"_et_pb_use_builder":"","_et_pb_old_content":"","_et_gb_content_width":""},"product_brand":[],"product_cat":[1546],"product_tag":[1547,1496],"class_list":{"0":"post-19671","1":"product","2":"type-product","3":"status-publish","4":"has-post-thumbnail","6":"product_cat-boom-cylinders","7":"product_tag-boom-cylinders","8":"product_tag-hydraulic-cylinders","10":"first","11":"instock","12":"shipping-taxable","13":"product-type-simple"},"amp_enabled":true,"_links":{"self":[{"href":"https:\/\/www.hydraulic-cylinders.net\/nb\/wp-json\/wp\/v2\/product\/19671","targetHints":{"allow":["GET"]}}],"collection":[{"href":"https:\/\/www.hydraulic-cylinders.net\/nb\/wp-json\/wp\/v2\/product"}],"about":[{"href":"https:\/\/www.hydraulic-cylinders.net\/nb\/wp-json\/wp\/v2\/types\/product"}],"replies":[{"embeddable":true,"href":"https:\/\/www.hydraulic-cylinders.net\/nb\/wp-json\/wp\/v2\/comments?post=19671"}],"wp:featuredmedia":[{"embeddable":true,"href":"https:\/\/www.hydraulic-cylinders.net\/nb\/wp-json\/wp\/v2\/media\/17874"}],"wp:attachment":[{"href":"https:\/\/www.hydraulic-cylinders.net\/nb\/wp-json\/wp\/v2\/media?parent=19671"}],"wp:term":[{"taxonomy":"product_brand","embeddable":true,"href":"https:\/\/www.hydraulic-cylinders.net\/nb\/wp-json\/wp\/v2\/product_brand?post=19671"},{"taxonomy":"product_cat","embeddable":true,"href":"https:\/\/www.hydraulic-cylinders.net\/nb\/wp-json\/wp\/v2\/product_cat?post=19671"},{"taxonomy":"product_tag","embeddable":true,"href":"https:\/\/www.hydraulic-cylinders.net\/nb\/wp-json\/wp\/v2\/product_tag?post=19671"}],"curies":[{"name":"wp","href":"https:\/\/api.w.org\/{rel}","templated":true}]}}