{"id":19674,"date":"2025-04-07T07:01:06","date_gmt":"2025-04-07T07:01:06","guid":{"rendered":"https:\/\/www.hydraulic-cylinders.net\/product\/boom-cylinder-for-baoding-wy150\/"},"modified":"2025-04-07T07:01:09","modified_gmt":"2025-04-07T07:01:09","slug":"boom-cylinder-for-baoding-wy150","status":"publish","type":"product","link":"https:\/\/www.hydraulic-cylinders.net\/nb\/produkt\/boom-cylinder-for-baoding-wy150\/","title":{"rendered":"Bom-sylinder for Baoding WY150"},"content":{"rendered":"<h1>Bom-sylinder for Baoding WY150<\/h1>\n<h2>Forst\u00e5 bomsylinderen<\/h2>\n<p>Bom-sylinderen er en spesialisert hydraulisk sylinder som brukes i diverse tunge maskiner, som gravemaskiner, traktorgravere og frontlastere. Hovedfunksjonen er \u00e5 kontrollere bevegelsen til skuffen, slik at den kan l\u00f8ftes, senkes og tiltes effektivt. Denne funksjonen er avgj\u00f8rende for materialh\u00e5ndteringsoppgaver, noe som gj\u00f8r bom-sylinderen til en viktig komponent i de hydrauliske systemene til disse maskinene.<\/p>\n<p><img decoding=\"async\" src=\"https:\/\/www.hydraulic-cylinders.net\/wp-content\/uploads\/2025\/04\/songte-company-1.webp\" alt=\"Bom-sylinder\" \/><\/p>\n<h2>Viktige funksjoner p\u00e5 bomsylinderen<\/h2>\n<ul>\n<li>\n<h3>H\u00f8y styrke og holdbarhet<\/h3>\n<p> Bomsylindre er vanligvis laget av h\u00f8yfast st\u00e5l eller aluminium, og t\u00e5ler h\u00f8yt trykk og tunge belastninger samtidig som de tilpasser seg t\u00f8ffe arbeidsforhold. Designet deres vektlegger slitestyrke og korrosjonsbeskyttelse, noe som forlenger levetiden.<\/li>\n<li>\n<h3>Effektiv hydraulisk drift<\/h3>\n<p> Disse sylindrene bruker hydraulisk oljetrykk for jevn forlengelse og inntrekking. De reagerer raskt p\u00e5 betjeningskommandoer og gir betydelig skyve- og trekkekraft, noe som gj\u00f8r dem egnet for h\u00e5ndtering av tunge gjenstander og komplekse oppgaver.<\/li>\n<li>\n<h3>Ulike typer tilgjengelig<\/h3>\n<p> Bomsylindre kan velges i enkeltvirkende (ved bruk av hydraulisk trykk i \u00e9n retning) eller dobbeltvirkende (ved bruk av hydraulisk trykk i begge retninger) modeller for \u00e5 m\u00f8te ulike driftsbehov. Enkelte modeller er teleskopiske, noe som gir st\u00f8rre forlengelse uten \u00e5 \u00f8ke de ytre m\u00e5lene, ideelt for bruksomr\u00e5der med begrenset plass.<\/li>\n<li>\n<h3>Tilpasset produksjon<\/h3>\n<p> Produktene v\u00e5re erstatter disse hydrauliske sylindrene p\u00e5 en perfekt m\u00e5te, og sikrer kompatibilitet og ytelse.<\/li>\n<li>\n<h3>Allsidige bruksomr\u00e5der<\/h3>\n<p> Bom-sylinderen brukes i en rekke maskiner og industrier, noe som fremhever dens tilpasningsevne og viktige rolle innen bygg og anlegg og landbruk.<\/h3>\n<\/li>\n<\/ul>\n<p><img decoding=\"async\" src=\"https:\/\/www.hydraulic-cylinders.net\/wp-content\/uploads\/2025\/04\/songte-cylinder-head-with-all-kinds-excavator-models.webp\" alt=\"Gravemaskinmodeller\" \/><\/p>\n<h2>Bruksscenarier for bomsylindere<\/h2>\n<ul>\n<li>\n<h3>Anleggsutstyr<\/h3>\n<p> I gravemaskiner er bomsylindre avgj\u00f8rende for graving, lasting og flytting av jord eller avfall. De bidrar til \u00e5 forbedre effektiviteten og produktiviteten i anleggsarbeid, slik at operat\u00f8rene kan utf\u00f8re arbeidet med presisjon og kontroll.<\/h3>\n<\/li>\n<li>\n<h3>Landbruksmaskiner<\/h3>\n<p> I frontlastere er bomsylindre avgj\u00f8rende for \u00e5 utarbeide, l\u00f8fte og transportere jord, h\u00f8y og andre materialer. Den robuste designen gj\u00f8r at de kan h\u00e5ndtere tunge lass, noe som gj\u00f8r dem uunnv\u00e6rlige i landbruksdrift.<\/h3>\n<\/li>\n<li>\n<h3>Gravemaskiner<\/h3>\n<p> Bom-sylinderen gj\u00f8r at skuffen kan trenge effektivt ned i jorden, noe som muliggj\u00f8r effektive graveoperasjoner. Denne funksjonaliteten \u00f8ker produktiviteten til gravemaskiner betydelig i ulike terreng.<\/h3>\n<\/li>\n<li>\n<h3>Lastere<\/h3>\n<p> I frontlastere hjelper bomsylindrene med \u00e5 l\u00f8fte og dumpe last effektivt. Styrken deres sikrer p\u00e5litelig ytelse ved h\u00e5ndtering av tunge materialer, noe som forbedrer driftskapasiteten.<\/h3>\n<\/li>\n<\/ul>\n<h2>Designhensyn og utvalgskriterier<\/h2>\n<ul>\n<li>\n<h3>Lastekapasitet<\/h3>\n<p> Bom-sylinderens lastekapasitet er avgj\u00f8rende, ettersom den direkte p\u00e5virker hvilke oppgaver maskineriet kan utf\u00f8re. Sylindere med h\u00f8y lastekapasitet er viktige for tunge applikasjoner, og sikrer sikkerhet og effektivitet i driften. Riktige beregninger og vurderinger m\u00e5 gj\u00f8res basert p\u00e5 tiltenkt bruk og milj\u00f8.<\/h3>\n<\/li>\n<li>\n<h3>Tettingsintegritet<\/h3>\n<p> Robuste tetningssystemer er avgj\u00f8rende for \u00e5 forhindre lekkasjer av hydraulisk v\u00e6ske, noe som kan g\u00e5 ut over effektivitet og sikkerhet. Bruk av h\u00f8ykvalitetstetninger, designet for \u00e5 t\u00e5le ekstreme forhold, sikrer lang levetid og p\u00e5litelighet. Regelmessig inspeksjon og vedlikehold av tetninger bidrar betydelig til den generelle ytelsen til hydrauliske systemer.<\/h3>\n<\/li>\n<li>\n<h3>Varighet<\/h3>\n<p> Materialene som brukes i konstruksjonen av bomsylindere m\u00e5 t\u00e5le t\u00f8ffe forhold. H\u00f8ykvalitetsst\u00e5l eller spesiallegeringer forbedrer holdbarheten, slik at sylinderen yter jevnt under belastning. Dette aspektet er viktig for \u00e5 opprettholde driftsoppetid og minimere reparasjonskostnader.<\/h3>\n<\/li>\n<li>\n<h3>Sikkerhetsfunksjoner<\/h3>\n<p> Sikkerhetsmekanismer, som overbelastningsbeskyttelse og feilsikre design, er avgj\u00f8rende i hydrauliske sylindere for \u00e5 forhindre ulykker og utstyrsskader. \u00c5 velge sylindere med innebygde sikkerhetsfunksjoner sikrer beskyttelse av operat\u00f8rer og maskineri.<\/h3>\n<\/li>\n<li>\n<h3>Vedlikeholdstilgjengelighet<\/h3>\n<p> Designet b\u00f8r legge til rette for enkelt vedlikehold og reparasjoner. Komponenter som er lett tilgjengelige for inspeksjon, sm\u00f8ring og utskifting bidrar til hydraulikksystemets levetid og reduserer nedetid.<\/h3>\n<\/li>\n<\/ul>\n<p><img decoding=\"async\" src=\"https:\/\/www.hydraulic-cylinders.net\/wp-content\/uploads\/2025\/04\/songte-oil-pipes-and-spare-parts.webp\" alt=\"Oljer\u00f8r og reservedeler\" \/><\/p>\n<h2>Tetting og sm\u00f8ring av bomsylindere<\/h2>\n<p>Den effektive funksjonen til en bomsylinder er i stor grad avhengig av dens tetnings- og sm\u00f8resystemer. Ulike tetninger, som stempeltetninger og stangtetninger, brukes til \u00e5 opprettholde hydraulisk trykk og forhindre v\u00e6skelekkasje. Tetninger laget av slitesterke materialer som polyuretan og nitrilgummi brukes ofte for \u00e5 forbedre holdbarheten.<\/p>\n<p>Videre gjennomg\u00e5r sylinderhuset og de gjengede endeflatene finbearbeiding for \u00e5 \u00f8ke slitestyrken. Regelmessig sm\u00f8ring med passende hydraulikkolje er avgj\u00f8rende for \u00e5 opprettholde jevn drift, da det reduserer friksjon og slitasje mellom bevegelige komponenter. Et godt smurt hydraulisk system sikrer optimal ytelse og levetid for bomsylinderen.<\/p>\n<h2>Forebyggende vedlikeholdstiltak<\/h2>\n<ul>\n<li>\n<h3>Regelmessige inspeksjoner<\/h3>\n<p> Det er viktig \u00e5 utf\u00f8re hyppige inspeksjoner av bomsylinderen og det hydrauliske systemet for \u00e5 identifisere potensielle problemer tidlig. Operat\u00f8rer b\u00f8r se etter tegn p\u00e5 slitasje, lekkasjer eller skader, som kan f\u00f8re til kostbare reparasjoner hvis de ikke tas tak i raskt.<\/h3>\n<\/li>\n<li>\n<h3>Riktig sm\u00f8ring<\/h3>\n<p> Tilstrekkelig sm\u00f8ring er viktig for \u00e5 forhindre slitasje p\u00e5 de hydrauliske komponentene. Operat\u00f8rer b\u00f8r f\u00f8lge produsentens anbefalinger ang\u00e5ende sm\u00f8reintervaller og oljetyper for \u00e5 sikre problemfri drift.<\/h3>\n<\/li>\n<li>\n<h3>Utskifting av tetning<\/h3>\n<p> Tetninger b\u00f8r inspiseres regelmessig og skiftes ut etter behov. Slitte eller skadede tetninger kan f\u00f8re til lekkasjer og redusert effektivitet, noe som p\u00e5virker den generelle ytelsen til det hydrauliske systemet. Rettidig utskifting av tetninger bidrar til bomsylinderens levetid.<\/h3>\n<\/li>\n<\/ul>\n<h2>Riktige installasjonsretningslinjer<\/h2>\n<p>Riktig montering av bomsylinderen er avgj\u00f8rende for dens ytelse og levetid. Begynn med \u00e5 s\u00f8rge for at alle komponenter er rene og fri for rusk. Juster sylinderen n\u00f8yaktig med monteringspunktene for \u00e5 unng\u00e5 un\u00f8dig belastning p\u00e5 sylinderen under drift.<\/p>\n<p>Bruk passende monteringsbraketter for \u00e5 feste sylinderen godt p\u00e5 plass, slik at den ikke beveger seg og kan f\u00f8re til feil. F\u00f8lg produsentens spesifikasjoner for momentinnstillinger og tilkoblingsmetoder. Etter installasjon, utf\u00f8r en funksjonstest for \u00e5 sikre at den fungerer som den skal, og juster etter behov.<\/p>\n<h2>Vanlige vedlikeholdsoppgaver<\/h2>\n<ul>\n<li>\n<h3>Regelmessige kontroller<\/h3>\n<p> Regelmessige inspeksjoner bidrar til \u00e5 oppdage potensielle problemer f\u00f8r de blir alvorlige. Det er viktig \u00e5 overv\u00e5ke den generelle tilstanden til bomsylinderen og det hydrauliske systemet, og se etter tegn p\u00e5 slitasje eller skade.<\/h3>\n<\/li>\n<li>\n<h3>Riktig sm\u00f8ring<\/h3>\n<p> Tilstrekkelig sm\u00f8ring er n\u00f8kkelen til problemfri drift av hydrauliske sylindere. \u00c5 f\u00f8lge den anbefalte sm\u00f8replanen og bruke riktig hydraulikkolje sikrer at bevegelige deler fungerer som de skal.<\/h3>\n<\/li>\n<li>\n<h3>Utskifting av tetninger og kalibreringskontroller<\/h3>\n<p> Rutinemessige kontroller og utskiftinger av pakninger forhindrer lekkasjer og opprettholder hydraulisk trykk. Kalibreringskontroller sikrer at alle komponenter fungerer harmonisk, noe som bidrar til den totale effektiviteten til det hydrauliske systemet.<\/h3>\n<\/li>\n<\/ul>\n<p><img decoding=\"async\" src=\"https:\/\/www.hydraulic-cylinders.net\/wp-content\/uploads\/2025\/04\/songte-chushion-collar.webp\" alt=\"Putekrage\" \/><\/p>\n<h2>Sikkerhetshensyn og milj\u00f8faktorer<\/h2>\n<p>Ved bruk av bomsylindere er sikkerhetstiltak avgj\u00f8rende for \u00e5 sikre sikkerheten til operat\u00f8rer og omgivelser. Regelmessig oppl\u00e6ring i driftssikkerhet, riktig h\u00e5ndtering av hydrauliske v\u00e6sker og forst\u00e5else av maskineriets begrensninger er avgj\u00f8rende. Tilstrekkelig personlig verneutstyr (PPE) b\u00f8r brukes under drift og vedlikeholdsoppgaver for \u00e5 minimere risikoer.<\/p>\n<h2>Feildiagnose og vanlige problemer<\/h2>\n<ul>\n<li>\n<h3>Lekkasjer av hydraulisk v\u00e6ske<\/h3>\n<p> Et av de vanligste problemene er lekkasjer av hydraulisk v\u00e6ske, som kan stamme fra skadede tetninger eller koblinger. Regelmessige inspeksjoner kan bidra til \u00e5 identifisere lekkasjer tidlig, noe som muliggj\u00f8r rask reparasjon. Operat\u00f8rer b\u00f8r overv\u00e5ke v\u00e6skeniv\u00e5ene n\u00f8ye og umiddelbart ta tak i eventuelle tegn p\u00e5 lekkasje.<\/h3>\n<\/li>\n<li>\n<h3>Langsom eller uresponsiv bevegelse<\/h3>\n<p> Hvis bomsylinderen reagerer tregt eller viser rykkete bevegelser, kan det tyde p\u00e5 lave hydrauliske v\u00e6skeniv\u00e5er eller luft i systemet. Lufting av systemet og sikring av tilstrekkelige v\u00e6skeniv\u00e5er er viktige trinn i feils\u00f8kingen av dette problemet.<\/h3>\n<\/li>\n<li>\n<h3>Uvanlige lyder<\/h3>\n<p> Uvanlige lyder under drift kan signalisere mekaniske problemer eller utilstrekkelig sm\u00f8ring. Operat\u00f8rer b\u00f8r unders\u00f8ke kilden til st\u00f8yen og iverksette korrigerende tiltak for \u00e5 forhindre ytterligere skade.<\/h3>\n<\/li>\n<\/ul>\n<p>\u00c5 gi praktiske tips og l\u00f8sninger kan hjelpe leserne med \u00e5 effektivt diagnostisere og l\u00f8se disse vanlige problemene. \u00c5 etablere en regelmessig vedlikeholdsplan reduserer potensielle problemer betydelig, noe som sikrer jevnere drift og lengre levetid for bomsylinderen.<\/p>\n<p><img decoding=\"async\" src=\"https:\/\/www.hydraulic-cylinders.net\/wp-content\/uploads\/2025\/04\/songte-bushings-with-all-kinds-of-excavator-models.webp\" alt=\"Foringer med gravemaskinmodeller\" \/><\/p>\n<h2>Om selskapet v\u00e5rt<\/h2>\n<p>Vi er en ledende produsent av hydrauliske sylindere for utskifting, og tilbyr et omfattende utvalg av produkter som dekker b\u00e5de innenlandske og internasjonale markeder. V\u00e5r overholdelse av kvalitet og grundige produksjonsstrategier posisjonerer oss som en av de ledende produsentene og grossistene av hydrauliske sylindere.<\/p>\n<p>Med fokus p\u00e5 teknisk ekspertise, avansert digitalt produksjonsutstyr og spesialiserte testsystemer, forbedrer vi kontinuerlig produksjonskapasiteten v\u00e5r. V\u00e5r forpliktelse til h\u00f8y effektivitet, presisjon og kvalitet sikrer at vi m\u00f8ter ulike kundebehov.<\/p>\n<p>Videre tilbyr selskapet v\u00e5rt tilpassede tjenester, internasjonale sertifiseringer og robust ettersalgsst\u00f8tte, noe som styrker v\u00e5rt omd\u00f8mme i bransjen.<\/p>\n<p><img decoding=\"async\" src=\"https:\/\/www.hydraulic-cylinders.net\/wp-content\/uploads\/2025\/04\/songte-company-4.webp\" alt=\"Selskapsoversikt\" \/><\/p>\n<p><img decoding=\"async\" src=\"https:\/\/www.hydraulic-cylinders.net\/wp-content\/uploads\/2025\/04\/songte-company-3.webp\" alt=\"Bedriftsinfrastruktur\" \/><\/p>\n<p>Forfatter: lyl<\/p>","protected":false},"excerpt":{"rendered":"<p>Boom Cylinder For Baoding WY150 Understanding the Boom Cylinder The Boom Cylinder is a specialized hydraulic cylinder used in various heavy machinery, such as excavators, backhoe loaders, and front-end loaders. Its primary function is to control the movement of the bucket, allowing it to lift, lower, and tilt effectively. This capability is crucial for material [&hellip;]<\/p>","protected":false},"featured_media":17877,"comment_status":"open","ping_status":"closed","template":"","meta":{"_et_pb_use_builder":"","_et_pb_old_content":"","_et_gb_content_width":""},"product_brand":[],"product_cat":[1546],"product_tag":[1547,1496],"class_list":{"0":"post-19674","1":"product","2":"type-product","3":"status-publish","4":"has-post-thumbnail","6":"product_cat-boom-cylinders","7":"product_tag-boom-cylinders","8":"product_tag-hydraulic-cylinders","10":"first","11":"instock","12":"shipping-taxable","13":"product-type-simple"},"amp_enabled":true,"_links":{"self":[{"href":"https:\/\/www.hydraulic-cylinders.net\/nb\/wp-json\/wp\/v2\/product\/19674","targetHints":{"allow":["GET"]}}],"collection":[{"href":"https:\/\/www.hydraulic-cylinders.net\/nb\/wp-json\/wp\/v2\/product"}],"about":[{"href":"https:\/\/www.hydraulic-cylinders.net\/nb\/wp-json\/wp\/v2\/types\/product"}],"replies":[{"embeddable":true,"href":"https:\/\/www.hydraulic-cylinders.net\/nb\/wp-json\/wp\/v2\/comments?post=19674"}],"wp:featuredmedia":[{"embeddable":true,"href":"https:\/\/www.hydraulic-cylinders.net\/nb\/wp-json\/wp\/v2\/media\/17877"}],"wp:attachment":[{"href":"https:\/\/www.hydraulic-cylinders.net\/nb\/wp-json\/wp\/v2\/media?parent=19674"}],"wp:term":[{"taxonomy":"product_brand","embeddable":true,"href":"https:\/\/www.hydraulic-cylinders.net\/nb\/wp-json\/wp\/v2\/product_brand?post=19674"},{"taxonomy":"product_cat","embeddable":true,"href":"https:\/\/www.hydraulic-cylinders.net\/nb\/wp-json\/wp\/v2\/product_cat?post=19674"},{"taxonomy":"product_tag","embeddable":true,"href":"https:\/\/www.hydraulic-cylinders.net\/nb\/wp-json\/wp\/v2\/product_tag?post=19674"}],"curies":[{"name":"wp","href":"https:\/\/api.w.org\/{rel}","templated":true}]}}