{"id":19682,"date":"2025-04-07T07:01:29","date_gmt":"2025-04-07T07:01:29","guid":{"rendered":"https:\/\/www.hydraulic-cylinders.net\/product\/boom-cylinder-for-baoding-wy75-7\/"},"modified":"2025-04-07T07:01:32","modified_gmt":"2025-04-07T07:01:32","slug":"boom-cylinder-for-baoding-wy75-7","status":"publish","type":"product","link":"https:\/\/www.hydraulic-cylinders.net\/nb\/produkt\/boom-cylinder-for-baoding-wy75-7\/","title":{"rendered":"Bom-sylinder for Baoding WY75-7"},"content":{"rendered":"<h1>Bom-sylinder for Baoding WY75-7<\/h1>\n<h2>Produktoversikt<\/h2>\n<p>Bom-sylinderen for Baoding WY75-7 er en spesialisert hydraulisk sylinder som er utviklet for \u00e5 kontrollere bevegelsen av skuffer p\u00e5 diverse tunge maskiner som gravemaskiner, traktorgravere og frontlastere. Denne hydrauliske sylinderen forenkler l\u00f8fting, senking og tilting av skuffen, noe som muliggj\u00f8r effektive materialh\u00e5ndteringsoppgaver.<\/p>\n<p><img decoding=\"async\" src=\"https:\/\/www.hydraulic-cylinders.net\/wp-content\/uploads\/2025\/04\/songte-company-1.webp\" alt=\"Bom-sylinder\"><\/p>\n<h3>Forst\u00e5else av b\u00f8ttesylindere<\/h3>\n<p>Skuffesylindere er integrerte komponenter i hydrauliske systemer, og gir den n\u00f8dvendige kraften til \u00e5 utf\u00f8re kritiske oppgaver i anleggs- og landbruksmaskiner. Disse sylindrene bruker hydraulisk v\u00e6ske til \u00e5 skape bevegelse, slik at operat\u00f8rer kan utf\u00f8re et bredt spekter av oppgaver effektivt. Utformingen av disse sylindrene er avgj\u00f8rende for ytelsen deres, noe som gj\u00f8r dem p\u00e5litelige for krevende applikasjoner.<\/p>\n<h2>Viktige funksjoner p\u00e5 bomsylinderen<\/h2>\n<ul>\n<li><strong>H\u00f8y styrke og holdbarhet:<\/strong> Disse sylindrene er laget av h\u00f8yfast st\u00e5l eller aluminium, og t\u00e5ler h\u00f8yt trykk og tunge belastninger, noe som gj\u00f8r dem egnet for t\u00f8ffe arbeidsmilj\u00f8er.<\/li>\n<li><strong>Effektiv hydraulisk drift:<\/strong> Ved \u00e5 bruke hydraulisk oljetrykk for jevn forlengelse og inntrekking, reagerer de raskt p\u00e5 kontrollkommandoer og gir kraftige skyve- og trekkekrefter, ideelt for h\u00e5ndtering av tunge gjenstander.<\/li>\n<li><strong>Ulike typer:<\/strong> De er tilgjengelige i enkeltvirkende (opererer i \u00e9n retning) eller dobbeltvirkende (opererer i begge retninger) konfigurasjoner, og kan oppfylle ulike driftskrav. Noen modeller har teleskopiske design for utvidet rekkevidde i trange rom.<\/li>\n<li><strong>Optimalisert tetningssystem:<\/strong> Utviklet med avanserte tetningsteknologier for \u00e5 forhindre lekkasjer og sikre optimal ytelse over tid.<\/li>\n<li><strong>Tilpasningsalternativer:<\/strong> Produktene v\u00e5re kan erstatte eksisterende hydrauliske sylindere p\u00e5 en perfekt m\u00e5te, og tilbyr skreddersydde l\u00f8sninger for spesifikke maskinbehov.<\/li>\n<\/ul>\n<p><img decoding=\"async\" src=\"https:\/\/www.hydraulic-cylinders.net\/wp-content\/uploads\/2025\/04\/songte-cylinder-head-with-all-kinds-excavator-models.webp\" alt=\"Bom-sylindermodeller\"><\/p>\n<h2>Bruksomr\u00e5der for bomsylinderen<\/h2>\n<h3>Anleggsutstyr<\/h3>\n<p>I gravemaskiner spiller bomsylindere en kritisk rolle i graving, lasting og flytting av jord eller rusk. De gir den n\u00f8dvendige kraften til \u00e5 l\u00f8fte skuffen for optimal gravedybde og muliggj\u00f8r effektiv materialtransport. I gravemaskinlastere hjelper skuffesylinderen b\u00e5de med grave- og l\u00f8fteoppgaver, noe som forbedrer den generelle produktiviteten p\u00e5 byggeplasser.<\/p>\n<h3>Landbruksmaskiner<\/h3>\n<p>For frontlastere er bomsylinderen viktig for \u00e5 utarbeide, l\u00f8fte og transportere jord, h\u00f8y og diverse materialer. Den hydrauliske handlingen gir presis kontroll, noe som gj\u00f8r det enklere \u00e5 h\u00e5ndtere tunge laster og utf\u00f8re oppgaver med n\u00f8yaktighet, og dermed redusere driftstid og arbeidskostnader.<\/p>\n<h3>Utgravningsprosesser<\/h3>\n<p>Bom-sylinderen gj\u00f8r det mulig for gravemaskiner \u00e5 trenge effektivt ned i bakken. Ved \u00e5 la skuffen grave seg ned i jorden, maksimerer den maskinens evne til \u00e5 fjerne jord og rusk raskt, noe som gj\u00f8r den til en grunnleggende komponent for gravearbeid.<\/p>\n<h3>Lasterfunksjoner<\/h3>\n<p>I frontlastere hjelper bomsylindrene med \u00e5 l\u00f8fte og dumpe last effektivt. Det hydrauliske systemet lar f\u00f8rere utf\u00f8re oppgaver som \u00e5 flytte materialer, rydde rusk og laste lastebiler med minimal innsats, noe som forbedrer effektiviteten p\u00e5 arbeidsplassen.<\/p>\n<h2>Designhensyn og utvalgskriterier<\/h2>\n<h3>Lastekapasitet<\/h3>\n<p>N\u00e5r du velger en bomsylinder, er en av de viktigste faktorene \u00e5 vurdere dens lastekapasitet. Sylinderen m\u00e5 kunne h\u00e5ndtere de forventede belastningene uten risiko for svikt. Ingeni\u00f8rer vurderer ofte den maksimale kraften sylinderen m\u00e5 ut\u00f8ve, og tar hensyn til nyttelastvekt og ugunstige driftsforhold for \u00e5 sikre p\u00e5litelighet og ytelse.<\/p>\n<h3>Tetningsytelse<\/h3>\n<p>Tetningssystemet til en hydraulisk sylinder er avgj\u00f8rende for dens drift. Tetningene m\u00e5 effektivt forhindre v\u00e6skelekkasjer samtidig som de t\u00e5ler h\u00f8yt trykk og varierende temperaturer. \u00c5 velge riktige materialer, som polyuretan eller nitrilgummi, sikrer holdbarhet og optimal tetningsytelse, noe som forlenger sylinderens totale levetid.<\/p>\n<h3>Holdbarhet og vedlikehold<\/h3>\n<p>Holdbarhet er avgj\u00f8rende for hydrauliske sylindere, ettersom de opererer i utfordrende milj\u00f8er. Produsenter designer disse produktene med materialer som motst\u00e5r slitasje og korrosjon. Dessuten bidrar enkle vedlikeholdsfunksjoner til \u00e5 forlenge levetiden til sylinderne. Regelmessige kontroller og vedlikeholdspraksiser er avgj\u00f8rende for \u00e5 unng\u00e5 kostbare reparasjoner og sikre jevn ytelse.<\/p>\n<h3>Sikkerhetsfunksjoner<\/h3>\n<p>Sikkerhet b\u00f8r alltid v\u00e6re topprioritet ved design av hydrauliske sylindere. \u00c5 inkludere funksjoner som trykkavlastningsventiler bidrar til \u00e5 forhindre overbelastning, mens robust konstruksjon minimerer risikoen for katastrofal feil. Tilstrekkelige sikkerhetstiltak sikrer at operat\u00f8rer kan arbeide trygt, vel vitende om at utstyret deres er p\u00e5litelig.<\/p>\n<p><img decoding=\"async\" src=\"https:\/\/www.hydraulic-cylinders.net\/wp-content\/uploads\/2025\/04\/songte-oil-pipes-and-spare-parts.webp\" alt=\"Hydrauliske sylinderdeler\"><\/p>\n<h2>Tetting og sm\u00f8ring<\/h2>\n<p>Effektiv tetting og sm\u00f8ring spiller en avgj\u00f8rende rolle for \u00e5 sikre hydrauliske sylinderes levetid og ytelse. Ulike tetninger, inkludert stempeltetninger og stangtetninger, brukes til \u00e5 opprettholde trykk og forhindre lekkasjer. H\u00f8ykvalitetsmaterialer som polyuretan og nitrilgummi gir eksepsjonell slitestyrke.<\/p>\n<p>Sylinderhuset og de gjengede endeflatene gjennomg\u00e5r presisjonsbearbeiding for \u00e5 forbedre slitestyrken. Regelmessig sm\u00f8ring med hydraulikkolje er n\u00f8dvendig for at komponentene skal fungere problemfritt og for \u00e5 forhindre for tidlig slitasje.<\/p>\n<h2>Forebyggende vedlikeholdstiltak<\/h2>\n<ul>\n<li><strong>Rutinemessige inspeksjoner:<\/strong> Regelmessige kontroller for lekkasjer, slitasje og hydraulikkv\u00e6skeniv\u00e5er kan identifisere potensielle problemer f\u00f8r de blir kritiske.<\/li>\n<li><strong>Sm\u00f8repraksis:<\/strong> Tilstrekkelig sm\u00f8ring er avgj\u00f8rende for problemfri drift av hydrauliske sylindere. Bruk av riktig type og mengde hydraulisk olje vil forbedre ytelsen og redusere slitasje.<\/li>\n<li><strong>Utskifting av tetning:<\/strong> Tetninger b\u00f8r inspiseres og skiftes ut etter behov for \u00e5 unng\u00e5 lekkasjer og sikre optimal ytelse.<\/li>\n<\/ul>\n<h2>Installasjonsretningslinjer<\/h2>\n<p>Installasjon av en bomsylinder krever n\u00f8ye oppmerksomhet p\u00e5 detaljer for \u00e5 sikre riktig funksjon og sikkerhet. Her er de viktigste trinnene for riktig installasjon:<\/p>\n<ol>\n<li>Begynn med \u00e5 s\u00f8rge for at monteringsflatene p\u00e5 b\u00e5de maskinen og sylinderen er rene og fri for rusk.<\/li>\n<li>Juster sylinderen riktig med monteringspunktene. Bruk av justeringsjigger eller festeanordninger kan bidra til \u00e5 opprettholde riktig posisjon.<\/li>\n<li>Fest sylinderen med de anbefalte monteringsbrakettene eller -festene, og s\u00f8rg for at de er strammet i henhold til produsentens spesifikasjoner.<\/li>\n<li>Koble til de hydrauliske slangene. S\u00f8rg for \u00e5 bruke riktige koblinger og unng\u00e5 kryssgjenging.<\/li>\n<li>Fyll hydraulikksystemet med v\u00e6ske og luft systemet for \u00e5 fjerne eventuelle luftlommer f\u00f8r du tester driften.<\/li>\n<\/ol>\n<h2>Vanlige vedlikeholdsoppgaver<\/h2>\n<h3>Regelmessige inspeksjoner<\/h3>\n<p>Hyppige inspeksjoner av det hydrauliske systemet er viktige for \u00e5 identifisere tegn p\u00e5 slitasje eller skade tidlig. Kontroll av lekkasjer, vurdering av tilstanden til pakninger og overv\u00e5king av hydraulikkv\u00e6skeniv\u00e5er kan bidra til \u00e5 opprettholde optimal ytelse.<\/p>\n<h3>Riktig sm\u00f8ring<\/h3>\n<p>Sm\u00f8ring er avgj\u00f8rende for \u00e5 redusere friksjon mellom bevegelige deler. Bruk av riktig type hydraulisk olje og p\u00e5f\u00f8ring i riktige mengder vil forbedre effektiviteten til det hydrauliske systemet og forlenge levetiden.<\/p>\n<h3>Utskifting av tetninger og kalibreringskontroller<\/h3>\n<p>Regelmessige utskiftinger av tetninger og kalibreringskontroller er viktige for \u00e5 sikre at den hydrauliske sylinderen fungerer innenfor de tiltenkte parameterne. \u00c5 f\u00f8re en detaljert vedlikeholdslogg vil legge til rette for rettidige inngrep og forhindre uventede feil.<\/p>\n<p><img decoding=\"async\" src=\"https:\/\/www.hydraulic-cylinders.net\/wp-content\/uploads\/2025\/04\/songte-chushion-collar.webp\" alt=\"Sylinderdempende krage\"><\/p>\n<h2>Sikkerhetshensyn og milj\u00f8faktorer<\/h2>\n<p>Det er avgj\u00f8rende \u00e5 s\u00f8rge for sikkerheten ved bruk av hydrauliske sylindere. Implementering av riktige sikkerhetstiltak, som bruk av verneutstyr og overholdelse av driftsprotokoller, minimerer risikoer. I tillegg er det avgj\u00f8rende \u00e5 ta hensyn til milj\u00f8faktorer, som for eksempel oppsamling av v\u00e6skes\u00f8l, for \u00e5 opprettholde et trygt og ansvarlig arbeidsmilj\u00f8.<\/p>\n<h2>Feils\u00f8king og vanlige problemer<\/h2>\n<ul>\n<li><strong>Lekkasje:<\/strong> Identifiser kilden til lekkasjer, ofte p\u00e5 grunn av slitte tetninger eller skadede komponenter. Skift tetninger og kontroller for skader.<\/li>\n<li><strong>Inkonsekvent bevegelse:<\/strong> Dette kan skyldes luft i systemet eller utilstrekkelig hydraulikkv\u00e6ske. Luft systemet og sjekk v\u00e6skeniv\u00e5ene.<\/li>\n<li><strong>Overoppheting:<\/strong> Overoppheting kan skyldes for h\u00f8y belastning eller utilstrekkelig v\u00e6skesirkulasjon. Evaluer belastningen og s\u00f8rg for riktig v\u00e6skeniv\u00e5.<\/li>\n<\/ul>\n<h2>Tips for effektiv feils\u00f8king<\/h2>\n<p>For \u00e5 diagnostisere og l\u00f8se problemer effektivt, f\u00f8lg disse retningslinjene:<\/p>\n<ul>\n<li>Utf\u00f8r regelmessige vedlikeholdskontroller for \u00e5 identifisere tidlige tegn p\u00e5 slitasje.<\/li>\n<li>Bruk produsentens retningslinjer for feils\u00f8king av spesifikke problemer, og s\u00f8rg for at anbefalte fremgangsm\u00e5ter overholdes.<\/li>\n<li>Invester i oppl\u00e6ring for operat\u00f8rer slik at de kan gjenkjenne og h\u00e5ndtere potensielle problemer proaktivt.<\/li>\n<\/ul>\n<p><img decoding=\"async\" src=\"https:\/\/www.hydraulic-cylinders.net\/wp-content\/uploads\/2025\/04\/songte-bushings-with-all-kinds-of-excavator-models.webp\" alt=\"Gravemaskinforinger\"><\/p>\n<h2>Introduksjon til selskapet<\/h2>\n<p>V\u00e5rt firma er en ledende produsent og grossist av hydrauliske reservesylindere, anerkjent i b\u00e5de innenlandske og internasjonale markeder. Vi overholder de h\u00f8yeste kvalitetsstandardene, st\u00f8ttet av en raffinert produksjonsstrategi som inkluderer avansert teknologi og dyktig personell. V\u00e5r forpliktelse til kvalitet sikrer at vi m\u00f8ter ulike kundebehov med h\u00f8y effektivitet og presisjon.<\/p>\n<p>V\u00e5r ekspertise strekker seg over flere aspekter:<\/p>\n<ul>\n<li><strong>Profesjonalitet:<\/strong> Med et dedikert team av eksperter prioriterer vi produktkvalitet og kundetilfredshet.<\/li>\n<li><strong>Internasjonal sertifisering:<\/strong> Produktene v\u00e5re er i samsvar med bransjestandarder, noe som sikrer p\u00e5litelighet og sikkerhet.<\/li>\n<li><strong>Tilpassede tjenester:<\/strong> Vi tilbyr skreddersydde l\u00f8sninger for \u00e5 m\u00f8te spesifikke kundekrav, og gir en personlig tiln\u00e6rming.<\/li>\n<li><strong>Avansert produksjonsutstyr:<\/strong> Bruk av toppmoderne maskiner forbedrer produksjonskapasiteten v\u00e5r og forbedrer produktkvaliteten.<\/li>\n<li><strong>Kundeservice etter salg:<\/strong> V\u00e5rt kundeserviceteam er alltid tilgjengelig for \u00e5 hjelpe med eventuelle sp\u00f8rsm\u00e5l eller behov for st\u00f8tte etter kj\u00f8pet.<\/li>\n<\/ul>\n<p><img decoding=\"async\" src=\"https:\/\/www.hydraulic-cylinders.net\/wp-content\/uploads\/2025\/04\/songte-company-4.webp\" alt=\"Selskapsoversikt\"><br \/>\n<img decoding=\"async\" src=\"https:\/\/www.hydraulic-cylinders.net\/wp-content\/uploads\/2025\/04\/songte-company-3.webp\" alt=\"Produksjonsanlegg\"><\/p>\n<p>Forfatter: lyl<\/p>","protected":false},"excerpt":{"rendered":"<p>Boom Cylinder For Baoding WY75-7 Product Overview The Boom Cylinder for Baoding WY75-7 is a specialized hydraulic cylinder designed to control the movement of buckets on various heavy machinery such as excavators, backhoes, and front loaders. This hydraulic cylinder facilitates the lifting, lowering, and tilting of the bucket, enabling efficient material handling tasks. Understanding Bucket [&hellip;]<\/p>","protected":false},"featured_media":17870,"comment_status":"open","ping_status":"closed","template":"","meta":{"_et_pb_use_builder":"","_et_pb_old_content":"","_et_gb_content_width":""},"product_brand":[],"product_cat":[1546],"product_tag":[1547,1496],"class_list":{"0":"post-19682","1":"product","2":"type-product","3":"status-publish","4":"has-post-thumbnail","6":"product_cat-boom-cylinders","7":"product_tag-boom-cylinders","8":"product_tag-hydraulic-cylinders","10":"first","11":"instock","12":"shipping-taxable","13":"product-type-simple"},"amp_enabled":true,"_links":{"self":[{"href":"https:\/\/www.hydraulic-cylinders.net\/nb\/wp-json\/wp\/v2\/product\/19682","targetHints":{"allow":["GET"]}}],"collection":[{"href":"https:\/\/www.hydraulic-cylinders.net\/nb\/wp-json\/wp\/v2\/product"}],"about":[{"href":"https:\/\/www.hydraulic-cylinders.net\/nb\/wp-json\/wp\/v2\/types\/product"}],"replies":[{"embeddable":true,"href":"https:\/\/www.hydraulic-cylinders.net\/nb\/wp-json\/wp\/v2\/comments?post=19682"}],"wp:featuredmedia":[{"embeddable":true,"href":"https:\/\/www.hydraulic-cylinders.net\/nb\/wp-json\/wp\/v2\/media\/17870"}],"wp:attachment":[{"href":"https:\/\/www.hydraulic-cylinders.net\/nb\/wp-json\/wp\/v2\/media?parent=19682"}],"wp:term":[{"taxonomy":"product_brand","embeddable":true,"href":"https:\/\/www.hydraulic-cylinders.net\/nb\/wp-json\/wp\/v2\/product_brand?post=19682"},{"taxonomy":"product_cat","embeddable":true,"href":"https:\/\/www.hydraulic-cylinders.net\/nb\/wp-json\/wp\/v2\/product_cat?post=19682"},{"taxonomy":"product_tag","embeddable":true,"href":"https:\/\/www.hydraulic-cylinders.net\/nb\/wp-json\/wp\/v2\/product_tag?post=19682"}],"curies":[{"name":"wp","href":"https:\/\/api.w.org\/{rel}","templated":true}]}}