{"id":19688,"date":"2025-04-07T07:01:54","date_gmt":"2025-04-07T07:01:54","guid":{"rendered":"https:\/\/www.hydraulic-cylinders.net\/product\/boom-cylinder-for-tiangong-zg3255lc-9\/"},"modified":"2025-04-07T07:01:59","modified_gmt":"2025-04-07T07:01:59","slug":"boom-cylinder-for-tiangong-zg3255lc-9","status":"publish","type":"product","link":"https:\/\/www.hydraulic-cylinders.net\/nb\/produkt\/boom-cylinder-for-tiangong-zg3255lc-9\/","title":{"rendered":"Bom-sylinder for Tiangong ZG3255LC-9"},"content":{"rendered":"<h1>Bom-sylinder for Tiangong ZG3255LC-9<\/h1>\n<h2>Forst\u00e5 bomsylinderen<\/h2>\n<p>Bom-sylinderen er en spesialisert hydraulisk sylinder som er utviklet for \u00e5 kontrollere bevegelsen til skuffen i diverse tunge maskiner, som gravemaskiner, traktorgravere og frontlastere. Hovedfunksjonen er \u00e5 gj\u00f8re det mulig for skuffen \u00e5 l\u00f8fte, senke og tilte, noe som muliggj\u00f8r effektive materialh\u00e5ndteringsoppgaver. Betjeningen av bom-sylindere er avgj\u00f8rende i hydrauliske systemer, ettersom de tilbyr presisjon og kraft som trengs for tunge l\u00f8fte- og graveoperasjoner.<\/p>\n<p><img decoding=\"async\" src=\"https:\/\/www.hydraulic-cylinders.net\/wp-content\/uploads\/2025\/04\/songte-company-1.webp\" alt=\"Bom-sylinder\"><\/p>\n<h2>Viktige funksjoner p\u00e5 bomsylinderen<\/h2>\n<ul>\n<li><strong>H\u00f8y styrke og holdbarhet:<\/strong> Bomsylindre er vanligvis konstruert av h\u00f8yfast st\u00e5l eller aluminium, og t\u00e5ler h\u00f8yt trykk og tunge belastninger, noe som gj\u00f8r dem ideelle for t\u00f8ffe arbeidsmilj\u00f8er. Designet deres inkluderer slitestyrke og korrosjonsbeskyttelse, noe som forlenger levetiden.<\/li>\n<li><strong>Effektiv hydraulisk drift:<\/strong> Sylinderen fungerer ved hjelp av hydraulisk oljetrykk, noe som gir jevn ut- og inntrekking. Den reagerer raskt p\u00e5 kontrollkommandoer og gir kraftig skyve- og trekkekraft som er egnet for h\u00e5ndtering av tunge gjenstander og komplekse oppgaver.<\/li>\n<li><strong>Ulike typer:<\/strong> Bomsylindre kan velges som enkeltvirkende (ved bruk av hydraulisk trykk i \u00e9n retning) eller dobbeltvirkende (ved bruk av hydraulisk trykk i begge retninger), for \u00e5 dekke ulike driftsbehov. Noen modeller er teleskopiske, noe som gir st\u00f8rre forlengelse uten \u00e5 \u00f8ke de ytre m\u00e5lene, og er egnet for bruksomr\u00e5der med begrenset plass.<\/li>\n<li><strong>Tilpassbare design:<\/strong> Vi kan produsere dette produktet, og tilbyr perfekte erstatninger for hydrauliske sylindere som brukes i ulike maskiner.<\/li>\n<li><strong>Avansert teknologi:<\/strong> Produksjonsprosessen v\u00e5r integrerer banebrytende teknologi, noe som sikrer et resultat av h\u00f8y kvalitet som oppfyller bransjestandarder.<\/li>\n<\/ul>\n<p><img decoding=\"async\" src=\"https:\/\/www.hydraulic-cylinders.net\/wp-content\/uploads\/2025\/04\/songte-cylinder-head-with-all-kinds-excavator-models.webp\" alt=\"Gravemaskinmodeller\"><\/p>\n<h2>Bruksomr\u00e5der for bomsylinderen<\/h2>\n<h3>Anleggsutstyr<\/h3>\n<p>I gravemaskiner er bomsylindre avgj\u00f8rende for graving, lasting og flytting av jord eller rusk. Evnen til \u00e5 l\u00f8fte og senke skuffen forbedrer gravemaskinens funksjonalitet, noe som muliggj\u00f8r effektiv drift i ulike anleggsoppgaver. I gravemaskinlastere hjelper disse sylindrene med b\u00e5de graving og l\u00f8fting, noe som gj\u00f8r dem uunnv\u00e6rlige i jordflyttingsprosjekter.<\/p>\n<h3>Landbruksmaskiner<\/h3>\n<p>I frontlastere er bomsylindre avgj\u00f8rende for \u00e5 utarbeide, l\u00f8fte og transportere jord, h\u00f8y og andre materialer. De muliggj\u00f8r rask og effektiv h\u00e5ndtering av landbruksoppgaver, noe som forbedrer produktiviteten p\u00e5 g\u00e5rder og i landbruksdrift.<\/p>\n<h3>Gravemaskiner<\/h3>\n<p>I gravemaskiner lar bomsylinderen skuffen trenge ned i jorden, noe som forenkler gravearbeidet. Denne funksjonen er viktig for gr\u00f8fting, fundamenteringsarbeid og forberedelse av tomten, og sikrer at oppgavene utf\u00f8res effektivt og virkningsfullt.<\/p>\n<h3>Lastere<\/h3>\n<p>I frontlastere er bomsylindrene ansvarlige for effektiv l\u00f8fting og dumping av materialer. Den sterke driften muliggj\u00f8r rask overf\u00f8ring av tunge lass, noe som optimaliserer den generelle ytelsen i bygg- og anleggs- og materialh\u00e5ndteringsapplikasjoner.<\/p>\n<h2>Designhensyn og utvalgskriterier<\/h2>\n<h3>Lastekapasitet<\/h3>\n<p>N\u00e5r man velger en bomsylinder, m\u00e5 lastekapasiteten vurderes n\u00f8ye. Denne parameteren bestemmer hvor mye vekt sylinderen kan h\u00e5ndtere uten \u00e5 svikte. En h\u00f8yere lastekapasitet betyr at sylinderen effektivt kan utf\u00f8re tyngre oppgaver, men det kommer ofte p\u00e5 bekostning av \u00f8kt st\u00f8rrelse og vekt. Derfor er det viktig \u00e5 balansere kapasiteten med maskineriets generelle design og driftskrav.<\/p>\n<h3>Tetting og holdbarhet<\/h3>\n<p>Tetting er avgj\u00f8rende i hydrauliske sylindere for \u00e5 forhindre lekkasjer og sikre effektiv drift. H\u00f8ykvalitets tetninger m\u00e5 velges basert p\u00e5 typen v\u00e6ske som brukes og driftsmilj\u00f8et. Riktig tetting opprettholder hydraulisk trykk og sikrer sylinderens levetid. I tillegg m\u00e5 materialene som brukes velges for \u00e5 motst\u00e5 slitasje, korrosjon og h\u00f8yt trykk, da disse faktorene p\u00e5virker sylinderens holdbarhet betydelig.<\/p>\n<h3>Sikkerhetsfunksjoner<\/h3>\n<p>Sikkerhet er avgj\u00f8rende i hydrauliske systemer. Bomsylindre b\u00f8r inkludere sikkerhetsfunksjoner som trykkavlastningsventiler og sikkerhetsl\u00e5ser for \u00e5 forhindre ulykker under drift. Implementering av disse sikkerhetstiltakene minimerer risikoen forbundet med hydraulisk svikt, og sikrer b\u00e5de f\u00f8rer- og utstyrssikkerhet i utfordrende milj\u00f8er.<\/p>\n<p><img decoding=\"async\" src=\"https:\/\/www.hydraulic-cylinders.net\/wp-content\/uploads\/2025\/04\/songte-oil-pipes-and-spare-parts.webp\" alt=\"Oljer\u00f8r og reservedeler\"><\/p>\n<h2>Tetting og sm\u00f8ring<\/h2>\n<p>Riktig tetting og sm\u00f8ring er avgj\u00f8rende for effektiv funksjon av bomsylindre. Ulike tetningskomponenter, som stempeltetninger og stangtetninger, brukes for \u00e5 sikre tett lukking. Slitesterke materialer som polyuretan og nitrilgummi brukes ofte til disse tetningene p\u00e5 grunn av deres utmerkede slitestyrke. Videre gjennomg\u00e5r den hydrauliske sylindersylinderens sylinder og gjengede endeflater fin bearbeiding for \u00e5 forbedre slitestyrken. Regelmessig sm\u00f8ring med hydraulikkolje er viktig for \u00e5 sikre jevn drift og forhindre slitasje.<\/p>\n<h2>Forebyggende vedlikeholdstiltak<\/h2>\n<ul>\n<li><strong>Regelmessige inspeksjoner:<\/strong> Inspiser sylindrene for tegn p\u00e5 slitasje, lekkasjer eller skader. Tidlig oppdagelse av potensielle problemer kan forhindre kostbare reparasjoner og forlenge sylinderens levetid.<\/li>\n<li><strong>Riktig sm\u00f8ring:<\/strong> S\u00f8rg for at sylinderen er tilstrekkelig smurt med riktig hydraulikkolje. Denne fremgangsm\u00e5ten reduserer friksjon og slitasje, noe som bidrar til effektiv drift av det hydrauliske systemet.<\/li>\n<li><strong>Utskifting av tetning:<\/strong> Sjekk pakningene regelmessig for skader og skift dem ut etter behov. Slitte pakninger kan f\u00f8re til lekkasjer av hydraulisk v\u00e6ske, noe som g\u00e5r utover systemets ytelse og sikkerhet.<\/li>\n<\/ul>\n<h2>Installasjonsretningslinjer<\/h2>\n<p>Riktig installasjon av bomsylinderen er avgj\u00f8rende for optimal ytelse. Ved installasjon m\u00e5 du s\u00f8rge for at sylinderen er riktig justert med maskineriet for \u00e5 unng\u00e5 un\u00f8dig belastning p\u00e5 komponentene. Det anbefales \u00e5 bruke passende monteringsbraketter for \u00e5 feste sylinderen godt. F\u00f8lg produsentens spesifikasjoner for anbefalte momentinnstillinger og installasjonsprosedyrer. Inspiser installasjonen regelmessig for tegn p\u00e5 feiljustering eller slitasje, og utf\u00f8r n\u00f8dvendige justeringer for \u00e5 opprettholde effektiv drift.<\/p>\n<h2>Vanlige vedlikeholdsoppgaver<\/h2>\n<h3>Regelmessige kontroller<\/h3>\n<p>Utf\u00f8r rutinemessige kontroller av hydrauliske systemer for \u00e5 sikre at alt fungerer som det skal. Dette inkluderer \u00e5 se etter lekkasjer, vurdere sylinderens ytelse og bekrefte at alle komponenter fungerer som tiltenkt. Tidlig oppdagelse av problemer, som uvanlige lyder eller redusert effektivitet, kan redusere reparasjonskostnadene betydelig.<\/p>\n<h3>Riktig sm\u00f8ring<\/h3>\n<p>Sm\u00f8ring er avgj\u00f8rende for den hydrauliske sylinderens levetid. Det er viktig \u00e5 bruke riktig type hydraulisk olje og s\u00f8rge for at den har anbefalt niv\u00e5. Regelmessige kontroller og bytter sm\u00f8remiddel kan forhindre mekaniske problemer for\u00e5rsaket av utilstrekkelig sm\u00f8ring, og dermed opprettholde driftseffektiviteten.<\/p>\n<h3>Utskifting av tetninger og kalibreringskontroller<\/h3>\n<p>Tetninger er utsatt for slitasje p\u00e5 grunn av det h\u00f8ye trykket og friksjonen de utsettes for under drift. Inspiser og skift ut tetninger regelmessig for \u00e5 forhindre lekkasjer. Kalibreringskontroller b\u00f8r ogs\u00e5 utf\u00f8res for \u00e5 sikre at det hydrauliske systemet fungerer innenfor spesifiserte grenser, noe som forbedrer den generelle ytelsen og sikkerheten.<\/p>\n<p><img decoding=\"async\" src=\"https:\/\/www.hydraulic-cylinders.net\/wp-content\/uploads\/2025\/04\/songte-chushion-collar.webp\" alt=\"Putekrage\"><\/p>\n<h2>Sikkerhets- og milj\u00f8hensyn<\/h2>\n<p>N\u00e5r man arbeider med hydrauliske sylindere, er sikkerhetstiltak avgj\u00f8rende. Riktig oppl\u00e6ring for operat\u00f8rer er viktig for \u00e5 sikre sikker h\u00e5ndtering av hydromekanisk utstyr. I tillegg b\u00f8r milj\u00f8vennlige fremgangsm\u00e5ter f\u00f8lges, for eksempel riktig avhending av hydrauliske v\u00e6sker og materialer. Bevissthet om potensielle farer forbundet med hydrauliske systemer vil bidra til \u00e5 opprettholde et trygt arbeidsmilj\u00f8.<\/p>\n<h2>Feils\u00f8king og vanlige problemer<\/h2>\n<ul>\n<li><strong>Lekkasjer av hydraulisk v\u00e6ske:<\/strong> Sjekk for synlige lekkasjer rundt tetninger og koblinger. Skift ut skadede tetninger og s\u00f8rg for at alle beslag er godt festet for \u00e5 forhindre v\u00e6skelekkasje.<\/li>\n<li><strong>D\u00e5rlig sylinderytelse:<\/strong> Hvis sylinderen g\u00e5r tregt, kontroller for lave v\u00e6skeniv\u00e5er eller forurensning i hydraulikkv\u00e6sken. S\u00f8rg for riktig sm\u00f8ring og sjekk for luft i systemet.<\/li>\n<li><strong>Uvanlige lyder:<\/strong> St\u00f8y kan tyde p\u00e5 mekaniske problemer i det hydrauliske systemet. Unders\u00f8k for l\u00f8se komponenter eller indre skader, og utbedre dem umiddelbart for \u00e5 unng\u00e5 ytterligere komplikasjoner.<\/li>\n<\/ul>\n<h2>Feils\u00f8kingstips og forebyggende tiltak<\/h2>\n<p>For \u00e5 effektivt diagnostisere og l\u00f8se hydrauliske problemer, m\u00e5 du opprettholde en regelmessig vedlikeholdsplan for \u00e5 oppdage potensielle problemer tidlig. Operat\u00f8rer b\u00f8r trenes til \u00e5 gjenkjenne varseltegn, som uregelmessige lyder eller ytelse, for \u00e5 handle raskt. Implementering av en rutinemessig kontroll av hydraulikkv\u00e6skeniv\u00e5er og tilstanden til pakninger kan redusere sannsynligheten for st\u00f8rre feil betydelig.<\/p>\n<p><img decoding=\"async\" src=\"https:\/\/www.hydraulic-cylinders.net\/wp-content\/uploads\/2025\/04\/songte-bushings-with-all-kinds-of-excavator-models.webp\" alt=\"Foringer med gravemaskinmodeller\"><\/p>\n<h2>Selskapsoversikt<\/h2>\n<p>Vi er en ledende produsent av hydrauliske sylindere for utskifting, med et omfattende produktsortiment som posisjonerer oss som en av de ledende produsentene og grossistene i b\u00e5de innenlandske og internasjonale markeder. Vi overholder strenge kvalitetsstandarder og bruker en raffinert produksjonsstrategi for \u00e5 forbedre v\u00e5r produksjonskapasitet. V\u00e5r teknologiske ekspertise, avanserte produksjonsutstyr og profesjonelle testsystemer lar oss kontinuerlig forbedre v\u00e5r produksjonsplattform og sikre produkter av h\u00f8yeste kvalitet. Vi er stolte av v\u00e5r evne til \u00e5 m\u00f8te ulike kundebehov med effektivitet, presisjon og fortreffelighet.<\/p>\n<p><img decoding=\"async\" src=\"https:\/\/www.hydraulic-cylinders.net\/wp-content\/uploads\/2025\/04\/songte-company-4.webp\" alt=\"Selskapsoversikt\"><br \/>\n<img decoding=\"async\" src=\"https:\/\/www.hydraulic-cylinders.net\/wp-content\/uploads\/2025\/04\/songte-company-3.webp\" alt=\"Selskapets produksjon\"><\/p>\n<p>I tillegg til v\u00e5r profesjonalitet og internasjonale sertifiseringer, tilbyr vi skreddersydde tjenester for \u00e5 m\u00f8te spesifikke kundekrav. V\u00e5re produksjonsanlegg er utstyrt med toppmoderne maskiner, noe som muliggj\u00f8r effektiv produksjon av produkter av h\u00f8y kvalitet. Videre er vi forpliktet til \u00e5 tilby eksepsjonell ettersalgsservice for \u00e5 st\u00f8tte kundene v\u00e5re lenge etter at salget er fullf\u00f8rt.<\/p>\n<p>Forfatter: lyl<\/p>","protected":false},"excerpt":{"rendered":"<p>Boom Cylinder For Tiangong ZG3255LC-9 Understanding the Boom Cylinder The Boom Cylinder is a specialized hydraulic cylinder designed to control the movement of the bucket in various heavy machinery, such as excavators, backhoe loaders, and front-end loaders. Its primary function is to enable the bucket to lift, lower, and tilt, which facilitates effective material handling [&hellip;]<\/p>","protected":false},"featured_media":17876,"comment_status":"open","ping_status":"closed","template":"","meta":{"_et_pb_use_builder":"","_et_pb_old_content":"","_et_gb_content_width":""},"product_brand":[],"product_cat":[1546],"product_tag":[1547,1496],"class_list":{"0":"post-19688","1":"product","2":"type-product","3":"status-publish","4":"has-post-thumbnail","6":"product_cat-boom-cylinders","7":"product_tag-boom-cylinders","8":"product_tag-hydraulic-cylinders","10":"first","11":"instock","12":"shipping-taxable","13":"product-type-simple"},"amp_enabled":true,"_links":{"self":[{"href":"https:\/\/www.hydraulic-cylinders.net\/nb\/wp-json\/wp\/v2\/product\/19688","targetHints":{"allow":["GET"]}}],"collection":[{"href":"https:\/\/www.hydraulic-cylinders.net\/nb\/wp-json\/wp\/v2\/product"}],"about":[{"href":"https:\/\/www.hydraulic-cylinders.net\/nb\/wp-json\/wp\/v2\/types\/product"}],"replies":[{"embeddable":true,"href":"https:\/\/www.hydraulic-cylinders.net\/nb\/wp-json\/wp\/v2\/comments?post=19688"}],"wp:featuredmedia":[{"embeddable":true,"href":"https:\/\/www.hydraulic-cylinders.net\/nb\/wp-json\/wp\/v2\/media\/17876"}],"wp:attachment":[{"href":"https:\/\/www.hydraulic-cylinders.net\/nb\/wp-json\/wp\/v2\/media?parent=19688"}],"wp:term":[{"taxonomy":"product_brand","embeddable":true,"href":"https:\/\/www.hydraulic-cylinders.net\/nb\/wp-json\/wp\/v2\/product_brand?post=19688"},{"taxonomy":"product_cat","embeddable":true,"href":"https:\/\/www.hydraulic-cylinders.net\/nb\/wp-json\/wp\/v2\/product_cat?post=19688"},{"taxonomy":"product_tag","embeddable":true,"href":"https:\/\/www.hydraulic-cylinders.net\/nb\/wp-json\/wp\/v2\/product_tag?post=19688"}],"curies":[{"name":"wp","href":"https:\/\/api.w.org\/{rel}","templated":true}]}}