{"id":19695,"date":"2025-04-07T07:02:17","date_gmt":"2025-04-07T07:02:17","guid":{"rendered":"https:\/\/www.hydraulic-cylinders.net\/product\/boom-cylinder-for-dasin-ds90-7\/"},"modified":"2025-04-07T07:02:20","modified_gmt":"2025-04-07T07:02:20","slug":"boom-cylinder-for-dasin-ds90-7","status":"publish","type":"product","link":"https:\/\/www.hydraulic-cylinders.net\/nb\/produkt\/boom-cylinder-for-dasin-ds90-7\/","title":{"rendered":"Bom-sylinder for Dasin DS90-7"},"content":{"rendered":"<h1>Bom-sylinder for Dasin DS90-7<\/h1>\n<h2>Introduksjon til bomsylinderen<\/h2>\n<p>Bom-sylinderen er en viktig komponent i hydrauliske systemer, spesielt utviklet for \u00e5 kontrollere bevegelsen til skuffen i diverse tunge maskiner som gravemaskiner, traktorgravere og frontlastere. Denne hydrauliske sylinderen gj\u00f8r at skuffen kan l\u00f8ftes, senkes og vippes, noe som gj\u00f8r den viktig for effektive materialh\u00e5ndteringsoppgaver. Skuffesylinderen fungerer ved \u00e5 bruke hydraulisk oljetrykk, noe som gir jevne og kraftige bevegelser, noe som er avgj\u00f8rende i bygg- og anleggsvirksomhet og landbruksdrift.<\/p>\n<p><img decoding=\"async\" src=\"https:\/\/www.hydraulic-cylinders.net\/wp-content\/uploads\/2025\/04\/songte-company-1.webp\" alt=\"Bom-sylinder\"><\/p>\n<h2>Funksjoner p\u00e5 bomsylinderen<\/h2>\n<ul>\n<li>\n<h3>H\u00f8y styrke og holdbarhet<\/h3>\n<p>Boomsylinderen er vanligvis konstruert av h\u00f8yfast st\u00e5l eller aluminium, og t\u00e5ler h\u00f8yt trykk og tunge belastninger, noe som gj\u00f8r den egnet for t\u00f8ffe arbeidsmilj\u00f8er. Designet inkluderer hensyn til slitestyrke og korrosjonsbestandighet, noe som forlenger levetiden betydelig.<\/p>\n<\/li>\n<li>\n<h3>Effektiv hydraulisk drift<\/h3>\n<p>Ved \u00e5 utnytte trykket fra hydraulikkoljen oppn\u00e5r bomsylinderen jevne ut- og inntrekksbevegelser. Den reagerer raskt p\u00e5 kontrollkommandoer og leverer betydelig skyve- og trekkkraft, ideell for h\u00e5ndtering av tunge og komplekse oppgaver.<\/p>\n<\/li>\n<li>\n<h3>Ulike typer<\/h3>\n<p>Bom-sylinderen finnes i forskjellige typer, med enkeltvirkende (hydraulisk kraft i \u00e9n retning) eller dobbeltvirkende (hydraulisk kraft i begge retninger) for \u00e5 m\u00f8te ulike driftskrav. Noen modeller er teleskopiske, noe som tillater st\u00f8rre forlengelse uten \u00e5 \u00f8ke de ytre m\u00e5lene, noe som er fordelaktig for bruksomr\u00e5der med begrenset plass.<\/p>\n<\/li>\n<li>\n<h3>Tilpasset produksjon<\/h3>\n<p>Vi har kapasitet til \u00e5 produsere dette produktet, noe som sikrer at v\u00e5re hydrauliske sylindere erstatter eksisterende modeller p\u00e5 en perfekt m\u00e5te, og dermed opprettholder driftseffektivitet og p\u00e5litelighet.<\/p>\n<\/li>\n<\/ul>\n<p><img decoding=\"async\" src=\"https:\/\/www.hydraulic-cylinders.net\/wp-content\/uploads\/2025\/04\/songte-cylinder-head-with-all-kinds-excavator-models.webp\" alt=\"Gravemaskinmodeller\"><\/p>\n<h2>Bruksomr\u00e5der for bomsylinderen<\/h2>\n<ul>\n<li>\n<h3>Anleggsutstyr<\/h3>\n<p>I gravemaskiner er bomsylinderen avgj\u00f8rende for graving, lasting og flytting av jord eller rusk. Den spiller en dobbel rolle i gravemaskiner ved \u00e5 hjelpe til med b\u00e5de grave- og l\u00f8fteoperasjoner. Presisjonen og kraften til bomsylinderen sikrer at disse maskinene kan utf\u00f8re oppgavene sine effektivt, noe som bidrar betydelig til prosjektets tidslinjer og produktivitet.<\/p>\n<\/li>\n<li>\n<h3>Landbruksmaskiner<\/h3>\n<p>I frontlastere forenkler bomsylinderen utgraving, l\u00f8fting og transport av jord, h\u00f8y og annet materiale. Den effektive driften gj\u00f8r at b\u00f8nder kan fullf\u00f8re oppgaver raskt og effektivt, noe som \u00f8ker produktiviteten p\u00e5 g\u00e5rder og i landbruksdriften.<\/p>\n<\/li>\n<li>\n<h3>Gravemaskiner<\/h3>\n<p>Bom-sylinderen er avgj\u00f8rende i gravemaskiner, da den gj\u00f8r at skuffen kan trenge effektivt ned i jorden. Denne egenskapen er viktig for ulike jordforhold, slik at f\u00f8rere kan grave med presisjon og effektivitet, noe som er avgj\u00f8rende for fundamenteringsarbeid og landskapsarbeid.<\/p>\n<\/li>\n<li>\n<h3>Lastere<\/h3>\n<p>I frontlastere hjelper bomsylinderen med \u00e5 l\u00f8fte og dumpe last effektivt. Enten det er snakk om \u00e5 flytte materialer p\u00e5 en byggeplass eller overf\u00f8re last, sikrer bomsylinderens p\u00e5litelighet effektiv ytelse og driftssikkerhet.<\/p>\n<\/li>\n<\/ul>\n<h2>Designhensyn og utvalgsstandarder<\/h2>\n<ul>\n<li>\n<h3>Lastekapasitet<\/h3>\n<p>Utformingen av en bomsylinder m\u00e5 prioritere lastekapasitet, og sikre at den kan h\u00e5ndtere den maksimale vekten den vil m\u00f8te under drift. Faktorer som materialstyrke, sylinderdiameter og stangst\u00f8rrelse bidrar alle til dens totale lastekapasitet. Tilstrekkelig konstruksjon og materialvalg er n\u00f8dvendig for \u00e5 unng\u00e5 feil og sikre sikkerhet under drift.<\/p>\n<\/li>\n<li>\n<h3>Tettingsintegritet<\/h3>\n<p>Effektiv tetting er avgj\u00f8rende for \u00e5 opprettholde hydraulisk trykk i sylinderen. Designet m\u00e5 inneholde tetninger av h\u00f8y kvalitet som t\u00e5ler slitasje og milj\u00f8faktorer. Regelmessig inspeksjon av tetninger er n\u00f8dvendig for \u00e5 forhindre lekkasjer, noe som kan g\u00e5 ut over ytelse og sikkerhet.<\/p>\n<\/li>\n<li>\n<h3>Varighet<\/h3>\n<p>En slitesterk design gj\u00f8r at bomsylinderen kan fungere effektivt over lange perioder, selv i utfordrende milj\u00f8er. Materialene som brukes skal motst\u00e5 slitasje, korrosjon og utmatting, noe som sikrer lang levetid og reduserer behovet for hyppige utskiftinger eller reparasjoner.<\/p>\n<\/li>\n<li>\n<h3>Sikkerhetsfunksjoner<\/h3>\n<p>Det er viktig \u00e5 implementere sikkerhetsfunksjoner som trykkavlastningsventiler og overbelastningsbeskyttelse. Disse tiltakene forhindrer katastrofale feil og sikrer sikker drift under varierende forhold. Utformingen b\u00f8r ogs\u00e5 s\u00f8rge for enkel tilgang til vedlikehold for \u00e5 forbedre sikkerheten under reparasjoner og kontroller.<\/p>\n<\/li>\n<li>\n<h3>Vedlikeholdbarhet<\/h3>\n<p>Det er viktig \u00e5 designe bomsylinderen for enkelt vedlikehold for \u00e5 minimere nedetid. \u00c5 inkludere funksjoner som gir enkel tilgang til tetninger og hydrauliske ledninger vil legge til rette for regelmessig vedlikehold og inspeksjoner, og sikre at sylinderen forblir i optimal driftstilstand.<\/p>\n<\/li>\n<\/ul>\n<p><img decoding=\"async\" src=\"https:\/\/www.hydraulic-cylinders.net\/wp-content\/uploads\/2025\/04\/songte-oil-pipes-and-spare-parts.webp\" alt=\"Hydrauliske deler\"><\/p>\n<h2>Tetting og sm\u00f8ring<\/h2>\n<p>Riktig tetting og sm\u00f8ring er avgj\u00f8rende for bomsylinderens levetid og ytelse. Ulike tetningskomponenter, som stempeltetninger og stangtetninger, brukes til \u00e5 opprettholde hydraulisk trykk. Tetninger laget av slitesterke materialer som polyuretan og nitrilgummi gir motstand mot slitasje. I tillegg m\u00e5 sylinderhuset og gjengede ender gjennomg\u00e5 presisjonsbearbeiding for \u00e5 forbedre slitestyrken.<\/p>\n<p>Regelmessig sm\u00f8ring med passende hydraulikkolje er viktig for \u00e5 redusere friksjon og slitasje p\u00e5 bevegelige deler. \u00c5 sikre riktig oljeniv\u00e5 og -type vil optimalisere sylinderens ytelse, noe som gir jevn drift og forlenger levetiden. Regelmessige kontroller og rettidige oljeskift er n\u00f8dvendige for \u00e5 opprettholde effektive hydrauliske funksjoner.<\/p>\n<h2>Vedlikeholdsanbefalinger<\/h2>\n<ul>\n<li>\n<h3>Regelmessige inspeksjoner<\/h3>\n<p>Det er avgj\u00f8rende \u00e5 gjennomf\u00f8re periodiske inspeksjoner for \u00e5 identifisere potensielle problemer f\u00f8r de eskalerer. Disse inspeksjonene b\u00f8r omfatte kontroll av lekkasjer, vurdering av tilstanden til pakningene og unders\u00f8kelse av sylinderens generelle integritet. Tidlig oppdagelse av slitasje kan spare tid og kostnader forbundet med omfattende reparasjoner.<\/p>\n<\/li>\n<li>\n<h3>Riktig sm\u00f8ring<\/h3>\n<p>Det er viktig \u00e5 opprettholde riktig sm\u00f8reniv\u00e5 for \u00e5 sikre problemfri drift av bomsylinderen. Regelmessig kontroll av hydraulikkoljeniv\u00e5ene og utskifting eller etterfylling etter behov vil forhindre overoppheting og overdreven slitasje, noe som bidrar til sylinderens levetid.<\/p>\n<\/li>\n<li>\n<h3>Utskifting av tetninger og kalibreringskontroller<\/h3>\n<p>Over tid kan pakninger slites ut og trenge utskifting for \u00e5 opprettholde hydraulisk effektivitet. Det er viktig \u00e5 ha en plan for inspeksjoner og utskiftinger av pakninger. Kalibreringskontroller sikrer at sylinderens ytelse er i samsvar med driftsstandarder, noe som muliggj\u00f8r sikker og effektiv bruk.<\/p>\n<\/li>\n<\/ul>\n<p><img decoding=\"async\" src=\"https:\/\/www.hydraulic-cylinders.net\/wp-content\/uploads\/2025\/04\/songte-chushion-collar.webp\" alt=\"Putekrage\"><\/p>\n<h2>Sikkerhets- og milj\u00f8hensyn<\/h2>\n<p>Sikkerhetstiltak er avgj\u00f8rende n\u00e5r man bruker hydrauliske sylindere som bomsylinderen. Operat\u00f8rer b\u00f8r f\u00f8lge sikkerhetsprotokoller, inkludert bruk av passende personlig verneutstyr (PPE) og s\u00f8rge for at alle sikkerhetsfunksjoner fungerer. Milj\u00f8faktorer m\u00e5 ogs\u00e5 tas i betraktning, for eksempel \u00e5 forhindre lekkasjer av hydraulisk v\u00e6ske som kan skade det omkringliggende \u00f8kosystemet. Riktig oppsamling og avhending av hydrauliske v\u00e6sker er n\u00f8dvendig for \u00e5 beskytte b\u00e5de personell og milj\u00f8et.<\/p>\n<h2>Feils\u00f8king av vanlige problemer<\/h2>\n<ul>\n<li>\n<h3>Hydraulisk lekkasje<\/h3>\n<p>Et av de vanligste problemene med hydrauliske sylindere er lekkasje. Det kan skyldes slitte pakninger eller skadede sylinderhus. Regelmessig inspeksjon og vedlikehold kan bidra til \u00e5 identifisere lekkasjer tidlig, noe som muliggj\u00f8r rettidige reparasjoner for \u00e5 unng\u00e5 tap av hydraulisk trykk og ytelse.<\/p>\n<\/li>\n<li>\n<h3>Langsom eller uresponsiv bevegelse<\/h3>\n<p>Hvis bomsylinderen g\u00e5r sakte eller ikke reagerer p\u00e5 kontroller, kan det tyde p\u00e5 lavt hydraulikkoljeniv\u00e5, luft i systemet eller defekte komponenter. Kontroll av hydraulikkv\u00e6skeniv\u00e5ene og lufting av systemet kan ofte l\u00f8se disse problemene.<\/p>\n<\/li>\n<li>\n<h3>Uvanlige lyder<\/h3>\n<p>Merkelige lyder under drift kan tyde p\u00e5 innvendig slitasje eller skade. Dette kan skyldes utilstrekkelig sm\u00f8ring eller slitte lagre. Regelmessig vedlikehold og rask oppmerksomhet mot uvanlige lyder kan forhindre ytterligere skade og kostbare reparasjoner.<\/p>\n<\/li>\n<\/ul>\n<p><img decoding=\"async\" src=\"https:\/\/www.hydraulic-cylinders.net\/wp-content\/uploads\/2025\/04\/songte-bushings-with-all-kinds-of-excavator-models.webp\" alt=\"Modeller av foringer\"><\/p>\n<h2>Konklusjon<\/h2>\n<p>Vi er en ledende produsent av hydrauliske sylindere for utskifting, med et variert produktsortiment som posisjonerer oss som en n\u00f8kkelakt\u00f8r i b\u00e5de innenlandske og internasjonale markeder. Vi overholder eksepsjonelle kvalitetsstandarder, st\u00f8ttet av en grundig produksjonsstrategi. V\u00e5rt selskap benytter seg av dyktig teknisk personell, avansert digitalt produksjonsutstyr og et robust inspeksjonssystem for \u00e5 forbedre produksjonseffektiviteten og produktkvaliteten.<\/p>\n<p>Med en forpliktelse til \u00e5 oppfylle ulike kundebehov, tilbyr vi tilpassede tjenester, spesialisert produksjonsutstyr og omfattende ettersalgsst\u00f8tte. V\u00e5rt fokus p\u00e5 profesjonalitet og internasjonale sertifiseringer styrker v\u00e5r troverdighet i hydrauliske sylinderbransjen.<\/p>\n<p><img decoding=\"async\" src=\"https:\/\/www.hydraulic-cylinders.net\/wp-content\/uploads\/2025\/04\/songte-company-4.webp\" alt=\"Selskapsoversikt\"><br \/>\n<img decoding=\"async\" src=\"https:\/\/www.hydraulic-cylinders.net\/wp-content\/uploads\/2025\/04\/songte-company-3.webp\" alt=\"Selskapets produksjon\"><\/p>\n<p>Forfatter: lyl<\/p>","protected":false},"excerpt":{"rendered":"<p>Boom Cylinder For Dasin DS90-7 Introduction to the Boom Cylinder The Boom Cylinder is a vital component in hydraulic systems, specifically designed to control the movement of the bucket in various heavy machinery such as excavators, backhoe loaders, and front loaders. This hydraulic cylinder enables the bucket to lift, lower, and tilt, making it essential [&hellip;]<\/p>","protected":false},"featured_media":17868,"comment_status":"open","ping_status":"closed","template":"","meta":{"_et_pb_use_builder":"","_et_pb_old_content":"","_et_gb_content_width":""},"product_brand":[],"product_cat":[1546],"product_tag":[1547,1496],"class_list":{"0":"post-19695","1":"product","2":"type-product","3":"status-publish","4":"has-post-thumbnail","6":"product_cat-boom-cylinders","7":"product_tag-boom-cylinders","8":"product_tag-hydraulic-cylinders","10":"first","11":"instock","12":"shipping-taxable","13":"product-type-simple"},"amp_enabled":true,"_links":{"self":[{"href":"https:\/\/www.hydraulic-cylinders.net\/nb\/wp-json\/wp\/v2\/product\/19695","targetHints":{"allow":["GET"]}}],"collection":[{"href":"https:\/\/www.hydraulic-cylinders.net\/nb\/wp-json\/wp\/v2\/product"}],"about":[{"href":"https:\/\/www.hydraulic-cylinders.net\/nb\/wp-json\/wp\/v2\/types\/product"}],"replies":[{"embeddable":true,"href":"https:\/\/www.hydraulic-cylinders.net\/nb\/wp-json\/wp\/v2\/comments?post=19695"}],"wp:featuredmedia":[{"embeddable":true,"href":"https:\/\/www.hydraulic-cylinders.net\/nb\/wp-json\/wp\/v2\/media\/17868"}],"wp:attachment":[{"href":"https:\/\/www.hydraulic-cylinders.net\/nb\/wp-json\/wp\/v2\/media?parent=19695"}],"wp:term":[{"taxonomy":"product_brand","embeddable":true,"href":"https:\/\/www.hydraulic-cylinders.net\/nb\/wp-json\/wp\/v2\/product_brand?post=19695"},{"taxonomy":"product_cat","embeddable":true,"href":"https:\/\/www.hydraulic-cylinders.net\/nb\/wp-json\/wp\/v2\/product_cat?post=19695"},{"taxonomy":"product_tag","embeddable":true,"href":"https:\/\/www.hydraulic-cylinders.net\/nb\/wp-json\/wp\/v2\/product_tag?post=19695"}],"curies":[{"name":"wp","href":"https:\/\/api.w.org\/{rel}","templated":true}]}}