{"id":19699,"date":"2025-04-07T07:02:28","date_gmt":"2025-04-07T07:02:28","guid":{"rendered":"https:\/\/www.hydraulic-cylinders.net\/product\/boom-cylinder-for-sinomach-zg3065-9b\/"},"modified":"2025-04-07T07:02:31","modified_gmt":"2025-04-07T07:02:31","slug":"boom-cylinder-for-sinomach-zg3065-9b","status":"publish","type":"product","link":"https:\/\/www.hydraulic-cylinders.net\/nb\/produkt\/boom-cylinder-for-sinomach-zg3065-9b\/","title":{"rendered":"Bom-sylinder for Sinomach ZG3065-9B"},"content":{"rendered":"<h1>Bom-sylinder for Sinomach ZG3065-9B<\/h1>\n<h2>Definisjon og oversikt over b\u00f8ttesylinder<\/h2>\n<p>Bom-sylinderen, ofte referert til som en skuffe-sylinder, er en kritisk komponent i hydrauliske systemer, spesielt utviklet for \u00e5 kontrollere bevegelsen av skuffer i diverse tunge maskiner som gravemaskiner, traktorgravere og frontlastere. Denne hydrauliske sylinderen gj\u00f8r det mulig \u00e5 l\u00f8fte, senke og tilte skuffen, noe som muliggj\u00f8r effektive materialh\u00e5ndteringsoppgaver. Funksjonaliteten til bom-sylinderen er avgj\u00f8rende for drift av tungt utstyr, ettersom den utnytter hydraulisk trykk for \u00e5 gi den n\u00f8dvendige kraften for \u00e5 flytte tunge laster med presisjon.<\/p>\n<p>I hydrauliske systemer spiller bomsylinderen en viktig rolle ved \u00e5 omdanne hydraulisk energi til mekanisk energi, slik at operat\u00f8rer kan utf\u00f8re komplekse oppgaver med letthet. Denne sylinderen er konstruert for \u00e5 t\u00e5le h\u00f8yt trykk og tunge belastninger, noe som sikrer holdbarhet og p\u00e5litelighet i krevende milj\u00f8er. Designet tar hensyn til slitestyrke og korrosjonsbeskyttelse, noe som forlenger produktets levetid og opprettholder optimal ytelse selv under t\u00f8ffe forhold.<\/p>\n<p><img decoding=\"async\" src=\"https:\/\/www.hydraulic-cylinders.net\/wp-content\/uploads\/2025\/04\/songte-company-1.webp\" alt=\"Bom-sylinder for Sinomach ZG3065-9B\"><\/p>\n<h2>Funksjoner p\u00e5 bomsylinderen<\/h2>\n<ul>\n<li>\n<h3>H\u00f8y styrke og holdbarhet<\/h3>\n<p>Denne sylinderen er vanligvis laget av h\u00f8yfast st\u00e5l eller aluminium, og t\u00e5ler h\u00f8yt trykk og tunge belastninger, noe som gj\u00f8r den egnet for t\u00f8ffe arbeidsmilj\u00f8er. Designet har slitestyrke og korrosjonsbeskyttelse, noe som forlenger levetiden.<\/li>\n<li>\n<h3>Effektiv hydraulisk drift<\/h3>\n<p>Bom-sylinderen bruker hydraulisk oljetrykk for jevn forlengelse og inntrekking, noe som gir rask respons p\u00e5 f\u00f8rerkommandoer og kraftige skyve- og trekkeegenskaper, ideelle for h\u00e5ndtering av tunge og komplekse oppgaver.<\/li>\n<li>\n<h3>Ulike typer<\/h3>\n<p>Tilgjengelig i enkeltvirkende (i \u00e9n retning) og dobbeltvirkende (i begge retninger) konfigurasjoner for \u00e5 m\u00f8te ulike driftsbehov. Noen modeller er teleskopiske, noe som muliggj\u00f8r st\u00f8rre forlengelse uten \u00e5 \u00f8ke de ytre m\u00e5lene, egnet for plassbegrensede applikasjoner.<\/li>\n<li>\n<h3>Avansert design<\/h3>\n<p>Bom-sylinderen er konstruert med presisjon for \u00e5 sikre optimal ytelse og p\u00e5litelighet, og er produsert under strenge kvalitetskontrollprosesser for \u00e5 oppfylle bransjestandarder.<\/li>\n<li>\n<h3>Omfattende erstatningsalternativer<\/h3>\n<p>Produktene v\u00e5re kan erstatte eksisterende hydrauliske sylindere p\u00e5 en perfekt m\u00e5te, og sikrer kompatibilitet og konsistens i maskinene dine.<\/h3>\n<\/li>\n<\/ul>\n<p><img decoding=\"async\" src=\"https:\/\/www.hydraulic-cylinders.net\/wp-content\/uploads\/2025\/04\/songte-cylinder-head-with-all-kinds-excavator-models.webp\" alt=\"Utskiftingsalternativer for bomsylinder\"><\/p>\n<h2>Bruksomr\u00e5der for bomsylinder<\/h2>\n<h3>Anleggsutstyr<\/h3>\n<p>I gravemaskiner er bomsylindre avgj\u00f8rende for graving, lasting og flytting av jord eller rusk. De gir den n\u00f8dvendige hydrauliske kraften som gj\u00f8r at skuffen kan trenge effektivt ned i bakken. I gravemaskinlastere hjelper disse sylindrene ikke bare med utgraving, men ogs\u00e5 med l\u00f8fteoperasjoner, noe som gj\u00f8r dem til allsidige verkt\u00f8y i byggeprosjekter.<\/p>\n<h3>Landbruksmaskiner<\/h3>\n<p>I frontlastere spiller bomsylindre en avgj\u00f8rende rolle i utgraving, l\u00f8fting og transport av jord, h\u00f8y og annet materiale. De forbedrer lasterens evne til \u00e5 h\u00e5ndtere ulike landbruksoppgaver effektivt, enten det er \u00e5 flytte f\u00f4r, rydde rusk eller jevne ut terreng.<\/p>\n<h3>Gravemaskiner<\/h3>\n<p>I gravemaskiner gj\u00f8r bomsylinderen det mulig for skuffen \u00e5 trenge ned i jorden, noe som muliggj\u00f8r effektive graveoperasjoner. Denne funksjonaliteten er kritisk i bygge- og landskapsprosjekter, der presis utgraving er n\u00f8dvendig for \u00e5 sikre prosjektets integritet.<\/p>\n<h3>Lastere<\/h3>\n<p>I frontlastere hjelper bomsylindre med \u00e5 l\u00f8fte og dumpe last effektivt. De er konstruert for \u00e5 h\u00e5ndtere ulike typer materialer, og gir den n\u00f8dvendige styrken til \u00e5 h\u00e5ndtere tunge laster i bruksomr\u00e5der som spenner fra bygg og anlegg til avfallsh\u00e5ndtering.<\/p>\n<h2>Designhensyn og utvalgskriterier<\/h2>\n<h3>Lastekapasitet<\/h3>\n<p>Bom-sylinderens lastekapasitet er avgj\u00f8rende for \u00e5 sikre at den kan h\u00e5ndtere vekten og trykket som ut\u00f8ves under drift. Ingeni\u00f8rer m\u00e5 vurdere den maksimale vekten som sylinderen forventes \u00e5 l\u00f8fte og designe den deretter for \u00e5 forhindre svikt under tunge belastninger.<\/p>\n<h3>Tettingsintegritet<\/h3>\n<p>Effektiv tetting er avgj\u00f8rende for \u00e5 forhindre lekkasjer av hydraulisk v\u00e6ske, som kan svekke sylinderens ytelse. Inkludering av h\u00f8ykvalitetspakninger, som stempel- og stangpakninger laget av slitesterke materialer, sikrer lang levetid og p\u00e5litelighet i hydrauliske operasjoner.<\/p>\n<h3>Holdbarhet og slitestyrke<\/h3>\n<p>Materialene som brukes i produksjonen av bomsylindere m\u00e5 v\u00e6re motstandsdyktige mot slitasje. Hyppig bruk i utfordrende milj\u00f8er krever en robust design som t\u00e5ler slitende forhold og langvarig eksponering for t\u00f8ffe elementer.<\/p>\n<h3>Sikkerhetsfunksjoner<\/h3>\n<p>\u00c5 designe bomsylindere med sikkerhetsfunksjoner, som trykkavlastningsventiler, sikrer at sylinderen opererer innenfor trygge grenser. Dette minimerer risikoen for ulykker og forbedrer den generelle sikkerheten til maskineriet den er installert i.<\/p>\n<h3>Vedlikeholdstilgjengelighet<\/h3>\n<p>Det er viktig \u00e5 ta hensyn til tilgjengelighet for vedlikehold i designfasen. Komponenter b\u00f8r arrangeres slik at de gir enkel tilgang for inspeksjoner, reparasjoner og utskiftinger, slik at vedlikeholdsoppgaver kan utf\u00f8res effektivt og virkningsfullt.<\/p>\n<p><img decoding=\"async\" src=\"https:\/\/www.hydraulic-cylinders.net\/wp-content\/uploads\/2025\/04\/songte-oil-pipes-and-spare-parts.webp\" alt=\"Hensyn til design av bomsylinder\"><\/p>\n<h2>Tetting og sm\u00f8ring<\/h2>\n<p>Effektiv tetting oppn\u00e5s ved bruk av ulike tetningskomponenter som stempeltetninger og stangtetninger, som er essensielle for \u00e5 opprettholde hydraulisk trykk. \u00c5 velge tetninger laget av slitesterke materialer som polyuretan og nitrilgummi forbedrer slitestyrken og levetiden. Sylinderhuset og gjengede endeflater gjennomg\u00e5r presisjonsbearbeiding for \u00e5 forbedre holdbarheten mot slitasje.<\/p>\n<p>Regelmessig sm\u00f8ring med hydraulikkolje er avgj\u00f8rende for problemfri drift av bomsylinderen. En tilstrekkelig mengde hydraulikkv\u00e6ske m\u00e5 spr\u00f8ytes inn med jevne mellomrom for \u00e5 sikre at alle bevegelige deler forblir smurt, noe som reduserer friksjon og forhindrer for tidlig slitasje.<\/p>\n<h2>Forebyggende vedlikeholdstiltak<\/h2>\n<ul>\n<li>\n<h3>Regelmessige inspeksjoner<\/h3>\n<p>Regelmessige inspeksjoner av bomsylinderen bidrar til \u00e5 identifisere potensielle problemer f\u00f8r de eskalerer. Dette inkluderer kontroll av lekkasjer, unormal slitasje og driftsytelse.<\/h3>\n<\/li>\n<li>\n<h3>Riktig sm\u00f8ring<\/h3>\n<p>\u00c5 s\u00f8rge for at sylinderen er tilstrekkelig smurt med riktig type hydraulisk olje er avgj\u00f8rende for \u00e5 opprettholde problemfri drift og forlenge komponentens levetid.<\/h3>\n<\/li>\n<li>\n<h3>Utskifting av tetning<\/h3>\n<p>Over tid kan pakninger bli slitt ned og m\u00e5 skiftes ut. Regelmessige kontroller og rettidig utskifting kan forhindre lekkasjer og opprettholde effektiviteten.<\/h3>\n<\/li>\n<\/ul>\n<h2>Installasjonsretningslinjer<\/h2>\n<p>Riktig montering av bomsylinderen er avgj\u00f8rende for dens ytelse. Begynn med \u00e5 s\u00f8rge for at arbeidsomr\u00e5det er rent og fritt for rusk. Juster sylinderen n\u00f8yaktig med monteringspunktene p\u00e5 maskineriet for \u00e5 forhindre feiljustering som kan f\u00f8re til for tidlig slitasje. Bruk passende monteringsbraketter for \u00e5 feste sylinderen godt p\u00e5 plass.<\/p>\n<p>F\u00f8lg produsentens spesifikasjoner ang\u00e5ende momentinnstillinger og tilkoblingstyper for \u00e5 sikre en sikker installasjon. Etter installasjon, kontroller justeringen og s\u00f8rg for at alle hydrauliske tilkoblinger er stramme. Start maskinen og utf\u00f8r en pr\u00f8vekj\u00f8ring for \u00e5 bekrefte at sylinderen fungerer problemfritt uten lekkasjer.<\/p>\n<h2>Vanlige vedlikeholdsoppgaver<\/h2>\n<ul>\n<li>\n<h3>Regelmessige inspeksjoner<\/h3>\n<p>Hyppige kontroller av bomsylinderen for tegn p\u00e5 slitasje, lekkasjer eller andre problemer er n\u00f8dvendige for \u00e5 sikre kontinuerlig ytelse. Tidlig oppdagelse av problemer kan forhindre betydelige feil og kostbare reparasjoner.<\/h3>\n<\/li>\n<li>\n<h3>Riktig sm\u00f8ring<\/h3>\n<p>Det er viktig \u00e5 sm\u00f8re sylinderen regelmessig med anbefalt hydraulikkolje. Dette reduserer friksjon og slitasje, noe som bidrar til lengre levetid for det hydrauliske systemet.<\/h3>\n<\/li>\n<li>\n<h3>Utskifting og kalibrering av tetning<\/h3>\n<p>Inspiser og skift ut pakninger etter behov for \u00e5 opprettholde den hydrauliske integriteten. Regelmessige kalibreringskontroller sikrer at sylinderen fungerer innenfor spesifiserte parametere, noe som forbedrer ytelse og sikkerhet.<\/h3>\n<\/li>\n<\/ul>\n<p><img decoding=\"async\" src=\"https:\/\/www.hydraulic-cylinders.net\/wp-content\/uploads\/2025\/04\/songte-chushion-collar.webp\" alt=\"Retningslinjer for installasjon av bomsylinder\"><\/p>\n<h2>Sikkerhetshensyn og milj\u00f8faktorer<\/h2>\n<p>Ved bruk av hydrauliske sylindere er sikkerhetstiltak avgj\u00f8rende. Operat\u00f8rer m\u00e5 v\u00e6re oppl\u00e6rt til \u00e5 h\u00e5ndtere utstyr riktig, og s\u00f8rge for at de f\u00f8lger alle sikkerhetsprotokoller. Bruk av passende personlig verneutstyr (PPE) og overholdelse av driftsretningslinjer kan redusere risikoen for ulykker og skader p\u00e5 arbeidsplassen betydelig.<\/p>\n<h2>Feils\u00f8king og vanlige problemer<\/h2>\n<ul>\n<li>\n<h3>Hydrauliske lekkasjer<\/h3>\n<p>Lekkasjer kan oppst\u00e5 p\u00e5 grunn av slitte pakninger eller skadede slanger. \u00c5 adressere lekkasjer raskt er avgj\u00f8rende for \u00e5 opprettholde ytelsen og forhindre ytterligere skade.<\/h3>\n<\/li>\n<li>\n<h3>D\u00e5rlig ytelse<\/h3>\n<p>Hvis sylinderen ikke reagerer som forventet, kan det tyde p\u00e5 luft i det hydrauliske systemet eller lavt niv\u00e5 av hydraulisk v\u00e6ske. Regelmessige kontroller kan forhindre dette problemet.<\/h3>\n<\/li>\n<li>\n<h3>Overdreven slitasje<\/h3>\n<p>Hyppige inspeksjoner kan avdekke tegn p\u00e5 overdreven slitasje, noe som f\u00f8rer til rettidig vedlikehold for \u00e5 redusere ytterligere skade.<\/h3>\n<\/li>\n<\/ul>\n<p>Implementering av forebyggende tiltak og regelmessig vedlikehold kan bidra til \u00e5 minimere potensielle problemer, og sikre at bomsylinderen fungerer effektivt.<\/p>\n<p><img decoding=\"async\" src=\"https:\/\/www.hydraulic-cylinders.net\/wp-content\/uploads\/2025\/04\/songte-bushings-with-all-kinds-of-excavator-models.webp\" alt=\"Feils\u00f8king av bomsylinder\"><\/p>\n<h2>Om selskapet v\u00e5rt<\/h2>\n<p>Vi er en produsent som spesialiserer oss p\u00e5 hydrauliske reservesylindere, og tilbyr et omfattende utvalg av produkter. Som en av de ledende produsentene og grossistene av hydrauliske sylindere i det innenlandske og internasjonale markedet, er vi forpliktet til kvalitet i toppklasse. V\u00e5r strategi for industriell produksjonsstyring vektlegger presisjonsproduksjon, st\u00f8ttet av teknisk talent og bruk av avansert digitalt produksjonsutstyr.<\/p>\n<p>V\u00e5r kontinuerlige forbedring av produksjonsplattformer og produktkvalitetsruter gjenspeiler v\u00e5re sterke kreative evner, og sikrer at vi m\u00f8ter ulike kundebehov med h\u00f8y effektivitet, n\u00f8yaktighet og kvalitetsprinsipper. Tilbudene v\u00e5re inkluderer tilpassede tjenester, profesjonelle sertifiseringer og robust ettersalgsst\u00f8tte for \u00e5 sikre kundetilfredshet.<\/p>\n<p><img decoding=\"async\" src=\"https:\/\/www.hydraulic-cylinders.net\/wp-content\/uploads\/2025\/04\/songte-company-4.webp\" alt=\"V\u00e5rt selskapsoversikt\"><br \/>\n<img decoding=\"async\" src=\"https:\/\/www.hydraulic-cylinders.net\/wp-content\/uploads\/2025\/04\/songte-company-3.webp\" alt=\"V\u00e5re produksjonsmuligheter\"><\/p>\n<p>Forfatter: lyl<\/p>","protected":false},"excerpt":{"rendered":"<p>Boom Cylinder For Sinomach ZG3065-9B Definition and Overview of Bucket Cylinder The boom cylinder, commonly referred to as a bucket cylinder, is a critical component in hydraulic systems, specifically designed to control the movement of buckets in various heavy machinery such as excavators, backhoe loaders, and front loaders. This hydraulic cylinder enables the bucket to [&hellip;]<\/p>","protected":false},"featured_media":17872,"comment_status":"open","ping_status":"closed","template":"","meta":{"_et_pb_use_builder":"","_et_pb_old_content":"","_et_gb_content_width":""},"product_brand":[],"product_cat":[1546],"product_tag":[1547,1496],"class_list":{"0":"post-19699","1":"product","2":"type-product","3":"status-publish","4":"has-post-thumbnail","6":"product_cat-boom-cylinders","7":"product_tag-boom-cylinders","8":"product_tag-hydraulic-cylinders","10":"first","11":"instock","12":"shipping-taxable","13":"product-type-simple"},"amp_enabled":true,"_links":{"self":[{"href":"https:\/\/www.hydraulic-cylinders.net\/nb\/wp-json\/wp\/v2\/product\/19699","targetHints":{"allow":["GET"]}}],"collection":[{"href":"https:\/\/www.hydraulic-cylinders.net\/nb\/wp-json\/wp\/v2\/product"}],"about":[{"href":"https:\/\/www.hydraulic-cylinders.net\/nb\/wp-json\/wp\/v2\/types\/product"}],"replies":[{"embeddable":true,"href":"https:\/\/www.hydraulic-cylinders.net\/nb\/wp-json\/wp\/v2\/comments?post=19699"}],"wp:featuredmedia":[{"embeddable":true,"href":"https:\/\/www.hydraulic-cylinders.net\/nb\/wp-json\/wp\/v2\/media\/17872"}],"wp:attachment":[{"href":"https:\/\/www.hydraulic-cylinders.net\/nb\/wp-json\/wp\/v2\/media?parent=19699"}],"wp:term":[{"taxonomy":"product_brand","embeddable":true,"href":"https:\/\/www.hydraulic-cylinders.net\/nb\/wp-json\/wp\/v2\/product_brand?post=19699"},{"taxonomy":"product_cat","embeddable":true,"href":"https:\/\/www.hydraulic-cylinders.net\/nb\/wp-json\/wp\/v2\/product_cat?post=19699"},{"taxonomy":"product_tag","embeddable":true,"href":"https:\/\/www.hydraulic-cylinders.net\/nb\/wp-json\/wp\/v2\/product_tag?post=19699"}],"curies":[{"name":"wp","href":"https:\/\/api.w.org\/{rel}","templated":true}]}}