{"id":19700,"date":"2025-04-07T07:02:31","date_gmt":"2025-04-07T07:02:31","guid":{"rendered":"https:\/\/www.hydraulic-cylinders.net\/product\/boom-cylinder-for-sinomach-zg3365lc-9c\/"},"modified":"2025-04-07T07:02:33","modified_gmt":"2025-04-07T07:02:33","slug":"boom-cylinder-for-sinomach-zg3365lc-9c","status":"publish","type":"product","link":"https:\/\/www.hydraulic-cylinders.net\/nb\/produkt\/boom-cylinder-for-sinomach-zg3365lc-9c\/","title":{"rendered":"Bom-sylinder for Sinomach ZG3365LC-9C"},"content":{"rendered":"<h1>Bom-sylinder for Sinomach ZG3365LC-9C<\/h1>\n<h2>Produktoversikt<\/h2>\n<p>Bom-sylinderen for Sinomach ZG3365LC-9C er en viktig hydraulisk komponent som er utviklet for \u00e5 kontrollere bevegelsen til bommen i tunge maskiner som gravemaskiner, traktorgravere og frontlastere. Denne hydrauliske sylinderen lar bommen l\u00f8fte, senke og tilte, noe som muliggj\u00f8r effektive materialh\u00e5ndteringsoppgaver. Bom-sylinderen spiller en avgj\u00f8rende rolle i det hydrauliske systemet, og omdanner hydraulisk trykk til mekanisk kraft, slik at operat\u00f8rer kan utf\u00f8re en rekke funksjoner med presisjon og enkelhet.<\/p>\n<p><img decoding=\"async\" src=\"https:\/\/www.hydraulic-cylinders.net\/wp-content\/uploads\/2025\/04\/songte-company-1.webp\" alt=\"Bom-sylinder\" \/><\/p>\n<h2>Viktige funksjoner<\/h2>\n<ul>\n<li><strong>H\u00f8y styrke og holdbarhet:<\/strong> Bom-sylinderen er konstruert av h\u00f8yfast st\u00e5l eller aluminium, og t\u00e5ler h\u00f8yt trykk og tunge belastninger, noe som gj\u00f8r den egnet for t\u00f8ffe arbeidsmilj\u00f8er. Designet har slitestyrke og korrosjonshemmende egenskaper, noe som sikrer lengre levetid.<\/li>\n<li><strong>Effektiv hydraulisk drift:<\/strong> Ved \u00e5 utnytte trykket fra hydraulikkoljen for jevn forlengelse og inntrekking, reagerer bomsylinderen raskt p\u00e5 f\u00f8rerkommandoer og gir kraftig skyve- og trekkekraft, ideell for h\u00e5ndtering av tunge materialer og komplekse oppgaver.<\/li>\n<li><strong>Ulike typer:<\/strong> Alternativene inkluderer enkeltvirkende (som driver hydraulisk trykk i \u00e9n retning) eller dobbeltvirkende sylindere (som driver hydraulisk trykk i begge retninger) for \u00e5 m\u00f8te ulike driftsbehov. Noen modeller er teleskopiske, noe som gir st\u00f8rre forlengelse uten \u00e5 \u00f8ke de ytre m\u00e5lene, egnet for plassbegrensede applikasjoner.<\/li>\n<li><strong>Kompatibilitet:<\/strong> Produktene v\u00e5re kan erstatte eksisterende hydrauliske sylindere p\u00e5 en perfekt m\u00e5te, og sikrer s\u00f8ml\u00f8s integrering i eksisterende maskineri.<\/li>\n<\/ul>\n<p><img decoding=\"async\" src=\"https:\/\/www.hydraulic-cylinders.net\/wp-content\/uploads\/2025\/04\/songte-cylinder-head-with-all-kinds-excavator-models.webp\" alt=\"Kompatibilitet med hydrauliske sylindere\" \/><\/p>\n<h2>S\u00f8knadsscenarier<\/h2>\n<h3>Anleggsutstyr<\/h3>\n<p>I gravemaskiner er bomsylindere avgj\u00f8rende for graving, lasting og flytting av jord eller rusk. De lar f\u00f8reren kontrollere bommens vinkel og h\u00f8yde, noe som gj\u00f8r det enklere \u00e5 utf\u00f8re presise graveoppgaver. I gravemaskin hjelper bomsylinderen ikke bare med graving, men ogs\u00e5 med l\u00f8fting, noe som forbedrer maskinens allsidighet.<\/p>\n<h3>Landbruksmaskiner<\/h3>\n<p>I frontlastere brukes bomsylindre til \u00e5 utarbeide, l\u00f8fte og transportere jord, h\u00f8y og andre materialer. Den hydrauliske kraften muliggj\u00f8r effektiv drift, noe som \u00f8ker produktiviteten betydelig p\u00e5 g\u00e5rder og byggeplasser.<\/p>\n<h3>Gravemaskiner<\/h3>\n<p>Bom-sylinderen i gravemaskiner lar skuffen trenge ned i jorden, noe som muliggj\u00f8r effektive graveaksjoner. Denne evnen er viktig for ulike anleggs- og landskapsarbeidsoppgaver, noe som gj\u00f8r gravemaskinen til et uunnv\u00e6rlig verkt\u00f8y i bransjen.<\/p>\n<h3>Lastere<\/h3>\n<p>I frontlastere er bomsylindrene ansvarlige for \u00e5 l\u00f8fte og dumpe last effektivt. Designet deres muliggj\u00f8r jevne, kontrollerte bevegelser, noe som sikrer effektiv materialh\u00e5ndtering og transport i ulike bruksomr\u00e5der.<\/p>\n<h2>Designhensyn og utvalgskriterier<\/h2>\n<h3>Lastekapasitet<\/h3>\n<p>Lastekapasiteten til bomsylinderen m\u00e5 samsvare med kravene til maskineriet den betjener. Denne kapasiteten bestemmer den maksimale vekten sylinderen kan l\u00f8fte, noe som p\u00e5virker valget av sylinderst\u00f8rrelse og styrke. Ingeni\u00f8rer m\u00e5 vurdere driftskravene n\u00f8yaktig for \u00e5 sikre at sylinderen kan fungere trygt og effektivt.<\/p>\n<h3>Tetting<\/h3>\n<p>Riktig tetting er avgj\u00f8rende for \u00e5 forhindre lekkasjer av hydraulisk v\u00e6ske og opprettholde trykket i systemet. H\u00f8ykvalitetstetninger m\u00e5 velges basert p\u00e5 driftsmilj\u00f8et, slik at de t\u00e5ler trykket og forholdene uten \u00e5 svekkes raskt. Alternativer inkluderer polyuretan og nitrilgummi, som gir utmerket slitestyrke.<\/p>\n<h3>Varighet<\/h3>\n<p>Holdbarhet er en n\u00f8kkelfaktor i utformingen av bomsylindere. Komponentene m\u00e5 konstrueres for \u00e5 t\u00e5le p\u00e5kjenningene ved krevende bruk, inkludert eksponering for t\u00f8ffe v\u00e6rforhold, st\u00f8v og vibrasjoner. Denne faktoren er viktig for \u00e5 opprettholde sylinderens funksjonalitet over tid uten hyppige utskiftinger.<\/p>\n<h3>Sikkerhet<\/h3>\n<p>Sikkerhetsfunksjoner er viktige i design av hydrauliske sylindere. Disse inkluderer trykkavlastningsventiler for \u00e5 forhindre overbelastning og mekaniske stopp for \u00e5 unng\u00e5 overdreven bevegelse. \u00c5 sikre at disse funksjonene er integrert kan redusere risikoen for ulykker under drift betydelig.<\/p>\n<h3>Vedlikehold<\/h3>\n<p>Enkelt vedlikehold er et annet viktig aspekt \u00e5 vurdere. Sylindere b\u00f8r v\u00e6re utformet slik at de er enkle \u00e5 inspisere og vedlikeholde, inkludert enkel tilgang til tetninger og sm\u00f8repunkter. Regelmessig vedlikehold er avgj\u00f8rende for \u00e5 forlenge levetiden til det hydrauliske systemet og sikre p\u00e5litelig drift.<\/p>\n<p><img decoding=\"async\" src=\"https:\/\/www.hydraulic-cylinders.net\/wp-content\/uploads\/2025\/04\/songte-oil-pipes-and-spare-parts.webp\" alt=\"Vedlikehold av hydrauliske sylindere\" \/><\/p>\n<h2>Tetting og sm\u00f8ring<\/h2>\n<p>Det er viktig \u00e5 bruke ulike tetningskomponenter, som stempeltetninger og stangtetninger, for \u00e5 sikre hydrauliske sylinderes levetid og effektivitet. Tetninger laget av slitesterke materialer som polyuretan og nitrilgummi gir utmerket slitestyrke. Sylinderhuset og de gjengede endeflatene gjennomg\u00e5r fin bearbeiding for \u00e5 forbedre slitestyrken. Regelmessig sm\u00f8ring med hydraulikkolje er n\u00f8dvendig for \u00e5 redusere friksjon og slitasje, noe som gir jevn drift og forhindrer for tidlig svikt.<\/p>\n<h2>Forebyggende vedlikeholdstiltak<\/h2>\n<ul>\n<li><strong>Regelmessige inspeksjoner:<\/strong> Utf\u00f8r rutinemessige kontroller for lekkasjer, slitasje og generell tilstand for \u00e5 identifisere potensielle problemer f\u00f8r de eskalerer.<\/li>\n<li><strong>Sm\u00f8ring:<\/strong> S\u00f8rg for at det p\u00e5f\u00f8res tilstrekkelig sm\u00f8ring med passende intervaller for \u00e5 opprettholde sylinderens ytelse og forhindre slitasje.<\/li>\n<li><strong>Utskifting av tetninger:<\/strong> Overv\u00e5k tilstanden til pakningene og skift dem ut etter behov for \u00e5 forhindre lekkasjer av hydraulisk v\u00e6ske og opprettholde systemets integritet.<\/li>\n<\/ul>\n<h2>Installasjonsretningslinjer<\/h2>\n<p>Riktig montering av en bomsylinder er avgj\u00f8rende for optimal ytelse. Begynn med \u00e5 s\u00f8rge for at alle komponenter er rene og fri for rusk. Juster sylinderen riktig med monteringspunktene, og bruk passende monteringsbraketter for \u00e5 feste den p\u00e5 plass. N\u00e5r den er justert, stram monteringsboltene til i henhold til produsentens spesifikasjoner. Etter installasjon, sjekk de hydrauliske koblingene for lekkasjer, og s\u00f8rg for at sylinderen fungerer jevnt gjennom hele bevegelsesomr\u00e5det. Inspiser installasjonen regelmessig for tegn p\u00e5 slitasje eller skade, og utbedre eventuelle problemer umiddelbart for \u00e5 opprettholde sikkerhet og ytelse.<\/p>\n<h2>Vanlige vedlikeholdsoppgaver<\/h2>\n<ul>\n<li><strong>Regelmessige inspeksjoner:<\/strong> Hyppige kontroller for slitasje og potensielle feil er avgj\u00f8rende for \u00e5 sikre kontinuerlig funksjonalitet og sikkerhet. Tidlig identifisering av problemer kan forhindre kostbare reparasjoner og nedetid.<\/li>\n<li><strong>Riktig sm\u00f8ring:<\/strong> Det er avgj\u00f8rende \u00e5 opprettholde riktig sm\u00f8reniv\u00e5 for \u00e5 forhindre friksjon og slitasje. S\u00f8rg for at riktig hydraulikkolje brukes, og overv\u00e5k niv\u00e5ene regelmessig.<\/li>\n<li><strong>Utskifting av tetninger og kalibreringskontroller:<\/strong> Skift ut slitte pakninger regelmessig for \u00e5 unng\u00e5 lekkasjer og sikre at det hydrauliske systemet fungerer effektivt. Kalibreringskontroller er n\u00f8dvendige for \u00e5 opprettholde optimal ytelse og sikkerhet.<\/li>\n<\/ul>\n<h2>Sikkerhetshensyn og milj\u00f8faktorer<\/h2>\n<p>N\u00e5r man arbeider med hydrauliske systemer, er sikkerhetstiltak avgj\u00f8rende. Brukere m\u00e5 v\u00e6re klar over de potensielle farene forbundet med hydraulisk trykk, inkludert plutselige trykkutl\u00f8sninger som kan for\u00e5rsake skader. Riktig oppl\u00e6ring i h\u00e5ndtering og drift av hydrauliske maskiner er viktig, i tillegg til overholdelse av sikkerhetsstandarder p\u00e5 arbeidsplassen. I tillegg m\u00e5 man vurdere milj\u00f8p\u00e5virkningen av hydrauliske v\u00e6sker og s\u00f8rge for at riktige avhendingsmetoder f\u00f8lges for \u00e5 forhindre forurensning.<\/p>\n<h2>Diagnostikk og vanlige problemer<\/h2>\n<ul>\n<li><strong>Lekkasje av sylinder:<\/strong> Et vanlig problem er lekkasje av hydraulikkv\u00e6ske fra pakningene. Dette kan tyde p\u00e5 slitte pakninger eller feil montering. Inspiser pakningene og skift dem ut etter behov for \u00e5 l\u00f8se lekkasjer.<\/li>\n<li><strong>D\u00e5rlig ytelse:<\/strong> Hvis sylinderen ikke reagerer som forventet, sjekk hydraulikkv\u00e6skeniv\u00e5er, potensielle blokkeringer i r\u00f8rene eller problemer med pumpen. \u00c5 rette opp disse faktorene kan gjenopprette optimal ytelse.<\/li>\n<li><strong>Uvanlige lyder:<\/strong> St\u00f8y under drift kan tyde p\u00e5 indre skader eller lave niv\u00e5er av hydraulisk v\u00e6ske. Unders\u00f8k kilden til st\u00f8yen og iverksett n\u00f8dvendige korrigerende tiltak.<\/li>\n<\/ul>\n<h2>Feils\u00f8kingstips<\/h2>\n<p>For \u00e5 effektivt diagnostisere og l\u00f8se problemer med hydrauliske sylindere, begynn med \u00e5 sjekke v\u00e6skeniv\u00e5ene og inspisere for lekkasjer. S\u00f8rg for at alle tilkoblinger er sikre og fri for rusk. Vedlikehold komponentene regelmessig for \u00e5 forhindre slitasje og skade, med fokus p\u00e5 tetninger, sm\u00f8ring og justering. Hvis problemene vedvarer, kontakt en fagperson for grundig diagnostikk og reparasjonsstrategier.<\/p>\n<p><img decoding=\"async\" src=\"https:\/\/www.hydraulic-cylinders.net\/wp-content\/uploads\/2025\/04\/songte-bushings-with-all-kinds-of-excavator-models.webp\" alt=\"Hydrauliske sylinderkomponenter\" \/><\/p>\n<h2>Selskapsoversikt<\/h2>\n<p>Vi er en ledende produsent og grossist av hydrauliske sylindere for utskifting, og er forpliktet til kvalitet og innovative produksjonsstrategier. Med et bredt spekter av produkter har vi etablert oss som en av de ledende produsentene og leverand\u00f8rene i b\u00e5de innenlandske og internasjonale markeder. V\u00e5r tiln\u00e6rming vektlegger presis produksjonsstyring og integrering av avansert teknologi, noe som sikrer at vi m\u00f8ter kundenes ulike behov med h\u00f8y effektivitet og kvalitet. V\u00e5re produksjonsanlegg er utstyrt med toppmoderne utstyr og et dedikert team av dyktige fagfolk, noe som gj\u00f8r at vi kontinuerlig kan forbedre produksjonskapasiteten v\u00e5r.<\/p>\n<p><img decoding=\"async\" src=\"https:\/\/www.hydraulic-cylinders.net\/wp-content\/uploads\/2025\/04\/songte-company-4.webp\" alt=\"Selskapsoversikt\" \/><br \/>\n<img decoding=\"async\" src=\"https:\/\/www.hydraulic-cylinders.net\/wp-content\/uploads\/2025\/04\/songte-company-3.webp\" alt=\"Produksjonsekspertise\" \/><\/p>\n<p>Forfatter: lyl<\/p>","protected":false},"excerpt":{"rendered":"<p>Boom Cylinder For Sinomach ZG3365LC-9C Product Overview The Boom Cylinder for Sinomach ZG3365LC-9C is an essential hydraulic component designed to control the movement of the boom in heavy machinery such as excavators, backhoe loaders, and front-end loaders. This hydraulic cylinder allows the boom to lift, lower, and tilt, facilitating efficient material handling tasks. The boom [&hellip;]<\/p>","protected":false},"featured_media":17873,"comment_status":"open","ping_status":"closed","template":"","meta":{"_et_pb_use_builder":"","_et_pb_old_content":"","_et_gb_content_width":""},"product_brand":[],"product_cat":[1546],"product_tag":[1547,1496],"class_list":{"0":"post-19700","1":"product","2":"type-product","3":"status-publish","4":"has-post-thumbnail","6":"product_cat-boom-cylinders","7":"product_tag-boom-cylinders","8":"product_tag-hydraulic-cylinders","10":"first","11":"instock","12":"shipping-taxable","13":"product-type-simple"},"amp_enabled":true,"_links":{"self":[{"href":"https:\/\/www.hydraulic-cylinders.net\/nb\/wp-json\/wp\/v2\/product\/19700","targetHints":{"allow":["GET"]}}],"collection":[{"href":"https:\/\/www.hydraulic-cylinders.net\/nb\/wp-json\/wp\/v2\/product"}],"about":[{"href":"https:\/\/www.hydraulic-cylinders.net\/nb\/wp-json\/wp\/v2\/types\/product"}],"replies":[{"embeddable":true,"href":"https:\/\/www.hydraulic-cylinders.net\/nb\/wp-json\/wp\/v2\/comments?post=19700"}],"wp:featuredmedia":[{"embeddable":true,"href":"https:\/\/www.hydraulic-cylinders.net\/nb\/wp-json\/wp\/v2\/media\/17873"}],"wp:attachment":[{"href":"https:\/\/www.hydraulic-cylinders.net\/nb\/wp-json\/wp\/v2\/media?parent=19700"}],"wp:term":[{"taxonomy":"product_brand","embeddable":true,"href":"https:\/\/www.hydraulic-cylinders.net\/nb\/wp-json\/wp\/v2\/product_brand?post=19700"},{"taxonomy":"product_cat","embeddable":true,"href":"https:\/\/www.hydraulic-cylinders.net\/nb\/wp-json\/wp\/v2\/product_cat?post=19700"},{"taxonomy":"product_tag","embeddable":true,"href":"https:\/\/www.hydraulic-cylinders.net\/nb\/wp-json\/wp\/v2\/product_tag?post=19700"}],"curies":[{"name":"wp","href":"https:\/\/api.w.org\/{rel}","templated":true}]}}