{"id":19710,"date":"2025-04-07T07:03:11","date_gmt":"2025-04-07T07:03:11","guid":{"rendered":"https:\/\/www.hydraulic-cylinders.net\/product\/boom-cylinder-for-hengte-wheel-excavator-htl65-8\/"},"modified":"2025-04-07T07:03:13","modified_gmt":"2025-04-07T07:03:13","slug":"boom-cylinder-for-hengte-wheel-excavator-htl65-8","status":"publish","type":"product","link":"https:\/\/www.hydraulic-cylinders.net\/nb\/produkt\/boom-cylinder-for-hengte-wheel-excavator-htl65-8\/","title":{"rendered":"Bomcylinder for Hengte hjulgraver HTL65-8"},"content":{"rendered":"<h1>Bomcylinder for Hengte hjulgraver HTL65-8<\/h1>\n<h2>Produktoversikt<\/h2>\n<p>Bom-sylinderen for Hengte hjulgraver HTL65-8 er en spesialisert hydraulisk sylinder som er utviklet for \u00e5 kontrollere bevegelsen til bommen p\u00e5 diverse tunge maskiner, inkludert gravemaskiner, traktorgravere og frontlastere. Denne hydrauliske sylinderen spiller en avgj\u00f8rende rolle i \u00e5 gj\u00f8re det mulig for bommen \u00e5 l\u00f8fte, senke og tilte, noe som forenkler materialh\u00e5ndteringsoppgaver effektivt. Skuffesylinderen er konstruert for \u00e5 gi p\u00e5litelig ytelse under ekstreme forhold, og sikrer at tunge laster kan man\u00f8vreres med presisjon og sikkerhet.<\/p>\n<p><img decoding=\"async\" src=\"https:\/\/www.hydraulic-cylinders.net\/wp-content\/uploads\/2025\/04\/songte-company-1.webp\" alt=\"Bom-sylinder\" \/><\/p>\n<h2>Viktige funksjoner<\/h2>\n<ul>\n<li>\n<h3>H\u00f8y styrke og holdbarhet<\/h3>\n<p>Disse sylindrene er vanligvis laget av h\u00f8yfast st\u00e5l eller aluminium, og t\u00e5ler h\u00f8yt trykk og tunge belastninger, noe som gj\u00f8r dem egnet for t\u00f8ffe arbeidsmilj\u00f8er. Designet legger vekt p\u00e5 slitestyrke og korrosjonsbeskyttelse, noe som forlenger levetiden betraktelig.<\/p>\n<\/li>\n<li>\n<h3>Effektiv hydraulisk drift<\/h3>\n<p>Sylinderen bruker hydraulisk oljetrykk for \u00e5 oppn\u00e5 jevn forlengelse og tilbaketrekking, reagerer raskt p\u00e5 kontrollkommandoer og gir kraftige skyv-trekk-egenskaper, ideell for h\u00e5ndtering av tunge gjenstander og komplekse oppgaver.<\/p>\n<\/li>\n<li>\n<h3>Ulike typer<\/h3>\n<p>Skuffesylinderen er tilgjengelig i b\u00e5de enkeltvirkende (hydraulisk brukt i \u00e9n retning) og dobbeltvirkende (hydraulisk brukt i begge retninger) konfigurasjoner, og kan skreddersys for \u00e5 m\u00f8te ulike driftsbehov. Noen modeller er teleskopiske, noe som gir st\u00f8rre forlengelse uten \u00e5 \u00f8ke de ytre dimensjonene, perfekt for plassbegrensede applikasjoner.<\/p>\n<\/li>\n<\/ul>\n<p>V\u00e5rt firma spesialiserer seg p\u00e5 \u00e5 produsere dette produktet, og sylinderne v\u00e5re kan perfekt erstatte eksisterende hydrauliske sylindere.<\/p>\n<p><img decoding=\"async\" src=\"https:\/\/www.hydraulic-cylinders.net\/wp-content\/uploads\/2025\/04\/songte-cylinder-head-with-all-kinds-excavator-models.webp\" alt=\"Gravemaskinmodeller\" \/><\/p>\n<h2>Bruksomr\u00e5der<\/h2>\n<ul>\n<li>\n<h3>Anleggsutstyr<\/h3>\n<p>I gravemaskiner er bomsylindere avgj\u00f8rende for graving, lasting og flytting av jord eller avfall. Ytelsen deres er avgj\u00f8rende for graveprosessen, slik at operat\u00f8rer effektivt kan h\u00e5ndtere store mengder materiale. Bommens evne til \u00e5 n\u00e5 forskjellige vinkler og dybder forbedrer gravemaskinens allsidighet p\u00e5 arbeidsstedet.<\/p>\n<\/li>\n<li>\n<h3>Landbruksmaskiner<\/h3>\n<p>I frontlastere hjelper bomsylindrene med \u00e5 utarbeide, l\u00f8fte og transportere jord, h\u00f8y og andre materialer. Den robuste designen gj\u00f8r at landbruksmaskiner kan utf\u00f8re tunge l\u00f8fteoppgaver, noe som \u00f8ker produktiviteten p\u00e5 b\u00e5de g\u00e5rder og byggeplasser.<\/p>\n<\/li>\n<li>\n<h3>Gravemaskiner<\/h3>\n<p>Bom-sylinderen gj\u00f8r at gravemaskinens skuffe kan trenge effektivt ned i jorden under gravearbeid. Denne egenskapen er avgj\u00f8rende for ulike prosjekter, inkludert landskapsarbeid, gruvedrift og veibygging, og muliggj\u00f8r dypere og mer effektiv graving.<\/p>\n<\/li>\n<li>\n<h3>Lastere<\/h3>\n<p>I frontlastere er disse sylindrene n\u00f8kkelen til \u00e5 l\u00f8fte og dumpe last effektivt. Deres evne til \u00e5 h\u00e5ndtere vekt og sikre stabilitet under drift gj\u00f8r dem uunnv\u00e6rlige i materialh\u00e5ndteringsoppgaver.<\/p>\n<\/li>\n<\/ul>\n<h2>Designhensyn<\/h2>\n<ul>\n<li>\n<h3>Lastekapasitet<\/h3>\n<p>N\u00e5r man designer bomsylindere, er lastekapasitet en viktig faktor, da den bestemmer hvilke typer oppgaver sylinderen kan h\u00e5ndtere. H\u00f8y lastekapasitet sikrer at det hydrauliske systemet kan l\u00f8fte eller flytte tunge materialer uten at det g\u00e5r p\u00e5 bekostning av sikkerhet eller ytelse.<\/p>\n<\/li>\n<li>\n<h3>Tetting<\/h3>\n<p>Effektiv tetting er avgj\u00f8rende for \u00e5 forhindre lekkasje av hydraulisk v\u00e6ske, noe som kan g\u00e5 ut over ytelse og sikkerhet. H\u00f8ykvalitetstetninger laget av slitesterke materialer som polyuretan eller nitrilgummi er viktige for \u00e5 opprettholde det hydrauliske systemets integritet.<\/p>\n<\/li>\n<li>\n<h3>Varighet<\/h3>\n<p>Holdbarhet er en viktig faktor, ettersom bomsylindre ofte utsettes for t\u00f8ffe arbeidsforhold. Materialene som brukes i konstruksjonen og designprosessene m\u00e5 prioritere langsiktig ytelse for \u00e5 redusere vedlikeholds- og utskiftingsfrekvensen.<\/p>\n<\/li>\n<li>\n<h3>Sikkerhet<\/h3>\n<p>Sikkerhetshensyn inkluderer bruk av sikkerhetsventiler og andre mekanismer for \u00e5 forhindre overtrykk og sikre at systemet kan betjenes trygt under belastning. Designet b\u00f8r ogs\u00e5 inkludere funksjoner som gir enkel tilgang under vedlikeholdskontroller.<\/p>\n<\/li>\n<li>\n<h3>Vedlikehold<\/h3>\n<p>Det er viktig \u00e5 designe for enkelt vedlikehold, ettersom regelmessige kontroller kan forhindre kostbare reparasjoner og nedetid. Funksjoner som lett utskiftbare tetninger og tilgjengelige monteringspunkter er avgj\u00f8rende for effektiv service.<\/p>\n<\/li>\n<\/ul>\n<p><img decoding=\"async\" src=\"https:\/\/www.hydraulic-cylinders.net\/wp-content\/uploads\/2025\/04\/songte-oil-pipes-and-spare-parts.webp\" alt=\"Oljer\u00f8r og reservedeler\" \/><\/p>\n<h2>Tetting og sm\u00f8ring<\/h2>\n<p>Riktig tetting og sm\u00f8ring er avgj\u00f8rende for effektiv drift av hydrauliske sylindere. Ulike tetninger, inkludert stempeltetninger og stangtetninger, brukes for \u00e5 sikre tett passform og forhindre lekkasjer. Materialer som polyuretan og nitrilgummi velges ofte for sin slitestyrke og holdbarhet. Sylinderhuset og gjengede ender er fint bearbeidet for \u00e5 forbedre slitestyrken, noe som er avgj\u00f8rende for lang levetid.<\/p>\n<p>Regelmessig sm\u00f8ring er ogs\u00e5 n\u00f8dvendig, og krever planlagte kontroller for \u00e5 sikre at det p\u00e5f\u00f8res tilstrekkelig mengde hydraulikkolje for \u00e5 opprettholde optimal ytelse og forhindre slitasje. Viktigheten av sm\u00f8ring kan ikke overvurderes, da det reduserer friksjon og forlenger levetiden til de hydrauliske komponentene.<\/p>\n<h2>Regelmessig inspeksjon og forebyggende vedlikehold<\/h2>\n<p>Regelmessig inspeksjon og forebyggende vedlikehold er avgj\u00f8rende for hydrauliske sylinderes levetid og ytelse. Viktige tiltak inkluderer:<\/p>\n<ul>\n<li>\n<h3>Regelmessige inspeksjoner<\/h3>\n<p>Utf\u00f8r regelmessige inspeksjoner for \u00e5 identifisere tegn p\u00e5 slitasje eller skade. Se etter lekkasjer, sprekker eller deformiteter i sylinderen. Tidlig oppdagelse av problemer kan forhindre kostbare reparasjoner og nedetid.<\/p>\n<\/li>\n<li>\n<h3>Riktig sm\u00f8ring<\/h3>\n<p>S\u00f8rg for at niv\u00e5ene i hydraulikkv\u00e6sken er tilstrekkelige og at oljen er ren og fri for forurensninger. Etabler en regelmessig sm\u00f8replan for \u00e5 opprettholde optimal ytelse for tetninger og bevegelige deler.<\/p>\n<\/li>\n<li>\n<h3>Utskifting av tetning<\/h3>\n<p>Sjekk pakningene regelmessig for slitasje, og skift dem ut n\u00e5r det er n\u00f8dvendig for \u00e5 forhindre lekkasjer og opprettholde systemtrykket. Riktig vedlikeholdte pakninger forlenger levetiden til den hydrauliske sylinderen betraktelig.<\/p>\n<\/li>\n<\/ul>\n<h2>Installasjonsretningslinjer<\/h2>\n<p>Riktig montering av bomsylinderen er avgj\u00f8rende for \u00e5 sikre optimal ytelse og sikkerhet. F\u00f8lg disse trinnene for riktig montering:<\/p>\n<p>F\u00f8rst m\u00e5 du s\u00f8rge for at arbeidsomr\u00e5det er rent og fritt for rusk for \u00e5 muliggj\u00f8re en problemfri installasjonsprosess. Deretter m\u00e5 du justere den hydrauliske sylinderen n\u00f8yaktig med festepunktene p\u00e5 maskinen. Bruk passende monteringsbraketter for \u00e5 feste sylinderen godt p\u00e5 plass. Det er viktig \u00e5 kontrollere justeringen f\u00f8r du strammer boltene for \u00e5 forhindre un\u00f8dig belastning p\u00e5 sylinderen.<\/p>\n<p>Etter at sylinderen er festet, koble til de hydrauliske slangene. S\u00f8rg for at det ikke er noen knekk eller vridninger p\u00e5 slangene. Fyll det hydrauliske systemet med anbefalt v\u00e6ske og luft ut slangene f\u00f8r du bruker maskinen. Utf\u00f8r til slutt en funksjonstest for \u00e5 sikre at alt fungerer problemfritt, og gj\u00f8r det mulig \u00e5 justere etter behov.<\/p>\n<h2>Vanlige vedlikeholdsoppgaver<\/h2>\n<p>Vedlikehold av hydrauliske sylindere krever oppmerksomhet p\u00e5 flere viktige oppgaver:<\/p>\n<ul>\n<li>\n<h3>Regelmessige inspeksjoner<\/h3>\n<p>Periodiske kontroller er n\u00f8dvendige for \u00e5 identifisere slitasje eller potensielle feil f\u00f8r de eskalerer. Inspeksjoner b\u00f8r vurdere sylinderens ytre tilstand, sjekke for lekkasjer og sikre at alle beslag er sikret.<\/p>\n<\/li>\n<li>\n<h3>Riktig sm\u00f8ring<\/h3>\n<p>Sm\u00f8ring er avgj\u00f8rende for hydrauliske sylinderes levetid. S\u00f8rg for at pakningene er tilstrekkelig smurt for \u00e5 forhindre slitasje og sikre problemfri drift. Etterfyll hydraulikkv\u00e6ske regelmessig etter behov.<\/p>\n<\/li>\n<li>\n<h3>Utskifting av tetning<\/h3>\n<p>Skift pakninger regelmessig for \u00e5 opprettholde det hydrauliske systemets integritet. Denne oppgaven b\u00f8r utf\u00f8res under rutinemessige vedlikeholdskontroller, og s\u00f8rg for at nye pakninger monteres riktig for \u00e5 forhindre lekkasjer.<\/p>\n<\/li>\n<\/ul>\n<p><img decoding=\"async\" src=\"https:\/\/www.hydraulic-cylinders.net\/wp-content\/uploads\/2025\/04\/songte-chushion-collar.webp\" alt=\"Putekrage\" \/><\/p>\n<h2>Sikkerhetshensyn og milj\u00f8faktorer<\/h2>\n<p>Sikkerhetstiltak er avgj\u00f8rende n\u00e5r man arbeider med hydrauliske sylindere. Riktig oppl\u00e6ring for operat\u00f8rer og vedlikeholdspersonell er viktig for \u00e5 minimere risikoer. Bruk alltid personlig verneutstyr (PPE) n\u00e5r du arbeider med hydrauliske systemer. Vurder i tillegg milj\u00f8p\u00e5virkningen av v\u00e6skelekkasjer; s\u00f8rg for at alle tetninger og beslag er i god stand for \u00e5 forhindre forurensning av jord og vannkilder.<\/p>\n<h2>Feildiagnose og vanlige problemer<\/h2>\n<ul>\n<li>\n<h3>Lekkasje<\/h3>\n<p>Lekkasjer av hydraulisk v\u00e6ske er det vanligste problemet med hydrauliske sylindere. De kan oppst\u00e5 p\u00e5 grunn av slitte pakninger eller skadede beslag. Regelmessige inspeksjoner og rettidig utskifting av pakninger er viktig for \u00e5 forhindre v\u00e6sketap.<\/p>\n<\/li>\n<li>\n<h3>Redusert ytelse<\/h3>\n<p>Hvis sylinderen ikke reagerer godt eller har redusert l\u00f8ftekapasitet, kan det tyde p\u00e5 intern skade eller lavt v\u00e6skeniv\u00e5. Kontroller hydraulikkv\u00e6sken og inspiser sylinderen for intern slitasje.<\/p>\n<\/li>\n<li>\n<h3>Overoppheting<\/h3>\n<p>Overoppheting kan oppst\u00e5 p\u00e5 grunn av h\u00f8yt systemtrykk eller utilstrekkelig sm\u00f8ring. S\u00f8rg for at hydraulikkoljen skiftes regelmessig og at systemet ikke overbelastes.<\/p>\n<\/li>\n<\/ul>\n<h2>Feils\u00f8kingstips<\/h2>\n<p>For \u00e5 effektivt diagnostisere og l\u00f8se problemer med hydrauliske sylindere, f\u00f8lg disse feils\u00f8kingstipsene:<\/p>\n<ul>\n<li>Sjekk for synlige skader eller lekkasjer i hydrauliske ledninger og koblinger, og skift ut eller reparer etter behov.<\/li>\n<li>S\u00f8rg for at hydraulikkv\u00e6sken er p\u00e5 riktig niv\u00e5 og i god stand, og bytt den ut hvis den er forurenset.<\/li>\n<li>Overv\u00e5k temperaturen p\u00e5 hydraulikkv\u00e6sken, og s\u00f8rg for at den holder seg innenfor normale driftsomr\u00e5der.<\/li>\n<\/ul>\n<p>Implementering av forebyggende tiltak som regelmessige vedlikeholdskontroller vil bidra til \u00e5 minimere potensielle problemer og sikre det hydrauliske systemets p\u00e5litelighet.<\/p>\n<p><img decoding=\"async\" src=\"https:\/\/www.hydraulic-cylinders.net\/wp-content\/uploads\/2025\/04\/songte-bushings-with-all-kinds-of-excavator-models.webp\" alt=\"Foringer\" \/><\/p>\n<h2>Selskapsoversikt<\/h2>\n<p>Vi er en produsent som spesialiserer oss p\u00e5 alternative hydrauliske sylindere, og tilbyr et bredt spekter av produkter som har gjort oss til en av de ledende produsentene og grossistene i b\u00e5de innenlandske og internasjonale markeder. Vi f\u00f8lger prinsippet om fortreffelighet i kvalitet, og bruker raffinerte produksjonsstrategier i v\u00e5r produksjonsstyring. V\u00e5r forpliktelse til \u00e5 utnytte dyktig personell, avansert digitalt produksjonsutstyr og profesjonelle testsystemer forbedrer kontinuerlig v\u00e5r produksjonskapasitet.<\/p>\n<p>Med fokus p\u00e5 effektivitet, presisjon og h\u00f8y kvalitet, streber vi etter \u00e5 m\u00f8te ulike kundebehov. V\u00e5re internasjonale sertifiseringer sikrer at produktene v\u00e5re oppfyller globale standarder, mens v\u00e5re tilpassede tjenester lar oss skreddersy l\u00f8sninger for spesifikke kundekrav. I tillegg sikrer v\u00e5r robuste ettersalgsst\u00f8tte at kundene v\u00e5re f\u00e5r den hjelpen de trenger for \u00e5 vedlikeholde sine hydrauliske systemer effektivt.<\/p>\n<p><img decoding=\"async\" src=\"https:\/\/www.hydraulic-cylinders.net\/wp-content\/uploads\/2025\/04\/songte-company-4.webp\" alt=\"Selskapsoversikt\" \/><br \/>\n<img decoding=\"async\" src=\"https:\/\/www.hydraulic-cylinders.net\/wp-content\/uploads\/2025\/04\/songte-company-3.webp\" alt=\"Produksjonsanlegg\" \/><\/p>\n<p>Forfatter: lyl<\/p>","protected":false},"excerpt":{"rendered":"<p>Boom Cylinder For Hengte Wheel Excavator HTL65-8 Product Overview The Boom Cylinder for Hengte Wheel Excavator HTL65-8 is a specialized hydraulic cylinder designed to control the movement of the boom on various heavy machinery, including excavators, backhoe loaders, and front loaders. This hydraulic cylinder plays a crucial role in enabling the boom to lift, lower, [&hellip;]<\/p>","protected":false},"featured_media":17868,"comment_status":"open","ping_status":"closed","template":"","meta":{"_et_pb_use_builder":"","_et_pb_old_content":"","_et_gb_content_width":""},"product_brand":[],"product_cat":[1546],"product_tag":[1547,1496],"class_list":{"0":"post-19710","1":"product","2":"type-product","3":"status-publish","4":"has-post-thumbnail","6":"product_cat-boom-cylinders","7":"product_tag-boom-cylinders","8":"product_tag-hydraulic-cylinders","10":"first","11":"instock","12":"shipping-taxable","13":"product-type-simple"},"amp_enabled":true,"_links":{"self":[{"href":"https:\/\/www.hydraulic-cylinders.net\/nb\/wp-json\/wp\/v2\/product\/19710","targetHints":{"allow":["GET"]}}],"collection":[{"href":"https:\/\/www.hydraulic-cylinders.net\/nb\/wp-json\/wp\/v2\/product"}],"about":[{"href":"https:\/\/www.hydraulic-cylinders.net\/nb\/wp-json\/wp\/v2\/types\/product"}],"replies":[{"embeddable":true,"href":"https:\/\/www.hydraulic-cylinders.net\/nb\/wp-json\/wp\/v2\/comments?post=19710"}],"wp:featuredmedia":[{"embeddable":true,"href":"https:\/\/www.hydraulic-cylinders.net\/nb\/wp-json\/wp\/v2\/media\/17868"}],"wp:attachment":[{"href":"https:\/\/www.hydraulic-cylinders.net\/nb\/wp-json\/wp\/v2\/media?parent=19710"}],"wp:term":[{"taxonomy":"product_brand","embeddable":true,"href":"https:\/\/www.hydraulic-cylinders.net\/nb\/wp-json\/wp\/v2\/product_brand?post=19710"},{"taxonomy":"product_cat","embeddable":true,"href":"https:\/\/www.hydraulic-cylinders.net\/nb\/wp-json\/wp\/v2\/product_cat?post=19710"},{"taxonomy":"product_tag","embeddable":true,"href":"https:\/\/www.hydraulic-cylinders.net\/nb\/wp-json\/wp\/v2\/product_tag?post=19710"}],"curies":[{"name":"wp","href":"https:\/\/api.w.org\/{rel}","templated":true}]}}