{"id":19714,"date":"2025-04-07T07:03:24","date_gmt":"2025-04-07T07:03:24","guid":{"rendered":"https:\/\/www.hydraulic-cylinders.net\/product\/boom-cylinder-for-hengte-wheel-excavator-htl135\/"},"modified":"2025-04-07T07:03:27","modified_gmt":"2025-04-07T07:03:27","slug":"boom-cylinder-for-hengte-wheel-excavator-htl135","status":"publish","type":"product","link":"https:\/\/www.hydraulic-cylinders.net\/nb\/produkt\/boom-cylinder-for-hengte-wheel-excavator-htl135\/","title":{"rendered":"Bomcylinder for Hengte hjulgraver HTL135"},"content":{"rendered":"<h1>Bomcylinder for Hengte hjulgraver HTL135<\/h1>\n<h2>Introduksjon til bomsylindere<\/h2>\n<p>Bom-sylinderen er en viktig komponent i hydrauliske systemer, spesielt utviklet for \u00e5 kontrollere bevegelsene til skuffen i tunge maskiner som gravemaskiner, traktorgravere og frontlastere. Denne hydrauliske sylinderen lar skuffen l\u00f8fte, senke og tilte, noe som letter effektiv h\u00e5ndtering av materialer. Ved \u00e5 konvertere hydraulisk trykk til mekanisk kraft optimaliserer bom-sylindere ytelsen til tungt utstyr, noe som gj\u00f8r dem uunnv\u00e6rlige i bygg og anlegg, landbruk og ulike industrielle applikasjoner.<\/p>\n<p><img decoding=\"async\" src=\"https:\/\/www.hydraulic-cylinders.net\/wp-content\/uploads\/2025\/04\/songte-company-1.webp\" alt=\"Bom-sylinder\"><\/p>\n<h2>Funksjoner p\u00e5 bomsylinderen<\/h2>\n<ul>\n<li>\n<h3>H\u00f8y styrke og holdbarhet<\/h3>\n<p>Disse sylindrene er vanligvis produsert av h\u00f8yfast st\u00e5l eller aluminium, og t\u00e5ler h\u00f8yt trykk og tunge belastninger, noe som gj\u00f8r dem egnet for t\u00f8ffe arbeidsmilj\u00f8er. Designet deres vektlegger slitestyrke og korrosjonsbeskyttelse, noe som sikrer forlenget levetid.<\/p>\n<\/li>\n<li>\n<h3>Effektiv hydraulisk drift<\/h3>\n<p>Ved \u00e5 utnytte trykket fra hydraulikkoljen utf\u00f8rer disse sylindrene jevne forlengelses- og inntrekksbevegelser, noe som gir rask respons p\u00e5 f\u00f8rerkommandoer og leverer kraftige skyve- og trekkkrefter, som er avgj\u00f8rende for \u00e5 h\u00e5ndtere tunge og komplekse oppgaver.<\/p>\n<\/li>\n<li>\n<h3>Ulike typer tilgjengelig<\/h3>\n<p>Kunder kan velge mellom enkeltvirkende (som fungerer i \u00e9n retning) eller dobbeltvirkende (som fungerer i begge retninger) sylindere basert p\u00e5 deres driftsbehov. Noen modeller er teleskopiske, noe som gir st\u00f8rre forlengelse uten \u00e5 \u00f8ke de ytre m\u00e5lene, ideelt for applikasjoner med begrenset plass.<\/p>\n<\/li>\n<\/ul>\n<h2>Produksjonskapasitet<\/h2>\n<p>Vi spesialiserer oss p\u00e5 \u00e5 produsere disse hydrauliske sylindrene, og sikrer at produktene v\u00e5re kan erstatte eksisterende modeller p\u00e5 en perfekt m\u00e5te, og oppfylle eller overg\u00e5 bransjestandarder.<\/p>\n<p><img decoding=\"async\" src=\"https:\/\/www.hydraulic-cylinders.net\/wp-content\/uploads\/2025\/04\/songte-cylinder-head-with-all-kinds-excavator-models.webp\" alt=\"Produksjon av hydrauliske sylindere\"><\/p>\n<h2>Bruksomr\u00e5der for bomsylindere<\/h2>\n<ul>\n<li>\n<h3>Anleggsutstyr<\/h3>\n<p>I gravemaskiner er bomsylindre avgj\u00f8rende for graving, lasting og flytting av jord eller avfall. De forenkler gravearbeidet ved \u00e5 la skuffen trenge effektivt ned i bakken, noe som gj\u00f8r dem essensielle p\u00e5 byggeplasser der det kreves jordflytting.<\/p>\n<\/li>\n<li>\n<h3>Landbruksmaskiner<\/h3>\n<p>Frontlastere bruker bomsylindre til \u00e5 utarbeide, l\u00f8fte og transportere jord, h\u00f8y og andre materialer. Disse sylindrene \u00f8ker produktiviteten i landbruksoppgaver ved \u00e5 muliggj\u00f8re effektiv materialh\u00e5ndtering, noe som er viktig for g\u00e5rdsdrift.<\/p>\n<\/li>\n<li>\n<h3>Gravemaskiner<\/h3>\n<p>I gravemaskiner gj\u00f8r bomsylinderen det mulig for skuffen \u00e5 trenge ned i jorden, noe som forenkler utgravingen. Denne funksjonen er avgj\u00f8rende for forberedelse av tomten, gr\u00f8fting og fundamenteringsarbeid, noe som gj\u00f8r gravemaskiner til allsidige verkt\u00f8y innen anleggsbransjen.<\/p>\n<\/li>\n<li>\n<h3>Lastere<\/h3>\n<p>I frontlastere hjelper bomsylindre med \u00e5 l\u00f8fte og dumpe last effektivt. Denne applikasjonen er viktig for oppgaver som materialh\u00e5ndtering, planering og ulike l\u00f8fteoppgaver i bygge- og landskapsprosjekter.<\/p>\n<\/li>\n<\/ul>\n<h2>Designhensyn og utvalgskriterier<\/h2>\n<ul>\n<li>\n<h3>Lastekapasitet<\/h3>\n<p>Lastekapasiteten til en bomsylinder er en kritisk faktor for \u00e5 sikre at den kan h\u00e5ndtere den n\u00f8dvendige vekten. Det er viktig \u00e5 velge en sylinder som ikke bare oppfyller driftskravene, men som ogs\u00e5 gir en sikkerhetsmargin for \u00e5 forhindre feil.<\/p>\n<\/li>\n<li>\n<h3>Tetting<\/h3>\n<p>Effektiv tetting er avgj\u00f8rende for \u00e5 forhindre v\u00e6skelekkasjer og opprettholde trykket. Tetninger av h\u00f8y kvalitet forbedrer ytelsen og levetiden til den hydrauliske sylinderen, noe som reduserer vedlikeholdskostnader og nedetid.<\/p>\n<\/li>\n<li>\n<h3>Varighet<\/h3>\n<p>Holdbarhet er avgj\u00f8rende for bomsylindrenes levetid. De m\u00e5 t\u00e5le t\u00f8ffe milj\u00f8er, inkludert eksponering for ekstreme temperaturer, fuktighet og tung bruk. Det er viktig \u00e5 velge materialer med h\u00f8y motstand mot slitasje og korrosjon.<\/p>\n<\/li>\n<li>\n<h3>Sikkerhetsfunksjoner<\/h3>\n<p>Det er avgj\u00f8rende \u00e5 inkludere sikkerhetsfunksjoner for \u00e5 forhindre ulykker. Dette inkluderer trykkavlastningsventiler og overbelastningsbeskyttelsessystemer som sikrer sikker drift under varierende belastninger.<\/p>\n<\/li>\n<li>\n<h3>Vedlikeholdstilgjengelighet<\/h3>\n<p>\u00c5 designe sylindere for enkelt vedlikehold forlenger levetiden. Funksjoner som avtakbare endehetter og tilgjengelige sm\u00f8renipler muliggj\u00f8r enkle vedlikeholdsprosedyrer, noe som reduserer nedetiden.<\/p>\n<\/li>\n<\/ul>\n<p><img decoding=\"async\" src=\"https:\/\/www.hydraulic-cylinders.net\/wp-content\/uploads\/2025\/04\/songte-oil-pipes-and-spare-parts.webp\" alt=\"Hydrauliske sylinderkomponenter\"><\/p>\n<h2>Tetting og sm\u00f8ring<\/h2>\n<p>Riktig tetting og sm\u00f8ring er avgj\u00f8rende for effektiv drift av bomsylindre. Ulike tetninger, som stempeltetninger og stangtetninger, er viktige for \u00e5 opprettholde trykk og forhindre lekkasjer. Tetninger laget av slitesterke materialer som polyuretan og nitrilgummi sikrer motstandskraft mot slitasje. Sylinderhuset og gjengede endeflater gjennomg\u00e5r presisjonsbearbeiding for \u00e5 forbedre slitestyrken. Regelmessig tilsetning av passende hydraulisk olje for sm\u00f8ring er n\u00f8dvendig for \u00e5 opprettholde optimal ytelse og forhindre overoppheting.<\/p>\n<h2>Forebyggende vedlikeholdstiltak<\/h2>\n<ul>\n<li>\n<h3>Regelmessige inspeksjoner<\/h3>\n<p>\u00c5 gjennomf\u00f8re rutinemessige inspeksjoner bidrar til \u00e5 identifisere slitasje og potensielle problemer f\u00f8r de blir alvorlige, noe som sikrer kontinuerlig drift og sikkerhet.<\/p>\n<\/li>\n<li>\n<h3>Riktig sm\u00f8ring<\/h3>\n<p>Det er avgj\u00f8rende \u00e5 opprettholde riktig sm\u00f8reniv\u00e5 for \u00e5 forhindre friksjon og slitasje, noe som forlenger levetiden til de hydrauliske komponentene.<\/p>\n<\/li>\n<li>\n<h3>Utskifting av tetning<\/h3>\n<p>Regelmessig utskifting av pakninger forhindrer lekkasjer og opprettholder hydraulisk trykk, noe som sikrer optimal ytelse og sikkerhet.<\/p>\n<\/li>\n<\/ul>\n<h2>Installasjonsretningslinjer<\/h2>\n<p>Riktig installasjon av bomsylindere er avgj\u00f8rende for effektiv drift. Begynn med \u00e5 s\u00f8rge for at alle komponenter er rene og fri for rusk. Juster sylinderen n\u00f8yaktig med monteringspunktene og bruk passende monteringsbraketter for \u00e5 feste den p\u00e5 plass. V\u00e6r oppmerksom p\u00e5 de hydrauliske tilkoblingene, og s\u00f8rg for at de er tette og lekkasjefrie. N\u00e5r den er installert, sjekk hele systemet for lekkasjer og s\u00f8rg for at det er tilstrekkelig hydraulisk v\u00e6ske f\u00f8r du bruker maskinen. F\u00f8lg produsentens spesifikasjoner for momentinnstillinger for \u00e5 unng\u00e5 overstramming.<\/p>\n<h2>Vanlige vedlikeholdsoppgaver<\/h2>\n<ul>\n<li>\n<h3>Regelmessige inspeksjoner<\/h3>\n<p>Hyppige inspeksjoner er avgj\u00f8rende for \u00e5 oppdage tidlige tegn p\u00e5 slitasje eller skade. Overv\u00e5king av tilstanden til tetninger, slanger og koblinger bidrar til \u00e5 forhindre kostbare reparasjoner og forlenger utstyrets totale levetid.<\/p>\n<\/li>\n<li>\n<h3>Riktig sm\u00f8ring<\/h3>\n<p>Riktig sm\u00f8ring er viktig for \u00e5 redusere friksjon og slitasje p\u00e5 bevegelige deler. S\u00f8rg for at alle sm\u00f8repunkter er tilgjengelige, og bruk anbefalt hydraulikkolje for \u00e5 opprettholde problemfri drift.<\/p>\n<\/li>\n<li>\n<h3>Utskifting av tetning<\/h3>\n<p>Regelmessig utskifting av tetninger er n\u00f8dvendig for \u00e5 forhindre lekkasjer og opprettholde hydraulisk effektivitet. Etabler en rutinemessig plan for kontroll og utskifting av slitte tetninger for \u00e5 sikre optimal ytelse.<\/p>\n<\/li>\n<\/ul>\n<p><img decoding=\"async\" src=\"https:\/\/www.hydraulic-cylinders.net\/wp-content\/uploads\/2025\/04\/songte-chushion-collar.webp\" alt=\"Bom sylinder pute krage\"><\/p>\n<h2>Sikkerhetshensyn og milj\u00f8faktorer<\/h2>\n<p>N\u00e5r man bruker bomsylindere, er det viktig \u00e5 f\u00f8lge sikkerhetstiltakene for \u00e5 forhindre ulykker p\u00e5 arbeidsplassen. Operat\u00f8rer b\u00f8r f\u00e5 oppl\u00e6ring i riktig h\u00e5ndtering og drift av maskiner utstyrt med hydrauliske systemer. I tillegg er regelmessige vedlikeholdskontroller viktige for \u00e5 sikre at alle komponenter fungerer riktig og trygt. Milj\u00f8hensyn b\u00f8r ikke overses, da riktig avhending av hydrauliske v\u00e6sker og slitte komponenter er avgj\u00f8rende for \u00e5 minimere \u00f8kologiske p\u00e5virkninger.<\/p>\n<h2>Feildiagnose og vanlige problemer<\/h2>\n<ul>\n<li>\n<h3>Lekkasje<\/h3>\n<p>Lekkasje kan oppst\u00e5 p\u00e5 grunn av slitte pakninger eller skadede koblinger. Inspiser pakningene regelmessig og skift dem ut etter behov for \u00e5 forhindre v\u00e6sketap.<\/p>\n<\/li>\n<li>\n<h3>Redusert ytelse<\/h3>\n<p>Hvis sylinderen ikke reagerer tilstrekkelig, kan det tyde p\u00e5 lavt hydraulikkv\u00e6skeniv\u00e5 eller luft i systemet. Kontroller v\u00e6skeniv\u00e5ene og luft systemet for \u00e5 fjerne eventuelle luftlommer.<\/p>\n<\/li>\n<li>\n<h3>Merkelige lyder<\/h3>\n<p>Uvanlige lyder under drift kan v\u00e6re tegn p\u00e5 indre skader eller mangel p\u00e5 sm\u00f8ring. Unders\u00f8k kilden til lyden og utf\u00f8r n\u00f8dvendige reparasjoner eller sm\u00f8ring.<\/p>\n<\/li>\n<\/ul>\n<p>For \u00e5 redusere potensielle problemer, implementer forebyggende vedlikeholdstiltak, inspiser ofte og bytt ut slitte komponenter raskt. Denne proaktive tiln\u00e6rmingen vil bidra til \u00e5 opprettholde p\u00e5liteligheten til det hydrauliske systemet.<\/p>\n<p><img decoding=\"async\" src=\"https:\/\/www.hydraulic-cylinders.net\/wp-content\/uploads\/2025\/04\/songte-bushings-with-all-kinds-of-excavator-models.webp\" alt=\"Hydrauliske sylinderforinger\"><\/p>\n<h2>Om selskapet v\u00e5rt<\/h2>\n<p>Vi er en ledende produsent av hydrauliske sylindere for utskifting, og tilbyr et bredt spekter av produkter som dekker b\u00e5de innenlandske og internasjonale markeder. V\u00e5r forpliktelse til kvalitet er tydelig gjennom v\u00e5re raffinerte produksjonsstrategier og industrielle produksjonsstyring. Med en dyktig arbeidsstyrke, avansert digitalt produksjonsutstyr og et robust testsystem forbedrer vi kontinuerlig v\u00e5re produksjonsplattformer. V\u00e5re prinsipper er sentrert rundt h\u00f8y effektivitet, presisjon og kvalitet, noe som gj\u00f8r oss i stand til \u00e5 m\u00f8te de ulike behovene til v\u00e5re kunder.<\/p>\n<p><img decoding=\"async\" src=\"https:\/\/www.hydraulic-cylinders.net\/wp-content\/uploads\/2025\/04\/songte-company-4.webp\" alt=\"Selskapsoversikt\"><br \/>\n<img decoding=\"async\" src=\"https:\/\/www.hydraulic-cylinders.net\/wp-content\/uploads\/2025\/04\/songte-company-3.webp\" alt=\"Selskapets fasiliteter\"><\/p>\n<p>V\u00e5rt firma er stolt av profesjonalitet, internasjonale sertifiseringer, tilpassede tjenester, toppmoderne produksjonsutstyr og eksepsjonell ettersalgsst\u00f8tte. Vi er dedikert til \u00e5 tilby de beste l\u00f8sningene for behovene til hydrauliske sylindere.<\/p>\n<p>Forfatter: lyl<\/p>","protected":false},"excerpt":{"rendered":"<p>Boom Cylinder For Hengte Wheel Excavator HTL135 Introduction to Boom Cylinders The boom cylinder is a vital component in hydraulic systems, specifically designed for controlling the movements of the bucket in heavy machinery like excavators, backhoes, and front loaders. This hydraulic cylinder allows the bucket to lift, lower, and tilt, facilitating the efficient handling of [&hellip;]<\/p>","protected":false},"featured_media":17872,"comment_status":"open","ping_status":"closed","template":"","meta":{"_et_pb_use_builder":"","_et_pb_old_content":"","_et_gb_content_width":""},"product_brand":[],"product_cat":[1546],"product_tag":[1547,1496],"class_list":{"0":"post-19714","1":"product","2":"type-product","3":"status-publish","4":"has-post-thumbnail","6":"product_cat-boom-cylinders","7":"product_tag-boom-cylinders","8":"product_tag-hydraulic-cylinders","10":"first","11":"instock","12":"shipping-taxable","13":"product-type-simple"},"amp_enabled":true,"_links":{"self":[{"href":"https:\/\/www.hydraulic-cylinders.net\/nb\/wp-json\/wp\/v2\/product\/19714","targetHints":{"allow":["GET"]}}],"collection":[{"href":"https:\/\/www.hydraulic-cylinders.net\/nb\/wp-json\/wp\/v2\/product"}],"about":[{"href":"https:\/\/www.hydraulic-cylinders.net\/nb\/wp-json\/wp\/v2\/types\/product"}],"replies":[{"embeddable":true,"href":"https:\/\/www.hydraulic-cylinders.net\/nb\/wp-json\/wp\/v2\/comments?post=19714"}],"wp:featuredmedia":[{"embeddable":true,"href":"https:\/\/www.hydraulic-cylinders.net\/nb\/wp-json\/wp\/v2\/media\/17872"}],"wp:attachment":[{"href":"https:\/\/www.hydraulic-cylinders.net\/nb\/wp-json\/wp\/v2\/media?parent=19714"}],"wp:term":[{"taxonomy":"product_brand","embeddable":true,"href":"https:\/\/www.hydraulic-cylinders.net\/nb\/wp-json\/wp\/v2\/product_brand?post=19714"},{"taxonomy":"product_cat","embeddable":true,"href":"https:\/\/www.hydraulic-cylinders.net\/nb\/wp-json\/wp\/v2\/product_cat?post=19714"},{"taxonomy":"product_tag","embeddable":true,"href":"https:\/\/www.hydraulic-cylinders.net\/nb\/wp-json\/wp\/v2\/product_tag?post=19714"}],"curies":[{"name":"wp","href":"https:\/\/api.w.org\/{rel}","templated":true}]}}